{"id":4232,"date":"2024-09-02T07:23:24","date_gmt":"2024-09-02T06:23:24","guid":{"rendered":"https:\/\/sxpowercase.com\/?post_type=product&#038;p=4232"},"modified":"2024-09-02T07:23:35","modified_gmt":"2024-09-02T06:23:35","slug":"road-case-brace","status":"publish","type":"product","link":"https:\/\/sxflightcase.com\/pt\/produto\/suporte-de-caixa-de-estrada\/","title":{"rendered":"Bra\u00e7adeira para malas de estrada CLB103"},"content":{"rendered":"<h3>Reforce as suas malas de viagem com o SX Road Case Brace<\/h3>\n<p>Quando se transporta equipamento valioso, a \u00faltima coisa que se quer \u00e9 que este se danifique devido a uma prote\u00e7\u00e3o inadequada. A SX oferece uma solu\u00e7\u00e3o duradoura e econ\u00f3mica com as nossas <a href=\"https:\/\/sxpowercase.com\/product\/flight-case-brace-clb102\/\"><strong>Bra\u00e7adeira de mala de estrada<\/strong><\/a>A caixa de prote\u00e7\u00e3o para ve\u00edculos pesados, concebida para proporcionar um refor\u00e7o adicional \u00e0s suas malas de estrada. Na SX, acreditamos em oferecer qualidade e fiabilidade a pre\u00e7os diretos de f\u00e1brica, garantindo que obt\u00e9m o melhor valor para o seu investimento.<\/p>\n<h3>Durabilidade que perdura<\/h3>\n<p>O <strong>Bra\u00e7adeira de mala de estrada<\/strong> de <a title=\"SX\" href=\"https:\/\/sxpowercase.com\/\" target=\"_blank\" rel=\"noopener\" data-wpil-monitor-id=\"704\">SX<\/a> \u00e9 fabricado com materiais de alta qualidade que podem suportar os rigores das viagens. Quer as suas malas sejam sujeitas a um manuseamento frequente ou a um transporte de longa dist\u00e2ncia, o nosso suporte garante que as suas malas de viagem permanecem intactas e seguras. A resist\u00eancia e a durabilidade dos nossos suportes proporcionam paz de esp\u00edrito, sabendo que o seu equipamento est\u00e1 protegido mesmo nas condi\u00e7\u00f5es mais exigentes. Confie na SX para fornecer produtos que s\u00e3o constru\u00eddos para durar sem comprometer a qualidade.<\/p>\n<h3>Garantia de qualidade a pre\u00e7os diretos de f\u00e1brica<\/h3>\n<p>A SX est\u00e1 empenhada em fornecer produtos de alta qualidade diretamente da f\u00e1brica. Isto significa que beneficia de poupan\u00e7as de custos significativas sem sacrificar a qualidade dos seus produtos. <strong>Bra\u00e7adeira de mala de estrada<\/strong>. A nossa abordagem direta da f\u00e1brica permite-nos manter controlos de qualidade rigorosos, assegurando que todas as bra\u00e7adeiras cumprem os nossos elevados padr\u00f5es. N\u00e3o tem de gastar demasiado para obter o refor\u00e7o de que as suas malas de estrada necessitam; a SX torna a prote\u00e7\u00e3o de topo acess\u00edvel.<\/p>\n<h3>Adaptado \u00e0s suas necessidades<\/h3>\n<p>Cada caso de estrada \u00e9 diferente e, na SX, reconhecemos a necessidade de flexibilidade. \u00c9 por isso que os nossos <strong>Bra\u00e7adeira de mala de estrada<\/strong> est\u00e1 dispon\u00edvel em v\u00e1rios tamanhos e configura\u00e7\u00f5es, permitindo-lhe escolher a op\u00e7\u00e3o que melhor se adapta \u00e0s suas necessidades. Quer necessite de uma bra\u00e7adeira padr\u00e3o ou de uma solu\u00e7\u00e3o personalizada, a SX fornece op\u00e7\u00f5es que satisfazem as suas necessidades espec\u00edficas - tudo a pre\u00e7os competitivos. O nosso objetivo \u00e9 oferecer produtos que n\u00e3o s\u00f3 satisfa\u00e7am como excedam as suas expectativas.<\/p>\n<h3>A confian\u00e7a dos profissionais<\/h3>\n<p>A SX tornou-se um nome de confian\u00e7a entre os profissionais que confiam na boa prote\u00e7\u00e3o do seu equipamento. Os nossos <strong>Bra\u00e7adeira de mala de estrada<\/strong> \u00e9 preferida pelos profissionais das ind\u00fastrias do entretenimento, da radiodifus\u00e3o e dos eventos pela sua robustez e fiabilidade. Quando escolhe a SX, est\u00e1 a escolher uma marca que compreende a import\u00e2ncia de manter o seu equipamento s\u00e3o e salvo durante o transporte.<\/p>\n<h3>Porqu\u00ea escolher a SX?<\/h3>\n<p>Na SX, combinamos qualidade, acessibilidade e facilidade de utiliza\u00e7\u00e3o nas nossas <strong>Bra\u00e7adeira de mala de estrada<\/strong>. O nosso compromisso com as vendas diretas \u00e0 f\u00e1brica significa que recebe um produto de alta qualidade a um pre\u00e7o baixo, beneficiando simultaneamente dos nossos rigorosos processos de garantia de qualidade. Quando se trata de refor\u00e7ar as suas malas de estrada, a SX \u00e9 a escolha inteligente para profissionais que exigem o melhor a um pre\u00e7o que faz sentido. Proteja o seu equipamento com SX e experimente a diferen\u00e7a que a qualidade faz.<\/p>\n<p>Contactar agora:<span style=\"color: #0000ff;\"><a style=\"color: #0000ff;\" href=\"https:\/\/sxpowercase.com\/contact-us\/\">https:\/\/sxpowercase.com\/<\/a><\/span><\/p>\n<p>Cat\u00e1logo de produtos de hardware\uff1a<span style=\"color: #3366ff;\"><a style=\"color: #3366ff;\" href=\"https:\/\/sxpowercase.com\/wp-content\/uploads\/2024\/07\/\u4e94\u91d1.pdf\">Cat\u00e1logo de acess\u00f3rios de ferragens<\/a><\/span><\/p>","protected":false},"excerpt":{"rendered":"<div class=\"flex max-w-full flex-col flex-grow\">\n<div class=\"min-h-[20px] text-message flex w-full flex-col items-end gap-2 break-words [.text-message+&amp;]:mt-5 overflow-x-auto whitespace-normal\" dir=\"auto\" data-message-author-role=\"assistant\" data-message-id=\"60de0853-cc30-4040-89ae-7656540583ea\">\n<div class=\"flex w-full flex-col gap-1 empty:hidden first:pt-[3px]\">\n<div class=\"markdown prose w-full break-words dark:prose-invert light\">\n<h3>SX Road Case Brace: Affordable, Durable Protection<\/h3>\n<p>Ensure your road cases are secure with SX\u2019s high-grade braces, designed to withstand the toughest travel conditions. Quality and durability at factory-direct prices.<\/p>\n<h3>Reinforce Your Road Cases with SX Braces<\/h3>\n<p>SX offers robust, reliable road case braces that protect your valuable gear during transport. Benefit from customizable options and unbeatable value.<\/p>\n<h3>Trusted by Professionals: SX Road Case Brace<\/h3>\n<p>Favored by industry experts, SX\u2019s Road Case Brace provides top-tier reinforcement at low costs. Choose SX for dependable protection and peace of mind.<\/p>\n<\/div>\n<\/div>\n<\/div>\n<\/div>\n","protected":false},"featured_media":4192,"comment_status":"open","ping_status":"closed","template":"","meta":[],"product_brand":[],"product_cat":[64],"product_tag":[],"class_list":{"0":"post-4232","1":"product","2":"type-product","3":"status-publish","4":"has-post-thumbnail","6":"product_cat-clamps","8":"first","9":"instock","10":"shipping-taxable","11":"product-type-simple"},"yoast_head":"<!-- This site is optimized with the Yoast SEO Premium plugin v27.1 (Yoast SEO v27.2) - https:\/\/yoast.com\/product\/yoast-seo-premium-wordpress\/ -->\n<title>Road Case Brace CLB103 - https:\/\/sxflightcase.com \ud83d\udc97<\/title>\n<meta name=\"description\" content=\"Road case brace, factory direct! High-quality, durable braces designed to reinforce and secure road case panels and corners. Ideal for ensuring stability and protection during heavy-duty transport.\" \/>\n<meta name=\"robots\" content=\"index, follow, max-snippet:-1, max-image-preview:large, max-video-preview:-1\" \/>\n<link rel=\"canonical\" href=\"https:\/\/sxflightcase.com\/pt\/produto\/suporte-de-caixa-de-estrada\/\" \/>\n<meta property=\"og:locale\" content=\"pt_PT\" \/>\n<meta property=\"og:type\" content=\"article\" \/>\n<meta property=\"og:title\" content=\"Road Case Brace CLB103\" \/>\n<meta property=\"og:description\" content=\"Road case brace, factory direct! High-quality, durable braces designed to reinforce and secure road case panels and corners. Ideal for ensuring stability and protection during heavy-duty transport.\" \/>\n<meta property=\"og:url\" content=\"https:\/\/sxflightcase.com\/pt\/produto\/suporte-de-caixa-de-estrada\/\" \/>\n<meta property=\"og:site_name\" content=\"https:\/\/sxflightcase.com\" \/>\n<meta property=\"article:publisher\" content=\"https:\/\/www.facebook.com\/profile.php?id=61560407257971\" \/>\n<meta property=\"article:modified_time\" content=\"2024-09-02T06:23:35+00:00\" \/>\n<meta property=\"og:image\" content=\"https:\/\/sxflightcase.com\/wp-content\/uploads\/2024\/08\/CLB103.jpg\" \/>\n\t<meta property=\"og:image:width\" content=\"700\" \/>\n\t<meta property=\"og:image:height\" content=\"700\" \/>\n\t<meta property=\"og:image:type\" content=\"image\/jpeg\" \/>\n<meta name=\"twitter:card\" content=\"summary_large_image\" \/>\n<meta name=\"twitter:label1\" content=\"Tempo estimado de leitura\" \/>\n\t<meta name=\"twitter:data1\" content=\"3 minutos\" \/>\n<script type=\"application\/ld+json\" class=\"yoast-schema-graph\">{\"@context\":\"https:\/\/schema.org\",\"@graph\":[{\"@type\":\"WebPage\",\"@id\":\"https:\/\/sxflightcase.com\/product\/road-case-brace\/\",\"url\":\"https:\/\/sxflightcase.com\/product\/road-case-brace\/\",\"name\":\"Road Case Brace CLB103 - https:\/\/sxflightcase.com \ud83d\udc97\",\"isPartOf\":{\"@id\":\"https:\/\/sxflightcase.com\/th\/#website\"},\"primaryImageOfPage\":{\"@id\":\"https:\/\/sxflightcase.com\/product\/road-case-brace\/#primaryimage\"},\"image\":{\"@id\":\"https:\/\/sxflightcase.com\/product\/road-case-brace\/#primaryimage\"},\"thumbnailUrl\":\"https:\/\/sxflightcase.com\/wp-content\/uploads\/2024\/08\/CLB103.jpg\",\"datePublished\":\"2024-09-02T06:23:24+00:00\",\"dateModified\":\"2024-09-02T06:23:35+00:00\",\"description\":\"Road case brace, factory direct! High-quality, durable braces designed to reinforce and secure road case panels and corners. Ideal for ensuring stability and protection during heavy-duty transport.\",\"breadcrumb\":{\"@id\":\"https:\/\/sxflightcase.com\/product\/road-case-brace\/#breadcrumb\"},\"inLanguage\":\"pt-PT\",\"potentialAction\":[{\"@type\":\"ReadAction\",\"target\":[\"https:\/\/sxflightcase.com\/product\/road-case-brace\/\"]}]},{\"@type\":\"ImageObject\",\"inLanguage\":\"pt-PT\",\"@id\":\"https:\/\/sxflightcase.com\/product\/road-case-brace\/#primaryimage\",\"url\":\"https:\/\/sxflightcase.com\/wp-content\/uploads\/2024\/08\/CLB103.jpg\",\"contentUrl\":\"https:\/\/sxflightcase.com\/wp-content\/uploads\/2024\/08\/CLB103.jpg\",\"width\":700,\"height\":700,\"caption\":\"Road Case Brace\"},{\"@type\":\"BreadcrumbList\",\"@id\":\"https:\/\/sxflightcase.com\/product\/road-case-brace\/#breadcrumb\",\"itemListElement\":[{\"@type\":\"ListItem\",\"position\":1,\"name\":\"Home\",\"item\":\"https:\/\/sxflightcase.com\/\"},{\"@type\":\"ListItem\",\"position\":2,\"name\":\"\u0e2a\u0e34\u0e19\u0e04\u0e49\u0e32\",\"item\":\"https:\/\/sxflightcase.com\/th\/shop\/\"},{\"@type\":\"ListItem\",\"position\":3,\"name\":\"Road Case Brace CLB103\"}]},{\"@type\":\"WebSite\",\"@id\":\"https:\/\/sxflightcase.com\/th\/#website\",\"url\":\"https:\/\/sxflightcase.com\/th\/\",\"name\":\"sxpowercase.com\",\"description\":\"Flight Case Factory\",\"publisher\":{\"@id\":\"https:\/\/sxflightcase.com\/th\/#organization\"},\"potentialAction\":[{\"@type\":\"SearchAction\",\"target\":{\"@type\":\"EntryPoint\",\"urlTemplate\":\"https:\/\/sxflightcase.com\/th\/?s={search_term_string}\"},\"query-input\":{\"@type\":\"PropertyValueSpecification\",\"valueRequired\":true,\"valueName\":\"search_term_string\"}}],\"inLanguage\":\"pt-PT\"},{\"@type\":\"Organization\",\"@id\":\"https:\/\/sxflightcase.com\/th\/#organization\",\"name\":\"sxpowercase.com\",\"url\":\"https:\/\/sxflightcase.com\/th\/\",\"logo\":{\"@type\":\"ImageObject\",\"inLanguage\":\"pt-PT\",\"@id\":\"https:\/\/sxflightcase.com\/th\/#\/schema\/logo\/image\/\",\"url\":\"https:\/\/sxflightcase.com\/wp-content\/uploads\/2024\/04\/1713919036007.jpg\",\"contentUrl\":\"https:\/\/sxflightcase.com\/wp-content\/uploads\/2024\/04\/1713919036007.jpg\",\"width\":382,\"height\":388,\"caption\":\"sxpowercase.com\"},\"image\":{\"@id\":\"https:\/\/sxflightcase.com\/th\/#\/schema\/logo\/image\/\"},\"sameAs\":[\"https:\/\/www.facebook.com\/profile.php?id=61560407257971\"],\"numberOfEmployees\":{\"@type\":\"QuantitativeValue\",\"minValue\":\"11\",\"maxValue\":\"50\"}}]}<\/script>\n<!-- \/ Yoast SEO Premium plugin. -->","yoast_head_json":{"title":"Road Case Brace CLB103 - https:\/\/sxflightcase.com \ud83d\udc97","description":"Suporte de road case, direto da f\u00e1brica! Bra\u00e7adeiras de alta qualidade e duradouras, concebidas para refor\u00e7ar e fixar os pain\u00e9is e cantos das malas de viagem. Ideais para garantir estabilidade e prote\u00e7\u00e3o durante o transporte de cargas pesadas.","robots":{"index":"index","follow":"follow","max-snippet":"max-snippet:-1","max-image-preview":"max-image-preview:large","max-video-preview":"max-video-preview:-1"},"canonical":"https:\/\/sxflightcase.com\/pt\/produto\/suporte-de-caixa-de-estrada\/","og_locale":"pt_PT","og_type":"article","og_title":"Road Case Brace CLB103","og_description":"Road case brace, factory direct! High-quality, durable braces designed to reinforce and secure road case panels and corners. Ideal for ensuring stability and protection during heavy-duty transport.","og_url":"https:\/\/sxflightcase.com\/pt\/produto\/suporte-de-caixa-de-estrada\/","og_site_name":"https:\/\/sxflightcase.com","article_publisher":"https:\/\/www.facebook.com\/profile.php?id=61560407257971","article_modified_time":"2024-09-02T06:23:35+00:00","og_image":[{"width":700,"height":700,"url":"https:\/\/sxflightcase.com\/wp-content\/uploads\/2024\/08\/CLB103.jpg","type":"image\/jpeg"}],"twitter_card":"summary_large_image","twitter_misc":{"Tempo estimado de leitura":"3 minutos"},"schema":{"@context":"https:\/\/schema.org","@graph":[{"@type":"WebPage","@id":"https:\/\/sxflightcase.com\/product\/road-case-brace\/","url":"https:\/\/sxflightcase.com\/product\/road-case-brace\/","name":"Road Case Brace CLB103 - https:\/\/sxflightcase.com \ud83d\udc97","isPartOf":{"@id":"https:\/\/sxflightcase.com\/th\/#website"},"primaryImageOfPage":{"@id":"https:\/\/sxflightcase.com\/product\/road-case-brace\/#primaryimage"},"image":{"@id":"https:\/\/sxflightcase.com\/product\/road-case-brace\/#primaryimage"},"thumbnailUrl":"https:\/\/sxflightcase.com\/wp-content\/uploads\/2024\/08\/CLB103.jpg","datePublished":"2024-09-02T06:23:24+00:00","dateModified":"2024-09-02T06:23:35+00:00","description":"Suporte de road case, direto da f\u00e1brica! Bra\u00e7adeiras de alta qualidade e duradouras, concebidas para refor\u00e7ar e fixar os pain\u00e9is e cantos das malas de viagem. Ideais para garantir estabilidade e prote\u00e7\u00e3o durante o transporte de cargas pesadas.","breadcrumb":{"@id":"https:\/\/sxflightcase.com\/product\/road-case-brace\/#breadcrumb"},"inLanguage":"pt-PT","potentialAction":[{"@type":"ReadAction","target":["https:\/\/sxflightcase.com\/product\/road-case-brace\/"]}]},{"@type":"ImageObject","inLanguage":"pt-PT","@id":"https:\/\/sxflightcase.com\/product\/road-case-brace\/#primaryimage","url":"https:\/\/sxflightcase.com\/wp-content\/uploads\/2024\/08\/CLB103.jpg","contentUrl":"https:\/\/sxflightcase.com\/wp-content\/uploads\/2024\/08\/CLB103.jpg","width":700,"height":700,"caption":"Road Case Brace"},{"@type":"BreadcrumbList","@id":"https:\/\/sxflightcase.com\/product\/road-case-brace\/#breadcrumb","itemListElement":[{"@type":"ListItem","position":1,"name":"Home","item":"https:\/\/sxflightcase.com\/"},{"@type":"ListItem","position":2,"name":"\u0e2a\u0e34\u0e19\u0e04\u0e49\u0e32","item":"https:\/\/sxflightcase.com\/th\/shop\/"},{"@type":"ListItem","position":3,"name":"Road Case Brace CLB103"}]},{"@type":"WebSite","@id":"https:\/\/sxflightcase.com\/th\/#website","url":"https:\/\/sxflightcase.com\/th\/","name":"sxpowercase.com","description":"F\u00e1brica de malas de voo","publisher":{"@id":"https:\/\/sxflightcase.com\/th\/#organization"},"potentialAction":[{"@type":"SearchAction","target":{"@type":"EntryPoint","urlTemplate":"https:\/\/sxflightcase.com\/th\/?s={search_term_string}"},"query-input":{"@type":"PropertyValueSpecification","valueRequired":true,"valueName":"search_term_string"}}],"inLanguage":"pt-PT"},{"@type":"Organization","@id":"https:\/\/sxflightcase.com\/th\/#organization","name":"sxpowercase.com","url":"https:\/\/sxflightcase.com\/th\/","logo":{"@type":"ImageObject","inLanguage":"pt-PT","@id":"https:\/\/sxflightcase.com\/th\/#\/schema\/logo\/image\/","url":"https:\/\/sxflightcase.com\/wp-content\/uploads\/2024\/04\/1713919036007.jpg","contentUrl":"https:\/\/sxflightcase.com\/wp-content\/uploads\/2024\/04\/1713919036007.jpg","width":382,"height":388,"caption":"sxpowercase.com"},"image":{"@id":"https:\/\/sxflightcase.com\/th\/#\/schema\/logo\/image\/"},"sameAs":["https:\/\/www.facebook.com\/profile.php?id=61560407257971"],"numberOfEmployees":{"@type":"QuantitativeValue","minValue":"11","maxValue":"50"}}]}},"_links":{"self":[{"href":"https:\/\/sxflightcase.com\/pt\/wp-json\/wp\/v2\/product\/4232","targetHints":{"allow":["GET"]}}],"collection":[{"href":"https:\/\/sxflightcase.com\/pt\/wp-json\/wp\/v2\/product"}],"about":[{"href":"https:\/\/sxflightcase.com\/pt\/wp-json\/wp\/v2\/types\/product"}],"replies":[{"embeddable":true,"href":"https:\/\/sxflightcase.com\/pt\/wp-json\/wp\/v2\/comments?post=4232"}],"version-history":[{"count":0,"href":"https:\/\/sxflightcase.com\/pt\/wp-json\/wp\/v2\/product\/4232\/revisions"}],"wp:featuredmedia":[{"embeddable":true,"href":"https:\/\/sxflightcase.com\/pt\/wp-json\/wp\/v2\/media\/4192"}],"wp:attachment":[{"href":"https:\/\/sxflightcase.com\/pt\/wp-json\/wp\/v2\/media?parent=4232"}],"wp:term":[{"taxonomy":"product_brand","embeddable":true,"href":"https:\/\/sxflightcase.com\/pt\/wp-json\/wp\/v2\/product_brand?post=4232"},{"taxonomy":"product_cat","embeddable":true,"href":"https:\/\/sxflightcase.com\/pt\/wp-json\/wp\/v2\/product_cat?post=4232"},{"taxonomy":"product_tag","embeddable":true,"href":"https:\/\/sxflightcase.com\/pt\/wp-json\/wp\/v2\/product_tag?post=4232"}],"curies":[{"name":"wp","href":"https:\/\/api.w.org\/{rel}","templated":true}]}}