{"id":4234,"date":"2024-09-02T07:37:21","date_gmt":"2024-09-02T06:37:21","guid":{"rendered":"https:\/\/sxpowercase.com\/?post_type=product&#038;p=4234"},"modified":"2024-09-02T07:37:22","modified_gmt":"2024-09-02T06:37:22","slug":"flight-case-clamps-clb202","status":"publish","type":"product","link":"https:\/\/sxflightcase.com\/pt\/produto\/bracadeiras-para-caixas-de-transporte-clb202\/","title":{"rendered":"Abra\u00e7adeiras para caixas de transporte CLB202"},"content":{"rendered":"<h3>Bra\u00e7adeiras para malas de voo de qualidade superior da SX<\/h3>\n<p>Quando se trata de proteger as suas malas de voo, a qualidade \u00e9 essencial. Na SX, oferecemos<a href=\"https:\/\/sxpowercase.com\/product\/road-case-brace-clb201\/\"> <strong>Bra\u00e7adeiras para caixas de transporte<\/strong><\/a> concebidas para proporcionar um suporte fi\u00e1vel e uma durabilidade duradoura. As nossas pin\u00e7as s\u00e3o fabricadas com precis\u00e3o para garantir que o seu valioso equipamento permanece protegido durante o transporte. Com <a href=\"https:\/\/sxpowercase.com\/\" target=\"_blank\" rel=\"noopener\" title=\"SX\" data-wpil-monitor-id=\"706\">SX<\/a>Com o produto, obt\u00e9m-se um equil\u00edbrio perfeito entre qualidade de topo e pre\u00e7o acess\u00edvel.<\/p>\n<h3>Constru\u00eddo para m\u00e1xima prote\u00e7\u00e3o e durabilidade<\/h3>\n<p>SX's <strong>Bra\u00e7adeiras para caixas de transporte<\/strong> s\u00e3o constru\u00eddas com os mais elevados padr\u00f5es em mente. Quer seja um profissional em digress\u00e3o, organizador de eventos ou simplesmente precise de manter o seu equipamento seguro, os nossos grampos s\u00e3o a escolha ideal. Fabricadas com materiais resistentes e duradouros, foram concebidas para suportar uma utiliza\u00e7\u00e3o intensiva, mantendo as suas malas bem fechadas. Isto significa que o seu equipamento chegar\u00e1 em seguran\u00e7a, independentemente da dureza da viagem.<\/p>\n<h3>Vendas diretas da f\u00e1brica a pre\u00e7os imbat\u00edveis<\/h3>\n<p>Uma das carater\u00edsticas de destaque da SX \u00e9 o nosso compromisso com as vendas diretas \u00e0 f\u00e1brica. Ao eliminar o intermedi\u00e1rio, oferecemos <strong>Bra\u00e7adeiras para caixas de transporte<\/strong> a pre\u00e7os dif\u00edceis de bater. A nossa abordagem direta ao consumidor garante que obt\u00e9m o melhor valor pelo seu dinheiro, sem sacrificar a qualidade. Quando compra \u00e0 SX, n\u00e3o est\u00e1 apenas a obter pre\u00e7os baixos - est\u00e1 tamb\u00e9m a obter a garantia de que cada bra\u00e7adeira \u00e9 fabricada de acordo com os mais elevados padr\u00f5es.<\/p>\n<h3>Controlo de qualidade rigoroso para um desempenho fi\u00e1vel<\/h3>\n<p>Para al\u00e9m dos nossos pre\u00e7os competitivos, a SX garante a qualidade de todos os produtos que vende. A nossa <strong>Bra\u00e7adeiras para caixas de transporte<\/strong> s\u00e3o submetidos a rigorosos processos de controlo de qualidade para garantir que cumprem as nossas normas rigorosas. Isto significa que pode confiar que cada bra\u00e7adeira que comprar ter\u00e1 um desempenho fi\u00e1vel ao longo do tempo, proporcionando-lhe a tranquilidade que merece.<\/p>\n<h3>Satisfa\u00e7\u00e3o do cliente garantida<\/h3>\n<p>Na SX, compreendemos a import\u00e2ncia da satisfa\u00e7\u00e3o do cliente. \u00c9 por isso que oferecemos n\u00e3o s\u00f3 pre\u00e7os acess\u00edveis, mas tamb\u00e9m uma garantia de satisfa\u00e7\u00e3o em todas as nossas <strong>Bra\u00e7adeiras para caixas de transporte<\/strong>. Defendemos a durabilidade e o desempenho dos nossos produtos, e a nossa equipa est\u00e1 sempre pronta para o ajudar com quaisquer quest\u00f5es ou preocupa\u00e7\u00f5es.<\/p>\n<h3>Confie na SX para todas as suas necessidades de malas de voo<\/h3>\n<p>Escolher a SX significa escolher uma marca que valoriza as suas necessidades. Quer esteja a equipar um novo conjunto de caixas ou a substituir hardware antigo, os nossos <strong>Bra\u00e7adeira de caixa de transporte<\/strong>\u00a0fornecem a resist\u00eancia e a fiabilidade de que necessita. Descubra porque \u00e9 que os profissionais de todo o mundo confiam na SX para as suas necessidades de caixas de voo e tire partido dos nossos imbat\u00edveis pre\u00e7os diretos da f\u00e1brica.<\/p>\n<p>Contactar agora:<span style=\"color: #0000ff;\"><a style=\"color: #0000ff;\" href=\"https:\/\/sxpowercase.com\/contact-us\/\">https:\/\/sxpowercase.com\/<\/a><\/span><\/p>\n<p>Cat\u00e1logo de produtos de hardware\uff1a<span style=\"color: #3366ff;\"><a style=\"color: #3366ff;\" href=\"https:\/\/sxpowercase.com\/wp-content\/uploads\/2024\/07\/\u4e94\u91d1.pdf\">Cat\u00e1logo de acess\u00f3rios de ferragens<\/a><\/span><\/p>","protected":false},"excerpt":{"rendered":"<div class=\"flex max-w-full flex-col flex-grow\">\n<div class=\"min-h-[20px] text-message flex w-full flex-col items-end gap-2 break-words [.text-message+&amp;]:mt-5 overflow-x-auto whitespace-normal\" dir=\"auto\" data-message-author-role=\"assistant\" data-message-id=\"d91c7d02-28cb-40d5-842f-74035d9988ba\">\n<div class=\"flex w-full flex-col gap-1 empty:hidden first:pt-[3px]\">\n<div class=\"markdown prose w-full break-words dark:prose-invert light\">\n<h3>SX Flight Case Clamps: Top-Quality Protection at Affordable Prices<\/h3>\n<p>Secure your gear with SX\u2019s durable Flight Case Clamps, designed for maximum protection during transport. Enjoy factory-direct pricing without sacrificing quality.<\/p>\n<h3>Reliable Flight Case Clamps by SX<\/h3>\n<p>SX offers precision-crafted Flight Case Clamps that ensure your equipment stays safe. Trusted by professionals, our clamps deliver long-lasting performance.<\/p>\n<h3>Factory-Direct Savings with SX Flight Case Clamps<\/h3>\n<p>Get premium Flight Case Clamps at unbeatable prices from SX. Our commitment to quality control guarantees reliable, durable protection for your gear.<\/p>\n<\/div>\n<\/div>\n<\/div>\n<\/div>\n","protected":false},"featured_media":4194,"comment_status":"open","ping_status":"closed","template":"","meta":[],"product_brand":[],"product_cat":[64],"product_tag":[],"class_list":{"0":"post-4234","1":"product","2":"type-product","3":"status-publish","4":"has-post-thumbnail","6":"product_cat-clamps","8":"first","9":"instock","10":"shipping-taxable","11":"product-type-simple"},"yoast_head":"<!-- This site is optimized with the Yoast SEO Premium plugin v27.1 (Yoast SEO v27.2) - https:\/\/yoast.com\/product\/yoast-seo-premium-wordpress\/ -->\n<title>Flight Case Clamps CLB202 - https:\/\/sxflightcase.com \ud83d\udc97<\/title>\n<meta name=\"description\" content=\"Flight case clamps, factory direct! High-quality, durable clamps designed for securely assembling and reinforcing flight case panels and corners. Perfect for ensuring long-lasting protection and stability.\" \/>\n<meta name=\"robots\" content=\"index, follow, max-snippet:-1, max-image-preview:large, max-video-preview:-1\" \/>\n<link rel=\"canonical\" href=\"https:\/\/sxflightcase.com\/pt\/produto\/bracadeiras-para-caixas-de-transporte-clb202\/\" \/>\n<meta property=\"og:locale\" content=\"pt_PT\" \/>\n<meta property=\"og:type\" content=\"article\" \/>\n<meta property=\"og:title\" content=\"Flight Case Clamps CLB202\" \/>\n<meta property=\"og:description\" content=\"Flight case clamps, factory direct! High-quality, durable clamps designed for securely assembling and reinforcing flight case panels and corners. Perfect for ensuring long-lasting protection and stability.\" \/>\n<meta property=\"og:url\" content=\"https:\/\/sxflightcase.com\/pt\/produto\/bracadeiras-para-caixas-de-transporte-clb202\/\" \/>\n<meta property=\"og:site_name\" content=\"https:\/\/sxflightcase.com\" \/>\n<meta property=\"article:publisher\" content=\"https:\/\/www.facebook.com\/profile.php?id=61560407257971\" \/>\n<meta property=\"article:modified_time\" content=\"2024-09-02T06:37:22+00:00\" \/>\n<meta property=\"og:image\" content=\"https:\/\/sxflightcase.com\/wp-content\/uploads\/2024\/08\/CLB202.jpg\" \/>\n\t<meta property=\"og:image:width\" content=\"700\" \/>\n\t<meta property=\"og:image:height\" content=\"700\" \/>\n\t<meta property=\"og:image:type\" content=\"image\/jpeg\" \/>\n<meta name=\"twitter:card\" content=\"summary_large_image\" \/>\n<meta name=\"twitter:label1\" content=\"Tempo estimado de leitura\" \/>\n\t<meta name=\"twitter:data1\" content=\"3 minutos\" \/>\n<script type=\"application\/ld+json\" class=\"yoast-schema-graph\">{\"@context\":\"https:\/\/schema.org\",\"@graph\":[{\"@type\":\"WebPage\",\"@id\":\"https:\/\/sxflightcase.com\/product\/flight-case-clamps-clb202\/\",\"url\":\"https:\/\/sxflightcase.com\/product\/flight-case-clamps-clb202\/\",\"name\":\"Flight Case Clamps CLB202 - https:\/\/sxflightcase.com \ud83d\udc97\",\"isPartOf\":{\"@id\":\"https:\/\/sxflightcase.com\/th\/#website\"},\"primaryImageOfPage\":{\"@id\":\"https:\/\/sxflightcase.com\/product\/flight-case-clamps-clb202\/#primaryimage\"},\"image\":{\"@id\":\"https:\/\/sxflightcase.com\/product\/flight-case-clamps-clb202\/#primaryimage\"},\"thumbnailUrl\":\"https:\/\/sxflightcase.com\/wp-content\/uploads\/2024\/08\/CLB202.jpg\",\"datePublished\":\"2024-09-02T06:37:21+00:00\",\"dateModified\":\"2024-09-02T06:37:22+00:00\",\"description\":\"Flight case clamps, factory direct! High-quality, durable clamps designed for securely assembling and reinforcing flight case panels and corners. Perfect for ensuring long-lasting protection and stability.\",\"breadcrumb\":{\"@id\":\"https:\/\/sxflightcase.com\/product\/flight-case-clamps-clb202\/#breadcrumb\"},\"inLanguage\":\"pt-PT\",\"potentialAction\":[{\"@type\":\"ReadAction\",\"target\":[\"https:\/\/sxflightcase.com\/product\/flight-case-clamps-clb202\/\"]}]},{\"@type\":\"ImageObject\",\"inLanguage\":\"pt-PT\",\"@id\":\"https:\/\/sxflightcase.com\/product\/flight-case-clamps-clb202\/#primaryimage\",\"url\":\"https:\/\/sxflightcase.com\/wp-content\/uploads\/2024\/08\/CLB202.jpg\",\"contentUrl\":\"https:\/\/sxflightcase.com\/wp-content\/uploads\/2024\/08\/CLB202.jpg\",\"width\":700,\"height\":700,\"caption\":\"Flight Case Clamps\"},{\"@type\":\"BreadcrumbList\",\"@id\":\"https:\/\/sxflightcase.com\/product\/flight-case-clamps-clb202\/#breadcrumb\",\"itemListElement\":[{\"@type\":\"ListItem\",\"position\":1,\"name\":\"Home\",\"item\":\"https:\/\/sxflightcase.com\/\"},{\"@type\":\"ListItem\",\"position\":2,\"name\":\"\u0e2a\u0e34\u0e19\u0e04\u0e49\u0e32\",\"item\":\"https:\/\/sxflightcase.com\/th\/shop\/\"},{\"@type\":\"ListItem\",\"position\":3,\"name\":\"Flight Case Clamps CLB202\"}]},{\"@type\":\"WebSite\",\"@id\":\"https:\/\/sxflightcase.com\/th\/#website\",\"url\":\"https:\/\/sxflightcase.com\/th\/\",\"name\":\"sxpowercase.com\",\"description\":\"Flight Case Factory\",\"publisher\":{\"@id\":\"https:\/\/sxflightcase.com\/th\/#organization\"},\"potentialAction\":[{\"@type\":\"SearchAction\",\"target\":{\"@type\":\"EntryPoint\",\"urlTemplate\":\"https:\/\/sxflightcase.com\/th\/?s={search_term_string}\"},\"query-input\":{\"@type\":\"PropertyValueSpecification\",\"valueRequired\":true,\"valueName\":\"search_term_string\"}}],\"inLanguage\":\"pt-PT\"},{\"@type\":\"Organization\",\"@id\":\"https:\/\/sxflightcase.com\/th\/#organization\",\"name\":\"sxpowercase.com\",\"url\":\"https:\/\/sxflightcase.com\/th\/\",\"logo\":{\"@type\":\"ImageObject\",\"inLanguage\":\"pt-PT\",\"@id\":\"https:\/\/sxflightcase.com\/th\/#\/schema\/logo\/image\/\",\"url\":\"https:\/\/sxflightcase.com\/wp-content\/uploads\/2024\/04\/1713919036007.jpg\",\"contentUrl\":\"https:\/\/sxflightcase.com\/wp-content\/uploads\/2024\/04\/1713919036007.jpg\",\"width\":382,\"height\":388,\"caption\":\"sxpowercase.com\"},\"image\":{\"@id\":\"https:\/\/sxflightcase.com\/th\/#\/schema\/logo\/image\/\"},\"sameAs\":[\"https:\/\/www.facebook.com\/profile.php?id=61560407257971\"],\"numberOfEmployees\":{\"@type\":\"QuantitativeValue\",\"minValue\":\"11\",\"maxValue\":\"50\"}}]}<\/script>\n<!-- \/ Yoast SEO Premium plugin. -->","yoast_head_json":{"title":"Flight Case Clamps CLB202 - https:\/\/sxflightcase.com \ud83d\udc97","description":"Abra\u00e7adeiras para malas de viagem, diretas da f\u00e1brica! Grampos de alta qualidade e duradouros concebidos para montar e refor\u00e7ar com seguran\u00e7a os pain\u00e9is e os cantos das malas de viagem. Perfeitas para garantir uma prote\u00e7\u00e3o e estabilidade duradouras.","robots":{"index":"index","follow":"follow","max-snippet":"max-snippet:-1","max-image-preview":"max-image-preview:large","max-video-preview":"max-video-preview:-1"},"canonical":"https:\/\/sxflightcase.com\/pt\/produto\/bracadeiras-para-caixas-de-transporte-clb202\/","og_locale":"pt_PT","og_type":"article","og_title":"Flight Case Clamps CLB202","og_description":"Flight case clamps, factory direct! High-quality, durable clamps designed for securely assembling and reinforcing flight case panels and corners. Perfect for ensuring long-lasting protection and stability.","og_url":"https:\/\/sxflightcase.com\/pt\/produto\/bracadeiras-para-caixas-de-transporte-clb202\/","og_site_name":"https:\/\/sxflightcase.com","article_publisher":"https:\/\/www.facebook.com\/profile.php?id=61560407257971","article_modified_time":"2024-09-02T06:37:22+00:00","og_image":[{"width":700,"height":700,"url":"https:\/\/sxflightcase.com\/wp-content\/uploads\/2024\/08\/CLB202.jpg","type":"image\/jpeg"}],"twitter_card":"summary_large_image","twitter_misc":{"Tempo estimado de leitura":"3 minutos"},"schema":{"@context":"https:\/\/schema.org","@graph":[{"@type":"WebPage","@id":"https:\/\/sxflightcase.com\/product\/flight-case-clamps-clb202\/","url":"https:\/\/sxflightcase.com\/product\/flight-case-clamps-clb202\/","name":"Flight Case Clamps CLB202 - https:\/\/sxflightcase.com \ud83d\udc97","isPartOf":{"@id":"https:\/\/sxflightcase.com\/th\/#website"},"primaryImageOfPage":{"@id":"https:\/\/sxflightcase.com\/product\/flight-case-clamps-clb202\/#primaryimage"},"image":{"@id":"https:\/\/sxflightcase.com\/product\/flight-case-clamps-clb202\/#primaryimage"},"thumbnailUrl":"https:\/\/sxflightcase.com\/wp-content\/uploads\/2024\/08\/CLB202.jpg","datePublished":"2024-09-02T06:37:21+00:00","dateModified":"2024-09-02T06:37:22+00:00","description":"Abra\u00e7adeiras para malas de viagem, diretas da f\u00e1brica! Grampos de alta qualidade e duradouros concebidos para montar e refor\u00e7ar com seguran\u00e7a os pain\u00e9is e os cantos das malas de viagem. Perfeitas para garantir uma prote\u00e7\u00e3o e estabilidade duradouras.","breadcrumb":{"@id":"https:\/\/sxflightcase.com\/product\/flight-case-clamps-clb202\/#breadcrumb"},"inLanguage":"pt-PT","potentialAction":[{"@type":"ReadAction","target":["https:\/\/sxflightcase.com\/product\/flight-case-clamps-clb202\/"]}]},{"@type":"ImageObject","inLanguage":"pt-PT","@id":"https:\/\/sxflightcase.com\/product\/flight-case-clamps-clb202\/#primaryimage","url":"https:\/\/sxflightcase.com\/wp-content\/uploads\/2024\/08\/CLB202.jpg","contentUrl":"https:\/\/sxflightcase.com\/wp-content\/uploads\/2024\/08\/CLB202.jpg","width":700,"height":700,"caption":"Flight Case Clamps"},{"@type":"BreadcrumbList","@id":"https:\/\/sxflightcase.com\/product\/flight-case-clamps-clb202\/#breadcrumb","itemListElement":[{"@type":"ListItem","position":1,"name":"Home","item":"https:\/\/sxflightcase.com\/"},{"@type":"ListItem","position":2,"name":"\u0e2a\u0e34\u0e19\u0e04\u0e49\u0e32","item":"https:\/\/sxflightcase.com\/th\/shop\/"},{"@type":"ListItem","position":3,"name":"Flight Case Clamps CLB202"}]},{"@type":"WebSite","@id":"https:\/\/sxflightcase.com\/th\/#website","url":"https:\/\/sxflightcase.com\/th\/","name":"sxpowercase.com","description":"F\u00e1brica de malas de voo","publisher":{"@id":"https:\/\/sxflightcase.com\/th\/#organization"},"potentialAction":[{"@type":"SearchAction","target":{"@type":"EntryPoint","urlTemplate":"https:\/\/sxflightcase.com\/th\/?s={search_term_string}"},"query-input":{"@type":"PropertyValueSpecification","valueRequired":true,"valueName":"search_term_string"}}],"inLanguage":"pt-PT"},{"@type":"Organization","@id":"https:\/\/sxflightcase.com\/th\/#organization","name":"sxpowercase.com","url":"https:\/\/sxflightcase.com\/th\/","logo":{"@type":"ImageObject","inLanguage":"pt-PT","@id":"https:\/\/sxflightcase.com\/th\/#\/schema\/logo\/image\/","url":"https:\/\/sxflightcase.com\/wp-content\/uploads\/2024\/04\/1713919036007.jpg","contentUrl":"https:\/\/sxflightcase.com\/wp-content\/uploads\/2024\/04\/1713919036007.jpg","width":382,"height":388,"caption":"sxpowercase.com"},"image":{"@id":"https:\/\/sxflightcase.com\/th\/#\/schema\/logo\/image\/"},"sameAs":["https:\/\/www.facebook.com\/profile.php?id=61560407257971"],"numberOfEmployees":{"@type":"QuantitativeValue","minValue":"11","maxValue":"50"}}]}},"_links":{"self":[{"href":"https:\/\/sxflightcase.com\/pt\/wp-json\/wp\/v2\/product\/4234","targetHints":{"allow":["GET"]}}],"collection":[{"href":"https:\/\/sxflightcase.com\/pt\/wp-json\/wp\/v2\/product"}],"about":[{"href":"https:\/\/sxflightcase.com\/pt\/wp-json\/wp\/v2\/types\/product"}],"replies":[{"embeddable":true,"href":"https:\/\/sxflightcase.com\/pt\/wp-json\/wp\/v2\/comments?post=4234"}],"version-history":[{"count":0,"href":"https:\/\/sxflightcase.com\/pt\/wp-json\/wp\/v2\/product\/4234\/revisions"}],"wp:featuredmedia":[{"embeddable":true,"href":"https:\/\/sxflightcase.com\/pt\/wp-json\/wp\/v2\/media\/4194"}],"wp:attachment":[{"href":"https:\/\/sxflightcase.com\/pt\/wp-json\/wp\/v2\/media?parent=4234"}],"wp:term":[{"taxonomy":"product_brand","embeddable":true,"href":"https:\/\/sxflightcase.com\/pt\/wp-json\/wp\/v2\/product_brand?post=4234"},{"taxonomy":"product_cat","embeddable":true,"href":"https:\/\/sxflightcase.com\/pt\/wp-json\/wp\/v2\/product_cat?post=4234"},{"taxonomy":"product_tag","embeddable":true,"href":"https:\/\/sxflightcase.com\/pt\/wp-json\/wp\/v2\/product_tag?post=4234"}],"curies":[{"name":"wp","href":"https:\/\/api.w.org\/{rel}","templated":true}]}}