{"id":4313,"date":"2024-09-06T07:42:52","date_gmt":"2024-09-06T06:42:52","guid":{"rendered":"https:\/\/sxpowercase.com\/?post_type=product&#038;p=4313"},"modified":"2024-09-06T07:42:53","modified_gmt":"2024-09-06T06:42:53","slug":"rack-rail-pair-raa402","status":"publish","type":"product","link":"https:\/\/sxflightcase.com\/pt\/produto\/par-de-calhas-de-rack-raa402\/","title":{"rendered":"Par de calhas de rack RAA402"},"content":{"rendered":"<h3>Proteja o seu equipamento com o par de calhas SX Rack<\/h3>\n<p>Quando se trata de montar o seu equipamento de forma segura, o <a href=\"https:\/\/sxpowercase.com\/product\/punched-rack-panel-raa401\/\"><strong>Par de calhas de rack SX<\/strong><\/a> \u00e9 a escolha ideal. Concebido para oferecer um forte apoio, este produto garante que o seu equipamento \u00e9 instalado em seguran\u00e7a, proporcionando estabilidade e fiabilidade. <strong>SX<\/strong> oferece esta solu\u00e7\u00e3o a pre\u00e7os diretos de f\u00e1brica, garantindo-lhe uma elevada qualidade sem os custos elevados.<\/p>\n<h3>Material de alta qualidade para um desempenho duradouro<\/h3>\n<p>O nosso <strong>Par de calhas de rack<\/strong> \u00e9 fabricada com materiais dur\u00e1veis e de alta qualidade, garantindo um desempenho duradouro. Quer esteja a montar um est\u00fadio profissional ou um escrit\u00f3rio em casa, estas calhas foram concebidas para resistir a uma utiliza\u00e7\u00e3o intensa. Em <strong><a href=\"https:\/\/sxpowercase.com\/\" target=\"_blank\" rel=\"noopener\" title=\"SX\" data-wpil-monitor-id=\"728\">SX<\/a><\/strong>A nossa prioridade \u00e9 a garantia de qualidade para assegurar que os nossos produtos cumprem as rigorosas normas da ind\u00fastria.<\/p>\n<h3>F\u00e1cil instala\u00e7\u00e3o e versatilidade<\/h3>\n<p>O <strong>Par de calhas de rack SX<\/strong> foi concebido para uma instala\u00e7\u00e3o r\u00e1pida e f\u00e1cil, adaptando-se \u00e0 maioria dos sistemas de bastidor. O seu design vers\u00e1til permite-lhe acomodar uma vasta gama de dispositivos, tornando-o a solu\u00e7\u00e3o perfeita para qualquer configura\u00e7\u00e3o. Com a sua engenharia de precis\u00e3o, pode instal\u00e1-lo com facilidade, poupando tempo e esfor\u00e7o.<\/p>\n<h3>Pre\u00e7os diretos de f\u00e1brica para um valor m\u00e1ximo<\/h3>\n<p>Em <strong>SX<\/strong>A nossa empresa est\u00e1 empenhada em oferecer produtos de primeira qualidade a pre\u00e7os competitivos. Os nossos <strong>Par de calhas de rack<\/strong> vem diretamente da nossa f\u00e1brica, eliminando os intermedi\u00e1rios e permitindo-nos transferir as poupan\u00e7as para si. Isto significa que obt\u00e9m uma qualidade superior a um pre\u00e7o acess\u00edvel, tornando <strong>SX<\/strong> a escolha preferida dos compradores preocupados com o or\u00e7amento.<\/p>\n<h3>Fiabilidade em que pode confiar<\/h3>\n<p>Com o <strong>Par de calhas de rack SX<\/strong>pode contar sempre com um desempenho fi\u00e1vel. Quer esteja a montar servidores pesados, equipamento \u00e1udio ou outros dispositivos, estas calhas fornecem o suporte de que necessita. Concebidas para um encaixe seguro e um movimento m\u00ednimo, ajudam a proteger o seu valioso equipamento.<\/p>\n<h3>Ideal para qualquer ambiente<\/h3>\n<p>Desde centros de dados a est\u00fadios de grava\u00e7\u00e3o, o <strong>Pares de calhas de rack SX<\/strong> oferece uma funcionalidade vers\u00e1til. O seu design robusto e a sua f\u00e1cil adaptabilidade tornam-no adequado para uma variedade de aplica\u00e7\u00f5es. Independentemente do local de utiliza\u00e7\u00e3o, estas calhas proporcionam o equil\u00edbrio perfeito entre acessibilidade e durabilidade.<\/p>\n<h3>Qualidade em que pode confiar<\/h3>\n<p>Em <strong>SX<\/strong>A nossa empresa est\u00e1 empenhada em fornecer produtos em que pode confiar. Todos os <strong>Pares de carris de cremalheira<\/strong> \u00e9 submetido a rigorosos controlos de qualidade antes de sair da nossa f\u00e1brica, garantindo que recebe um produto que excede as suas expectativas. Com <strong>SX<\/strong>O seu produto \u00e9 um produto de qualidade a um pre\u00e7o baixo.<\/p>\n<p>Actualize a sua estante de equipamento com a <strong>Pares de calhas de rack SX<\/strong> e desfrute de funcionalidades premium, garantia de qualidade e valor imbat\u00edvel - tudo isto de uma marca em que pode confiar.<\/p>\n<p>Contactar agora:<span style=\"color: #0000ff;\"><a style=\"color: #0000ff;\" href=\"https:\/\/sxpowercase.com\/contact-us\/\">https:\/\/sxpowercase.com\/<\/a><\/span><\/p>\n<p>Cat\u00e1logo de produtos de hardware\uff1a<span style=\"color: #3366ff;\"><a style=\"color: #3366ff;\" href=\"https:\/\/sxpowercase.com\/wp-content\/uploads\/2024\/07\/\u4e94\u91d1.pdf\">Cat\u00e1logo de acess\u00f3rios de ferragens<\/a><\/span><\/p>","protected":false},"excerpt":{"rendered":"<h3>Proteja a sua instala\u00e7\u00e3o com o par de calhas de rack SX<\/h3>\n<p>O par de calhas de rack SX oferece um suporte fi\u00e1vel e est\u00e1vel para montar o seu equipamento de forma segura, garantindo um desempenho duradouro a pre\u00e7os diretos de f\u00e1brica.<\/p>\n<h3>Constru\u00e7\u00e3o duradoura para utiliza\u00e7\u00e3o intensiva<\/h3>\n<p>Fabricado com materiais de alta qualidade, o par de calhas de rack SX foi concebido para suportar cargas pesadas, tornando-o perfeito para est\u00fadios profissionais ou escrit\u00f3rios dom\u00e9sticos.<\/p>\n<h3>Instala\u00e7\u00e3o f\u00e1cil e valor m\u00e1ximo<\/h3>\n<p>Com uma instala\u00e7\u00e3o r\u00e1pida e um design vers\u00e1til, o par de calhas de rack SX adapta-se \u00e0 maioria dos sistemas de rack. Desfrute de qualidade superior a pre\u00e7os acess\u00edveis, diretos da f\u00e1brica.<\/p>","protected":false},"featured_media":4274,"comment_status":"open","ping_status":"closed","template":"","meta":[],"product_brand":[],"product_cat":[66],"product_tag":[],"class_list":{"0":"post-4313","1":"product","2":"type-product","3":"status-publish","4":"has-post-thumbnail","6":"product_cat-rack-hardware","8":"first","9":"instock","10":"shipping-taxable","11":"product-type-simple"},"yoast_head":"<!-- This site is optimized with the Yoast SEO Premium plugin v27.1 (Yoast SEO v27.2) - https:\/\/yoast.com\/product\/yoast-seo-premium-wordpress\/ -->\n<title>Rack Rail Pair RAA402 - https:\/\/sxflightcase.com \ud83d\udc97<\/title>\n<meta name=\"description\" content=\"Rack rail pair, factory direct! High-quality, durable rails designed for secure mounting of rack equipment. Ideal for professional setups in cases, server racks, and more.\" \/>\n<meta name=\"robots\" content=\"index, follow, max-snippet:-1, max-image-preview:large, max-video-preview:-1\" \/>\n<link rel=\"canonical\" href=\"https:\/\/sxflightcase.com\/pt\/produk\/pasangan-rel-rak-raa402-2\/\" \/>\n<meta property=\"og:locale\" content=\"pt_PT\" \/>\n<meta property=\"og:type\" content=\"article\" \/>\n<meta property=\"og:title\" content=\"Rack Rail Pair RAA402\" \/>\n<meta property=\"og:description\" content=\"Rack rail pair, factory direct! High-quality, durable rails designed for secure mounting of rack equipment. Ideal for professional setups in cases, server racks, and more.\" \/>\n<meta property=\"og:url\" content=\"https:\/\/sxflightcase.com\/pt\/produk\/pasangan-rel-rak-raa402-2\/\" \/>\n<meta property=\"og:site_name\" content=\"https:\/\/sxflightcase.com\" \/>\n<meta property=\"article:publisher\" content=\"https:\/\/www.facebook.com\/profile.php?id=61560407257971\" \/>\n<meta property=\"article:modified_time\" content=\"2024-09-06T06:42:53+00:00\" \/>\n<meta property=\"og:image\" content=\"https:\/\/sxflightcase.com\/wp-content\/uploads\/2024\/09\/RAA402.jpg\" \/>\n\t<meta property=\"og:image:width\" content=\"700\" \/>\n\t<meta property=\"og:image:height\" content=\"700\" \/>\n\t<meta property=\"og:image:type\" content=\"image\/jpeg\" \/>\n<meta name=\"twitter:card\" content=\"summary_large_image\" \/>\n<meta name=\"twitter:label1\" content=\"Tempo estimado de leitura\" \/>\n\t<meta name=\"twitter:data1\" content=\"3 minutos\" \/>\n<script type=\"application\/ld+json\" class=\"yoast-schema-graph\">{\"@context\":\"https:\/\/schema.org\",\"@graph\":[{\"@type\":\"WebPage\",\"@id\":\"https:\/\/sxflightcase.com\/id\/produk\/pasangan-rel-rak-raa402-2\/\",\"url\":\"https:\/\/sxflightcase.com\/id\/produk\/pasangan-rel-rak-raa402-2\/\",\"name\":\"Rack Rail Pair RAA402 - https:\/\/sxflightcase.com \ud83d\udc97\",\"isPartOf\":{\"@id\":\"https:\/\/sxflightcase.com\/th\/#website\"},\"primaryImageOfPage\":{\"@id\":\"https:\/\/sxflightcase.com\/id\/produk\/pasangan-rel-rak-raa402-2\/#primaryimage\"},\"image\":{\"@id\":\"https:\/\/sxflightcase.com\/id\/produk\/pasangan-rel-rak-raa402-2\/#primaryimage\"},\"thumbnailUrl\":\"https:\/\/sxflightcase.com\/wp-content\/uploads\/2024\/09\/RAA402.jpg\",\"datePublished\":\"2024-09-06T06:42:52+00:00\",\"dateModified\":\"2024-09-06T06:42:53+00:00\",\"description\":\"Rack rail pair, factory direct! High-quality, durable rails designed for secure mounting of rack equipment. Ideal for professional setups in cases, server racks, and more.\",\"breadcrumb\":{\"@id\":\"https:\/\/sxflightcase.com\/id\/produk\/pasangan-rel-rak-raa402-2\/#breadcrumb\"},\"inLanguage\":\"pt-PT\",\"potentialAction\":[{\"@type\":\"ReadAction\",\"target\":[\"https:\/\/sxflightcase.com\/id\/produk\/pasangan-rel-rak-raa402-2\/\"]}]},{\"@type\":\"ImageObject\",\"inLanguage\":\"pt-PT\",\"@id\":\"https:\/\/sxflightcase.com\/id\/produk\/pasangan-rel-rak-raa402-2\/#primaryimage\",\"url\":\"https:\/\/sxflightcase.com\/wp-content\/uploads\/2024\/09\/RAA402.jpg\",\"contentUrl\":\"https:\/\/sxflightcase.com\/wp-content\/uploads\/2024\/09\/RAA402.jpg\",\"width\":700,\"height\":700,\"caption\":\"Rack Rail Pair\"},{\"@type\":\"BreadcrumbList\",\"@id\":\"https:\/\/sxflightcase.com\/id\/produk\/pasangan-rel-rak-raa402-2\/#breadcrumb\",\"itemListElement\":[{\"@type\":\"ListItem\",\"position\":1,\"name\":\"Home\",\"item\":\"https:\/\/sxflightcase.com\/\"},{\"@type\":\"ListItem\",\"position\":2,\"name\":\"\u0e2a\u0e34\u0e19\u0e04\u0e49\u0e32\",\"item\":\"https:\/\/sxflightcase.com\/th\/shop\/\"},{\"@type\":\"ListItem\",\"position\":3,\"name\":\"Rack Rail Pair RAA402\"}]},{\"@type\":\"WebSite\",\"@id\":\"https:\/\/sxflightcase.com\/th\/#website\",\"url\":\"https:\/\/sxflightcase.com\/th\/\",\"name\":\"sxpowercase.com\",\"description\":\"Flight Case Factory\",\"publisher\":{\"@id\":\"https:\/\/sxflightcase.com\/th\/#organization\"},\"potentialAction\":[{\"@type\":\"SearchAction\",\"target\":{\"@type\":\"EntryPoint\",\"urlTemplate\":\"https:\/\/sxflightcase.com\/th\/?s={search_term_string}\"},\"query-input\":{\"@type\":\"PropertyValueSpecification\",\"valueRequired\":true,\"valueName\":\"search_term_string\"}}],\"inLanguage\":\"pt-PT\"},{\"@type\":\"Organization\",\"@id\":\"https:\/\/sxflightcase.com\/th\/#organization\",\"name\":\"sxpowercase.com\",\"url\":\"https:\/\/sxflightcase.com\/th\/\",\"logo\":{\"@type\":\"ImageObject\",\"inLanguage\":\"pt-PT\",\"@id\":\"https:\/\/sxflightcase.com\/th\/#\/schema\/logo\/image\/\",\"url\":\"https:\/\/sxflightcase.com\/wp-content\/uploads\/2024\/04\/1713919036007.jpg\",\"contentUrl\":\"https:\/\/sxflightcase.com\/wp-content\/uploads\/2024\/04\/1713919036007.jpg\",\"width\":382,\"height\":388,\"caption\":\"sxpowercase.com\"},\"image\":{\"@id\":\"https:\/\/sxflightcase.com\/th\/#\/schema\/logo\/image\/\"},\"sameAs\":[\"https:\/\/www.facebook.com\/profile.php?id=61560407257971\"],\"numberOfEmployees\":{\"@type\":\"QuantitativeValue\",\"minValue\":\"11\",\"maxValue\":\"50\"}}]}<\/script>\n<!-- \/ Yoast SEO Premium plugin. -->","yoast_head_json":{"title":"Rack Rail Pair RAA402 - https:\/\/sxflightcase.com \ud83d\udc97","description":"Par de calhas para rack, direto da f\u00e1brica! Calhas duradouras e de alta qualidade concebidas para a montagem segura de equipamento em bastidor. Ideal para configura\u00e7\u00f5es profissionais em caixas, racks de servidores e muito mais.","robots":{"index":"index","follow":"follow","max-snippet":"max-snippet:-1","max-image-preview":"max-image-preview:large","max-video-preview":"max-video-preview:-1"},"canonical":"https:\/\/sxflightcase.com\/pt\/produk\/pasangan-rel-rak-raa402-2\/","og_locale":"pt_PT","og_type":"article","og_title":"Rack Rail Pair RAA402","og_description":"Rack rail pair, factory direct! High-quality, durable rails designed for secure mounting of rack equipment. Ideal for professional setups in cases, server racks, and more.","og_url":"https:\/\/sxflightcase.com\/pt\/produk\/pasangan-rel-rak-raa402-2\/","og_site_name":"https:\/\/sxflightcase.com","article_publisher":"https:\/\/www.facebook.com\/profile.php?id=61560407257971","article_modified_time":"2024-09-06T06:42:53+00:00","og_image":[{"width":700,"height":700,"url":"https:\/\/sxflightcase.com\/wp-content\/uploads\/2024\/09\/RAA402.jpg","type":"image\/jpeg"}],"twitter_card":"summary_large_image","twitter_misc":{"Tempo estimado de leitura":"3 minutos"},"schema":{"@context":"https:\/\/schema.org","@graph":[{"@type":"WebPage","@id":"https:\/\/sxflightcase.com\/id\/produk\/pasangan-rel-rak-raa402-2\/","url":"https:\/\/sxflightcase.com\/id\/produk\/pasangan-rel-rak-raa402-2\/","name":"Rack Rail Pair RAA402 - https:\/\/sxflightcase.com \ud83d\udc97","isPartOf":{"@id":"https:\/\/sxflightcase.com\/th\/#website"},"primaryImageOfPage":{"@id":"https:\/\/sxflightcase.com\/id\/produk\/pasangan-rel-rak-raa402-2\/#primaryimage"},"image":{"@id":"https:\/\/sxflightcase.com\/id\/produk\/pasangan-rel-rak-raa402-2\/#primaryimage"},"thumbnailUrl":"https:\/\/sxflightcase.com\/wp-content\/uploads\/2024\/09\/RAA402.jpg","datePublished":"2024-09-06T06:42:52+00:00","dateModified":"2024-09-06T06:42:53+00:00","description":"Par de calhas para rack, direto da f\u00e1brica! Calhas duradouras e de alta qualidade concebidas para a montagem segura de equipamento em bastidor. Ideal para configura\u00e7\u00f5es profissionais em caixas, racks de servidores e muito mais.","breadcrumb":{"@id":"https:\/\/sxflightcase.com\/id\/produk\/pasangan-rel-rak-raa402-2\/#breadcrumb"},"inLanguage":"pt-PT","potentialAction":[{"@type":"ReadAction","target":["https:\/\/sxflightcase.com\/id\/produk\/pasangan-rel-rak-raa402-2\/"]}]},{"@type":"ImageObject","inLanguage":"pt-PT","@id":"https:\/\/sxflightcase.com\/id\/produk\/pasangan-rel-rak-raa402-2\/#primaryimage","url":"https:\/\/sxflightcase.com\/wp-content\/uploads\/2024\/09\/RAA402.jpg","contentUrl":"https:\/\/sxflightcase.com\/wp-content\/uploads\/2024\/09\/RAA402.jpg","width":700,"height":700,"caption":"Rack Rail Pair"},{"@type":"BreadcrumbList","@id":"https:\/\/sxflightcase.com\/id\/produk\/pasangan-rel-rak-raa402-2\/#breadcrumb","itemListElement":[{"@type":"ListItem","position":1,"name":"Home","item":"https:\/\/sxflightcase.com\/"},{"@type":"ListItem","position":2,"name":"\u0e2a\u0e34\u0e19\u0e04\u0e49\u0e32","item":"https:\/\/sxflightcase.com\/th\/shop\/"},{"@type":"ListItem","position":3,"name":"Rack Rail Pair RAA402"}]},{"@type":"WebSite","@id":"https:\/\/sxflightcase.com\/th\/#website","url":"https:\/\/sxflightcase.com\/th\/","name":"sxpowercase.com","description":"F\u00e1brica de malas de voo","publisher":{"@id":"https:\/\/sxflightcase.com\/th\/#organization"},"potentialAction":[{"@type":"SearchAction","target":{"@type":"EntryPoint","urlTemplate":"https:\/\/sxflightcase.com\/th\/?s={search_term_string}"},"query-input":{"@type":"PropertyValueSpecification","valueRequired":true,"valueName":"search_term_string"}}],"inLanguage":"pt-PT"},{"@type":"Organization","@id":"https:\/\/sxflightcase.com\/th\/#organization","name":"sxpowercase.com","url":"https:\/\/sxflightcase.com\/th\/","logo":{"@type":"ImageObject","inLanguage":"pt-PT","@id":"https:\/\/sxflightcase.com\/th\/#\/schema\/logo\/image\/","url":"https:\/\/sxflightcase.com\/wp-content\/uploads\/2024\/04\/1713919036007.jpg","contentUrl":"https:\/\/sxflightcase.com\/wp-content\/uploads\/2024\/04\/1713919036007.jpg","width":382,"height":388,"caption":"sxpowercase.com"},"image":{"@id":"https:\/\/sxflightcase.com\/th\/#\/schema\/logo\/image\/"},"sameAs":["https:\/\/www.facebook.com\/profile.php?id=61560407257971"],"numberOfEmployees":{"@type":"QuantitativeValue","minValue":"11","maxValue":"50"}}]}},"_links":{"self":[{"href":"https:\/\/sxflightcase.com\/pt\/wp-json\/wp\/v2\/product\/4313","targetHints":{"allow":["GET"]}}],"collection":[{"href":"https:\/\/sxflightcase.com\/pt\/wp-json\/wp\/v2\/product"}],"about":[{"href":"https:\/\/sxflightcase.com\/pt\/wp-json\/wp\/v2\/types\/product"}],"replies":[{"embeddable":true,"href":"https:\/\/sxflightcase.com\/pt\/wp-json\/wp\/v2\/comments?post=4313"}],"version-history":[{"count":0,"href":"https:\/\/sxflightcase.com\/pt\/wp-json\/wp\/v2\/product\/4313\/revisions"}],"wp:featuredmedia":[{"embeddable":true,"href":"https:\/\/sxflightcase.com\/pt\/wp-json\/wp\/v2\/media\/4274"}],"wp:attachment":[{"href":"https:\/\/sxflightcase.com\/pt\/wp-json\/wp\/v2\/media?parent=4313"}],"wp:term":[{"taxonomy":"product_brand","embeddable":true,"href":"https:\/\/sxflightcase.com\/pt\/wp-json\/wp\/v2\/product_brand?post=4313"},{"taxonomy":"product_cat","embeddable":true,"href":"https:\/\/sxflightcase.com\/pt\/wp-json\/wp\/v2\/product_cat?post=4313"},{"taxonomy":"product_tag","embeddable":true,"href":"https:\/\/sxflightcase.com\/pt\/wp-json\/wp\/v2\/product_tag?post=4313"}],"curies":[{"name":"wp","href":"https:\/\/api.w.org\/{rel}","templated":true}]}}