{"id":4320,"date":"2024-09-09T07:11:30","date_gmt":"2024-09-09T06:11:30","guid":{"rendered":"https:\/\/sxpowercase.com\/?post_type=product&#038;p=4320"},"modified":"2024-09-09T07:11:31","modified_gmt":"2024-09-09T06:11:31","slug":"rack-mounting-rails-rab102","status":"publish","type":"product","link":"https:\/\/sxflightcase.com\/pt\/produto\/calhas-de-montagem-em-bastidor-rab102\/","title":{"rendered":"Trilhos de montagem em rack RAB102"},"content":{"rendered":"<h3>Melhore a sua configura\u00e7\u00e3o com as calhas de montagem em bastidor SX<\/h3>\n<p>Quando se trata de montar o seu equipamento de forma segura, <strong>SX <a href=\"https:\/\/sxpowercase.com\/product\/rack-rail-rab101\/\">Trilhos de montagem em rack<\/a><\/strong> s\u00e3o um componente essencial para qualquer instala\u00e7\u00e3o profissional. Estas calhas foram concebidas para serem resistentes e fi\u00e1veis, facilitando o suporte do seu valioso equipamento. Com <strong>SX<\/strong>O pre\u00e7o de f\u00e1brica \u00e9 direto, garantindo uma qualidade de topo a um pre\u00e7o que cabe no seu or\u00e7amento.<\/p>\n<h3>Durabilidade com que pode contar<\/h3>\n<p>O nosso <strong>Trilhos de montagem em rack<\/strong> s\u00e3o constru\u00eddos com materiais de primeira qualidade, concebidos para suportar os rigores da utiliza\u00e7\u00e3o di\u00e1ria. Quer esteja a montar um est\u00fadio, uma sala de servidores ou uma oficina, estas calhas proporcionam um desempenho duradouro. <strong><a href=\"https:\/\/sxpowercase.com\/\" target=\"_blank\" rel=\"noopener\" title=\"SX\" data-wpil-monitor-id=\"731\">SX<\/a><\/strong> garante que todos os produtos cumprem normas de qualidade rigorosas, pelo que pode confiar na durabilidade e resist\u00eancia de cada carril.<\/p>\n<h3>F\u00e1cil integra\u00e7\u00e3o e personaliza\u00e7\u00e3o<\/h3>\n<p>SX <strong>Trilhos de montagem em rack<\/strong> s\u00e3o compat\u00edveis com a maioria dos sistemas de rack padr\u00e3o, tornando-os f\u00e1ceis de integrar na sua configura\u00e7\u00e3o existente. Quer esteja a trabalhar com equipamento \u00e1udio, hardware de TI ou ferramentas industriais, estas calhas oferecem a versatilidade necess\u00e1ria para suportar qualquer tipo de equipamento. Al\u00e9m disso, o seu design adapt\u00e1vel permite uma instala\u00e7\u00e3o r\u00e1pida e direta, poupando-lhe tempo.<\/p>\n<h3>Pre\u00e7os diretos de f\u00e1brica para um valor m\u00e1ximo<\/h3>\n<p>Em <strong>SX<\/strong>, eliminamos o intermedi\u00e1rio para entregar <strong>Calha de montagem em bastidor<\/strong>\u00a0a pre\u00e7os imbat\u00edveis diretos da f\u00e1brica. Isto significa que obt\u00e9m qualidade superior por menos, sem comprometer o desempenho ou a fiabilidade. Para empresas que procuram maximizar o valor sem gastar demasiado, <strong>SX<\/strong> \u00e9 a escolha ideal.<\/p>\n<h3>Estabilidade fi\u00e1vel para o seu equipamento<\/h3>\n<p>A estabilidade \u00e9 fundamental para a montagem de equipamento pesado e <strong>Calha de montagem em bastidor SX<\/strong>\u00a0s\u00e3o concebidos para manter os seus dispositivos em seguran\u00e7a no lugar. Quer se trate de servidores pesados ou de equipamento de \u00e1udio delicado, estas calhas garantem que tudo se mant\u00e9m na posi\u00e7\u00e3o correta. Este n\u00edvel de suporte ajuda a proteger os seus bens valiosos de danos acidentais.<\/p>\n<h3>Vers\u00e1til e fi\u00e1vel<\/h3>\n<p>Do equipamento de radiodifus\u00e3o \u00e0 infraestrutura de TI, <strong>Calha de montagem em bastidor SX<\/strong>\u00a0s\u00e3o concebidos para uma s\u00e9rie de aplica\u00e7\u00f5es. A sua flexibilidade, combinada com uma elevada durabilidade, torna-os adequados para utiliza\u00e7\u00e3o em qualquer ambiente. Os profissionais confiam <strong>SX<\/strong> pelo seu desempenho robusto e f\u00e1cil adaptabilidade.<\/p>\n<h3>Qualidade e garantia<\/h3>\n<p>Em <strong>SX<\/strong>, orgulhamo-nos de fornecer qualidade em que pode confiar. Todos os <strong>Calha de montagem em bastidor<\/strong> s\u00e3o submetidos a testes rigorosos para garantir que cumprem os nossos elevados padr\u00f5es. Com pre\u00e7os diretos de f\u00e1brica e \u00eanfase em materiais de primeira qualidade, <strong>SX<\/strong> \u00e9 a sua marca de elei\u00e7\u00e3o para solu\u00e7\u00f5es de montagem em bastidor fi\u00e1veis que n\u00e3o v\u00e3o custar muito dinheiro.<\/p>\n<p>Para uma solu\u00e7\u00e3o fi\u00e1vel, duradoura e econ\u00f3mica, escolha <strong>Calha de montagem em bastidor SX<\/strong>\u00a0para apoiar o seu equipamento com confian\u00e7a.<\/p>\n<ol>\n<li>Contactar agora:<span style=\"color: #0000ff;\"><a style=\"color: #0000ff;\" href=\"https:\/\/sxpowercase.com\/contact-us\/\">https:\/\/sxpowercase.com\/<\/a><\/span><\/li>\n<li>Cat\u00e1logo de produtos de hardware\uff1a<span style=\"color: #3366ff;\"><a style=\"color: #3366ff;\" href=\"https:\/\/sxpowercase.com\/wp-content\/uploads\/2024\/07\/\u4e94\u91d1.pdf\">Cat\u00e1logo de acess\u00f3rios de ferragens<\/a><\/span><\/li>\n<\/ol>","protected":false},"excerpt":{"rendered":"<h3>Proteja o seu equipamento com as calhas de montagem em bastidor SX<\/h3>\n<p>As calhas de montagem em rack SX oferecem um suporte forte e fi\u00e1vel para a sua configura\u00e7\u00e3o profissional, garantindo estabilidade e seguran\u00e7a para o seu equipamento a pre\u00e7os diretos de f\u00e1brica.<\/p>\n<h3>Dur\u00e1vel e feito para durar<\/h3>\n<p>Fabricadas com materiais de primeira qualidade, as calhas de montagem em bastidor SX foram concebidas para suportar uma utiliza\u00e7\u00e3o intensiva, proporcionando um desempenho duradouro em qualquer ambiente.<\/p>\n<h3>F\u00e1cil instala\u00e7\u00e3o e compatibilidade vers\u00e1til<\/h3>\n<p>Compat\u00edveis com a maioria dos sistemas de rack padr\u00e3o, as calhas de montagem em rack SX garantem uma instala\u00e7\u00e3o r\u00e1pida e um suporte adapt\u00e1vel para uma vasta gama de equipamentos.<\/p>","protected":false},"featured_media":4276,"comment_status":"open","ping_status":"closed","template":"","meta":[],"product_brand":[],"product_cat":[66],"product_tag":[],"class_list":{"0":"post-4320","1":"product","2":"type-product","3":"status-publish","4":"has-post-thumbnail","6":"product_cat-rack-hardware","8":"first","9":"instock","10":"shipping-taxable","11":"product-type-simple"},"yoast_head":"<!-- This site is optimized with the Yoast SEO Premium plugin v27.1 (Yoast SEO v27.2) - https:\/\/yoast.com\/product\/yoast-seo-premium-wordpress\/ -->\n<title>Rack Mounting Rails RAB102 - https:\/\/sxflightcase.com \ud83d\udc97<\/title>\n<meta name=\"description\" content=\"Rack mounting rails, factory direct! High-quality, durable rails designed for securely mounting and organizing equipment in racks.\" \/>\n<meta name=\"robots\" content=\"index, follow, max-snippet:-1, max-image-preview:large, max-video-preview:-1\" \/>\n<link rel=\"canonical\" href=\"https:\/\/sxflightcase.com\/pt\/produto\/calhas-de-montagem-em-bastidor-rab102\/\" \/>\n<meta property=\"og:locale\" content=\"pt_PT\" \/>\n<meta property=\"og:type\" content=\"article\" \/>\n<meta property=\"og:title\" content=\"Rack Mounting Rails RAB102\" \/>\n<meta property=\"og:description\" content=\"Rack mounting rails, factory direct! High-quality, durable rails designed for securely mounting and organizing equipment in racks.\" \/>\n<meta property=\"og:url\" content=\"https:\/\/sxflightcase.com\/pt\/produto\/calhas-de-montagem-em-bastidor-rab102\/\" \/>\n<meta property=\"og:site_name\" content=\"https:\/\/sxflightcase.com\" \/>\n<meta property=\"article:publisher\" content=\"https:\/\/www.facebook.com\/profile.php?id=61560407257971\" \/>\n<meta property=\"article:modified_time\" content=\"2024-09-09T06:11:31+00:00\" \/>\n<meta property=\"og:image\" content=\"https:\/\/sxflightcase.com\/wp-content\/uploads\/2024\/09\/RAB102.jpg\" \/>\n\t<meta property=\"og:image:width\" content=\"700\" \/>\n\t<meta property=\"og:image:height\" content=\"700\" \/>\n\t<meta property=\"og:image:type\" content=\"image\/jpeg\" \/>\n<meta name=\"twitter:card\" content=\"summary_large_image\" \/>\n<meta name=\"twitter:label1\" content=\"Tempo estimado de leitura\" \/>\n\t<meta name=\"twitter:data1\" content=\"3 minutos\" \/>\n<script type=\"application\/ld+json\" class=\"yoast-schema-graph\">{\"@context\":\"https:\/\/schema.org\",\"@graph\":[{\"@type\":\"WebPage\",\"@id\":\"https:\/\/sxflightcase.com\/product\/rack-mounting-rails-rab102\/\",\"url\":\"https:\/\/sxflightcase.com\/product\/rack-mounting-rails-rab102\/\",\"name\":\"Rack Mounting Rails RAB102 - https:\/\/sxflightcase.com \ud83d\udc97\",\"isPartOf\":{\"@id\":\"https:\/\/sxflightcase.com\/th\/#website\"},\"primaryImageOfPage\":{\"@id\":\"https:\/\/sxflightcase.com\/product\/rack-mounting-rails-rab102\/#primaryimage\"},\"image\":{\"@id\":\"https:\/\/sxflightcase.com\/product\/rack-mounting-rails-rab102\/#primaryimage\"},\"thumbnailUrl\":\"https:\/\/sxflightcase.com\/wp-content\/uploads\/2024\/09\/RAB102.jpg\",\"datePublished\":\"2024-09-09T06:11:30+00:00\",\"dateModified\":\"2024-09-09T06:11:31+00:00\",\"description\":\"Rack mounting rails, factory direct! High-quality, durable rails designed for securely mounting and organizing equipment in racks.\",\"breadcrumb\":{\"@id\":\"https:\/\/sxflightcase.com\/product\/rack-mounting-rails-rab102\/#breadcrumb\"},\"inLanguage\":\"pt-PT\",\"potentialAction\":[{\"@type\":\"ReadAction\",\"target\":[\"https:\/\/sxflightcase.com\/product\/rack-mounting-rails-rab102\/\"]}]},{\"@type\":\"ImageObject\",\"inLanguage\":\"pt-PT\",\"@id\":\"https:\/\/sxflightcase.com\/product\/rack-mounting-rails-rab102\/#primaryimage\",\"url\":\"https:\/\/sxflightcase.com\/wp-content\/uploads\/2024\/09\/RAB102.jpg\",\"contentUrl\":\"https:\/\/sxflightcase.com\/wp-content\/uploads\/2024\/09\/RAB102.jpg\",\"width\":700,\"height\":700,\"caption\":\"Rack Mounting Rails\"},{\"@type\":\"BreadcrumbList\",\"@id\":\"https:\/\/sxflightcase.com\/product\/rack-mounting-rails-rab102\/#breadcrumb\",\"itemListElement\":[{\"@type\":\"ListItem\",\"position\":1,\"name\":\"Home\",\"item\":\"https:\/\/sxflightcase.com\/\"},{\"@type\":\"ListItem\",\"position\":2,\"name\":\"\u0e2a\u0e34\u0e19\u0e04\u0e49\u0e32\",\"item\":\"https:\/\/sxflightcase.com\/th\/shop\/\"},{\"@type\":\"ListItem\",\"position\":3,\"name\":\"Rack Mounting Rails RAB102\"}]},{\"@type\":\"WebSite\",\"@id\":\"https:\/\/sxflightcase.com\/th\/#website\",\"url\":\"https:\/\/sxflightcase.com\/th\/\",\"name\":\"sxpowercase.com\",\"description\":\"Flight Case Factory\",\"publisher\":{\"@id\":\"https:\/\/sxflightcase.com\/th\/#organization\"},\"potentialAction\":[{\"@type\":\"SearchAction\",\"target\":{\"@type\":\"EntryPoint\",\"urlTemplate\":\"https:\/\/sxflightcase.com\/th\/?s={search_term_string}\"},\"query-input\":{\"@type\":\"PropertyValueSpecification\",\"valueRequired\":true,\"valueName\":\"search_term_string\"}}],\"inLanguage\":\"pt-PT\"},{\"@type\":\"Organization\",\"@id\":\"https:\/\/sxflightcase.com\/th\/#organization\",\"name\":\"sxpowercase.com\",\"url\":\"https:\/\/sxflightcase.com\/th\/\",\"logo\":{\"@type\":\"ImageObject\",\"inLanguage\":\"pt-PT\",\"@id\":\"https:\/\/sxflightcase.com\/th\/#\/schema\/logo\/image\/\",\"url\":\"https:\/\/sxflightcase.com\/wp-content\/uploads\/2024\/04\/1713919036007.jpg\",\"contentUrl\":\"https:\/\/sxflightcase.com\/wp-content\/uploads\/2024\/04\/1713919036007.jpg\",\"width\":382,\"height\":388,\"caption\":\"sxpowercase.com\"},\"image\":{\"@id\":\"https:\/\/sxflightcase.com\/th\/#\/schema\/logo\/image\/\"},\"sameAs\":[\"https:\/\/www.facebook.com\/profile.php?id=61560407257971\"],\"numberOfEmployees\":{\"@type\":\"QuantitativeValue\",\"minValue\":\"11\",\"maxValue\":\"50\"}}]}<\/script>\n<!-- \/ Yoast SEO Premium plugin. -->","yoast_head_json":{"title":"Rack Mounting Rails RAB102 - https:\/\/sxflightcase.com \ud83d\udc97","description":"Calhas de montagem em prateleiras, diretas da f\u00e1brica! Calhas de alta qualidade e duradouras concebidas para montar e organizar o equipamento em prateleiras de forma segura.","robots":{"index":"index","follow":"follow","max-snippet":"max-snippet:-1","max-image-preview":"max-image-preview:large","max-video-preview":"max-video-preview:-1"},"canonical":"https:\/\/sxflightcase.com\/pt\/produto\/calhas-de-montagem-em-bastidor-rab102\/","og_locale":"pt_PT","og_type":"article","og_title":"Rack Mounting Rails RAB102","og_description":"Rack mounting rails, factory direct! High-quality, durable rails designed for securely mounting and organizing equipment in racks.","og_url":"https:\/\/sxflightcase.com\/pt\/produto\/calhas-de-montagem-em-bastidor-rab102\/","og_site_name":"https:\/\/sxflightcase.com","article_publisher":"https:\/\/www.facebook.com\/profile.php?id=61560407257971","article_modified_time":"2024-09-09T06:11:31+00:00","og_image":[{"width":700,"height":700,"url":"https:\/\/sxflightcase.com\/wp-content\/uploads\/2024\/09\/RAB102.jpg","type":"image\/jpeg"}],"twitter_card":"summary_large_image","twitter_misc":{"Tempo estimado de leitura":"3 minutos"},"schema":{"@context":"https:\/\/schema.org","@graph":[{"@type":"WebPage","@id":"https:\/\/sxflightcase.com\/product\/rack-mounting-rails-rab102\/","url":"https:\/\/sxflightcase.com\/product\/rack-mounting-rails-rab102\/","name":"Rack Mounting Rails RAB102 - https:\/\/sxflightcase.com \ud83d\udc97","isPartOf":{"@id":"https:\/\/sxflightcase.com\/th\/#website"},"primaryImageOfPage":{"@id":"https:\/\/sxflightcase.com\/product\/rack-mounting-rails-rab102\/#primaryimage"},"image":{"@id":"https:\/\/sxflightcase.com\/product\/rack-mounting-rails-rab102\/#primaryimage"},"thumbnailUrl":"https:\/\/sxflightcase.com\/wp-content\/uploads\/2024\/09\/RAB102.jpg","datePublished":"2024-09-09T06:11:30+00:00","dateModified":"2024-09-09T06:11:31+00:00","description":"Calhas de montagem em prateleiras, diretas da f\u00e1brica! Calhas de alta qualidade e duradouras concebidas para montar e organizar o equipamento em prateleiras de forma segura.","breadcrumb":{"@id":"https:\/\/sxflightcase.com\/product\/rack-mounting-rails-rab102\/#breadcrumb"},"inLanguage":"pt-PT","potentialAction":[{"@type":"ReadAction","target":["https:\/\/sxflightcase.com\/product\/rack-mounting-rails-rab102\/"]}]},{"@type":"ImageObject","inLanguage":"pt-PT","@id":"https:\/\/sxflightcase.com\/product\/rack-mounting-rails-rab102\/#primaryimage","url":"https:\/\/sxflightcase.com\/wp-content\/uploads\/2024\/09\/RAB102.jpg","contentUrl":"https:\/\/sxflightcase.com\/wp-content\/uploads\/2024\/09\/RAB102.jpg","width":700,"height":700,"caption":"Rack Mounting Rails"},{"@type":"BreadcrumbList","@id":"https:\/\/sxflightcase.com\/product\/rack-mounting-rails-rab102\/#breadcrumb","itemListElement":[{"@type":"ListItem","position":1,"name":"Home","item":"https:\/\/sxflightcase.com\/"},{"@type":"ListItem","position":2,"name":"\u0e2a\u0e34\u0e19\u0e04\u0e49\u0e32","item":"https:\/\/sxflightcase.com\/th\/shop\/"},{"@type":"ListItem","position":3,"name":"Rack Mounting Rails RAB102"}]},{"@type":"WebSite","@id":"https:\/\/sxflightcase.com\/th\/#website","url":"https:\/\/sxflightcase.com\/th\/","name":"sxpowercase.com","description":"F\u00e1brica de malas de voo","publisher":{"@id":"https:\/\/sxflightcase.com\/th\/#organization"},"potentialAction":[{"@type":"SearchAction","target":{"@type":"EntryPoint","urlTemplate":"https:\/\/sxflightcase.com\/th\/?s={search_term_string}"},"query-input":{"@type":"PropertyValueSpecification","valueRequired":true,"valueName":"search_term_string"}}],"inLanguage":"pt-PT"},{"@type":"Organization","@id":"https:\/\/sxflightcase.com\/th\/#organization","name":"sxpowercase.com","url":"https:\/\/sxflightcase.com\/th\/","logo":{"@type":"ImageObject","inLanguage":"pt-PT","@id":"https:\/\/sxflightcase.com\/th\/#\/schema\/logo\/image\/","url":"https:\/\/sxflightcase.com\/wp-content\/uploads\/2024\/04\/1713919036007.jpg","contentUrl":"https:\/\/sxflightcase.com\/wp-content\/uploads\/2024\/04\/1713919036007.jpg","width":382,"height":388,"caption":"sxpowercase.com"},"image":{"@id":"https:\/\/sxflightcase.com\/th\/#\/schema\/logo\/image\/"},"sameAs":["https:\/\/www.facebook.com\/profile.php?id=61560407257971"],"numberOfEmployees":{"@type":"QuantitativeValue","minValue":"11","maxValue":"50"}}]}},"_links":{"self":[{"href":"https:\/\/sxflightcase.com\/pt\/wp-json\/wp\/v2\/product\/4320","targetHints":{"allow":["GET"]}}],"collection":[{"href":"https:\/\/sxflightcase.com\/pt\/wp-json\/wp\/v2\/product"}],"about":[{"href":"https:\/\/sxflightcase.com\/pt\/wp-json\/wp\/v2\/types\/product"}],"replies":[{"embeddable":true,"href":"https:\/\/sxflightcase.com\/pt\/wp-json\/wp\/v2\/comments?post=4320"}],"version-history":[{"count":0,"href":"https:\/\/sxflightcase.com\/pt\/wp-json\/wp\/v2\/product\/4320\/revisions"}],"wp:featuredmedia":[{"embeddable":true,"href":"https:\/\/sxflightcase.com\/pt\/wp-json\/wp\/v2\/media\/4276"}],"wp:attachment":[{"href":"https:\/\/sxflightcase.com\/pt\/wp-json\/wp\/v2\/media?parent=4320"}],"wp:term":[{"taxonomy":"product_brand","embeddable":true,"href":"https:\/\/sxflightcase.com\/pt\/wp-json\/wp\/v2\/product_brand?post=4320"},{"taxonomy":"product_cat","embeddable":true,"href":"https:\/\/sxflightcase.com\/pt\/wp-json\/wp\/v2\/product_cat?post=4320"},{"taxonomy":"product_tag","embeddable":true,"href":"https:\/\/sxflightcase.com\/pt\/wp-json\/wp\/v2\/product_tag?post=4320"}],"curies":[{"name":"wp","href":"https:\/\/api.w.org\/{rel}","templated":true}]}}