{"id":4321,"date":"2024-09-09T07:19:35","date_gmt":"2024-09-09T06:19:35","guid":{"rendered":"https:\/\/sxpowercase.com\/?post_type=product&#038;p=4321"},"modified":"2024-09-09T07:19:36","modified_gmt":"2024-09-09T06:19:36","slug":"rack-mounting-rails-rab103","status":"publish","type":"product","link":"https:\/\/sxflightcase.com\/pt\/produto\/calhas-de-montagem-em-bastidor-rab103\/","title":{"rendered":"Trilhos de montagem em rack RAB103"},"content":{"rendered":"<h3>Calhas de montagem em rack SX de qualidade superior para todas as configura\u00e7\u00f5es<\/h3>\n<p>Procura uma forma fi\u00e1vel e econ\u00f3mica de montar o seu equipamento? <strong>SX <a href=\"https:\/\/sxpowercase.com\/product\/rack-mounting-rails-rab102\/\">Trilhos de montagem em rack<\/a><\/strong> fornecem a solu\u00e7\u00e3o perfeita para configura\u00e7\u00f5es profissionais, seja em est\u00fadios, salas de servidores ou espa\u00e7os industriais. <strong>SX<\/strong> oferece pre\u00e7os diretos de f\u00e1brica, garantindo produtos de alta qualidade sem os custos elevados.<\/p>\n<h3>Constru\u00eddo para m\u00e1xima durabilidade<\/h3>\n<p>Todos <strong>Calha de montagem em bastidor<\/strong> de <strong><a href=\"https:\/\/sxpowercase.com\/\" target=\"_blank\" rel=\"noopener\" title=\"SX\" data-wpil-monitor-id=\"732\">SX<\/a><\/strong> \u00e9 constru\u00eddo com materiais robustos, oferecendo uma durabilidade duradoura mesmo sob cargas pesadas. Concebidas para suportar as condi\u00e7\u00f5es mais dif\u00edceis, estas calhas proporcionam um suporte fi\u00e1vel para todas as suas necessidades de montagem. Confian\u00e7a <strong>SX<\/strong> para garantir resist\u00eancia e estabilidade em cada produto.<\/p>\n<h3>Instala\u00e7\u00e3o e adaptabilidade simples<\/h3>\n<p>O nosso <strong>Trilhos de montagem em rack<\/strong> s\u00e3o f\u00e1ceis de instalar e adaptam-se a uma vasta gama de configura\u00e7\u00f5es. Quer esteja a montar equipamento \u00e1udio, servidores de TI ou hardware industrial, <strong>SX<\/strong> tornam o processo suave e eficiente. Com um design vers\u00e1til, adaptam-se perfeitamente a qualquer sistema de estantes padr\u00e3o.<\/p>\n<h3>Poupan\u00e7a direta da f\u00e1brica<\/h3>\n<p>Em <strong>SX<\/strong>A nossa empresa oferece pre\u00e7os diretos da f\u00e1brica, o que significa que obt\u00e9m uma qualidade superior a um custo inferior. N\u00e3o h\u00e1 necessidade de comprometer a qualidade quando se pode aceder a solu\u00e7\u00f5es econ\u00f3micas diretamente da fonte. Com <strong>SX<\/strong>, encontrar\u00e1 o melhor valor para o seu or\u00e7amento, garantido.<\/p>\n<h3>Montagem de equipamento segura e protegida<\/h3>\n<p>O <strong>Trilhos de montagem em rack<\/strong> por <strong>SX<\/strong> proporcionam a estabilidade e a seguran\u00e7a necess\u00e1rias para equipamentos pesados ou delicados. Pode ter a certeza de que os seus dispositivos s\u00e3o mantidos firmemente no lugar, reduzindo o risco de quedas ou danos acidentais. Esta fiabilidade garante que o seu valioso equipamento permanece seguro durante a utiliza\u00e7\u00e3o.<\/p>\n<h3>Ideal para uma variedade de aplica\u00e7\u00f5es<\/h3>\n<p>Independentemente do tipo de configura\u00e7\u00e3o com que est\u00e1 a trabalhar, <strong>Trilhos de montagem em rack SX<\/strong> oferecem a flexibilidade e a for\u00e7a para o suportar. Desde centros de dados a est\u00fadios de radiodifus\u00e3o, as nossas calhas s\u00e3o constru\u00eddas para a versatilidade. Com uma reputa\u00e7\u00e3o de qualidade e resist\u00eancia, <strong>SX<\/strong> t\u00eam a confian\u00e7a de profissionais de todo o mundo.<\/p>\n<h3>Garantia de qualidade em que pode confiar<\/h3>\n<p>Em <strong>SX<\/strong>, estamos empenhados em oferecer o melhor. Todos os <strong>Calha de montagem em bastidor<\/strong> passa por rigorosos controlos de qualidade, garantindo que cumpre os mais elevados padr\u00f5es. Pode ter a certeza de que, ao escolher <strong>SX<\/strong>Se o seu produto \u00e9 um produto de qualidade, est\u00e1 a investir num produto que combina durabilidade, fiabilidade e pre\u00e7o acess\u00edvel.<\/p>\n<p>Fa\u00e7a a escolha inteligente para o seu pr\u00f3ximo projeto com <strong>Trilhos de montagem em rack SX<\/strong>-qualidade em que pode confiar a um pre\u00e7o acess\u00edvel.<\/p>\n<ol>\n<li>Contactar agora:<span style=\"color: #0000ff;\"><a style=\"color: #0000ff;\" href=\"https:\/\/sxpowercase.com\/contact-us\/\">https:\/\/sxpowercase.com\/<\/a><\/span><\/li>\n<li>Cat\u00e1logo de produtos de hardware\uff1a<span style=\"color: #3366ff;\"><a style=\"color: #3366ff;\" href=\"https:\/\/sxpowercase.com\/wp-content\/uploads\/2024\/07\/\u4e94\u91d1.pdf\">Cat\u00e1logo de acess\u00f3rios de ferragens<\/a><\/span><\/li>\n<\/ol>","protected":false},"excerpt":{"rendered":"<h3>Proteja o seu equipamento com as calhas de montagem em bastidor SX<\/h3>\n<p>As calhas de montagem em rack SX oferecem um suporte forte e fi\u00e1vel para a sua configura\u00e7\u00e3o profissional, garantindo estabilidade e seguran\u00e7a para o seu equipamento a pre\u00e7os diretos de f\u00e1brica.<\/p>\n<h3>Dur\u00e1vel e feito para durar<\/h3>\n<p>Fabricadas com materiais de primeira qualidade, as calhas de montagem em bastidor SX foram concebidas para suportar uma utiliza\u00e7\u00e3o intensiva, proporcionando um desempenho duradouro em qualquer ambiente.<\/p>\n<h3>F\u00e1cil instala\u00e7\u00e3o e compatibilidade vers\u00e1til<\/h3>\n<p>Compat\u00edveis com a maioria dos sistemas de rack padr\u00e3o, as calhas de montagem em rack SX garantem uma instala\u00e7\u00e3o r\u00e1pida e um suporte adapt\u00e1vel para uma vasta gama de equipamentos.<\/p>","protected":false},"featured_media":4277,"comment_status":"open","ping_status":"closed","template":"","meta":[],"product_brand":[],"product_cat":[66],"product_tag":[],"class_list":{"0":"post-4321","1":"product","2":"type-product","3":"status-publish","4":"has-post-thumbnail","6":"product_cat-rack-hardware","8":"first","9":"instock","10":"shipping-taxable","11":"product-type-simple"},"yoast_head":"<!-- This site is optimized with the Yoast SEO Premium plugin v27.1 (Yoast SEO v27.2) - https:\/\/yoast.com\/product\/yoast-seo-premium-wordpress\/ -->\n<title>Rack Mounting Rails RAB103 - https:\/\/sxflightcase.com \ud83d\udc97<\/title>\n<meta name=\"description\" content=\"Rack mounting rails, factory direct! High-quality, durable rails designed for securely mounting and organizing equipment in racks.\" \/>\n<meta name=\"robots\" content=\"index, follow, max-snippet:-1, max-image-preview:large, max-video-preview:-1\" \/>\n<link rel=\"canonical\" href=\"https:\/\/sxflightcase.com\/pt\/produto\/calhas-de-montagem-em-bastidor-rab103\/\" \/>\n<meta property=\"og:locale\" content=\"pt_PT\" \/>\n<meta property=\"og:type\" content=\"article\" \/>\n<meta property=\"og:title\" content=\"Rack Mounting Rails RAB103\" \/>\n<meta property=\"og:description\" content=\"Rack mounting rails, factory direct! High-quality, durable rails designed for securely mounting and organizing equipment in racks.\" \/>\n<meta property=\"og:url\" content=\"https:\/\/sxflightcase.com\/pt\/produto\/calhas-de-montagem-em-bastidor-rab103\/\" \/>\n<meta property=\"og:site_name\" content=\"https:\/\/sxflightcase.com\" \/>\n<meta property=\"article:publisher\" content=\"https:\/\/www.facebook.com\/profile.php?id=61560407257971\" \/>\n<meta property=\"article:modified_time\" content=\"2024-09-09T06:19:36+00:00\" \/>\n<meta property=\"og:image\" content=\"https:\/\/sxflightcase.com\/wp-content\/uploads\/2024\/09\/RAB103.jpg\" \/>\n\t<meta property=\"og:image:width\" content=\"700\" \/>\n\t<meta property=\"og:image:height\" content=\"700\" \/>\n\t<meta property=\"og:image:type\" content=\"image\/jpeg\" \/>\n<meta name=\"twitter:card\" content=\"summary_large_image\" \/>\n<meta name=\"twitter:label1\" content=\"Tempo estimado de leitura\" \/>\n\t<meta name=\"twitter:data1\" content=\"3 minutos\" \/>\n<script type=\"application\/ld+json\" class=\"yoast-schema-graph\">{\"@context\":\"https:\/\/schema.org\",\"@graph\":[{\"@type\":\"WebPage\",\"@id\":\"https:\/\/sxflightcase.com\/product\/rack-mounting-rails-rab103\/\",\"url\":\"https:\/\/sxflightcase.com\/product\/rack-mounting-rails-rab103\/\",\"name\":\"Rack Mounting Rails RAB103 - https:\/\/sxflightcase.com \ud83d\udc97\",\"isPartOf\":{\"@id\":\"https:\/\/sxflightcase.com\/th\/#website\"},\"primaryImageOfPage\":{\"@id\":\"https:\/\/sxflightcase.com\/product\/rack-mounting-rails-rab103\/#primaryimage\"},\"image\":{\"@id\":\"https:\/\/sxflightcase.com\/product\/rack-mounting-rails-rab103\/#primaryimage\"},\"thumbnailUrl\":\"https:\/\/sxflightcase.com\/wp-content\/uploads\/2024\/09\/RAB103.jpg\",\"datePublished\":\"2024-09-09T06:19:35+00:00\",\"dateModified\":\"2024-09-09T06:19:36+00:00\",\"description\":\"Rack mounting rails, factory direct! High-quality, durable rails designed for securely mounting and organizing equipment in racks.\",\"breadcrumb\":{\"@id\":\"https:\/\/sxflightcase.com\/product\/rack-mounting-rails-rab103\/#breadcrumb\"},\"inLanguage\":\"pt-PT\",\"potentialAction\":[{\"@type\":\"ReadAction\",\"target\":[\"https:\/\/sxflightcase.com\/product\/rack-mounting-rails-rab103\/\"]}]},{\"@type\":\"ImageObject\",\"inLanguage\":\"pt-PT\",\"@id\":\"https:\/\/sxflightcase.com\/product\/rack-mounting-rails-rab103\/#primaryimage\",\"url\":\"https:\/\/sxflightcase.com\/wp-content\/uploads\/2024\/09\/RAB103.jpg\",\"contentUrl\":\"https:\/\/sxflightcase.com\/wp-content\/uploads\/2024\/09\/RAB103.jpg\",\"width\":700,\"height\":700,\"caption\":\"Rack Mounting Rails\"},{\"@type\":\"BreadcrumbList\",\"@id\":\"https:\/\/sxflightcase.com\/product\/rack-mounting-rails-rab103\/#breadcrumb\",\"itemListElement\":[{\"@type\":\"ListItem\",\"position\":1,\"name\":\"Home\",\"item\":\"https:\/\/sxflightcase.com\/\"},{\"@type\":\"ListItem\",\"position\":2,\"name\":\"\u0e2a\u0e34\u0e19\u0e04\u0e49\u0e32\",\"item\":\"https:\/\/sxflightcase.com\/th\/shop\/\"},{\"@type\":\"ListItem\",\"position\":3,\"name\":\"Rack Mounting Rails RAB103\"}]},{\"@type\":\"WebSite\",\"@id\":\"https:\/\/sxflightcase.com\/th\/#website\",\"url\":\"https:\/\/sxflightcase.com\/th\/\",\"name\":\"sxpowercase.com\",\"description\":\"Flight Case Factory\",\"publisher\":{\"@id\":\"https:\/\/sxflightcase.com\/th\/#organization\"},\"potentialAction\":[{\"@type\":\"SearchAction\",\"target\":{\"@type\":\"EntryPoint\",\"urlTemplate\":\"https:\/\/sxflightcase.com\/th\/?s={search_term_string}\"},\"query-input\":{\"@type\":\"PropertyValueSpecification\",\"valueRequired\":true,\"valueName\":\"search_term_string\"}}],\"inLanguage\":\"pt-PT\"},{\"@type\":\"Organization\",\"@id\":\"https:\/\/sxflightcase.com\/th\/#organization\",\"name\":\"sxpowercase.com\",\"url\":\"https:\/\/sxflightcase.com\/th\/\",\"logo\":{\"@type\":\"ImageObject\",\"inLanguage\":\"pt-PT\",\"@id\":\"https:\/\/sxflightcase.com\/th\/#\/schema\/logo\/image\/\",\"url\":\"https:\/\/sxflightcase.com\/wp-content\/uploads\/2024\/04\/1713919036007.jpg\",\"contentUrl\":\"https:\/\/sxflightcase.com\/wp-content\/uploads\/2024\/04\/1713919036007.jpg\",\"width\":382,\"height\":388,\"caption\":\"sxpowercase.com\"},\"image\":{\"@id\":\"https:\/\/sxflightcase.com\/th\/#\/schema\/logo\/image\/\"},\"sameAs\":[\"https:\/\/www.facebook.com\/profile.php?id=61560407257971\"],\"numberOfEmployees\":{\"@type\":\"QuantitativeValue\",\"minValue\":\"11\",\"maxValue\":\"50\"}}]}<\/script>\n<!-- \/ Yoast SEO Premium plugin. -->","yoast_head_json":{"title":"Rack Mounting Rails RAB103 - https:\/\/sxflightcase.com \ud83d\udc97","description":"Calhas de montagem em prateleiras, diretas da f\u00e1brica! Calhas de alta qualidade e duradouras concebidas para montar e organizar o equipamento em prateleiras de forma segura.","robots":{"index":"index","follow":"follow","max-snippet":"max-snippet:-1","max-image-preview":"max-image-preview:large","max-video-preview":"max-video-preview:-1"},"canonical":"https:\/\/sxflightcase.com\/pt\/produto\/calhas-de-montagem-em-bastidor-rab103\/","og_locale":"pt_PT","og_type":"article","og_title":"Rack Mounting Rails RAB103","og_description":"Rack mounting rails, factory direct! High-quality, durable rails designed for securely mounting and organizing equipment in racks.","og_url":"https:\/\/sxflightcase.com\/pt\/produto\/calhas-de-montagem-em-bastidor-rab103\/","og_site_name":"https:\/\/sxflightcase.com","article_publisher":"https:\/\/www.facebook.com\/profile.php?id=61560407257971","article_modified_time":"2024-09-09T06:19:36+00:00","og_image":[{"width":700,"height":700,"url":"https:\/\/sxflightcase.com\/wp-content\/uploads\/2024\/09\/RAB103.jpg","type":"image\/jpeg"}],"twitter_card":"summary_large_image","twitter_misc":{"Tempo estimado de leitura":"3 minutos"},"schema":{"@context":"https:\/\/schema.org","@graph":[{"@type":"WebPage","@id":"https:\/\/sxflightcase.com\/product\/rack-mounting-rails-rab103\/","url":"https:\/\/sxflightcase.com\/product\/rack-mounting-rails-rab103\/","name":"Rack Mounting Rails RAB103 - https:\/\/sxflightcase.com \ud83d\udc97","isPartOf":{"@id":"https:\/\/sxflightcase.com\/th\/#website"},"primaryImageOfPage":{"@id":"https:\/\/sxflightcase.com\/product\/rack-mounting-rails-rab103\/#primaryimage"},"image":{"@id":"https:\/\/sxflightcase.com\/product\/rack-mounting-rails-rab103\/#primaryimage"},"thumbnailUrl":"https:\/\/sxflightcase.com\/wp-content\/uploads\/2024\/09\/RAB103.jpg","datePublished":"2024-09-09T06:19:35+00:00","dateModified":"2024-09-09T06:19:36+00:00","description":"Calhas de montagem em prateleiras, diretas da f\u00e1brica! Calhas de alta qualidade e duradouras concebidas para montar e organizar o equipamento em prateleiras de forma segura.","breadcrumb":{"@id":"https:\/\/sxflightcase.com\/product\/rack-mounting-rails-rab103\/#breadcrumb"},"inLanguage":"pt-PT","potentialAction":[{"@type":"ReadAction","target":["https:\/\/sxflightcase.com\/product\/rack-mounting-rails-rab103\/"]}]},{"@type":"ImageObject","inLanguage":"pt-PT","@id":"https:\/\/sxflightcase.com\/product\/rack-mounting-rails-rab103\/#primaryimage","url":"https:\/\/sxflightcase.com\/wp-content\/uploads\/2024\/09\/RAB103.jpg","contentUrl":"https:\/\/sxflightcase.com\/wp-content\/uploads\/2024\/09\/RAB103.jpg","width":700,"height":700,"caption":"Rack Mounting Rails"},{"@type":"BreadcrumbList","@id":"https:\/\/sxflightcase.com\/product\/rack-mounting-rails-rab103\/#breadcrumb","itemListElement":[{"@type":"ListItem","position":1,"name":"Home","item":"https:\/\/sxflightcase.com\/"},{"@type":"ListItem","position":2,"name":"\u0e2a\u0e34\u0e19\u0e04\u0e49\u0e32","item":"https:\/\/sxflightcase.com\/th\/shop\/"},{"@type":"ListItem","position":3,"name":"Rack Mounting Rails RAB103"}]},{"@type":"WebSite","@id":"https:\/\/sxflightcase.com\/th\/#website","url":"https:\/\/sxflightcase.com\/th\/","name":"sxpowercase.com","description":"F\u00e1brica de malas de voo","publisher":{"@id":"https:\/\/sxflightcase.com\/th\/#organization"},"potentialAction":[{"@type":"SearchAction","target":{"@type":"EntryPoint","urlTemplate":"https:\/\/sxflightcase.com\/th\/?s={search_term_string}"},"query-input":{"@type":"PropertyValueSpecification","valueRequired":true,"valueName":"search_term_string"}}],"inLanguage":"pt-PT"},{"@type":"Organization","@id":"https:\/\/sxflightcase.com\/th\/#organization","name":"sxpowercase.com","url":"https:\/\/sxflightcase.com\/th\/","logo":{"@type":"ImageObject","inLanguage":"pt-PT","@id":"https:\/\/sxflightcase.com\/th\/#\/schema\/logo\/image\/","url":"https:\/\/sxflightcase.com\/wp-content\/uploads\/2024\/04\/1713919036007.jpg","contentUrl":"https:\/\/sxflightcase.com\/wp-content\/uploads\/2024\/04\/1713919036007.jpg","width":382,"height":388,"caption":"sxpowercase.com"},"image":{"@id":"https:\/\/sxflightcase.com\/th\/#\/schema\/logo\/image\/"},"sameAs":["https:\/\/www.facebook.com\/profile.php?id=61560407257971"],"numberOfEmployees":{"@type":"QuantitativeValue","minValue":"11","maxValue":"50"}}]}},"_links":{"self":[{"href":"https:\/\/sxflightcase.com\/pt\/wp-json\/wp\/v2\/product\/4321","targetHints":{"allow":["GET"]}}],"collection":[{"href":"https:\/\/sxflightcase.com\/pt\/wp-json\/wp\/v2\/product"}],"about":[{"href":"https:\/\/sxflightcase.com\/pt\/wp-json\/wp\/v2\/types\/product"}],"replies":[{"embeddable":true,"href":"https:\/\/sxflightcase.com\/pt\/wp-json\/wp\/v2\/comments?post=4321"}],"version-history":[{"count":0,"href":"https:\/\/sxflightcase.com\/pt\/wp-json\/wp\/v2\/product\/4321\/revisions"}],"wp:featuredmedia":[{"embeddable":true,"href":"https:\/\/sxflightcase.com\/pt\/wp-json\/wp\/v2\/media\/4277"}],"wp:attachment":[{"href":"https:\/\/sxflightcase.com\/pt\/wp-json\/wp\/v2\/media?parent=4321"}],"wp:term":[{"taxonomy":"product_brand","embeddable":true,"href":"https:\/\/sxflightcase.com\/pt\/wp-json\/wp\/v2\/product_brand?post=4321"},{"taxonomy":"product_cat","embeddable":true,"href":"https:\/\/sxflightcase.com\/pt\/wp-json\/wp\/v2\/product_cat?post=4321"},{"taxonomy":"product_tag","embeddable":true,"href":"https:\/\/sxflightcase.com\/pt\/wp-json\/wp\/v2\/product_tag?post=4321"}],"curies":[{"name":"wp","href":"https:\/\/api.w.org\/{rel}","templated":true}]}}