{"id":4331,"date":"2024-09-10T07:14:02","date_gmt":"2024-09-10T06:14:02","guid":{"rendered":"https:\/\/sxpowercase.com\/?post_type=product&#038;p=4331"},"modified":"2024-09-10T07:14:03","modified_gmt":"2024-09-10T06:14:03","slug":"equipment-rack-plate-rab201","status":"publish","type":"product","link":"https:\/\/sxflightcase.com\/pt\/produto\/placa-para-estantes-de-equipamento-rab201\/","title":{"rendered":"Placa para rack de equipamento RAB201"},"content":{"rendered":"<h3>Placa para rack de equipamento SX: Qualidade em que pode confiar<\/h3>\n<p>\u00c0 procura de um produto econ\u00f3mico mas duradouro <span style=\"color: #3366ff;\"><a style=\"color: #3366ff;\" href=\"https:\/\/sxpowercase.com\/product\/rack-mounting-rails-rab103\/\"><strong>Placa para rack de equipamento<\/strong><\/a><\/span> para a sua configura\u00e7\u00e3o profissional? <strong>SX<\/strong> oferece solu\u00e7\u00f5es de alta qualidade que garantem fiabilidade, mantendo os pre\u00e7os baixos atrav\u00e9s de vendas diretas da f\u00e1brica. Os nossos <strong>Placas para racks de equipamentos<\/strong> s\u00e3o ideais para v\u00e1rias aplica\u00e7\u00f5es, desde instala\u00e7\u00f5es audiovisuais at\u00e9 \u00e0 gest\u00e3o de servidores.<\/p>\n<h3>Constru\u00eddo para durar com materiais superiores<\/h3>\n<p>O <strong><a href=\"https:\/\/sxpowercase.com\/\" target=\"_blank\" rel=\"noopener\" title=\"SX\" data-wpil-monitor-id=\"734\">SX<\/a> Placa para rack de equipamento<\/strong> foi concebido a pensar na durabilidade. Fabricado com materiais de alta qualidade, proporciona uma excelente resist\u00eancia e um desempenho duradouro. Quer esteja a instalar-se num est\u00fadio, escrit\u00f3rio ou espa\u00e7o industrial, <strong>SX<\/strong> As placas podem suportar as exig\u00eancias de qualquer ambiente.<\/p>\n<h3>Instala\u00e7\u00e3o f\u00e1cil para uma configura\u00e7\u00e3o r\u00e1pida<\/h3>\n<p>Instalar o <strong>Placa para rack de equipamento<\/strong> de <strong>SX<\/strong> \u00e9 simples e r\u00e1pido. Concebido para ser compat\u00edvel com bastidores padr\u00e3o, oferece flexibilidade e facilidade de utiliza\u00e7\u00e3o. O design simples significa menos tempo gasto na instala\u00e7\u00e3o e mais tempo para se concentrar no seu trabalho.<\/p>\n<h3>Pre\u00e7os acess\u00edveis com vendas diretas da f\u00e1brica<\/h3>\n<p>Em <strong>SX<\/strong>Acreditamos que a qualidade n\u00e3o deve ter um pre\u00e7o elevado. Ao oferecer pre\u00e7os diretos de f\u00e1brica, eliminamos o intermedi\u00e1rio, garantindo que obt\u00e9m o melhor valor pelo seu dinheiro. Com <strong>Placas de rack para equipamento SX<\/strong>, pode desfrutar de produtos de qualidade superior sem gastar muito dinheiro.<\/p>\n<h3>Ajuste de precis\u00e3o para v\u00e1rias aplica\u00e7\u00f5es<\/h3>\n<p>O <strong>Placa para rack de equipamento<\/strong> por <strong>SX<\/strong> \u00e9 fabricada com precis\u00e3o para garantir um ajuste perfeito para uma variedade de configura\u00e7\u00f5es. Quer esteja a montar servidores, equipamento \u00e1udio ou outros dispositivos, as nossas placas proporcionam a seguran\u00e7a e a estabilidade de que necessita. Vers\u00e1til e adapt\u00e1vel, <strong>SX<\/strong> s\u00e3o adequados para qualquer ambiente profissional.<\/p>\n<h3>Normas de fabrico de alta qualidade<\/h3>\n<p>Todos <strong>Placa para rack de equipamento<\/strong> de <strong>SX<\/strong> passa por rigorosas medidas de controlo de qualidade. Isto garante que cada produto cumpre os nossos elevados padr\u00f5es de durabilidade e desempenho. Quando escolhe <strong>SX<\/strong>Se o seu produto for de confian\u00e7a, est\u00e1 a selecionar um produto em que pode confiar para obter resultados consistentes.<\/p>\n<h3>Desempenho vers\u00e1til e fi\u00e1vel<\/h3>\n<p>Independentemente do equipamento ou do ambiente, o <strong>Placas de rack para equipamento SX<\/strong> oferece uma solu\u00e7\u00e3o vers\u00e1til. O seu design garante a compatibilidade com uma vasta gama de sistemas, tornando-o a escolha ideal para profissionais que procuram uma op\u00e7\u00e3o de montagem fi\u00e1vel. Confian\u00e7a <strong>SX<\/strong> para apoiar o seu equipamento com confian\u00e7a.<\/p>\n<p>Escolher <strong>Placas de rack para equipamento SX<\/strong> para o seu pr\u00f3ximo projeto e experimente a qualidade de topo, a durabilidade e a acessibilidade, tudo num s\u00f3.<\/p>\n<ol>\n<li>Contactar agora:<span style=\"color: #0000ff;\"><a style=\"color: #0000ff;\" href=\"https:\/\/sxpowercase.com\/contact-us\/\">https:\/\/sxpowercase.com\/<\/a><\/span><\/li>\n<li>Cat\u00e1logo de produtos de hardware\uff1a<span style=\"color: #3366ff;\"><a style=\"color: #3366ff;\" href=\"https:\/\/sxpowercase.com\/wp-content\/uploads\/2024\/07\/\u4e94\u91d1.pdf\">Cat\u00e1logo de acess\u00f3rios de ferragens<\/a><\/span><\/li>\n<\/ol>","protected":false},"excerpt":{"rendered":"<h3>Placa para rack de equipamento SX: Fi\u00e1vel e acess\u00edvel<\/h3>\n<p>A SX oferece placas de rack para equipamento duradouras com pre\u00e7os diretos de f\u00e1brica, garantindo qualidade e acessibilidade para a sua configura\u00e7\u00e3o profissional.<\/p>\n<h3>Constru\u00eddo para a for\u00e7a e a longevidade<\/h3>\n<p>Fabricadas a partir de materiais de alta qualidade, as placas para bastidor da SX Equipment foram concebidas para resistir a ambientes exigentes, proporcionando um desempenho duradouro.<\/p>\n<h3>Instala\u00e7\u00e3o f\u00e1cil para uma utiliza\u00e7\u00e3o flex\u00edvel<\/h3>\n<p>Com um ajuste de precis\u00e3o e compatibilidade com racks padr\u00e3o, as placas de rack para equipamento SX oferecem uma instala\u00e7\u00e3o r\u00e1pida e sem problemas para qualquer configura\u00e7\u00e3o.<\/p>","protected":false},"featured_media":4278,"comment_status":"open","ping_status":"closed","template":"","meta":[],"product_brand":[],"product_cat":[66],"product_tag":[],"class_list":{"0":"post-4331","1":"product","2":"type-product","3":"status-publish","4":"has-post-thumbnail","6":"product_cat-rack-hardware","8":"first","9":"instock","10":"shipping-taxable","11":"product-type-simple"},"yoast_head":"<!-- This site is optimized with the Yoast SEO Premium plugin v27.1 (Yoast SEO v27.2) - https:\/\/yoast.com\/product\/yoast-seo-premium-wordpress\/ -->\n<title>Equipment Rack Plate RAB201 - https:\/\/sxflightcase.com \ud83d\udc97<\/title>\n<meta name=\"description\" content=\"Equipment rack plate, factory direct! High-quality, durable plates designed for securely mounting equipment in racks. Ideal for professional setups, providing stability and organization for your gear.\" \/>\n<meta name=\"robots\" content=\"index, follow, max-snippet:-1, max-image-preview:large, max-video-preview:-1\" \/>\n<link rel=\"canonical\" href=\"https:\/\/sxflightcase.com\/pt\/produto\/placa-para-estantes-de-equipamento-rab201\/\" \/>\n<meta property=\"og:locale\" content=\"pt_PT\" \/>\n<meta property=\"og:type\" content=\"article\" \/>\n<meta property=\"og:title\" content=\"Equipment Rack Plate RAB201\" \/>\n<meta property=\"og:description\" content=\"Equipment rack plate, factory direct! High-quality, durable plates designed for securely mounting equipment in racks. Ideal for professional setups, providing stability and organization for your gear.\" \/>\n<meta property=\"og:url\" content=\"https:\/\/sxflightcase.com\/pt\/produto\/placa-para-estantes-de-equipamento-rab201\/\" \/>\n<meta property=\"og:site_name\" content=\"https:\/\/sxflightcase.com\" \/>\n<meta property=\"article:publisher\" content=\"https:\/\/www.facebook.com\/profile.php?id=61560407257971\" \/>\n<meta property=\"article:modified_time\" content=\"2024-09-10T06:14:03+00:00\" \/>\n<meta property=\"og:image\" content=\"https:\/\/sxflightcase.com\/wp-content\/uploads\/2024\/09\/RAB201.jpg\" \/>\n\t<meta property=\"og:image:width\" content=\"700\" \/>\n\t<meta property=\"og:image:height\" content=\"700\" \/>\n\t<meta property=\"og:image:type\" content=\"image\/jpeg\" \/>\n<meta name=\"twitter:card\" content=\"summary_large_image\" \/>\n<meta name=\"twitter:label1\" content=\"Tempo estimado de leitura\" \/>\n\t<meta name=\"twitter:data1\" content=\"3 minutos\" \/>\n<script type=\"application\/ld+json\" class=\"yoast-schema-graph\">{\"@context\":\"https:\/\/schema.org\",\"@graph\":[{\"@type\":\"WebPage\",\"@id\":\"https:\/\/sxflightcase.com\/product\/equipment-rack-plate-rab201\/\",\"url\":\"https:\/\/sxflightcase.com\/product\/equipment-rack-plate-rab201\/\",\"name\":\"Equipment Rack Plate RAB201 - https:\/\/sxflightcase.com \ud83d\udc97\",\"isPartOf\":{\"@id\":\"https:\/\/sxflightcase.com\/th\/#website\"},\"primaryImageOfPage\":{\"@id\":\"https:\/\/sxflightcase.com\/product\/equipment-rack-plate-rab201\/#primaryimage\"},\"image\":{\"@id\":\"https:\/\/sxflightcase.com\/product\/equipment-rack-plate-rab201\/#primaryimage\"},\"thumbnailUrl\":\"https:\/\/sxflightcase.com\/wp-content\/uploads\/2024\/09\/RAB201.jpg\",\"datePublished\":\"2024-09-10T06:14:02+00:00\",\"dateModified\":\"2024-09-10T06:14:03+00:00\",\"description\":\"Equipment rack plate, factory direct! High-quality, durable plates designed for securely mounting equipment in racks. Ideal for professional setups, providing stability and organization for your gear.\",\"breadcrumb\":{\"@id\":\"https:\/\/sxflightcase.com\/product\/equipment-rack-plate-rab201\/#breadcrumb\"},\"inLanguage\":\"pt-PT\",\"potentialAction\":[{\"@type\":\"ReadAction\",\"target\":[\"https:\/\/sxflightcase.com\/product\/equipment-rack-plate-rab201\/\"]}]},{\"@type\":\"ImageObject\",\"inLanguage\":\"pt-PT\",\"@id\":\"https:\/\/sxflightcase.com\/product\/equipment-rack-plate-rab201\/#primaryimage\",\"url\":\"https:\/\/sxflightcase.com\/wp-content\/uploads\/2024\/09\/RAB201.jpg\",\"contentUrl\":\"https:\/\/sxflightcase.com\/wp-content\/uploads\/2024\/09\/RAB201.jpg\",\"width\":700,\"height\":700,\"caption\":\"Equipment Rack Plate\"},{\"@type\":\"BreadcrumbList\",\"@id\":\"https:\/\/sxflightcase.com\/product\/equipment-rack-plate-rab201\/#breadcrumb\",\"itemListElement\":[{\"@type\":\"ListItem\",\"position\":1,\"name\":\"Home\",\"item\":\"https:\/\/sxflightcase.com\/\"},{\"@type\":\"ListItem\",\"position\":2,\"name\":\"\u0e2a\u0e34\u0e19\u0e04\u0e49\u0e32\",\"item\":\"https:\/\/sxflightcase.com\/th\/shop\/\"},{\"@type\":\"ListItem\",\"position\":3,\"name\":\"Equipment Rack Plate RAB201\"}]},{\"@type\":\"WebSite\",\"@id\":\"https:\/\/sxflightcase.com\/th\/#website\",\"url\":\"https:\/\/sxflightcase.com\/th\/\",\"name\":\"sxpowercase.com\",\"description\":\"Flight Case Factory\",\"publisher\":{\"@id\":\"https:\/\/sxflightcase.com\/th\/#organization\"},\"potentialAction\":[{\"@type\":\"SearchAction\",\"target\":{\"@type\":\"EntryPoint\",\"urlTemplate\":\"https:\/\/sxflightcase.com\/th\/?s={search_term_string}\"},\"query-input\":{\"@type\":\"PropertyValueSpecification\",\"valueRequired\":true,\"valueName\":\"search_term_string\"}}],\"inLanguage\":\"pt-PT\"},{\"@type\":\"Organization\",\"@id\":\"https:\/\/sxflightcase.com\/th\/#organization\",\"name\":\"sxpowercase.com\",\"url\":\"https:\/\/sxflightcase.com\/th\/\",\"logo\":{\"@type\":\"ImageObject\",\"inLanguage\":\"pt-PT\",\"@id\":\"https:\/\/sxflightcase.com\/th\/#\/schema\/logo\/image\/\",\"url\":\"https:\/\/sxflightcase.com\/wp-content\/uploads\/2024\/04\/1713919036007.jpg\",\"contentUrl\":\"https:\/\/sxflightcase.com\/wp-content\/uploads\/2024\/04\/1713919036007.jpg\",\"width\":382,\"height\":388,\"caption\":\"sxpowercase.com\"},\"image\":{\"@id\":\"https:\/\/sxflightcase.com\/th\/#\/schema\/logo\/image\/\"},\"sameAs\":[\"https:\/\/www.facebook.com\/profile.php?id=61560407257971\"],\"numberOfEmployees\":{\"@type\":\"QuantitativeValue\",\"minValue\":\"11\",\"maxValue\":\"50\"}}]}<\/script>\n<!-- \/ Yoast SEO Premium plugin. -->","yoast_head_json":{"title":"Equipment Rack Plate RAB201 - https:\/\/sxflightcase.com \ud83d\udc97","description":"Placa para bastidor de equipamento, direta da f\u00e1brica! Placas de alta qualidade e duradouras, concebidas para a montagem segura de equipamento em bastidores. Ideal para instala\u00e7\u00f5es profissionais, proporcionando estabilidade e organiza\u00e7\u00e3o para o seu equipamento.","robots":{"index":"index","follow":"follow","max-snippet":"max-snippet:-1","max-image-preview":"max-image-preview:large","max-video-preview":"max-video-preview:-1"},"canonical":"https:\/\/sxflightcase.com\/pt\/produto\/placa-para-estantes-de-equipamento-rab201\/","og_locale":"pt_PT","og_type":"article","og_title":"Equipment Rack Plate RAB201","og_description":"Equipment rack plate, factory direct! High-quality, durable plates designed for securely mounting equipment in racks. Ideal for professional setups, providing stability and organization for your gear.","og_url":"https:\/\/sxflightcase.com\/pt\/produto\/placa-para-estantes-de-equipamento-rab201\/","og_site_name":"https:\/\/sxflightcase.com","article_publisher":"https:\/\/www.facebook.com\/profile.php?id=61560407257971","article_modified_time":"2024-09-10T06:14:03+00:00","og_image":[{"width":700,"height":700,"url":"https:\/\/sxflightcase.com\/wp-content\/uploads\/2024\/09\/RAB201.jpg","type":"image\/jpeg"}],"twitter_card":"summary_large_image","twitter_misc":{"Tempo estimado de leitura":"3 minutos"},"schema":{"@context":"https:\/\/schema.org","@graph":[{"@type":"WebPage","@id":"https:\/\/sxflightcase.com\/product\/equipment-rack-plate-rab201\/","url":"https:\/\/sxflightcase.com\/product\/equipment-rack-plate-rab201\/","name":"Equipment Rack Plate RAB201 - https:\/\/sxflightcase.com \ud83d\udc97","isPartOf":{"@id":"https:\/\/sxflightcase.com\/th\/#website"},"primaryImageOfPage":{"@id":"https:\/\/sxflightcase.com\/product\/equipment-rack-plate-rab201\/#primaryimage"},"image":{"@id":"https:\/\/sxflightcase.com\/product\/equipment-rack-plate-rab201\/#primaryimage"},"thumbnailUrl":"https:\/\/sxflightcase.com\/wp-content\/uploads\/2024\/09\/RAB201.jpg","datePublished":"2024-09-10T06:14:02+00:00","dateModified":"2024-09-10T06:14:03+00:00","description":"Placa para bastidor de equipamento, direta da f\u00e1brica! Placas de alta qualidade e duradouras, concebidas para a montagem segura de equipamento em bastidores. Ideal para instala\u00e7\u00f5es profissionais, proporcionando estabilidade e organiza\u00e7\u00e3o para o seu equipamento.","breadcrumb":{"@id":"https:\/\/sxflightcase.com\/product\/equipment-rack-plate-rab201\/#breadcrumb"},"inLanguage":"pt-PT","potentialAction":[{"@type":"ReadAction","target":["https:\/\/sxflightcase.com\/product\/equipment-rack-plate-rab201\/"]}]},{"@type":"ImageObject","inLanguage":"pt-PT","@id":"https:\/\/sxflightcase.com\/product\/equipment-rack-plate-rab201\/#primaryimage","url":"https:\/\/sxflightcase.com\/wp-content\/uploads\/2024\/09\/RAB201.jpg","contentUrl":"https:\/\/sxflightcase.com\/wp-content\/uploads\/2024\/09\/RAB201.jpg","width":700,"height":700,"caption":"Equipment Rack Plate"},{"@type":"BreadcrumbList","@id":"https:\/\/sxflightcase.com\/product\/equipment-rack-plate-rab201\/#breadcrumb","itemListElement":[{"@type":"ListItem","position":1,"name":"Home","item":"https:\/\/sxflightcase.com\/"},{"@type":"ListItem","position":2,"name":"\u0e2a\u0e34\u0e19\u0e04\u0e49\u0e32","item":"https:\/\/sxflightcase.com\/th\/shop\/"},{"@type":"ListItem","position":3,"name":"Equipment Rack Plate RAB201"}]},{"@type":"WebSite","@id":"https:\/\/sxflightcase.com\/th\/#website","url":"https:\/\/sxflightcase.com\/th\/","name":"sxpowercase.com","description":"F\u00e1brica de malas de voo","publisher":{"@id":"https:\/\/sxflightcase.com\/th\/#organization"},"potentialAction":[{"@type":"SearchAction","target":{"@type":"EntryPoint","urlTemplate":"https:\/\/sxflightcase.com\/th\/?s={search_term_string}"},"query-input":{"@type":"PropertyValueSpecification","valueRequired":true,"valueName":"search_term_string"}}],"inLanguage":"pt-PT"},{"@type":"Organization","@id":"https:\/\/sxflightcase.com\/th\/#organization","name":"sxpowercase.com","url":"https:\/\/sxflightcase.com\/th\/","logo":{"@type":"ImageObject","inLanguage":"pt-PT","@id":"https:\/\/sxflightcase.com\/th\/#\/schema\/logo\/image\/","url":"https:\/\/sxflightcase.com\/wp-content\/uploads\/2024\/04\/1713919036007.jpg","contentUrl":"https:\/\/sxflightcase.com\/wp-content\/uploads\/2024\/04\/1713919036007.jpg","width":382,"height":388,"caption":"sxpowercase.com"},"image":{"@id":"https:\/\/sxflightcase.com\/th\/#\/schema\/logo\/image\/"},"sameAs":["https:\/\/www.facebook.com\/profile.php?id=61560407257971"],"numberOfEmployees":{"@type":"QuantitativeValue","minValue":"11","maxValue":"50"}}]}},"_links":{"self":[{"href":"https:\/\/sxflightcase.com\/pt\/wp-json\/wp\/v2\/product\/4331","targetHints":{"allow":["GET"]}}],"collection":[{"href":"https:\/\/sxflightcase.com\/pt\/wp-json\/wp\/v2\/product"}],"about":[{"href":"https:\/\/sxflightcase.com\/pt\/wp-json\/wp\/v2\/types\/product"}],"replies":[{"embeddable":true,"href":"https:\/\/sxflightcase.com\/pt\/wp-json\/wp\/v2\/comments?post=4331"}],"version-history":[{"count":0,"href":"https:\/\/sxflightcase.com\/pt\/wp-json\/wp\/v2\/product\/4331\/revisions"}],"wp:featuredmedia":[{"embeddable":true,"href":"https:\/\/sxflightcase.com\/pt\/wp-json\/wp\/v2\/media\/4278"}],"wp:attachment":[{"href":"https:\/\/sxflightcase.com\/pt\/wp-json\/wp\/v2\/media?parent=4331"}],"wp:term":[{"taxonomy":"product_brand","embeddable":true,"href":"https:\/\/sxflightcase.com\/pt\/wp-json\/wp\/v2\/product_brand?post=4331"},{"taxonomy":"product_cat","embeddable":true,"href":"https:\/\/sxflightcase.com\/pt\/wp-json\/wp\/v2\/product_cat?post=4331"},{"taxonomy":"product_tag","embeddable":true,"href":"https:\/\/sxflightcase.com\/pt\/wp-json\/wp\/v2\/product_tag?post=4331"}],"curies":[{"name":"wp","href":"https:\/\/api.w.org\/{rel}","templated":true}]}}