{"id":4334,"date":"2024-09-10T07:25:20","date_gmt":"2024-09-10T06:25:20","guid":{"rendered":"https:\/\/sxpowercase.com\/?post_type=product&#038;p=4334"},"modified":"2024-09-10T07:25:21","modified_gmt":"2024-09-10T06:25:21","slug":"rack-panel-rab203","status":"publish","type":"product","link":"https:\/\/sxflightcase.com\/pt\/produto\/painel-de-rack-rab203\/","title":{"rendered":"Painel de rack RAB203"},"content":{"rendered":"<h3>Pain\u00e9is de rack Premium da SX para todas as suas necessidades<\/h3>\n<p>\u00c0 procura de um profissional de confian\u00e7a <span style=\"color: #0000ff;\"><a style=\"color: #0000ff;\" href=\"https:\/\/sxpowercase.com\/product\/equipment-rack-plate-rab202\/\"><strong>Painel de rack<\/strong><\/a><\/span> a um pre\u00e7o acess\u00edvel? <strong>SX<\/strong> oferece solu\u00e7\u00f5es de alta qualidade diretamente da f\u00e1brica. Os nossos <strong>Pain\u00e9is de rack<\/strong> s\u00e3o concebidos para satisfazer as suas necessidades, quer esteja a criar um novo sistema ou a atualizar a sua configura\u00e7\u00e3o atual.<\/p>\n<h3>Materiais de alta qualidade para m\u00e1xima durabilidade<\/h3>\n<p>O nosso <strong>Pain\u00e9is de rack<\/strong> s\u00e3o fabricados com materiais de alta qualidade para garantir durabilidade e resist\u00eancia. Com <strong><a href=\"https:\/\/sxpowercase.com\/\" target=\"_blank\" rel=\"noopener\" title=\"SX\" data-wpil-monitor-id=\"736\">SX<\/a><\/strong> Com os nossos produtos, obt\u00e9m um painel que n\u00e3o s\u00f3 tem um \u00f3timo aspeto, como tamb\u00e9m resiste \u00e0s exig\u00eancias dos ambientes profissionais. A qualidade \u00e9 garantida e o nosso pre\u00e7o direto da f\u00e1brica significa que n\u00e3o ter\u00e1 de gastar muito dinheiro.<\/p>\n<h3>F\u00e1cil instala\u00e7\u00e3o e versatilidade<\/h3>\n<p>O <strong>Painel SX Rack<\/strong> foi concebido para uma instala\u00e7\u00e3o f\u00e1cil e uma utiliza\u00e7\u00e3o vers\u00e1til. Quer esteja a montar servidores, equipamento \u00e1udio ou outro hardware, os nossos pain\u00e9is encaixam perfeitamente em bastidores padr\u00e3o, tornando a instala\u00e7\u00e3o r\u00e1pida e direta. Isto garante uma experi\u00eancia sem problemas e um acabamento sempre profissional.<\/p>\n<h3>Pre\u00e7os diretos da f\u00e1brica para um grande valor<\/h3>\n<p>Em <strong>SX<\/strong>, oferecemos os nossos <strong>Pain\u00e9is de rack<\/strong> diretamente da f\u00e1brica, o que significa que beneficia de pre\u00e7os mais baixos sem comprometer a qualidade. A nossa abordagem direta ao cliente garante-lhe um valor excecional, permitindo-lhe equipar a sua estante com pain\u00e9is de qualidade superior por uma fra\u00e7\u00e3o do custo.<\/p>\n<h3>Aplica\u00e7\u00f5es vers\u00e1teis para diferentes necessidades<\/h3>\n<p>O <strong>Painel SX Rack<\/strong> \u00e9 perfeito para uma s\u00e9rie de aplica\u00e7\u00f5es, desde racks de servidores a configura\u00e7\u00f5es AV. O seu design \u00e9 adapt\u00e1vel a v\u00e1rias necessidades de montagem, tornando-o uma escolha vers\u00e1til para qualquer configura\u00e7\u00e3o profissional ou industrial. Esta flexibilidade faz dos nossos pain\u00e9is um investimento inteligente para qualquer organiza\u00e7\u00e3o de equipamento.<\/p>\n<h3>Garantia de qualidade rigorosa para uma maior tranquilidade<\/h3>\n<p>Todos <strong>Painel de rack<\/strong> de <strong>SX<\/strong> \u00e9 submetido a controlos de qualidade rigorosos para garantir que cumpre os nossos elevados padr\u00f5es. Temos orgulho em fornecer produtos que oferecem fiabilidade e longevidade. Quando escolhe <strong>SX<\/strong>Se optar por um sistema de montagem seguro, pode ficar descansado sabendo que o seu equipamento est\u00e1 bem montado.<\/p>\n<h3>A confian\u00e7a dos profissionais do sector<\/h3>\n<p>O nosso <strong>Pain\u00e9is de rack<\/strong> t\u00eam a confian\u00e7a dos profissionais da ind\u00fastria pela sua fiabilidade e desempenho. <strong>SX<\/strong> construiu uma reputa\u00e7\u00e3o de fornecer produtos de qualidade que funcionam sob press\u00e3o. Quer esteja a equipar um est\u00fadio ou um centro de dados, os nossos pain\u00e9is oferecem a solu\u00e7\u00e3o fi\u00e1vel de que necessita.<\/p>\n<p>Para pr\u00e9mios <strong>Pain\u00e9is de rack<\/strong> que combinam qualidade, pre\u00e7o acess\u00edvel e facilidade de utiliza\u00e7\u00e3o, n\u00e3o precisa de procurar mais <strong>SX<\/strong>. A nossa abordagem direta da f\u00e1brica garante que obt\u00e9m o melhor produto ao melhor pre\u00e7o. Escolha <strong>SX<\/strong> para todas as suas necessidades de montagem em bastidor.<\/p>\n<ol>\n<li>Contactar agora:<span style=\"color: #0000ff;\"><a style=\"color: #0000ff;\" href=\"https:\/\/sxpowercase.com\/contact-us\/\">https:\/\/sxpowercase.com\/<\/a><\/span><\/li>\n<li>Cat\u00e1logo de produtos de hardware\uff1a<span style=\"color: #0000ff;\"><a style=\"color: #0000ff;\" href=\"https:\/\/sxpowercase.com\/wp-content\/uploads\/2024\/07\/\u4e94\u91d1.pdf\">Cat\u00e1logo de acess\u00f3rios de ferragens<\/a><\/span><\/li>\n<\/ol>","protected":false},"excerpt":{"rendered":"<div class=\"flex-shrink-0 flex flex-col relative items-end\">\n<div>\n<div class=\"pt-0\">\n<div class=\"gizmo-bot-avatar flex h-8 w-8 items-center justify-center overflow-hidden rounded-full\">\n<div class=\"relative p-1 rounded-sm flex items-center justify-center bg-token-main-surface-primary text-token-text-primary h-8 w-8\"><\/div>\n<\/div>\n<\/div>\n<\/div>\n<\/div>\n<div class=\"group\/conversation-turn relative flex w-full min-w-0 flex-col agent-turn\">\n<div class=\"flex-col gap-1 md:gap-3\">\n<div class=\"flex max-w-full flex-col flex-grow\">\n<div class=\"min-h-[20px] text-message flex w-full flex-col items-end gap-2 whitespace-normal break-words [.text-message+&amp;]:mt-5\" dir=\"auto\" data-message-author-role=\"assistant\" data-message-id=\"f77ba064-ccd1-4820-b71e-f917db2e329b\">\n<div class=\"flex w-full flex-col gap-1 empty:hidden first:pt-[3px]\">\n<div class=\"markdown prose w-full break-words dark:prose-invert light\">\n<h3>Premium SX Rack Panels: Affordable Excellence<\/h3>\n<p>SX delivers high-quality Rack Panels straight from the factory, offering both durability and affordability for your setup.<\/p>\n<h3>Durable Materials for Professional Use<\/h3>\n<p>Crafted from high-grade materials, SX Rack Panels provide long-lasting strength and reliability, perfect for demanding environments.<\/p>\n<h3>Easy Installation and Versatile Applications<\/h3>\n<p>Designed for quick setup and compatibility with standard racks, SX Rack Panels are versatile for various mounting needs, ensuring a seamless and professional finish.<\/p>\n<\/div>\n<\/div>\n<\/div>\n<\/div>\n<\/div>\n<\/div>\n","protected":false},"featured_media":4280,"comment_status":"open","ping_status":"closed","template":"","meta":[],"product_brand":[],"product_cat":[66],"product_tag":[],"class_list":{"0":"post-4334","1":"product","2":"type-product","3":"status-publish","4":"has-post-thumbnail","6":"product_cat-rack-hardware","8":"first","9":"instock","10":"shipping-taxable","11":"product-type-simple"},"yoast_head":"<!-- This site is optimized with the Yoast SEO Premium plugin v27.1 (Yoast SEO v27.2) - https:\/\/yoast.com\/product\/yoast-seo-premium-wordpress\/ -->\n<title>Rack Panel RAB203 - https:\/\/sxflightcase.com \ud83d\udc97<\/title>\n<meta name=\"description\" content=\"Rack panel, factory direct! High-quality, durable panels designed for mounting and organizing equipment in racks. Ideal for professional and industrial setups, ensuring secure and efficient use.\" \/>\n<meta name=\"robots\" content=\"index, follow, max-snippet:-1, max-image-preview:large, max-video-preview:-1\" \/>\n<link rel=\"canonical\" href=\"https:\/\/sxflightcase.com\/pt\/produto\/painel-de-rack-rab203\/\" \/>\n<meta property=\"og:locale\" content=\"pt_PT\" \/>\n<meta property=\"og:type\" content=\"article\" \/>\n<meta property=\"og:title\" content=\"Rack Panel RAB203\" \/>\n<meta property=\"og:description\" content=\"Rack panel, factory direct! High-quality, durable panels designed for mounting and organizing equipment in racks. Ideal for professional and industrial setups, ensuring secure and efficient use.\" \/>\n<meta property=\"og:url\" content=\"https:\/\/sxflightcase.com\/pt\/produto\/painel-de-rack-rab203\/\" \/>\n<meta property=\"og:site_name\" content=\"https:\/\/sxflightcase.com\" \/>\n<meta property=\"article:publisher\" content=\"https:\/\/www.facebook.com\/profile.php?id=61560407257971\" \/>\n<meta property=\"article:modified_time\" content=\"2024-09-10T06:25:21+00:00\" \/>\n<meta property=\"og:image\" content=\"https:\/\/sxflightcase.com\/wp-content\/uploads\/2024\/09\/RAB203.jpg\" \/>\n\t<meta property=\"og:image:width\" content=\"700\" \/>\n\t<meta property=\"og:image:height\" content=\"700\" \/>\n\t<meta property=\"og:image:type\" content=\"image\/jpeg\" \/>\n<meta name=\"twitter:card\" content=\"summary_large_image\" \/>\n<meta name=\"twitter:label1\" content=\"Tempo estimado de leitura\" \/>\n\t<meta name=\"twitter:data1\" content=\"3 minutos\" \/>\n<script type=\"application\/ld+json\" class=\"yoast-schema-graph\">{\"@context\":\"https:\/\/schema.org\",\"@graph\":[{\"@type\":\"WebPage\",\"@id\":\"https:\/\/sxflightcase.com\/product\/rack-panel-rab203\/\",\"url\":\"https:\/\/sxflightcase.com\/product\/rack-panel-rab203\/\",\"name\":\"Rack Panel RAB203 - https:\/\/sxflightcase.com \ud83d\udc97\",\"isPartOf\":{\"@id\":\"https:\/\/sxflightcase.com\/th\/#website\"},\"primaryImageOfPage\":{\"@id\":\"https:\/\/sxflightcase.com\/product\/rack-panel-rab203\/#primaryimage\"},\"image\":{\"@id\":\"https:\/\/sxflightcase.com\/product\/rack-panel-rab203\/#primaryimage\"},\"thumbnailUrl\":\"https:\/\/sxflightcase.com\/wp-content\/uploads\/2024\/09\/RAB203.jpg\",\"datePublished\":\"2024-09-10T06:25:20+00:00\",\"dateModified\":\"2024-09-10T06:25:21+00:00\",\"description\":\"Rack panel, factory direct! High-quality, durable panels designed for mounting and organizing equipment in racks. Ideal for professional and industrial setups, ensuring secure and efficient use.\",\"breadcrumb\":{\"@id\":\"https:\/\/sxflightcase.com\/product\/rack-panel-rab203\/#breadcrumb\"},\"inLanguage\":\"pt-PT\",\"potentialAction\":[{\"@type\":\"ReadAction\",\"target\":[\"https:\/\/sxflightcase.com\/product\/rack-panel-rab203\/\"]}]},{\"@type\":\"ImageObject\",\"inLanguage\":\"pt-PT\",\"@id\":\"https:\/\/sxflightcase.com\/product\/rack-panel-rab203\/#primaryimage\",\"url\":\"https:\/\/sxflightcase.com\/wp-content\/uploads\/2024\/09\/RAB203.jpg\",\"contentUrl\":\"https:\/\/sxflightcase.com\/wp-content\/uploads\/2024\/09\/RAB203.jpg\",\"width\":700,\"height\":700,\"caption\":\"Rack Panel\"},{\"@type\":\"BreadcrumbList\",\"@id\":\"https:\/\/sxflightcase.com\/product\/rack-panel-rab203\/#breadcrumb\",\"itemListElement\":[{\"@type\":\"ListItem\",\"position\":1,\"name\":\"Home\",\"item\":\"https:\/\/sxflightcase.com\/\"},{\"@type\":\"ListItem\",\"position\":2,\"name\":\"\u0e2a\u0e34\u0e19\u0e04\u0e49\u0e32\",\"item\":\"https:\/\/sxflightcase.com\/th\/shop\/\"},{\"@type\":\"ListItem\",\"position\":3,\"name\":\"Rack Panel RAB203\"}]},{\"@type\":\"WebSite\",\"@id\":\"https:\/\/sxflightcase.com\/th\/#website\",\"url\":\"https:\/\/sxflightcase.com\/th\/\",\"name\":\"sxpowercase.com\",\"description\":\"Flight Case Factory\",\"publisher\":{\"@id\":\"https:\/\/sxflightcase.com\/th\/#organization\"},\"potentialAction\":[{\"@type\":\"SearchAction\",\"target\":{\"@type\":\"EntryPoint\",\"urlTemplate\":\"https:\/\/sxflightcase.com\/th\/?s={search_term_string}\"},\"query-input\":{\"@type\":\"PropertyValueSpecification\",\"valueRequired\":true,\"valueName\":\"search_term_string\"}}],\"inLanguage\":\"pt-PT\"},{\"@type\":\"Organization\",\"@id\":\"https:\/\/sxflightcase.com\/th\/#organization\",\"name\":\"sxpowercase.com\",\"url\":\"https:\/\/sxflightcase.com\/th\/\",\"logo\":{\"@type\":\"ImageObject\",\"inLanguage\":\"pt-PT\",\"@id\":\"https:\/\/sxflightcase.com\/th\/#\/schema\/logo\/image\/\",\"url\":\"https:\/\/sxflightcase.com\/wp-content\/uploads\/2024\/04\/1713919036007.jpg\",\"contentUrl\":\"https:\/\/sxflightcase.com\/wp-content\/uploads\/2024\/04\/1713919036007.jpg\",\"width\":382,\"height\":388,\"caption\":\"sxpowercase.com\"},\"image\":{\"@id\":\"https:\/\/sxflightcase.com\/th\/#\/schema\/logo\/image\/\"},\"sameAs\":[\"https:\/\/www.facebook.com\/profile.php?id=61560407257971\"],\"numberOfEmployees\":{\"@type\":\"QuantitativeValue\",\"minValue\":\"11\",\"maxValue\":\"50\"}}]}<\/script>\n<!-- \/ Yoast SEO Premium plugin. -->","yoast_head_json":{"title":"Rack Panel RAB203 - https:\/\/sxflightcase.com \ud83d\udc97","description":"Painel para rack, direto da f\u00e1brica! Pain\u00e9is de elevada qualidade e durabilidade, concebidos para a montagem e organiza\u00e7\u00e3o de equipamentos em bastidores. Ideais para instala\u00e7\u00f5es profissionais e industriais, garantem uma utiliza\u00e7\u00e3o segura e eficiente.","robots":{"index":"index","follow":"follow","max-snippet":"max-snippet:-1","max-image-preview":"max-image-preview:large","max-video-preview":"max-video-preview:-1"},"canonical":"https:\/\/sxflightcase.com\/pt\/produto\/painel-de-rack-rab203\/","og_locale":"pt_PT","og_type":"article","og_title":"Rack Panel RAB203","og_description":"Rack panel, factory direct! High-quality, durable panels designed for mounting and organizing equipment in racks. Ideal for professional and industrial setups, ensuring secure and efficient use.","og_url":"https:\/\/sxflightcase.com\/pt\/produto\/painel-de-rack-rab203\/","og_site_name":"https:\/\/sxflightcase.com","article_publisher":"https:\/\/www.facebook.com\/profile.php?id=61560407257971","article_modified_time":"2024-09-10T06:25:21+00:00","og_image":[{"width":700,"height":700,"url":"https:\/\/sxflightcase.com\/wp-content\/uploads\/2024\/09\/RAB203.jpg","type":"image\/jpeg"}],"twitter_card":"summary_large_image","twitter_misc":{"Tempo estimado de leitura":"3 minutos"},"schema":{"@context":"https:\/\/schema.org","@graph":[{"@type":"WebPage","@id":"https:\/\/sxflightcase.com\/product\/rack-panel-rab203\/","url":"https:\/\/sxflightcase.com\/product\/rack-panel-rab203\/","name":"Rack Panel RAB203 - https:\/\/sxflightcase.com \ud83d\udc97","isPartOf":{"@id":"https:\/\/sxflightcase.com\/th\/#website"},"primaryImageOfPage":{"@id":"https:\/\/sxflightcase.com\/product\/rack-panel-rab203\/#primaryimage"},"image":{"@id":"https:\/\/sxflightcase.com\/product\/rack-panel-rab203\/#primaryimage"},"thumbnailUrl":"https:\/\/sxflightcase.com\/wp-content\/uploads\/2024\/09\/RAB203.jpg","datePublished":"2024-09-10T06:25:20+00:00","dateModified":"2024-09-10T06:25:21+00:00","description":"Painel para rack, direto da f\u00e1brica! Pain\u00e9is de elevada qualidade e durabilidade, concebidos para a montagem e organiza\u00e7\u00e3o de equipamentos em bastidores. Ideais para instala\u00e7\u00f5es profissionais e industriais, garantem uma utiliza\u00e7\u00e3o segura e eficiente.","breadcrumb":{"@id":"https:\/\/sxflightcase.com\/product\/rack-panel-rab203\/#breadcrumb"},"inLanguage":"pt-PT","potentialAction":[{"@type":"ReadAction","target":["https:\/\/sxflightcase.com\/product\/rack-panel-rab203\/"]}]},{"@type":"ImageObject","inLanguage":"pt-PT","@id":"https:\/\/sxflightcase.com\/product\/rack-panel-rab203\/#primaryimage","url":"https:\/\/sxflightcase.com\/wp-content\/uploads\/2024\/09\/RAB203.jpg","contentUrl":"https:\/\/sxflightcase.com\/wp-content\/uploads\/2024\/09\/RAB203.jpg","width":700,"height":700,"caption":"Rack Panel"},{"@type":"BreadcrumbList","@id":"https:\/\/sxflightcase.com\/product\/rack-panel-rab203\/#breadcrumb","itemListElement":[{"@type":"ListItem","position":1,"name":"Home","item":"https:\/\/sxflightcase.com\/"},{"@type":"ListItem","position":2,"name":"\u0e2a\u0e34\u0e19\u0e04\u0e49\u0e32","item":"https:\/\/sxflightcase.com\/th\/shop\/"},{"@type":"ListItem","position":3,"name":"Rack Panel RAB203"}]},{"@type":"WebSite","@id":"https:\/\/sxflightcase.com\/th\/#website","url":"https:\/\/sxflightcase.com\/th\/","name":"sxpowercase.com","description":"F\u00e1brica de malas de voo","publisher":{"@id":"https:\/\/sxflightcase.com\/th\/#organization"},"potentialAction":[{"@type":"SearchAction","target":{"@type":"EntryPoint","urlTemplate":"https:\/\/sxflightcase.com\/th\/?s={search_term_string}"},"query-input":{"@type":"PropertyValueSpecification","valueRequired":true,"valueName":"search_term_string"}}],"inLanguage":"pt-PT"},{"@type":"Organization","@id":"https:\/\/sxflightcase.com\/th\/#organization","name":"sxpowercase.com","url":"https:\/\/sxflightcase.com\/th\/","logo":{"@type":"ImageObject","inLanguage":"pt-PT","@id":"https:\/\/sxflightcase.com\/th\/#\/schema\/logo\/image\/","url":"https:\/\/sxflightcase.com\/wp-content\/uploads\/2024\/04\/1713919036007.jpg","contentUrl":"https:\/\/sxflightcase.com\/wp-content\/uploads\/2024\/04\/1713919036007.jpg","width":382,"height":388,"caption":"sxpowercase.com"},"image":{"@id":"https:\/\/sxflightcase.com\/th\/#\/schema\/logo\/image\/"},"sameAs":["https:\/\/www.facebook.com\/profile.php?id=61560407257971"],"numberOfEmployees":{"@type":"QuantitativeValue","minValue":"11","maxValue":"50"}}]}},"_links":{"self":[{"href":"https:\/\/sxflightcase.com\/pt\/wp-json\/wp\/v2\/product\/4334","targetHints":{"allow":["GET"]}}],"collection":[{"href":"https:\/\/sxflightcase.com\/pt\/wp-json\/wp\/v2\/product"}],"about":[{"href":"https:\/\/sxflightcase.com\/pt\/wp-json\/wp\/v2\/types\/product"}],"replies":[{"embeddable":true,"href":"https:\/\/sxflightcase.com\/pt\/wp-json\/wp\/v2\/comments?post=4334"}],"version-history":[{"count":0,"href":"https:\/\/sxflightcase.com\/pt\/wp-json\/wp\/v2\/product\/4334\/revisions"}],"wp:featuredmedia":[{"embeddable":true,"href":"https:\/\/sxflightcase.com\/pt\/wp-json\/wp\/v2\/media\/4280"}],"wp:attachment":[{"href":"https:\/\/sxflightcase.com\/pt\/wp-json\/wp\/v2\/media?parent=4334"}],"wp:term":[{"taxonomy":"product_brand","embeddable":true,"href":"https:\/\/sxflightcase.com\/pt\/wp-json\/wp\/v2\/product_brand?post=4334"},{"taxonomy":"product_cat","embeddable":true,"href":"https:\/\/sxflightcase.com\/pt\/wp-json\/wp\/v2\/product_cat?post=4334"},{"taxonomy":"product_tag","embeddable":true,"href":"https:\/\/sxflightcase.com\/pt\/wp-json\/wp\/v2\/product_tag?post=4334"}],"curies":[{"name":"wp","href":"https:\/\/api.w.org\/{rel}","templated":true}]}}