{"id":4336,"date":"2024-09-10T07:29:19","date_gmt":"2024-09-10T06:29:19","guid":{"rendered":"https:\/\/sxpowercase.com\/?post_type=product&#038;p=4336"},"modified":"2024-09-10T07:29:20","modified_gmt":"2024-09-10T06:29:20","slug":"rack-panel-rab204","status":"publish","type":"product","link":"https:\/\/sxflightcase.com\/pt\/produto\/painel-de-rack-rab204\/","title":{"rendered":"Painel de rack RAB204"},"content":{"rendered":"<h3>Pain\u00e9is para rack de alta qualidade da SX a pre\u00e7os de f\u00e1brica<\/h3>\n<p>\u00c0 procura de produtos duradouros <strong>Pain\u00e9is de rack<\/strong> que oferecem qualidade e pre\u00e7os acess\u00edveis? N\u00e3o precisa de procurar mais <strong>SX<\/strong>. O nosso <a href=\"https:\/\/sxpowercase.com\/product\/rack-panel-rab203\/\"><strong>Pain\u00e9is de rack<\/strong><\/a> s\u00e3o fabricados segundo os mais elevados padr\u00f5es e est\u00e3o dispon\u00edveis a pre\u00e7os diretos de f\u00e1brica, proporcionando um valor imbat\u00edvel para a sua instala\u00e7\u00e3o.<\/p>\n<h3>Constru\u00eddo para durar com materiais de primeira qualidade<\/h3>\n<p>Em <strong><a href=\"https:\/\/sxpowercase.com\/\" target=\"_blank\" rel=\"noopener\" title=\"SX\" data-wpil-monitor-id=\"737\">SX<\/a><\/strong>A nossa empresa acredita que os produtos s\u00e3o duradouros. Os nossos <strong>Pain\u00e9is de rack<\/strong> s\u00e3o fabricados com materiais de primeira qualidade que garantem que podem suportar os rigores da utiliza\u00e7\u00e3o quotidiana. Concebidos para serem resistentes e duradouros, estes pain\u00e9is proteger\u00e3o o seu equipamento e manter\u00e3o o seu sistema organizado.<\/p>\n<h3>Instala\u00e7\u00e3o r\u00e1pida e simples<\/h3>\n<p>O <strong>Painel SX Rack<\/strong> \u00e9 f\u00e1cil de instalar, poupando-lhe tempo e esfor\u00e7o. Concebidos para se adaptarem perfeitamente a bastidores padr\u00e3o, os nossos pain\u00e9is facilitam a montagem segura do seu equipamento. Quer se trate de uma configura\u00e7\u00e3o AV profissional ou de um centro de dados, pode contar com <strong>SX<\/strong> para uma experi\u00eancia de instala\u00e7\u00e3o sem problemas.<\/p>\n<h3>Solu\u00e7\u00f5es acess\u00edveis com vendas diretas da f\u00e1brica<\/h3>\n<p>Com <strong>SX<\/strong>N\u00e3o \u00e9 necess\u00e1rio sacrificar a qualidade para obter um \u00f3timo pre\u00e7o. Gra\u00e7as ao nosso modelo de venda direta \u00e0 f\u00e1brica, podemos oferecer os nossos produtos de alta qualidade <strong>Pain\u00e9is de rack<\/strong> a pre\u00e7os mais baixos. Isto permite-lhe desfrutar de produtos de topo de gama sem exceder o seu or\u00e7amento.<\/p>\n<h3>Design vers\u00e1til para m\u00faltiplas aplica\u00e7\u00f5es<\/h3>\n<p>Independentemente do tipo de equipamento que est\u00e1 a instalar, <strong>Pain\u00e9is de rack SX<\/strong> s\u00e3o suficientemente vers\u00e1teis para se adaptarem a v\u00e1rias necessidades. A sua conce\u00e7\u00e3o assegura a compatibilidade com uma vasta gama de sistemas, desde racks de servidores a equipamento \u00e1udio. Esta adaptabilidade faz dos nossos pain\u00e9is a escolha perfeita para qualquer configura\u00e7\u00e3o.<\/p>\n<h3>Garantia de qualidade fi\u00e1vel<\/h3>\n<p>Cada <strong>Painel de rack<\/strong> de <strong>SX<\/strong> s\u00e3o submetidos a testes rigorosos para garantir que cumprem os nossos rigorosos padr\u00f5es de qualidade. Estamos empenhados em fornecer produtos que n\u00e3o s\u00f3 tenham um bom desempenho, como tamb\u00e9m ofere\u00e7am longevidade e fiabilidade. Pode confiar <strong>SX<\/strong> para fornecer um painel que corresponda \u00e0s suas elevadas expectativas.<\/p>\n<h3>Escolhido por profissionais de todo o mundo<\/h3>\n<p>Profissionais de todo o mundo escolhem <strong>Pain\u00e9is de rack SX<\/strong> pela sua durabilidade e desempenho. Quer esteja a montar um est\u00fadio em casa ou a gerir um centro de dados em grande escala, os nossos pain\u00e9is fornecem o suporte fi\u00e1vel de que necessita para manter o seu equipamento seguro e organizado.<\/p>\n<p>Para uma solu\u00e7\u00e3o econ\u00f3mica e de alta qualidade <strong>Pain\u00e9is de rack<\/strong>, escolher <strong>SX<\/strong>. Combinamos o pre\u00e7o de f\u00e1brica com materiais de primeira qualidade para lhe oferecer o melhor valor. Confian\u00e7a <strong>SX<\/strong> para todas as suas solu\u00e7\u00f5es de montagem em bastidor.<\/p>\n<ol>\n<li>Contactar agora:<span style=\"color: #0000ff;\"><a style=\"color: #0000ff;\" href=\"https:\/\/sxpowercase.com\/contact-us\/\">https:\/\/sxpowercase.com\/<\/a><\/span><\/li>\n<li>Cat\u00e1logo de produtos de hardware\uff1a<span style=\"color: #0000ff;\"><a style=\"color: #0000ff;\" href=\"https:\/\/sxpowercase.com\/wp-content\/uploads\/2024\/07\/\u4e94\u91d1.pdf\">Cat\u00e1logo de acess\u00f3rios de ferragens<\/a><\/span><\/li>\n<\/ol>","protected":false},"excerpt":{"rendered":"<div class=\"flex-shrink-0 flex flex-col relative items-end\">\n<div>\n<div class=\"pt-0\">\n<div class=\"gizmo-bot-avatar flex h-8 w-8 items-center justify-center overflow-hidden rounded-full\">\n<div class=\"relative p-1 rounded-sm flex items-center justify-center bg-token-main-surface-primary text-token-text-primary h-8 w-8\"><\/div>\n<\/div>\n<\/div>\n<\/div>\n<\/div>\n<div class=\"group\/conversation-turn relative flex w-full min-w-0 flex-col agent-turn\">\n<div class=\"flex-col gap-1 md:gap-3\">\n<div class=\"flex max-w-full flex-col flex-grow\">\n<div class=\"min-h-[20px] text-message flex w-full flex-col items-end gap-2 whitespace-normal break-words [.text-message+&amp;]:mt-5\" dir=\"auto\" data-message-author-role=\"assistant\" data-message-id=\"f77ba064-ccd1-4820-b71e-f917db2e329b\">\n<div class=\"flex w-full flex-col gap-1 empty:hidden first:pt-[3px]\">\n<div class=\"markdown prose w-full break-words dark:prose-invert light\">\n<h3>Premium SX Rack Panels: Affordable Excellence<\/h3>\n<p>SX delivers high-quality Rack Panels straight from the factory, offering both durability and affordability for your setup.<\/p>\n<h3>Durable Materials for Professional Use<\/h3>\n<p>Crafted from high-grade materials, SX Rack Panels provide long-lasting strength and reliability, perfect for demanding environments.<\/p>\n<h3>Easy Installation and Versatile Applications<\/h3>\n<p>Designed for quick setup and compatibility with standard racks, SX Rack Panels are versatile for various mounting needs, ensuring a seamless and professional finish.<\/p>\n<\/div>\n<\/div>\n<\/div>\n<\/div>\n<\/div>\n<\/div>\n","protected":false},"featured_media":4281,"comment_status":"open","ping_status":"closed","template":"","meta":[],"product_brand":[],"product_cat":[66],"product_tag":[],"class_list":{"0":"post-4336","1":"product","2":"type-product","3":"status-publish","4":"has-post-thumbnail","6":"product_cat-rack-hardware","8":"first","9":"instock","10":"shipping-taxable","11":"product-type-simple"},"yoast_head":"<!-- This site is optimized with the Yoast SEO Premium plugin v27.1 (Yoast SEO v27.2) - https:\/\/yoast.com\/product\/yoast-seo-premium-wordpress\/ -->\n<title>Rack Panel RAB204 - https:\/\/sxflightcase.com \ud83d\udc97<\/title>\n<meta name=\"description\" content=\"Rack panel, factory direct! High-quality, durable panels designed for mounting and organizing equipment in racks. Ideal for professional and industrial setups, ensuring secure and efficient use.\" \/>\n<meta name=\"robots\" content=\"index, follow, max-snippet:-1, max-image-preview:large, max-video-preview:-1\" \/>\n<link rel=\"canonical\" href=\"https:\/\/sxflightcase.com\/pt\/produto\/painel-de-rack-rab204\/\" \/>\n<meta property=\"og:locale\" content=\"pt_PT\" \/>\n<meta property=\"og:type\" content=\"article\" \/>\n<meta property=\"og:title\" content=\"Rack Panel RAB204\" \/>\n<meta property=\"og:description\" content=\"Rack panel, factory direct! High-quality, durable panels designed for mounting and organizing equipment in racks. Ideal for professional and industrial setups, ensuring secure and efficient use.\" \/>\n<meta property=\"og:url\" content=\"https:\/\/sxflightcase.com\/pt\/produto\/painel-de-rack-rab204\/\" \/>\n<meta property=\"og:site_name\" content=\"https:\/\/sxflightcase.com\" \/>\n<meta property=\"article:publisher\" content=\"https:\/\/www.facebook.com\/profile.php?id=61560407257971\" \/>\n<meta property=\"article:modified_time\" content=\"2024-09-10T06:29:20+00:00\" \/>\n<meta property=\"og:image\" content=\"https:\/\/sxflightcase.com\/wp-content\/uploads\/2024\/09\/RAB204.jpg\" \/>\n\t<meta property=\"og:image:width\" content=\"700\" \/>\n\t<meta property=\"og:image:height\" content=\"700\" \/>\n\t<meta property=\"og:image:type\" content=\"image\/jpeg\" \/>\n<meta name=\"twitter:card\" content=\"summary_large_image\" \/>\n<meta name=\"twitter:label1\" content=\"Tempo estimado de leitura\" \/>\n\t<meta name=\"twitter:data1\" content=\"3 minutos\" \/>\n<script type=\"application\/ld+json\" class=\"yoast-schema-graph\">{\"@context\":\"https:\/\/schema.org\",\"@graph\":[{\"@type\":\"WebPage\",\"@id\":\"https:\/\/sxflightcase.com\/product\/rack-panel-rab204\/\",\"url\":\"https:\/\/sxflightcase.com\/product\/rack-panel-rab204\/\",\"name\":\"Rack Panel RAB204 - https:\/\/sxflightcase.com \ud83d\udc97\",\"isPartOf\":{\"@id\":\"https:\/\/sxflightcase.com\/th\/#website\"},\"primaryImageOfPage\":{\"@id\":\"https:\/\/sxflightcase.com\/product\/rack-panel-rab204\/#primaryimage\"},\"image\":{\"@id\":\"https:\/\/sxflightcase.com\/product\/rack-panel-rab204\/#primaryimage\"},\"thumbnailUrl\":\"https:\/\/sxflightcase.com\/wp-content\/uploads\/2024\/09\/RAB204.jpg\",\"datePublished\":\"2024-09-10T06:29:19+00:00\",\"dateModified\":\"2024-09-10T06:29:20+00:00\",\"description\":\"Rack panel, factory direct! High-quality, durable panels designed for mounting and organizing equipment in racks. Ideal for professional and industrial setups, ensuring secure and efficient use.\",\"breadcrumb\":{\"@id\":\"https:\/\/sxflightcase.com\/product\/rack-panel-rab204\/#breadcrumb\"},\"inLanguage\":\"pt-PT\",\"potentialAction\":[{\"@type\":\"ReadAction\",\"target\":[\"https:\/\/sxflightcase.com\/product\/rack-panel-rab204\/\"]}]},{\"@type\":\"ImageObject\",\"inLanguage\":\"pt-PT\",\"@id\":\"https:\/\/sxflightcase.com\/product\/rack-panel-rab204\/#primaryimage\",\"url\":\"https:\/\/sxflightcase.com\/wp-content\/uploads\/2024\/09\/RAB204.jpg\",\"contentUrl\":\"https:\/\/sxflightcase.com\/wp-content\/uploads\/2024\/09\/RAB204.jpg\",\"width\":700,\"height\":700,\"caption\":\"Rack Panel\"},{\"@type\":\"BreadcrumbList\",\"@id\":\"https:\/\/sxflightcase.com\/product\/rack-panel-rab204\/#breadcrumb\",\"itemListElement\":[{\"@type\":\"ListItem\",\"position\":1,\"name\":\"Home\",\"item\":\"https:\/\/sxflightcase.com\/\"},{\"@type\":\"ListItem\",\"position\":2,\"name\":\"\u0e2a\u0e34\u0e19\u0e04\u0e49\u0e32\",\"item\":\"https:\/\/sxflightcase.com\/th\/shop\/\"},{\"@type\":\"ListItem\",\"position\":3,\"name\":\"Rack Panel RAB204\"}]},{\"@type\":\"WebSite\",\"@id\":\"https:\/\/sxflightcase.com\/th\/#website\",\"url\":\"https:\/\/sxflightcase.com\/th\/\",\"name\":\"sxpowercase.com\",\"description\":\"Flight Case Factory\",\"publisher\":{\"@id\":\"https:\/\/sxflightcase.com\/th\/#organization\"},\"potentialAction\":[{\"@type\":\"SearchAction\",\"target\":{\"@type\":\"EntryPoint\",\"urlTemplate\":\"https:\/\/sxflightcase.com\/th\/?s={search_term_string}\"},\"query-input\":{\"@type\":\"PropertyValueSpecification\",\"valueRequired\":true,\"valueName\":\"search_term_string\"}}],\"inLanguage\":\"pt-PT\"},{\"@type\":\"Organization\",\"@id\":\"https:\/\/sxflightcase.com\/th\/#organization\",\"name\":\"sxpowercase.com\",\"url\":\"https:\/\/sxflightcase.com\/th\/\",\"logo\":{\"@type\":\"ImageObject\",\"inLanguage\":\"pt-PT\",\"@id\":\"https:\/\/sxflightcase.com\/th\/#\/schema\/logo\/image\/\",\"url\":\"https:\/\/sxflightcase.com\/wp-content\/uploads\/2024\/04\/1713919036007.jpg\",\"contentUrl\":\"https:\/\/sxflightcase.com\/wp-content\/uploads\/2024\/04\/1713919036007.jpg\",\"width\":382,\"height\":388,\"caption\":\"sxpowercase.com\"},\"image\":{\"@id\":\"https:\/\/sxflightcase.com\/th\/#\/schema\/logo\/image\/\"},\"sameAs\":[\"https:\/\/www.facebook.com\/profile.php?id=61560407257971\"],\"numberOfEmployees\":{\"@type\":\"QuantitativeValue\",\"minValue\":\"11\",\"maxValue\":\"50\"}}]}<\/script>\n<!-- \/ Yoast SEO Premium plugin. -->","yoast_head_json":{"title":"Rack Panel RAB204 - https:\/\/sxflightcase.com \ud83d\udc97","description":"Painel para rack, direto da f\u00e1brica! Pain\u00e9is de elevada qualidade e durabilidade, concebidos para a montagem e organiza\u00e7\u00e3o de equipamentos em bastidores. Ideais para instala\u00e7\u00f5es profissionais e industriais, garantem uma utiliza\u00e7\u00e3o segura e eficiente.","robots":{"index":"index","follow":"follow","max-snippet":"max-snippet:-1","max-image-preview":"max-image-preview:large","max-video-preview":"max-video-preview:-1"},"canonical":"https:\/\/sxflightcase.com\/pt\/produto\/painel-de-rack-rab204\/","og_locale":"pt_PT","og_type":"article","og_title":"Rack Panel RAB204","og_description":"Rack panel, factory direct! High-quality, durable panels designed for mounting and organizing equipment in racks. Ideal for professional and industrial setups, ensuring secure and efficient use.","og_url":"https:\/\/sxflightcase.com\/pt\/produto\/painel-de-rack-rab204\/","og_site_name":"https:\/\/sxflightcase.com","article_publisher":"https:\/\/www.facebook.com\/profile.php?id=61560407257971","article_modified_time":"2024-09-10T06:29:20+00:00","og_image":[{"width":700,"height":700,"url":"https:\/\/sxflightcase.com\/wp-content\/uploads\/2024\/09\/RAB204.jpg","type":"image\/jpeg"}],"twitter_card":"summary_large_image","twitter_misc":{"Tempo estimado de leitura":"3 minutos"},"schema":{"@context":"https:\/\/schema.org","@graph":[{"@type":"WebPage","@id":"https:\/\/sxflightcase.com\/product\/rack-panel-rab204\/","url":"https:\/\/sxflightcase.com\/product\/rack-panel-rab204\/","name":"Rack Panel RAB204 - https:\/\/sxflightcase.com \ud83d\udc97","isPartOf":{"@id":"https:\/\/sxflightcase.com\/th\/#website"},"primaryImageOfPage":{"@id":"https:\/\/sxflightcase.com\/product\/rack-panel-rab204\/#primaryimage"},"image":{"@id":"https:\/\/sxflightcase.com\/product\/rack-panel-rab204\/#primaryimage"},"thumbnailUrl":"https:\/\/sxflightcase.com\/wp-content\/uploads\/2024\/09\/RAB204.jpg","datePublished":"2024-09-10T06:29:19+00:00","dateModified":"2024-09-10T06:29:20+00:00","description":"Painel para rack, direto da f\u00e1brica! Pain\u00e9is de elevada qualidade e durabilidade, concebidos para a montagem e organiza\u00e7\u00e3o de equipamentos em bastidores. Ideais para instala\u00e7\u00f5es profissionais e industriais, garantem uma utiliza\u00e7\u00e3o segura e eficiente.","breadcrumb":{"@id":"https:\/\/sxflightcase.com\/product\/rack-panel-rab204\/#breadcrumb"},"inLanguage":"pt-PT","potentialAction":[{"@type":"ReadAction","target":["https:\/\/sxflightcase.com\/product\/rack-panel-rab204\/"]}]},{"@type":"ImageObject","inLanguage":"pt-PT","@id":"https:\/\/sxflightcase.com\/product\/rack-panel-rab204\/#primaryimage","url":"https:\/\/sxflightcase.com\/wp-content\/uploads\/2024\/09\/RAB204.jpg","contentUrl":"https:\/\/sxflightcase.com\/wp-content\/uploads\/2024\/09\/RAB204.jpg","width":700,"height":700,"caption":"Rack Panel"},{"@type":"BreadcrumbList","@id":"https:\/\/sxflightcase.com\/product\/rack-panel-rab204\/#breadcrumb","itemListElement":[{"@type":"ListItem","position":1,"name":"Home","item":"https:\/\/sxflightcase.com\/"},{"@type":"ListItem","position":2,"name":"\u0e2a\u0e34\u0e19\u0e04\u0e49\u0e32","item":"https:\/\/sxflightcase.com\/th\/shop\/"},{"@type":"ListItem","position":3,"name":"Rack Panel RAB204"}]},{"@type":"WebSite","@id":"https:\/\/sxflightcase.com\/th\/#website","url":"https:\/\/sxflightcase.com\/th\/","name":"sxpowercase.com","description":"F\u00e1brica de malas de voo","publisher":{"@id":"https:\/\/sxflightcase.com\/th\/#organization"},"potentialAction":[{"@type":"SearchAction","target":{"@type":"EntryPoint","urlTemplate":"https:\/\/sxflightcase.com\/th\/?s={search_term_string}"},"query-input":{"@type":"PropertyValueSpecification","valueRequired":true,"valueName":"search_term_string"}}],"inLanguage":"pt-PT"},{"@type":"Organization","@id":"https:\/\/sxflightcase.com\/th\/#organization","name":"sxpowercase.com","url":"https:\/\/sxflightcase.com\/th\/","logo":{"@type":"ImageObject","inLanguage":"pt-PT","@id":"https:\/\/sxflightcase.com\/th\/#\/schema\/logo\/image\/","url":"https:\/\/sxflightcase.com\/wp-content\/uploads\/2024\/04\/1713919036007.jpg","contentUrl":"https:\/\/sxflightcase.com\/wp-content\/uploads\/2024\/04\/1713919036007.jpg","width":382,"height":388,"caption":"sxpowercase.com"},"image":{"@id":"https:\/\/sxflightcase.com\/th\/#\/schema\/logo\/image\/"},"sameAs":["https:\/\/www.facebook.com\/profile.php?id=61560407257971"],"numberOfEmployees":{"@type":"QuantitativeValue","minValue":"11","maxValue":"50"}}]}},"_links":{"self":[{"href":"https:\/\/sxflightcase.com\/pt\/wp-json\/wp\/v2\/product\/4336","targetHints":{"allow":["GET"]}}],"collection":[{"href":"https:\/\/sxflightcase.com\/pt\/wp-json\/wp\/v2\/product"}],"about":[{"href":"https:\/\/sxflightcase.com\/pt\/wp-json\/wp\/v2\/types\/product"}],"replies":[{"embeddable":true,"href":"https:\/\/sxflightcase.com\/pt\/wp-json\/wp\/v2\/comments?post=4336"}],"version-history":[{"count":0,"href":"https:\/\/sxflightcase.com\/pt\/wp-json\/wp\/v2\/product\/4336\/revisions"}],"wp:featuredmedia":[{"embeddable":true,"href":"https:\/\/sxflightcase.com\/pt\/wp-json\/wp\/v2\/media\/4281"}],"wp:attachment":[{"href":"https:\/\/sxflightcase.com\/pt\/wp-json\/wp\/v2\/media?parent=4336"}],"wp:term":[{"taxonomy":"product_brand","embeddable":true,"href":"https:\/\/sxflightcase.com\/pt\/wp-json\/wp\/v2\/product_brand?post=4336"},{"taxonomy":"product_cat","embeddable":true,"href":"https:\/\/sxflightcase.com\/pt\/wp-json\/wp\/v2\/product_cat?post=4336"},{"taxonomy":"product_tag","embeddable":true,"href":"https:\/\/sxflightcase.com\/pt\/wp-json\/wp\/v2\/product_tag?post=4336"}],"curies":[{"name":"wp","href":"https:\/\/api.w.org\/{rel}","templated":true}]}}