{"id":4355,"date":"2024-09-11T06:59:14","date_gmt":"2024-09-11T05:59:14","guid":{"rendered":"https:\/\/sxpowercase.com\/?post_type=product&#038;p=4355"},"modified":"2024-09-11T06:59:15","modified_gmt":"2024-09-11T05:59:15","slug":"panel-rack-rab205","status":"publish","type":"product","link":"https:\/\/sxflightcase.com\/pt\/produto\/rack-de-painel-rab205\/","title":{"rendered":"Rack de pain\u00e9is RAB205"},"content":{"rendered":"<h3>Bastidores de alta qualidade da SX a pre\u00e7os acess\u00edveis<\/h3>\n<p>Quando se procura uma empresa de confian\u00e7a <a href=\"https:\/\/sxpowercase.com\/product\/rack-panel-rab204\/\"><strong>Bastidor de pain\u00e9is<\/strong><\/a>, <strong>SX<\/strong> tem tudo o que precisa. As nossas estantes de pain\u00e9is s\u00e3o concebidas para proporcionar um suporte robusto e a m\u00e1xima funcionalidade, mantendo um pre\u00e7o acess\u00edvel. Com <strong>SX<\/strong>A qualidade \u00e9 duradoura, sem gastar muito.<\/p>\n<h3>Design dur\u00e1vel e desempenho fi\u00e1vel<\/h3>\n<p>Em <strong><a href=\"https:\/\/sxpowercase.com\/\" target=\"_blank\" rel=\"noopener\" title=\"SX\" data-wpil-monitor-id=\"742\">SX<\/a><\/strong>, damos prioridade \u00e0 durabilidade e ao desempenho. Cada <strong>Bastidor de pain\u00e9is<\/strong> As racks que produzimos s\u00e3o constru\u00eddas com materiais de alta qualidade para garantir que podem suportar os ambientes mais dif\u00edceis. Quer esteja a utiliz\u00e1-las num ambiente comercial ou num est\u00fadio em casa, as nossas estantes proporcionam uma estabilidade duradoura.<\/p>\n<h3>F\u00e1cil de instalar, poupan\u00e7a direta da f\u00e1brica<\/h3>\n<p>O nosso <strong>Estantes para pain\u00e9is<\/strong> s\u00e3o concebidos para uma instala\u00e7\u00e3o r\u00e1pida, tornando o seu processo de configura\u00e7\u00e3o suave e sem complica\u00e7\u00f5es. Al\u00e9m disso, com o nosso modelo direto da f\u00e1brica, podemos oferecer estes produtos de primeira qualidade a pre\u00e7os significativamente mais baixos. Isto significa que obt\u00e9m equipamento de topo de gama sem pagar mais.<\/p>\n<h3>Qualidade de confian\u00e7a, garantida<\/h3>\n<p><strong>SX<\/strong> garante a qualidade de cada <strong>Bastidor de pain\u00e9is<\/strong> n\u00f3s fabricamos. Testes rigorosos garantem que cada produto cumpre os nossos elevados padr\u00f5es de resist\u00eancia e durabilidade. Pode contar com as nossas estantes para manter o seu equipamento seguro e organizado, independentemente da aplica\u00e7\u00e3o.<\/p>\n<h3>Perfeito para m\u00faltiplas aplica\u00e7\u00f5es<\/h3>\n<p>Quer esteja a configurar um sistema AV ou a gerir uma sala de servidores, <strong>SX<\/strong> <strong>Estantes para pain\u00e9is<\/strong> s\u00e3o suficientemente vers\u00e1teis para satisfazer todas as suas necessidades. O seu design adapt\u00e1vel torna-os ideais para v\u00e1rias configura\u00e7\u00f5es, garantindo a compatibilidade com uma vasta gama de equipamentos. Com <strong>SX<\/strong>, tem uma solu\u00e7\u00e3o que se adapta.<\/p>\n<h3>Valor para o dinheiro com vendas diretas da f\u00e1brica<\/h3>\n<p>Em <strong>SX<\/strong>Acreditamos que as solu\u00e7\u00f5es de alta qualidade tamb\u00e9m devem ser acess\u00edveis. O nosso modelo de vendas diretas na f\u00e1brica permite-nos oferecer as nossas solu\u00e7\u00f5es de qualidade superior <strong>Estantes para pain\u00e9is<\/strong> a pre\u00e7os imbat\u00edveis. Com <strong>SX<\/strong>A sua qualidade \u00e9 a melhor, sem custos elevados, o que lhe garante uma boa rela\u00e7\u00e3o qualidade\/pre\u00e7o.<\/p>\n<h3>A escolha de confian\u00e7a dos profissionais em todo o mundo<\/h3>\n<p>Profissionais de todo o mundo escolhem <strong>Racks para pain\u00e9is SX<\/strong> pela sua fiabilidade e valor. Desde profissionais de TI a engenheiros de \u00e1udio, as nossas estantes s\u00e3o fi\u00e1veis pela sua durabilidade e desempenho em qualquer ambiente. Com <strong>SX<\/strong>O facto de estar a escolher uma marca conhecida pela sua qualidade e confian\u00e7a.<\/p>\n<p>Se precisa de um produto econ\u00f3mico e de elevado desempenho <strong>Estantes para pain\u00e9is<\/strong>, <strong>SX<\/strong> \u00e9 o nome em que pode confiar. A qualidade \u00e9 garantida, os pre\u00e7os s\u00e3o baixos e a instala\u00e7\u00e3o \u00e9 f\u00e1cil. Escolha <strong>SX<\/strong> para a sua pr\u00f3xima solu\u00e7\u00e3o de bastidor e experimente a fiabilidade de topo sem os custos elevados.<\/p>\n<ol>\n<li>Contactar agora:<span style=\"color: #0000ff;\"><a style=\"color: #0000ff;\" href=\"https:\/\/sxpowercase.com\/contact-us\/\">https:\/\/sxpowercase.com\/<\/a><\/span><\/li>\n<li>Cat\u00e1logo de produtos de hardware\uff1a<span style=\"color: #0000ff;\"><a style=\"color: #0000ff;\" href=\"https:\/\/sxpowercase.com\/wp-content\/uploads\/2024\/07\/\u4e94\u91d1.pdf\">Cat\u00e1logo de acess\u00f3rios de ferragens<\/a><\/span><\/li>\n<\/ol>","protected":false},"excerpt":{"rendered":"<h3>Pain\u00e9is de rack SX: Alta qualidade a pre\u00e7os de f\u00e1brica<\/h3>\n<p>A SX oferece pain\u00e9is de bastidor duradouros fabricados com materiais de primeira qualidade, proporcionando uma qualidade de topo a pre\u00e7os acess\u00edveis, diretos da f\u00e1brica.<\/p>\n<h3>Instala\u00e7\u00e3o r\u00e1pida e utiliza\u00e7\u00e3o vers\u00e1til<\/h3>\n<p>Os nossos pain\u00e9is de rack foram concebidos para uma instala\u00e7\u00e3o f\u00e1cil e compatibilidade com v\u00e1rios sistemas, garantindo um ajuste seguro para qualquer configura\u00e7\u00e3o.<\/p>\n<h3>Confiado por profissionais em todo o mundo<\/h3>\n<p>Os profissionais confiam nos pain\u00e9is para bastidor SX pela sua durabilidade, desempenho e garantia de qualidade rigorosa, o que faz deles a escolha ideal para a montagem de equipamento.<\/p>","protected":false},"featured_media":4282,"comment_status":"open","ping_status":"closed","template":"","meta":[],"product_brand":[],"product_cat":[66],"product_tag":[],"class_list":{"0":"post-4355","1":"product","2":"type-product","3":"status-publish","4":"has-post-thumbnail","6":"product_cat-rack-hardware","8":"first","9":"instock","10":"shipping-taxable","11":"product-type-simple"},"yoast_head":"<!-- This site is optimized with the Yoast SEO Premium plugin v27.1 (Yoast SEO v27.2) - https:\/\/yoast.com\/product\/yoast-seo-premium-wordpress\/ -->\n<title>Panel Rack RAB205 - https:\/\/sxflightcase.com \ud83d\udc97<\/title>\n<meta name=\"description\" content=\"Panel rack, factory direct! High-quality, durable racks designed for securely mounting and organizing equipment. Perfect for professional setups, ensuring efficient use and stability.\" \/>\n<meta name=\"robots\" content=\"index, follow, max-snippet:-1, max-image-preview:large, max-video-preview:-1\" \/>\n<link rel=\"canonical\" href=\"https:\/\/sxflightcase.com\/pt\/\u4ea7\u54c1\/\u9762\u677f\u67b6-rab205-2\/\" \/>\n<meta property=\"og:locale\" content=\"pt_PT\" \/>\n<meta property=\"og:type\" content=\"article\" \/>\n<meta property=\"og:title\" content=\"Panel Rack RAB205\" \/>\n<meta property=\"og:description\" content=\"Panel rack, factory direct! High-quality, durable racks designed for securely mounting and organizing equipment. Perfect for professional setups, ensuring efficient use and stability.\" \/>\n<meta property=\"og:url\" content=\"https:\/\/sxflightcase.com\/pt\/\u4ea7\u54c1\/\u9762\u677f\u67b6-rab205-2\/\" \/>\n<meta property=\"og:site_name\" content=\"https:\/\/sxflightcase.com\" \/>\n<meta property=\"article:publisher\" content=\"https:\/\/www.facebook.com\/profile.php?id=61560407257971\" \/>\n<meta property=\"article:modified_time\" content=\"2024-09-11T05:59:15+00:00\" \/>\n<meta property=\"og:image\" content=\"https:\/\/sxflightcase.com\/wp-content\/uploads\/2024\/09\/RAB205.jpg\" \/>\n\t<meta property=\"og:image:width\" content=\"700\" \/>\n\t<meta property=\"og:image:height\" content=\"700\" \/>\n\t<meta property=\"og:image:type\" content=\"image\/jpeg\" \/>\n<meta name=\"twitter:card\" content=\"summary_large_image\" \/>\n<meta name=\"twitter:label1\" content=\"Tempo estimado de leitura\" \/>\n\t<meta name=\"twitter:data1\" content=\"3 minutos\" \/>\n<script type=\"application\/ld+json\" class=\"yoast-schema-graph\">{\"@context\":\"https:\/\/schema.org\",\"@graph\":[{\"@type\":\"WebPage\",\"@id\":\"https:\/\/sxflightcase.com\/zh\/\u4ea7\u54c1\/\u9762\u677f\u67b6-rab205-2\/\",\"url\":\"https:\/\/sxflightcase.com\/zh\/\u4ea7\u54c1\/\u9762\u677f\u67b6-rab205-2\/\",\"name\":\"Panel Rack RAB205 - https:\/\/sxflightcase.com \ud83d\udc97\",\"isPartOf\":{\"@id\":\"https:\/\/sxflightcase.com\/th\/#website\"},\"primaryImageOfPage\":{\"@id\":\"https:\/\/sxflightcase.com\/zh\/\u4ea7\u54c1\/\u9762\u677f\u67b6-rab205-2\/#primaryimage\"},\"image\":{\"@id\":\"https:\/\/sxflightcase.com\/zh\/\u4ea7\u54c1\/\u9762\u677f\u67b6-rab205-2\/#primaryimage\"},\"thumbnailUrl\":\"https:\/\/sxflightcase.com\/wp-content\/uploads\/2024\/09\/RAB205.jpg\",\"datePublished\":\"2024-09-11T05:59:14+00:00\",\"dateModified\":\"2024-09-11T05:59:15+00:00\",\"description\":\"Panel rack, factory direct! High-quality, durable racks designed for securely mounting and organizing equipment. Perfect for professional setups, ensuring efficient use and stability.\",\"breadcrumb\":{\"@id\":\"https:\/\/sxflightcase.com\/zh\/\u4ea7\u54c1\/\u9762\u677f\u67b6-rab205-2\/#breadcrumb\"},\"inLanguage\":\"pt-PT\",\"potentialAction\":[{\"@type\":\"ReadAction\",\"target\":[\"https:\/\/sxflightcase.com\/zh\/\u4ea7\u54c1\/\u9762\u677f\u67b6-rab205-2\/\"]}]},{\"@type\":\"ImageObject\",\"inLanguage\":\"pt-PT\",\"@id\":\"https:\/\/sxflightcase.com\/zh\/\u4ea7\u54c1\/\u9762\u677f\u67b6-rab205-2\/#primaryimage\",\"url\":\"https:\/\/sxflightcase.com\/wp-content\/uploads\/2024\/09\/RAB205.jpg\",\"contentUrl\":\"https:\/\/sxflightcase.com\/wp-content\/uploads\/2024\/09\/RAB205.jpg\",\"width\":700,\"height\":700,\"caption\":\"Panel Rack\"},{\"@type\":\"BreadcrumbList\",\"@id\":\"https:\/\/sxflightcase.com\/zh\/\u4ea7\u54c1\/\u9762\u677f\u67b6-rab205-2\/#breadcrumb\",\"itemListElement\":[{\"@type\":\"ListItem\",\"position\":1,\"name\":\"Home\",\"item\":\"https:\/\/sxflightcase.com\/\"},{\"@type\":\"ListItem\",\"position\":2,\"name\":\"\u0e2a\u0e34\u0e19\u0e04\u0e49\u0e32\",\"item\":\"https:\/\/sxflightcase.com\/th\/shop\/\"},{\"@type\":\"ListItem\",\"position\":3,\"name\":\"Panel Rack RAB205\"}]},{\"@type\":\"WebSite\",\"@id\":\"https:\/\/sxflightcase.com\/th\/#website\",\"url\":\"https:\/\/sxflightcase.com\/th\/\",\"name\":\"sxpowercase.com\",\"description\":\"Flight Case Factory\",\"publisher\":{\"@id\":\"https:\/\/sxflightcase.com\/th\/#organization\"},\"potentialAction\":[{\"@type\":\"SearchAction\",\"target\":{\"@type\":\"EntryPoint\",\"urlTemplate\":\"https:\/\/sxflightcase.com\/th\/?s={search_term_string}\"},\"query-input\":{\"@type\":\"PropertyValueSpecification\",\"valueRequired\":true,\"valueName\":\"search_term_string\"}}],\"inLanguage\":\"pt-PT\"},{\"@type\":\"Organization\",\"@id\":\"https:\/\/sxflightcase.com\/th\/#organization\",\"name\":\"sxpowercase.com\",\"url\":\"https:\/\/sxflightcase.com\/th\/\",\"logo\":{\"@type\":\"ImageObject\",\"inLanguage\":\"pt-PT\",\"@id\":\"https:\/\/sxflightcase.com\/th\/#\/schema\/logo\/image\/\",\"url\":\"https:\/\/sxflightcase.com\/wp-content\/uploads\/2024\/04\/1713919036007.jpg\",\"contentUrl\":\"https:\/\/sxflightcase.com\/wp-content\/uploads\/2024\/04\/1713919036007.jpg\",\"width\":382,\"height\":388,\"caption\":\"sxpowercase.com\"},\"image\":{\"@id\":\"https:\/\/sxflightcase.com\/th\/#\/schema\/logo\/image\/\"},\"sameAs\":[\"https:\/\/www.facebook.com\/profile.php?id=61560407257971\"],\"numberOfEmployees\":{\"@type\":\"QuantitativeValue\",\"minValue\":\"11\",\"maxValue\":\"50\"}}]}<\/script>\n<!-- \/ Yoast SEO Premium plugin. -->","yoast_head_json":{"title":"Panel Rack RAB205 - https:\/\/sxflightcase.com \ud83d\udc97","description":"Estante para pain\u00e9is, diretamente da f\u00e1brica! Estantes de alta qualidade e duradouras, concebidas para montar e organizar o equipamento de forma segura. Perfeitas para instala\u00e7\u00f5es profissionais, garantem uma utiliza\u00e7\u00e3o eficiente e estabilidade.","robots":{"index":"index","follow":"follow","max-snippet":"max-snippet:-1","max-image-preview":"max-image-preview:large","max-video-preview":"max-video-preview:-1"},"canonical":"https:\/\/sxflightcase.com\/pt\/\u4ea7\u54c1\/\u9762\u677f\u67b6-rab205-2\/","og_locale":"pt_PT","og_type":"article","og_title":"Panel Rack RAB205","og_description":"Panel rack, factory direct! High-quality, durable racks designed for securely mounting and organizing equipment. Perfect for professional setups, ensuring efficient use and stability.","og_url":"https:\/\/sxflightcase.com\/pt\/\u4ea7\u54c1\/\u9762\u677f\u67b6-rab205-2\/","og_site_name":"https:\/\/sxflightcase.com","article_publisher":"https:\/\/www.facebook.com\/profile.php?id=61560407257971","article_modified_time":"2024-09-11T05:59:15+00:00","og_image":[{"width":700,"height":700,"url":"https:\/\/sxflightcase.com\/wp-content\/uploads\/2024\/09\/RAB205.jpg","type":"image\/jpeg"}],"twitter_card":"summary_large_image","twitter_misc":{"Tempo estimado de leitura":"3 minutos"},"schema":{"@context":"https:\/\/schema.org","@graph":[{"@type":"WebPage","@id":"https:\/\/sxflightcase.com\/zh\/\u4ea7\u54c1\/\u9762\u677f\u67b6-rab205-2\/","url":"https:\/\/sxflightcase.com\/zh\/\u4ea7\u54c1\/\u9762\u677f\u67b6-rab205-2\/","name":"Panel Rack RAB205 - https:\/\/sxflightcase.com \ud83d\udc97","isPartOf":{"@id":"https:\/\/sxflightcase.com\/th\/#website"},"primaryImageOfPage":{"@id":"https:\/\/sxflightcase.com\/zh\/\u4ea7\u54c1\/\u9762\u677f\u67b6-rab205-2\/#primaryimage"},"image":{"@id":"https:\/\/sxflightcase.com\/zh\/\u4ea7\u54c1\/\u9762\u677f\u67b6-rab205-2\/#primaryimage"},"thumbnailUrl":"https:\/\/sxflightcase.com\/wp-content\/uploads\/2024\/09\/RAB205.jpg","datePublished":"2024-09-11T05:59:14+00:00","dateModified":"2024-09-11T05:59:15+00:00","description":"Estante para pain\u00e9is, diretamente da f\u00e1brica! Estantes de alta qualidade e duradouras, concebidas para montar e organizar o equipamento de forma segura. Perfeitas para instala\u00e7\u00f5es profissionais, garantem uma utiliza\u00e7\u00e3o eficiente e estabilidade.","breadcrumb":{"@id":"https:\/\/sxflightcase.com\/zh\/\u4ea7\u54c1\/\u9762\u677f\u67b6-rab205-2\/#breadcrumb"},"inLanguage":"pt-PT","potentialAction":[{"@type":"ReadAction","target":["https:\/\/sxflightcase.com\/zh\/\u4ea7\u54c1\/\u9762\u677f\u67b6-rab205-2\/"]}]},{"@type":"ImageObject","inLanguage":"pt-PT","@id":"https:\/\/sxflightcase.com\/zh\/\u4ea7\u54c1\/\u9762\u677f\u67b6-rab205-2\/#primaryimage","url":"https:\/\/sxflightcase.com\/wp-content\/uploads\/2024\/09\/RAB205.jpg","contentUrl":"https:\/\/sxflightcase.com\/wp-content\/uploads\/2024\/09\/RAB205.jpg","width":700,"height":700,"caption":"Panel Rack"},{"@type":"BreadcrumbList","@id":"https:\/\/sxflightcase.com\/zh\/\u4ea7\u54c1\/\u9762\u677f\u67b6-rab205-2\/#breadcrumb","itemListElement":[{"@type":"ListItem","position":1,"name":"Home","item":"https:\/\/sxflightcase.com\/"},{"@type":"ListItem","position":2,"name":"\u0e2a\u0e34\u0e19\u0e04\u0e49\u0e32","item":"https:\/\/sxflightcase.com\/th\/shop\/"},{"@type":"ListItem","position":3,"name":"Panel Rack RAB205"}]},{"@type":"WebSite","@id":"https:\/\/sxflightcase.com\/th\/#website","url":"https:\/\/sxflightcase.com\/th\/","name":"sxpowercase.com","description":"F\u00e1brica de malas de voo","publisher":{"@id":"https:\/\/sxflightcase.com\/th\/#organization"},"potentialAction":[{"@type":"SearchAction","target":{"@type":"EntryPoint","urlTemplate":"https:\/\/sxflightcase.com\/th\/?s={search_term_string}"},"query-input":{"@type":"PropertyValueSpecification","valueRequired":true,"valueName":"search_term_string"}}],"inLanguage":"pt-PT"},{"@type":"Organization","@id":"https:\/\/sxflightcase.com\/th\/#organization","name":"sxpowercase.com","url":"https:\/\/sxflightcase.com\/th\/","logo":{"@type":"ImageObject","inLanguage":"pt-PT","@id":"https:\/\/sxflightcase.com\/th\/#\/schema\/logo\/image\/","url":"https:\/\/sxflightcase.com\/wp-content\/uploads\/2024\/04\/1713919036007.jpg","contentUrl":"https:\/\/sxflightcase.com\/wp-content\/uploads\/2024\/04\/1713919036007.jpg","width":382,"height":388,"caption":"sxpowercase.com"},"image":{"@id":"https:\/\/sxflightcase.com\/th\/#\/schema\/logo\/image\/"},"sameAs":["https:\/\/www.facebook.com\/profile.php?id=61560407257971"],"numberOfEmployees":{"@type":"QuantitativeValue","minValue":"11","maxValue":"50"}}]}},"_links":{"self":[{"href":"https:\/\/sxflightcase.com\/pt\/wp-json\/wp\/v2\/product\/4355","targetHints":{"allow":["GET"]}}],"collection":[{"href":"https:\/\/sxflightcase.com\/pt\/wp-json\/wp\/v2\/product"}],"about":[{"href":"https:\/\/sxflightcase.com\/pt\/wp-json\/wp\/v2\/types\/product"}],"replies":[{"embeddable":true,"href":"https:\/\/sxflightcase.com\/pt\/wp-json\/wp\/v2\/comments?post=4355"}],"version-history":[{"count":0,"href":"https:\/\/sxflightcase.com\/pt\/wp-json\/wp\/v2\/product\/4355\/revisions"}],"wp:featuredmedia":[{"embeddable":true,"href":"https:\/\/sxflightcase.com\/pt\/wp-json\/wp\/v2\/media\/4282"}],"wp:attachment":[{"href":"https:\/\/sxflightcase.com\/pt\/wp-json\/wp\/v2\/media?parent=4355"}],"wp:term":[{"taxonomy":"product_brand","embeddable":true,"href":"https:\/\/sxflightcase.com\/pt\/wp-json\/wp\/v2\/product_brand?post=4355"},{"taxonomy":"product_cat","embeddable":true,"href":"https:\/\/sxflightcase.com\/pt\/wp-json\/wp\/v2\/product_cat?post=4355"},{"taxonomy":"product_tag","embeddable":true,"href":"https:\/\/sxflightcase.com\/pt\/wp-json\/wp\/v2\/product_tag?post=4355"}],"curies":[{"name":"wp","href":"https:\/\/api.w.org\/{rel}","templated":true}]}}