{"id":4398,"date":"2024-09-13T07:12:03","date_gmt":"2024-09-13T06:12:03","guid":{"rendered":"https:\/\/sxpowercase.com\/?post_type=product&#038;p=4398"},"modified":"2024-09-13T07:12:03","modified_gmt":"2024-09-13T06:12:03","slug":"audio-rack-panel-rab304","status":"publish","type":"product","link":"https:\/\/sxflightcase.com\/pt\/produto\/painel-de-rack-de-audio-rab304\/","title":{"rendered":"Painel de rack de \u00e1udio RAB304"},"content":{"rendered":"<h3>Pain\u00e9is de rack de \u00e1udio profissional da SX<\/h3>\n<p>Quando se trata de organizar o seu equipamento \u00e1udio, uma <span style=\"color: #0000ff;\"><a style=\"color: #0000ff;\" href=\"https:\/\/sxpowercase.com\/product\/blank-rack-panels\/\"><strong>Painel de rack de \u00e1udio<\/strong><\/a><\/span> \u00e9 essencial tanto para a funcionalidade como para a apar\u00eancia. Em <strong>SX<\/strong>A nossa empresa fornece pain\u00e9is de qualidade superior, concebidos para se adaptarem a v\u00e1rias configura\u00e7\u00f5es de \u00e1udio, assegurando a prote\u00e7\u00e3o e organiza\u00e7\u00e3o do seu equipamento. Com anos de experi\u00eancia na produ\u00e7\u00e3o de solu\u00e7\u00f5es \u00e1udio fi\u00e1veis, <strong>SX<\/strong> garante que os nossos pain\u00e9is cumprem as normas mais exigentes do sector.<\/p>\n<h3>Constru\u00e7\u00e3o de qualidade para maior durabilidade<\/h3>\n<p>O nosso <strong>Painel de rack de \u00e1udio<\/strong>\u00a0s\u00e3o constru\u00eddos com materiais de alta qualidade para garantir resist\u00eancia e longevidade. Quer esteja a gerir um sistema de som profissional ou um est\u00fadio em casa, <strong><a href=\"https:\/\/sxpowercase.com\/\" target=\"_blank\" rel=\"noopener\" title=\"SX\" data-wpil-monitor-id=\"751\">SX<\/a><\/strong> oferecem uma base s\u00f3lida para o seu equipamento. Concebidos para serem dur\u00e1veis, estes pain\u00e9is resistem ao desgaste, tornando-os uma escolha fi\u00e1vel para todas as suas necessidades de configura\u00e7\u00e3o de \u00e1udio.<\/p>\n<h3>Pre\u00e7os diretos de f\u00e1brica em que pode confiar<\/h3>\n<p>Em <strong>SX<\/strong>A nossa empresa, a Firma, acredita em fornecer produtos de primeira qualidade sem o pre\u00e7o de primeira qualidade. Ao vender diretamente da f\u00e1brica, eliminamos os intermedi\u00e1rios, garantindo que recebe o melhor valor. Os nossos <strong>Painel de rack de \u00e1udio<\/strong>\u00a0t\u00eam pre\u00e7os competitivos, oferecendo solu\u00e7\u00f5es econ\u00f3micas sem comprometer a qualidade. Isto permite-lhe equipar a sua instala\u00e7\u00e3o com equipamento fi\u00e1vel por uma fra\u00e7\u00e3o do custo.<\/p>\n<h3>F\u00e1cil instala\u00e7\u00e3o e compatibilidade<\/h3>\n<p>SX <strong>Painel de rack de \u00e1udio<\/strong>\u00a0foram concebidos para serem simples e f\u00e1ceis de instalar. Compat\u00edveis com sistemas de rack padr\u00e3o, podem ser rapidamente montados para criar um sistema de \u00e1udio organizado. O design simples garante que a sua estante de equipamento permanece profissional e funcional, proporcionando um espa\u00e7o ideal para gerir cabos e equipamento \u00e1udio.<\/p>\n<h3>Prote\u00e7\u00e3o \u00f3ptima para a sua configura\u00e7\u00e3o de \u00e1udio<\/h3>\n<p>Proteger o seu equipamento \u00e1udio \u00e9 essencial, e a nossa <strong>Painel de rack de \u00e1udio<\/strong>\u00a0oferecem uma solu\u00e7\u00e3o. N\u00e3o s\u00f3 ajudam a proteger o seu equipamento, como tamb\u00e9m melhoram o fluxo de ar, reduzindo o risco de sobreaquecimento. Estes pain\u00e9is protegem o seu equipamento do p\u00f3 e dos detritos, garantindo a longevidade e o bom funcionamento de todos os seus dispositivos.<\/p>\n<h3>Confiado por profissionais em todo o mundo<\/h3>\n<p><strong>SX<\/strong> \u00e9 um nome de confian\u00e7a na ind\u00fastria do \u00e1udio, conhecido por fornecer <strong>Pain\u00e9is de rack de \u00e1udio<\/strong>. Desde est\u00fadios de m\u00fasica a instala\u00e7\u00f5es para eventos ao vivo, os profissionais de todo o mundo confiam nos nossos pain\u00e9is pela sua durabilidade, funcionalidade e acessibilidade. Com um enfoque na qualidade e no pre\u00e7o, <strong>SX<\/strong> garante que obt\u00e9m os melhores produtos para a sua estante \u00e1udio.<\/p>\n<h3>Actualize a sua configura\u00e7\u00e3o de \u00e1udio com o SX<\/h3>\n<p>Se pretende melhorar a organiza\u00e7\u00e3o e a prote\u00e7\u00e3o do seu equipamento de \u00e1udio, <strong>Pain\u00e9is de rack SX Audio<\/strong> s\u00e3o a solu\u00e7\u00e3o perfeita. Com o nosso compromisso de pre\u00e7os diretos de f\u00e1brica, materiais duradouros e designs profissionais, <strong>SX<\/strong> oferece as melhores op\u00e7\u00f5es para entusiastas e profissionais do \u00e1udio. Equipe a sua estante com <strong>SX<\/strong> e experimentar a diferen\u00e7a em termos de qualidade e desempenho.<\/p>\n<ol>\n<li>Contactar agora:<span style=\"color: #0000ff;\"><a style=\"color: #0000ff;\" href=\"https:\/\/sxpowercase.com\/contact-us\/\">https:\/\/sxpowercase.com\/<\/a><\/span><\/li>\n<li>Cat\u00e1logo de produtos de hardware\uff1a<span style=\"color: #0000ff;\"><a style=\"color: #0000ff;\" href=\"https:\/\/sxpowercase.com\/wp-content\/uploads\/2024\/07\/\u4e94\u91d1.pdf\">Cat\u00e1logo de acess\u00f3rios de ferragens<\/a><\/span><\/li>\n<\/ol>","protected":false},"excerpt":{"rendered":"<div class=\"flex max-w-full flex-col flex-grow\">\n<div class=\"min-h-[20px] text-message flex w-full flex-col items-end gap-2 whitespace-normal break-words [.text-message+&amp;]:mt-5\" dir=\"auto\" data-message-author-role=\"assistant\" data-message-id=\"aba26d0f-37c4-4886-8751-c903e68e8cbc\">\n<div class=\"flex w-full flex-col gap-1 empty:hidden first:pt-[3px]\">\n<div class=\"markdown prose w-full break-words dark:prose-invert light\">\n<h3>Durable Audio Rack Panels by SX<\/h3>\n<p>SX Audio Rack Panels are built with high-quality materials, ensuring strength and longevity for both professional and home studio setups.<\/p>\n<h3>Affordable Factory-Direct Pricing<\/h3>\n<p>Get premium audio solutions at unbeatable factory-direct prices with SX, offering high-performance Audio Rack Panels without the middleman mark-up.<\/p>\n<h3>Easy Installation and Equipment Protection<\/h3>\n<p>SX Audio Rack Panels are simple to install, compatible with standard racks, and provide optimal protection by improving airflow and reducing dust buildup.<\/p>\n<\/div>\n<\/div>\n<\/div>\n<\/div>\n","protected":false},"featured_media":4286,"comment_status":"open","ping_status":"closed","template":"","meta":[],"product_brand":[],"product_cat":[66],"product_tag":[],"class_list":{"0":"post-4398","1":"product","2":"type-product","3":"status-publish","4":"has-post-thumbnail","6":"product_cat-rack-hardware","8":"first","9":"instock","10":"shipping-taxable","11":"product-type-simple"},"yoast_head":"<!-- This site is optimized with the Yoast SEO Premium plugin v27.1 (Yoast SEO v27.2) - https:\/\/yoast.com\/product\/yoast-seo-premium-wordpress\/ -->\n<title>Audio Rack Panel RAB304 - https:\/\/sxflightcase.com \ud83d\udc97<\/title>\n<meta name=\"description\" content=\"Audio rack panel, factory direct! High-quality, durable panels designed for securely mounting and organizing audio equipment in racks. Ideal for professional studios, live sound setups, and AV installations.\" \/>\n<meta name=\"robots\" content=\"index, follow, max-snippet:-1, max-image-preview:large, max-video-preview:-1\" \/>\n<link rel=\"canonical\" href=\"https:\/\/sxflightcase.com\/pt\/produto\/painel-de-rack-de-audio-rab304\/\" \/>\n<meta property=\"og:locale\" content=\"pt_PT\" \/>\n<meta property=\"og:type\" content=\"article\" \/>\n<meta property=\"og:title\" content=\"Audio Rack Panel RAB304\" \/>\n<meta property=\"og:description\" content=\"Audio rack panel, factory direct! High-quality, durable panels designed for securely mounting and organizing audio equipment in racks. Ideal for professional studios, live sound setups, and AV installations.\" \/>\n<meta property=\"og:url\" content=\"https:\/\/sxflightcase.com\/pt\/produto\/painel-de-rack-de-audio-rab304\/\" \/>\n<meta property=\"og:site_name\" content=\"https:\/\/sxflightcase.com\" \/>\n<meta property=\"article:publisher\" content=\"https:\/\/www.facebook.com\/profile.php?id=61560407257971\" \/>\n<meta property=\"og:image\" content=\"https:\/\/sxflightcase.com\/wp-content\/uploads\/2024\/09\/RAB304.jpg\" \/>\n\t<meta property=\"og:image:width\" content=\"700\" \/>\n\t<meta property=\"og:image:height\" content=\"700\" \/>\n\t<meta property=\"og:image:type\" content=\"image\/jpeg\" \/>\n<meta name=\"twitter:card\" content=\"summary_large_image\" \/>\n<meta name=\"twitter:label1\" content=\"Tempo estimado de leitura\" \/>\n\t<meta name=\"twitter:data1\" content=\"3 minutos\" \/>\n<script type=\"application\/ld+json\" class=\"yoast-schema-graph\">{\"@context\":\"https:\/\/schema.org\",\"@graph\":[{\"@type\":\"WebPage\",\"@id\":\"https:\/\/sxflightcase.com\/product\/audio-rack-panel-rab304\/\",\"url\":\"https:\/\/sxflightcase.com\/product\/audio-rack-panel-rab304\/\",\"name\":\"Audio Rack Panel RAB304 - https:\/\/sxflightcase.com \ud83d\udc97\",\"isPartOf\":{\"@id\":\"https:\/\/sxflightcase.com\/th\/#website\"},\"primaryImageOfPage\":{\"@id\":\"https:\/\/sxflightcase.com\/product\/audio-rack-panel-rab304\/#primaryimage\"},\"image\":{\"@id\":\"https:\/\/sxflightcase.com\/product\/audio-rack-panel-rab304\/#primaryimage\"},\"thumbnailUrl\":\"https:\/\/sxflightcase.com\/wp-content\/uploads\/2024\/09\/RAB304.jpg\",\"datePublished\":\"2024-09-13T06:12:03+00:00\",\"description\":\"Audio rack panel, factory direct! High-quality, durable panels designed for securely mounting and organizing audio equipment in racks. Ideal for professional studios, live sound setups, and AV installations.\",\"breadcrumb\":{\"@id\":\"https:\/\/sxflightcase.com\/product\/audio-rack-panel-rab304\/#breadcrumb\"},\"inLanguage\":\"pt-PT\",\"potentialAction\":[{\"@type\":\"ReadAction\",\"target\":[\"https:\/\/sxflightcase.com\/product\/audio-rack-panel-rab304\/\"]}]},{\"@type\":\"ImageObject\",\"inLanguage\":\"pt-PT\",\"@id\":\"https:\/\/sxflightcase.com\/product\/audio-rack-panel-rab304\/#primaryimage\",\"url\":\"https:\/\/sxflightcase.com\/wp-content\/uploads\/2024\/09\/RAB304.jpg\",\"contentUrl\":\"https:\/\/sxflightcase.com\/wp-content\/uploads\/2024\/09\/RAB304.jpg\",\"width\":700,\"height\":700,\"caption\":\"Audio Rack Panel\"},{\"@type\":\"BreadcrumbList\",\"@id\":\"https:\/\/sxflightcase.com\/product\/audio-rack-panel-rab304\/#breadcrumb\",\"itemListElement\":[{\"@type\":\"ListItem\",\"position\":1,\"name\":\"Home\",\"item\":\"https:\/\/sxflightcase.com\/\"},{\"@type\":\"ListItem\",\"position\":2,\"name\":\"\u0e2a\u0e34\u0e19\u0e04\u0e49\u0e32\",\"item\":\"https:\/\/sxflightcase.com\/th\/shop\/\"},{\"@type\":\"ListItem\",\"position\":3,\"name\":\"Audio Rack Panel RAB304\"}]},{\"@type\":\"WebSite\",\"@id\":\"https:\/\/sxflightcase.com\/th\/#website\",\"url\":\"https:\/\/sxflightcase.com\/th\/\",\"name\":\"sxpowercase.com\",\"description\":\"Flight Case Factory\",\"publisher\":{\"@id\":\"https:\/\/sxflightcase.com\/th\/#organization\"},\"potentialAction\":[{\"@type\":\"SearchAction\",\"target\":{\"@type\":\"EntryPoint\",\"urlTemplate\":\"https:\/\/sxflightcase.com\/th\/?s={search_term_string}\"},\"query-input\":{\"@type\":\"PropertyValueSpecification\",\"valueRequired\":true,\"valueName\":\"search_term_string\"}}],\"inLanguage\":\"pt-PT\"},{\"@type\":\"Organization\",\"@id\":\"https:\/\/sxflightcase.com\/th\/#organization\",\"name\":\"sxpowercase.com\",\"url\":\"https:\/\/sxflightcase.com\/th\/\",\"logo\":{\"@type\":\"ImageObject\",\"inLanguage\":\"pt-PT\",\"@id\":\"https:\/\/sxflightcase.com\/th\/#\/schema\/logo\/image\/\",\"url\":\"https:\/\/sxflightcase.com\/wp-content\/uploads\/2024\/04\/1713919036007.jpg\",\"contentUrl\":\"https:\/\/sxflightcase.com\/wp-content\/uploads\/2024\/04\/1713919036007.jpg\",\"width\":382,\"height\":388,\"caption\":\"sxpowercase.com\"},\"image\":{\"@id\":\"https:\/\/sxflightcase.com\/th\/#\/schema\/logo\/image\/\"},\"sameAs\":[\"https:\/\/www.facebook.com\/profile.php?id=61560407257971\"],\"numberOfEmployees\":{\"@type\":\"QuantitativeValue\",\"minValue\":\"11\",\"maxValue\":\"50\"}}]}<\/script>\n<!-- \/ Yoast SEO Premium plugin. -->","yoast_head_json":{"title":"Audio Rack Panel RAB304 - https:\/\/sxflightcase.com \ud83d\udc97","description":"Painel para bastidor de \u00e1udio, direto da f\u00e1brica! Pain\u00e9is dur\u00e1veis e de alta qualidade concebidos para montar e organizar de forma segura o equipamento \u00e1udio em bastidores. Ideal para est\u00fadios profissionais, configura\u00e7\u00f5es de som ao vivo e instala\u00e7\u00f5es AV.","robots":{"index":"index","follow":"follow","max-snippet":"max-snippet:-1","max-image-preview":"max-image-preview:large","max-video-preview":"max-video-preview:-1"},"canonical":"https:\/\/sxflightcase.com\/pt\/produto\/painel-de-rack-de-audio-rab304\/","og_locale":"pt_PT","og_type":"article","og_title":"Audio Rack Panel RAB304","og_description":"Audio rack panel, factory direct! High-quality, durable panels designed for securely mounting and organizing audio equipment in racks. Ideal for professional studios, live sound setups, and AV installations.","og_url":"https:\/\/sxflightcase.com\/pt\/produto\/painel-de-rack-de-audio-rab304\/","og_site_name":"https:\/\/sxflightcase.com","article_publisher":"https:\/\/www.facebook.com\/profile.php?id=61560407257971","og_image":[{"width":700,"height":700,"url":"https:\/\/sxflightcase.com\/wp-content\/uploads\/2024\/09\/RAB304.jpg","type":"image\/jpeg"}],"twitter_card":"summary_large_image","twitter_misc":{"Tempo estimado de leitura":"3 minutos"},"schema":{"@context":"https:\/\/schema.org","@graph":[{"@type":"WebPage","@id":"https:\/\/sxflightcase.com\/product\/audio-rack-panel-rab304\/","url":"https:\/\/sxflightcase.com\/product\/audio-rack-panel-rab304\/","name":"Audio Rack Panel RAB304 - https:\/\/sxflightcase.com \ud83d\udc97","isPartOf":{"@id":"https:\/\/sxflightcase.com\/th\/#website"},"primaryImageOfPage":{"@id":"https:\/\/sxflightcase.com\/product\/audio-rack-panel-rab304\/#primaryimage"},"image":{"@id":"https:\/\/sxflightcase.com\/product\/audio-rack-panel-rab304\/#primaryimage"},"thumbnailUrl":"https:\/\/sxflightcase.com\/wp-content\/uploads\/2024\/09\/RAB304.jpg","datePublished":"2024-09-13T06:12:03+00:00","description":"Painel para bastidor de \u00e1udio, direto da f\u00e1brica! Pain\u00e9is dur\u00e1veis e de alta qualidade concebidos para montar e organizar de forma segura o equipamento \u00e1udio em bastidores. Ideal para est\u00fadios profissionais, configura\u00e7\u00f5es de som ao vivo e instala\u00e7\u00f5es AV.","breadcrumb":{"@id":"https:\/\/sxflightcase.com\/product\/audio-rack-panel-rab304\/#breadcrumb"},"inLanguage":"pt-PT","potentialAction":[{"@type":"ReadAction","target":["https:\/\/sxflightcase.com\/product\/audio-rack-panel-rab304\/"]}]},{"@type":"ImageObject","inLanguage":"pt-PT","@id":"https:\/\/sxflightcase.com\/product\/audio-rack-panel-rab304\/#primaryimage","url":"https:\/\/sxflightcase.com\/wp-content\/uploads\/2024\/09\/RAB304.jpg","contentUrl":"https:\/\/sxflightcase.com\/wp-content\/uploads\/2024\/09\/RAB304.jpg","width":700,"height":700,"caption":"Audio Rack Panel"},{"@type":"BreadcrumbList","@id":"https:\/\/sxflightcase.com\/product\/audio-rack-panel-rab304\/#breadcrumb","itemListElement":[{"@type":"ListItem","position":1,"name":"Home","item":"https:\/\/sxflightcase.com\/"},{"@type":"ListItem","position":2,"name":"\u0e2a\u0e34\u0e19\u0e04\u0e49\u0e32","item":"https:\/\/sxflightcase.com\/th\/shop\/"},{"@type":"ListItem","position":3,"name":"Audio Rack Panel RAB304"}]},{"@type":"WebSite","@id":"https:\/\/sxflightcase.com\/th\/#website","url":"https:\/\/sxflightcase.com\/th\/","name":"sxpowercase.com","description":"F\u00e1brica de malas de voo","publisher":{"@id":"https:\/\/sxflightcase.com\/th\/#organization"},"potentialAction":[{"@type":"SearchAction","target":{"@type":"EntryPoint","urlTemplate":"https:\/\/sxflightcase.com\/th\/?s={search_term_string}"},"query-input":{"@type":"PropertyValueSpecification","valueRequired":true,"valueName":"search_term_string"}}],"inLanguage":"pt-PT"},{"@type":"Organization","@id":"https:\/\/sxflightcase.com\/th\/#organization","name":"sxpowercase.com","url":"https:\/\/sxflightcase.com\/th\/","logo":{"@type":"ImageObject","inLanguage":"pt-PT","@id":"https:\/\/sxflightcase.com\/th\/#\/schema\/logo\/image\/","url":"https:\/\/sxflightcase.com\/wp-content\/uploads\/2024\/04\/1713919036007.jpg","contentUrl":"https:\/\/sxflightcase.com\/wp-content\/uploads\/2024\/04\/1713919036007.jpg","width":382,"height":388,"caption":"sxpowercase.com"},"image":{"@id":"https:\/\/sxflightcase.com\/th\/#\/schema\/logo\/image\/"},"sameAs":["https:\/\/www.facebook.com\/profile.php?id=61560407257971"],"numberOfEmployees":{"@type":"QuantitativeValue","minValue":"11","maxValue":"50"}}]}},"_links":{"self":[{"href":"https:\/\/sxflightcase.com\/pt\/wp-json\/wp\/v2\/product\/4398","targetHints":{"allow":["GET"]}}],"collection":[{"href":"https:\/\/sxflightcase.com\/pt\/wp-json\/wp\/v2\/product"}],"about":[{"href":"https:\/\/sxflightcase.com\/pt\/wp-json\/wp\/v2\/types\/product"}],"replies":[{"embeddable":true,"href":"https:\/\/sxflightcase.com\/pt\/wp-json\/wp\/v2\/comments?post=4398"}],"version-history":[{"count":0,"href":"https:\/\/sxflightcase.com\/pt\/wp-json\/wp\/v2\/product\/4398\/revisions"}],"wp:featuredmedia":[{"embeddable":true,"href":"https:\/\/sxflightcase.com\/pt\/wp-json\/wp\/v2\/media\/4286"}],"wp:attachment":[{"href":"https:\/\/sxflightcase.com\/pt\/wp-json\/wp\/v2\/media?parent=4398"}],"wp:term":[{"taxonomy":"product_brand","embeddable":true,"href":"https:\/\/sxflightcase.com\/pt\/wp-json\/wp\/v2\/product_brand?post=4398"},{"taxonomy":"product_cat","embeddable":true,"href":"https:\/\/sxflightcase.com\/pt\/wp-json\/wp\/v2\/product_cat?post=4398"},{"taxonomy":"product_tag","embeddable":true,"href":"https:\/\/sxflightcase.com\/pt\/wp-json\/wp\/v2\/product_tag?post=4398"}],"curies":[{"name":"wp","href":"https:\/\/api.w.org\/{rel}","templated":true}]}}