{"id":4399,"date":"2024-09-13T07:15:45","date_gmt":"2024-09-13T06:15:45","guid":{"rendered":"https:\/\/sxpowercase.com\/?post_type=product&#038;p=4399"},"modified":"2024-09-13T07:15:46","modified_gmt":"2024-09-13T06:15:46","slug":"audio-rack-panel-rab305","status":"publish","type":"product","link":"https:\/\/sxflightcase.com\/pt\/produto\/painel-de-rack-de-audio-rab305\/","title":{"rendered":"Painel de rack de \u00e1udio RAB305"},"content":{"rendered":"<h3>Melhore a sua configura\u00e7\u00e3o com os pain\u00e9is de rack SX Audio<\/h3>\n<p>Quando se gere o equipamento \u00e1udio, a organiza\u00e7\u00e3o \u00e9 fundamental. O <span style=\"color: #0000ff;\"><a style=\"color: #0000ff;\" href=\"https:\/\/sxpowercase.com\/product\/audio-rack-panel-rab304\/\"><strong>Painel de rack de \u00e1udio<\/strong><\/a><\/span> de <strong>SX<\/strong> oferece uma solu\u00e7\u00e3o fi\u00e1vel e elegante para manter o seu equipamento arrumado e protegido. Os nossos pain\u00e9is s\u00e3o concebidos para se adaptarem a v\u00e1rias configura\u00e7\u00f5es de \u00e1udio, proporcionando funcionalidade e durabilidade. Com <strong><a href=\"https:\/\/sxpowercase.com\/\" target=\"_blank\" rel=\"noopener\" title=\"SX\" data-wpil-monitor-id=\"752\">SX<\/a><\/strong>Com o produto, obt\u00e9m um produto que garante a seguran\u00e7a do seu equipamento e melhora o aspeto geral da sua estante.<\/p>\n<h3>Constru\u00eddo para um desempenho duradouro<\/h3>\n<p>O <strong>Painel de rack de \u00e1udio<\/strong> por <strong>SX<\/strong> \u00e9 constru\u00eddo com materiais de primeira qualidade, garantindo um desempenho duradouro. Estes pain\u00e9is foram concebidos para responder \u00e0s exig\u00eancias dos ambientes de \u00e1udio profissionais. Quer os utilize num est\u00fadio de grava\u00e7\u00e3o ou em sistemas de som ao vivo, <strong>SX<\/strong> Os pain\u00e9is oferecem a for\u00e7a e o apoio necess\u00e1rios para manter o seu equipamento seguro e organizado.<\/p>\n<h3>Pre\u00e7os acess\u00edveis, diretos da f\u00e1brica<\/h3>\n<p>Em <strong>SX<\/strong>, fornecemos produtos de alta qualidade <strong>Pain\u00e9is de rack de \u00e1udio<\/strong> sem os custos elevados. Gra\u00e7as ao nosso modelo direto da f\u00e1brica, eliminamos o intermedi\u00e1rio e transferimos as poupan\u00e7as para si. Os nossos pain\u00e9is t\u00eam pre\u00e7os competitivos, permitindo-lhe obter o melhor neg\u00f3cio sem comprometer a qualidade. Com <strong>SX<\/strong>pode esperar produtos duradouros a pre\u00e7os imbat\u00edveis.<\/p>\n<h3>F\u00e1cil de instalar e vers\u00e1til<\/h3>\n<p>Instala\u00e7\u00e3o de um <strong>Painel de rack de \u00e1udio<\/strong> de <strong>SX<\/strong> \u00e9 simples e sem complica\u00e7\u00f5es. Compat\u00edveis com sistemas de rack padr\u00e3o, os nossos pain\u00e9is garantem uma configura\u00e7\u00e3o r\u00e1pida para qualquer ambiente de \u00e1udio. O aspeto limpo e profissional dos nossos pain\u00e9is n\u00e3o s\u00f3 melhora o aspeto da sua estante, como tamb\u00e9m torna a gest\u00e3o de cabos e equipamento mais eficiente.<\/p>\n<h3>Prote\u00e7\u00e3o e fluxo de ar para o seu equipamento<\/h3>\n<p><strong>Pain\u00e9is de rack SX Audio<\/strong> s\u00e3o concebidos a pensar na prote\u00e7\u00e3o do seu equipamento. Ajudam a proteger o seu equipamento contra poeiras e danos, assegurando simultaneamente um fluxo de ar adequado para evitar o sobreaquecimento. Esta camada adicional de prote\u00e7\u00e3o prolonga a vida \u00fatil do seu equipamento de \u00e1udio, dando-lhe a tranquilidade de saber que o seu equipamento est\u00e1 bem cuidado.<\/p>\n<h3>A confian\u00e7a dos profissionais de \u00e1udio<\/h3>\n<p>Os profissionais da ind\u00fastria do \u00e1udio confiam na <strong>SX<\/strong> para os seus <strong>Pain\u00e9is de rack de \u00e1udio<\/strong>. Quer esteja a montar um est\u00fadio em casa ou a organizar eventos ao vivo, os nossos pain\u00e9is s\u00e3o constru\u00eddos para resistir \u00e0s condi\u00e7\u00f5es mais dif\u00edceis, proporcionando um acabamento elegante e profissional. <strong>SX<\/strong> \u00e9 conhecida pelos seus produtos fi\u00e1veis e de alta qualidade a pre\u00e7os baixos, o que faz de n\u00f3s a melhor escolha para os especialistas em \u00e1udio.<\/p>\n<h3>Escolha a SX pela qualidade e valor<\/h3>\n<p>Para quem procura melhorar a organiza\u00e7\u00e3o e a prote\u00e7\u00e3o dos seus sistemas de \u00e1udio, <strong>Pain\u00e9is de rack SX Audio<\/strong> s\u00e3o a solu\u00e7\u00e3o perfeita. Com uma constru\u00e7\u00e3o duradoura, pre\u00e7os acess\u00edveis diretos da f\u00e1brica e designs profissionais, <strong>SX<\/strong> garante-lhe a melhor solu\u00e7\u00e3o para a sua estante. Escolher <strong>SX<\/strong> e elevar a sua configura\u00e7\u00e3o de \u00e1udio com produtos em que pode confiar.<\/p>\n<ol>\n<li>Contactar agora:<span style=\"color: #0000ff;\"><a style=\"color: #0000ff;\" href=\"https:\/\/sxpowercase.com\/contact-us\/\">https:\/\/sxpowercase.com\/<\/a><\/span><\/li>\n<li>Cat\u00e1logo de produtos de hardware\uff1a<span style=\"color: #0000ff;\"><a style=\"color: #0000ff;\" href=\"https:\/\/sxpowercase.com\/wp-content\/uploads\/2024\/07\/\u4e94\u91d1.pdf\">Cat\u00e1logo de acess\u00f3rios de ferragens<\/a><\/span><\/li>\n<\/ol>","protected":false},"excerpt":{"rendered":"<div class=\"flex max-w-full flex-col flex-grow\">\n<div class=\"min-h-[20px] text-message flex w-full flex-col items-end gap-2 whitespace-normal break-words [.text-message+&amp;]:mt-5\" dir=\"auto\" data-message-author-role=\"assistant\" data-message-id=\"aba26d0f-37c4-4886-8751-c903e68e8cbc\">\n<div class=\"flex w-full flex-col gap-1 empty:hidden first:pt-[3px]\">\n<div class=\"markdown prose w-full break-words dark:prose-invert light\">\n<h3>Durable Audio Rack Panels by SX<\/h3>\n<p>SX Audio Rack Panels are built with high-quality materials, ensuring strength and longevity for both professional and home studio setups.<\/p>\n<h3>Affordable Factory-Direct Pricing<\/h3>\n<p>Get premium audio solutions at unbeatable factory-direct prices with SX, offering high-performance Audio Rack Panels without the middleman mark-up.<\/p>\n<h3>Easy Installation and Equipment Protection<\/h3>\n<p>SX Audio Rack Panels are simple to install, compatible with standard racks, and provide optimal protection by improving airflow and reducing dust buildup.<\/p>\n<\/div>\n<\/div>\n<\/div>\n<\/div>\n","protected":false},"featured_media":4287,"comment_status":"open","ping_status":"closed","template":"","meta":[],"product_brand":[],"product_cat":[66],"product_tag":[],"class_list":{"0":"post-4399","1":"product","2":"type-product","3":"status-publish","4":"has-post-thumbnail","6":"product_cat-rack-hardware","8":"first","9":"instock","10":"shipping-taxable","11":"product-type-simple"},"yoast_head":"<!-- This site is optimized with the Yoast SEO Premium plugin v27.1 (Yoast SEO v27.2) - https:\/\/yoast.com\/product\/yoast-seo-premium-wordpress\/ -->\n<title>Audio Rack Panel RAB305 - https:\/\/sxflightcase.com \ud83d\udc97<\/title>\n<meta name=\"description\" content=\"Audio rack panel, factory direct! High-quality, durable panels designed for securely mounting and organizing audio equipment in racks. Ideal for professional studios, live sound setups, and AV installations.\" \/>\n<meta name=\"robots\" content=\"index, follow, max-snippet:-1, max-image-preview:large, max-video-preview:-1\" \/>\n<link rel=\"canonical\" href=\"https:\/\/sxflightcase.com\/pt\/\u4ea7\u54c1\/\u97f3\u9891\u673a\u67b6\u9762\u677f-rab305-2\/\" \/>\n<meta property=\"og:locale\" content=\"pt_PT\" \/>\n<meta property=\"og:type\" content=\"article\" \/>\n<meta property=\"og:title\" content=\"Audio Rack Panel RAB305\" \/>\n<meta property=\"og:description\" content=\"Audio rack panel, factory direct! High-quality, durable panels designed for securely mounting and organizing audio equipment in racks. Ideal for professional studios, live sound setups, and AV installations.\" \/>\n<meta property=\"og:url\" content=\"https:\/\/sxflightcase.com\/pt\/\u4ea7\u54c1\/\u97f3\u9891\u673a\u67b6\u9762\u677f-rab305-2\/\" \/>\n<meta property=\"og:site_name\" content=\"https:\/\/sxflightcase.com\" \/>\n<meta property=\"article:publisher\" content=\"https:\/\/www.facebook.com\/profile.php?id=61560407257971\" \/>\n<meta property=\"article:modified_time\" content=\"2024-09-13T06:15:46+00:00\" \/>\n<meta property=\"og:image\" content=\"https:\/\/sxflightcase.com\/wp-content\/uploads\/2024\/09\/RAB305.jpg\" \/>\n\t<meta property=\"og:image:width\" content=\"700\" \/>\n\t<meta property=\"og:image:height\" content=\"700\" \/>\n\t<meta property=\"og:image:type\" content=\"image\/jpeg\" \/>\n<meta name=\"twitter:card\" content=\"summary_large_image\" \/>\n<meta name=\"twitter:label1\" content=\"Tempo estimado de leitura\" \/>\n\t<meta name=\"twitter:data1\" content=\"3 minutos\" \/>\n<script type=\"application\/ld+json\" class=\"yoast-schema-graph\">{\"@context\":\"https:\/\/schema.org\",\"@graph\":[{\"@type\":\"WebPage\",\"@id\":\"https:\/\/sxflightcase.com\/zh\/\u4ea7\u54c1\/\u97f3\u9891\u673a\u67b6\u9762\u677f-rab305-2\/\",\"url\":\"https:\/\/sxflightcase.com\/zh\/\u4ea7\u54c1\/\u97f3\u9891\u673a\u67b6\u9762\u677f-rab305-2\/\",\"name\":\"Audio Rack Panel RAB305 - https:\/\/sxflightcase.com \ud83d\udc97\",\"isPartOf\":{\"@id\":\"https:\/\/sxflightcase.com\/th\/#website\"},\"primaryImageOfPage\":{\"@id\":\"https:\/\/sxflightcase.com\/zh\/\u4ea7\u54c1\/\u97f3\u9891\u673a\u67b6\u9762\u677f-rab305-2\/#primaryimage\"},\"image\":{\"@id\":\"https:\/\/sxflightcase.com\/zh\/\u4ea7\u54c1\/\u97f3\u9891\u673a\u67b6\u9762\u677f-rab305-2\/#primaryimage\"},\"thumbnailUrl\":\"https:\/\/sxflightcase.com\/wp-content\/uploads\/2024\/09\/RAB305.jpg\",\"datePublished\":\"2024-09-13T06:15:45+00:00\",\"dateModified\":\"2024-09-13T06:15:46+00:00\",\"description\":\"Audio rack panel, factory direct! High-quality, durable panels designed for securely mounting and organizing audio equipment in racks. Ideal for professional studios, live sound setups, and AV installations.\",\"breadcrumb\":{\"@id\":\"https:\/\/sxflightcase.com\/zh\/\u4ea7\u54c1\/\u97f3\u9891\u673a\u67b6\u9762\u677f-rab305-2\/#breadcrumb\"},\"inLanguage\":\"pt-PT\",\"potentialAction\":[{\"@type\":\"ReadAction\",\"target\":[\"https:\/\/sxflightcase.com\/zh\/\u4ea7\u54c1\/\u97f3\u9891\u673a\u67b6\u9762\u677f-rab305-2\/\"]}]},{\"@type\":\"ImageObject\",\"inLanguage\":\"pt-PT\",\"@id\":\"https:\/\/sxflightcase.com\/zh\/\u4ea7\u54c1\/\u97f3\u9891\u673a\u67b6\u9762\u677f-rab305-2\/#primaryimage\",\"url\":\"https:\/\/sxflightcase.com\/wp-content\/uploads\/2024\/09\/RAB305.jpg\",\"contentUrl\":\"https:\/\/sxflightcase.com\/wp-content\/uploads\/2024\/09\/RAB305.jpg\",\"width\":700,\"height\":700,\"caption\":\"Audio Rack Panel\"},{\"@type\":\"BreadcrumbList\",\"@id\":\"https:\/\/sxflightcase.com\/zh\/\u4ea7\u54c1\/\u97f3\u9891\u673a\u67b6\u9762\u677f-rab305-2\/#breadcrumb\",\"itemListElement\":[{\"@type\":\"ListItem\",\"position\":1,\"name\":\"Home\",\"item\":\"https:\/\/sxflightcase.com\/\"},{\"@type\":\"ListItem\",\"position\":2,\"name\":\"\u0e2a\u0e34\u0e19\u0e04\u0e49\u0e32\",\"item\":\"https:\/\/sxflightcase.com\/th\/shop\/\"},{\"@type\":\"ListItem\",\"position\":3,\"name\":\"Audio Rack Panel RAB305\"}]},{\"@type\":\"WebSite\",\"@id\":\"https:\/\/sxflightcase.com\/th\/#website\",\"url\":\"https:\/\/sxflightcase.com\/th\/\",\"name\":\"sxpowercase.com\",\"description\":\"Flight Case Factory\",\"publisher\":{\"@id\":\"https:\/\/sxflightcase.com\/th\/#organization\"},\"potentialAction\":[{\"@type\":\"SearchAction\",\"target\":{\"@type\":\"EntryPoint\",\"urlTemplate\":\"https:\/\/sxflightcase.com\/th\/?s={search_term_string}\"},\"query-input\":{\"@type\":\"PropertyValueSpecification\",\"valueRequired\":true,\"valueName\":\"search_term_string\"}}],\"inLanguage\":\"pt-PT\"},{\"@type\":\"Organization\",\"@id\":\"https:\/\/sxflightcase.com\/th\/#organization\",\"name\":\"sxpowercase.com\",\"url\":\"https:\/\/sxflightcase.com\/th\/\",\"logo\":{\"@type\":\"ImageObject\",\"inLanguage\":\"pt-PT\",\"@id\":\"https:\/\/sxflightcase.com\/th\/#\/schema\/logo\/image\/\",\"url\":\"https:\/\/sxflightcase.com\/wp-content\/uploads\/2024\/04\/1713919036007.jpg\",\"contentUrl\":\"https:\/\/sxflightcase.com\/wp-content\/uploads\/2024\/04\/1713919036007.jpg\",\"width\":382,\"height\":388,\"caption\":\"sxpowercase.com\"},\"image\":{\"@id\":\"https:\/\/sxflightcase.com\/th\/#\/schema\/logo\/image\/\"},\"sameAs\":[\"https:\/\/www.facebook.com\/profile.php?id=61560407257971\"],\"numberOfEmployees\":{\"@type\":\"QuantitativeValue\",\"minValue\":\"11\",\"maxValue\":\"50\"}}]}<\/script>\n<!-- \/ Yoast SEO Premium plugin. -->","yoast_head_json":{"title":"Audio Rack Panel RAB305 - https:\/\/sxflightcase.com \ud83d\udc97","description":"Painel para bastidor de \u00e1udio, direto da f\u00e1brica! Pain\u00e9is dur\u00e1veis e de alta qualidade concebidos para montar e organizar de forma segura o equipamento \u00e1udio em bastidores. Ideal para est\u00fadios profissionais, configura\u00e7\u00f5es de som ao vivo e instala\u00e7\u00f5es AV.","robots":{"index":"index","follow":"follow","max-snippet":"max-snippet:-1","max-image-preview":"max-image-preview:large","max-video-preview":"max-video-preview:-1"},"canonical":"https:\/\/sxflightcase.com\/pt\/\u4ea7\u54c1\/\u97f3\u9891\u673a\u67b6\u9762\u677f-rab305-2\/","og_locale":"pt_PT","og_type":"article","og_title":"Audio Rack Panel RAB305","og_description":"Audio rack panel, factory direct! High-quality, durable panels designed for securely mounting and organizing audio equipment in racks. Ideal for professional studios, live sound setups, and AV installations.","og_url":"https:\/\/sxflightcase.com\/pt\/\u4ea7\u54c1\/\u97f3\u9891\u673a\u67b6\u9762\u677f-rab305-2\/","og_site_name":"https:\/\/sxflightcase.com","article_publisher":"https:\/\/www.facebook.com\/profile.php?id=61560407257971","article_modified_time":"2024-09-13T06:15:46+00:00","og_image":[{"width":700,"height":700,"url":"https:\/\/sxflightcase.com\/wp-content\/uploads\/2024\/09\/RAB305.jpg","type":"image\/jpeg"}],"twitter_card":"summary_large_image","twitter_misc":{"Tempo estimado de leitura":"3 minutos"},"schema":{"@context":"https:\/\/schema.org","@graph":[{"@type":"WebPage","@id":"https:\/\/sxflightcase.com\/zh\/\u4ea7\u54c1\/\u97f3\u9891\u673a\u67b6\u9762\u677f-rab305-2\/","url":"https:\/\/sxflightcase.com\/zh\/\u4ea7\u54c1\/\u97f3\u9891\u673a\u67b6\u9762\u677f-rab305-2\/","name":"Audio Rack Panel RAB305 - https:\/\/sxflightcase.com \ud83d\udc97","isPartOf":{"@id":"https:\/\/sxflightcase.com\/th\/#website"},"primaryImageOfPage":{"@id":"https:\/\/sxflightcase.com\/zh\/\u4ea7\u54c1\/\u97f3\u9891\u673a\u67b6\u9762\u677f-rab305-2\/#primaryimage"},"image":{"@id":"https:\/\/sxflightcase.com\/zh\/\u4ea7\u54c1\/\u97f3\u9891\u673a\u67b6\u9762\u677f-rab305-2\/#primaryimage"},"thumbnailUrl":"https:\/\/sxflightcase.com\/wp-content\/uploads\/2024\/09\/RAB305.jpg","datePublished":"2024-09-13T06:15:45+00:00","dateModified":"2024-09-13T06:15:46+00:00","description":"Painel para bastidor de \u00e1udio, direto da f\u00e1brica! Pain\u00e9is dur\u00e1veis e de alta qualidade concebidos para montar e organizar de forma segura o equipamento \u00e1udio em bastidores. Ideal para est\u00fadios profissionais, configura\u00e7\u00f5es de som ao vivo e instala\u00e7\u00f5es AV.","breadcrumb":{"@id":"https:\/\/sxflightcase.com\/zh\/\u4ea7\u54c1\/\u97f3\u9891\u673a\u67b6\u9762\u677f-rab305-2\/#breadcrumb"},"inLanguage":"pt-PT","potentialAction":[{"@type":"ReadAction","target":["https:\/\/sxflightcase.com\/zh\/\u4ea7\u54c1\/\u97f3\u9891\u673a\u67b6\u9762\u677f-rab305-2\/"]}]},{"@type":"ImageObject","inLanguage":"pt-PT","@id":"https:\/\/sxflightcase.com\/zh\/\u4ea7\u54c1\/\u97f3\u9891\u673a\u67b6\u9762\u677f-rab305-2\/#primaryimage","url":"https:\/\/sxflightcase.com\/wp-content\/uploads\/2024\/09\/RAB305.jpg","contentUrl":"https:\/\/sxflightcase.com\/wp-content\/uploads\/2024\/09\/RAB305.jpg","width":700,"height":700,"caption":"Audio Rack Panel"},{"@type":"BreadcrumbList","@id":"https:\/\/sxflightcase.com\/zh\/\u4ea7\u54c1\/\u97f3\u9891\u673a\u67b6\u9762\u677f-rab305-2\/#breadcrumb","itemListElement":[{"@type":"ListItem","position":1,"name":"Home","item":"https:\/\/sxflightcase.com\/"},{"@type":"ListItem","position":2,"name":"\u0e2a\u0e34\u0e19\u0e04\u0e49\u0e32","item":"https:\/\/sxflightcase.com\/th\/shop\/"},{"@type":"ListItem","position":3,"name":"Audio Rack Panel RAB305"}]},{"@type":"WebSite","@id":"https:\/\/sxflightcase.com\/th\/#website","url":"https:\/\/sxflightcase.com\/th\/","name":"sxpowercase.com","description":"F\u00e1brica de malas de voo","publisher":{"@id":"https:\/\/sxflightcase.com\/th\/#organization"},"potentialAction":[{"@type":"SearchAction","target":{"@type":"EntryPoint","urlTemplate":"https:\/\/sxflightcase.com\/th\/?s={search_term_string}"},"query-input":{"@type":"PropertyValueSpecification","valueRequired":true,"valueName":"search_term_string"}}],"inLanguage":"pt-PT"},{"@type":"Organization","@id":"https:\/\/sxflightcase.com\/th\/#organization","name":"sxpowercase.com","url":"https:\/\/sxflightcase.com\/th\/","logo":{"@type":"ImageObject","inLanguage":"pt-PT","@id":"https:\/\/sxflightcase.com\/th\/#\/schema\/logo\/image\/","url":"https:\/\/sxflightcase.com\/wp-content\/uploads\/2024\/04\/1713919036007.jpg","contentUrl":"https:\/\/sxflightcase.com\/wp-content\/uploads\/2024\/04\/1713919036007.jpg","width":382,"height":388,"caption":"sxpowercase.com"},"image":{"@id":"https:\/\/sxflightcase.com\/th\/#\/schema\/logo\/image\/"},"sameAs":["https:\/\/www.facebook.com\/profile.php?id=61560407257971"],"numberOfEmployees":{"@type":"QuantitativeValue","minValue":"11","maxValue":"50"}}]}},"_links":{"self":[{"href":"https:\/\/sxflightcase.com\/pt\/wp-json\/wp\/v2\/product\/4399","targetHints":{"allow":["GET"]}}],"collection":[{"href":"https:\/\/sxflightcase.com\/pt\/wp-json\/wp\/v2\/product"}],"about":[{"href":"https:\/\/sxflightcase.com\/pt\/wp-json\/wp\/v2\/types\/product"}],"replies":[{"embeddable":true,"href":"https:\/\/sxflightcase.com\/pt\/wp-json\/wp\/v2\/comments?post=4399"}],"version-history":[{"count":0,"href":"https:\/\/sxflightcase.com\/pt\/wp-json\/wp\/v2\/product\/4399\/revisions"}],"wp:featuredmedia":[{"embeddable":true,"href":"https:\/\/sxflightcase.com\/pt\/wp-json\/wp\/v2\/media\/4287"}],"wp:attachment":[{"href":"https:\/\/sxflightcase.com\/pt\/wp-json\/wp\/v2\/media?parent=4399"}],"wp:term":[{"taxonomy":"product_brand","embeddable":true,"href":"https:\/\/sxflightcase.com\/pt\/wp-json\/wp\/v2\/product_brand?post=4399"},{"taxonomy":"product_cat","embeddable":true,"href":"https:\/\/sxflightcase.com\/pt\/wp-json\/wp\/v2\/product_cat?post=4399"},{"taxonomy":"product_tag","embeddable":true,"href":"https:\/\/sxflightcase.com\/pt\/wp-json\/wp\/v2\/product_tag?post=4399"}],"curies":[{"name":"wp","href":"https:\/\/api.w.org\/{rel}","templated":true}]}}