{"id":4400,"date":"2024-09-13T07:21:08","date_gmt":"2024-09-13T06:21:08","guid":{"rendered":"https:\/\/sxpowercase.com\/?post_type=product&#038;p=4400"},"modified":"2024-09-13T07:25:16","modified_gmt":"2024-09-13T06:25:16","slug":"rack-panel-punched-rab306","status":"publish","type":"product","link":"https:\/\/sxflightcase.com\/pt\/produto\/painel-de-rack-perfurado-rab306\/","title":{"rendered":"Painel de rack perfurado RAB306"},"content":{"rendered":"<h3>Optimize a sua configura\u00e7\u00e3o com as solu\u00e7\u00f5es perfuradas para painel SX Rack<\/h3>\n<p>O <span style=\"color: #0000ff;\"><a style=\"color: #0000ff;\" href=\"https:\/\/sxpowercase.com\/product\/audio-rack-panel-rab305\/\"><strong>Painel de bastidor perfurado<\/strong><\/a><\/span> de <strong>SX<\/strong> \u00e9 a solu\u00e7\u00e3o perfeita para organizar o seu equipamento montado em bastidor. Concebidos para oferecer a m\u00e1xima efici\u00eancia e um aspeto limpo e profissional, estes pain\u00e9is proporcionam um acesso f\u00e1cil \u00e0s liga\u00e7\u00f5es, mantendo o seu equipamento seguro e protegido. Com <strong>SX<\/strong>A nossa gama de produtos, que inclui pain\u00e9is de alta qualidade que satisfazem as suas necessidades, a pre\u00e7os diretos de f\u00e1brica.<\/p>\n<h3>Materiais de alta qualidade para uma durabilidade a longo prazo<\/h3>\n<p>O nosso <strong>Painel de bastidor perfurado<\/strong> s\u00e3o constru\u00eddos com materiais resistentes e duradouros para garantir a sua durabilidade. Quer esteja a montar uma sala de servidores, um est\u00fadio de radiodifus\u00e3o ou qualquer bastidor de equipamento, <strong><a title=\"SX\" href=\"https:\/\/sxpowercase.com\/\" target=\"_blank\" rel=\"noopener\" data-wpil-monitor-id=\"753\">SX<\/a><\/strong> garante desempenho e prote\u00e7\u00e3o a longo prazo. Os nossos pain\u00e9is n\u00e3o s\u00f3 proporcionam um excelente fluxo de ar, como tamb\u00e9m evitam a acumula\u00e7\u00e3o de p\u00f3, ajudando a manter a sa\u00fade e a funcionalidade do seu equipamento.<\/p>\n<h3>Pre\u00e7os diretos de f\u00e1brica em que pode confiar<\/h3>\n<p>Em <strong>SX<\/strong>Estamos empenhados em fornecer produtos de primeira qualidade diretamente da nossa f\u00e1brica. Este modelo ajuda-nos a manter os pre\u00e7os baixos sem sacrificar a qualidade. Ao oferecer <strong>Painel de bastidor perfurado<\/strong> produtos a pre\u00e7os diretos de f\u00e1brica, garantimos que recebe o melhor valor pelo seu investimento. A qualidade e a acessibilidade est\u00e3o no centro de cada <strong>SX<\/strong> produto.<\/p>\n<h3>Instala\u00e7\u00e3o f\u00e1cil e utiliza\u00e7\u00e3o vers\u00e1til<\/h3>\n<p>O nosso <strong>Painel de bastidor perfurado<\/strong> foi concebido para uma instala\u00e7\u00e3o simples. Compat\u00edveis com sistemas de bastidor padr\u00e3o, estes pain\u00e9is permitem-lhe simplificar a sua configura\u00e7\u00e3o sem qualquer inc\u00f3modo. Quer esteja a trabalhar numa nova instala\u00e7\u00e3o ou a atualizar um bastidor existente, <strong>SX<\/strong> torna o processo simples. Al\u00e9m disso, o design perfurado permite uma gest\u00e3o flex\u00edvel dos cabos, assegurando que pode ligar e aceder facilmente ao seu equipamento.<\/p>\n<h3>A confian\u00e7a dos profissionais do sector<\/h3>\n<p><strong>Perfurador de painel SX Rack<\/strong>\u00a0t\u00eam a confian\u00e7a de profissionais de v\u00e1rios sectores, incluindo TI, \u00e1udio e radiodifus\u00e3o. Conhecidos pela sua durabilidade, facilidade de utiliza\u00e7\u00e3o e design elegante, estes pain\u00e9is s\u00e3o uma parte essencial de qualquer configura\u00e7\u00e3o profissional. Os nossos clientes confiam em <strong>SX<\/strong> para solu\u00e7\u00f5es fi\u00e1veis que oferecem funcionalidade e efici\u00eancia de custos.<\/p>\n<h3>Escolha a SX para pain\u00e9is de bastidor de qualidade e a pre\u00e7os acess\u00edveis<\/h3>\n<p>Com <strong>SX<\/strong>N\u00e3o tem de fazer ced\u00eancias entre qualidade e pre\u00e7o. Os nossos <strong>Perfura\u00e7\u00e3o do painel do bastidor<\/strong>\u00a0s\u00e3o constru\u00eddos de acordo com os mais elevados padr\u00f5es, mantendo-se acess\u00edveis, gra\u00e7as ao nosso modelo de pre\u00e7os diretos da f\u00e1brica. Para organiza\u00e7\u00f5es que procuram melhorar os seus sistemas de bastidor sem gastar demasiado, <strong>SX<\/strong> \u00e9 a escolha perfeita.<\/p>\n<p>Escolher <strong>SX<\/strong> para o seu <strong>Painel de bastidor perfurado<\/strong> e experimente a combina\u00e7\u00e3o perfeita de durabilidade, valor e design profissional.<\/p>\n<ol>\n<li>Contactar agora:<span style=\"color: #0000ff;\"><a style=\"color: #0000ff;\" href=\"https:\/\/sxpowercase.com\/contact-us\/\">https:\/\/sxpowercase.com\/<\/a><\/span><\/li>\n<li>Cat\u00e1logo de produtos de hardware\uff1a<span style=\"color: #0000ff;\"><a style=\"color: #0000ff;\" href=\"https:\/\/sxpowercase.com\/wp-content\/uploads\/2024\/07\/\u4e94\u91d1.pdf\">Cat\u00e1logo de acess\u00f3rios de ferragens<\/a><\/span><\/li>\n<\/ol>","protected":false},"excerpt":{"rendered":"<h3>Pain\u00e9is de rack de \u00e1udio de alta qualidade da SX<\/h3>\n<p>A SX oferece pain\u00e9is de rack de \u00e1udio de alta qualidade, habilmente criados para proporcionar funcionalidade e durabilidade para configura\u00e7\u00f5es de est\u00fadio profissionais e dom\u00e9sticas.<\/p>\n<h3>Pre\u00e7os diretos da f\u00e1brica para um grande valor<\/h3>\n<p>Obtenha uma qualidade excecional a pre\u00e7os diretos de f\u00e1brica. A SX elimina os intermedi\u00e1rios, garantindo que recebe pain\u00e9is de rack de \u00e1udio de topo a pre\u00e7os competitivos.<\/p>\n<h3>F\u00e1cil instala\u00e7\u00e3o e m\u00e1xima prote\u00e7\u00e3o<\/h3>\n<p>Os pain\u00e9is de rack SX Audio s\u00e3o f\u00e1ceis de instalar, melhorando a organiza\u00e7\u00e3o e protegendo o seu equipamento com um fluxo de ar melhorado e resist\u00eancia ao p\u00f3 para um desempenho suave e duradouro.<\/p>","protected":false},"featured_media":4288,"comment_status":"open","ping_status":"closed","template":"","meta":[],"product_brand":[],"product_cat":[66],"product_tag":[],"class_list":{"0":"post-4400","1":"product","2":"type-product","3":"status-publish","4":"has-post-thumbnail","6":"product_cat-rack-hardware","8":"first","9":"instock","10":"shipping-taxable","11":"product-type-simple"},"yoast_head":"<!-- This site is optimized with the Yoast SEO Premium plugin v27.1 (Yoast SEO v27.2) - https:\/\/yoast.com\/product\/yoast-seo-premium-wordpress\/ -->\n<title>Rack Panel Punched RAB306 - https:\/\/sxflightcase.com \ud83d\udc97<\/title>\n<meta name=\"description\" content=\"Rack panel punched, factory direct! Durable, high-quality panels with pre-punched holes for easy and secure mounting of equipment. Ideal for professional rack setups and efficient organization.\" \/>\n<meta name=\"robots\" content=\"index, follow, max-snippet:-1, max-image-preview:large, max-video-preview:-1\" \/>\n<link rel=\"canonical\" href=\"https:\/\/sxflightcase.com\/pt\/produto\/painel-de-rack-perfurado-rab306\/\" \/>\n<meta property=\"og:locale\" content=\"pt_PT\" \/>\n<meta property=\"og:type\" content=\"article\" \/>\n<meta property=\"og:title\" content=\"Rack Panel Punched RAB306\" \/>\n<meta property=\"og:description\" content=\"Rack panel punched, factory direct! Durable, high-quality panels with pre-punched holes for easy and secure mounting of equipment. Ideal for professional rack setups and efficient organization.\" \/>\n<meta property=\"og:url\" content=\"https:\/\/sxflightcase.com\/pt\/produto\/painel-de-rack-perfurado-rab306\/\" \/>\n<meta property=\"og:site_name\" content=\"https:\/\/sxflightcase.com\" \/>\n<meta property=\"article:publisher\" content=\"https:\/\/www.facebook.com\/profile.php?id=61560407257971\" \/>\n<meta property=\"article:modified_time\" content=\"2024-09-13T06:25:16+00:00\" \/>\n<meta property=\"og:image\" content=\"https:\/\/sxflightcase.com\/wp-content\/uploads\/2024\/09\/RAB306.jpg\" \/>\n\t<meta property=\"og:image:width\" content=\"700\" \/>\n\t<meta property=\"og:image:height\" content=\"700\" \/>\n\t<meta property=\"og:image:type\" content=\"image\/jpeg\" \/>\n<meta name=\"twitter:card\" content=\"summary_large_image\" \/>\n<meta name=\"twitter:label1\" content=\"Tempo estimado de leitura\" \/>\n\t<meta name=\"twitter:data1\" content=\"3 minutos\" \/>\n<script type=\"application\/ld+json\" class=\"yoast-schema-graph\">{\"@context\":\"https:\/\/schema.org\",\"@graph\":[{\"@type\":\"WebPage\",\"@id\":\"https:\/\/sxflightcase.com\/product\/rack-panel-punched-rab306\/\",\"url\":\"https:\/\/sxflightcase.com\/product\/rack-panel-punched-rab306\/\",\"name\":\"Rack Panel Punched RAB306 - https:\/\/sxflightcase.com \ud83d\udc97\",\"isPartOf\":{\"@id\":\"https:\/\/sxflightcase.com\/th\/#website\"},\"primaryImageOfPage\":{\"@id\":\"https:\/\/sxflightcase.com\/product\/rack-panel-punched-rab306\/#primaryimage\"},\"image\":{\"@id\":\"https:\/\/sxflightcase.com\/product\/rack-panel-punched-rab306\/#primaryimage\"},\"thumbnailUrl\":\"https:\/\/sxflightcase.com\/wp-content\/uploads\/2024\/09\/RAB306.jpg\",\"datePublished\":\"2024-09-13T06:21:08+00:00\",\"dateModified\":\"2024-09-13T06:25:16+00:00\",\"description\":\"Rack panel punched, factory direct! Durable, high-quality panels with pre-punched holes for easy and secure mounting of equipment. Ideal for professional rack setups and efficient organization.\",\"breadcrumb\":{\"@id\":\"https:\/\/sxflightcase.com\/product\/rack-panel-punched-rab306\/#breadcrumb\"},\"inLanguage\":\"pt-PT\",\"potentialAction\":[{\"@type\":\"ReadAction\",\"target\":[\"https:\/\/sxflightcase.com\/product\/rack-panel-punched-rab306\/\"]}]},{\"@type\":\"ImageObject\",\"inLanguage\":\"pt-PT\",\"@id\":\"https:\/\/sxflightcase.com\/product\/rack-panel-punched-rab306\/#primaryimage\",\"url\":\"https:\/\/sxflightcase.com\/wp-content\/uploads\/2024\/09\/RAB306.jpg\",\"contentUrl\":\"https:\/\/sxflightcase.com\/wp-content\/uploads\/2024\/09\/RAB306.jpg\",\"width\":700,\"height\":700,\"caption\":\"Rack Panel Punched\"},{\"@type\":\"BreadcrumbList\",\"@id\":\"https:\/\/sxflightcase.com\/product\/rack-panel-punched-rab306\/#breadcrumb\",\"itemListElement\":[{\"@type\":\"ListItem\",\"position\":1,\"name\":\"Home\",\"item\":\"https:\/\/sxflightcase.com\/\"},{\"@type\":\"ListItem\",\"position\":2,\"name\":\"\u0e2a\u0e34\u0e19\u0e04\u0e49\u0e32\",\"item\":\"https:\/\/sxflightcase.com\/th\/shop\/\"},{\"@type\":\"ListItem\",\"position\":3,\"name\":\"Rack Panel Punched RAB306\"}]},{\"@type\":\"WebSite\",\"@id\":\"https:\/\/sxflightcase.com\/th\/#website\",\"url\":\"https:\/\/sxflightcase.com\/th\/\",\"name\":\"sxpowercase.com\",\"description\":\"Flight Case Factory\",\"publisher\":{\"@id\":\"https:\/\/sxflightcase.com\/th\/#organization\"},\"potentialAction\":[{\"@type\":\"SearchAction\",\"target\":{\"@type\":\"EntryPoint\",\"urlTemplate\":\"https:\/\/sxflightcase.com\/th\/?s={search_term_string}\"},\"query-input\":{\"@type\":\"PropertyValueSpecification\",\"valueRequired\":true,\"valueName\":\"search_term_string\"}}],\"inLanguage\":\"pt-PT\"},{\"@type\":\"Organization\",\"@id\":\"https:\/\/sxflightcase.com\/th\/#organization\",\"name\":\"sxpowercase.com\",\"url\":\"https:\/\/sxflightcase.com\/th\/\",\"logo\":{\"@type\":\"ImageObject\",\"inLanguage\":\"pt-PT\",\"@id\":\"https:\/\/sxflightcase.com\/th\/#\/schema\/logo\/image\/\",\"url\":\"https:\/\/sxflightcase.com\/wp-content\/uploads\/2024\/04\/1713919036007.jpg\",\"contentUrl\":\"https:\/\/sxflightcase.com\/wp-content\/uploads\/2024\/04\/1713919036007.jpg\",\"width\":382,\"height\":388,\"caption\":\"sxpowercase.com\"},\"image\":{\"@id\":\"https:\/\/sxflightcase.com\/th\/#\/schema\/logo\/image\/\"},\"sameAs\":[\"https:\/\/www.facebook.com\/profile.php?id=61560407257971\"],\"numberOfEmployees\":{\"@type\":\"QuantitativeValue\",\"minValue\":\"11\",\"maxValue\":\"50\"}}]}<\/script>\n<!-- \/ Yoast SEO Premium plugin. -->","yoast_head_json":{"title":"Rack Panel Punched RAB306 - https:\/\/sxflightcase.com \ud83d\udc97","description":"Painel de rack perfurado, direto da f\u00e1brica! Pain\u00e9is dur\u00e1veis e de alta qualidade com orif\u00edcios pr\u00e9-perfurados para uma montagem f\u00e1cil e segura do equipamento. Ideal para configura\u00e7\u00f5es de rack profissionais e organiza\u00e7\u00e3o eficiente.","robots":{"index":"index","follow":"follow","max-snippet":"max-snippet:-1","max-image-preview":"max-image-preview:large","max-video-preview":"max-video-preview:-1"},"canonical":"https:\/\/sxflightcase.com\/pt\/produto\/painel-de-rack-perfurado-rab306\/","og_locale":"pt_PT","og_type":"article","og_title":"Rack Panel Punched RAB306","og_description":"Rack panel punched, factory direct! Durable, high-quality panels with pre-punched holes for easy and secure mounting of equipment. Ideal for professional rack setups and efficient organization.","og_url":"https:\/\/sxflightcase.com\/pt\/produto\/painel-de-rack-perfurado-rab306\/","og_site_name":"https:\/\/sxflightcase.com","article_publisher":"https:\/\/www.facebook.com\/profile.php?id=61560407257971","article_modified_time":"2024-09-13T06:25:16+00:00","og_image":[{"width":700,"height":700,"url":"https:\/\/sxflightcase.com\/wp-content\/uploads\/2024\/09\/RAB306.jpg","type":"image\/jpeg"}],"twitter_card":"summary_large_image","twitter_misc":{"Tempo estimado de leitura":"3 minutos"},"schema":{"@context":"https:\/\/schema.org","@graph":[{"@type":"WebPage","@id":"https:\/\/sxflightcase.com\/product\/rack-panel-punched-rab306\/","url":"https:\/\/sxflightcase.com\/product\/rack-panel-punched-rab306\/","name":"Rack Panel Punched RAB306 - https:\/\/sxflightcase.com \ud83d\udc97","isPartOf":{"@id":"https:\/\/sxflightcase.com\/th\/#website"},"primaryImageOfPage":{"@id":"https:\/\/sxflightcase.com\/product\/rack-panel-punched-rab306\/#primaryimage"},"image":{"@id":"https:\/\/sxflightcase.com\/product\/rack-panel-punched-rab306\/#primaryimage"},"thumbnailUrl":"https:\/\/sxflightcase.com\/wp-content\/uploads\/2024\/09\/RAB306.jpg","datePublished":"2024-09-13T06:21:08+00:00","dateModified":"2024-09-13T06:25:16+00:00","description":"Painel de rack perfurado, direto da f\u00e1brica! Pain\u00e9is dur\u00e1veis e de alta qualidade com orif\u00edcios pr\u00e9-perfurados para uma montagem f\u00e1cil e segura do equipamento. Ideal para configura\u00e7\u00f5es de rack profissionais e organiza\u00e7\u00e3o eficiente.","breadcrumb":{"@id":"https:\/\/sxflightcase.com\/product\/rack-panel-punched-rab306\/#breadcrumb"},"inLanguage":"pt-PT","potentialAction":[{"@type":"ReadAction","target":["https:\/\/sxflightcase.com\/product\/rack-panel-punched-rab306\/"]}]},{"@type":"ImageObject","inLanguage":"pt-PT","@id":"https:\/\/sxflightcase.com\/product\/rack-panel-punched-rab306\/#primaryimage","url":"https:\/\/sxflightcase.com\/wp-content\/uploads\/2024\/09\/RAB306.jpg","contentUrl":"https:\/\/sxflightcase.com\/wp-content\/uploads\/2024\/09\/RAB306.jpg","width":700,"height":700,"caption":"Rack Panel Punched"},{"@type":"BreadcrumbList","@id":"https:\/\/sxflightcase.com\/product\/rack-panel-punched-rab306\/#breadcrumb","itemListElement":[{"@type":"ListItem","position":1,"name":"Home","item":"https:\/\/sxflightcase.com\/"},{"@type":"ListItem","position":2,"name":"\u0e2a\u0e34\u0e19\u0e04\u0e49\u0e32","item":"https:\/\/sxflightcase.com\/th\/shop\/"},{"@type":"ListItem","position":3,"name":"Rack Panel Punched RAB306"}]},{"@type":"WebSite","@id":"https:\/\/sxflightcase.com\/th\/#website","url":"https:\/\/sxflightcase.com\/th\/","name":"sxpowercase.com","description":"F\u00e1brica de malas de voo","publisher":{"@id":"https:\/\/sxflightcase.com\/th\/#organization"},"potentialAction":[{"@type":"SearchAction","target":{"@type":"EntryPoint","urlTemplate":"https:\/\/sxflightcase.com\/th\/?s={search_term_string}"},"query-input":{"@type":"PropertyValueSpecification","valueRequired":true,"valueName":"search_term_string"}}],"inLanguage":"pt-PT"},{"@type":"Organization","@id":"https:\/\/sxflightcase.com\/th\/#organization","name":"sxpowercase.com","url":"https:\/\/sxflightcase.com\/th\/","logo":{"@type":"ImageObject","inLanguage":"pt-PT","@id":"https:\/\/sxflightcase.com\/th\/#\/schema\/logo\/image\/","url":"https:\/\/sxflightcase.com\/wp-content\/uploads\/2024\/04\/1713919036007.jpg","contentUrl":"https:\/\/sxflightcase.com\/wp-content\/uploads\/2024\/04\/1713919036007.jpg","width":382,"height":388,"caption":"sxpowercase.com"},"image":{"@id":"https:\/\/sxflightcase.com\/th\/#\/schema\/logo\/image\/"},"sameAs":["https:\/\/www.facebook.com\/profile.php?id=61560407257971"],"numberOfEmployees":{"@type":"QuantitativeValue","minValue":"11","maxValue":"50"}}]}},"_links":{"self":[{"href":"https:\/\/sxflightcase.com\/pt\/wp-json\/wp\/v2\/product\/4400","targetHints":{"allow":["GET"]}}],"collection":[{"href":"https:\/\/sxflightcase.com\/pt\/wp-json\/wp\/v2\/product"}],"about":[{"href":"https:\/\/sxflightcase.com\/pt\/wp-json\/wp\/v2\/types\/product"}],"replies":[{"embeddable":true,"href":"https:\/\/sxflightcase.com\/pt\/wp-json\/wp\/v2\/comments?post=4400"}],"version-history":[{"count":0,"href":"https:\/\/sxflightcase.com\/pt\/wp-json\/wp\/v2\/product\/4400\/revisions"}],"wp:featuredmedia":[{"embeddable":true,"href":"https:\/\/sxflightcase.com\/pt\/wp-json\/wp\/v2\/media\/4288"}],"wp:attachment":[{"href":"https:\/\/sxflightcase.com\/pt\/wp-json\/wp\/v2\/media?parent=4400"}],"wp:term":[{"taxonomy":"product_brand","embeddable":true,"href":"https:\/\/sxflightcase.com\/pt\/wp-json\/wp\/v2\/product_brand?post=4400"},{"taxonomy":"product_cat","embeddable":true,"href":"https:\/\/sxflightcase.com\/pt\/wp-json\/wp\/v2\/product_cat?post=4400"},{"taxonomy":"product_tag","embeddable":true,"href":"https:\/\/sxflightcase.com\/pt\/wp-json\/wp\/v2\/product_tag?post=4400"}],"curies":[{"name":"wp","href":"https:\/\/api.w.org\/{rel}","templated":true}]}}