{"id":4422,"date":"2024-09-14T07:05:42","date_gmt":"2024-09-14T06:05:42","guid":{"rendered":"https:\/\/sxpowercase.com\/?post_type=product&#038;p=4422"},"modified":"2024-09-14T07:05:43","modified_gmt":"2024-09-14T06:05:43","slug":"rack-cabinet-panel-rab401","status":"publish","type":"product","link":"https:\/\/sxflightcase.com\/pt\/produto\/painel-de-armario-rack-rab401\/","title":{"rendered":"Painel de arm\u00e1rio de rack RAB401"},"content":{"rendered":"<h3>Descubra a durabilidade dos pain\u00e9is de arm\u00e1rios para rack SX<\/h3>\n<p>Quando se trata de organizar os seus sistemas de estantes, o <strong>Painel do arm\u00e1rio do rack<\/strong> de <strong>SX<\/strong> destaca-se como uma solu\u00e7\u00e3o fi\u00e1vel e de alta qualidade. Concebidos para responder \u00e0s necessidades dos profissionais dos sectores inform\u00e1tico, audiovisual e das telecomunica\u00e7\u00f5es, os nossos pain\u00e9is s\u00e3o simultaneamente duradouros e f\u00e1ceis de instalar. <strong>SX<\/strong> garante um desempenho e uma funcionalidade de topo para qualquer projeto que exija uma organiza\u00e7\u00e3o eficiente do sistema de estantes.<\/p>\n<h3>Qualidade excecional, garantida<\/h3>\n<p>Em <strong><a href=\"https:\/\/sxpowercase.com\/\" target=\"_blank\" rel=\"noopener\" title=\"SX\" data-wpil-monitor-id=\"758\">SX<\/a><\/strong>A qualidade \u00e9 a nossa prioridade. A nossa <strong>Pain\u00e9is de arm\u00e1rios para estantes<\/strong> s\u00e3o fabricados com materiais resistentes e duradouros que garantem uma utiliza\u00e7\u00e3o duradoura em qualquer ambiente. Estes pain\u00e9is foram concebidos para proteger o seu equipamento, otimizar o espa\u00e7o e melhorar as capacidades de arrefecimento, o que significa que o seu equipamento permanece seguro e funciona de forma eficiente. Quer esteja a trabalhar num grande centro de dados ou num pequeno est\u00fadio, <strong>SX<\/strong> fornece produtos fi\u00e1veis e duradouros.<\/p>\n<h3>Pre\u00e7os diretos de f\u00e1brica para grandes poupan\u00e7as<\/h3>\n<p>Comprando diretamente a <strong>SX<\/strong>A nossa empresa beneficia de pre\u00e7os diretos de f\u00e1brica que mant\u00eam os seus custos baixos, ao mesmo tempo que mant\u00e9m uma qualidade excecional. Os nossos <strong>Pain\u00e9is de arm\u00e1rios para estantes<\/strong> t\u00eam pre\u00e7os competitivos, o que lhe d\u00e1 acesso a produtos de primeira qualidade sem ultrapassar o seu or\u00e7amento. Este modelo de pre\u00e7os diretos \u00e9 uma grande parte da raz\u00e3o pela qual os profissionais escolhem <strong>SX<\/strong> para os seus projectos.<\/p>\n<h3>Design vers\u00e1til para todas as suas necessidades<\/h3>\n<p>Quer esteja a lidar com sistemas AV complexos ou a gerir equipamento de TI, a <strong>Painel do arm\u00e1rio do rack<\/strong> de <strong>SX<\/strong> foi concebido para uma vasta gama de aplica\u00e7\u00f5es. Os pain\u00e9is encaixam facilmente em bastidores padr\u00e3o, tornando a instala\u00e7\u00e3o r\u00e1pida e simples. Com o seu design elegante e econ\u00f3mico em termos de espa\u00e7o, <strong>SX<\/strong> Os pain\u00e9is ajudam a simplificar o seu espa\u00e7o de trabalho, oferecendo uma gest\u00e3o eficaz dos cabos e prote\u00e7\u00e3o do equipamento.<\/p>\n<h3>Preferido pelos especialistas do sector<\/h3>\n<p>Em todos os sectores, os profissionais confiam <strong>SX<\/strong> para as suas necessidades de pain\u00e9is em bastidor. Desde instala\u00e7\u00f5es audiovisuais a configura\u00e7\u00f5es de servidores, o <strong>Painel de arm\u00e1rio de rack SX<\/strong> \u00e9 conhecida pela sua durabilidade, funcionalidade e facilidade de utiliza\u00e7\u00e3o. Independentemente da dimens\u00e3o ou do \u00e2mbito do seu projeto, <strong>SX<\/strong> fornece o suporte fi\u00e1vel de que necessita para garantir que o seu equipamento est\u00e1 protegido e que os seus sistemas funcionam sem problemas.<\/p>\n<h3>Solu\u00e7\u00f5es acess\u00edveis sem comprometer a qualidade<\/h3>\n<p>Com <strong>SX<\/strong>n\u00e3o tem de sacrificar a qualidade em prol da acessibilidade. Os nossos <strong>Pain\u00e9is de arm\u00e1rios para estantes<\/strong> proporcionam uma excelente rela\u00e7\u00e3o qualidade\/pre\u00e7o, oferecendo o equil\u00edbrio perfeito entre durabilidade, design e efic\u00e1cia de custos. Confian\u00e7a <strong>SX<\/strong> para fornecer as solu\u00e7\u00f5es de bastidor de que necessita, tudo a um pre\u00e7o adequado ao seu or\u00e7amento.<\/p>\n<p>Para uma durabilidade imbat\u00edvel e efici\u00eancia de custos, escolha o <strong>Painel de arm\u00e1rio de rack SX<\/strong> para a sua pr\u00f3xima instala\u00e7\u00e3o.<\/p>\n<ol>\n<li>Contactar agora:<span style=\"color: #0000ff;\"><a style=\"color: #0000ff;\" href=\"https:\/\/sxpowercase.com\/contact-us\/\">https:\/\/sxpowercase.com\/<\/a><\/span><\/li>\n<li>Cat\u00e1logo de produtos de hardware\uff1a<span style=\"color: #0000ff;\"><a style=\"color: #0000ff;\" href=\"https:\/\/sxpowercase.com\/wp-content\/uploads\/2024\/07\/\u4e94\u91d1.pdf\">Cat\u00e1logo de acess\u00f3rios de ferragens<\/a><\/span><\/li>\n<\/ol>","protected":false},"excerpt":{"rendered":"<p><strong>Pain\u00e9is de arm\u00e1rios para estantes duradouros da SX<\/strong><br \/>\nOs pain\u00e9is para arm\u00e1rios de rack SX s\u00e3o fabricados com materiais de primeira qualidade, garantindo um desempenho duradouro em ambientes exigentes. Ideais para proteger o seu equipamento enquanto optimizam o fluxo de ar e a gest\u00e3o de cabos.<\/p>\n<p><strong>Poupan\u00e7a direta da f\u00e1brica para profissionais<\/strong><br \/>\nA SX oferece pre\u00e7os diretos de f\u00e1brica, fornecendo pain\u00e9is de arm\u00e1rios para rack de alta qualidade a pre\u00e7os acess\u00edveis. Obtenha efici\u00eancia de custos sem comprometer a durabilidade ou o desempenho.<\/p>\n<p><strong>Instala\u00e7\u00e3o f\u00e1cil e design vers\u00e1til<\/strong><br \/>\nConcebidos para uma instala\u00e7\u00e3o r\u00e1pida, os pain\u00e9is de arm\u00e1rios de rack SX adaptam-se a sistemas de rack padr\u00e3o e proporcionam uma solu\u00e7\u00e3o vers\u00e1til para TI, AV e configura\u00e7\u00f5es de rede. T\u00eam a confian\u00e7a de profissionais de todo o mundo.<\/p>","protected":false},"featured_media":4291,"comment_status":"open","ping_status":"closed","template":"","meta":[],"product_brand":[],"product_cat":[66],"product_tag":[],"class_list":{"0":"post-4422","1":"product","2":"type-product","3":"status-publish","4":"has-post-thumbnail","6":"product_cat-rack-hardware","8":"first","9":"instock","10":"shipping-taxable","11":"product-type-simple"},"yoast_head":"<!-- This site is optimized with the Yoast SEO Premium plugin v27.1 (Yoast SEO v27.2) - https:\/\/yoast.com\/product\/yoast-seo-premium-wordpress\/ -->\n<title>Rack Cabinet Panel RAB401 - https:\/\/sxflightcase.com \ud83d\udc97<\/title>\n<meta name=\"description\" content=\"Rack cabinet panel, factory direct! High-quality, durable panels designed for secure mounting and organization of equipment in rack cabinets. Ideal for professional setups, ensuring stability and efficient use.\" \/>\n<meta name=\"robots\" content=\"index, follow, max-snippet:-1, max-image-preview:large, max-video-preview:-1\" \/>\n<link rel=\"canonical\" href=\"https:\/\/sxflightcase.com\/pt\/\u4ea7\u54c1\/\u673a\u67b6\u67dc\u9762\u677f-rab401\/\" \/>\n<meta property=\"og:locale\" content=\"pt_PT\" \/>\n<meta property=\"og:type\" content=\"article\" \/>\n<meta property=\"og:title\" content=\"Rack Cabinet Panel RAB401\" \/>\n<meta property=\"og:description\" content=\"Rack cabinet panel, factory direct! High-quality, durable panels designed for secure mounting and organization of equipment in rack cabinets. Ideal for professional setups, ensuring stability and efficient use.\" \/>\n<meta property=\"og:url\" content=\"https:\/\/sxflightcase.com\/pt\/\u4ea7\u54c1\/\u673a\u67b6\u67dc\u9762\u677f-rab401\/\" \/>\n<meta property=\"og:site_name\" content=\"https:\/\/sxflightcase.com\" \/>\n<meta property=\"article:publisher\" content=\"https:\/\/www.facebook.com\/profile.php?id=61560407257971\" \/>\n<meta property=\"article:modified_time\" content=\"2024-09-14T06:05:43+00:00\" \/>\n<meta property=\"og:image\" content=\"https:\/\/sxflightcase.com\/wp-content\/uploads\/2024\/09\/RAB401.jpg\" \/>\n\t<meta property=\"og:image:width\" content=\"700\" \/>\n\t<meta property=\"og:image:height\" content=\"700\" \/>\n\t<meta property=\"og:image:type\" content=\"image\/jpeg\" \/>\n<meta name=\"twitter:card\" content=\"summary_large_image\" \/>\n<meta name=\"twitter:label1\" content=\"Tempo estimado de leitura\" \/>\n\t<meta name=\"twitter:data1\" content=\"3 minutos\" \/>\n<script type=\"application\/ld+json\" class=\"yoast-schema-graph\">{\"@context\":\"https:\/\/schema.org\",\"@graph\":[{\"@type\":\"WebPage\",\"@id\":\"https:\/\/sxflightcase.com\/zh\/\u4ea7\u54c1\/\u673a\u67b6\u67dc\u9762\u677f-rab401\/\",\"url\":\"https:\/\/sxflightcase.com\/zh\/\u4ea7\u54c1\/\u673a\u67b6\u67dc\u9762\u677f-rab401\/\",\"name\":\"Rack Cabinet Panel RAB401 - https:\/\/sxflightcase.com \ud83d\udc97\",\"isPartOf\":{\"@id\":\"https:\/\/sxflightcase.com\/th\/#website\"},\"primaryImageOfPage\":{\"@id\":\"https:\/\/sxflightcase.com\/zh\/\u4ea7\u54c1\/\u673a\u67b6\u67dc\u9762\u677f-rab401\/#primaryimage\"},\"image\":{\"@id\":\"https:\/\/sxflightcase.com\/zh\/\u4ea7\u54c1\/\u673a\u67b6\u67dc\u9762\u677f-rab401\/#primaryimage\"},\"thumbnailUrl\":\"https:\/\/sxflightcase.com\/wp-content\/uploads\/2024\/09\/RAB401.jpg\",\"datePublished\":\"2024-09-14T06:05:42+00:00\",\"dateModified\":\"2024-09-14T06:05:43+00:00\",\"description\":\"Rack cabinet panel, factory direct! High-quality, durable panels designed for secure mounting and organization of equipment in rack cabinets. Ideal for professional setups, ensuring stability and efficient use.\",\"breadcrumb\":{\"@id\":\"https:\/\/sxflightcase.com\/zh\/\u4ea7\u54c1\/\u673a\u67b6\u67dc\u9762\u677f-rab401\/#breadcrumb\"},\"inLanguage\":\"pt-PT\",\"potentialAction\":[{\"@type\":\"ReadAction\",\"target\":[\"https:\/\/sxflightcase.com\/zh\/\u4ea7\u54c1\/\u673a\u67b6\u67dc\u9762\u677f-rab401\/\"]}]},{\"@type\":\"ImageObject\",\"inLanguage\":\"pt-PT\",\"@id\":\"https:\/\/sxflightcase.com\/zh\/\u4ea7\u54c1\/\u673a\u67b6\u67dc\u9762\u677f-rab401\/#primaryimage\",\"url\":\"https:\/\/sxflightcase.com\/wp-content\/uploads\/2024\/09\/RAB401.jpg\",\"contentUrl\":\"https:\/\/sxflightcase.com\/wp-content\/uploads\/2024\/09\/RAB401.jpg\",\"width\":700,\"height\":700,\"caption\":\"Rack Cabinet Panel\"},{\"@type\":\"BreadcrumbList\",\"@id\":\"https:\/\/sxflightcase.com\/zh\/\u4ea7\u54c1\/\u673a\u67b6\u67dc\u9762\u677f-rab401\/#breadcrumb\",\"itemListElement\":[{\"@type\":\"ListItem\",\"position\":1,\"name\":\"Home\",\"item\":\"https:\/\/sxflightcase.com\/\"},{\"@type\":\"ListItem\",\"position\":2,\"name\":\"\u0e2a\u0e34\u0e19\u0e04\u0e49\u0e32\",\"item\":\"https:\/\/sxflightcase.com\/th\/shop\/\"},{\"@type\":\"ListItem\",\"position\":3,\"name\":\"Rack Cabinet Panel RAB401\"}]},{\"@type\":\"WebSite\",\"@id\":\"https:\/\/sxflightcase.com\/th\/#website\",\"url\":\"https:\/\/sxflightcase.com\/th\/\",\"name\":\"sxpowercase.com\",\"description\":\"Flight Case Factory\",\"publisher\":{\"@id\":\"https:\/\/sxflightcase.com\/th\/#organization\"},\"potentialAction\":[{\"@type\":\"SearchAction\",\"target\":{\"@type\":\"EntryPoint\",\"urlTemplate\":\"https:\/\/sxflightcase.com\/th\/?s={search_term_string}\"},\"query-input\":{\"@type\":\"PropertyValueSpecification\",\"valueRequired\":true,\"valueName\":\"search_term_string\"}}],\"inLanguage\":\"pt-PT\"},{\"@type\":\"Organization\",\"@id\":\"https:\/\/sxflightcase.com\/th\/#organization\",\"name\":\"sxpowercase.com\",\"url\":\"https:\/\/sxflightcase.com\/th\/\",\"logo\":{\"@type\":\"ImageObject\",\"inLanguage\":\"pt-PT\",\"@id\":\"https:\/\/sxflightcase.com\/th\/#\/schema\/logo\/image\/\",\"url\":\"https:\/\/sxflightcase.com\/wp-content\/uploads\/2024\/04\/1713919036007.jpg\",\"contentUrl\":\"https:\/\/sxflightcase.com\/wp-content\/uploads\/2024\/04\/1713919036007.jpg\",\"width\":382,\"height\":388,\"caption\":\"sxpowercase.com\"},\"image\":{\"@id\":\"https:\/\/sxflightcase.com\/th\/#\/schema\/logo\/image\/\"},\"sameAs\":[\"https:\/\/www.facebook.com\/profile.php?id=61560407257971\"],\"numberOfEmployees\":{\"@type\":\"QuantitativeValue\",\"minValue\":\"11\",\"maxValue\":\"50\"}}]}<\/script>\n<!-- \/ Yoast SEO Premium plugin. -->","yoast_head_json":{"title":"Rack Cabinet Panel RAB401 - https:\/\/sxflightcase.com \ud83d\udc97","description":"Painel para arm\u00e1rio rack, direto da f\u00e1brica! Pain\u00e9is de alta qualidade e duradouros, concebidos para uma montagem e organiza\u00e7\u00e3o seguras do equipamento em arm\u00e1rios rack. Ideal para instala\u00e7\u00f5es profissionais, garantindo estabilidade e utiliza\u00e7\u00e3o eficiente.","robots":{"index":"index","follow":"follow","max-snippet":"max-snippet:-1","max-image-preview":"max-image-preview:large","max-video-preview":"max-video-preview:-1"},"canonical":"https:\/\/sxflightcase.com\/pt\/\u4ea7\u54c1\/\u673a\u67b6\u67dc\u9762\u677f-rab401\/","og_locale":"pt_PT","og_type":"article","og_title":"Rack Cabinet Panel RAB401","og_description":"Rack cabinet panel, factory direct! High-quality, durable panels designed for secure mounting and organization of equipment in rack cabinets. Ideal for professional setups, ensuring stability and efficient use.","og_url":"https:\/\/sxflightcase.com\/pt\/\u4ea7\u54c1\/\u673a\u67b6\u67dc\u9762\u677f-rab401\/","og_site_name":"https:\/\/sxflightcase.com","article_publisher":"https:\/\/www.facebook.com\/profile.php?id=61560407257971","article_modified_time":"2024-09-14T06:05:43+00:00","og_image":[{"width":700,"height":700,"url":"https:\/\/sxflightcase.com\/wp-content\/uploads\/2024\/09\/RAB401.jpg","type":"image\/jpeg"}],"twitter_card":"summary_large_image","twitter_misc":{"Tempo estimado de leitura":"3 minutos"},"schema":{"@context":"https:\/\/schema.org","@graph":[{"@type":"WebPage","@id":"https:\/\/sxflightcase.com\/zh\/\u4ea7\u54c1\/\u673a\u67b6\u67dc\u9762\u677f-rab401\/","url":"https:\/\/sxflightcase.com\/zh\/\u4ea7\u54c1\/\u673a\u67b6\u67dc\u9762\u677f-rab401\/","name":"Rack Cabinet Panel RAB401 - https:\/\/sxflightcase.com \ud83d\udc97","isPartOf":{"@id":"https:\/\/sxflightcase.com\/th\/#website"},"primaryImageOfPage":{"@id":"https:\/\/sxflightcase.com\/zh\/\u4ea7\u54c1\/\u673a\u67b6\u67dc\u9762\u677f-rab401\/#primaryimage"},"image":{"@id":"https:\/\/sxflightcase.com\/zh\/\u4ea7\u54c1\/\u673a\u67b6\u67dc\u9762\u677f-rab401\/#primaryimage"},"thumbnailUrl":"https:\/\/sxflightcase.com\/wp-content\/uploads\/2024\/09\/RAB401.jpg","datePublished":"2024-09-14T06:05:42+00:00","dateModified":"2024-09-14T06:05:43+00:00","description":"Painel para arm\u00e1rio rack, direto da f\u00e1brica! Pain\u00e9is de alta qualidade e duradouros, concebidos para uma montagem e organiza\u00e7\u00e3o seguras do equipamento em arm\u00e1rios rack. Ideal para instala\u00e7\u00f5es profissionais, garantindo estabilidade e utiliza\u00e7\u00e3o eficiente.","breadcrumb":{"@id":"https:\/\/sxflightcase.com\/zh\/\u4ea7\u54c1\/\u673a\u67b6\u67dc\u9762\u677f-rab401\/#breadcrumb"},"inLanguage":"pt-PT","potentialAction":[{"@type":"ReadAction","target":["https:\/\/sxflightcase.com\/zh\/\u4ea7\u54c1\/\u673a\u67b6\u67dc\u9762\u677f-rab401\/"]}]},{"@type":"ImageObject","inLanguage":"pt-PT","@id":"https:\/\/sxflightcase.com\/zh\/\u4ea7\u54c1\/\u673a\u67b6\u67dc\u9762\u677f-rab401\/#primaryimage","url":"https:\/\/sxflightcase.com\/wp-content\/uploads\/2024\/09\/RAB401.jpg","contentUrl":"https:\/\/sxflightcase.com\/wp-content\/uploads\/2024\/09\/RAB401.jpg","width":700,"height":700,"caption":"Rack Cabinet Panel"},{"@type":"BreadcrumbList","@id":"https:\/\/sxflightcase.com\/zh\/\u4ea7\u54c1\/\u673a\u67b6\u67dc\u9762\u677f-rab401\/#breadcrumb","itemListElement":[{"@type":"ListItem","position":1,"name":"Home","item":"https:\/\/sxflightcase.com\/"},{"@type":"ListItem","position":2,"name":"\u0e2a\u0e34\u0e19\u0e04\u0e49\u0e32","item":"https:\/\/sxflightcase.com\/th\/shop\/"},{"@type":"ListItem","position":3,"name":"Rack Cabinet Panel RAB401"}]},{"@type":"WebSite","@id":"https:\/\/sxflightcase.com\/th\/#website","url":"https:\/\/sxflightcase.com\/th\/","name":"sxpowercase.com","description":"F\u00e1brica de malas de voo","publisher":{"@id":"https:\/\/sxflightcase.com\/th\/#organization"},"potentialAction":[{"@type":"SearchAction","target":{"@type":"EntryPoint","urlTemplate":"https:\/\/sxflightcase.com\/th\/?s={search_term_string}"},"query-input":{"@type":"PropertyValueSpecification","valueRequired":true,"valueName":"search_term_string"}}],"inLanguage":"pt-PT"},{"@type":"Organization","@id":"https:\/\/sxflightcase.com\/th\/#organization","name":"sxpowercase.com","url":"https:\/\/sxflightcase.com\/th\/","logo":{"@type":"ImageObject","inLanguage":"pt-PT","@id":"https:\/\/sxflightcase.com\/th\/#\/schema\/logo\/image\/","url":"https:\/\/sxflightcase.com\/wp-content\/uploads\/2024\/04\/1713919036007.jpg","contentUrl":"https:\/\/sxflightcase.com\/wp-content\/uploads\/2024\/04\/1713919036007.jpg","width":382,"height":388,"caption":"sxpowercase.com"},"image":{"@id":"https:\/\/sxflightcase.com\/th\/#\/schema\/logo\/image\/"},"sameAs":["https:\/\/www.facebook.com\/profile.php?id=61560407257971"],"numberOfEmployees":{"@type":"QuantitativeValue","minValue":"11","maxValue":"50"}}]}},"_links":{"self":[{"href":"https:\/\/sxflightcase.com\/pt\/wp-json\/wp\/v2\/product\/4422","targetHints":{"allow":["GET"]}}],"collection":[{"href":"https:\/\/sxflightcase.com\/pt\/wp-json\/wp\/v2\/product"}],"about":[{"href":"https:\/\/sxflightcase.com\/pt\/wp-json\/wp\/v2\/types\/product"}],"replies":[{"embeddable":true,"href":"https:\/\/sxflightcase.com\/pt\/wp-json\/wp\/v2\/comments?post=4422"}],"version-history":[{"count":0,"href":"https:\/\/sxflightcase.com\/pt\/wp-json\/wp\/v2\/product\/4422\/revisions"}],"wp:featuredmedia":[{"embeddable":true,"href":"https:\/\/sxflightcase.com\/pt\/wp-json\/wp\/v2\/media\/4291"}],"wp:attachment":[{"href":"https:\/\/sxflightcase.com\/pt\/wp-json\/wp\/v2\/media?parent=4422"}],"wp:term":[{"taxonomy":"product_brand","embeddable":true,"href":"https:\/\/sxflightcase.com\/pt\/wp-json\/wp\/v2\/product_brand?post=4422"},{"taxonomy":"product_cat","embeddable":true,"href":"https:\/\/sxflightcase.com\/pt\/wp-json\/wp\/v2\/product_cat?post=4422"},{"taxonomy":"product_tag","embeddable":true,"href":"https:\/\/sxflightcase.com\/pt\/wp-json\/wp\/v2\/product_tag?post=4422"}],"curies":[{"name":"wp","href":"https:\/\/api.w.org\/{rel}","templated":true}]}}