{"id":4431,"date":"2024-09-18T07:22:10","date_gmt":"2024-09-18T06:22:10","guid":{"rendered":"https:\/\/sxpowercase.com\/?post_type=product&#038;p=4431"},"modified":"2024-09-18T07:22:11","modified_gmt":"2024-09-18T06:22:11","slug":"rack-panels-rae102","status":"publish","type":"product","link":"https:\/\/sxflightcase.com\/pt\/produto\/paineis-de-rack-rae102\/","title":{"rendered":"Pain\u00e9is para rack RAE102"},"content":{"rendered":"<h3>Pain\u00e9is de rack SX: Melhore o seu sistema de rack com qualidade e pre\u00e7o acess\u00edvel<\/h3>\n<p>Se procura uma forma fi\u00e1vel de melhorar o seu sistema de estantes, <strong>SX <span style=\"color: #0000ff;\"><a style=\"color: #0000ff;\" href=\"https:\/\/sxpowercase.com\/product\/metal-rack-filler-panel-rac101\/\">Pain\u00e9is de rack<\/a><\/span><\/strong> s\u00e3o a solu\u00e7\u00e3o ideal. Estes pain\u00e9is foram concebidos para cobrir espa\u00e7os n\u00e3o utilizados na sua estante, dando \u00e0 sua configura\u00e7\u00e3o um aspeto mais limpo e organizado. Em <strong>SX<\/strong>A nossa empresa garante que os nossos pain\u00e9is para estantes s\u00e3o fabricados com materiais de alta qualidade para proporcionar uma prote\u00e7\u00e3o e durabilidade duradouras.<\/p>\n<h3>Pre\u00e7os diretos de f\u00e1brica para um valor m\u00e1ximo<\/h3>\n<p>Com <strong><a href=\"https:\/\/sxpowercase.com\/\" target=\"_blank\" rel=\"noopener\" title=\"SX\" data-wpil-monitor-id=\"764\">SX<\/a><\/strong>, pode desfrutar de um servi\u00e7o de topo <strong>painel da estante<\/strong>\u00a0a um pre\u00e7o baixo. Ao oferecer vendas diretas da f\u00e1brica, eliminamos o intermedi\u00e1rio e transferimos as poupan\u00e7as para si. Isto significa que obt\u00e9m <strong>painel da estante<\/strong>\u00a0sem os custos inflacionados que se verificam normalmente no mercado. \u00c9 um investimento inteligente tanto em termos de qualidade como de pre\u00e7o.<\/p>\n<h3>Instala\u00e7\u00e3o f\u00e1cil para um aspeto profissional<\/h3>\n<p>O nosso <strong>Painel SX Rack<\/strong>\u00a0s\u00e3o concebidos para se adaptarem perfeitamente a qualquer sistema de bastidor padr\u00e3o. A instala\u00e7\u00e3o \u00e9 r\u00e1pida e f\u00e1cil, assegurando que pode melhorar instantaneamente o aspeto e a funcionalidade da sua configura\u00e7\u00e3o. Quer se trate de sistemas de \u00e1udio, servidores ou TI, estes pain\u00e9is ajudam a criar um aspeto profissional, melhorando simultaneamente o fluxo de ar e a prote\u00e7\u00e3o do equipamento.<\/p>\n<h3>Materiais duradouros para um desempenho de longa dura\u00e7\u00e3o<\/h3>\n<p>Fabricado em metal resistente e de alta qualidade, <strong>Painel SX Rack<\/strong>\u00a0s\u00e3o constru\u00eddos para resistir a anos de utiliza\u00e7\u00e3o. Protegem o seu equipamento contra poeiras e danos f\u00edsicos, mantendo o fluxo de ar ideal no seu bastidor. Ao investir nestes pain\u00e9is, est\u00e1 a garantir que o seu equipamento permanece seguro e funciona de forma eficiente ao longo do tempo.<\/p>\n<h3>Alta qualidade a um pre\u00e7o baixo<\/h3>\n<p>Em <strong>SX<\/strong>A nossa empresa, a Firma, orgulha-se de oferecer qualidade e pre\u00e7os acess\u00edveis. Os nossos <strong>painel da estante<\/strong>\u00a0s\u00e3o concebidos para cumprir os padr\u00f5es profissionais e, ao mesmo tempo, manter um or\u00e7amento acess\u00edvel. Quer esteja a equipar um pequeno sistema ou a gerir uma instala\u00e7\u00e3o em grande escala, pode confiar em <strong>SX<\/strong> para lhe fornecer a melhor solu\u00e7\u00e3o.<\/p>\n<h3>Conclus\u00e3o<\/h3>\n<p>Com <strong>Pain\u00e9is de rack SX<\/strong>Com os pain\u00e9is de prote\u00e7\u00e3o de alta qualidade da Philips, obt\u00e9m pain\u00e9is dur\u00e1veis e de alta qualidade a pre\u00e7os diretos de f\u00e1brica, o que os torna uma excelente escolha para qualquer sistema de bastidor profissional. Encomende agora e desfrute das vantagens de uma prote\u00e7\u00e3o de qualidade para o seu valioso equipamento a um pre\u00e7o adequado ao seu or\u00e7amento!<\/p>\n<ol>\n<li>Contactar agora:<span style=\"color: #0000ff;\"><a style=\"color: #0000ff;\" href=\"https:\/\/sxpowercase.com\/contact-us\/\">https:\/\/sxpowercase.com\/<\/a><\/span><\/li>\n<li>Cat\u00e1logo de produtos de hardware\uff1a<span style=\"color: #0000ff;\"><a style=\"color: #0000ff;\" href=\"https:\/\/sxpowercase.com\/wp-content\/uploads\/2024\/07\/\u4e94\u91d1.pdf\">Cat\u00e1logo de acess\u00f3rios de ferragens<\/a><\/span><\/li>\n<\/ol>","protected":false},"excerpt":{"rendered":"<h3>Organize o seu bastidor com os pain\u00e9is de bastidor SX<\/h3>\n<p>Os pain\u00e9is de rack SX proporcionam um aspeto limpo e profissional ao seu sistema, ao mesmo tempo que protegem o seu equipamento e optimizam o fluxo de ar.<\/p>\n<h3>Pre\u00e7os diretos de f\u00e1brica para um valor superior<\/h3>\n<p>Desfrute de qualidade superior a pre\u00e7os imbat\u00edveis com as vendas diretas da f\u00e1brica da SX, que oferece pain\u00e9is de alta qualidade sem os custos inflacionados.<\/p>\n<h3>Dur\u00e1vel e f\u00e1cil de instalar<\/h3>\n<p>Fabricados em metal de longa dura\u00e7\u00e3o, os pain\u00e9is de rack SX s\u00e3o concebidos para uma instala\u00e7\u00e3o f\u00e1cil em racks padr\u00e3o, garantindo uma prote\u00e7\u00e3o fi\u00e1vel e um melhor desempenho do sistema.<\/p>","protected":false},"featured_media":4294,"comment_status":"open","ping_status":"closed","template":"","meta":[],"product_brand":[],"product_cat":[66],"product_tag":[],"class_list":{"0":"post-4431","1":"product","2":"type-product","3":"status-publish","4":"has-post-thumbnail","6":"product_cat-rack-hardware","8":"first","9":"instock","10":"shipping-taxable","11":"product-type-simple"},"yoast_head":"<!-- This site is optimized with the Yoast SEO Premium plugin v27.1 (Yoast SEO v27.2) - https:\/\/yoast.com\/product\/yoast-seo-premium-wordpress\/ -->\n<title>Rack Panels RAE102 - https:\/\/sxflightcase.com \ud83d\udc97<\/title>\n<meta name=\"description\" content=\"SX Rack Panels offer high-quality, affordable solutions for covering unused rack spaces. Easy to install and factory-direct priced for maximum value.\" \/>\n<meta name=\"robots\" content=\"index, follow, max-snippet:-1, max-image-preview:large, max-video-preview:-1\" \/>\n<link rel=\"canonical\" href=\"https:\/\/sxflightcase.com\/pt\/produto\/paineis-de-rack-rae102\/\" \/>\n<meta property=\"og:locale\" content=\"pt_PT\" \/>\n<meta property=\"og:type\" content=\"article\" \/>\n<meta property=\"og:title\" content=\"Rack Panels RAE102\" \/>\n<meta property=\"og:description\" content=\"SX Rack Panels offer high-quality, affordable solutions for covering unused rack spaces. Easy to install and factory-direct priced for maximum value.\" \/>\n<meta property=\"og:url\" content=\"https:\/\/sxflightcase.com\/pt\/produto\/paineis-de-rack-rae102\/\" \/>\n<meta property=\"og:site_name\" content=\"https:\/\/sxflightcase.com\" \/>\n<meta property=\"article:publisher\" content=\"https:\/\/www.facebook.com\/profile.php?id=61560407257971\" \/>\n<meta property=\"article:modified_time\" content=\"2024-09-18T06:22:11+00:00\" \/>\n<meta property=\"og:image\" content=\"https:\/\/sxflightcase.com\/wp-content\/uploads\/2024\/09\/RAE102.jpg\" \/>\n\t<meta property=\"og:image:width\" content=\"700\" \/>\n\t<meta property=\"og:image:height\" content=\"700\" \/>\n\t<meta property=\"og:image:type\" content=\"image\/jpeg\" \/>\n<meta name=\"twitter:card\" content=\"summary_large_image\" \/>\n<meta name=\"twitter:label1\" content=\"Tempo estimado de leitura\" \/>\n\t<meta name=\"twitter:data1\" content=\"3 minutos\" \/>\n<script type=\"application\/ld+json\" class=\"yoast-schema-graph\">{\"@context\":\"https:\/\/schema.org\",\"@graph\":[{\"@type\":\"WebPage\",\"@id\":\"https:\/\/sxflightcase.com\/product\/rack-panels-rae102\/\",\"url\":\"https:\/\/sxflightcase.com\/product\/rack-panels-rae102\/\",\"name\":\"Rack Panels RAE102 - https:\/\/sxflightcase.com \ud83d\udc97\",\"isPartOf\":{\"@id\":\"https:\/\/sxflightcase.com\/th\/#website\"},\"primaryImageOfPage\":{\"@id\":\"https:\/\/sxflightcase.com\/product\/rack-panels-rae102\/#primaryimage\"},\"image\":{\"@id\":\"https:\/\/sxflightcase.com\/product\/rack-panels-rae102\/#primaryimage\"},\"thumbnailUrl\":\"https:\/\/sxflightcase.com\/wp-content\/uploads\/2024\/09\/RAE102.jpg\",\"datePublished\":\"2024-09-18T06:22:10+00:00\",\"dateModified\":\"2024-09-18T06:22:11+00:00\",\"description\":\"SX Rack Panels offer high-quality, affordable solutions for covering unused rack spaces. Easy to install and factory-direct priced for maximum value.\",\"breadcrumb\":{\"@id\":\"https:\/\/sxflightcase.com\/product\/rack-panels-rae102\/#breadcrumb\"},\"inLanguage\":\"pt-PT\",\"potentialAction\":[{\"@type\":\"ReadAction\",\"target\":[\"https:\/\/sxflightcase.com\/product\/rack-panels-rae102\/\"]}]},{\"@type\":\"ImageObject\",\"inLanguage\":\"pt-PT\",\"@id\":\"https:\/\/sxflightcase.com\/product\/rack-panels-rae102\/#primaryimage\",\"url\":\"https:\/\/sxflightcase.com\/wp-content\/uploads\/2024\/09\/RAE102.jpg\",\"contentUrl\":\"https:\/\/sxflightcase.com\/wp-content\/uploads\/2024\/09\/RAE102.jpg\",\"width\":700,\"height\":700,\"caption\":\"Rack Panels\"},{\"@type\":\"BreadcrumbList\",\"@id\":\"https:\/\/sxflightcase.com\/product\/rack-panels-rae102\/#breadcrumb\",\"itemListElement\":[{\"@type\":\"ListItem\",\"position\":1,\"name\":\"Home\",\"item\":\"https:\/\/sxflightcase.com\/\"},{\"@type\":\"ListItem\",\"position\":2,\"name\":\"\u0e2a\u0e34\u0e19\u0e04\u0e49\u0e32\",\"item\":\"https:\/\/sxflightcase.com\/th\/shop\/\"},{\"@type\":\"ListItem\",\"position\":3,\"name\":\"Rack Panels RAE102\"}]},{\"@type\":\"WebSite\",\"@id\":\"https:\/\/sxflightcase.com\/th\/#website\",\"url\":\"https:\/\/sxflightcase.com\/th\/\",\"name\":\"sxpowercase.com\",\"description\":\"Flight Case Factory\",\"publisher\":{\"@id\":\"https:\/\/sxflightcase.com\/th\/#organization\"},\"potentialAction\":[{\"@type\":\"SearchAction\",\"target\":{\"@type\":\"EntryPoint\",\"urlTemplate\":\"https:\/\/sxflightcase.com\/th\/?s={search_term_string}\"},\"query-input\":{\"@type\":\"PropertyValueSpecification\",\"valueRequired\":true,\"valueName\":\"search_term_string\"}}],\"inLanguage\":\"pt-PT\"},{\"@type\":\"Organization\",\"@id\":\"https:\/\/sxflightcase.com\/th\/#organization\",\"name\":\"sxpowercase.com\",\"url\":\"https:\/\/sxflightcase.com\/th\/\",\"logo\":{\"@type\":\"ImageObject\",\"inLanguage\":\"pt-PT\",\"@id\":\"https:\/\/sxflightcase.com\/th\/#\/schema\/logo\/image\/\",\"url\":\"https:\/\/sxflightcase.com\/wp-content\/uploads\/2024\/04\/1713919036007.jpg\",\"contentUrl\":\"https:\/\/sxflightcase.com\/wp-content\/uploads\/2024\/04\/1713919036007.jpg\",\"width\":382,\"height\":388,\"caption\":\"sxpowercase.com\"},\"image\":{\"@id\":\"https:\/\/sxflightcase.com\/th\/#\/schema\/logo\/image\/\"},\"sameAs\":[\"https:\/\/www.facebook.com\/profile.php?id=61560407257971\"],\"numberOfEmployees\":{\"@type\":\"QuantitativeValue\",\"minValue\":\"11\",\"maxValue\":\"50\"}}]}<\/script>\n<!-- \/ Yoast SEO Premium plugin. -->","yoast_head_json":{"title":"Rack Panels RAE102 - https:\/\/sxflightcase.com \ud83d\udc97","description":"Os pain\u00e9is de rack SX oferecem solu\u00e7\u00f5es econ\u00f3micas e de alta qualidade para cobrir espa\u00e7os de rack n\u00e3o utilizados. F\u00e1ceis de instalar e com pre\u00e7os diretos de f\u00e1brica para um valor m\u00e1ximo.","robots":{"index":"index","follow":"follow","max-snippet":"max-snippet:-1","max-image-preview":"max-image-preview:large","max-video-preview":"max-video-preview:-1"},"canonical":"https:\/\/sxflightcase.com\/pt\/produto\/paineis-de-rack-rae102\/","og_locale":"pt_PT","og_type":"article","og_title":"Rack Panels RAE102","og_description":"SX Rack Panels offer high-quality, affordable solutions for covering unused rack spaces. Easy to install and factory-direct priced for maximum value.","og_url":"https:\/\/sxflightcase.com\/pt\/produto\/paineis-de-rack-rae102\/","og_site_name":"https:\/\/sxflightcase.com","article_publisher":"https:\/\/www.facebook.com\/profile.php?id=61560407257971","article_modified_time":"2024-09-18T06:22:11+00:00","og_image":[{"width":700,"height":700,"url":"https:\/\/sxflightcase.com\/wp-content\/uploads\/2024\/09\/RAE102.jpg","type":"image\/jpeg"}],"twitter_card":"summary_large_image","twitter_misc":{"Tempo estimado de leitura":"3 minutos"},"schema":{"@context":"https:\/\/schema.org","@graph":[{"@type":"WebPage","@id":"https:\/\/sxflightcase.com\/product\/rack-panels-rae102\/","url":"https:\/\/sxflightcase.com\/product\/rack-panels-rae102\/","name":"Rack Panels RAE102 - https:\/\/sxflightcase.com \ud83d\udc97","isPartOf":{"@id":"https:\/\/sxflightcase.com\/th\/#website"},"primaryImageOfPage":{"@id":"https:\/\/sxflightcase.com\/product\/rack-panels-rae102\/#primaryimage"},"image":{"@id":"https:\/\/sxflightcase.com\/product\/rack-panels-rae102\/#primaryimage"},"thumbnailUrl":"https:\/\/sxflightcase.com\/wp-content\/uploads\/2024\/09\/RAE102.jpg","datePublished":"2024-09-18T06:22:10+00:00","dateModified":"2024-09-18T06:22:11+00:00","description":"Os pain\u00e9is de rack SX oferecem solu\u00e7\u00f5es econ\u00f3micas e de alta qualidade para cobrir espa\u00e7os de rack n\u00e3o utilizados. F\u00e1ceis de instalar e com pre\u00e7os diretos de f\u00e1brica para um valor m\u00e1ximo.","breadcrumb":{"@id":"https:\/\/sxflightcase.com\/product\/rack-panels-rae102\/#breadcrumb"},"inLanguage":"pt-PT","potentialAction":[{"@type":"ReadAction","target":["https:\/\/sxflightcase.com\/product\/rack-panels-rae102\/"]}]},{"@type":"ImageObject","inLanguage":"pt-PT","@id":"https:\/\/sxflightcase.com\/product\/rack-panels-rae102\/#primaryimage","url":"https:\/\/sxflightcase.com\/wp-content\/uploads\/2024\/09\/RAE102.jpg","contentUrl":"https:\/\/sxflightcase.com\/wp-content\/uploads\/2024\/09\/RAE102.jpg","width":700,"height":700,"caption":"Rack Panels"},{"@type":"BreadcrumbList","@id":"https:\/\/sxflightcase.com\/product\/rack-panels-rae102\/#breadcrumb","itemListElement":[{"@type":"ListItem","position":1,"name":"Home","item":"https:\/\/sxflightcase.com\/"},{"@type":"ListItem","position":2,"name":"\u0e2a\u0e34\u0e19\u0e04\u0e49\u0e32","item":"https:\/\/sxflightcase.com\/th\/shop\/"},{"@type":"ListItem","position":3,"name":"Rack Panels RAE102"}]},{"@type":"WebSite","@id":"https:\/\/sxflightcase.com\/th\/#website","url":"https:\/\/sxflightcase.com\/th\/","name":"sxpowercase.com","description":"F\u00e1brica de malas de voo","publisher":{"@id":"https:\/\/sxflightcase.com\/th\/#organization"},"potentialAction":[{"@type":"SearchAction","target":{"@type":"EntryPoint","urlTemplate":"https:\/\/sxflightcase.com\/th\/?s={search_term_string}"},"query-input":{"@type":"PropertyValueSpecification","valueRequired":true,"valueName":"search_term_string"}}],"inLanguage":"pt-PT"},{"@type":"Organization","@id":"https:\/\/sxflightcase.com\/th\/#organization","name":"sxpowercase.com","url":"https:\/\/sxflightcase.com\/th\/","logo":{"@type":"ImageObject","inLanguage":"pt-PT","@id":"https:\/\/sxflightcase.com\/th\/#\/schema\/logo\/image\/","url":"https:\/\/sxflightcase.com\/wp-content\/uploads\/2024\/04\/1713919036007.jpg","contentUrl":"https:\/\/sxflightcase.com\/wp-content\/uploads\/2024\/04\/1713919036007.jpg","width":382,"height":388,"caption":"sxpowercase.com"},"image":{"@id":"https:\/\/sxflightcase.com\/th\/#\/schema\/logo\/image\/"},"sameAs":["https:\/\/www.facebook.com\/profile.php?id=61560407257971"],"numberOfEmployees":{"@type":"QuantitativeValue","minValue":"11","maxValue":"50"}}]}},"_links":{"self":[{"href":"https:\/\/sxflightcase.com\/pt\/wp-json\/wp\/v2\/product\/4431","targetHints":{"allow":["GET"]}}],"collection":[{"href":"https:\/\/sxflightcase.com\/pt\/wp-json\/wp\/v2\/product"}],"about":[{"href":"https:\/\/sxflightcase.com\/pt\/wp-json\/wp\/v2\/types\/product"}],"replies":[{"embeddable":true,"href":"https:\/\/sxflightcase.com\/pt\/wp-json\/wp\/v2\/comments?post=4431"}],"version-history":[{"count":0,"href":"https:\/\/sxflightcase.com\/pt\/wp-json\/wp\/v2\/product\/4431\/revisions"}],"wp:featuredmedia":[{"embeddable":true,"href":"https:\/\/sxflightcase.com\/pt\/wp-json\/wp\/v2\/media\/4294"}],"wp:attachment":[{"href":"https:\/\/sxflightcase.com\/pt\/wp-json\/wp\/v2\/media?parent=4431"}],"wp:term":[{"taxonomy":"product_brand","embeddable":true,"href":"https:\/\/sxflightcase.com\/pt\/wp-json\/wp\/v2\/product_brand?post=4431"},{"taxonomy":"product_cat","embeddable":true,"href":"https:\/\/sxflightcase.com\/pt\/wp-json\/wp\/v2\/product_cat?post=4431"},{"taxonomy":"product_tag","embeddable":true,"href":"https:\/\/sxflightcase.com\/pt\/wp-json\/wp\/v2\/product_tag?post=4431"}],"curies":[{"name":"wp","href":"https:\/\/api.w.org\/{rel}","templated":true}]}}