{"id":4436,"date":"2024-09-19T04:09:39","date_gmt":"2024-09-19T03:09:39","guid":{"rendered":"https:\/\/sxpowercase.com\/?post_type=product&#038;p=4436"},"modified":"2024-09-19T04:10:17","modified_gmt":"2024-09-19T03:10:17","slug":"rack-accessories-raf301","status":"publish","type":"product","link":"https:\/\/sxflightcase.com\/pt\/produto\/acessorios-para-estantes-raf301\/","title":{"rendered":"Acess\u00f3rios para racks RAF301"},"content":{"rendered":"<h3>Acess\u00f3rios SX Rack: Melhore o seu sistema de bastidor com solu\u00e7\u00f5es acess\u00edveis<\/h3>\n<p>Escolher o caminho certo <a href=\"https:\/\/sxpowercase.com\/product\/rack-accessories-raf201\/\"><strong>Acess\u00f3rios para racks<\/strong><\/a> \u00e9 crucial para maximizar a funcionalidade do seu sistema de estantes. Em <strong>SX<\/strong>Na nossa gama de produtos, oferecemos uma gama completa de acess\u00f3rios de alta qualidade, incluindo pain\u00e9is ventilados, ferramentas de gest\u00e3o de cabos e suportes de montagem. Cada produto foi concebido para satisfazer as necessidades espec\u00edficas das configura\u00e7\u00f5es audiovisuais e inform\u00e1ticas profissionais, garantindo que o seu equipamento se mant\u00e9m organizado e seguro.<\/p>\n<h3>Poupan\u00e7a direta da f\u00e1brica e garantia de qualidade<\/h3>\n<p>Com <strong><a title=\"SX\" href=\"https:\/\/sxpowercase.com\/\" target=\"_blank\" rel=\"noopener\" data-wpil-monitor-id=\"767\">SX<\/a><\/strong>, recebe pr\u00e9mio <strong>Acess\u00f3rios para racks<\/strong> a pre\u00e7os imbat\u00edveis. O nosso modelo de vendas diretas da f\u00e1brica permite-nos eliminar os intermedi\u00e1rios e transferir essas poupan\u00e7as diretamente para si. Damos prioridade \u00e0 qualidade sem a etiqueta de pre\u00e7o elevado, garantindo que cada produto oferece um desempenho fi\u00e1vel a um pre\u00e7o econ\u00f3mico. Escolher <strong>SX<\/strong> para solu\u00e7\u00f5es de bastidor acess\u00edveis e fi\u00e1veis.<\/p>\n<h3>F\u00e1cil de utilizar e instalar<\/h3>\n<p>O nosso <strong>Acess\u00f3rios SX Rack<\/strong> s\u00e3o concebidos para uma instala\u00e7\u00e3o r\u00e1pida e f\u00e1cil. Quer esteja a adicionar ventila\u00e7\u00e3o extra para evitar o sobreaquecimento ou a instalar um sistema de gest\u00e3o de cabos para manter as coisas arrumadas, cada acess\u00f3rio adapta-se perfeitamente a configura\u00e7\u00f5es de bastidor padr\u00e3o. Com <strong>SX<\/strong>A configura\u00e7\u00e3o ou atualiza\u00e7\u00e3o do seu sistema \u00e9 simples, poupando-lhe tempo e esfor\u00e7o.<\/p>\n<h3>Dur\u00e1vel e de longa dura\u00e7\u00e3o<\/h3>\n<p>Todos <strong>SX<\/strong> s\u00e3o fabricados com materiais dur\u00e1veis e de qualidade industrial que garantem que o seu <strong>Acess\u00f3rios para racks<\/strong> duram anos. Quer se trate de eletr\u00f3nica sens\u00edvel ou de hardware pesado, os nossos acess\u00f3rios oferecem a resist\u00eancia e a durabilidade necess\u00e1rias para proteger o seu valioso equipamento. Com <strong>SX<\/strong>O sistema de gest\u00e3o de res\u00edduos da Philips, que inclui acess\u00f3rios concebidos para resistir a ambientes exigentes.<\/p>\n<h3>Op\u00e7\u00f5es vers\u00e1teis para todas as configura\u00e7\u00f5es de bastidor<\/h3>\n<p>Em <strong>SX<\/strong>oferecemos uma vasta sele\u00e7\u00e3o de <strong>Acess\u00f3rio de bastidor<\/strong>\u00a0para satisfazer todas as necessidades. Desde pain\u00e9is de enchimento a suportes para cabos e calhas de montagem, os nossos produtos cobrem todos os aspectos essenciais. Qualquer que seja a sua configura\u00e7\u00e3o, <strong>SX<\/strong> tem os acess\u00f3rios para completar o seu sistema de estantes, tornando-o mais organizado, eficiente e seguro.<\/p>\n<h3>Conclus\u00e3o<\/h3>\n<p>Para uma qualidade superior e a pre\u00e7os acess\u00edveis <strong>Acess\u00f3rio de bastidor<\/strong>, confian\u00e7a <strong>SX<\/strong> para fornecer. Os nossos pre\u00e7os diretos de f\u00e1brica, os materiais duradouros e a facilidade de instala\u00e7\u00e3o fazem de n\u00f3s a escolha ideal para profissionais que procuram melhorar as suas configura\u00e7\u00f5es de bastidor. Melhore seu sistema de rack com <strong>Acess\u00f3rios SX Rack<\/strong> hoje.<\/p>\n<ol>\n<li>Contactar agora:<span style=\"color: #0000ff;\"><a style=\"color: #0000ff;\" href=\"https:\/\/sxpowercase.com\/contact-us\/\">https:\/\/sxpowercase.com\/<\/a><\/span><\/li>\n<li>Cat\u00e1logo de produtos de hardware\uff1a<span style=\"color: #0000ff;\"><a style=\"color: #0000ff;\" href=\"https:\/\/sxpowercase.com\/wp-content\/uploads\/2024\/07\/\u4e94\u91d1.pdf\">Cat\u00e1logo de acess\u00f3rios de ferragens<\/a><\/span><\/li>\n<\/ol>","protected":false},"excerpt":{"rendered":"<h3>Optimize o seu bastidor com os acess\u00f3rios SX Rack<\/h3>\n<p>Os acess\u00f3rios para rack SX oferecem uma organiza\u00e7\u00e3o e prote\u00e7\u00e3o superiores para o seu sistema, com solu\u00e7\u00f5es duradouras como gest\u00e3o de cabos e calhas para rack.<\/p>\n<h3>Pre\u00e7os diretos de f\u00e1brica para uma poupan\u00e7a m\u00e1xima<\/h3>\n<p>Desfrute de acess\u00f3rios de bastidor de topo a pre\u00e7os diretos de f\u00e1brica com a SX, garantindo uma qualidade de topo sem ultrapassar o seu or\u00e7amento.<\/p>\n<h3>F\u00e1cil instala\u00e7\u00e3o e materiais de longa dura\u00e7\u00e3o<\/h3>\n<p>Os acess\u00f3rios para bastidores SX s\u00e3o fabricados para durar e concebidos para uma instala\u00e7\u00e3o f\u00e1cil, o que os torna perfeitos para aumentar a efici\u00eancia e a vida \u00fatil da sua configura\u00e7\u00e3o de bastidor.<\/p>","protected":false},"featured_media":4298,"comment_status":"open","ping_status":"closed","template":"","meta":[],"product_brand":[],"product_cat":[66],"product_tag":[],"class_list":{"0":"post-4436","1":"product","2":"type-product","3":"status-publish","4":"has-post-thumbnail","6":"product_cat-rack-hardware","8":"first","9":"instock","10":"shipping-taxable","11":"product-type-simple"},"yoast_head":"<!-- This site is optimized with the Yoast SEO Premium plugin v27.1 (Yoast SEO v27.2) - https:\/\/yoast.com\/product\/yoast-seo-premium-wordpress\/ -->\n<title>Rack Accessories RAF301 - https:\/\/sxflightcase.com \ud83d\udc97<\/title>\n<meta name=\"description\" content=\"SX Rack Accessories offer durable, affordable solutions for any rack setup. Factory-direct pricing ensures you get premium products without the high cost.\" \/>\n<meta name=\"robots\" content=\"index, follow, max-snippet:-1, max-image-preview:large, max-video-preview:-1\" \/>\n<link rel=\"canonical\" href=\"https:\/\/sxflightcase.com\/pt\/produk\/aksesoris-rak-raf301-2\/\" \/>\n<meta property=\"og:locale\" content=\"pt_PT\" \/>\n<meta property=\"og:type\" content=\"article\" \/>\n<meta property=\"og:title\" content=\"Rack Accessories RAF301\" \/>\n<meta property=\"og:description\" content=\"SX Rack Accessories offer durable, affordable solutions for any rack setup. Factory-direct pricing ensures you get premium products without the high cost.\" \/>\n<meta property=\"og:url\" content=\"https:\/\/sxflightcase.com\/pt\/produk\/aksesoris-rak-raf301-2\/\" \/>\n<meta property=\"og:site_name\" content=\"https:\/\/sxflightcase.com\" \/>\n<meta property=\"article:publisher\" content=\"https:\/\/www.facebook.com\/profile.php?id=61560407257971\" \/>\n<meta property=\"article:modified_time\" content=\"2024-09-19T03:10:17+00:00\" \/>\n<meta property=\"og:image\" content=\"https:\/\/sxflightcase.com\/wp-content\/uploads\/2024\/09\/RAF301.jpg\" \/>\n\t<meta property=\"og:image:width\" content=\"700\" \/>\n\t<meta property=\"og:image:height\" content=\"700\" \/>\n\t<meta property=\"og:image:type\" content=\"image\/jpeg\" \/>\n<meta name=\"twitter:card\" content=\"summary_large_image\" \/>\n<meta name=\"twitter:label1\" content=\"Tempo estimado de leitura\" \/>\n\t<meta name=\"twitter:data1\" content=\"3 minutos\" \/>\n<script type=\"application\/ld+json\" class=\"yoast-schema-graph\">{\"@context\":\"https:\/\/schema.org\",\"@graph\":[{\"@type\":\"WebPage\",\"@id\":\"https:\/\/sxflightcase.com\/id\/produk\/aksesoris-rak-raf301-2\/\",\"url\":\"https:\/\/sxflightcase.com\/id\/produk\/aksesoris-rak-raf301-2\/\",\"name\":\"Rack Accessories RAF301 - https:\/\/sxflightcase.com \ud83d\udc97\",\"isPartOf\":{\"@id\":\"https:\/\/sxflightcase.com\/th\/#website\"},\"primaryImageOfPage\":{\"@id\":\"https:\/\/sxflightcase.com\/id\/produk\/aksesoris-rak-raf301-2\/#primaryimage\"},\"image\":{\"@id\":\"https:\/\/sxflightcase.com\/id\/produk\/aksesoris-rak-raf301-2\/#primaryimage\"},\"thumbnailUrl\":\"https:\/\/sxflightcase.com\/wp-content\/uploads\/2024\/09\/RAF301.jpg\",\"datePublished\":\"2024-09-19T03:09:39+00:00\",\"dateModified\":\"2024-09-19T03:10:17+00:00\",\"description\":\"SX Rack Accessories offer durable, affordable solutions for any rack setup. Factory-direct pricing ensures you get premium products without the high cost.\",\"breadcrumb\":{\"@id\":\"https:\/\/sxflightcase.com\/id\/produk\/aksesoris-rak-raf301-2\/#breadcrumb\"},\"inLanguage\":\"pt-PT\",\"potentialAction\":[{\"@type\":\"ReadAction\",\"target\":[\"https:\/\/sxflightcase.com\/id\/produk\/aksesoris-rak-raf301-2\/\"]}]},{\"@type\":\"ImageObject\",\"inLanguage\":\"pt-PT\",\"@id\":\"https:\/\/sxflightcase.com\/id\/produk\/aksesoris-rak-raf301-2\/#primaryimage\",\"url\":\"https:\/\/sxflightcase.com\/wp-content\/uploads\/2024\/09\/RAF301.jpg\",\"contentUrl\":\"https:\/\/sxflightcase.com\/wp-content\/uploads\/2024\/09\/RAF301.jpg\",\"width\":700,\"height\":700,\"caption\":\"Rack Accessories\"},{\"@type\":\"BreadcrumbList\",\"@id\":\"https:\/\/sxflightcase.com\/id\/produk\/aksesoris-rak-raf301-2\/#breadcrumb\",\"itemListElement\":[{\"@type\":\"ListItem\",\"position\":1,\"name\":\"Home\",\"item\":\"https:\/\/sxflightcase.com\/\"},{\"@type\":\"ListItem\",\"position\":2,\"name\":\"\u0e2a\u0e34\u0e19\u0e04\u0e49\u0e32\",\"item\":\"https:\/\/sxflightcase.com\/th\/shop\/\"},{\"@type\":\"ListItem\",\"position\":3,\"name\":\"Rack Accessories RAF301\"}]},{\"@type\":\"WebSite\",\"@id\":\"https:\/\/sxflightcase.com\/th\/#website\",\"url\":\"https:\/\/sxflightcase.com\/th\/\",\"name\":\"sxpowercase.com\",\"description\":\"Flight Case Factory\",\"publisher\":{\"@id\":\"https:\/\/sxflightcase.com\/th\/#organization\"},\"potentialAction\":[{\"@type\":\"SearchAction\",\"target\":{\"@type\":\"EntryPoint\",\"urlTemplate\":\"https:\/\/sxflightcase.com\/th\/?s={search_term_string}\"},\"query-input\":{\"@type\":\"PropertyValueSpecification\",\"valueRequired\":true,\"valueName\":\"search_term_string\"}}],\"inLanguage\":\"pt-PT\"},{\"@type\":\"Organization\",\"@id\":\"https:\/\/sxflightcase.com\/th\/#organization\",\"name\":\"sxpowercase.com\",\"url\":\"https:\/\/sxflightcase.com\/th\/\",\"logo\":{\"@type\":\"ImageObject\",\"inLanguage\":\"pt-PT\",\"@id\":\"https:\/\/sxflightcase.com\/th\/#\/schema\/logo\/image\/\",\"url\":\"https:\/\/sxflightcase.com\/wp-content\/uploads\/2024\/04\/1713919036007.jpg\",\"contentUrl\":\"https:\/\/sxflightcase.com\/wp-content\/uploads\/2024\/04\/1713919036007.jpg\",\"width\":382,\"height\":388,\"caption\":\"sxpowercase.com\"},\"image\":{\"@id\":\"https:\/\/sxflightcase.com\/th\/#\/schema\/logo\/image\/\"},\"sameAs\":[\"https:\/\/www.facebook.com\/profile.php?id=61560407257971\"],\"numberOfEmployees\":{\"@type\":\"QuantitativeValue\",\"minValue\":\"11\",\"maxValue\":\"50\"}}]}<\/script>\n<!-- \/ Yoast SEO Premium plugin. -->","yoast_head_json":{"title":"Rack Accessories RAF301 - https:\/\/sxflightcase.com \ud83d\udc97","description":"Os acess\u00f3rios para bastidores SX oferecem solu\u00e7\u00f5es duradouras e econ\u00f3micas para qualquer configura\u00e7\u00e3o de bastidor. Os pre\u00e7os diretos da f\u00e1brica garantem-lhe produtos de qualidade superior sem os custos elevados.","robots":{"index":"index","follow":"follow","max-snippet":"max-snippet:-1","max-image-preview":"max-image-preview:large","max-video-preview":"max-video-preview:-1"},"canonical":"https:\/\/sxflightcase.com\/pt\/produk\/aksesoris-rak-raf301-2\/","og_locale":"pt_PT","og_type":"article","og_title":"Rack Accessories RAF301","og_description":"SX Rack Accessories offer durable, affordable solutions for any rack setup. Factory-direct pricing ensures you get premium products without the high cost.","og_url":"https:\/\/sxflightcase.com\/pt\/produk\/aksesoris-rak-raf301-2\/","og_site_name":"https:\/\/sxflightcase.com","article_publisher":"https:\/\/www.facebook.com\/profile.php?id=61560407257971","article_modified_time":"2024-09-19T03:10:17+00:00","og_image":[{"width":700,"height":700,"url":"https:\/\/sxflightcase.com\/wp-content\/uploads\/2024\/09\/RAF301.jpg","type":"image\/jpeg"}],"twitter_card":"summary_large_image","twitter_misc":{"Tempo estimado de leitura":"3 minutos"},"schema":{"@context":"https:\/\/schema.org","@graph":[{"@type":"WebPage","@id":"https:\/\/sxflightcase.com\/id\/produk\/aksesoris-rak-raf301-2\/","url":"https:\/\/sxflightcase.com\/id\/produk\/aksesoris-rak-raf301-2\/","name":"Rack Accessories RAF301 - https:\/\/sxflightcase.com \ud83d\udc97","isPartOf":{"@id":"https:\/\/sxflightcase.com\/th\/#website"},"primaryImageOfPage":{"@id":"https:\/\/sxflightcase.com\/id\/produk\/aksesoris-rak-raf301-2\/#primaryimage"},"image":{"@id":"https:\/\/sxflightcase.com\/id\/produk\/aksesoris-rak-raf301-2\/#primaryimage"},"thumbnailUrl":"https:\/\/sxflightcase.com\/wp-content\/uploads\/2024\/09\/RAF301.jpg","datePublished":"2024-09-19T03:09:39+00:00","dateModified":"2024-09-19T03:10:17+00:00","description":"Os acess\u00f3rios para bastidores SX oferecem solu\u00e7\u00f5es duradouras e econ\u00f3micas para qualquer configura\u00e7\u00e3o de bastidor. Os pre\u00e7os diretos da f\u00e1brica garantem-lhe produtos de qualidade superior sem os custos elevados.","breadcrumb":{"@id":"https:\/\/sxflightcase.com\/id\/produk\/aksesoris-rak-raf301-2\/#breadcrumb"},"inLanguage":"pt-PT","potentialAction":[{"@type":"ReadAction","target":["https:\/\/sxflightcase.com\/id\/produk\/aksesoris-rak-raf301-2\/"]}]},{"@type":"ImageObject","inLanguage":"pt-PT","@id":"https:\/\/sxflightcase.com\/id\/produk\/aksesoris-rak-raf301-2\/#primaryimage","url":"https:\/\/sxflightcase.com\/wp-content\/uploads\/2024\/09\/RAF301.jpg","contentUrl":"https:\/\/sxflightcase.com\/wp-content\/uploads\/2024\/09\/RAF301.jpg","width":700,"height":700,"caption":"Rack Accessories"},{"@type":"BreadcrumbList","@id":"https:\/\/sxflightcase.com\/id\/produk\/aksesoris-rak-raf301-2\/#breadcrumb","itemListElement":[{"@type":"ListItem","position":1,"name":"Home","item":"https:\/\/sxflightcase.com\/"},{"@type":"ListItem","position":2,"name":"\u0e2a\u0e34\u0e19\u0e04\u0e49\u0e32","item":"https:\/\/sxflightcase.com\/th\/shop\/"},{"@type":"ListItem","position":3,"name":"Rack Accessories RAF301"}]},{"@type":"WebSite","@id":"https:\/\/sxflightcase.com\/th\/#website","url":"https:\/\/sxflightcase.com\/th\/","name":"sxpowercase.com","description":"F\u00e1brica de malas de voo","publisher":{"@id":"https:\/\/sxflightcase.com\/th\/#organization"},"potentialAction":[{"@type":"SearchAction","target":{"@type":"EntryPoint","urlTemplate":"https:\/\/sxflightcase.com\/th\/?s={search_term_string}"},"query-input":{"@type":"PropertyValueSpecification","valueRequired":true,"valueName":"search_term_string"}}],"inLanguage":"pt-PT"},{"@type":"Organization","@id":"https:\/\/sxflightcase.com\/th\/#organization","name":"sxpowercase.com","url":"https:\/\/sxflightcase.com\/th\/","logo":{"@type":"ImageObject","inLanguage":"pt-PT","@id":"https:\/\/sxflightcase.com\/th\/#\/schema\/logo\/image\/","url":"https:\/\/sxflightcase.com\/wp-content\/uploads\/2024\/04\/1713919036007.jpg","contentUrl":"https:\/\/sxflightcase.com\/wp-content\/uploads\/2024\/04\/1713919036007.jpg","width":382,"height":388,"caption":"sxpowercase.com"},"image":{"@id":"https:\/\/sxflightcase.com\/th\/#\/schema\/logo\/image\/"},"sameAs":["https:\/\/www.facebook.com\/profile.php?id=61560407257971"],"numberOfEmployees":{"@type":"QuantitativeValue","minValue":"11","maxValue":"50"}}]}},"_links":{"self":[{"href":"https:\/\/sxflightcase.com\/pt\/wp-json\/wp\/v2\/product\/4436","targetHints":{"allow":["GET"]}}],"collection":[{"href":"https:\/\/sxflightcase.com\/pt\/wp-json\/wp\/v2\/product"}],"about":[{"href":"https:\/\/sxflightcase.com\/pt\/wp-json\/wp\/v2\/types\/product"}],"replies":[{"embeddable":true,"href":"https:\/\/sxflightcase.com\/pt\/wp-json\/wp\/v2\/comments?post=4436"}],"version-history":[{"count":0,"href":"https:\/\/sxflightcase.com\/pt\/wp-json\/wp\/v2\/product\/4436\/revisions"}],"wp:featuredmedia":[{"embeddable":true,"href":"https:\/\/sxflightcase.com\/pt\/wp-json\/wp\/v2\/media\/4298"}],"wp:attachment":[{"href":"https:\/\/sxflightcase.com\/pt\/wp-json\/wp\/v2\/media?parent=4436"}],"wp:term":[{"taxonomy":"product_brand","embeddable":true,"href":"https:\/\/sxflightcase.com\/pt\/wp-json\/wp\/v2\/product_brand?post=4436"},{"taxonomy":"product_cat","embeddable":true,"href":"https:\/\/sxflightcase.com\/pt\/wp-json\/wp\/v2\/product_cat?post=4436"},{"taxonomy":"product_tag","embeddable":true,"href":"https:\/\/sxflightcase.com\/pt\/wp-json\/wp\/v2\/product_tag?post=4436"}],"curies":[{"name":"wp","href":"https:\/\/api.w.org\/{rel}","templated":true}]}}