{"id":4539,"date":"2024-09-24T07:36:38","date_gmt":"2024-09-24T06:36:38","guid":{"rendered":"https:\/\/sxpowercase.com\/?post_type=product&#038;p=4539"},"modified":"2024-09-24T07:36:39","modified_gmt":"2024-09-24T06:36:39","slug":"hinges-wholesaler-hib101","status":"publish","type":"product","link":"https:\/\/sxflightcase.com\/pt\/produto\/grossista-de-dobradicas-hib101\/","title":{"rendered":"Dobradi\u00e7as grossista HIB101"},"content":{"rendered":"<h3>SX: O seu grossista de dobradi\u00e7as de confian\u00e7a em termos de qualidade e valor<\/h3>\n<p>Quando se procura uma empresa de confian\u00e7a <a href=\"https:\/\/sxpowercase.com\/product\/hinges-supplier-hia203\/\"><strong>grossista de dobradi\u00e7as<\/strong><\/a>n\u00e3o precisa de procurar mais <strong>SX<\/strong>. Somos especializados em fornecer uma vasta sele\u00e7\u00e3o de dobradi\u00e7as concebidas para satisfazer diversas necessidades, tanto em aplica\u00e7\u00f5es residenciais como comerciais. O nosso compromisso com a qualidade garante que recebe produtos em que pode confiar.<\/p>\n<h3>Pre\u00e7os diretos de f\u00e1brica para maximizar as suas poupan\u00e7as<\/h3>\n<p>Como l\u00edder <strong>grossista de dobradi\u00e7as<\/strong>, oferecemos <strong>pre\u00e7os diretos da f\u00e1brica<\/strong> que o ajuda a poupar significativamente. Eliminando intermedi\u00e1rios desnecess\u00e1rios, <strong><a href=\"https:\/\/sxpowercase.com\/\" target=\"_blank\" rel=\"noopener\" title=\"SX\" data-wpil-monitor-id=\"775\">SX<\/a><\/strong> garante pre\u00e7os baixos sem sacrificar a qualidade. Esta abordagem faz com que as nossas dobradi\u00e7as sejam uma excelente escolha para as empresas que procuram manter as margens de lucro e, ao mesmo tempo, oferecer aos clientes um \u00f3timo valor.<\/p>\n<h3>Garantia de qualidade em que pode confiar<\/h3>\n<p>Em <strong>SX<\/strong>Acreditamos que a qualidade \u00e9 fundamental. Todas as nossas dobradi\u00e7as s\u00e3o submetidas a testes rigorosos para garantir que cumprem as normas da ind\u00fastria. Como uma empresa fi\u00e1vel <strong>grossista de dobradi\u00e7as<\/strong>Na nossa empresa, utilizamos apenas materiais de alta qualidade para fabricar produtos que s\u00e3o constru\u00eddos para durar. Quer necessite de dobradi\u00e7as para portas, arm\u00e1rios ou aplica\u00e7\u00f5es industriais, as nossas op\u00e7\u00f5es proporcionam desempenho e durabilidade.<\/p>\n<h3>Vasta gama de dobradi\u00e7as para todas as aplica\u00e7\u00f5es<\/h3>\n<p>O nosso invent\u00e1rio diversificado inclui v\u00e1rios tipos de dobradi\u00e7as, tais como dobradi\u00e7as ocultas, dobradi\u00e7as de topo e dobradi\u00e7as pivotantes. Como uma empresa de confian\u00e7a <strong>grossista de dobradi\u00e7as<\/strong>compreendemos que cada projeto tem requisitos \u00fanicos. \u00c9 por isso que fornecemos op\u00e7\u00f5es personaliz\u00e1veis, garantindo que encontra a dobradi\u00e7a perfeita para as suas necessidades espec\u00edficas.<\/p>\n<h3>Processo de encomenda simplificado<\/h3>\n<p>Encomendar a partir de <strong>SX<\/strong> \u00e9 simples e sem complica\u00e7\u00f5es. A nossa plataforma online de f\u00e1cil utiliza\u00e7\u00e3o facilita a pesquisa da nossa sele\u00e7\u00e3o e a realiza\u00e7\u00e3o de encomendas rapidamente. Al\u00e9m disso, a nossa equipa dedicada de apoio ao cliente est\u00e1 sempre dispon\u00edvel para o ajudar com quaisquer quest\u00f5es ou pedidos especiais. Estamos empenhados em tornar a sua experi\u00eancia o mais simples poss\u00edvel.<\/p>\n<h3>Conclus\u00e3o<\/h3>\n<p>Escolher <strong>SX<\/strong> como seu <strong>grossista de dobradi\u00e7as<\/strong> significa que est\u00e1 a fazer uma parceria com uma marca que d\u00e1 prioridade \u00e0 qualidade, \u00e0 acessibilidade e \u00e0 satisfa\u00e7\u00e3o do cliente. Com os nossos pre\u00e7os diretos de f\u00e1brica e a nossa vasta gama de produtos, pode satisfazer com confian\u00e7a todas as suas necessidades em termos de dobradi\u00e7as.<\/p>\n<ol>\n<li>Contactar agora:<span style=\"color: #0000ff;\"><a style=\"color: #0000ff;\" href=\"https:\/\/sxpowercase.com\/contact-us\/\">https:\/\/sxpowercase.com\/<\/a><\/span><\/li>\n<li>Cat\u00e1logo de produtos de hardware\uff1a<span style=\"color: #0000ff;\"><a style=\"color: #0000ff;\" href=\"https:\/\/sxpowercase.com\/wp-content\/uploads\/2024\/07\/\u4e94\u91d1.pdf\">Cat\u00e1logo de acess\u00f3rios de ferragens<\/a><\/span><\/li>\n<\/ol>","protected":false},"excerpt":{"rendered":"<h3>SX: O seu grossista de dobradi\u00e7as de confian\u00e7a em termos de qualidade e valor<\/h3>\n<p>A SX oferece uma vasta sele\u00e7\u00e3o de dobradi\u00e7as de alta qualidade para necessidades residenciais e comerciais, garantindo que recebe produtos fi\u00e1veis em que pode confiar.<\/p>\n<h3>Pre\u00e7os diretos de f\u00e1brica para uma poupan\u00e7a m\u00e1xima<\/h3>\n<p>Os nossos pre\u00e7os diretos de f\u00e1brica eliminam os intermedi\u00e1rios, permitindo-lhe poupar significativamente enquanto mant\u00e9m a qualidade - perfeito para empresas que pretendem maximizar as margens de lucro.<\/p>\n<h3>Vasta gama de dobradi\u00e7as para todas as aplica\u00e7\u00f5es<\/h3>\n<p>Desde dobradi\u00e7as ocultas a dobradi\u00e7as pivotantes, a SX oferece op\u00e7\u00f5es personaliz\u00e1veis adaptadas aos requisitos do seu projeto, garantindo que encontra a solu\u00e7\u00e3o de dobradi\u00e7a ideal.<\/p>","protected":false},"featured_media":4493,"comment_status":"open","ping_status":"closed","template":"","meta":[],"product_brand":[],"product_cat":[67],"product_tag":[],"class_list":{"0":"post-4539","1":"product","2":"type-product","3":"status-publish","4":"has-post-thumbnail","6":"product_cat-hingesstays","8":"first","9":"instock","10":"shipping-taxable","11":"product-type-simple"},"yoast_head":"<!-- This site is optimized with the Yoast SEO Premium plugin v27.1 (Yoast SEO v27.2) - https:\/\/yoast.com\/product\/yoast-seo-premium-wordpress\/ -->\n<title>Hinges Wholesaler HIB101 - https:\/\/sxflightcase.com \ud83d\udc97<\/title>\n<meta name=\"description\" content=\"Discover SX, your trusted hinges wholesaler, offering quality products at factory-direct prices. Explore our extensive selection for all your needs.\" \/>\n<meta name=\"robots\" content=\"index, follow, max-snippet:-1, max-image-preview:large, max-video-preview:-1\" \/>\n<link rel=\"canonical\" href=\"https:\/\/sxflightcase.com\/pt\/\u7522\u54c1\/\u9278\u93c8\u6279\u767c\u5546-hib101-2\/\" \/>\n<meta property=\"og:locale\" content=\"pt_PT\" \/>\n<meta property=\"og:type\" content=\"article\" \/>\n<meta property=\"og:title\" content=\"Hinges Wholesaler HIB101\" \/>\n<meta property=\"og:description\" content=\"Discover SX, your trusted hinges wholesaler, offering quality products at factory-direct prices. Explore our extensive selection for all your needs.\" \/>\n<meta property=\"og:url\" content=\"https:\/\/sxflightcase.com\/pt\/\u7522\u54c1\/\u9278\u93c8\u6279\u767c\u5546-hib101-2\/\" \/>\n<meta property=\"og:site_name\" content=\"https:\/\/sxflightcase.com\" \/>\n<meta property=\"article:publisher\" content=\"https:\/\/www.facebook.com\/profile.php?id=61560407257971\" \/>\n<meta property=\"article:modified_time\" content=\"2024-09-24T06:36:39+00:00\" \/>\n<meta property=\"og:image\" content=\"https:\/\/sxflightcase.com\/wp-content\/uploads\/2024\/09\/HIB101.jpg\" \/>\n\t<meta property=\"og:image:width\" content=\"700\" \/>\n\t<meta property=\"og:image:height\" content=\"700\" \/>\n\t<meta property=\"og:image:type\" content=\"image\/jpeg\" \/>\n<meta name=\"twitter:card\" content=\"summary_large_image\" \/>\n<meta name=\"twitter:label1\" content=\"Tempo estimado de leitura\" \/>\n\t<meta name=\"twitter:data1\" content=\"2 minutos\" \/>\n<script type=\"application\/ld+json\" class=\"yoast-schema-graph\">{\"@context\":\"https:\/\/schema.org\",\"@graph\":[{\"@type\":\"WebPage\",\"@id\":\"https:\/\/sxflightcase.com\/zh_hk\/\u7522\u54c1\/\u9278\u93c8\u6279\u767c\u5546-hib101-2\/\",\"url\":\"https:\/\/sxflightcase.com\/zh_hk\/\u7522\u54c1\/\u9278\u93c8\u6279\u767c\u5546-hib101-2\/\",\"name\":\"Hinges Wholesaler HIB101 - https:\/\/sxflightcase.com \ud83d\udc97\",\"isPartOf\":{\"@id\":\"https:\/\/sxflightcase.com\/th\/#website\"},\"primaryImageOfPage\":{\"@id\":\"https:\/\/sxflightcase.com\/zh_hk\/\u7522\u54c1\/\u9278\u93c8\u6279\u767c\u5546-hib101-2\/#primaryimage\"},\"image\":{\"@id\":\"https:\/\/sxflightcase.com\/zh_hk\/\u7522\u54c1\/\u9278\u93c8\u6279\u767c\u5546-hib101-2\/#primaryimage\"},\"thumbnailUrl\":\"https:\/\/sxflightcase.com\/wp-content\/uploads\/2024\/09\/HIB101.jpg\",\"datePublished\":\"2024-09-24T06:36:38+00:00\",\"dateModified\":\"2024-09-24T06:36:39+00:00\",\"description\":\"Discover SX, your trusted hinges wholesaler, offering quality products at factory-direct prices. Explore our extensive selection for all your needs.\",\"breadcrumb\":{\"@id\":\"https:\/\/sxflightcase.com\/zh_hk\/\u7522\u54c1\/\u9278\u93c8\u6279\u767c\u5546-hib101-2\/#breadcrumb\"},\"inLanguage\":\"pt-PT\",\"potentialAction\":[{\"@type\":\"ReadAction\",\"target\":[\"https:\/\/sxflightcase.com\/zh_hk\/\u7522\u54c1\/\u9278\u93c8\u6279\u767c\u5546-hib101-2\/\"]}]},{\"@type\":\"ImageObject\",\"inLanguage\":\"pt-PT\",\"@id\":\"https:\/\/sxflightcase.com\/zh_hk\/\u7522\u54c1\/\u9278\u93c8\u6279\u767c\u5546-hib101-2\/#primaryimage\",\"url\":\"https:\/\/sxflightcase.com\/wp-content\/uploads\/2024\/09\/HIB101.jpg\",\"contentUrl\":\"https:\/\/sxflightcase.com\/wp-content\/uploads\/2024\/09\/HIB101.jpg\",\"width\":700,\"height\":700,\"caption\":\"Hinges Wholesaler\"},{\"@type\":\"BreadcrumbList\",\"@id\":\"https:\/\/sxflightcase.com\/zh_hk\/\u7522\u54c1\/\u9278\u93c8\u6279\u767c\u5546-hib101-2\/#breadcrumb\",\"itemListElement\":[{\"@type\":\"ListItem\",\"position\":1,\"name\":\"Home\",\"item\":\"https:\/\/sxflightcase.com\/\"},{\"@type\":\"ListItem\",\"position\":2,\"name\":\"\u0e2a\u0e34\u0e19\u0e04\u0e49\u0e32\",\"item\":\"https:\/\/sxflightcase.com\/th\/shop\/\"},{\"@type\":\"ListItem\",\"position\":3,\"name\":\"Hinges Wholesaler HIB101\"}]},{\"@type\":\"WebSite\",\"@id\":\"https:\/\/sxflightcase.com\/th\/#website\",\"url\":\"https:\/\/sxflightcase.com\/th\/\",\"name\":\"sxpowercase.com\",\"description\":\"Flight Case Factory\",\"publisher\":{\"@id\":\"https:\/\/sxflightcase.com\/th\/#organization\"},\"potentialAction\":[{\"@type\":\"SearchAction\",\"target\":{\"@type\":\"EntryPoint\",\"urlTemplate\":\"https:\/\/sxflightcase.com\/th\/?s={search_term_string}\"},\"query-input\":{\"@type\":\"PropertyValueSpecification\",\"valueRequired\":true,\"valueName\":\"search_term_string\"}}],\"inLanguage\":\"pt-PT\"},{\"@type\":\"Organization\",\"@id\":\"https:\/\/sxflightcase.com\/th\/#organization\",\"name\":\"sxpowercase.com\",\"url\":\"https:\/\/sxflightcase.com\/th\/\",\"logo\":{\"@type\":\"ImageObject\",\"inLanguage\":\"pt-PT\",\"@id\":\"https:\/\/sxflightcase.com\/th\/#\/schema\/logo\/image\/\",\"url\":\"https:\/\/sxflightcase.com\/wp-content\/uploads\/2024\/04\/1713919036007.jpg\",\"contentUrl\":\"https:\/\/sxflightcase.com\/wp-content\/uploads\/2024\/04\/1713919036007.jpg\",\"width\":382,\"height\":388,\"caption\":\"sxpowercase.com\"},\"image\":{\"@id\":\"https:\/\/sxflightcase.com\/th\/#\/schema\/logo\/image\/\"},\"sameAs\":[\"https:\/\/www.facebook.com\/profile.php?id=61560407257971\"],\"numberOfEmployees\":{\"@type\":\"QuantitativeValue\",\"minValue\":\"11\",\"maxValue\":\"50\"}}]}<\/script>\n<!-- \/ Yoast SEO Premium plugin. -->","yoast_head_json":{"title":"Hinges Wholesaler HIB101 - https:\/\/sxflightcase.com \ud83d\udc97","description":"Descubra a SX, o seu grossista de dobradi\u00e7as de confian\u00e7a, que oferece produtos de qualidade a pre\u00e7os diretos de f\u00e1brica. Explore a nossa vasta sele\u00e7\u00e3o para todas as suas necessidades.","robots":{"index":"index","follow":"follow","max-snippet":"max-snippet:-1","max-image-preview":"max-image-preview:large","max-video-preview":"max-video-preview:-1"},"canonical":"https:\/\/sxflightcase.com\/pt\/\u7522\u54c1\/\u9278\u93c8\u6279\u767c\u5546-hib101-2\/","og_locale":"pt_PT","og_type":"article","og_title":"Hinges Wholesaler HIB101","og_description":"Discover SX, your trusted hinges wholesaler, offering quality products at factory-direct prices. Explore our extensive selection for all your needs.","og_url":"https:\/\/sxflightcase.com\/pt\/\u7522\u54c1\/\u9278\u93c8\u6279\u767c\u5546-hib101-2\/","og_site_name":"https:\/\/sxflightcase.com","article_publisher":"https:\/\/www.facebook.com\/profile.php?id=61560407257971","article_modified_time":"2024-09-24T06:36:39+00:00","og_image":[{"width":700,"height":700,"url":"https:\/\/sxflightcase.com\/wp-content\/uploads\/2024\/09\/HIB101.jpg","type":"image\/jpeg"}],"twitter_card":"summary_large_image","twitter_misc":{"Tempo estimado de leitura":"2 minutos"},"schema":{"@context":"https:\/\/schema.org","@graph":[{"@type":"WebPage","@id":"https:\/\/sxflightcase.com\/zh_hk\/\u7522\u54c1\/\u9278\u93c8\u6279\u767c\u5546-hib101-2\/","url":"https:\/\/sxflightcase.com\/zh_hk\/\u7522\u54c1\/\u9278\u93c8\u6279\u767c\u5546-hib101-2\/","name":"Hinges Wholesaler HIB101 - https:\/\/sxflightcase.com \ud83d\udc97","isPartOf":{"@id":"https:\/\/sxflightcase.com\/th\/#website"},"primaryImageOfPage":{"@id":"https:\/\/sxflightcase.com\/zh_hk\/\u7522\u54c1\/\u9278\u93c8\u6279\u767c\u5546-hib101-2\/#primaryimage"},"image":{"@id":"https:\/\/sxflightcase.com\/zh_hk\/\u7522\u54c1\/\u9278\u93c8\u6279\u767c\u5546-hib101-2\/#primaryimage"},"thumbnailUrl":"https:\/\/sxflightcase.com\/wp-content\/uploads\/2024\/09\/HIB101.jpg","datePublished":"2024-09-24T06:36:38+00:00","dateModified":"2024-09-24T06:36:39+00:00","description":"Descubra a SX, o seu grossista de dobradi\u00e7as de confian\u00e7a, que oferece produtos de qualidade a pre\u00e7os diretos de f\u00e1brica. Explore a nossa vasta sele\u00e7\u00e3o para todas as suas necessidades.","breadcrumb":{"@id":"https:\/\/sxflightcase.com\/zh_hk\/\u7522\u54c1\/\u9278\u93c8\u6279\u767c\u5546-hib101-2\/#breadcrumb"},"inLanguage":"pt-PT","potentialAction":[{"@type":"ReadAction","target":["https:\/\/sxflightcase.com\/zh_hk\/\u7522\u54c1\/\u9278\u93c8\u6279\u767c\u5546-hib101-2\/"]}]},{"@type":"ImageObject","inLanguage":"pt-PT","@id":"https:\/\/sxflightcase.com\/zh_hk\/\u7522\u54c1\/\u9278\u93c8\u6279\u767c\u5546-hib101-2\/#primaryimage","url":"https:\/\/sxflightcase.com\/wp-content\/uploads\/2024\/09\/HIB101.jpg","contentUrl":"https:\/\/sxflightcase.com\/wp-content\/uploads\/2024\/09\/HIB101.jpg","width":700,"height":700,"caption":"Hinges Wholesaler"},{"@type":"BreadcrumbList","@id":"https:\/\/sxflightcase.com\/zh_hk\/\u7522\u54c1\/\u9278\u93c8\u6279\u767c\u5546-hib101-2\/#breadcrumb","itemListElement":[{"@type":"ListItem","position":1,"name":"Home","item":"https:\/\/sxflightcase.com\/"},{"@type":"ListItem","position":2,"name":"\u0e2a\u0e34\u0e19\u0e04\u0e49\u0e32","item":"https:\/\/sxflightcase.com\/th\/shop\/"},{"@type":"ListItem","position":3,"name":"Hinges Wholesaler HIB101"}]},{"@type":"WebSite","@id":"https:\/\/sxflightcase.com\/th\/#website","url":"https:\/\/sxflightcase.com\/th\/","name":"sxpowercase.com","description":"F\u00e1brica de malas de voo","publisher":{"@id":"https:\/\/sxflightcase.com\/th\/#organization"},"potentialAction":[{"@type":"SearchAction","target":{"@type":"EntryPoint","urlTemplate":"https:\/\/sxflightcase.com\/th\/?s={search_term_string}"},"query-input":{"@type":"PropertyValueSpecification","valueRequired":true,"valueName":"search_term_string"}}],"inLanguage":"pt-PT"},{"@type":"Organization","@id":"https:\/\/sxflightcase.com\/th\/#organization","name":"sxpowercase.com","url":"https:\/\/sxflightcase.com\/th\/","logo":{"@type":"ImageObject","inLanguage":"pt-PT","@id":"https:\/\/sxflightcase.com\/th\/#\/schema\/logo\/image\/","url":"https:\/\/sxflightcase.com\/wp-content\/uploads\/2024\/04\/1713919036007.jpg","contentUrl":"https:\/\/sxflightcase.com\/wp-content\/uploads\/2024\/04\/1713919036007.jpg","width":382,"height":388,"caption":"sxpowercase.com"},"image":{"@id":"https:\/\/sxflightcase.com\/th\/#\/schema\/logo\/image\/"},"sameAs":["https:\/\/www.facebook.com\/profile.php?id=61560407257971"],"numberOfEmployees":{"@type":"QuantitativeValue","minValue":"11","maxValue":"50"}}]}},"_links":{"self":[{"href":"https:\/\/sxflightcase.com\/pt\/wp-json\/wp\/v2\/product\/4539","targetHints":{"allow":["GET"]}}],"collection":[{"href":"https:\/\/sxflightcase.com\/pt\/wp-json\/wp\/v2\/product"}],"about":[{"href":"https:\/\/sxflightcase.com\/pt\/wp-json\/wp\/v2\/types\/product"}],"replies":[{"embeddable":true,"href":"https:\/\/sxflightcase.com\/pt\/wp-json\/wp\/v2\/comments?post=4539"}],"version-history":[{"count":0,"href":"https:\/\/sxflightcase.com\/pt\/wp-json\/wp\/v2\/product\/4539\/revisions"}],"wp:featuredmedia":[{"embeddable":true,"href":"https:\/\/sxflightcase.com\/pt\/wp-json\/wp\/v2\/media\/4493"}],"wp:attachment":[{"href":"https:\/\/sxflightcase.com\/pt\/wp-json\/wp\/v2\/media?parent=4539"}],"wp:term":[{"taxonomy":"product_brand","embeddable":true,"href":"https:\/\/sxflightcase.com\/pt\/wp-json\/wp\/v2\/product_brand?post=4539"},{"taxonomy":"product_cat","embeddable":true,"href":"https:\/\/sxflightcase.com\/pt\/wp-json\/wp\/v2\/product_cat?post=4539"},{"taxonomy":"product_tag","embeddable":true,"href":"https:\/\/sxflightcase.com\/pt\/wp-json\/wp\/v2\/product_tag?post=4539"}],"curies":[{"name":"wp","href":"https:\/\/api.w.org\/{rel}","templated":true}]}}