{"id":4542,"date":"2024-09-24T07:44:19","date_gmt":"2024-09-24T06:44:19","guid":{"rendered":"https:\/\/sxpowercase.com\/?post_type=product&#038;p=4542"},"modified":"2024-09-24T07:44:19","modified_gmt":"2024-09-24T06:44:19","slug":"flight-case-hinges-hic101","status":"publish","type":"product","link":"https:\/\/sxflightcase.com\/pt\/produto\/dobradicas-para-caixas-de-transporte-hic101\/","title":{"rendered":"Dobradi\u00e7as para caixas de transporte HIC101"},"content":{"rendered":"<h3>X: A sua fonte de dobradi\u00e7as para caixas de transporte fi\u00e1veis<\/h3>\n<p>Quando se trata de proteger o seu valioso equipamento, a qualidade do seu <span style=\"color: #0000ff;\"><a style=\"color: #0000ff;\" href=\"https:\/\/sxpowercase.com\/product\/hinges-wholesaler-hib102\/\">dobradi\u00e7as para caixas de transporte<\/a><\/span> \u00e9 crucial. Em <strong>SX<\/strong>A nossa empresa \u00e9 especializada no fornecimento de dobradi\u00e7as para malas de viagem de primeira qualidade, que garantem durabilidade e fiabilidade. Os nossos produtos s\u00e3o concebidos para suportar os rigores do transporte, mantendo o seu equipamento seguro e protegido.<\/p>\n<h3>Pre\u00e7os diretos de f\u00e1brica para dobradi\u00e7as de qualidade<\/h3>\n<p>Como fornecedor l\u00edder, <strong><a href=\"https:\/\/sxpowercase.com\/\" target=\"_blank\" rel=\"noopener\" title=\"SX\" data-wpil-monitor-id=\"777\">SX<\/a><\/strong> ofertas <strong>pre\u00e7os diretos de f\u00e1brica<\/strong> em todas as nossas dobradi\u00e7as para caixas de transporte. Isto significa que beneficia de pre\u00e7os competitivos sem sacrificar a qualidade. Ao eliminarmos o intermedi\u00e1rio, transferimos as poupan\u00e7as diretamente para si, facilitando a manuten\u00e7\u00e3o do or\u00e7amento dos seus projectos.<\/p>\n<h3>Compromisso com a garantia de qualidade<\/h3>\n<p>Em <strong>SX<\/strong>A nossa empresa compreende que a qualidade n\u00e3o \u00e9 negoci\u00e1vel quando se trata de dobradi\u00e7as para caixas de transporte a\u00e9reo. As nossas dobradi\u00e7as s\u00e3o submetidas a rigorosos controlos de qualidade para garantir que cumprem os mais elevados padr\u00f5es. Estamos empenhados em fornecer produtos que n\u00e3o s\u00f3 sejam duradouros, mas tamb\u00e9m fi\u00e1veis, para que possa ter a tranquilidade de saber que o seu equipamento est\u00e1 bem protegido.<\/p>\n<h3>Op\u00e7\u00f5es vers\u00e1teis para todas as necessidades<\/h3>\n<p>A nossa gama de dobradi\u00e7as para caixas de transporte foi concebida para responder a v\u00e1rias aplica\u00e7\u00f5es. Quer necessite de dobradi\u00e7as normais ou de op\u00e7\u00f5es para trabalhos pesados, <strong>SX<\/strong> tem tudo o que precisa. Orgulhamo-nos de oferecer uma sele\u00e7\u00e3o diversificada que satisfaz as necessidades espec\u00edficas de profissionais de diferentes sectores, garantindo que encontra a solu\u00e7\u00e3o perfeita para as suas malas de voo.<\/p>\n<h3>Encomenda f\u00e1cil e entrega r\u00e1pida<\/h3>\n<p>Encomendar a dobradi\u00e7a da caixa de voo a partir de <strong>SX<\/strong> \u00e9 simples e eficaz. O nosso s\u00edtio Web de f\u00e1cil utiliza\u00e7\u00e3o permite-lhe navegar facilmente na nossa sele\u00e7\u00e3o e efetuar encomendas com apenas alguns cliques. Al\u00e9m disso, orgulhamo-nos de uma entrega r\u00e1pida, para que possa receber as suas dobradi\u00e7as prontamente e voltar ao que faz melhor.<\/p>\n<h3>Conclus\u00e3o<\/h3>\n<p>Escolher <strong>SX<\/strong> para a sua dobradi\u00e7a de mala de transporte e desfrute da combina\u00e7\u00e3o perfeita de qualidade, pre\u00e7o acess\u00edvel e comodidade. O nosso compromisso com a satisfa\u00e7\u00e3o do cliente faz de n\u00f3s o parceiro ideal para todas as suas necessidades em termos de dobradi\u00e7as.<\/p>\n<ol>\n<li>Contactar agora:<span style=\"color: #0000ff;\"><a style=\"color: #0000ff;\" href=\"https:\/\/sxpowercase.com\/contact-us\/\">https:\/\/sxpowercase.com\/<\/a><\/span><\/li>\n<li>Cat\u00e1logo de produtos de hardware\uff1a<span style=\"color: #0000ff;\"><a style=\"color: #0000ff;\" href=\"https:\/\/sxpowercase.com\/wp-content\/uploads\/2024\/07\/\u4e94\u91d1.pdf\">Cat\u00e1logo de acess\u00f3rios de ferragens<\/a><\/span><\/li>\n<\/ol>","protected":false},"excerpt":{"rendered":"<div class=\"flex max-w-full flex-col flex-grow\">\n<div class=\"min-h-[20px] text-message flex w-full flex-col items-end gap-2 whitespace-normal break-words [.text-message+&amp;]:mt-5\" dir=\"auto\" data-message-author-role=\"assistant\" data-message-id=\"5a0f762f-b3da-4e73-8630-b5ec1058c8fc\">\n<div class=\"flex w-full flex-col gap-1 empty:hidden first:pt-[3px]\">\n<div class=\"markdown prose w-full break-words dark:prose-invert light\">\n<h3>SX: Your Source for Reliable Flight Case Hinges<\/h3>\n<p>At SX, we specialize in high-quality flight case hinges designed for durability and reliability, ensuring your equipment is safe during transport.<\/p>\n<h3>Factory Direct Pricing for Quality Hinges<\/h3>\n<p>Benefit from competitive factory direct pricing on all flight case hinges, allowing you to stay within budget without sacrificing quality.<\/p>\n<h3>Versatile Options for Every Need<\/h3>\n<p>Our diverse selection includes standard and heavy-duty hinges, catering to various applications to meet the specific needs of professionals across industries.<\/p>\n<\/div>\n<\/div>\n<\/div>\n<\/div>\n","protected":false},"featured_media":4495,"comment_status":"open","ping_status":"closed","template":"","meta":[],"product_brand":[],"product_cat":[67],"product_tag":[],"class_list":{"0":"post-4542","1":"product","2":"type-product","3":"status-publish","4":"has-post-thumbnail","6":"product_cat-hingesstays","8":"first","9":"instock","10":"shipping-taxable","11":"product-type-simple"},"yoast_head":"<!-- This site is optimized with the Yoast SEO Premium plugin v27.1 (Yoast SEO v27.2) - https:\/\/yoast.com\/product\/yoast-seo-premium-wordpress\/ -->\n<title>Flight Case Hinges HIC101 - https:\/\/sxflightcase.com \ud83d\udc97<\/title>\n<meta name=\"description\" content=\"Discover high-quality flight case hinges from SX at factory direct prices. Enjoy fast delivery and reliable quality for your equipment protection.\" \/>\n<meta name=\"robots\" content=\"index, follow, max-snippet:-1, max-image-preview:large, max-video-preview:-1\" \/>\n<link rel=\"canonical\" href=\"https:\/\/sxflightcase.com\/pt\/produk\/flight-case-hinges-hic101\/\" \/>\n<meta property=\"og:locale\" content=\"pt_PT\" \/>\n<meta property=\"og:type\" content=\"article\" \/>\n<meta property=\"og:title\" content=\"Flight Case Hinges HIC101\" \/>\n<meta property=\"og:description\" content=\"Discover high-quality flight case hinges from SX at factory direct prices. Enjoy fast delivery and reliable quality for your equipment protection.\" \/>\n<meta property=\"og:url\" content=\"https:\/\/sxflightcase.com\/pt\/produk\/flight-case-hinges-hic101\/\" \/>\n<meta property=\"og:site_name\" content=\"https:\/\/sxflightcase.com\" \/>\n<meta property=\"article:publisher\" content=\"https:\/\/www.facebook.com\/profile.php?id=61560407257971\" \/>\n<meta property=\"og:image\" content=\"https:\/\/sxflightcase.com\/wp-content\/uploads\/2024\/09\/HIC101.jpg\" \/>\n\t<meta property=\"og:image:width\" content=\"700\" \/>\n\t<meta property=\"og:image:height\" content=\"700\" \/>\n\t<meta property=\"og:image:type\" content=\"image\/jpeg\" \/>\n<meta name=\"twitter:card\" content=\"summary_large_image\" \/>\n<meta name=\"twitter:label1\" content=\"Tempo estimado de leitura\" \/>\n\t<meta name=\"twitter:data1\" content=\"2 minutos\" \/>\n<script type=\"application\/ld+json\" class=\"yoast-schema-graph\">{\"@context\":\"https:\/\/schema.org\",\"@graph\":[{\"@type\":\"WebPage\",\"@id\":\"https:\/\/sxflightcase.com\/af\/produk\/flight-case-hinges-hic101\/\",\"url\":\"https:\/\/sxflightcase.com\/af\/produk\/flight-case-hinges-hic101\/\",\"name\":\"Flight Case Hinges HIC101 - https:\/\/sxflightcase.com \ud83d\udc97\",\"isPartOf\":{\"@id\":\"https:\/\/sxflightcase.com\/th\/#website\"},\"primaryImageOfPage\":{\"@id\":\"https:\/\/sxflightcase.com\/af\/produk\/flight-case-hinges-hic101\/#primaryimage\"},\"image\":{\"@id\":\"https:\/\/sxflightcase.com\/af\/produk\/flight-case-hinges-hic101\/#primaryimage\"},\"thumbnailUrl\":\"https:\/\/sxflightcase.com\/wp-content\/uploads\/2024\/09\/HIC101.jpg\",\"datePublished\":\"2024-09-24T06:44:19+00:00\",\"description\":\"Discover high-quality flight case hinges from SX at factory direct prices. Enjoy fast delivery and reliable quality for your equipment protection.\",\"breadcrumb\":{\"@id\":\"https:\/\/sxflightcase.com\/af\/produk\/flight-case-hinges-hic101\/#breadcrumb\"},\"inLanguage\":\"pt-PT\",\"potentialAction\":[{\"@type\":\"ReadAction\",\"target\":[\"https:\/\/sxflightcase.com\/af\/produk\/flight-case-hinges-hic101\/\"]}]},{\"@type\":\"ImageObject\",\"inLanguage\":\"pt-PT\",\"@id\":\"https:\/\/sxflightcase.com\/af\/produk\/flight-case-hinges-hic101\/#primaryimage\",\"url\":\"https:\/\/sxflightcase.com\/wp-content\/uploads\/2024\/09\/HIC101.jpg\",\"contentUrl\":\"https:\/\/sxflightcase.com\/wp-content\/uploads\/2024\/09\/HIC101.jpg\",\"width\":700,\"height\":700,\"caption\":\"Flight Case Hinges\"},{\"@type\":\"BreadcrumbList\",\"@id\":\"https:\/\/sxflightcase.com\/af\/produk\/flight-case-hinges-hic101\/#breadcrumb\",\"itemListElement\":[{\"@type\":\"ListItem\",\"position\":1,\"name\":\"Home\",\"item\":\"https:\/\/sxflightcase.com\/\"},{\"@type\":\"ListItem\",\"position\":2,\"name\":\"\u0e2a\u0e34\u0e19\u0e04\u0e49\u0e32\",\"item\":\"https:\/\/sxflightcase.com\/th\/shop\/\"},{\"@type\":\"ListItem\",\"position\":3,\"name\":\"Flight Case Hinges HIC101\"}]},{\"@type\":\"WebSite\",\"@id\":\"https:\/\/sxflightcase.com\/th\/#website\",\"url\":\"https:\/\/sxflightcase.com\/th\/\",\"name\":\"sxpowercase.com\",\"description\":\"Flight Case Factory\",\"publisher\":{\"@id\":\"https:\/\/sxflightcase.com\/th\/#organization\"},\"potentialAction\":[{\"@type\":\"SearchAction\",\"target\":{\"@type\":\"EntryPoint\",\"urlTemplate\":\"https:\/\/sxflightcase.com\/th\/?s={search_term_string}\"},\"query-input\":{\"@type\":\"PropertyValueSpecification\",\"valueRequired\":true,\"valueName\":\"search_term_string\"}}],\"inLanguage\":\"pt-PT\"},{\"@type\":\"Organization\",\"@id\":\"https:\/\/sxflightcase.com\/th\/#organization\",\"name\":\"sxpowercase.com\",\"url\":\"https:\/\/sxflightcase.com\/th\/\",\"logo\":{\"@type\":\"ImageObject\",\"inLanguage\":\"pt-PT\",\"@id\":\"https:\/\/sxflightcase.com\/th\/#\/schema\/logo\/image\/\",\"url\":\"https:\/\/sxflightcase.com\/wp-content\/uploads\/2024\/04\/1713919036007.jpg\",\"contentUrl\":\"https:\/\/sxflightcase.com\/wp-content\/uploads\/2024\/04\/1713919036007.jpg\",\"width\":382,\"height\":388,\"caption\":\"sxpowercase.com\"},\"image\":{\"@id\":\"https:\/\/sxflightcase.com\/th\/#\/schema\/logo\/image\/\"},\"sameAs\":[\"https:\/\/www.facebook.com\/profile.php?id=61560407257971\"],\"numberOfEmployees\":{\"@type\":\"QuantitativeValue\",\"minValue\":\"11\",\"maxValue\":\"50\"}}]}<\/script>\n<!-- \/ Yoast SEO Premium plugin. -->","yoast_head_json":{"title":"Flight Case Hinges HIC101 - https:\/\/sxflightcase.com \ud83d\udc97","description":"Descubra as dobradi\u00e7as para caixas de transporte de alta qualidade da SX a pre\u00e7os diretos de f\u00e1brica. Desfrute de uma entrega r\u00e1pida e de uma qualidade fi\u00e1vel para a prote\u00e7\u00e3o do seu equipamento.","robots":{"index":"index","follow":"follow","max-snippet":"max-snippet:-1","max-image-preview":"max-image-preview:large","max-video-preview":"max-video-preview:-1"},"canonical":"https:\/\/sxflightcase.com\/pt\/produk\/flight-case-hinges-hic101\/","og_locale":"pt_PT","og_type":"article","og_title":"Flight Case Hinges HIC101","og_description":"Discover high-quality flight case hinges from SX at factory direct prices. Enjoy fast delivery and reliable quality for your equipment protection.","og_url":"https:\/\/sxflightcase.com\/pt\/produk\/flight-case-hinges-hic101\/","og_site_name":"https:\/\/sxflightcase.com","article_publisher":"https:\/\/www.facebook.com\/profile.php?id=61560407257971","og_image":[{"width":700,"height":700,"url":"https:\/\/sxflightcase.com\/wp-content\/uploads\/2024\/09\/HIC101.jpg","type":"image\/jpeg"}],"twitter_card":"summary_large_image","twitter_misc":{"Tempo estimado de leitura":"2 minutos"},"schema":{"@context":"https:\/\/schema.org","@graph":[{"@type":"WebPage","@id":"https:\/\/sxflightcase.com\/af\/produk\/flight-case-hinges-hic101\/","url":"https:\/\/sxflightcase.com\/af\/produk\/flight-case-hinges-hic101\/","name":"Flight Case Hinges HIC101 - https:\/\/sxflightcase.com \ud83d\udc97","isPartOf":{"@id":"https:\/\/sxflightcase.com\/th\/#website"},"primaryImageOfPage":{"@id":"https:\/\/sxflightcase.com\/af\/produk\/flight-case-hinges-hic101\/#primaryimage"},"image":{"@id":"https:\/\/sxflightcase.com\/af\/produk\/flight-case-hinges-hic101\/#primaryimage"},"thumbnailUrl":"https:\/\/sxflightcase.com\/wp-content\/uploads\/2024\/09\/HIC101.jpg","datePublished":"2024-09-24T06:44:19+00:00","description":"Descubra as dobradi\u00e7as para caixas de transporte de alta qualidade da SX a pre\u00e7os diretos de f\u00e1brica. Desfrute de uma entrega r\u00e1pida e de uma qualidade fi\u00e1vel para a prote\u00e7\u00e3o do seu equipamento.","breadcrumb":{"@id":"https:\/\/sxflightcase.com\/af\/produk\/flight-case-hinges-hic101\/#breadcrumb"},"inLanguage":"pt-PT","potentialAction":[{"@type":"ReadAction","target":["https:\/\/sxflightcase.com\/af\/produk\/flight-case-hinges-hic101\/"]}]},{"@type":"ImageObject","inLanguage":"pt-PT","@id":"https:\/\/sxflightcase.com\/af\/produk\/flight-case-hinges-hic101\/#primaryimage","url":"https:\/\/sxflightcase.com\/wp-content\/uploads\/2024\/09\/HIC101.jpg","contentUrl":"https:\/\/sxflightcase.com\/wp-content\/uploads\/2024\/09\/HIC101.jpg","width":700,"height":700,"caption":"Flight Case Hinges"},{"@type":"BreadcrumbList","@id":"https:\/\/sxflightcase.com\/af\/produk\/flight-case-hinges-hic101\/#breadcrumb","itemListElement":[{"@type":"ListItem","position":1,"name":"Home","item":"https:\/\/sxflightcase.com\/"},{"@type":"ListItem","position":2,"name":"\u0e2a\u0e34\u0e19\u0e04\u0e49\u0e32","item":"https:\/\/sxflightcase.com\/th\/shop\/"},{"@type":"ListItem","position":3,"name":"Flight Case Hinges HIC101"}]},{"@type":"WebSite","@id":"https:\/\/sxflightcase.com\/th\/#website","url":"https:\/\/sxflightcase.com\/th\/","name":"sxpowercase.com","description":"F\u00e1brica de malas de voo","publisher":{"@id":"https:\/\/sxflightcase.com\/th\/#organization"},"potentialAction":[{"@type":"SearchAction","target":{"@type":"EntryPoint","urlTemplate":"https:\/\/sxflightcase.com\/th\/?s={search_term_string}"},"query-input":{"@type":"PropertyValueSpecification","valueRequired":true,"valueName":"search_term_string"}}],"inLanguage":"pt-PT"},{"@type":"Organization","@id":"https:\/\/sxflightcase.com\/th\/#organization","name":"sxpowercase.com","url":"https:\/\/sxflightcase.com\/th\/","logo":{"@type":"ImageObject","inLanguage":"pt-PT","@id":"https:\/\/sxflightcase.com\/th\/#\/schema\/logo\/image\/","url":"https:\/\/sxflightcase.com\/wp-content\/uploads\/2024\/04\/1713919036007.jpg","contentUrl":"https:\/\/sxflightcase.com\/wp-content\/uploads\/2024\/04\/1713919036007.jpg","width":382,"height":388,"caption":"sxpowercase.com"},"image":{"@id":"https:\/\/sxflightcase.com\/th\/#\/schema\/logo\/image\/"},"sameAs":["https:\/\/www.facebook.com\/profile.php?id=61560407257971"],"numberOfEmployees":{"@type":"QuantitativeValue","minValue":"11","maxValue":"50"}}]}},"_links":{"self":[{"href":"https:\/\/sxflightcase.com\/pt\/wp-json\/wp\/v2\/product\/4542","targetHints":{"allow":["GET"]}}],"collection":[{"href":"https:\/\/sxflightcase.com\/pt\/wp-json\/wp\/v2\/product"}],"about":[{"href":"https:\/\/sxflightcase.com\/pt\/wp-json\/wp\/v2\/types\/product"}],"replies":[{"embeddable":true,"href":"https:\/\/sxflightcase.com\/pt\/wp-json\/wp\/v2\/comments?post=4542"}],"version-history":[{"count":0,"href":"https:\/\/sxflightcase.com\/pt\/wp-json\/wp\/v2\/product\/4542\/revisions"}],"wp:featuredmedia":[{"embeddable":true,"href":"https:\/\/sxflightcase.com\/pt\/wp-json\/wp\/v2\/media\/4495"}],"wp:attachment":[{"href":"https:\/\/sxflightcase.com\/pt\/wp-json\/wp\/v2\/media?parent=4542"}],"wp:term":[{"taxonomy":"product_brand","embeddable":true,"href":"https:\/\/sxflightcase.com\/pt\/wp-json\/wp\/v2\/product_brand?post=4542"},{"taxonomy":"product_cat","embeddable":true,"href":"https:\/\/sxflightcase.com\/pt\/wp-json\/wp\/v2\/product_cat?post=4542"},{"taxonomy":"product_tag","embeddable":true,"href":"https:\/\/sxflightcase.com\/pt\/wp-json\/wp\/v2\/product_tag?post=4542"}],"curies":[{"name":"wp","href":"https:\/\/api.w.org\/{rel}","templated":true}]}}