{"id":4561,"date":"2024-09-26T07:09:29","date_gmt":"2024-09-26T06:09:29","guid":{"rendered":"https:\/\/sxpowercase.com\/?post_type=product&#038;p=4561"},"modified":"2024-09-26T07:09:31","modified_gmt":"2024-09-26T06:09:31","slug":"flight-case-support-hinges-stc201","status":"publish","type":"product","link":"https:\/\/sxflightcase.com\/pt\/produto\/dobradicas-de-suporte-da-caixa-de-pilotagem-stc201\/","title":{"rendered":"Dobradi\u00e7as de suporte da caixa de transporte STC201"},"content":{"rendered":"<h3>SX: Premium <strong>Dobradi\u00e7as de suporte da caixa de transporte<\/strong> para uma prote\u00e7\u00e3o duradoura<\/h3>\n<p>Procura de alta qualidade <a href=\"https:\/\/sxpowercase.com\/product\/support-hinge-kits-stc102\/\"><strong>Dobradi\u00e7as de suporte da caixa de transporte<\/strong><\/a> para garantir que o seu equipamento permanece seguro durante o transporte? A SX oferece dobradi\u00e7as de suporte de primeira qualidade com foco em <strong>pre\u00e7os diretos da f\u00e1brica<\/strong>. Ao escolher a SX, beneficia de produtos duradouros e fi\u00e1veis sem pagar custos adicionais, garantindo a m\u00e1xima prote\u00e7\u00e3o das suas malas de viagem.<\/p>\n<h3>Concebida para resist\u00eancia e precis\u00e3o<\/h3>\n<p>SX's <strong>Dobradi\u00e7as de suporte da caixa de transporte<\/strong> s\u00e3o concebidos com <strong>qualidade<\/strong> e a longevidade em mente. Constru\u00eddo a partir de <strong>materiais de alta qualidade<\/strong>A sua resist\u00eancia \u00e9 suficiente para suportar cargas pesadas e suportar uma utiliza\u00e7\u00e3o frequente. Os nossos <strong>abordagem direta da f\u00e1brica<\/strong> garante-lhe o melhor pre\u00e7o, mantendo os mais elevados padr\u00f5es de qualidade, tornando-o a escolha inteligente para profissionais que procuram <strong>hardware acess\u00edvel e fi\u00e1vel<\/strong>.<\/p>\n<h3>Perfeito para malas de transporte personalizadas<\/h3>\n<p>Quer esteja a construir caixas de voo para <strong>equipamento \u00e1udio<\/strong>ilumina\u00e7\u00e3o, ou instrumentos delicados, os nossos <strong>Dobradi\u00e7as de suporte da caixa de transporte<\/strong> oferecer o <strong>versatilidade<\/strong> de que necessita. Estas dobradi\u00e7as asseguram uma abertura suave das suas caixas e proporcionam uma excelente <strong>apoio<\/strong> quando em utiliza\u00e7\u00e3o. F\u00e1ceis de instalar e altamente dur\u00e1veis, s\u00e3o perfeitos para proteger equipamento valioso. E como <a href=\"https:\/\/sxpowercase.com\/\" target=\"_blank\" rel=\"noopener\" title=\"SX\" data-wpil-monitor-id=\"787\">SX<\/a> entrega <strong>diretamente da f\u00e1brica<\/strong>, obt\u00e9m-se <strong>produtos de qualidade superior<\/strong> por uma fra\u00e7\u00e3o do custo.<\/p>\n<h3>Qualidade em que pode confiar<\/h3>\n<p>Na SX, compreendemos que <strong>garantia de qualidade<\/strong> \u00e9 fundamental quando se trata de proteger equipamento dispendioso. Os nossos <strong>Dobradi\u00e7as de suporte da caixa de transporte<\/strong> s\u00e3o submetidos a rigorosos processos de controlo de qualidade, garantindo o seu desempenho mesmo nas condi\u00e7\u00f5es mais dif\u00edceis. A SX est\u00e1 por detr\u00e1s de cada produto, oferecendo fiabilidade de topo a <strong>pre\u00e7os baixos<\/strong>. Esta combina\u00e7\u00e3o de <strong>qualidade e acessibilidade<\/strong> \u00e9 a raz\u00e3o pela qual a SX continua a ser uma escolha de confian\u00e7a para profissionais de v\u00e1rios sectores.<\/p>\n<h3>Porqu\u00ea escolher a SX?<\/h3>\n<p>SX's <strong>\u00a0Dobradi\u00e7as de suporte<\/strong> proporcionam uma combina\u00e7\u00e3o perfeita de resist\u00eancia, facilidade de instala\u00e7\u00e3o e <strong>poupan\u00e7a direta da f\u00e1brica<\/strong>. O nosso compromisso com <strong>qualidade<\/strong> assegura que as suas malas de transporte funcionam de forma fi\u00e1vel, protegendo o seu valioso equipamento durante o transporte. Com a SX, n\u00e3o precisa de comprometer <strong>qualidade<\/strong> ou pre\u00e7o - o nosso processo direto da f\u00e1brica garante-lhe o melhor dos dois mundos.<\/p>\n<h3>Conclus\u00e3o<\/h3>\n<p>SX's <strong>\u00a0Dobradi\u00e7as de suporte<\/strong> s\u00e3o a solu\u00e7\u00e3o ideal para os profissionais que procuram seguran\u00e7a e prote\u00e7\u00e3o para as suas malas de viagem. Com <strong>pre\u00e7os diretos da f\u00e1brica<\/strong> e <strong>qualidade em que pode confiar<\/strong>SX garante-lhe o melhor <strong>valor<\/strong> para o seu investimento.<\/p>\n<ol>\n<li>Contactar agora:<span style=\"color: #0000ff;\"><a style=\"color: #0000ff;\" href=\"https:\/\/sxpowercase.com\/contact-us\/\">https:\/\/sxpowercase.com\/<\/a><\/span><\/li>\n<li>Cat\u00e1logo de produtos de hardware\uff1a<span style=\"color: #0000ff;\"><a style=\"color: #0000ff;\" href=\"https:\/\/sxpowercase.com\/wp-content\/uploads\/2024\/07\/\u4e94\u91d1.pdf\">Cat\u00e1logo de acess\u00f3rios de ferragens<\/a><\/span><\/li>\n<\/ol>","protected":false},"excerpt":{"rendered":"<h3>Dobradi\u00e7as de suporte de mala de voo de qualidade superior<\/h3>\n<p>A SX oferece dobradi\u00e7as de suporte duradouras e de alta qualidade para malas de transporte, garantindo a m\u00e1xima prote\u00e7\u00e3o durante o transporte a pre\u00e7os diretos de f\u00e1brica.<\/p>\n<h3>Resist\u00eancia e fiabilidade<\/h3>\n<p>As dobradi\u00e7as de suporte da mala de transporte SX s\u00e3o fabricadas com materiais de alta qualidade, concebidas para resist\u00eancia, longevidade e funcionamento suave - perfeitas para aplica\u00e7\u00f5es pesadas.<\/p>\n<h3>Dobradi\u00e7as econ\u00f3micas e f\u00e1ceis de instalar<\/h3>\n<p>As nossas dobradi\u00e7as s\u00e3o vers\u00e1teis, f\u00e1ceis de instalar e concebidas para caixas personalizadas, proporcionando uma prote\u00e7\u00e3o de topo por uma fra\u00e7\u00e3o do custo.<\/p>","protected":false},"featured_media":4505,"comment_status":"open","ping_status":"closed","template":"","meta":[],"product_brand":[],"product_cat":[67],"product_tag":[],"class_list":{"0":"post-4561","1":"product","2":"type-product","3":"status-publish","4":"has-post-thumbnail","6":"product_cat-hingesstays","8":"first","9":"instock","10":"shipping-taxable","11":"product-type-simple"},"yoast_head":"<!-- This site is optimized with the Yoast SEO Premium plugin v27.1 (Yoast SEO v27.2) - https:\/\/yoast.com\/product\/yoast-seo-premium-wordpress\/ -->\n<title>Flight Case Support Hinges STC201 - https:\/\/sxflightcase.com \ud83d\udc97<\/title>\n<meta name=\"description\" content=\"Discover SX\u2019s high-quality, affordable Flight Case Support Hinges. Factory-direct pricing ensures durability and reliability at the best price.\" \/>\n<meta name=\"robots\" content=\"index, follow, max-snippet:-1, max-image-preview:large, max-video-preview:-1\" \/>\n<link rel=\"canonical\" href=\"https:\/\/sxflightcase.com\/pt\/produto\/dobradicas-de-suporte-da-caixa-de-pilotagem-stc201\/\" \/>\n<meta property=\"og:locale\" content=\"pt_PT\" \/>\n<meta property=\"og:type\" content=\"article\" \/>\n<meta property=\"og:title\" content=\"Flight Case Support Hinges STC201\" \/>\n<meta property=\"og:description\" content=\"Discover SX\u2019s high-quality, affordable Flight Case Support Hinges. Factory-direct pricing ensures durability and reliability at the best price.\" \/>\n<meta property=\"og:url\" content=\"https:\/\/sxflightcase.com\/pt\/produto\/dobradicas-de-suporte-da-caixa-de-pilotagem-stc201\/\" \/>\n<meta property=\"og:site_name\" content=\"https:\/\/sxflightcase.com\" \/>\n<meta property=\"article:publisher\" content=\"https:\/\/www.facebook.com\/profile.php?id=61560407257971\" \/>\n<meta property=\"article:modified_time\" content=\"2024-09-26T06:09:31+00:00\" \/>\n<meta property=\"og:image\" content=\"https:\/\/sxflightcase.com\/wp-content\/uploads\/2024\/09\/STC201.jpg\" \/>\n\t<meta property=\"og:image:width\" content=\"700\" \/>\n\t<meta property=\"og:image:height\" content=\"700\" \/>\n\t<meta property=\"og:image:type\" content=\"image\/jpeg\" \/>\n<meta name=\"twitter:card\" content=\"summary_large_image\" \/>\n<meta name=\"twitter:label1\" content=\"Tempo estimado de leitura\" \/>\n\t<meta name=\"twitter:data1\" content=\"3 minutos\" \/>\n<script type=\"application\/ld+json\" class=\"yoast-schema-graph\">{\"@context\":\"https:\/\/schema.org\",\"@graph\":[{\"@type\":\"WebPage\",\"@id\":\"https:\/\/sxflightcase.com\/product\/flight-case-support-hinges-stc201\/\",\"url\":\"https:\/\/sxflightcase.com\/product\/flight-case-support-hinges-stc201\/\",\"name\":\"Flight Case Support Hinges STC201 - https:\/\/sxflightcase.com \ud83d\udc97\",\"isPartOf\":{\"@id\":\"https:\/\/sxflightcase.com\/th\/#website\"},\"primaryImageOfPage\":{\"@id\":\"https:\/\/sxflightcase.com\/product\/flight-case-support-hinges-stc201\/#primaryimage\"},\"image\":{\"@id\":\"https:\/\/sxflightcase.com\/product\/flight-case-support-hinges-stc201\/#primaryimage\"},\"thumbnailUrl\":\"https:\/\/sxflightcase.com\/wp-content\/uploads\/2024\/09\/STC201.jpg\",\"datePublished\":\"2024-09-26T06:09:29+00:00\",\"dateModified\":\"2024-09-26T06:09:31+00:00\",\"description\":\"Discover SX\u2019s high-quality, affordable Flight Case Support Hinges. Factory-direct pricing ensures durability and reliability at the best price.\",\"breadcrumb\":{\"@id\":\"https:\/\/sxflightcase.com\/product\/flight-case-support-hinges-stc201\/#breadcrumb\"},\"inLanguage\":\"pt-PT\",\"potentialAction\":[{\"@type\":\"ReadAction\",\"target\":[\"https:\/\/sxflightcase.com\/product\/flight-case-support-hinges-stc201\/\"]}]},{\"@type\":\"ImageObject\",\"inLanguage\":\"pt-PT\",\"@id\":\"https:\/\/sxflightcase.com\/product\/flight-case-support-hinges-stc201\/#primaryimage\",\"url\":\"https:\/\/sxflightcase.com\/wp-content\/uploads\/2024\/09\/STC201.jpg\",\"contentUrl\":\"https:\/\/sxflightcase.com\/wp-content\/uploads\/2024\/09\/STC201.jpg\",\"width\":700,\"height\":700,\"caption\":\"Flight Case Support Hinges\"},{\"@type\":\"BreadcrumbList\",\"@id\":\"https:\/\/sxflightcase.com\/product\/flight-case-support-hinges-stc201\/#breadcrumb\",\"itemListElement\":[{\"@type\":\"ListItem\",\"position\":1,\"name\":\"Home\",\"item\":\"https:\/\/sxflightcase.com\/\"},{\"@type\":\"ListItem\",\"position\":2,\"name\":\"\u0e2a\u0e34\u0e19\u0e04\u0e49\u0e32\",\"item\":\"https:\/\/sxflightcase.com\/th\/shop\/\"},{\"@type\":\"ListItem\",\"position\":3,\"name\":\"Flight Case Support Hinges STC201\"}]},{\"@type\":\"WebSite\",\"@id\":\"https:\/\/sxflightcase.com\/th\/#website\",\"url\":\"https:\/\/sxflightcase.com\/th\/\",\"name\":\"sxpowercase.com\",\"description\":\"Flight Case Factory\",\"publisher\":{\"@id\":\"https:\/\/sxflightcase.com\/th\/#organization\"},\"potentialAction\":[{\"@type\":\"SearchAction\",\"target\":{\"@type\":\"EntryPoint\",\"urlTemplate\":\"https:\/\/sxflightcase.com\/th\/?s={search_term_string}\"},\"query-input\":{\"@type\":\"PropertyValueSpecification\",\"valueRequired\":true,\"valueName\":\"search_term_string\"}}],\"inLanguage\":\"pt-PT\"},{\"@type\":\"Organization\",\"@id\":\"https:\/\/sxflightcase.com\/th\/#organization\",\"name\":\"sxpowercase.com\",\"url\":\"https:\/\/sxflightcase.com\/th\/\",\"logo\":{\"@type\":\"ImageObject\",\"inLanguage\":\"pt-PT\",\"@id\":\"https:\/\/sxflightcase.com\/th\/#\/schema\/logo\/image\/\",\"url\":\"https:\/\/sxflightcase.com\/wp-content\/uploads\/2024\/04\/1713919036007.jpg\",\"contentUrl\":\"https:\/\/sxflightcase.com\/wp-content\/uploads\/2024\/04\/1713919036007.jpg\",\"width\":382,\"height\":388,\"caption\":\"sxpowercase.com\"},\"image\":{\"@id\":\"https:\/\/sxflightcase.com\/th\/#\/schema\/logo\/image\/\"},\"sameAs\":[\"https:\/\/www.facebook.com\/profile.php?id=61560407257971\"],\"numberOfEmployees\":{\"@type\":\"QuantitativeValue\",\"minValue\":\"11\",\"maxValue\":\"50\"}}]}<\/script>\n<!-- \/ Yoast SEO Premium plugin. -->","yoast_head_json":{"title":"Flight Case Support Hinges STC201 - https:\/\/sxflightcase.com \ud83d\udc97","description":"Descubra as dobradi\u00e7as de suporte de caixas de transporte de alta qualidade e a pre\u00e7os acess\u00edveis da SX. O pre\u00e7o direto da f\u00e1brica garante durabilidade e fiabilidade ao melhor pre\u00e7o.","robots":{"index":"index","follow":"follow","max-snippet":"max-snippet:-1","max-image-preview":"max-image-preview:large","max-video-preview":"max-video-preview:-1"},"canonical":"https:\/\/sxflightcase.com\/pt\/produto\/dobradicas-de-suporte-da-caixa-de-pilotagem-stc201\/","og_locale":"pt_PT","og_type":"article","og_title":"Flight Case Support Hinges STC201","og_description":"Discover SX\u2019s high-quality, affordable Flight Case Support Hinges. Factory-direct pricing ensures durability and reliability at the best price.","og_url":"https:\/\/sxflightcase.com\/pt\/produto\/dobradicas-de-suporte-da-caixa-de-pilotagem-stc201\/","og_site_name":"https:\/\/sxflightcase.com","article_publisher":"https:\/\/www.facebook.com\/profile.php?id=61560407257971","article_modified_time":"2024-09-26T06:09:31+00:00","og_image":[{"width":700,"height":700,"url":"https:\/\/sxflightcase.com\/wp-content\/uploads\/2024\/09\/STC201.jpg","type":"image\/jpeg"}],"twitter_card":"summary_large_image","twitter_misc":{"Tempo estimado de leitura":"3 minutos"},"schema":{"@context":"https:\/\/schema.org","@graph":[{"@type":"WebPage","@id":"https:\/\/sxflightcase.com\/product\/flight-case-support-hinges-stc201\/","url":"https:\/\/sxflightcase.com\/product\/flight-case-support-hinges-stc201\/","name":"Flight Case Support Hinges STC201 - https:\/\/sxflightcase.com \ud83d\udc97","isPartOf":{"@id":"https:\/\/sxflightcase.com\/th\/#website"},"primaryImageOfPage":{"@id":"https:\/\/sxflightcase.com\/product\/flight-case-support-hinges-stc201\/#primaryimage"},"image":{"@id":"https:\/\/sxflightcase.com\/product\/flight-case-support-hinges-stc201\/#primaryimage"},"thumbnailUrl":"https:\/\/sxflightcase.com\/wp-content\/uploads\/2024\/09\/STC201.jpg","datePublished":"2024-09-26T06:09:29+00:00","dateModified":"2024-09-26T06:09:31+00:00","description":"Descubra as dobradi\u00e7as de suporte de caixas de transporte de alta qualidade e a pre\u00e7os acess\u00edveis da SX. O pre\u00e7o direto da f\u00e1brica garante durabilidade e fiabilidade ao melhor pre\u00e7o.","breadcrumb":{"@id":"https:\/\/sxflightcase.com\/product\/flight-case-support-hinges-stc201\/#breadcrumb"},"inLanguage":"pt-PT","potentialAction":[{"@type":"ReadAction","target":["https:\/\/sxflightcase.com\/product\/flight-case-support-hinges-stc201\/"]}]},{"@type":"ImageObject","inLanguage":"pt-PT","@id":"https:\/\/sxflightcase.com\/product\/flight-case-support-hinges-stc201\/#primaryimage","url":"https:\/\/sxflightcase.com\/wp-content\/uploads\/2024\/09\/STC201.jpg","contentUrl":"https:\/\/sxflightcase.com\/wp-content\/uploads\/2024\/09\/STC201.jpg","width":700,"height":700,"caption":"Flight Case Support Hinges"},{"@type":"BreadcrumbList","@id":"https:\/\/sxflightcase.com\/product\/flight-case-support-hinges-stc201\/#breadcrumb","itemListElement":[{"@type":"ListItem","position":1,"name":"Home","item":"https:\/\/sxflightcase.com\/"},{"@type":"ListItem","position":2,"name":"\u0e2a\u0e34\u0e19\u0e04\u0e49\u0e32","item":"https:\/\/sxflightcase.com\/th\/shop\/"},{"@type":"ListItem","position":3,"name":"Flight Case Support Hinges STC201"}]},{"@type":"WebSite","@id":"https:\/\/sxflightcase.com\/th\/#website","url":"https:\/\/sxflightcase.com\/th\/","name":"sxpowercase.com","description":"F\u00e1brica de malas de voo","publisher":{"@id":"https:\/\/sxflightcase.com\/th\/#organization"},"potentialAction":[{"@type":"SearchAction","target":{"@type":"EntryPoint","urlTemplate":"https:\/\/sxflightcase.com\/th\/?s={search_term_string}"},"query-input":{"@type":"PropertyValueSpecification","valueRequired":true,"valueName":"search_term_string"}}],"inLanguage":"pt-PT"},{"@type":"Organization","@id":"https:\/\/sxflightcase.com\/th\/#organization","name":"sxpowercase.com","url":"https:\/\/sxflightcase.com\/th\/","logo":{"@type":"ImageObject","inLanguage":"pt-PT","@id":"https:\/\/sxflightcase.com\/th\/#\/schema\/logo\/image\/","url":"https:\/\/sxflightcase.com\/wp-content\/uploads\/2024\/04\/1713919036007.jpg","contentUrl":"https:\/\/sxflightcase.com\/wp-content\/uploads\/2024\/04\/1713919036007.jpg","width":382,"height":388,"caption":"sxpowercase.com"},"image":{"@id":"https:\/\/sxflightcase.com\/th\/#\/schema\/logo\/image\/"},"sameAs":["https:\/\/www.facebook.com\/profile.php?id=61560407257971"],"numberOfEmployees":{"@type":"QuantitativeValue","minValue":"11","maxValue":"50"}}]}},"_links":{"self":[{"href":"https:\/\/sxflightcase.com\/pt\/wp-json\/wp\/v2\/product\/4561","targetHints":{"allow":["GET"]}}],"collection":[{"href":"https:\/\/sxflightcase.com\/pt\/wp-json\/wp\/v2\/product"}],"about":[{"href":"https:\/\/sxflightcase.com\/pt\/wp-json\/wp\/v2\/types\/product"}],"replies":[{"embeddable":true,"href":"https:\/\/sxflightcase.com\/pt\/wp-json\/wp\/v2\/comments?post=4561"}],"version-history":[{"count":0,"href":"https:\/\/sxflightcase.com\/pt\/wp-json\/wp\/v2\/product\/4561\/revisions"}],"wp:featuredmedia":[{"embeddable":true,"href":"https:\/\/sxflightcase.com\/pt\/wp-json\/wp\/v2\/media\/4505"}],"wp:attachment":[{"href":"https:\/\/sxflightcase.com\/pt\/wp-json\/wp\/v2\/media?parent=4561"}],"wp:term":[{"taxonomy":"product_brand","embeddable":true,"href":"https:\/\/sxflightcase.com\/pt\/wp-json\/wp\/v2\/product_brand?post=4561"},{"taxonomy":"product_cat","embeddable":true,"href":"https:\/\/sxflightcase.com\/pt\/wp-json\/wp\/v2\/product_cat?post=4561"},{"taxonomy":"product_tag","embeddable":true,"href":"https:\/\/sxflightcase.com\/pt\/wp-json\/wp\/v2\/product_tag?post=4561"}],"curies":[{"name":"wp","href":"https:\/\/api.w.org\/{rel}","templated":true}]}}