{"id":1052,"date":"2024-05-06T03:11:55","date_gmt":"2024-05-06T02:11:55","guid":{"rendered":"https:\/\/sxpowercase.com\/?post_type=product&#038;p=1052"},"modified":"2025-02-17T23:17:57","modified_gmt":"2025-02-18T07:17:57","slug":"flight-case-workstation","status":"publish","type":"product","link":"https:\/\/sxflightcase.com\/tr\/urun\/ucus-kasasi-is-istasyonu\/","title":{"rendered":"U\u00e7u\u015f Kasas\u0131 \u0130\u015f \u0130stasyonu"},"content":{"rendered":"<div class=\"module_title\">\n<div class=\"product-title-container\" data-aplus-ae=\"x1_575504cc\" data-spm-anchor-id=\"a2700.details.0.i0.46af3b1dP9vXH4\" data-aplus-clk=\"x1_19fc0ab9\">\n<p><strong>Ba\u015fl\u0131k:<\/strong><br \/>\nFOH Pro Ses Sistemi \u0130\u015f \u0130stasyonu Kutusu 12U <a href=\"https:\/\/sxpowercase.com\/product\/12u-rack-flight-case\/\">U\u00e7u\u015f Davas\u0131<\/a> Etkinlik Profesyonelleri i\u00e7in | \u00d6zelle\u015ftirilebilir Raf \u00c7antas\u0131<\/p>\n<p><strong>Meta A\u00e7\u0131klama:<\/strong><br \/>\nEtkinlik profesyonelleri i\u00e7in nihai \u00e7\u00f6z\u00fcm olan SX'in 12U U\u00e7u\u015f \u00c7antas\u0131 \u0130\u015f \u0130stasyonunu ke\u015ffedin. Dayan\u0131kl\u0131, \u00f6zelle\u015ftirilebilir ve ta\u015f\u0131nabilir olan bu \u00fcr\u00fcn, etkinlik kurulumlar\u0131n\u0131 kolayla\u015ft\u0131r\u0131r ve ekipmanlar\u0131n\u0131z\u0131 korur.<\/p>\n<hr \/>\n<p><strong>SX'in 12U U\u00e7u\u015f Kasas\u0131 \u0130\u015f \u0130stasyonu ile tan\u0131\u015f\u0131n: Nihai Etkinlik Kurulumu \u00c7\u00f6z\u00fcm\u00fc<\/strong><\/p>\n<p>Etkinlik prod\u00fcksiyonunun h\u0131zl\u0131 d\u00fcnyas\u0131nda verimlilik ve g\u00fcvenilirlik \u00e7ok \u00f6nemlidir. SX'in\u00a0<strong>12U <a href=\"https:\/\/sxpowercase.com\/product\/mixer-hard-case\/\">U\u00e7u\u015f Davas\u0131<\/a> \u0130\u015f \u0130stasyonu<\/strong>\u00a0etkinlik profesyonellerinin kurulumlar\u0131n\u0131 y\u00f6netme \u015feklini d\u00f6n\u00fc\u015ft\u00fcrmek i\u00e7in tasarlanm\u0131\u015ft\u0131r. Bu \u00f6zelle\u015ftirilebilir, dayan\u0131kl\u0131 ve ta\u015f\u0131nabilir i\u015f istasyonu, ekipmanlar\u0131n\u0131z\u0131 d\u00fczenlemek ve korumak i\u00e7in m\u00fckemmel bir \u00e7\u00f6z\u00fcmd\u00fcr ve etkinli\u011fin sorunsuz bir \u015fekilde y\u00fcr\u00fct\u00fclmesini sa\u011flar.<\/p>\n<hr \/>\n<h3><strong>Neden SX'in U\u00e7u\u015f \u00c7antas\u0131 \u0130\u015f \u0130stasyonunu Se\u00e7melisiniz?<\/strong><\/h3>\n<ol start=\"1\">\n<li><strong>Her \u0130htiyaca Uygun \u00d6zelle\u015ftirilebilir Tasar\u0131m<\/strong><br \/>\nHi\u00e7bir etkinlik birbirinin ayn\u0131s\u0131 de\u011fildir, d\u00fczenleri de \u00f6yle. SX'in uzmanl\u0131k alan\u0131\u00a0<strong>tamamen \u00f6zelle\u015ftirilebilir <a href=\"https:\/\/sxpowercase.com\/product\/dj-coffin-case-manufacture\/\">u\u00e7u\u015f vakalar\u0131<\/a><\/strong>\u00a0\u00f6zel gereksinimlerinize g\u00f6re uyarlanm\u0131\u015ft\u0131r. \u0130ster hassas ses ekipmanlar\u0131 i\u00e7in g\u00fcvenli bir depolamaya, ister hareket halindeyken yapaca\u011f\u0131n\u0131z ayarlamalar i\u00e7in mobil bir i\u015f istasyonuna ihtiyac\u0131n\u0131z olsun, her t\u00fcrl\u00fc ihtiyac\u0131n\u0131z\u0131 kar\u015f\u0131l\u0131yoruz.<\/li>\n<li><strong>Uzun \u00d6m\u00fcrl\u00fc Olmak \u0130\u00e7in \u00dcretildi<\/strong><br \/>\nile in\u015fa edilmi\u015ftir.\u00a0<strong>al\u00fcminyum \u00e7er\u00e7eve<\/strong>,\u00a0<strong>yanmaz 12mm kontrplak<\/strong>, Ve\u00a0<strong>y\u00fcksek yo\u011funluklu darbeye dayan\u0131kl\u0131 k\u00f6p\u00fck<\/strong>u\u00e7u\u015f \u00e7antalar\u0131m\u0131z yolun zorluklar\u0131na dayanacak \u015fekilde \u00fcretilmi\u015ftir. Ekipman\u0131n\u0131z, ko\u015fullar ne olursa olsun ta\u015f\u0131ma ve depolama s\u0131ras\u0131nda g\u00fcvende kal\u0131r.<\/li>\n<li><strong>En \u0130yi \u015eekilde Ta\u015f\u0131nabilirlik<\/strong><br \/>\nile\u00a0<strong>d\u00f6rt kelebek kilit<\/strong>,\u00a0<strong>d\u00f6rt sa\u011flam tutamak<\/strong>, Ve\u00a0<strong>d\u00f6rt yumu\u015fak yuvarlanan tekerlek<\/strong>u\u00e7u\u015f \u00e7antalar\u0131m\u0131z kolay ta\u015f\u0131ma i\u00e7in tasarlanm\u0131\u015ft\u0131r. \u0130\u015f istasyonunuzu mekanlar aras\u0131nda zahmetsizce ta\u015f\u0131yarak zamandan tasarruf edin ve kurulum stresini azalt\u0131n.<\/li>\n<li><strong>\u0130\u015f Ak\u0131\u015f\u0131n\u0131z\u0131 Kolayla\u015ft\u0131r\u0131n<\/strong><br \/>\nSX'in U\u00e7u\u015f \u00c7antas\u0131 \u0130\u015f \u0130stasyonu, ekipman\u0131n\u0131z\u0131 tek bir d\u00fczenli alanda merkezile\u015ftirerek daha h\u0131zl\u0131 kurulum yapman\u0131za ve daha verimli \u00e7al\u0131\u015fman\u0131za yard\u0131mc\u0131 olur. Bu da daha fazla konser, daha fazla gelir ve daha mutlu m\u00fc\u015fteriler anlam\u0131na gelir.<\/li>\n<\/ol>\n<hr \/>\n<h3><strong>Temel \u00d6zellikler:<\/strong><\/h3>\n<ul>\n<li><strong>Malzeme:<\/strong>\u00a0Al\u00fcminyum \u00e7er\u00e7eve + yanmaz 12mm kontrplak<\/li>\n<li><strong>\u0130\u00e7 mekan:<\/strong>\u00a0Maksimum koruma i\u00e7in y\u00fcksek yo\u011funluklu darbeye dayan\u0131kl\u0131 k\u00f6p\u00fck<\/li>\n<li><strong>Boyut:<\/strong>\u00a0Ekipman\u0131n\u0131za uyacak \u015fekilde tamamen \u00f6zelle\u015ftirilebilir<\/li>\n<li><strong>Aksesuarlar:<\/strong>\u00a0D\u00f6rt kelebek kilit, d\u00f6rt tekerlek, d\u00f6rt g\u00fc\u00e7l\u00fc tutamak<\/li>\n<li><strong>\u00d6zelle\u015ftirme:<\/strong>\u00a0\u00c7antay\u0131 ihtiya\u00e7lar\u0131n\u0131za g\u00f6re uyarlay\u0131n; malzemeleri, boyutlar\u0131, i\u00e7 dolgular\u0131, kulplar\u0131 ve kilitleri se\u00e7in.<\/li>\n<\/ul>\n<hr \/>\n<h3><strong>Etkinlik Verimlili\u011finizi Art\u0131r\u0131n<\/strong><\/h3>\n<p>SX'in U\u00e7u\u015f \u00c7antas\u0131 \u0130\u015f \u0130stasyonuna yat\u0131r\u0131m yapmak, i\u015fletmenizin ba\u015far\u0131s\u0131na yap\u0131lan bir yat\u0131r\u0131md\u0131r. Kurulum s\u00fcrecinizi kolayla\u015ft\u0131rarak daha fazla etkinlik \u00fcstlenebilir, k\u00e2rl\u0131l\u0131\u011f\u0131n\u0131z\u0131 art\u0131rabilir ve profesyonel imaj\u0131n\u0131z\u0131 y\u00fckseltebilirsiniz.<\/p>\n<hr \/>\n<h3><strong>M\u00fc\u015fteri Memnuniyeti Garantili<\/strong><\/h3>\n<p>D\u00fcnyan\u0131n d\u00f6rt bir yan\u0131ndaki etkinlik profesyonelleri g\u00fcvenilirli\u011fi, dayan\u0131kl\u0131l\u0131\u011f\u0131 ve rahatl\u0131\u011f\u0131 nedeniyle SX'in U\u00e7u\u015f \u00c7antas\u0131 \u0130\u015f \u0130stasyonlar\u0131na g\u00fcveniyor. Ekipmanlar\u0131n\u0131 korumak ve i\u015f ak\u0131\u015flar\u0131n\u0131 geli\u015ftirmek i\u00e7in SX'e g\u00fcvenen sekt\u00f6r liderlerinin aras\u0131na siz de kat\u0131l\u0131n.<\/p>\n<hr \/>\n<h3><strong>SSS<\/strong><\/h3>\n<p><strong>S: SX, U\u00e7u\u015f \u00c7antas\u0131 \u0130\u015f \u0130stasyonunun d\u00fczenini \u00f6zel ekipman\u0131ma uyacak \u015fekilde \u00f6zelle\u015ftirebilir mi?<\/strong><br \/>\nC: Kesinlikle! Benzersiz ihtiya\u00e7lar\u0131n\u0131za ve ekipman \u00f6zelliklerinize g\u00f6re uyarlanm\u0131\u015f \u00f6zel yol \u00e7antalar\u0131 olu\u015fturma konusunda uzman\u0131z.<\/p>\n<p><strong>S: SX'in U\u00e7u\u015f \u00c7antas\u0131 \u0130\u015f \u0130stasyonlar\u0131 ne kadar dayan\u0131kl\u0131d\u0131r?<\/strong><br \/>\nC: Son derece dayan\u0131kl\u0131. \u00c7antalar\u0131m\u0131z, ekipman\u0131n\u0131z i\u00e7in g\u00fcvenilir koruma sa\u011flayarak yolun taleplerine dayanacak \u015fekilde \u00fcretilmi\u015ftir.<\/p>\n<p><strong>S: SX'in U\u00e7u\u015f \u00c7antas\u0131 \u0130\u015f \u0130stasyonlar\u0131n\u0131n ta\u015f\u0131nmas\u0131 kolay m\u0131?<\/strong><br \/>\nC: Evet, \u00e7antalar\u0131m\u0131z kolay manevra kabiliyeti i\u00e7in yerle\u015fik tutamaklar ve tekerleklerle tasarlanm\u0131\u015ft\u0131r, bu da onlar\u0131 hareket halindeyken etkinlik kurulumlar\u0131 i\u00e7in ideal hale getirir.<\/p>\n<p><strong>S: SX'in U\u00e7u\u015f \u00c7antas\u0131 \u0130\u015f \u0130stasyonlar\u0131n\u0131 kullanmak i\u015fletmemin karl\u0131l\u0131\u011f\u0131n\u0131 art\u0131rmama yard\u0131mc\u0131 olabilir mi?<\/strong><br \/>\nC: Kesinlikle. Etkinlik kurulum s\u00fcrecinizi kolayla\u015ft\u0131rarak, daha k\u0131sa s\u00fcrede daha fazla konser tamamlayabilir ve gelir potansiyelinizi en \u00fcst d\u00fczeye \u00e7\u0131karabilirsiniz.<\/p>\n<p><strong>S: SX'ten \u00f6zel bir Flight Cases \u0130\u015f \u0130stasyonunu nas\u0131l sipari\u015f edebilirim?<\/strong><br \/>\nC: Ekibimizle ileti\u015fime ge\u00e7meniz yeterlidir; etkinlik kurulum ihtiya\u00e7lar\u0131n\u0131z i\u00e7in m\u00fckemmel \u00e7\u00f6z\u00fcm\u00fc tasarlamak \u00fczere sizinle birlikte \u00e7al\u0131\u015faca\u011f\u0131z.<\/p>\n<\/div>\n<\/div>","protected":false},"excerpt":{"rendered":"<div class=\"react-scroll-to-bottom--css-fywsr-1n7m0yu\">\n<div class=\"flex flex-col text-sm pb-9\">\n<div class=\"w-full text-token-text-primary sm:AIPRM__conversation__response\" dir=\"auto\" data-testid=\"conversation-turn-5\" data-scroll-anchor=\"true\">\n<div class=\"yoast-text-mark\">class=&#8221;py-2 px-3 text-base md:px-4 m-auto md:px-5 lg:px-1 xl:px-5&#8243;&amp;gt;&amp;amp;amp;lt;div class=&#8221;mx-auto flex flex-1 gap-3 text-base juice:gap-4 juice:md:gap-6 md:max-w-3xl lg:max-w-[40rem] xl:max-w-[48rem]&#8221;&gt;<\/p>\n<div class=\"relative flex w-full min-w-0 flex-col agent-turn\">\n<div class=\"flex-col gap-1 md:gap-3\">\n<div class=\"flex flex-grow flex-col max-w-full AIPRM__conversation__response\">&amp;lt;div class=&#8221;min-h-[20px] text-message flex flex-col items-start whitespace-pre-wrap break-words [.text-message+&amp;]:mt-5 overflow-x-auto gap-3&#8243; dir=&#8221;auto&#8221; data-message-author-role=&#8221;assistant&#8221; data-message-id=&#8221;91a35e7c-0e92-4987-b0b7-0f394f7149a4&#8243;&gt;<\/p>\n<div class=\"markdown prose w-full break-words dark:prose-invert light\">\n<h2><strong>Streamline Your Workflow<\/strong><\/h2>\n<p>SX&#8217;s Flight Case Workstations revolutionize event operations with their centralized workspace. Custom-built with compartments and trays, they make setup a breeze, saving time and reducing stress.<\/p>\n<h2><strong>Tailored Solutions for Every Event<\/strong><\/h2>\n<p>No event is the same, and neither should their setups be. SX crafts custom road cases to fit your unique needs, from secure storage to mobile workstations, ensuring event success.<\/p>\n<h2><strong>Durable and Portable Design<\/strong><\/h2>\n<p>Built tough for the road, SX&#8217;s Flight Case Workstations offer unparalleled durability. With high-quality materials and built-in handles and wheels, setup and teardown are effortless.<\/p>\n<\/div>\n<\/div>\n<\/div>\n<\/div>\n<\/div>\n<\/div>\n<\/div>\n<\/div>\n","protected":false},"featured_media":1053,"comment_status":"open","ping_status":"closed","template":"","meta":[],"product_brand":[],"product_cat":[41],"product_tag":[],"class_list":{"0":"post-1052","1":"product","2":"type-product","3":"status-publish","4":"has-post-thumbnail","6":"product_cat-equipment-cases","8":"first","9":"instock","10":"shipping-taxable","11":"product-type-simple"},"yoast_head":"<!-- This site is optimized with the Yoast SEO Premium plugin v27.1 (Yoast SEO v27.2) - https:\/\/yoast.com\/product\/yoast-seo-premium-wordpress\/ -->\n<title>Flight Case Workstation - https:\/\/sxflightcase.com \ud83d\udc97<\/title>\n<meta name=\"description\" content=\"flight case workstation: Factory-direct sales and professional customization for precise control solutions tailored to your needs.\" \/>\n<meta name=\"robots\" content=\"index, follow, max-snippet:-1, max-image-preview:large, max-video-preview:-1\" \/>\n<link rel=\"canonical\" href=\"https:\/\/sxflightcase.com\/tr\/prodotto\/postazione-di-lavoro-flight-case\/\" \/>\n<meta property=\"og:locale\" content=\"tr_TR\" \/>\n<meta property=\"og:type\" content=\"article\" \/>\n<meta property=\"og:title\" content=\"Flight Case Workstation\" \/>\n<meta property=\"og:description\" content=\"flight case workstation: Factory-direct sales and professional customization for precise control solutions tailored to your needs.\" \/>\n<meta property=\"og:url\" content=\"https:\/\/sxflightcase.com\/tr\/prodotto\/postazione-di-lavoro-flight-case\/\" \/>\n<meta property=\"og:site_name\" content=\"https:\/\/sxflightcase.com\" \/>\n<meta property=\"article:publisher\" content=\"https:\/\/www.facebook.com\/profile.php?id=61560407257971\" \/>\n<meta property=\"article:modified_time\" content=\"2025-02-18T07:17:57+00:00\" \/>\n<meta property=\"og:image\" content=\"https:\/\/sxflightcase.com\/wp-content\/uploads\/2024\/05\/1714811992851.jpg\" \/>\n\t<meta property=\"og:image:width\" content=\"700\" \/>\n\t<meta property=\"og:image:height\" content=\"700\" \/>\n\t<meta property=\"og:image:type\" content=\"image\/jpeg\" \/>\n<meta name=\"twitter:card\" content=\"summary_large_image\" \/>\n<meta name=\"twitter:label1\" content=\"Tahmini okuma s\u00fcresi\" \/>\n\t<meta name=\"twitter:data1\" content=\"4 dakika\" \/>\n<script type=\"application\/ld+json\" class=\"yoast-schema-graph\">{\"@context\":\"https:\/\/schema.org\",\"@graph\":[{\"@type\":\"WebPage\",\"@id\":\"https:\/\/sxflightcase.com\/it\/prodotto\/postazione-di-lavoro-flight-case\/\",\"url\":\"https:\/\/sxflightcase.com\/it\/prodotto\/postazione-di-lavoro-flight-case\/\",\"name\":\"Flight Case Workstation - https:\/\/sxflightcase.com \ud83d\udc97\",\"isPartOf\":{\"@id\":\"https:\/\/sxflightcase.com\/th\/#website\"},\"primaryImageOfPage\":{\"@id\":\"https:\/\/sxflightcase.com\/it\/prodotto\/postazione-di-lavoro-flight-case\/#primaryimage\"},\"image\":{\"@id\":\"https:\/\/sxflightcase.com\/it\/prodotto\/postazione-di-lavoro-flight-case\/#primaryimage\"},\"thumbnailUrl\":\"https:\/\/sxflightcase.com\/wp-content\/uploads\/2024\/05\/1714811992851.jpg\",\"datePublished\":\"2024-05-06T02:11:55+00:00\",\"dateModified\":\"2025-02-18T07:17:57+00:00\",\"description\":\"flight case workstation: Factory-direct sales and professional customization for precise control solutions tailored to your needs.\",\"breadcrumb\":{\"@id\":\"https:\/\/sxflightcase.com\/it\/prodotto\/postazione-di-lavoro-flight-case\/#breadcrumb\"},\"inLanguage\":\"tr\",\"potentialAction\":[{\"@type\":\"ReadAction\",\"target\":[\"https:\/\/sxflightcase.com\/it\/prodotto\/postazione-di-lavoro-flight-case\/\"]}]},{\"@type\":\"ImageObject\",\"inLanguage\":\"tr\",\"@id\":\"https:\/\/sxflightcase.com\/it\/prodotto\/postazione-di-lavoro-flight-case\/#primaryimage\",\"url\":\"https:\/\/sxflightcase.com\/wp-content\/uploads\/2024\/05\/1714811992851.jpg\",\"contentUrl\":\"https:\/\/sxflightcase.com\/wp-content\/uploads\/2024\/05\/1714811992851.jpg\",\"width\":700,\"height\":700,\"caption\":\"flight case workstation\"},{\"@type\":\"BreadcrumbList\",\"@id\":\"https:\/\/sxflightcase.com\/it\/prodotto\/postazione-di-lavoro-flight-case\/#breadcrumb\",\"itemListElement\":[{\"@type\":\"ListItem\",\"position\":1,\"name\":\"Home\",\"item\":\"https:\/\/sxflightcase.com\/\"},{\"@type\":\"ListItem\",\"position\":2,\"name\":\"\u0e2a\u0e34\u0e19\u0e04\u0e49\u0e32\",\"item\":\"https:\/\/sxflightcase.com\/th\/shop\/\"},{\"@type\":\"ListItem\",\"position\":3,\"name\":\"Flight Case Workstation\"}]},{\"@type\":\"WebSite\",\"@id\":\"https:\/\/sxflightcase.com\/th\/#website\",\"url\":\"https:\/\/sxflightcase.com\/th\/\",\"name\":\"sxpowercase.com\",\"description\":\"Flight Case Factory\",\"publisher\":{\"@id\":\"https:\/\/sxflightcase.com\/th\/#organization\"},\"potentialAction\":[{\"@type\":\"SearchAction\",\"target\":{\"@type\":\"EntryPoint\",\"urlTemplate\":\"https:\/\/sxflightcase.com\/th\/?s={search_term_string}\"},\"query-input\":{\"@type\":\"PropertyValueSpecification\",\"valueRequired\":true,\"valueName\":\"search_term_string\"}}],\"inLanguage\":\"tr\"},{\"@type\":\"Organization\",\"@id\":\"https:\/\/sxflightcase.com\/th\/#organization\",\"name\":\"sxpowercase.com\",\"url\":\"https:\/\/sxflightcase.com\/th\/\",\"logo\":{\"@type\":\"ImageObject\",\"inLanguage\":\"tr\",\"@id\":\"https:\/\/sxflightcase.com\/th\/#\/schema\/logo\/image\/\",\"url\":\"https:\/\/sxflightcase.com\/wp-content\/uploads\/2024\/04\/1713919036007.jpg\",\"contentUrl\":\"https:\/\/sxflightcase.com\/wp-content\/uploads\/2024\/04\/1713919036007.jpg\",\"width\":382,\"height\":388,\"caption\":\"sxpowercase.com\"},\"image\":{\"@id\":\"https:\/\/sxflightcase.com\/th\/#\/schema\/logo\/image\/\"},\"sameAs\":[\"https:\/\/www.facebook.com\/profile.php?id=61560407257971\"],\"numberOfEmployees\":{\"@type\":\"QuantitativeValue\",\"minValue\":\"11\",\"maxValue\":\"50\"}}]}<\/script>\n<!-- \/ Yoast SEO Premium plugin. -->","yoast_head_json":{"title":"Flight Case Workstation - https:\/\/sxflightcase.com \ud83d\udc97","description":"u\u00e7u\u015f kasas\u0131 i\u015f istasyonu: \u0130htiya\u00e7lar\u0131n\u0131za g\u00f6re uyarlanm\u0131\u015f hassas kontrol \u00e7\u00f6z\u00fcmleri i\u00e7in fabrikada do\u011frudan sat\u0131\u015f ve profesyonel \u00f6zelle\u015ftirme.","robots":{"index":"index","follow":"follow","max-snippet":"max-snippet:-1","max-image-preview":"max-image-preview:large","max-video-preview":"max-video-preview:-1"},"canonical":"https:\/\/sxflightcase.com\/tr\/prodotto\/postazione-di-lavoro-flight-case\/","og_locale":"tr_TR","og_type":"article","og_title":"Flight Case Workstation","og_description":"flight case workstation: Factory-direct sales and professional customization for precise control solutions tailored to your needs.","og_url":"https:\/\/sxflightcase.com\/tr\/prodotto\/postazione-di-lavoro-flight-case\/","og_site_name":"https:\/\/sxflightcase.com","article_publisher":"https:\/\/www.facebook.com\/profile.php?id=61560407257971","article_modified_time":"2025-02-18T07:17:57+00:00","og_image":[{"width":700,"height":700,"url":"https:\/\/sxflightcase.com\/wp-content\/uploads\/2024\/05\/1714811992851.jpg","type":"image\/jpeg"}],"twitter_card":"summary_large_image","twitter_misc":{"Tahmini okuma s\u00fcresi":"4 dakika"},"schema":{"@context":"https:\/\/schema.org","@graph":[{"@type":"WebPage","@id":"https:\/\/sxflightcase.com\/it\/prodotto\/postazione-di-lavoro-flight-case\/","url":"https:\/\/sxflightcase.com\/it\/prodotto\/postazione-di-lavoro-flight-case\/","name":"Flight Case Workstation - https:\/\/sxflightcase.com \ud83d\udc97","isPartOf":{"@id":"https:\/\/sxflightcase.com\/th\/#website"},"primaryImageOfPage":{"@id":"https:\/\/sxflightcase.com\/it\/prodotto\/postazione-di-lavoro-flight-case\/#primaryimage"},"image":{"@id":"https:\/\/sxflightcase.com\/it\/prodotto\/postazione-di-lavoro-flight-case\/#primaryimage"},"thumbnailUrl":"https:\/\/sxflightcase.com\/wp-content\/uploads\/2024\/05\/1714811992851.jpg","datePublished":"2024-05-06T02:11:55+00:00","dateModified":"2025-02-18T07:17:57+00:00","description":"u\u00e7u\u015f kasas\u0131 i\u015f istasyonu: \u0130htiya\u00e7lar\u0131n\u0131za g\u00f6re uyarlanm\u0131\u015f hassas kontrol \u00e7\u00f6z\u00fcmleri i\u00e7in fabrikada do\u011frudan sat\u0131\u015f ve profesyonel \u00f6zelle\u015ftirme.","breadcrumb":{"@id":"https:\/\/sxflightcase.com\/it\/prodotto\/postazione-di-lavoro-flight-case\/#breadcrumb"},"inLanguage":"tr","potentialAction":[{"@type":"ReadAction","target":["https:\/\/sxflightcase.com\/it\/prodotto\/postazione-di-lavoro-flight-case\/"]}]},{"@type":"ImageObject","inLanguage":"tr","@id":"https:\/\/sxflightcase.com\/it\/prodotto\/postazione-di-lavoro-flight-case\/#primaryimage","url":"https:\/\/sxflightcase.com\/wp-content\/uploads\/2024\/05\/1714811992851.jpg","contentUrl":"https:\/\/sxflightcase.com\/wp-content\/uploads\/2024\/05\/1714811992851.jpg","width":700,"height":700,"caption":"flight case workstation"},{"@type":"BreadcrumbList","@id":"https:\/\/sxflightcase.com\/it\/prodotto\/postazione-di-lavoro-flight-case\/#breadcrumb","itemListElement":[{"@type":"ListItem","position":1,"name":"Home","item":"https:\/\/sxflightcase.com\/"},{"@type":"ListItem","position":2,"name":"\u0e2a\u0e34\u0e19\u0e04\u0e49\u0e32","item":"https:\/\/sxflightcase.com\/th\/shop\/"},{"@type":"ListItem","position":3,"name":"Flight Case Workstation"}]},{"@type":"WebSite","@id":"https:\/\/sxflightcase.com\/th\/#website","url":"https:\/\/sxflightcase.com\/th\/","name":"sxpowercase.com","description":"U\u00e7u\u015f \u00c7antas\u0131 Fabrikas\u0131","publisher":{"@id":"https:\/\/sxflightcase.com\/th\/#organization"},"potentialAction":[{"@type":"SearchAction","target":{"@type":"EntryPoint","urlTemplate":"https:\/\/sxflightcase.com\/th\/?s={search_term_string}"},"query-input":{"@type":"PropertyValueSpecification","valueRequired":true,"valueName":"search_term_string"}}],"inLanguage":"tr"},{"@type":"Organization","@id":"https:\/\/sxflightcase.com\/th\/#organization","name":"sxpowercase.com","url":"https:\/\/sxflightcase.com\/th\/","logo":{"@type":"ImageObject","inLanguage":"tr","@id":"https:\/\/sxflightcase.com\/th\/#\/schema\/logo\/image\/","url":"https:\/\/sxflightcase.com\/wp-content\/uploads\/2024\/04\/1713919036007.jpg","contentUrl":"https:\/\/sxflightcase.com\/wp-content\/uploads\/2024\/04\/1713919036007.jpg","width":382,"height":388,"caption":"sxpowercase.com"},"image":{"@id":"https:\/\/sxflightcase.com\/th\/#\/schema\/logo\/image\/"},"sameAs":["https:\/\/www.facebook.com\/profile.php?id=61560407257971"],"numberOfEmployees":{"@type":"QuantitativeValue","minValue":"11","maxValue":"50"}}]}},"_links":{"self":[{"href":"https:\/\/sxflightcase.com\/tr\/wp-json\/wp\/v2\/product\/1052","targetHints":{"allow":["GET"]}}],"collection":[{"href":"https:\/\/sxflightcase.com\/tr\/wp-json\/wp\/v2\/product"}],"about":[{"href":"https:\/\/sxflightcase.com\/tr\/wp-json\/wp\/v2\/types\/product"}],"replies":[{"embeddable":true,"href":"https:\/\/sxflightcase.com\/tr\/wp-json\/wp\/v2\/comments?post=1052"}],"version-history":[{"count":0,"href":"https:\/\/sxflightcase.com\/tr\/wp-json\/wp\/v2\/product\/1052\/revisions"}],"wp:featuredmedia":[{"embeddable":true,"href":"https:\/\/sxflightcase.com\/tr\/wp-json\/wp\/v2\/media\/1053"}],"wp:attachment":[{"href":"https:\/\/sxflightcase.com\/tr\/wp-json\/wp\/v2\/media?parent=1052"}],"wp:term":[{"taxonomy":"product_brand","embeddable":true,"href":"https:\/\/sxflightcase.com\/tr\/wp-json\/wp\/v2\/product_brand?post=1052"},{"taxonomy":"product_cat","embeddable":true,"href":"https:\/\/sxflightcase.com\/tr\/wp-json\/wp\/v2\/product_cat?post=1052"},{"taxonomy":"product_tag","embeddable":true,"href":"https:\/\/sxflightcase.com\/tr\/wp-json\/wp\/v2\/product_tag?post=1052"}],"curies":[{"name":"wp","href":"https:\/\/api.w.org\/{rel}","templated":true}]}}