{"id":1063,"date":"2024-05-06T04:41:12","date_gmt":"2024-05-06T03:41:12","guid":{"rendered":"https:\/\/sxpowercase.com\/?post_type=product&#038;p=1063"},"modified":"2025-09-16T01:04:00","modified_gmt":"2025-09-16T08:04:00","slug":"midas-m32-case","status":"publish","type":"product","link":"https:\/\/sxflightcase.com\/tr\/urun\/raf-ucus-kasasi-fabrikasi\/","title":{"rendered":"Midas M32 Kasa Fabrikas\u0131"},"content":{"rendered":"<h2 data-start=\"416\" data-end=\"488\">Midas M32 K\u0131l\u0131f - Ekipmanlar\u0131n\u0131z\u0131 Premium U\u00e7u\u015f K\u0131l\u0131f\u0131 \u00c7\u00f6z\u00fcmleriyle Koruyun<\/h2>\n<h3 data-start=\"490\" data-end=\"536\"><strong data-start=\"494\" data-end=\"536\">Neden SX'in Midas M32 Kasas\u0131n\u0131 Se\u00e7melisiniz?<\/strong><\/h3>\n<p data-start=\"538\" data-end=\"896\">De\u011ferli Midas M32 ekipman\u0131n\u0131z\u0131 ta\u015f\u0131rken koruma her \u015feyden \u00f6nemlidir. Bu <strong data-start=\"620\" data-end=\"638\">Midas M32 Kasa<\/strong> SX, seyahat s\u0131ras\u0131nda ekipmanlar\u0131n\u0131z\u0131n g\u00fcvende ve emniyette kalmas\u0131n\u0131 sa\u011flamak i\u00e7in m\u00fckemmel bir \u00e7\u00f6z\u00fcmd\u00fcr. A\u015fa\u011f\u0131dakiler gibi birinci s\u0131n\u0131f malzemelerle \u00fcretilmi\u015ftir <strong data-start=\"766\" data-end=\"785\">al\u00fcmi\u0307nyum \u00e7er\u00e7eveler<\/strong> Ve <strong data-start=\"790\" data-end=\"815\">yanmaz 9mm kontrplak<\/strong>k\u0131l\u0131f\u0131m\u0131z, Midas M32'nizin yolda ihtiya\u00e7 duydu\u011fu dayan\u0131kl\u0131l\u0131\u011f\u0131 ve g\u00fcvenli\u011fi garanti eder.<\/p>\n<h3 data-start=\"898\" data-end=\"949\"><strong data-start=\"902\" data-end=\"949\">E\u015fsiz Kalite ve \u00d6zelle\u015ftirme Se\u00e7enekleri<\/strong><\/h3>\n<p data-start=\"951\" data-end=\"1466\">SX olarak, ola\u011fan\u00fcst\u00fc u\u00e7u\u015f \u00e7antas\u0131 \u00e7\u00f6z\u00fcmleri sunmam\u0131zla tan\u0131n\u0131yoruz. G\u00fcvenilir bir <strong data-start=\"1034\" data-end=\"1060\">Midas M32 Kasa fabrikas\u0131<\/strong>ekipman\u0131n\u0131z i\u00e7in \u00f6zel koruma sa\u011flama konusunda uzman\u0131z. \u00c7antalar\u0131m\u0131z \u015fu \u00f6zelliklerle \u00fcretilmi\u015ftir <strong data-start=\"1154\" data-end=\"1186\">y\u00fcksek yo\u011funluklu darbeye dayan\u0131kl\u0131 k\u00f6p\u00fck<\/strong> Midas M32'nizi darbelere, d\u00fc\u015fmelere ve d\u0131\u015f bas\u0131nca kar\u015f\u0131 korumak i\u00e7in. \u015eunlardan birini se\u00e7in <strong data-start=\"1266\" data-end=\"1282\">\u00f6zel \u00f6l\u00e7\u00fcler<\/strong>malzemeler ve \u00f6zel ihtiya\u00e7lar\u0131n\u0131za uygun i\u00e7 konfig\u00fcrasyonlar. Ayr\u0131ca \u00e7antan\u0131z\u0131 m\u00fcmk\u00fcn oldu\u011funca i\u015flevsel ve g\u00fcvenli hale getirmek i\u00e7in \u00e7e\u015fitli kulplar, kilitler ve aksesuarlar sunuyoruz.<\/p>\n<h3 data-start=\"1468\" data-end=\"1513\"><strong data-start=\"1472\" data-end=\"1513\">Ekipmanlar\u0131n\u0131z i\u00e7in \u00d6zel \u00c7\u00f6z\u00fcmler<\/strong><\/h3>\n<p data-start=\"1515\" data-end=\"1913\">Her ekipman par\u00e7as\u0131n\u0131n benzersiz oldu\u011funu biliyoruz, bu nedenle \u015funlar\u0131 sunuyoruz <strong data-start=\"1591\" data-end=\"1611\">\u00f6zel \u00e7\u00f6z\u00fcmler<\/strong> Midas M32 kasan\u0131z i\u00e7in. \u0130ster bir <strong data-start=\"1656\" data-end=\"1678\">\u00f6zel boyut<\/strong> veya <strong data-start=\"1682\" data-end=\"1706\">uzmanla\u015fm\u0131\u015f i\u00e7 mekan<\/strong> tasar\u0131m\u0131nda, k\u0131l\u0131f\u0131n gereksinimlerinizi tam olarak kar\u015f\u0131lad\u0131\u011f\u0131ndan emin olmak i\u00e7in sizinle yak\u0131n i\u015fbirli\u011fi i\u00e7inde \u00e7al\u0131\u015f\u0131yoruz. Uzman ekibimiz Midas M32'niz i\u00e7in m\u00fckemmel bir uyum sa\u011flamaya ve ta\u015f\u0131ma s\u0131ras\u0131nda maksimum koruma sa\u011flamaya kararl\u0131d\u0131r.<\/p>\n<h3 data-start=\"1915\" data-end=\"1967\"><strong data-start=\"1919\" data-end=\"1967\">Dayan\u0131kl\u0131 ve G\u00fcvenilir - Yol i\u00e7in Tasarland\u0131<\/strong><\/h3>\n<p data-start=\"1969\" data-end=\"2318\">ile <strong data-start=\"1974\" data-end=\"1998\">d\u00f6rt kelebek kilit<\/strong>, <strong data-start=\"2000\" data-end=\"2023\">d\u00f6rt g\u00fc\u00e7l\u00fc tutamak<\/strong>, Ve <strong data-start=\"2029\" data-end=\"2044\">d\u00f6rt tekerlek<\/strong> Kolay ta\u015f\u0131ma i\u00e7in SX'in Midas M32 \u00c7antas\u0131, seyahatlerinizi sorunsuz hale getirmek i\u00e7in tasarlanm\u0131\u015ft\u0131r. Dayan\u0131kl\u0131 yap\u0131s\u0131 Midas M32 ekipman\u0131n\u0131z\u0131n gidece\u011fi yere en iyi durumda ula\u015fmas\u0131n\u0131 sa\u011flarken, pratik tasar\u0131m\u0131 da \u00e7antay\u0131 ta\u015f\u0131may\u0131 ve manevra yapmay\u0131 kolayla\u015ft\u0131r\u0131r.<\/p>\n<h3 data-start=\"2320\" data-end=\"2366\"><strong data-start=\"2324\" data-end=\"2366\">H\u0131zl\u0131 Geri D\u00f6n\u00fc\u015f ve Uygun Fiyatland\u0131rma<\/strong><\/h3>\n<p data-start=\"2368\" data-end=\"2651\">SX olarak, en \u00fcst d\u00fczey \u00fcr\u00fcnleri h\u0131zl\u0131 geri d\u00f6n\u00fc\u015f s\u00fcreleriyle sunmaktan gurur duyuyoruz. Beklenti <strong data-start=\"2462\" data-end=\"2482\">3-5 i\u015f g\u00fcn\u00fc<\/strong> numuneler i\u00e7in ve <strong data-start=\"2499\" data-end=\"2521\">15-20 i\u015f g\u00fcn\u00fc<\/strong> resmi sipari\u015fler i\u00e7in. Ayr\u0131ca, en kaliteli u\u00e7u\u015f \u00e7antalar\u0131na yapt\u0131\u011f\u0131n\u0131z yat\u0131r\u0131m\u0131n kar\u015f\u0131l\u0131\u011f\u0131n\u0131 en iyi \u015fekilde alabilmeniz i\u00e7in rekabet\u00e7i fiyatland\u0131rma sa\u011fl\u0131yoruz.<\/p>\n<h3 data-start=\"2653\" data-end=\"2701\"><strong data-start=\"2657\" data-end=\"2701\">G\u00fcvenilir Midas M32 Kasa \u00dcreticiniz<\/strong><\/h3>\n<p data-start=\"2703\" data-end=\"3075\">Lider bir \u015firket olarak <strong data-start=\"2716\" data-end=\"2747\">Midas M32 Kasa \u00fcreticisi<\/strong>SX, a\u015fa\u011f\u0131dakilere odaklanmas\u0131yla \u00f6ne \u00e7\u0131k\u0131yor <strong data-start=\"2780\" data-end=\"2833\">kali\u0307te, \u00f6zelle\u015fti\u0307rme ve m\u00fc\u015fteri\u0307 memnuni\u0307yeti\u0307<\/strong>. Seyahat s\u0131ras\u0131nda g\u00f6n\u00fcl rahatl\u0131\u011f\u0131 sa\u011flayan dayan\u0131kl\u0131, g\u00fcvenilir ve profesyonelce tasarlanm\u0131\u015f k\u0131l\u0131flar \u00fcretme konusunda bir itibar olu\u015fturduk. SX'i se\u00e7ti\u011finizde, Midas M32'nizi ve di\u011fer temel ekipmanlar\u0131n\u0131z\u0131 korumak i\u00e7in g\u00fcvenilir bir ortak se\u00e7mi\u015f olursunuz.<\/p>\n<h3 data-start=\"3077\" data-end=\"3119\"><strong data-start=\"3081\" data-end=\"3119\">M32 K\u0131l\u0131f\u0131n Temel \u00d6zellikleri<\/strong><\/h3>\n<ul data-start=\"3121\" data-end=\"3525\">\n<li data-start=\"3121\" data-end=\"3175\"><strong data-start=\"3123\" data-end=\"3136\">Malzeme:<\/strong> Al\u00fcminyum \u00e7er\u00e7eve + yanmaz 9mm kontrplak<\/li>\n<li data-start=\"3176\" data-end=\"3220\"><strong data-start=\"3178\" data-end=\"3191\">\u0130\u00e7 mekan:<\/strong> Y\u00fcksek yo\u011funluklu darbeye dayan\u0131kl\u0131 k\u00f6p\u00fck<\/li>\n<li data-start=\"3221\" data-end=\"3294\"><strong data-start=\"3223\" data-end=\"3241\">\u00d6zelle\u015ftirme:<\/strong> Boyut, malzemeler, i\u00e7 dolgu, kulplar, kilitler, vb.<\/li>\n<li data-start=\"3295\" data-end=\"3348\"><strong data-start=\"3297\" data-end=\"3309\">Paketleme:<\/strong> G\u00fcvenli teslimat i\u00e7in balonlu ambalaj + karton<\/li>\n<li data-start=\"3349\" data-end=\"3384\"><strong data-start=\"3351\" data-end=\"3367\">\u00d6rnekleme zaman\u0131:<\/strong> 3-5 i\u015f g\u00fcn\u00fc<\/li>\n<li data-start=\"3385\" data-end=\"3428\"><strong data-start=\"3387\" data-end=\"3409\">Resmi Sipari\u015f Zaman\u0131:<\/strong> 15-20 i\u015f g\u00fcn\u00fc<\/li>\n<li data-start=\"3429\" data-end=\"3525\"><strong data-start=\"3431\" data-end=\"3447\">Aksesuarlar:<\/strong> Kolay ta\u015f\u0131ma i\u00e7in d\u00f6rt kelebek kilit, d\u00f6rt tekerlek ve d\u00f6rt g\u00fc\u00e7l\u00fc tutamak<\/li>\n<\/ul>\n<h3 data-start=\"3527\" data-end=\"3549\"><strong data-start=\"3531\" data-end=\"3549\">Neden SX&#039;i Se\u00e7melisiniz?<\/strong><\/h3>\n<ul data-start=\"3551\" data-end=\"3820\">\n<li data-start=\"3551\" data-end=\"3615\"><strong data-start=\"3553\" data-end=\"3570\">\u00d6zel Tasar\u0131m<\/strong>: Midas M32 kasan\u0131z i\u00e7in \u00f6zel \u00e7\u00f6z\u00fcmler.<\/li>\n<li data-start=\"3616\" data-end=\"3675\"><strong data-start=\"3618\" data-end=\"3633\">G\u00fcvenilirlik<\/strong>: Seyahatin zorluklar\u0131na dayanacak \u015fekilde \u00fcretilmi\u015ftir.<\/li>\n<li data-start=\"3676\" data-end=\"3733\"><strong data-start=\"3678\" data-end=\"3692\">Yeterlik<\/strong>: H\u0131zl\u0131 \u00fcretim ve sevkiyat zaman \u00e7izelgeleri.<\/li>\n<li data-start=\"3734\" data-end=\"3820\"><strong data-start=\"3736\" data-end=\"3761\">M\u00fc\u015fteri Memnuniyeti<\/strong>: \u0130htiya\u00e7lar\u0131n\u0131za \u00f6ncelik veriyor ve ola\u011fan\u00fcst\u00fc hizmet sunuyoruz.<iframe title=\"Midas M32 Case\u2764\ufe0f\" width=\"563\" height=\"1000\" src=\"https:\/\/www.youtube.com\/embed\/_wQN6XUntyY?feature=oembed\" frameborder=\"0\" allow=\"accelerometer; autoplay; clipboard-write; encrypted-media; gyroscope; picture-in-picture; web-share\" referrerpolicy=\"strict-origin-when-cross-origin\" allowfullscreen><\/iframe><\/li>\n<\/ul>\n<h3 data-start=\"3822\" data-end=\"3859\"><strong data-start=\"3826\" data-end=\"3859\">M32 K\u0131l\u0131f\u0131 Hakk\u0131nda SSS<\/strong><\/h3>\n<p data-start=\"3861\" data-end=\"4028\"><strong data-start=\"3861\" data-end=\"3933\">S: SX, M32 kasas\u0131n\u0131 belirli ekipman boyutlar\u0131 i\u00e7in \u00f6zelle\u015ftirebilir mi?<\/strong><br data-start=\"3933\" data-end=\"3936\" \/><strong data-start=\"3936\" data-end=\"3942\">A:<\/strong> Evet! Ekipman\u0131n\u0131z\u0131n boyutlar\u0131na ve \u00f6zelliklerine g\u00f6re \u00f6zelle\u015ftirmeler sunuyoruz.<\/p>\n<p data-start=\"4030\" data-end=\"4178\"><strong data-start=\"4030\" data-end=\"4071\">S: M32 kasas\u0131 ne kadar dayan\u0131kl\u0131?<\/strong><br data-start=\"4071\" data-end=\"4074\" \/><strong data-start=\"4074\" data-end=\"4080\">A:<\/strong> \u00c7antam\u0131z, maksimum koruma i\u00e7in g\u00fc\u00e7lendirilmi\u015f malzemelerle a\u011f\u0131r seyahatlere dayanacak \u015fekilde tasarlanm\u0131\u015ft\u0131r.<\/p>\n<p data-start=\"4180\" data-end=\"4328\"><strong data-start=\"4180\" data-end=\"4238\">S: SX, M32 kasalar\u0131 i\u00e7in toplu sipari\u015fleri kar\u015f\u0131layabilir mi?<\/strong><br data-start=\"4238\" data-end=\"4241\" \/><strong data-start=\"4241\" data-end=\"4247\">A:<\/strong> Evet, toplu sipari\u015flerin \u00fcstesinden gelebilir ve i\u015fletmeniz i\u00e7in \u00f6zel \u00e7\u00f6z\u00fcmler sunabiliriz.<\/p>\n<p data-start=\"4330\" data-end=\"4456\"><strong data-start=\"4330\" data-end=\"4387\">S: M32 kasas\u0131 i\u00e7in garanti kapsam\u0131 var m\u0131?<\/strong><br data-start=\"4387\" data-end=\"4390\" \/><strong data-start=\"4390\" data-end=\"4396\">A:<\/strong> Evet, k\u0131l\u0131flar\u0131m\u0131z i\u00e7inizin rahat olmas\u0131 i\u00e7in garantilidir.<\/p>\n<p data-start=\"4458\" data-end=\"4634\"><strong data-start=\"4458\" data-end=\"4521\">S: M32 k\u0131l\u0131f\u0131 i\u00e7in SX'e nas\u0131l sipari\u015f verebilirim?<\/strong><br data-start=\"4521\" data-end=\"4524\" \/><strong data-start=\"4524\" data-end=\"4530\">A:<\/strong> \u0130htiya\u00e7lar\u0131n\u0131z\u0131 g\u00f6r\u00fc\u015fmek i\u00e7in ekibimizle ileti\u015fime ge\u00e7meniz yeterlidir; sipari\u015f s\u00fcrecinde size rehberlik edece\u011fiz.<\/p>\n<h3 data-start=\"4636\" data-end=\"4694\"><strong data-start=\"4640\" data-end=\"4694\">SX ile Koruma ve \u0130\u015f Potansiyelini En \u00dcst D\u00fczeye \u00c7\u0131kar\u0131n<\/strong><\/h3>\n<p data-start=\"4696\" data-end=\"5045\">SX'lere Yat\u0131r\u0131m Yapmak <strong data-start=\"4714\" data-end=\"4732\">M32 \u00c7antas\u0131<\/strong> sadece ekipman\u0131n\u0131z\u0131 korumakla kalmaz, ayn\u0131 zamanda profesyonel imaj\u0131n\u0131z\u0131 da geli\u015ftirir. De\u011ferli ekipmanlar\u0131n\u0131z i\u00e7in en \u00fcst d\u00fczeyde koruma sa\u011flama konusunda SX'e g\u00fcvenin. \u0130ster turnede olun, ister bir etkinlikte performans sergileyin ya da i\u015f i\u00e7in seyahat ediyor olun, Midas M32 Case ekipman\u0131n\u0131z\u0131n g\u00fcvenli ve harekete haz\u0131r bir \u015fekilde ula\u015fmas\u0131n\u0131 sa\u011flar.<\/p>\n<p data-start=\"5047\" data-end=\"5154\">Daha fazla bilgi almak veya sipari\u015f vermek i\u00e7in <a href=\"https:\/\/sxpowercase.com\/contact-us\/\" target=\"_new\" rel=\"noopener\" data-start=\"5102\" data-end=\"5153\">ileti\u015fim sayfas\u0131<\/a>.<\/p>","protected":false},"excerpt":{"rendered":"<h2><strong>Kalite G\u00fcvencesi Garantili<\/strong>&lt;\/h2&gt;<\/h2>\n<p>\u00d6nde gelen bir u\u00e7u\u015f \u00e7antas\u0131 \u00fcreticisi olan SX, seyahatlerinizde ekipmanlar\u0131n\u0131z i\u00e7in maksimum koruma sa\u011flayan, birinci s\u0131n\u0131f malzemeler ve son teknoloji kullan\u0131larak \u00fcretilen en kaliteli raf u\u00e7u\u015f \u00e7antalar\u0131n\u0131 sunar.<\/p>\n<h2><strong>Ekipmanlar\u0131n\u0131z i\u00e7in \u00d6zel \u00c7\u00f6z\u00fcmler<\/strong><\/h2>\n<p>SX, ekipman\u0131n\u0131z i\u00e7in m\u00fckemmel uyumu garantileyen \u00f6zel gereksinimlerinize g\u00f6re uyarlanm\u0131\u015f \u00f6zel raf u\u00e7u\u015f kasalar\u0131 sunar. Ekipman koruma ihtiya\u00e7lar\u0131n\u0131z i\u00e7in ideal \u00e7\u00f6z\u00fcm\u00fc tasarlamak \u00fczere bizimle ortak olun.<\/p>\n<h2><strong>Uzmanl\u0131k ve G\u00fcvenilirlik<\/strong><\/h2>\n<p>Yol kasas\u0131 \u00fcretiminde onlarca y\u0131ll\u0131k deneyime sahip olan SX, de\u011ferli ekipmanlar\u0131n\u0131z\u0131 korumak i\u00e7in g\u00fcvendi\u011finiz orta\u011f\u0131n\u0131zd\u0131r. Kaliteye, g\u00fcvenilirli\u011fe ve m\u00fc\u015fteri memnuniyetine olan ba\u011fl\u0131l\u0131\u011f\u0131m\u0131z bizi sekt\u00f6rde farkl\u0131 k\u0131lar.<\/p>","protected":false},"featured_media":7645,"comment_status":"open","ping_status":"closed","template":"","meta":[],"product_brand":[],"product_cat":[41],"product_tag":[],"class_list":{"0":"post-1063","1":"product","2":"type-product","3":"status-publish","4":"has-post-thumbnail","6":"product_cat-equipment-cases","8":"first","9":"instock","10":"shipping-taxable","11":"product-type-simple"},"yoast_head":"<!-- This site is optimized with the Yoast SEO Premium plugin v27.1 (Yoast SEO v27.2) - https:\/\/yoast.com\/product\/yoast-seo-premium-wordpress\/ -->\n<title>Midas M32 Case Factory - https:\/\/sxflightcase.com \ud83d\udc97<\/title>\n<meta name=\"description\" content=\"Midas M32 Case Factory: Specializing in direct sales and professional customization for premium equipment protection solutions.\" \/>\n<meta name=\"robots\" content=\"index, follow, max-snippet:-1, max-image-preview:large, max-video-preview:-1\" \/>\n<link rel=\"canonical\" href=\"https:\/\/sxflightcase.com\/tr\/produkt\/rack-flightcase-fabrik\/\" \/>\n<meta property=\"og:locale\" content=\"tr_TR\" \/>\n<meta property=\"og:type\" content=\"article\" \/>\n<meta property=\"og:title\" content=\"Midas M32 Case Factory\" \/>\n<meta property=\"og:description\" content=\"Midas M32 Case Factory: Specializing in direct sales and professional customization for premium equipment protection solutions.\" \/>\n<meta property=\"og:url\" content=\"https:\/\/sxflightcase.com\/tr\/produkt\/rack-flightcase-fabrik\/\" \/>\n<meta property=\"og:site_name\" content=\"https:\/\/sxflightcase.com\" \/>\n<meta property=\"article:publisher\" content=\"https:\/\/www.facebook.com\/profile.php?id=61560407257971\" \/>\n<meta property=\"article:modified_time\" content=\"2025-09-16T08:04:00+00:00\" \/>\n<meta property=\"og:image\" content=\"https:\/\/sxflightcase.com\/wp-content\/uploads\/2024\/05\/e19ee469-b0d3-4b48-96b6-c465aa5df5b1.jpg\" \/>\n\t<meta property=\"og:image:width\" content=\"800\" \/>\n\t<meta property=\"og:image:height\" content=\"800\" \/>\n\t<meta property=\"og:image:type\" content=\"image\/jpeg\" \/>\n<meta name=\"twitter:card\" content=\"summary_large_image\" \/>\n<meta name=\"twitter:label1\" content=\"Tahmini okuma s\u00fcresi\" \/>\n\t<meta name=\"twitter:data1\" content=\"4 dakika\" \/>\n<script type=\"application\/ld+json\" class=\"yoast-schema-graph\">{\"@context\":\"https:\/\/schema.org\",\"@graph\":[{\"@type\":\"WebPage\",\"@id\":\"https:\/\/sxflightcase.com\/de\/produkt\/rack-flightcase-fabrik\/\",\"url\":\"https:\/\/sxflightcase.com\/de\/produkt\/rack-flightcase-fabrik\/\",\"name\":\"Midas M32 Case Factory - https:\/\/sxflightcase.com \ud83d\udc97\",\"isPartOf\":{\"@id\":\"https:\/\/sxflightcase.com\/th\/#website\"},\"primaryImageOfPage\":{\"@id\":\"https:\/\/sxflightcase.com\/de\/produkt\/rack-flightcase-fabrik\/#primaryimage\"},\"image\":{\"@id\":\"https:\/\/sxflightcase.com\/de\/produkt\/rack-flightcase-fabrik\/#primaryimage\"},\"thumbnailUrl\":\"https:\/\/sxflightcase.com\/wp-content\/uploads\/2024\/05\/e19ee469-b0d3-4b48-96b6-c465aa5df5b1.jpg\",\"datePublished\":\"2024-05-06T03:41:12+00:00\",\"dateModified\":\"2025-09-16T08:04:00+00:00\",\"description\":\"Midas M32 Case Factory: Specializing in direct sales and professional customization for premium equipment protection solutions.\",\"breadcrumb\":{\"@id\":\"https:\/\/sxflightcase.com\/de\/produkt\/rack-flightcase-fabrik\/#breadcrumb\"},\"inLanguage\":\"tr\",\"potentialAction\":[{\"@type\":\"ReadAction\",\"target\":[\"https:\/\/sxflightcase.com\/de\/produkt\/rack-flightcase-fabrik\/\"]}]},{\"@type\":\"ImageObject\",\"inLanguage\":\"tr\",\"@id\":\"https:\/\/sxflightcase.com\/de\/produkt\/rack-flightcase-fabrik\/#primaryimage\",\"url\":\"https:\/\/sxflightcase.com\/wp-content\/uploads\/2024\/05\/e19ee469-b0d3-4b48-96b6-c465aa5df5b1.jpg\",\"contentUrl\":\"https:\/\/sxflightcase.com\/wp-content\/uploads\/2024\/05\/e19ee469-b0d3-4b48-96b6-c465aa5df5b1.jpg\",\"width\":800,\"height\":800,\"caption\":\"Midas M32 Case\"},{\"@type\":\"BreadcrumbList\",\"@id\":\"https:\/\/sxflightcase.com\/de\/produkt\/rack-flightcase-fabrik\/#breadcrumb\",\"itemListElement\":[{\"@type\":\"ListItem\",\"position\":1,\"name\":\"Home\",\"item\":\"https:\/\/sxflightcase.com\/\"},{\"@type\":\"ListItem\",\"position\":2,\"name\":\"\u0e2a\u0e34\u0e19\u0e04\u0e49\u0e32\",\"item\":\"https:\/\/sxflightcase.com\/th\/shop\/\"},{\"@type\":\"ListItem\",\"position\":3,\"name\":\"Midas M32 Case Factory\"}]},{\"@type\":\"WebSite\",\"@id\":\"https:\/\/sxflightcase.com\/th\/#website\",\"url\":\"https:\/\/sxflightcase.com\/th\/\",\"name\":\"sxpowercase.com\",\"description\":\"Flight Case Factory\",\"publisher\":{\"@id\":\"https:\/\/sxflightcase.com\/th\/#organization\"},\"potentialAction\":[{\"@type\":\"SearchAction\",\"target\":{\"@type\":\"EntryPoint\",\"urlTemplate\":\"https:\/\/sxflightcase.com\/th\/?s={search_term_string}\"},\"query-input\":{\"@type\":\"PropertyValueSpecification\",\"valueRequired\":true,\"valueName\":\"search_term_string\"}}],\"inLanguage\":\"tr\"},{\"@type\":\"Organization\",\"@id\":\"https:\/\/sxflightcase.com\/th\/#organization\",\"name\":\"sxpowercase.com\",\"url\":\"https:\/\/sxflightcase.com\/th\/\",\"logo\":{\"@type\":\"ImageObject\",\"inLanguage\":\"tr\",\"@id\":\"https:\/\/sxflightcase.com\/th\/#\/schema\/logo\/image\/\",\"url\":\"https:\/\/sxflightcase.com\/wp-content\/uploads\/2024\/04\/1713919036007.jpg\",\"contentUrl\":\"https:\/\/sxflightcase.com\/wp-content\/uploads\/2024\/04\/1713919036007.jpg\",\"width\":382,\"height\":388,\"caption\":\"sxpowercase.com\"},\"image\":{\"@id\":\"https:\/\/sxflightcase.com\/th\/#\/schema\/logo\/image\/\"},\"sameAs\":[\"https:\/\/www.facebook.com\/profile.php?id=61560407257971\"],\"numberOfEmployees\":{\"@type\":\"QuantitativeValue\",\"minValue\":\"11\",\"maxValue\":\"50\"}}]}<\/script>\n<!-- \/ Yoast SEO Premium plugin. -->","yoast_head_json":{"title":"Midas M32 Case Factory - https:\/\/sxflightcase.com \ud83d\udc97","description":"Midas M32 Kasa Fabrikas\u0131: Birinci s\u0131n\u0131f ekipman koruma \u00e7\u00f6z\u00fcmleri i\u00e7in do\u011frudan sat\u0131\u015f ve profesyonel \u00f6zelle\u015ftirme konusunda uzmanla\u015fm\u0131\u015ft\u0131r.","robots":{"index":"index","follow":"follow","max-snippet":"max-snippet:-1","max-image-preview":"max-image-preview:large","max-video-preview":"max-video-preview:-1"},"canonical":"https:\/\/sxflightcase.com\/tr\/produkt\/rack-flightcase-fabrik\/","og_locale":"tr_TR","og_type":"article","og_title":"Midas M32 Case Factory","og_description":"Midas M32 Case Factory: Specializing in direct sales and professional customization for premium equipment protection solutions.","og_url":"https:\/\/sxflightcase.com\/tr\/produkt\/rack-flightcase-fabrik\/","og_site_name":"https:\/\/sxflightcase.com","article_publisher":"https:\/\/www.facebook.com\/profile.php?id=61560407257971","article_modified_time":"2025-09-16T08:04:00+00:00","og_image":[{"width":800,"height":800,"url":"https:\/\/sxflightcase.com\/wp-content\/uploads\/2024\/05\/e19ee469-b0d3-4b48-96b6-c465aa5df5b1.jpg","type":"image\/jpeg"}],"twitter_card":"summary_large_image","twitter_misc":{"Tahmini okuma s\u00fcresi":"4 dakika"},"schema":{"@context":"https:\/\/schema.org","@graph":[{"@type":"WebPage","@id":"https:\/\/sxflightcase.com\/de\/produkt\/rack-flightcase-fabrik\/","url":"https:\/\/sxflightcase.com\/de\/produkt\/rack-flightcase-fabrik\/","name":"Midas M32 Case Factory - https:\/\/sxflightcase.com \ud83d\udc97","isPartOf":{"@id":"https:\/\/sxflightcase.com\/th\/#website"},"primaryImageOfPage":{"@id":"https:\/\/sxflightcase.com\/de\/produkt\/rack-flightcase-fabrik\/#primaryimage"},"image":{"@id":"https:\/\/sxflightcase.com\/de\/produkt\/rack-flightcase-fabrik\/#primaryimage"},"thumbnailUrl":"https:\/\/sxflightcase.com\/wp-content\/uploads\/2024\/05\/e19ee469-b0d3-4b48-96b6-c465aa5df5b1.jpg","datePublished":"2024-05-06T03:41:12+00:00","dateModified":"2025-09-16T08:04:00+00:00","description":"Midas M32 Kasa Fabrikas\u0131: Birinci s\u0131n\u0131f ekipman koruma \u00e7\u00f6z\u00fcmleri i\u00e7in do\u011frudan sat\u0131\u015f ve profesyonel \u00f6zelle\u015ftirme konusunda uzmanla\u015fm\u0131\u015ft\u0131r.","breadcrumb":{"@id":"https:\/\/sxflightcase.com\/de\/produkt\/rack-flightcase-fabrik\/#breadcrumb"},"inLanguage":"tr","potentialAction":[{"@type":"ReadAction","target":["https:\/\/sxflightcase.com\/de\/produkt\/rack-flightcase-fabrik\/"]}]},{"@type":"ImageObject","inLanguage":"tr","@id":"https:\/\/sxflightcase.com\/de\/produkt\/rack-flightcase-fabrik\/#primaryimage","url":"https:\/\/sxflightcase.com\/wp-content\/uploads\/2024\/05\/e19ee469-b0d3-4b48-96b6-c465aa5df5b1.jpg","contentUrl":"https:\/\/sxflightcase.com\/wp-content\/uploads\/2024\/05\/e19ee469-b0d3-4b48-96b6-c465aa5df5b1.jpg","width":800,"height":800,"caption":"Midas M32 Case"},{"@type":"BreadcrumbList","@id":"https:\/\/sxflightcase.com\/de\/produkt\/rack-flightcase-fabrik\/#breadcrumb","itemListElement":[{"@type":"ListItem","position":1,"name":"Home","item":"https:\/\/sxflightcase.com\/"},{"@type":"ListItem","position":2,"name":"\u0e2a\u0e34\u0e19\u0e04\u0e49\u0e32","item":"https:\/\/sxflightcase.com\/th\/shop\/"},{"@type":"ListItem","position":3,"name":"Midas M32 Case Factory"}]},{"@type":"WebSite","@id":"https:\/\/sxflightcase.com\/th\/#website","url":"https:\/\/sxflightcase.com\/th\/","name":"sxpowercase.com","description":"U\u00e7u\u015f \u00c7antas\u0131 Fabrikas\u0131","publisher":{"@id":"https:\/\/sxflightcase.com\/th\/#organization"},"potentialAction":[{"@type":"SearchAction","target":{"@type":"EntryPoint","urlTemplate":"https:\/\/sxflightcase.com\/th\/?s={search_term_string}"},"query-input":{"@type":"PropertyValueSpecification","valueRequired":true,"valueName":"search_term_string"}}],"inLanguage":"tr"},{"@type":"Organization","@id":"https:\/\/sxflightcase.com\/th\/#organization","name":"sxpowercase.com","url":"https:\/\/sxflightcase.com\/th\/","logo":{"@type":"ImageObject","inLanguage":"tr","@id":"https:\/\/sxflightcase.com\/th\/#\/schema\/logo\/image\/","url":"https:\/\/sxflightcase.com\/wp-content\/uploads\/2024\/04\/1713919036007.jpg","contentUrl":"https:\/\/sxflightcase.com\/wp-content\/uploads\/2024\/04\/1713919036007.jpg","width":382,"height":388,"caption":"sxpowercase.com"},"image":{"@id":"https:\/\/sxflightcase.com\/th\/#\/schema\/logo\/image\/"},"sameAs":["https:\/\/www.facebook.com\/profile.php?id=61560407257971"],"numberOfEmployees":{"@type":"QuantitativeValue","minValue":"11","maxValue":"50"}}]}},"_links":{"self":[{"href":"https:\/\/sxflightcase.com\/tr\/wp-json\/wp\/v2\/product\/1063","targetHints":{"allow":["GET"]}}],"collection":[{"href":"https:\/\/sxflightcase.com\/tr\/wp-json\/wp\/v2\/product"}],"about":[{"href":"https:\/\/sxflightcase.com\/tr\/wp-json\/wp\/v2\/types\/product"}],"replies":[{"embeddable":true,"href":"https:\/\/sxflightcase.com\/tr\/wp-json\/wp\/v2\/comments?post=1063"}],"version-history":[{"count":0,"href":"https:\/\/sxflightcase.com\/tr\/wp-json\/wp\/v2\/product\/1063\/revisions"}],"wp:featuredmedia":[{"embeddable":true,"href":"https:\/\/sxflightcase.com\/tr\/wp-json\/wp\/v2\/media\/7645"}],"wp:attachment":[{"href":"https:\/\/sxflightcase.com\/tr\/wp-json\/wp\/v2\/media?parent=1063"}],"wp:term":[{"taxonomy":"product_brand","embeddable":true,"href":"https:\/\/sxflightcase.com\/tr\/wp-json\/wp\/v2\/product_brand?post=1063"},{"taxonomy":"product_cat","embeddable":true,"href":"https:\/\/sxflightcase.com\/tr\/wp-json\/wp\/v2\/product_cat?post=1063"},{"taxonomy":"product_tag","embeddable":true,"href":"https:\/\/sxflightcase.com\/tr\/wp-json\/wp\/v2\/product_tag?post=1063"}],"curies":[{"name":"wp","href":"https:\/\/api.w.org\/{rel}","templated":true}]}}