{"id":1082,"date":"2024-05-06T09:24:28","date_gmt":"2024-05-06T08:24:28","guid":{"rendered":"https:\/\/sxpowercase.com\/?post_type=product&#038;p=1082"},"modified":"2025-02-18T19:48:08","modified_gmt":"2025-02-19T03:48:08","slug":"cable-case-with-heavy-duty-wheels","status":"publish","type":"product","link":"https:\/\/sxflightcase.com\/tr\/urun\/agir-hizmet-tipi-tekerlekli-kablo-kutusu\/","title":{"rendered":"A\u011f\u0131r Hizmet Tipi Tekerlekli Kablo \u00c7antas\u0131"},"content":{"rendered":"<p><strong>Ba\u015fl\u0131k:<\/strong><br \/>\nSX Kablo K\u0131l\u0131flar\u0131: Kablolar\u0131n\u0131z i\u00e7in \u00dcst\u00fcn Koruma | \u00d6zelle\u015ftirilebilir ve Dayan\u0131kl\u0131<\/p>\n<p><strong>Meta A\u00e7\u0131klama:<\/strong><br \/>\nKablolar\u0131n\u0131z\u0131 SX'in y\u00fcksek kalitesi ile koruyun <a href=\"https:\/\/sxpowercase.com\/product\/wireless-microphone-case\/\">kablo k\u0131l\u0131flar\u0131<\/a>. \u00d6zelle\u015ftirilebilir, dayan\u0131kl\u0131 ve maksimum koruma i\u00e7in tasarlanm\u0131\u015ft\u0131r. \u0130\u015f verimlili\u011finizi bug\u00fcn art\u0131r\u0131n!<\/p>\n<h3><strong>SX: G\u00fcvenilir Kablo K\u0131l\u0131f\u0131 Tedarik\u00e7iniz<\/strong><\/h3>\n<p><strong>SX<\/strong> i\u00e7in en iyi se\u00e7iminizdir. <a href=\"https:\/\/sxpowercase.com\/product\/flight-case-19-rack\/\">kablo k\u0131l\u0131flar\u0131<\/a>. K\u0131l\u0131flar\u0131m\u0131z kablolar\u0131n\u0131z\u0131 g\u00fcvende ve d\u00fczenli tutar. Ses, video veya g\u00fc\u00e7 kablolar\u0131 i\u00e7in m\u00fckemmeldir.<\/p>\n<h3><strong>Neden SX Kablo K\u0131l\u0131flar\u0131n\u0131 Se\u00e7melisiniz?<\/strong><\/h3>\n<ol>\n<li><strong>Kablolar\u0131n\u0131z i\u00e7in Maksimum Koruma<\/strong><br \/>\nDavalar\u0131m\u0131z <strong>al\u00fcmi\u0307nyum \u00e7er\u00e7eveler<\/strong>, <strong>yanmaz 12mm kontrplak<\/strong>, Ve <strong>y\u00fcksek yo\u011funluklu darbeye dayan\u0131kl\u0131 k\u00f6p\u00fck i\u00e7 k\u0131s\u0131mlar<\/strong>. Kablolar\u0131n\u0131z\u0131 darbelere, neme ve di\u011fer tehlikelere kar\u015f\u0131 korur.<\/li>\n<li><strong>\u0130htiya\u00e7lar\u0131n\u0131za \u00d6zel \u00c7\u00f6z\u00fcmler<\/strong><br \/>\nHer kablo seti benzersizdir ve k\u0131l\u0131flar\u0131m\u0131z da \u00f6yle. Bir tasar\u0131m yapabiliriz <strong>\u00f6zel \u00e7\u00f6z\u00fcm<\/strong> \u00f6zel ihtiya\u00e7lar\u0131n\u0131z i\u00e7in.<\/li>\n<li><strong>\u0130\u015f Verimlili\u011fini Art\u0131r\u0131n<\/strong><br \/>\nSX kablo k\u0131l\u0131flar\u0131 kablolar\u0131n\u0131z\u0131 d\u00fczenli tutar ve korur. Bu size zaman kazand\u0131r\u0131r ve stresi azalt\u0131r. Projelerinize daha fazla odaklanabilir, daha iyi \u00fcretkenlik ve daha fazla gelir elde edebilirsiniz.<\/li>\n<li><strong>Kar\u0131n\u0131z\u0131 Maksimize Edin<\/strong><br \/>\nSX kablo k\u0131l\u0131flar\u0131na yat\u0131r\u0131m yapmak ak\u0131ll\u0131ca olacakt\u0131r. Hasarlar\u0131 ve de\u011fi\u015ftirmeleri \u00f6nleyerek paradan tasarruf etmenizi sa\u011flarlar. Dayan\u0131kl\u0131 k\u0131l\u0131flar sayesinde daha fazla proje \u00fcstlenebilir ve k\u00e2r\u0131n\u0131z\u0131 art\u0131rabilirsiniz.<\/li>\n<li><strong>Ola\u011fan\u00fcst\u00fc Kalite ve Hizmet<\/strong><br \/>\nSX olarak hedefimiz <strong>ola\u011fan\u00fcst\u00fc kali\u0307te<\/strong> Ve <strong>m\u00fc\u015fteri\u0307 hi\u0307zmetleri\u0307<\/strong>. Ba\u015f\u0131ndan sonuna kadar memnuniyetinizi sa\u011flamak i\u00e7in sizinle yak\u0131n i\u015fbirli\u011fi i\u00e7inde \u00e7al\u0131\u015f\u0131yoruz.<\/li>\n<\/ol>\n<h3><strong>Temel \u00d6zellikler:<\/strong><\/h3>\n<ul>\n<li><strong>Malzeme:<\/strong> Al\u00fcminyum \u00e7er\u00e7eve + yanmaz 12mm kontrplak<\/li>\n<li><strong>\u0130\u00e7 mekan:<\/strong> Maksimum koruma i\u00e7in y\u00fcksek yo\u011funluklu darbeye dayan\u0131kl\u0131 k\u00f6p\u00fck<\/li>\n<li><strong>Aksesuarlar:<\/strong> Kolay ta\u015f\u0131ma i\u00e7in d\u00f6rt kelebek kilit, d\u00f6rt tekerlek ve d\u00f6rt g\u00fc\u00e7l\u00fc tutamak<\/li>\n<li><strong>\u00d6zelle\u015ftirme:<\/strong> \u00c7antay\u0131 ihtiya\u00e7lar\u0131n\u0131za g\u00f6re uyarlay\u0131n; malzemeleri, boyutlar\u0131, i\u00e7 dolgular\u0131, kulplar\u0131 ve kilitleri se\u00e7in.<\/li>\n<li><strong>Paketleme:<\/strong> G\u00fcvenli teslimat i\u00e7in balonlu torba + karton<\/li>\n<\/ul>\n<h3><strong>SX Kablo K\u0131l\u0131flar\u0131 ile \u0130\u015finizi G\u00fc\u00e7lendirin<\/strong><\/h3>\n<p>Hasarl\u0131 veya da\u011f\u0131n\u0131k kablolar\u0131n sizi yava\u015flatmas\u0131na izin vermeyin. SX kablo k\u0131l\u0131flar\u0131 ile \u015funlar\u0131 yapabilirsiniz:<\/p>\n<ul>\n<li><strong>De\u011ferli kablolar\u0131n\u0131z\u0131 koruyun<\/strong> ta\u015f\u0131ma s\u0131ras\u0131nda hasar g\u00f6rmesini \u00f6nler.<\/li>\n<li><strong>D\u00fczenli kal\u0131n<\/strong> ve her proje i\u00e7in haz\u0131r.<\/li>\n<li><strong>Kar hanenizi art\u0131r\u0131n<\/strong> g\u00fcvenle daha fazla i\u015f alarak.<\/li>\n<\/ul>\n<h3><strong>SSS<\/strong><\/h3>\n<p><strong>S: SX kablo k\u0131l\u0131flar\u0131n\u0131 belirli kablo boyutlar\u0131 i\u00e7in \u00f6zelle\u015ftirebilir mi?<\/strong><br \/>\nC: Evet, kablo boyutlar\u0131n\u0131za ve teknik \u00f6zelliklerinize g\u00f6re uyarlanm\u0131\u015f \u00f6zel \u00e7\u00f6z\u00fcmler sunuyoruz.<\/p>\n<p><strong>S: SX kablo k\u0131l\u0131flar\u0131 hem i\u00e7 hem de d\u0131\u015f mekan kullan\u0131m\u0131 i\u00e7in uygun mu?<\/strong><br \/>\nC: Kesinlikle! K\u0131l\u0131flar\u0131m\u0131z \u00e7e\u015fitli ortamlara dayanacak \u015fekilde tasarlanm\u0131\u015ft\u0131r ve kablolar\u0131n\u0131z\u0131n gitti\u011finiz her yerde korunmas\u0131n\u0131 sa\u011flar.<\/p>\n<p><strong>S: SX'ten \u00f6zel bir kablo k\u0131l\u0131f\u0131 almak ne kadar s\u00fcrer?<\/strong><br \/>\nC: Teslim s\u00fcreleri, vakan\u0131n karma\u015f\u0131kl\u0131\u011f\u0131na ve mevcut i\u015f y\u00fck\u00fcm\u00fcze ba\u011fl\u0131 olarak de\u011fi\u015fir. \u00d6zel teslimat zaman \u00e7izelgeleri i\u00e7in bizimle ileti\u015fime ge\u00e7in.<\/p>\n<p><strong>S: SX kablo k\u0131l\u0131flar\u0131 garanti kapsam\u0131na dahil mi?<\/strong><br \/>\nC: Evet, k\u0131l\u0131flar\u0131m\u0131z daha fazla g\u00f6n\u00fcl rahatl\u0131\u011f\u0131 i\u00e7in garanti kapsam\u0131yla birlikte gelir.<\/p>\n<p><strong>S: SX'ten toplu olarak kablo k\u0131l\u0131f\u0131 sipari\u015f edebilir miyim?<\/strong><br \/>\nC: Evet, toplu sipari\u015fleri kar\u015f\u0131layabiliriz. Fiyatland\u0131rma ve uygunluk i\u00e7in bizimle ileti\u015fime ge\u00e7in.<\/p>\n<h3><strong>\u00d6zel Kablo K\u0131l\u0131f\u0131n\u0131z\u0131 Bug\u00fcn Sipari\u015f Edin!<\/strong><\/h3>\n<p>Kablolar\u0131n\u0131z\u0131 SX'in birinci s\u0131n\u0131f k\u0131l\u0131flar\u0131yla korumaya haz\u0131r m\u0131s\u0131n\u0131z? \u00d6zel \u00e7\u00f6z\u00fcm\u00fcn\u00fcz\u00fc tasarlamak i\u00e7in \u015fimdi bize ula\u015f\u0131n.<\/p>\n<p><strong>Hemen Eri\u015fim Sa\u011flay\u0131n:<\/strong> <a href=\"https:\/\/sxpowercase.com\/contact-us\/\" target=\"_blank\" rel=\"noopener noreferrer\">https:\/\/sxpowercase.com\/contact-us\/<\/a><\/p>\n<h3><strong>S\u0131cak Etiketler:<\/strong><\/h3>\n<p>D\u00fc\u015f\u00fck fiyat, G\u00fc\u00e7 ve Sinyal Kablosu, 16 Gauge 4 \u0130letken Tel, Mikrofon Stand\u0131 \u00c7antas\u0131, D\u0131\u015f Mekan LED Ekran Kabini, Raf Montaj\u0131, Elektrik Da\u011f\u0131t\u0131m Kutusu, \u00c7in, tedarik\u00e7iler, fabrika, \u00f6zelle\u015ftirilmi\u015f, toptan sat\u0131\u015f, g\u00fc\u00e7 kutular\u0131, g\u00fc\u00e7 kablolar\u0131, vin\u00e7 kontrol\u00f6rleri, u\u00e7u\u015f \u00e7antalar\u0131.<\/p>\n<h1><\/h1>","protected":false},"excerpt":{"rendered":"<h2><strong>Maksimum Koruma i\u00e7in Kaliteli K\u0131l\u0131flar<\/strong><\/h2>\n<p>SX kablo k\u0131l\u0131flar\u0131, kablolar\u0131n\u0131z\u0131n gitti\u011finiz her yerde g\u00fcvende ve d\u00fczenli kalmas\u0131n\u0131 sa\u011flamak i\u00e7in dayan\u0131kl\u0131 malzemeler ve g\u00fcvenli kapaklarla uzun \u00f6m\u00fcrl\u00fc olacak \u015fekilde \u00fcretilmi\u015ftir.<\/p>\n<h2><strong>Kablo \u0130htiya\u00e7lar\u0131n\u0131z i\u00e7in \u00d6zel \u00c7\u00f6z\u00fcmler<\/strong><\/h2>\n<p>\u0130ster ses kablolar\u0131, ister video kablolar\u0131 veya ba\u015fka herhangi bir t\u00fcr i\u00e7in olsun, \u00f6zel gereksinimlerinize g\u00f6re uyarlanm\u0131\u015f \u00f6zel kablo k\u0131l\u0131flar\u0131 sunuyoruz. Ki\u015fiselle\u015ftirilmi\u015f \u00e7\u00f6z\u00fcmlerimizle kablolar\u0131n\u0131z\u0131 d\u00fczenli tutun ve koruyun.<\/p>\n<h2><strong>SX Kablo K\u0131l\u0131flar\u0131 ile \u0130\u015f Verimlili\u011fini Art\u0131r\u0131n<\/strong><\/h2>\n<p>\u0130\u015f verimlili\u011fini ve karl\u0131l\u0131\u011f\u0131 art\u0131rmak i\u00e7in SX kablo kutular\u0131na yat\u0131r\u0131m yap\u0131n. Kablo aramak i\u00e7in daha az zaman harcay\u0131n ve projelerinize odaklanmak i\u00e7in daha fazla zaman harcay\u0131n, b\u00f6ylece \u00fcretkenlik ve gelir art\u0131\u015f\u0131 sa\u011flay\u0131n.<\/p>","protected":false},"featured_media":1083,"comment_status":"open","ping_status":"closed","template":"","meta":[],"product_brand":[],"product_cat":[36],"product_tag":[],"class_list":{"0":"post-1082","1":"product","2":"type-product","3":"status-publish","4":"has-post-thumbnail","6":"product_cat-cables-cases","8":"first","9":"instock","10":"shipping-taxable","11":"product-type-simple"},"yoast_head":"<!-- This site is optimized with the Yoast SEO Premium plugin v27.1 (Yoast SEO v27.2) - https:\/\/yoast.com\/product\/yoast-seo-premium-wordpress\/ -->\n<title>Cable Case With Heavy Duty Wheels - https:\/\/sxflightcase.com \ud83d\udc97<\/title>\n<meta name=\"description\" content=\"Cable case Factory: Specializing in direct sales and professional customization for premium equipment protection solutions\" \/>\n<meta name=\"robots\" content=\"index, follow, max-snippet:-1, max-image-preview:large, max-video-preview:-1\" \/>\n<link rel=\"canonical\" href=\"https:\/\/sxflightcase.com\/tr\/produkt\/kabelkasse-med-kraftige-hjul\/\" \/>\n<meta property=\"og:locale\" content=\"tr_TR\" \/>\n<meta property=\"og:type\" content=\"article\" \/>\n<meta property=\"og:title\" content=\"Cable Case With Heavy Duty Wheels\" \/>\n<meta property=\"og:description\" content=\"Cable case Factory: Specializing in direct sales and professional customization for premium equipment protection solutions\" \/>\n<meta property=\"og:url\" content=\"https:\/\/sxflightcase.com\/tr\/produkt\/kabelkasse-med-kraftige-hjul\/\" \/>\n<meta property=\"og:site_name\" content=\"https:\/\/sxflightcase.com\" \/>\n<meta property=\"article:publisher\" content=\"https:\/\/www.facebook.com\/profile.php?id=61560407257971\" \/>\n<meta property=\"article:modified_time\" content=\"2025-02-19T03:48:08+00:00\" \/>\n<meta property=\"og:image\" content=\"https:\/\/sxflightcase.com\/wp-content\/uploads\/2024\/05\/1714963633661.jpg\" \/>\n\t<meta property=\"og:image:width\" content=\"691\" \/>\n\t<meta property=\"og:image:height\" content=\"692\" \/>\n\t<meta property=\"og:image:type\" content=\"image\/jpeg\" \/>\n<meta name=\"twitter:card\" content=\"summary_large_image\" \/>\n<meta name=\"twitter:label1\" content=\"Tahmini okuma s\u00fcresi\" \/>\n\t<meta name=\"twitter:data1\" content=\"3 dakika\" \/>\n<script type=\"application\/ld+json\" class=\"yoast-schema-graph\">{\"@context\":\"https:\/\/schema.org\",\"@graph\":[{\"@type\":\"WebPage\",\"@id\":\"https:\/\/sxflightcase.com\/da\/produkt\/kabelkasse-med-kraftige-hjul\/\",\"url\":\"https:\/\/sxflightcase.com\/da\/produkt\/kabelkasse-med-kraftige-hjul\/\",\"name\":\"Cable Case With Heavy Duty Wheels - https:\/\/sxflightcase.com \ud83d\udc97\",\"isPartOf\":{\"@id\":\"https:\/\/sxflightcase.com\/th\/#website\"},\"primaryImageOfPage\":{\"@id\":\"https:\/\/sxflightcase.com\/da\/produkt\/kabelkasse-med-kraftige-hjul\/#primaryimage\"},\"image\":{\"@id\":\"https:\/\/sxflightcase.com\/da\/produkt\/kabelkasse-med-kraftige-hjul\/#primaryimage\"},\"thumbnailUrl\":\"https:\/\/sxflightcase.com\/wp-content\/uploads\/2024\/05\/1714963633661.jpg\",\"datePublished\":\"2024-05-06T08:24:28+00:00\",\"dateModified\":\"2025-02-19T03:48:08+00:00\",\"description\":\"Cable case Factory: Specializing in direct sales and professional customization for premium equipment protection solutions\",\"breadcrumb\":{\"@id\":\"https:\/\/sxflightcase.com\/da\/produkt\/kabelkasse-med-kraftige-hjul\/#breadcrumb\"},\"inLanguage\":\"tr\",\"potentialAction\":[{\"@type\":\"ReadAction\",\"target\":[\"https:\/\/sxflightcase.com\/da\/produkt\/kabelkasse-med-kraftige-hjul\/\"]}]},{\"@type\":\"ImageObject\",\"inLanguage\":\"tr\",\"@id\":\"https:\/\/sxflightcase.com\/da\/produkt\/kabelkasse-med-kraftige-hjul\/#primaryimage\",\"url\":\"https:\/\/sxflightcase.com\/wp-content\/uploads\/2024\/05\/1714963633661.jpg\",\"contentUrl\":\"https:\/\/sxflightcase.com\/wp-content\/uploads\/2024\/05\/1714963633661.jpg\",\"width\":691,\"height\":692,\"caption\":\"cable case\"},{\"@type\":\"BreadcrumbList\",\"@id\":\"https:\/\/sxflightcase.com\/da\/produkt\/kabelkasse-med-kraftige-hjul\/#breadcrumb\",\"itemListElement\":[{\"@type\":\"ListItem\",\"position\":1,\"name\":\"Home\",\"item\":\"https:\/\/sxflightcase.com\/\"},{\"@type\":\"ListItem\",\"position\":2,\"name\":\"\u0e2a\u0e34\u0e19\u0e04\u0e49\u0e32\",\"item\":\"https:\/\/sxflightcase.com\/th\/shop\/\"},{\"@type\":\"ListItem\",\"position\":3,\"name\":\"Cable Case With Heavy Duty Wheels\"}]},{\"@type\":\"WebSite\",\"@id\":\"https:\/\/sxflightcase.com\/th\/#website\",\"url\":\"https:\/\/sxflightcase.com\/th\/\",\"name\":\"sxpowercase.com\",\"description\":\"Flight Case Factory\",\"publisher\":{\"@id\":\"https:\/\/sxflightcase.com\/th\/#organization\"},\"potentialAction\":[{\"@type\":\"SearchAction\",\"target\":{\"@type\":\"EntryPoint\",\"urlTemplate\":\"https:\/\/sxflightcase.com\/th\/?s={search_term_string}\"},\"query-input\":{\"@type\":\"PropertyValueSpecification\",\"valueRequired\":true,\"valueName\":\"search_term_string\"}}],\"inLanguage\":\"tr\"},{\"@type\":\"Organization\",\"@id\":\"https:\/\/sxflightcase.com\/th\/#organization\",\"name\":\"sxpowercase.com\",\"url\":\"https:\/\/sxflightcase.com\/th\/\",\"logo\":{\"@type\":\"ImageObject\",\"inLanguage\":\"tr\",\"@id\":\"https:\/\/sxflightcase.com\/th\/#\/schema\/logo\/image\/\",\"url\":\"https:\/\/sxflightcase.com\/wp-content\/uploads\/2024\/04\/1713919036007.jpg\",\"contentUrl\":\"https:\/\/sxflightcase.com\/wp-content\/uploads\/2024\/04\/1713919036007.jpg\",\"width\":382,\"height\":388,\"caption\":\"sxpowercase.com\"},\"image\":{\"@id\":\"https:\/\/sxflightcase.com\/th\/#\/schema\/logo\/image\/\"},\"sameAs\":[\"https:\/\/www.facebook.com\/profile.php?id=61560407257971\"],\"numberOfEmployees\":{\"@type\":\"QuantitativeValue\",\"minValue\":\"11\",\"maxValue\":\"50\"}}]}<\/script>\n<!-- \/ Yoast SEO Premium plugin. -->","yoast_head_json":{"title":"Cable Case With Heavy Duty Wheels - https:\/\/sxflightcase.com \ud83d\udc97","description":"Kablo k\u0131l\u0131f\u0131 Fabrikas\u0131: Birinci s\u0131n\u0131f ekipman koruma \u00e7\u00f6z\u00fcmleri i\u00e7in do\u011frudan sat\u0131\u015f ve profesyonel \u00f6zelle\u015ftirme konusunda uzmanla\u015fm\u0131\u015ft\u0131r","robots":{"index":"index","follow":"follow","max-snippet":"max-snippet:-1","max-image-preview":"max-image-preview:large","max-video-preview":"max-video-preview:-1"},"canonical":"https:\/\/sxflightcase.com\/tr\/produkt\/kabelkasse-med-kraftige-hjul\/","og_locale":"tr_TR","og_type":"article","og_title":"Cable Case With Heavy Duty Wheels","og_description":"Cable case Factory: Specializing in direct sales and professional customization for premium equipment protection solutions","og_url":"https:\/\/sxflightcase.com\/tr\/produkt\/kabelkasse-med-kraftige-hjul\/","og_site_name":"https:\/\/sxflightcase.com","article_publisher":"https:\/\/www.facebook.com\/profile.php?id=61560407257971","article_modified_time":"2025-02-19T03:48:08+00:00","og_image":[{"width":691,"height":692,"url":"https:\/\/sxflightcase.com\/wp-content\/uploads\/2024\/05\/1714963633661.jpg","type":"image\/jpeg"}],"twitter_card":"summary_large_image","twitter_misc":{"Tahmini okuma s\u00fcresi":"3 dakika"},"schema":{"@context":"https:\/\/schema.org","@graph":[{"@type":"WebPage","@id":"https:\/\/sxflightcase.com\/da\/produkt\/kabelkasse-med-kraftige-hjul\/","url":"https:\/\/sxflightcase.com\/da\/produkt\/kabelkasse-med-kraftige-hjul\/","name":"Cable Case With Heavy Duty Wheels - https:\/\/sxflightcase.com \ud83d\udc97","isPartOf":{"@id":"https:\/\/sxflightcase.com\/th\/#website"},"primaryImageOfPage":{"@id":"https:\/\/sxflightcase.com\/da\/produkt\/kabelkasse-med-kraftige-hjul\/#primaryimage"},"image":{"@id":"https:\/\/sxflightcase.com\/da\/produkt\/kabelkasse-med-kraftige-hjul\/#primaryimage"},"thumbnailUrl":"https:\/\/sxflightcase.com\/wp-content\/uploads\/2024\/05\/1714963633661.jpg","datePublished":"2024-05-06T08:24:28+00:00","dateModified":"2025-02-19T03:48:08+00:00","description":"Kablo k\u0131l\u0131f\u0131 Fabrikas\u0131: Birinci s\u0131n\u0131f ekipman koruma \u00e7\u00f6z\u00fcmleri i\u00e7in do\u011frudan sat\u0131\u015f ve profesyonel \u00f6zelle\u015ftirme konusunda uzmanla\u015fm\u0131\u015ft\u0131r","breadcrumb":{"@id":"https:\/\/sxflightcase.com\/da\/produkt\/kabelkasse-med-kraftige-hjul\/#breadcrumb"},"inLanguage":"tr","potentialAction":[{"@type":"ReadAction","target":["https:\/\/sxflightcase.com\/da\/produkt\/kabelkasse-med-kraftige-hjul\/"]}]},{"@type":"ImageObject","inLanguage":"tr","@id":"https:\/\/sxflightcase.com\/da\/produkt\/kabelkasse-med-kraftige-hjul\/#primaryimage","url":"https:\/\/sxflightcase.com\/wp-content\/uploads\/2024\/05\/1714963633661.jpg","contentUrl":"https:\/\/sxflightcase.com\/wp-content\/uploads\/2024\/05\/1714963633661.jpg","width":691,"height":692,"caption":"cable case"},{"@type":"BreadcrumbList","@id":"https:\/\/sxflightcase.com\/da\/produkt\/kabelkasse-med-kraftige-hjul\/#breadcrumb","itemListElement":[{"@type":"ListItem","position":1,"name":"Home","item":"https:\/\/sxflightcase.com\/"},{"@type":"ListItem","position":2,"name":"\u0e2a\u0e34\u0e19\u0e04\u0e49\u0e32","item":"https:\/\/sxflightcase.com\/th\/shop\/"},{"@type":"ListItem","position":3,"name":"Cable Case With Heavy Duty Wheels"}]},{"@type":"WebSite","@id":"https:\/\/sxflightcase.com\/th\/#website","url":"https:\/\/sxflightcase.com\/th\/","name":"sxpowercase.com","description":"U\u00e7u\u015f \u00c7antas\u0131 Fabrikas\u0131","publisher":{"@id":"https:\/\/sxflightcase.com\/th\/#organization"},"potentialAction":[{"@type":"SearchAction","target":{"@type":"EntryPoint","urlTemplate":"https:\/\/sxflightcase.com\/th\/?s={search_term_string}"},"query-input":{"@type":"PropertyValueSpecification","valueRequired":true,"valueName":"search_term_string"}}],"inLanguage":"tr"},{"@type":"Organization","@id":"https:\/\/sxflightcase.com\/th\/#organization","name":"sxpowercase.com","url":"https:\/\/sxflightcase.com\/th\/","logo":{"@type":"ImageObject","inLanguage":"tr","@id":"https:\/\/sxflightcase.com\/th\/#\/schema\/logo\/image\/","url":"https:\/\/sxflightcase.com\/wp-content\/uploads\/2024\/04\/1713919036007.jpg","contentUrl":"https:\/\/sxflightcase.com\/wp-content\/uploads\/2024\/04\/1713919036007.jpg","width":382,"height":388,"caption":"sxpowercase.com"},"image":{"@id":"https:\/\/sxflightcase.com\/th\/#\/schema\/logo\/image\/"},"sameAs":["https:\/\/www.facebook.com\/profile.php?id=61560407257971"],"numberOfEmployees":{"@type":"QuantitativeValue","minValue":"11","maxValue":"50"}}]}},"_links":{"self":[{"href":"https:\/\/sxflightcase.com\/tr\/wp-json\/wp\/v2\/product\/1082","targetHints":{"allow":["GET"]}}],"collection":[{"href":"https:\/\/sxflightcase.com\/tr\/wp-json\/wp\/v2\/product"}],"about":[{"href":"https:\/\/sxflightcase.com\/tr\/wp-json\/wp\/v2\/types\/product"}],"replies":[{"embeddable":true,"href":"https:\/\/sxflightcase.com\/tr\/wp-json\/wp\/v2\/comments?post=1082"}],"version-history":[{"count":0,"href":"https:\/\/sxflightcase.com\/tr\/wp-json\/wp\/v2\/product\/1082\/revisions"}],"wp:featuredmedia":[{"embeddable":true,"href":"https:\/\/sxflightcase.com\/tr\/wp-json\/wp\/v2\/media\/1083"}],"wp:attachment":[{"href":"https:\/\/sxflightcase.com\/tr\/wp-json\/wp\/v2\/media?parent=1082"}],"wp:term":[{"taxonomy":"product_brand","embeddable":true,"href":"https:\/\/sxflightcase.com\/tr\/wp-json\/wp\/v2\/product_brand?post=1082"},{"taxonomy":"product_cat","embeddable":true,"href":"https:\/\/sxflightcase.com\/tr\/wp-json\/wp\/v2\/product_cat?post=1082"},{"taxonomy":"product_tag","embeddable":true,"href":"https:\/\/sxflightcase.com\/tr\/wp-json\/wp\/v2\/product_tag?post=1082"}],"curies":[{"name":"wp","href":"https:\/\/api.w.org\/{rel}","templated":true}]}}