{"id":1092,"date":"2024-05-07T03:02:55","date_gmt":"2024-05-07T02:02:55","guid":{"rendered":"https:\/\/sxpowercase.com\/?post_type=product&#038;p=1092"},"modified":"2025-02-18T19:11:18","modified_gmt":"2025-02-19T03:11:18","slug":"dj-coffin-case-manufacture","status":"publish","type":"product","link":"https:\/\/sxflightcase.com\/tr\/urun\/dj-tabut-kasasi-i\u0307malati\/","title":{"rendered":"DJ Tabut K\u0131l\u0131f\u0131 \u00dcretimi"},"content":{"rendered":"<p><strong>Ba\u015fl\u0131k:<\/strong><br \/>\nSX DJ Tabut \u00c7antas\u0131: DJ Ekipman\u0131 i\u00e7in \u00dcst\u00fcn Koruma | \u00d6zelle\u015ftirilebilir ve Dayan\u0131kl\u0131<\/p>\n<p><strong>Meta A\u00e7\u0131klama:<\/strong><br \/>\nDJ ekipman\u0131n\u0131z\u0131 SX'in birinci s\u0131n\u0131f DJ Tabut K\u0131l\u0131flar\u0131 ile koruyun. \u00d6zelle\u015ftirilebilir, dayan\u0131kl\u0131 ve maksimum koruma i\u00e7in tasarlanm\u0131\u015ft\u0131r. \u0130\u015f verimlili\u011finizi bug\u00fcn art\u0131r\u0131n!<\/p>\n<h3><strong>SX: Premier DJ Tabut K\u0131l\u0131f\u0131 \u00dcreticiniz<\/strong><\/h3>\n<p><strong>SX<\/strong> DJ ekipman\u0131n\u0131z\u0131 korumak i\u00e7in en iyi se\u00e7imdir. Bizim <strong>DJ Tabut K\u0131l\u0131flar\u0131<\/strong> ister hareket halinde ister st\u00fcdyoda olun, ekipman\u0131n\u0131z\u0131 g\u00fcvende tutmak i\u00e7in \u00fcretilmi\u015ftir.<\/p>\n<h3><strong>Neden SX DJ Tabut K\u0131l\u0131flar\u0131n\u0131 Se\u00e7melisiniz?<\/strong><\/h3>\n<ol>\n<li><strong>Ekipman\u0131n\u0131z i\u00e7in Maksimum Koruma<\/strong><br \/>\nVakalar\u0131m\u0131z \u015funlar\u0131 kullan\u0131r <strong>9mm lamine kontrplak<\/strong>, <strong>ticari s\u0131n\u0131f kaplamal\u0131 donan\u0131m<\/strong>, Ve <strong>ultra dayan\u0131kl\u0131 EVA k\u00f6p\u00fck i\u00e7 dolgu<\/strong>. Bu, ekipman\u0131n\u0131z\u0131n darbelere, d\u00fc\u015fmelere ve titre\u015fimlere kar\u015f\u0131 g\u00fcvende oldu\u011fu anlam\u0131na gelir.<\/li>\n<li><strong>Kurulumunuz i\u00e7in \u00d6zel \u00c7\u00f6z\u00fcmler<\/strong><br \/>\nHer DJ kurulumu farkl\u0131d\u0131r. Biz yapabiliriz <strong>\u00f6zel \u00e7\u00f6z\u00fcm<\/strong> \u0130ster iki pikap ve bir mikser ister daha fazlas\u0131 i\u00e7in olsun, tam ihtiya\u00e7lar\u0131n\u0131z i\u00e7in.<\/li>\n<li><strong>\u0130\u015f Verimlili\u011fini Art\u0131r\u0131n<\/strong><br \/>\nVakalar\u0131m\u0131z performans\u0131n\u0131za odaklanman\u0131za yard\u0131mc\u0131 olur. Bu da daha fazla konser, daha fazla gelir ve daha fazla \u00fcretkenlik anlam\u0131na gelir.<\/li>\n<li><strong>Kar\u0131n\u0131z\u0131 Maksimize Edin<\/strong><br \/>\nSX DJ Tabut K\u0131l\u0131flar\u0131 sat\u0131n almak ak\u0131ll\u0131ca bir yat\u0131r\u0131md\u0131r. Hasar ve de\u011fi\u015fimleri \u00f6nleyerek paradan tasarruf etmenizi sa\u011flar. Ayr\u0131ca, dayan\u0131kl\u0131 k\u0131l\u0131flar daha fazla konser vermenizi sa\u011flayarak k\u00e2r\u0131n\u0131z\u0131 art\u0131r\u0131r.<\/li>\n<li><strong>Ola\u011fan\u00fcst\u00fc Kalite ve Hizmet<\/strong><br \/>\nSX'de, her \u015feyimiz <strong>ola\u011fan\u00fcst\u00fc kali\u0307te<\/strong> Ve <strong>m\u00fc\u015fteri\u0307 hi\u0307zmetleri\u0307<\/strong>. Tamamen memnun kalman\u0131z\u0131 sa\u011flamak i\u00e7in sizinle yak\u0131n i\u015fbirli\u011fi i\u00e7inde \u00e7al\u0131\u015f\u0131yoruz.<\/li>\n<\/ol>\n<h3><strong>Temel \u00d6zellikler:<\/strong><\/h3>\n<ul>\n<li><strong>Malzeme:<\/strong> Ticari s\u0131n\u0131f donan\u0131m ile 9 mm lamine kontrplak<\/li>\n<li><strong>\u0130\u00e7 mekan:<\/strong> Maksimum koruma i\u00e7in ultra dayan\u0131kl\u0131 EVA k\u00f6p\u00fck dolgu<\/li>\n<li><strong>Kollar ve Mandallar:<\/strong> Kolay ta\u015f\u0131ma i\u00e7in Gator Red imzal\u0131 kulplar ve mandallar<\/li>\n<li><strong>Tekerlekler:<\/strong> Hareketlilik i\u00e7in dahili yayl\u0131 g\u00f6mme \u00e7ekme kolu ve tekerlekler<\/li>\n<li><strong>Havaland\u0131rma:<\/strong> K\u00f6p\u00fck bloklar alt k\u0131s\u0131mda fan havaland\u0131rmas\u0131 i\u00e7in yer sa\u011flar<\/li>\n<li><strong>Renk Se\u00e7enekleri:<\/strong> Siyah, Mavi, K\u0131rm\u0131z\u0131 veya \u00f6zel renkler mevcuttur<\/li>\n<\/ul>\n<h3><strong>SX DJ Tabut K\u0131l\u0131flar\u0131 ile \u0130\u015finizi G\u00fc\u00e7lendirin<\/strong><\/h3>\n<p>Hasarl\u0131 veya da\u011f\u0131n\u0131k ekipmanlar\u0131n sizi yava\u015flatmas\u0131na izin vermeyin. SX DJ Tabut K\u0131l\u0131flar\u0131 ile \u015funlar\u0131 yapabilirsiniz:<\/p>\n<ul>\n<li><strong>De\u011ferli ekipmanlar\u0131n\u0131z\u0131 koruyun<\/strong> ta\u015f\u0131ma s\u0131ras\u0131nda hasar g\u00f6rmesini \u00f6nler.<\/li>\n<li><strong>D\u00fczenli kal\u0131n<\/strong> ve her i\u015f i\u00e7in haz\u0131r.<\/li>\n<li><strong>Kar hanenizi art\u0131r\u0131n<\/strong> g\u00fcvenle daha fazla proje \u00fcstlenerek.<\/li>\n<\/ul>\n<h3><strong>SSS<\/strong><\/h3>\n<p><strong>S: SX, DJ Tabut K\u0131l\u0131flar\u0131n\u0131 belirli ekipman boyutlar\u0131 i\u00e7in \u00f6zelle\u015ftirebilir mi?<\/strong><br \/>\nC: Evet, ekipman\u0131n\u0131z\u0131n boyutlar\u0131na ve \u00f6zelliklerine g\u00f6re uyarlanm\u0131\u015f \u00f6zel \u00e7\u00f6z\u00fcmler sunuyoruz.<\/p>\n<p><strong>S: SX DJ Tabut K\u0131l\u0131flar\u0131 hem profesyonel hem de amat\u00f6r DJ'ler i\u00e7in uygun mudur?<\/strong><br \/>\nC: Kesinlikle! K\u0131l\u0131flar\u0131m\u0131z t\u00fcm beceri seviyelerindeki DJ'lerin ihtiya\u00e7lar\u0131n\u0131 kar\u015f\u0131layacak \u015fekilde tasarlanm\u0131\u015ft\u0131r.<\/p>\n<p><strong>S: SX'ten \u00f6zel bir DJ Tabut \u00c7antas\u0131 almak ne kadar s\u00fcrer?<\/strong><br \/>\nC: Teslim s\u00fcreleri, vakan\u0131n karma\u015f\u0131kl\u0131\u011f\u0131na ve mevcut i\u015f y\u00fck\u00fcm\u00fcze ba\u011fl\u0131 olarak de\u011fi\u015fir. \u00d6zel teslimat zaman \u00e7izelgeleri i\u00e7in bizimle ileti\u015fime ge\u00e7in.<\/p>\n<p><strong>S: SX DJ Tabut K\u0131l\u0131flar\u0131 garanti kapsam\u0131 ile birlikte mi geliyor?<\/strong><br \/>\nC: Evet, k\u0131l\u0131flar\u0131m\u0131z daha fazla g\u00f6n\u00fcl rahatl\u0131\u011f\u0131 i\u00e7in garanti kapsam\u0131yla birlikte gelir.<\/p>\n<p><strong>S: DJ Tabut K\u0131l\u0131flar\u0131n\u0131 SX'ten toplu olarak sipari\u015f edebilir miyim?<\/strong><br \/>\nC: Evet, toplu sipari\u015fleri kar\u015f\u0131layabiliriz. Fiyatland\u0131rma ve uygunluk i\u00e7in bizimle ileti\u015fime ge\u00e7in.<\/p>\n<h3><strong>\u00d6zel DJ Tabut K\u0131l\u0131f\u0131n\u0131z\u0131 Bug\u00fcn Sipari\u015f Edin!<\/strong><\/h3>\n<p>DJ ekipmanlar\u0131n\u0131z\u0131 SX'in birinci s\u0131n\u0131f Tabut K\u0131l\u0131flar\u0131 ile korumaya haz\u0131r m\u0131s\u0131n\u0131z? \u00d6zel \u00e7\u00f6z\u00fcm\u00fcn\u00fcz\u00fc tasarlamak i\u00e7in \u015fimdi bize ula\u015f\u0131n.<\/p>\n<p><strong>Hemen Eri\u015fim Sa\u011flay\u0131n:<\/strong> <a href=\"https:\/\/sxpowercase.com\/contact-us\/\" target=\"_blank\" rel=\"noopener noreferrer\">https:\/\/sxpowercase.com\/contact-us\/<\/a><\/p>\n<h3><strong>S\u0131cak Etiketler:<\/strong><\/h3>\n<p>D\u00fc\u015f\u00fck fiyat, stokta, G\u00fc\u00e7 ve Sinyal Kablosu, 16 Gauge 4 \u0130letkenli Tel, Mikrofon Stand\u0131 \u00c7antas\u0131, D\u0131\u015f Mekan LED Ekran Kabini, Raf Montaj\u0131, Elektrik Da\u011f\u0131t\u0131m Kutusu, \u00c7in, tedarik\u00e7iler, fabrika, \u00f6zelle\u015ftirilmi\u015f, toptan sat\u0131\u015f, g\u00fc\u00e7 kutular\u0131, g\u00fc\u00e7 kablolar\u0131, kald\u0131rma kontrol\u00f6rleri, u\u00e7u\u015f \u00e7antalar\u0131.<\/p>","protected":false},"excerpt":{"rendered":"<h2 class=\"prodetails-name\">DJ Tabut \u00c7antas\u0131<\/h2>\n<p>Sava\u015f modu konsolumuz 90 derecelik pikap yuvalar\u0131na sahiptir. Bu \u00e7anta tamamen yast\u0131kl\u0131 pikap yuvalar\u0131na ve g\u00f6mme donan\u0131ma sahiptir. \u0130ki adet 1200 Style pikab\u0131 sava\u015f konumunda ve bir adet 12\u2033 Mikseri tutar. Kolay ta\u015f\u0131ma i\u00e7in tekerlekler i\u00e7erir.<\/p>\n<h2><strong>\u00dcretim tan\u0131t\u0131m\u0131<\/strong><\/h2>\n<p>DJ mikser k\u0131l\u0131f\u0131<\/p>\n<p>- Sava\u015f modu konsolu<\/p>\n<p>- Yast\u0131kl\u0131 d\u00f6ner tabla yuvalar\u0131<\/p>\n<p>- Yakla\u015f\u0131k 13\u2033 veya daha az geni\u015flikte 12\u2033 Format DJ mikserleri tutar<\/p>\n<p>- A\u011f\u0131r hizmet tipi bilyal\u0131 k\u00f6\u015feler<\/p>\n<p>- Orta kar\u0131\u015ft\u0131r\u0131c\u0131 \u00f6n V kesimli \u00e7\u0131kar\u0131labilir panel<\/p>\n<p>- G\u00f6mme kulplar ve mandallar<\/p>\n<p>- Kolay ta\u015f\u0131ma i\u00e7in dahili makaral\u0131 tekerlekler i\u00e7erir<\/p>","protected":false},"featured_media":1093,"comment_status":"open","ping_status":"closed","template":"","meta":[],"product_brand":[],"product_cat":[41],"product_tag":[],"class_list":{"0":"post-1092","1":"product","2":"type-product","3":"status-publish","4":"has-post-thumbnail","6":"product_cat-equipment-cases","8":"first","9":"instock","10":"shipping-taxable","11":"product-type-simple"},"yoast_head":"<!-- This site is optimized with the Yoast SEO Premium plugin v27.1 (Yoast SEO v27.2) - https:\/\/yoast.com\/product\/yoast-seo-premium-wordpress\/ -->\n<title>DJ Coffin Case Manufacture - https:\/\/sxflightcase.com \ud83d\udc97<\/title>\n<meta name=\"description\" content=\"DJ Coffin Case Manufacture:: Factory-direct sales and professional customization for precise control solutions tailored to your needs.\" \/>\n<meta name=\"robots\" content=\"index, follow, max-snippet:-1, max-image-preview:large, max-video-preview:-1\" \/>\n<link rel=\"canonical\" href=\"https:\/\/sxflightcase.com\/tr\/\u0645\u0646\u062a\u062c\/\u062a\u0635\u0646\u064a\u0639-\u0639\u0644\u0628\u0629-\u062a\u0627\u0628\u0648\u062a-\u062f\u064a-\u062c\u064a-2\/\" \/>\n<meta property=\"og:locale\" content=\"tr_TR\" \/>\n<meta property=\"og:type\" content=\"article\" \/>\n<meta property=\"og:title\" content=\"DJ Coffin Case Manufacture\" \/>\n<meta property=\"og:description\" content=\"DJ Coffin Case Manufacture:: Factory-direct sales and professional customization for precise control solutions tailored to your needs.\" \/>\n<meta property=\"og:url\" content=\"https:\/\/sxflightcase.com\/tr\/\u0645\u0646\u062a\u062c\/\u062a\u0635\u0646\u064a\u0639-\u0639\u0644\u0628\u0629-\u062a\u0627\u0628\u0648\u062a-\u062f\u064a-\u062c\u064a-2\/\" \/>\n<meta property=\"og:site_name\" content=\"https:\/\/sxflightcase.com\" \/>\n<meta property=\"article:publisher\" content=\"https:\/\/www.facebook.com\/profile.php?id=61560407257971\" \/>\n<meta property=\"article:modified_time\" content=\"2025-02-19T03:11:18+00:00\" \/>\n<meta property=\"og:image\" content=\"https:\/\/sxflightcase.com\/wp-content\/uploads\/2024\/05\/1714984371581.jpg\" \/>\n\t<meta property=\"og:image:width\" content=\"700\" \/>\n\t<meta property=\"og:image:height\" content=\"700\" \/>\n\t<meta property=\"og:image:type\" content=\"image\/jpeg\" \/>\n<meta name=\"twitter:card\" content=\"summary_large_image\" \/>\n<meta name=\"twitter:label1\" content=\"Tahmini okuma s\u00fcresi\" \/>\n\t<meta name=\"twitter:data1\" content=\"4 dakika\" \/>\n<script type=\"application\/ld+json\" class=\"yoast-schema-graph\">{\"@context\":\"https:\/\/schema.org\",\"@graph\":[{\"@type\":\"WebPage\",\"@id\":\"https:\/\/sxflightcase.com\/ar\/\u0645\u0646\u062a\u062c\/\u062a\u0635\u0646\u064a\u0639-\u0639\u0644\u0628\u0629-\u062a\u0627\u0628\u0648\u062a-\u062f\u064a-\u062c\u064a-2\/\",\"url\":\"https:\/\/sxflightcase.com\/ar\/\u0645\u0646\u062a\u062c\/\u062a\u0635\u0646\u064a\u0639-\u0639\u0644\u0628\u0629-\u062a\u0627\u0628\u0648\u062a-\u062f\u064a-\u062c\u064a-2\/\",\"name\":\"DJ Coffin Case Manufacture - https:\/\/sxflightcase.com \ud83d\udc97\",\"isPartOf\":{\"@id\":\"https:\/\/sxflightcase.com\/th\/#website\"},\"primaryImageOfPage\":{\"@id\":\"https:\/\/sxflightcase.com\/ar\/\u0645\u0646\u062a\u062c\/\u062a\u0635\u0646\u064a\u0639-\u0639\u0644\u0628\u0629-\u062a\u0627\u0628\u0648\u062a-\u062f\u064a-\u062c\u064a-2\/#primaryimage\"},\"image\":{\"@id\":\"https:\/\/sxflightcase.com\/ar\/\u0645\u0646\u062a\u062c\/\u062a\u0635\u0646\u064a\u0639-\u0639\u0644\u0628\u0629-\u062a\u0627\u0628\u0648\u062a-\u062f\u064a-\u062c\u064a-2\/#primaryimage\"},\"thumbnailUrl\":\"https:\/\/sxflightcase.com\/wp-content\/uploads\/2024\/05\/1714984371581.jpg\",\"datePublished\":\"2024-05-07T02:02:55+00:00\",\"dateModified\":\"2025-02-19T03:11:18+00:00\",\"description\":\"DJ Coffin Case Manufacture:: Factory-direct sales and professional customization for precise control solutions tailored to your needs.\",\"breadcrumb\":{\"@id\":\"https:\/\/sxflightcase.com\/ar\/\u0645\u0646\u062a\u062c\/\u062a\u0635\u0646\u064a\u0639-\u0639\u0644\u0628\u0629-\u062a\u0627\u0628\u0648\u062a-\u062f\u064a-\u062c\u064a-2\/#breadcrumb\"},\"inLanguage\":\"tr\",\"potentialAction\":[{\"@type\":\"ReadAction\",\"target\":[\"https:\/\/sxflightcase.com\/ar\/\u0645\u0646\u062a\u062c\/\u062a\u0635\u0646\u064a\u0639-\u0639\u0644\u0628\u0629-\u062a\u0627\u0628\u0648\u062a-\u062f\u064a-\u062c\u064a-2\/\"]}]},{\"@type\":\"ImageObject\",\"inLanguage\":\"tr\",\"@id\":\"https:\/\/sxflightcase.com\/ar\/\u0645\u0646\u062a\u062c\/\u062a\u0635\u0646\u064a\u0639-\u0639\u0644\u0628\u0629-\u062a\u0627\u0628\u0648\u062a-\u062f\u064a-\u062c\u064a-2\/#primaryimage\",\"url\":\"https:\/\/sxflightcase.com\/wp-content\/uploads\/2024\/05\/1714984371581.jpg\",\"contentUrl\":\"https:\/\/sxflightcase.com\/wp-content\/uploads\/2024\/05\/1714984371581.jpg\",\"width\":700,\"height\":700,\"caption\":\"DJ Coffin Case\"},{\"@type\":\"BreadcrumbList\",\"@id\":\"https:\/\/sxflightcase.com\/ar\/\u0645\u0646\u062a\u062c\/\u062a\u0635\u0646\u064a\u0639-\u0639\u0644\u0628\u0629-\u062a\u0627\u0628\u0648\u062a-\u062f\u064a-\u062c\u064a-2\/#breadcrumb\",\"itemListElement\":[{\"@type\":\"ListItem\",\"position\":1,\"name\":\"Home\",\"item\":\"https:\/\/sxflightcase.com\/\"},{\"@type\":\"ListItem\",\"position\":2,\"name\":\"\u0e2a\u0e34\u0e19\u0e04\u0e49\u0e32\",\"item\":\"https:\/\/sxflightcase.com\/th\/shop\/\"},{\"@type\":\"ListItem\",\"position\":3,\"name\":\"DJ Coffin Case Manufacture\"}]},{\"@type\":\"WebSite\",\"@id\":\"https:\/\/sxflightcase.com\/th\/#website\",\"url\":\"https:\/\/sxflightcase.com\/th\/\",\"name\":\"sxpowercase.com\",\"description\":\"Flight Case Factory\",\"publisher\":{\"@id\":\"https:\/\/sxflightcase.com\/th\/#organization\"},\"potentialAction\":[{\"@type\":\"SearchAction\",\"target\":{\"@type\":\"EntryPoint\",\"urlTemplate\":\"https:\/\/sxflightcase.com\/th\/?s={search_term_string}\"},\"query-input\":{\"@type\":\"PropertyValueSpecification\",\"valueRequired\":true,\"valueName\":\"search_term_string\"}}],\"inLanguage\":\"tr\"},{\"@type\":\"Organization\",\"@id\":\"https:\/\/sxflightcase.com\/th\/#organization\",\"name\":\"sxpowercase.com\",\"url\":\"https:\/\/sxflightcase.com\/th\/\",\"logo\":{\"@type\":\"ImageObject\",\"inLanguage\":\"tr\",\"@id\":\"https:\/\/sxflightcase.com\/th\/#\/schema\/logo\/image\/\",\"url\":\"https:\/\/sxflightcase.com\/wp-content\/uploads\/2024\/04\/1713919036007.jpg\",\"contentUrl\":\"https:\/\/sxflightcase.com\/wp-content\/uploads\/2024\/04\/1713919036007.jpg\",\"width\":382,\"height\":388,\"caption\":\"sxpowercase.com\"},\"image\":{\"@id\":\"https:\/\/sxflightcase.com\/th\/#\/schema\/logo\/image\/\"},\"sameAs\":[\"https:\/\/www.facebook.com\/profile.php?id=61560407257971\"],\"numberOfEmployees\":{\"@type\":\"QuantitativeValue\",\"minValue\":\"11\",\"maxValue\":\"50\"}}]}<\/script>\n<!-- \/ Yoast SEO Premium plugin. -->","yoast_head_json":{"title":"DJ Coffin Case Manufacture - https:\/\/sxflightcase.com \ud83d\udc97","description":"DJ Tabut K\u0131l\u0131f\u0131 \u00dcretimi:: \u0130htiya\u00e7lar\u0131n\u0131za g\u00f6re uyarlanm\u0131\u015f hassas kontrol \u00e7\u00f6z\u00fcmleri i\u00e7in fabrikada do\u011frudan sat\u0131\u015f ve profesyonel \u00f6zelle\u015ftirme.","robots":{"index":"index","follow":"follow","max-snippet":"max-snippet:-1","max-image-preview":"max-image-preview:large","max-video-preview":"max-video-preview:-1"},"canonical":"https:\/\/sxflightcase.com\/tr\/\u0645\u0646\u062a\u062c\/\u062a\u0635\u0646\u064a\u0639-\u0639\u0644\u0628\u0629-\u062a\u0627\u0628\u0648\u062a-\u062f\u064a-\u062c\u064a-2\/","og_locale":"tr_TR","og_type":"article","og_title":"DJ Coffin Case Manufacture","og_description":"DJ Coffin Case Manufacture:: Factory-direct sales and professional customization for precise control solutions tailored to your needs.","og_url":"https:\/\/sxflightcase.com\/tr\/\u0645\u0646\u062a\u062c\/\u062a\u0635\u0646\u064a\u0639-\u0639\u0644\u0628\u0629-\u062a\u0627\u0628\u0648\u062a-\u062f\u064a-\u062c\u064a-2\/","og_site_name":"https:\/\/sxflightcase.com","article_publisher":"https:\/\/www.facebook.com\/profile.php?id=61560407257971","article_modified_time":"2025-02-19T03:11:18+00:00","og_image":[{"width":700,"height":700,"url":"https:\/\/sxflightcase.com\/wp-content\/uploads\/2024\/05\/1714984371581.jpg","type":"image\/jpeg"}],"twitter_card":"summary_large_image","twitter_misc":{"Tahmini okuma s\u00fcresi":"4 dakika"},"schema":{"@context":"https:\/\/schema.org","@graph":[{"@type":"WebPage","@id":"https:\/\/sxflightcase.com\/ar\/\u0645\u0646\u062a\u062c\/\u062a\u0635\u0646\u064a\u0639-\u0639\u0644\u0628\u0629-\u062a\u0627\u0628\u0648\u062a-\u062f\u064a-\u062c\u064a-2\/","url":"https:\/\/sxflightcase.com\/ar\/\u0645\u0646\u062a\u062c\/\u062a\u0635\u0646\u064a\u0639-\u0639\u0644\u0628\u0629-\u062a\u0627\u0628\u0648\u062a-\u062f\u064a-\u062c\u064a-2\/","name":"DJ Coffin Case Manufacture - https:\/\/sxflightcase.com \ud83d\udc97","isPartOf":{"@id":"https:\/\/sxflightcase.com\/th\/#website"},"primaryImageOfPage":{"@id":"https:\/\/sxflightcase.com\/ar\/\u0645\u0646\u062a\u062c\/\u062a\u0635\u0646\u064a\u0639-\u0639\u0644\u0628\u0629-\u062a\u0627\u0628\u0648\u062a-\u062f\u064a-\u062c\u064a-2\/#primaryimage"},"image":{"@id":"https:\/\/sxflightcase.com\/ar\/\u0645\u0646\u062a\u062c\/\u062a\u0635\u0646\u064a\u0639-\u0639\u0644\u0628\u0629-\u062a\u0627\u0628\u0648\u062a-\u062f\u064a-\u062c\u064a-2\/#primaryimage"},"thumbnailUrl":"https:\/\/sxflightcase.com\/wp-content\/uploads\/2024\/05\/1714984371581.jpg","datePublished":"2024-05-07T02:02:55+00:00","dateModified":"2025-02-19T03:11:18+00:00","description":"DJ Tabut K\u0131l\u0131f\u0131 \u00dcretimi:: \u0130htiya\u00e7lar\u0131n\u0131za g\u00f6re uyarlanm\u0131\u015f hassas kontrol \u00e7\u00f6z\u00fcmleri i\u00e7in fabrikada do\u011frudan sat\u0131\u015f ve profesyonel \u00f6zelle\u015ftirme.","breadcrumb":{"@id":"https:\/\/sxflightcase.com\/ar\/\u0645\u0646\u062a\u062c\/\u062a\u0635\u0646\u064a\u0639-\u0639\u0644\u0628\u0629-\u062a\u0627\u0628\u0648\u062a-\u062f\u064a-\u062c\u064a-2\/#breadcrumb"},"inLanguage":"tr","potentialAction":[{"@type":"ReadAction","target":["https:\/\/sxflightcase.com\/ar\/\u0645\u0646\u062a\u062c\/\u062a\u0635\u0646\u064a\u0639-\u0639\u0644\u0628\u0629-\u062a\u0627\u0628\u0648\u062a-\u062f\u064a-\u062c\u064a-2\/"]}]},{"@type":"ImageObject","inLanguage":"tr","@id":"https:\/\/sxflightcase.com\/ar\/\u0645\u0646\u062a\u062c\/\u062a\u0635\u0646\u064a\u0639-\u0639\u0644\u0628\u0629-\u062a\u0627\u0628\u0648\u062a-\u062f\u064a-\u062c\u064a-2\/#primaryimage","url":"https:\/\/sxflightcase.com\/wp-content\/uploads\/2024\/05\/1714984371581.jpg","contentUrl":"https:\/\/sxflightcase.com\/wp-content\/uploads\/2024\/05\/1714984371581.jpg","width":700,"height":700,"caption":"DJ Coffin Case"},{"@type":"BreadcrumbList","@id":"https:\/\/sxflightcase.com\/ar\/\u0645\u0646\u062a\u062c\/\u062a\u0635\u0646\u064a\u0639-\u0639\u0644\u0628\u0629-\u062a\u0627\u0628\u0648\u062a-\u062f\u064a-\u062c\u064a-2\/#breadcrumb","itemListElement":[{"@type":"ListItem","position":1,"name":"Home","item":"https:\/\/sxflightcase.com\/"},{"@type":"ListItem","position":2,"name":"\u0e2a\u0e34\u0e19\u0e04\u0e49\u0e32","item":"https:\/\/sxflightcase.com\/th\/shop\/"},{"@type":"ListItem","position":3,"name":"DJ Coffin Case Manufacture"}]},{"@type":"WebSite","@id":"https:\/\/sxflightcase.com\/th\/#website","url":"https:\/\/sxflightcase.com\/th\/","name":"sxpowercase.com","description":"U\u00e7u\u015f \u00c7antas\u0131 Fabrikas\u0131","publisher":{"@id":"https:\/\/sxflightcase.com\/th\/#organization"},"potentialAction":[{"@type":"SearchAction","target":{"@type":"EntryPoint","urlTemplate":"https:\/\/sxflightcase.com\/th\/?s={search_term_string}"},"query-input":{"@type":"PropertyValueSpecification","valueRequired":true,"valueName":"search_term_string"}}],"inLanguage":"tr"},{"@type":"Organization","@id":"https:\/\/sxflightcase.com\/th\/#organization","name":"sxpowercase.com","url":"https:\/\/sxflightcase.com\/th\/","logo":{"@type":"ImageObject","inLanguage":"tr","@id":"https:\/\/sxflightcase.com\/th\/#\/schema\/logo\/image\/","url":"https:\/\/sxflightcase.com\/wp-content\/uploads\/2024\/04\/1713919036007.jpg","contentUrl":"https:\/\/sxflightcase.com\/wp-content\/uploads\/2024\/04\/1713919036007.jpg","width":382,"height":388,"caption":"sxpowercase.com"},"image":{"@id":"https:\/\/sxflightcase.com\/th\/#\/schema\/logo\/image\/"},"sameAs":["https:\/\/www.facebook.com\/profile.php?id=61560407257971"],"numberOfEmployees":{"@type":"QuantitativeValue","minValue":"11","maxValue":"50"}}]}},"_links":{"self":[{"href":"https:\/\/sxflightcase.com\/tr\/wp-json\/wp\/v2\/product\/1092","targetHints":{"allow":["GET"]}}],"collection":[{"href":"https:\/\/sxflightcase.com\/tr\/wp-json\/wp\/v2\/product"}],"about":[{"href":"https:\/\/sxflightcase.com\/tr\/wp-json\/wp\/v2\/types\/product"}],"replies":[{"embeddable":true,"href":"https:\/\/sxflightcase.com\/tr\/wp-json\/wp\/v2\/comments?post=1092"}],"version-history":[{"count":0,"href":"https:\/\/sxflightcase.com\/tr\/wp-json\/wp\/v2\/product\/1092\/revisions"}],"wp:featuredmedia":[{"embeddable":true,"href":"https:\/\/sxflightcase.com\/tr\/wp-json\/wp\/v2\/media\/1093"}],"wp:attachment":[{"href":"https:\/\/sxflightcase.com\/tr\/wp-json\/wp\/v2\/media?parent=1092"}],"wp:term":[{"taxonomy":"product_brand","embeddable":true,"href":"https:\/\/sxflightcase.com\/tr\/wp-json\/wp\/v2\/product_brand?post=1092"},{"taxonomy":"product_cat","embeddable":true,"href":"https:\/\/sxflightcase.com\/tr\/wp-json\/wp\/v2\/product_cat?post=1092"},{"taxonomy":"product_tag","embeddable":true,"href":"https:\/\/sxflightcase.com\/tr\/wp-json\/wp\/v2\/product_tag?post=1092"}],"curies":[{"name":"wp","href":"https:\/\/api.w.org\/{rel}","templated":true}]}}