{"id":1097,"date":"2024-05-07T04:52:19","date_gmt":"2024-05-07T03:52:19","guid":{"rendered":"https:\/\/sxpowercase.com\/?post_type=product&#038;p=1097"},"modified":"2025-02-19T22:45:15","modified_gmt":"2025-02-20T06:45:15","slug":"mixer-flight-case","status":"publish","type":"product","link":"https:\/\/sxflightcase.com\/tr\/urun\/mikser-ucus-kutusu\/","title":{"rendered":"SX Mikser U\u00e7u\u015f \u00c7antas\u0131: DJ Mikseriniz i\u00e7in \u00dcst\u00fcn Koruma | \u00d6zelle\u015ftirilebilir ve Dayan\u0131kl\u0131"},"content":{"rendered":"<h3><strong>Mikserinizi SX Mikser U\u00e7u\u015f \u00c7antas\u0131 ile Koruyun<\/strong><\/h3>\n<p>DJ ekipman\u0131n\u0131z\u0131 ta\u015f\u0131man\u0131z gerekti\u011finde, <strong>SX<\/strong> yard\u0131m etmek i\u00e7in burada. Bizim <a href=\"https:\/\/sxpowercase.com\/product\/19-rackmount-mixer-flight-cases\/\"><strong>Mikser U\u00e7u\u015f Kasas\u0131 <\/strong><\/a>mikserinizi g\u00fcvende tutmak i\u00e7in \u00fcretilmi\u015ftir. Seyahat etmek veya bir g\u00f6steri i\u00e7in kurulum yapmak i\u00e7in m\u00fckemmeldir.<\/p>\n<h3><strong>Neden SX Mikser U\u00e7u\u015f \u00c7antas\u0131n\u0131 Se\u00e7melisiniz?<\/strong><\/h3>\n<ol>\n<li><strong>Mikseriniz i\u00e7in \u00dcst\u00fcn Koruma<\/strong><br \/>\nDavalar\u0131m\u0131z <strong>al\u00fcmi\u0307nyum \u00e7er\u00e7eveler<\/strong>, <strong>yanmaz 9mm kontrplak<\/strong>, Ve <strong>end\u00fcstri\u0307yel standartlarda donanim<\/strong>. Yola kar\u015f\u0131 dayan\u0131kl\u0131d\u0131rlar. K\u00f6\u015feler g\u00fc\u00e7lendirilmi\u015ftir ve mandallar sa\u011flamd\u0131r, b\u00f6ylece mikseriniz g\u00fcvende kal\u0131r.<\/li>\n<li><strong>Mikseriniz i\u00e7in \u00d6zelle\u015ftirilmi\u015f \u00c7\u00f6z\u00fcmler<\/strong><br \/>\nHer mikser farkl\u0131 oldu\u011fu gibi vakalar\u0131m\u0131z da farkl\u0131d\u0131r. Bir tane yapabiliriz <strong>m\u00fckemmel \u00f6zel \u00e7anta<\/strong> ister bir ister birka\u00e7 mikser olsun, ekipman\u0131n\u0131z i\u00e7in.<\/li>\n<li><strong>\u0130\u015f Verimlili\u011finizi Art\u0131r\u0131n<\/strong><br \/>\n\u00c7antalar\u0131m\u0131z mikserinizi g\u00fcvende ve d\u00fczenli tutar. Bu sayede bozuk ekipmanlar\u0131 tamir etmeye de\u011fil, performans\u0131n\u0131za odaklanabilirsiniz. Daha \u00fcretken olacak, daha fazla konser verecek ve daha fazla para kazanacaks\u0131n\u0131z.<\/li>\n<li><strong>Kar\u0131n\u0131z\u0131 Maksimize Edin<\/strong><br \/>\nSX mikser kasalar\u0131 sat\u0131n almak i\u015fletmeniz i\u00e7in ak\u0131ll\u0131ca bir se\u00e7imdir. Onar\u0131m ve de\u011fi\u015fimlerden ka\u00e7\u0131narak paradan tasarruf etmenizi sa\u011flarlar. Ayr\u0131ca, daha fazla konser verebilirsiniz, bu da sizin i\u00e7in daha fazla para anlam\u0131na gelir.<\/li>\n<li><strong>Ola\u011fan\u00fcst\u00fc Kalite ve Hizmet<\/strong><br \/>\nSX'de, her \u015feyimiz <strong>ola\u011fan\u00fcst\u00fc kali\u0307te<\/strong> Ve <strong>m\u00fc\u015fteri\u0307 hi\u0307zmetleri\u0307<\/strong>. Mutlu oldu\u011funuzdan emin olmak i\u00e7in ba\u015f\u0131ndan sonuna kadar sizinle birlikte \u00e7al\u0131\u015f\u0131yoruz.<\/li>\n<\/ol>\n<h3><strong>Temel \u00d6zellikler:<\/strong><\/h3>\n<ul>\n<li><strong>Malzeme:<\/strong> Al\u00fcminyum \u00e7er\u00e7eve + yanmaz 9mm kontrplak<\/li>\n<li><strong>\u0130\u00e7 mekan:<\/strong> Kolay eri\u015fim i\u00e7in kayar \u00fcst k\u0131s\u0131m<\/li>\n<li><strong>Donan\u0131m:<\/strong> \u0130stiflenebilir bilyeli k\u00f6\u015feler, asma kilitli g\u00f6mme mandallar ve sa\u011flam kulplar dahil olmak \u00fczere end\u00fcstriyel standartta donan\u0131m<\/li>\n<li><strong>\u00d6zelle\u015ftirme:<\/strong> K\u0131l\u0131f\u0131 ihtiya\u00e7lar\u0131n\u0131za g\u00f6re uyarlay\u0131n; stil, renk, boyut ve malzemeleri se\u00e7in.<\/li>\n<li><strong>Paketleme:<\/strong> G\u00fcvenli teslimat i\u00e7in balonlu torba + d\u0131\u015f karton<\/li>\n<\/ul>\n<h3><strong>DJ Setup'\u0131n\u0131z\u0131 SX Mikser K\u0131l\u0131f\u0131 ile G\u00fc\u00e7lendirin<\/strong><\/h3>\n<p>Mikserinizin yolda hasar g\u00f6rmesine izin vermeyin. SX Mikser ile <a href=\"https:\/\/sxpowercase.com\/product\/rack-case-12u-flight-cases\/\">U\u00e7u\u015f Vakalar\u0131<\/a>yapabilirsin:<\/p>\n<ul>\n<li><strong>De\u011ferli mikserinizi koruyun<\/strong> ta\u015f\u0131ma s\u0131ras\u0131nda hasar g\u00f6rmesini \u00f6nler.<\/li>\n<li><strong>D\u00fczenli kal\u0131n<\/strong> ve her i\u015f i\u00e7in haz\u0131r.<\/li>\n<li><strong>Kar hanenizi art\u0131r\u0131n<\/strong> g\u00fcvenle daha fazla proje \u00fcstlenerek.<\/li>\n<\/ul>\n<h3><strong>SSS<\/strong><\/h3>\n<p><strong>S: SX belirli mikser modelleri i\u00e7in mikser k\u0131l\u0131flar\u0131n\u0131 \u00f6zelle\u015ftirebilir mi?<\/strong><br \/>\nC: Evet, mikserinize m\u00fckemmel \u015fekilde uyacak \u015fekilde uyarlanm\u0131\u015f \u00f6zel \u00e7\u00f6z\u00fcmler sunuyoruz.<\/p>\n<p><strong>S: SX mikser k\u0131l\u0131flar\u0131 hem profesyonel hem de amat\u00f6r DJ'ler i\u00e7in uygun mu?<\/strong><br \/>\nC: Kesinlikle! Mikser k\u0131l\u0131flar\u0131m\u0131z t\u00fcm beceri seviyelerindeki DJ'lerin ihtiya\u00e7lar\u0131n\u0131 kar\u015f\u0131layacak \u015fekilde tasarlanm\u0131\u015ft\u0131r.<\/p>\n<p><strong>S: SX'ten \u00f6zel bir mikser kutusu almak ne kadar s\u00fcrer?<\/strong><br \/>\nC: Teslim s\u00fcreleri, vakan\u0131n karma\u015f\u0131kl\u0131\u011f\u0131na ve mevcut i\u015f y\u00fck\u00fcm\u00fcze ba\u011fl\u0131 olarak de\u011fi\u015fir. \u00d6zel teslimat zaman \u00e7izelgeleri i\u00e7in bizimle ileti\u015fime ge\u00e7in.<\/p>\n<p><strong>S: SX mikser k\u0131l\u0131flar\u0131 garanti kapsam\u0131na dahil mi?<\/strong><br \/>\nC: Evet, k\u0131l\u0131flar\u0131m\u0131z daha fazla g\u00f6n\u00fcl rahatl\u0131\u011f\u0131 i\u00e7in garanti kapsam\u0131yla birlikte gelir.<\/p>\n<p><strong>S: Mikser kutular\u0131n\u0131 SX'ten toplu olarak sipari\u015f edebilir miyim?<\/strong><br \/>\nC: Evet, toplu sipari\u015fleri kar\u015f\u0131layabiliriz. Fiyatland\u0131rma ve uygunluk i\u00e7in bizimle ileti\u015fime ge\u00e7in.<\/p>\n<h3><strong>\u00d6zel Mikser U\u00e7u\u015f \u00c7antan\u0131z\u0131 Bug\u00fcn Sipari\u015f Edin!<\/strong><\/h3>\n<p>Mikserinizi SX'in birinci s\u0131n\u0131f u\u00e7u\u015f k\u0131l\u0131flar\u0131yla korumaya haz\u0131r m\u0131s\u0131n\u0131z? \u00d6zel \u00e7\u00f6z\u00fcm\u00fcn\u00fcz\u00fc tasarlamak i\u00e7in \u015fimdi bize ula\u015f\u0131n.<\/p>\n<p><strong>Hemen Eri\u015fim Sa\u011flay\u0131n:<\/strong> <a href=\"https:\/\/sxpowercase.com\/contact-us\/\" target=\"_blank\" rel=\"noopener noreferrer\">https:\/\/sxpowercase.com\/contact-us\/<\/a><\/p>\n<h3><strong>S\u0131cak Etiketler:<\/strong><\/h3>\n<p>D\u00fc\u015f\u00fck fiyat, stokta, \u00fccretsiz numune, G\u00fc\u00e7 ve Sinyal Kablosu, 16 Gauge 4 \u0130letken Tel, Mikrofon Stand\u0131 \u00c7antas\u0131, D\u0131\u015f Mekan LED Ekran Kabini, Raf Montaj\u0131, Elektrik Da\u011f\u0131t\u0131m Kutusu, \u00c7in, tedarik\u00e7iler, fabrika, \u00f6zelle\u015ftirilmi\u015f, toptan sat\u0131\u015f, g\u00fc\u00e7 kutular\u0131, g\u00fc\u00e7 kablolar\u0131, vin\u00e7 kontrol\u00f6rleri, u\u00e7u\u015f \u00e7antalar\u0131.<\/p>","protected":false},"excerpt":{"rendered":"<h2 id=\"ali-title-AliPostDhMb-smk2m\"><span data-spm-anchor-id=\"a2700.details.0.i67.3f0523687cJVAX\">\u00dcr\u00fcn A\u00e7\u0131klamas\u0131<\/span><\/h2>\n<div>\n<p>Pro DJ mikser CD \u00e7alar tabut k\u0131l\u0131f\u0131, 2 pikap kuyusu ve bir mikser kuyusu, kayar e\u011fimli \u00fcst, istiflenebilir bilyal\u0131 konekt\u00f6rler ve g\u00fc\u00e7 kablosu delikleri, Ayr\u0131ca i\u00e7inde LED \u0131\u015f\u0131k ile, ekipmanlar i\u00e7in g\u00fcvenilir ve faydal\u0131 bir koruma sa\u011flar ve kullan\u0131mda rahatt\u0131r.<\/p>\n<h2>Ana \u00d6zellikler:<\/h2>\n<ul>\n<li>\u00a0 \u00a0G\u00fc\u00e7l\u00fc 9mm Kontrplak ve Al\u00fcminyum ekstr\u00fczyonlar<\/li>\n<li>\u00a0 \u00a0End\u00fcstriyel standart donan\u0131mlar<\/li>\n<li>\u00a0 \u00a0K\u00f6p\u00fck Astar (se\u00e7ilebilir)<\/li>\n<li>\u00a0 \u00a0G\u00f6mme ta\u015f\u0131ma kollar\u0131<\/li>\n<li>\u00a0 \u00a0Yerle\u015fik ta\u015f\u0131ma tekerlekleri<\/li>\n<\/ul>\n<\/div>","protected":false},"featured_media":1101,"comment_status":"open","ping_status":"closed","template":"","meta":[],"product_brand":[],"product_cat":[41],"product_tag":[],"class_list":{"0":"post-1097","1":"product","2":"type-product","3":"status-publish","4":"has-post-thumbnail","6":"product_cat-equipment-cases","8":"first","9":"instock","10":"shipping-taxable","11":"product-type-simple"},"yoast_head":"<!-- This site is optimized with the Yoast SEO Premium plugin v27.1 (Yoast SEO v27.2) - https:\/\/yoast.com\/product\/yoast-seo-premium-wordpress\/ -->\n<title>SX Mixer Flight Case: Ultimate Protection for Your DJ Mixer | Customizable &amp; Durable - https:\/\/sxflightcase.com \ud83d\udc97<\/title>\n<meta name=\"description\" content=\"mixer flight case: Explore factory-direct sales and professional customization for the ultimate protection of your equipment.\" \/>\n<meta name=\"robots\" content=\"index, follow, max-snippet:-1, max-image-preview:large, max-video-preview:-1\" \/>\n<link rel=\"canonical\" href=\"https:\/\/sxflightcase.com\/tr\/\u88fd\u54c1\/\u30df\u30ad\u30b5\u30fc\u30d5\u30e9\u30a4\u30c8\u30b1\u30fc\u30b9\/\" \/>\n<meta property=\"og:locale\" content=\"tr_TR\" \/>\n<meta property=\"og:type\" content=\"article\" \/>\n<meta property=\"og:title\" content=\"SX Mixer Flight Case: Ultimate Protection for Your DJ Mixer | Customizable &amp; Durable\" \/>\n<meta property=\"og:description\" content=\"mixer flight case: Explore factory-direct sales and professional customization for the ultimate protection of your equipment.\" \/>\n<meta property=\"og:url\" content=\"https:\/\/sxflightcase.com\/tr\/\u88fd\u54c1\/\u30df\u30ad\u30b5\u30fc\u30d5\u30e9\u30a4\u30c8\u30b1\u30fc\u30b9\/\" \/>\n<meta property=\"og:site_name\" content=\"https:\/\/sxflightcase.com\" \/>\n<meta property=\"article:publisher\" content=\"https:\/\/www.facebook.com\/profile.php?id=61560407257971\" \/>\n<meta property=\"article:modified_time\" content=\"2025-02-20T06:45:15+00:00\" \/>\n<meta property=\"og:image\" content=\"https:\/\/sxflightcase.com\/wp-content\/uploads\/2024\/05\/1714984324343.jpg\" \/>\n\t<meta property=\"og:image:width\" content=\"750\" \/>\n\t<meta property=\"og:image:height\" content=\"750\" \/>\n\t<meta property=\"og:image:type\" content=\"image\/jpeg\" \/>\n<meta name=\"twitter:card\" content=\"summary_large_image\" \/>\n<meta name=\"twitter:label1\" content=\"Tahmini okuma s\u00fcresi\" \/>\n\t<meta name=\"twitter:data1\" content=\"4 dakika\" \/>\n<script type=\"application\/ld+json\" class=\"yoast-schema-graph\">{\"@context\":\"https:\/\/schema.org\",\"@graph\":[{\"@type\":\"WebPage\",\"@id\":\"https:\/\/sxflightcase.com\/ja\/\u88fd\u54c1\/\u30df\u30ad\u30b5\u30fc\u30d5\u30e9\u30a4\u30c8\u30b1\u30fc\u30b9\/\",\"url\":\"https:\/\/sxflightcase.com\/ja\/\u88fd\u54c1\/\u30df\u30ad\u30b5\u30fc\u30d5\u30e9\u30a4\u30c8\u30b1\u30fc\u30b9\/\",\"name\":\"SX Mixer Flight Case: Ultimate Protection for Your DJ Mixer | Customizable & Durable - https:\/\/sxflightcase.com \ud83d\udc97\",\"isPartOf\":{\"@id\":\"https:\/\/sxflightcase.com\/th\/#website\"},\"primaryImageOfPage\":{\"@id\":\"https:\/\/sxflightcase.com\/ja\/\u88fd\u54c1\/\u30df\u30ad\u30b5\u30fc\u30d5\u30e9\u30a4\u30c8\u30b1\u30fc\u30b9\/#primaryimage\"},\"image\":{\"@id\":\"https:\/\/sxflightcase.com\/ja\/\u88fd\u54c1\/\u30df\u30ad\u30b5\u30fc\u30d5\u30e9\u30a4\u30c8\u30b1\u30fc\u30b9\/#primaryimage\"},\"thumbnailUrl\":\"https:\/\/sxflightcase.com\/wp-content\/uploads\/2024\/05\/1714984324343.jpg\",\"datePublished\":\"2024-05-07T03:52:19+00:00\",\"dateModified\":\"2025-02-20T06:45:15+00:00\",\"description\":\"mixer flight case: Explore factory-direct sales and professional customization for the ultimate protection of your equipment.\",\"breadcrumb\":{\"@id\":\"https:\/\/sxflightcase.com\/ja\/\u88fd\u54c1\/\u30df\u30ad\u30b5\u30fc\u30d5\u30e9\u30a4\u30c8\u30b1\u30fc\u30b9\/#breadcrumb\"},\"inLanguage\":\"tr\",\"potentialAction\":[{\"@type\":\"ReadAction\",\"target\":[\"https:\/\/sxflightcase.com\/ja\/\u88fd\u54c1\/\u30df\u30ad\u30b5\u30fc\u30d5\u30e9\u30a4\u30c8\u30b1\u30fc\u30b9\/\"]}]},{\"@type\":\"ImageObject\",\"inLanguage\":\"tr\",\"@id\":\"https:\/\/sxflightcase.com\/ja\/\u88fd\u54c1\/\u30df\u30ad\u30b5\u30fc\u30d5\u30e9\u30a4\u30c8\u30b1\u30fc\u30b9\/#primaryimage\",\"url\":\"https:\/\/sxflightcase.com\/wp-content\/uploads\/2024\/05\/1714984324343.jpg\",\"contentUrl\":\"https:\/\/sxflightcase.com\/wp-content\/uploads\/2024\/05\/1714984324343.jpg\",\"width\":750,\"height\":750,\"caption\":\"mixer flight case\"},{\"@type\":\"BreadcrumbList\",\"@id\":\"https:\/\/sxflightcase.com\/ja\/\u88fd\u54c1\/\u30df\u30ad\u30b5\u30fc\u30d5\u30e9\u30a4\u30c8\u30b1\u30fc\u30b9\/#breadcrumb\",\"itemListElement\":[{\"@type\":\"ListItem\",\"position\":1,\"name\":\"Home\",\"item\":\"https:\/\/sxflightcase.com\/\"},{\"@type\":\"ListItem\",\"position\":2,\"name\":\"\u0e2a\u0e34\u0e19\u0e04\u0e49\u0e32\",\"item\":\"https:\/\/sxflightcase.com\/th\/shop\/\"},{\"@type\":\"ListItem\",\"position\":3,\"name\":\"SX Mixer Flight Case: Ultimate Protection for Your DJ Mixer | Customizable &#038; Durable\"}]},{\"@type\":\"WebSite\",\"@id\":\"https:\/\/sxflightcase.com\/th\/#website\",\"url\":\"https:\/\/sxflightcase.com\/th\/\",\"name\":\"sxpowercase.com\",\"description\":\"Flight Case Factory\",\"publisher\":{\"@id\":\"https:\/\/sxflightcase.com\/th\/#organization\"},\"potentialAction\":[{\"@type\":\"SearchAction\",\"target\":{\"@type\":\"EntryPoint\",\"urlTemplate\":\"https:\/\/sxflightcase.com\/th\/?s={search_term_string}\"},\"query-input\":{\"@type\":\"PropertyValueSpecification\",\"valueRequired\":true,\"valueName\":\"search_term_string\"}}],\"inLanguage\":\"tr\"},{\"@type\":\"Organization\",\"@id\":\"https:\/\/sxflightcase.com\/th\/#organization\",\"name\":\"sxpowercase.com\",\"url\":\"https:\/\/sxflightcase.com\/th\/\",\"logo\":{\"@type\":\"ImageObject\",\"inLanguage\":\"tr\",\"@id\":\"https:\/\/sxflightcase.com\/th\/#\/schema\/logo\/image\/\",\"url\":\"https:\/\/sxflightcase.com\/wp-content\/uploads\/2024\/04\/1713919036007.jpg\",\"contentUrl\":\"https:\/\/sxflightcase.com\/wp-content\/uploads\/2024\/04\/1713919036007.jpg\",\"width\":382,\"height\":388,\"caption\":\"sxpowercase.com\"},\"image\":{\"@id\":\"https:\/\/sxflightcase.com\/th\/#\/schema\/logo\/image\/\"},\"sameAs\":[\"https:\/\/www.facebook.com\/profile.php?id=61560407257971\"],\"numberOfEmployees\":{\"@type\":\"QuantitativeValue\",\"minValue\":\"11\",\"maxValue\":\"50\"}}]}<\/script>\n<!-- \/ Yoast SEO Premium plugin. -->","yoast_head_json":{"title":"SX Mixer Flight Case: Ultimate Protection for Your DJ Mixer | Customizable & Durable - https:\/\/sxflightcase.com \ud83d\udc97","description":"mikser u\u00e7u\u015f \u00e7antas\u0131: Ekipman\u0131n\u0131z\u0131n en \u00fcst d\u00fczeyde korunmas\u0131 i\u00e7in fabrika do\u011frudan sat\u0131\u015flar\u0131n\u0131 ve profesyonel \u00f6zelle\u015ftirmeyi ke\u015ffedin.","robots":{"index":"index","follow":"follow","max-snippet":"max-snippet:-1","max-image-preview":"max-image-preview:large","max-video-preview":"max-video-preview:-1"},"canonical":"https:\/\/sxflightcase.com\/tr\/\u88fd\u54c1\/\u30df\u30ad\u30b5\u30fc\u30d5\u30e9\u30a4\u30c8\u30b1\u30fc\u30b9\/","og_locale":"tr_TR","og_type":"article","og_title":"SX Mixer Flight Case: Ultimate Protection for Your DJ Mixer | Customizable & Durable","og_description":"mixer flight case: Explore factory-direct sales and professional customization for the ultimate protection of your equipment.","og_url":"https:\/\/sxflightcase.com\/tr\/\u88fd\u54c1\/\u30df\u30ad\u30b5\u30fc\u30d5\u30e9\u30a4\u30c8\u30b1\u30fc\u30b9\/","og_site_name":"https:\/\/sxflightcase.com","article_publisher":"https:\/\/www.facebook.com\/profile.php?id=61560407257971","article_modified_time":"2025-02-20T06:45:15+00:00","og_image":[{"width":750,"height":750,"url":"https:\/\/sxflightcase.com\/wp-content\/uploads\/2024\/05\/1714984324343.jpg","type":"image\/jpeg"}],"twitter_card":"summary_large_image","twitter_misc":{"Tahmini okuma s\u00fcresi":"4 dakika"},"schema":{"@context":"https:\/\/schema.org","@graph":[{"@type":"WebPage","@id":"https:\/\/sxflightcase.com\/ja\/\u88fd\u54c1\/\u30df\u30ad\u30b5\u30fc\u30d5\u30e9\u30a4\u30c8\u30b1\u30fc\u30b9\/","url":"https:\/\/sxflightcase.com\/ja\/\u88fd\u54c1\/\u30df\u30ad\u30b5\u30fc\u30d5\u30e9\u30a4\u30c8\u30b1\u30fc\u30b9\/","name":"SX Mixer Flight Case: Ultimate Protection for Your DJ Mixer | Customizable & Durable - https:\/\/sxflightcase.com \ud83d\udc97","isPartOf":{"@id":"https:\/\/sxflightcase.com\/th\/#website"},"primaryImageOfPage":{"@id":"https:\/\/sxflightcase.com\/ja\/\u88fd\u54c1\/\u30df\u30ad\u30b5\u30fc\u30d5\u30e9\u30a4\u30c8\u30b1\u30fc\u30b9\/#primaryimage"},"image":{"@id":"https:\/\/sxflightcase.com\/ja\/\u88fd\u54c1\/\u30df\u30ad\u30b5\u30fc\u30d5\u30e9\u30a4\u30c8\u30b1\u30fc\u30b9\/#primaryimage"},"thumbnailUrl":"https:\/\/sxflightcase.com\/wp-content\/uploads\/2024\/05\/1714984324343.jpg","datePublished":"2024-05-07T03:52:19+00:00","dateModified":"2025-02-20T06:45:15+00:00","description":"mikser u\u00e7u\u015f \u00e7antas\u0131: Ekipman\u0131n\u0131z\u0131n en \u00fcst d\u00fczeyde korunmas\u0131 i\u00e7in fabrika do\u011frudan sat\u0131\u015flar\u0131n\u0131 ve profesyonel \u00f6zelle\u015ftirmeyi ke\u015ffedin.","breadcrumb":{"@id":"https:\/\/sxflightcase.com\/ja\/\u88fd\u54c1\/\u30df\u30ad\u30b5\u30fc\u30d5\u30e9\u30a4\u30c8\u30b1\u30fc\u30b9\/#breadcrumb"},"inLanguage":"tr","potentialAction":[{"@type":"ReadAction","target":["https:\/\/sxflightcase.com\/ja\/\u88fd\u54c1\/\u30df\u30ad\u30b5\u30fc\u30d5\u30e9\u30a4\u30c8\u30b1\u30fc\u30b9\/"]}]},{"@type":"ImageObject","inLanguage":"tr","@id":"https:\/\/sxflightcase.com\/ja\/\u88fd\u54c1\/\u30df\u30ad\u30b5\u30fc\u30d5\u30e9\u30a4\u30c8\u30b1\u30fc\u30b9\/#primaryimage","url":"https:\/\/sxflightcase.com\/wp-content\/uploads\/2024\/05\/1714984324343.jpg","contentUrl":"https:\/\/sxflightcase.com\/wp-content\/uploads\/2024\/05\/1714984324343.jpg","width":750,"height":750,"caption":"mixer flight case"},{"@type":"BreadcrumbList","@id":"https:\/\/sxflightcase.com\/ja\/\u88fd\u54c1\/\u30df\u30ad\u30b5\u30fc\u30d5\u30e9\u30a4\u30c8\u30b1\u30fc\u30b9\/#breadcrumb","itemListElement":[{"@type":"ListItem","position":1,"name":"Home","item":"https:\/\/sxflightcase.com\/"},{"@type":"ListItem","position":2,"name":"\u0e2a\u0e34\u0e19\u0e04\u0e49\u0e32","item":"https:\/\/sxflightcase.com\/th\/shop\/"},{"@type":"ListItem","position":3,"name":"SX Mixer Flight Case: Ultimate Protection for Your DJ Mixer | Customizable &#038; Durable"}]},{"@type":"WebSite","@id":"https:\/\/sxflightcase.com\/th\/#website","url":"https:\/\/sxflightcase.com\/th\/","name":"sxpowercase.com","description":"U\u00e7u\u015f \u00c7antas\u0131 Fabrikas\u0131","publisher":{"@id":"https:\/\/sxflightcase.com\/th\/#organization"},"potentialAction":[{"@type":"SearchAction","target":{"@type":"EntryPoint","urlTemplate":"https:\/\/sxflightcase.com\/th\/?s={search_term_string}"},"query-input":{"@type":"PropertyValueSpecification","valueRequired":true,"valueName":"search_term_string"}}],"inLanguage":"tr"},{"@type":"Organization","@id":"https:\/\/sxflightcase.com\/th\/#organization","name":"sxpowercase.com","url":"https:\/\/sxflightcase.com\/th\/","logo":{"@type":"ImageObject","inLanguage":"tr","@id":"https:\/\/sxflightcase.com\/th\/#\/schema\/logo\/image\/","url":"https:\/\/sxflightcase.com\/wp-content\/uploads\/2024\/04\/1713919036007.jpg","contentUrl":"https:\/\/sxflightcase.com\/wp-content\/uploads\/2024\/04\/1713919036007.jpg","width":382,"height":388,"caption":"sxpowercase.com"},"image":{"@id":"https:\/\/sxflightcase.com\/th\/#\/schema\/logo\/image\/"},"sameAs":["https:\/\/www.facebook.com\/profile.php?id=61560407257971"],"numberOfEmployees":{"@type":"QuantitativeValue","minValue":"11","maxValue":"50"}}]}},"_links":{"self":[{"href":"https:\/\/sxflightcase.com\/tr\/wp-json\/wp\/v2\/product\/1097","targetHints":{"allow":["GET"]}}],"collection":[{"href":"https:\/\/sxflightcase.com\/tr\/wp-json\/wp\/v2\/product"}],"about":[{"href":"https:\/\/sxflightcase.com\/tr\/wp-json\/wp\/v2\/types\/product"}],"replies":[{"embeddable":true,"href":"https:\/\/sxflightcase.com\/tr\/wp-json\/wp\/v2\/comments?post=1097"}],"version-history":[{"count":0,"href":"https:\/\/sxflightcase.com\/tr\/wp-json\/wp\/v2\/product\/1097\/revisions"}],"wp:featuredmedia":[{"embeddable":true,"href":"https:\/\/sxflightcase.com\/tr\/wp-json\/wp\/v2\/media\/1101"}],"wp:attachment":[{"href":"https:\/\/sxflightcase.com\/tr\/wp-json\/wp\/v2\/media?parent=1097"}],"wp:term":[{"taxonomy":"product_brand","embeddable":true,"href":"https:\/\/sxflightcase.com\/tr\/wp-json\/wp\/v2\/product_brand?post=1097"},{"taxonomy":"product_cat","embeddable":true,"href":"https:\/\/sxflightcase.com\/tr\/wp-json\/wp\/v2\/product_cat?post=1097"},{"taxonomy":"product_tag","embeddable":true,"href":"https:\/\/sxflightcase.com\/tr\/wp-json\/wp\/v2\/product_tag?post=1097"}],"curies":[{"name":"wp","href":"https:\/\/api.w.org\/{rel}","templated":true}]}}