{"id":1102,"date":"2024-05-07T06:44:03","date_gmt":"2024-05-07T05:44:03","guid":{"rendered":"https:\/\/sxpowercase.com\/?post_type=product&#038;p=1102"},"modified":"2025-02-19T23:31:10","modified_gmt":"2025-02-20T07:31:10","slug":"yamaha-mixer-case","status":"publish","type":"product","link":"https:\/\/sxflightcase.com\/tr\/urun\/yamaha-mikser-cantasi-2\/","title":{"rendered":"Yamaha Mikser \u00c7antas\u0131| \u00d6zelle\u015ftirilebilir ve Dayan\u0131kl\u0131"},"content":{"rendered":"<h3><strong>\u00dcr\u00fcne Genel Bak\u0131\u015f: Yamaha Mikser \u00c7antas\u0131<\/strong><\/h3>\n<p>The\u00a0<strong>Yamaha Mikser Kutusu<\/strong>\u00a0ta\u015f\u0131ma ve depolama s\u0131ras\u0131nda mikseriniz i\u00e7in \u00fcst\u00fcn koruma sa\u011flamak \u00fczere tasarlanm\u0131\u015ft\u0131r. \u0130ster bir spor salonu, tiyatro, sahne performans\u0131 veya kurumsal etkinlik i\u00e7in kurulum yap\u0131yor olun, \u00e7antalar\u0131m\u0131z ekipman\u0131n\u0131z\u0131n g\u00fcvende ve emniyette kalmas\u0131n\u0131 sa\u011flar.<\/p>\n<hr \/>\n<h3><strong>Temel \u00d6zellikler:<\/strong><\/h3>\n<ul>\n<li><strong>Malzeme:<\/strong>\u00a0Maksimum dayan\u0131kl\u0131l\u0131k i\u00e7in 9 mm lamine kontrplak yap\u0131<\/li>\n<li><strong>Donan\u0131m:<\/strong>\u00a0A\u015fa\u011f\u0131dakiler dahil ticari s\u0131n\u0131f kaplamal\u0131 donan\u0131m\u00a0<strong>\u0130mza Gator K\u0131rm\u0131z\u0131s\u0131 kulplar ve mandallar<\/strong>, Ve\u00a0<strong>top k\u00f6\u015feleri<\/strong><\/li>\n<li><strong>Hareketlilik:<\/strong>\u00a0Kolay ta\u015f\u0131ma i\u00e7in dahili yayl\u0131 g\u00f6mme \u00e7ekme kolu ve tekerlekler<\/li>\n<li><strong>\u0130\u00e7 mekan:<\/strong>\u00a0Fan hava ak\u0131\u015f\u0131 i\u00e7in havaland\u0131rma bloklar\u0131na sahip Ultra-Dur EVA k\u00f6p\u00fck dolgu<\/li>\n<li><strong>Renk Se\u00e7enekleri:<\/strong>\u00a0Siyah, Mavi, K\u0131rm\u0131z\u0131 veya \u00f6zel renkler mevcuttur<\/li>\n<li><strong>Kullan\u0131m:<\/strong>\u00a0Yamaha mikserlerini korumak, ta\u015f\u0131mak ve saklamak i\u00e7in ideal<\/li>\n<\/ul>\n<hr \/>\n<h3><strong>Uygulamalar:<\/strong><\/h3>\n<p>Yamaha Mikser \u00c7antas\u0131, a\u015fa\u011f\u0131dakiler de dahil olmak \u00fczere \u00e7e\u015fitli ortamlar i\u00e7in m\u00fckemmeldir:<\/p>\n<ul>\n<li><strong>Spor Salonlar\u0131<\/strong><\/li>\n<li><strong>Tiyatrolar<\/strong><\/li>\n<li><strong>Sahne performanslar\u0131<\/strong><\/li>\n<li><strong>A\u00e7\u0131k hava etkinlikleri<\/strong><\/li>\n<li><strong>Oteller ve toplant\u0131 salonlar\u0131<\/strong><\/li>\n<\/ul>\n<hr \/>\n<h3><strong>Neden Yamaha Mikser K\u0131l\u0131f\u0131m\u0131z\u0131 Se\u00e7melisiniz?<\/strong><\/h3>\n<ol start=\"1\">\n<li><strong>\u00dcst\u00fcn Koruma<\/strong><br \/>\n\u00c7antalar\u0131m\u0131z ta\u015f\u0131man\u0131n zorluklar\u0131na dayanacak \u015fekilde \u00fcretilmi\u015ftir ve mikserinizin \u00e7arpma, d\u00fc\u015fme ve di\u011fer tehlikelere kar\u015f\u0131 g\u00fcvende kalmas\u0131n\u0131 sa\u011flar.<\/li>\n<li><strong>\u00d6zelle\u015ftirilebilir Tasar\u0131m<\/strong><br \/>\nBiz teklif ediyoruz\u00a0<strong>\u00f6zel \u00e7\u00f6z\u00fcmler<\/strong>\u00a0\u00d6zel mikser modelinize ve gereksinimlerinize uyacak \u015fekilde. Farkl\u0131 renkler, malzemeler ve i\u00e7 d\u00fczenler aras\u0131ndan se\u00e7im yap\u0131n.<\/li>\n<li><strong>Geli\u015ftirilmi\u015f Mobilite<\/strong><br \/>\nYerle\u015fik kulplar\u0131 ve tekerlekleri ile \u00e7antalar\u0131m\u0131z mikserinizi mekanlar aras\u0131nda ta\u015f\u0131man\u0131z\u0131 kolayla\u015ft\u0131rarak zamandan ve emekten tasarruf etmenizi sa\u011flar.<\/li>\n<li><strong>Dayan\u0131kl\u0131l\u0131k ve G\u00fcvenilirlik<\/strong><br \/>\nY\u00fcksek kaliteli malzemelerden \u00fcretilen k\u0131l\u0131flar\u0131m\u0131z uzun \u00f6m\u00fcrl\u00fc olacak \u015fekilde tasarlanm\u0131\u015ft\u0131r ve de\u011ferli ekipmanlar\u0131n\u0131z i\u00e7in uzun s\u00fcreli koruma sa\u011flar.<\/li>\n<\/ol>\n<hr \/>\n<h3><strong>Paketleme ve Nakliye:<\/strong><\/h3>\n<ul>\n<li><strong>Nakliye S\u00fcresi:<\/strong>\n<ul>\n<li>Deniz yoluyla: 15-60 g\u00fcn<\/li>\n<li>Hava yolu ile: 4-9 g\u00fcn<\/li>\n<li>Ekspres ile: 4-9 g\u00fcn<\/li>\n<\/ul>\n<\/li>\n<li><strong>Teslimat S\u00fcresi:<\/strong>\u00a07-15 i\u015f g\u00fcn\u00fc veya ihtiya\u00e7lar\u0131n\u0131za g\u00f6re<\/li>\n<li><strong>Ambalajlama:<\/strong>\u00a0Karton veya \u00f6zelle\u015ftirilmi\u015f ambalaj mevcuttur<\/li>\n<\/ul>\n<hr \/>\n<h3><strong>Bizim Hizmetimiz:<\/strong><\/h3>\n<ul>\n<li><strong>Profesyonel Hizmet:<\/strong>\u00a0\u00dcr\u00fcnlerin d\u00fcnya \u00e7ap\u0131nda paketlenmesi ve ihracat\u0131 konusunda uzmanl\u0131k<\/li>\n<li><strong>\u00dcretimde M\u00fckemmellik:<\/strong>\u00a0Detaylara \u00f6zen g\u00f6steren y\u00fcksek kaliteli \u00fcretim<\/li>\n<li><strong>Esnek \u00d6deme Se\u00e7enekleri:<\/strong>\u00a0T \/ T, Western Union ve daha fazlas\u0131<\/li>\n<\/ul>\n<hr \/>\n<h3><strong>Hakk\u0131m\u0131zda:<\/strong><\/h3>\n<p>Y\u0131llar\u0131n deneyimi ile d\u00fcr\u00fcstl\u00fck, profesyonellik ve m\u00fckemmel fiyatland\u0131rma konusunda bir itibar olu\u015fturduk. \u00dcr\u00fcnlerimiz \u00fclke \u00e7ap\u0131nda ve uluslararas\u0131 alanda m\u00fc\u015fterilerimizin g\u00fcvenini kazanm\u0131\u015ft\u0131r. Teslimat konusunda kararl\u0131l\u0131\u011f\u0131m\u0131z\u0131 s\u00fcrd\u00fcr\u00fcyoruz\u00a0<strong>kali\u0307te, de\u011fer ve m\u00fc\u015fteri\u0307 memnuni\u0307yeti\u0307<\/strong>.<\/p>\n<hr \/>\n<h3><strong>SSS:<\/strong><\/h3>\n<p><strong>S: Yamaha Mikser \u00c7antas\u0131 belirli mikser modelleri i\u00e7in \u00f6zelle\u015ftirilebilir mi?<\/strong><br \/>\nC: Evet, mikserinize m\u00fckemmel \u015fekilde uyacak \u015fekilde uyarlanm\u0131\u015f \u00f6zel \u00e7\u00f6z\u00fcmler sunuyoruz.<\/p>\n<p><strong>S: Bu k\u0131l\u0131flar d\u0131\u015f mekan kullan\u0131m\u0131 i\u00e7in uygun mu?<\/strong><br \/>\nC: Kesinlikle! K\u0131l\u0131flar\u0131m\u0131z \u00e7e\u015fitli ortamlara dayanacak \u015fekilde tasarlanm\u0131\u015ft\u0131r ve mikserinizin gitti\u011finiz her yerde korunmas\u0131n\u0131 sa\u011flar.<\/p>\n<p><strong>S: \u00d6zel bir Yamaha Mikser K\u0131l\u0131f\u0131n\u0131n teslim al\u0131nmas\u0131 ne kadar s\u00fcrer?<\/strong><br \/>\nC: Teslim s\u00fcreleri, vakan\u0131n karma\u015f\u0131kl\u0131\u011f\u0131na ve mevcut i\u015f y\u00fck\u00fcm\u00fcze ba\u011fl\u0131 olarak de\u011fi\u015fir. \u00d6zel teslimat zaman \u00e7izelgeleri i\u00e7in bizimle ileti\u015fime ge\u00e7in.<\/p>\n<p><strong>S: Bu k\u0131l\u0131flar garanti kapsam\u0131na dahil mi?<\/strong><br \/>\nC: Evet, k\u0131l\u0131flar\u0131m\u0131z daha fazla g\u00f6n\u00fcl rahatl\u0131\u011f\u0131 i\u00e7in garanti kapsam\u0131yla birlikte gelir.<\/p>\n<p><strong>S: Toplu sipari\u015f verebilir miyim?<\/strong><br \/>\nC: Evet, toplu sipari\u015fleri kar\u015f\u0131layabiliriz. Fiyatland\u0131rma ve uygunluk i\u00e7in bizimle ileti\u015fime ge\u00e7in.<\/p>\n<hr \/>\n<h3><strong>Yamaha Mikser \u00c7antan\u0131z\u0131 Bug\u00fcn Sipari\u015f Edin!<\/strong><\/h3>\n<p>Yamaha mikserinizi birinci s\u0131n\u0131f u\u00e7u\u015f \u00e7antalar\u0131m\u0131zla korumaya haz\u0131r m\u0131s\u0131n\u0131z? \u00d6zel \u00e7\u00f6z\u00fcm\u00fcn\u00fcz\u00fc tasarlamak i\u00e7in \u015fimdi bize ula\u015f\u0131n.<\/p>\n<p><strong>Hemen Eri\u015fim Sa\u011flay\u0131n:<\/strong>\u00a0<a href=\"https:\/\/sxpowercase.com\/contact-us\/\" target=\"_blank\" rel=\"noopener noreferrer\">https:\/\/sxpowercase.com\/contact-us\/<\/a><\/p>\n<p class=\"productsTags\">S\u0131cak Etiketler: D\u00fc\u015f\u00fck fiyat, stokta, \u00fccretsiz numune, G\u00fc\u00e7 ve Sinyal Kablosu, 16 \u00d6l\u00e7\u00fc 4 \u0130letkenli Tel, Mikrofon Stand\u0131 K\u0131l\u0131f\u0131, A\u00e7\u0131k Hava Led Ekran Kabini, Raf Montaj\u0131, elektrik da\u011f\u0131t\u0131m kutusu, \u00c7in, tedarik\u00e7iler, fabrika, \u00f6zelle\u015ftirilmi\u015f, toptan sat\u0131\u015f <span style=\"color: #993366;\"><a style=\"color: #993366;\" href=\"https:\/\/sxflightcase.com\/tr\/product-category\/all-product\/power-distribution-boxes\/\">g\u00fc\u00e7 kutular\u0131<\/a>,\u00a0<a style=\"color: #993366;\" href=\"https:\/\/sxflightcase.com\/tr\/product-category\/all-product\/hoist-controllers\/\">g\u00fc\u00e7 kablolar\u0131<\/a>,\u00a0<a style=\"color: #993366;\" href=\"https:\/\/sxflightcase.com\/tr\/product-category\/all-product\/hoist-controllers\/\">vin\u00e7 kontrol\u00f6rleri<\/a>,\u00a0<a style=\"color: #993366;\" href=\"https:\/\/sxflightcase.com\/tr\/product-category\/all-product\/flight-case\/\">u\u00e7u\u015f vakalar\u0131.<\/a><\/span><\/p>","protected":false},"excerpt":{"rendered":"<h2>Yamaha Mikser Kutusu<\/h2>\n<p>Yamaha mikser kasas\u0131 i\u00e7in \u00f6zel olarak tasarlanm\u0131\u015f ve \u00fcretilmi\u015ftir. Sert ve \u015feffaf bir plastik olan polikarbonattan \u00fcretilmi\u015ftir - dayan\u0131kl\u0131d\u0131r ve darbelere kar\u015f\u0131 diren\u00e7lidir, bu da onu \u00f6nemli bir yat\u0131r\u0131m haline getirir. Kapak, fader ve d\u00fc\u011fmeleri toz, s\u0131v\u0131 ve di\u011fer zarar verici unsurlardan korur. Kablolar\u0131 bar\u0131nd\u0131r\u0131r ve kontrol cihazlar\u0131n\u0131 muhafaza eder. End\u00fcstri taraf\u0131ndan tavsiye edilir - bireyler taraf\u0131ndan kullan\u0131l\u0131r!<\/p>\n<h2><strong>\u00dcretim tan\u0131t\u0131m\u0131<\/strong><\/h2>\n<p>Yamaha mikser kutusu<\/p>\n<p>- Kapak, kontrol y\u00fczeyini, faderleri ve d\u00fc\u011fmeleri darbelerden, tozdan, s\u0131v\u0131lardan ve di\u011fer zarar verici unsurlardan korur<\/p>\n<p>- Yamaha profesyonel miks konsoluna uyacak \u015fekilde tasarlanm\u0131\u015ft\u0131r<\/p>\n<p>- Kur\u015fun ge\u00e7irmez camlarda kullan\u0131lan dayan\u0131kl\u0131 bir plastik olan polikarbonattan yap\u0131lm\u0131\u015ft\u0131r<\/p>\n<p>- Kablolar ba\u011fl\u0131yken kapaklar\u0131 kapat\u0131n. Yanl\u0131\u015fl\u0131kla miks de\u011fi\u015fikliklerini \u00f6nlemek i\u00e7in kullan\u0131m s\u0131ras\u0131nda veya konsolu uzaktan kontrol ederken \u00fcniteyi \u00f6rt\u00fcn<\/p>\n<p>- Konsolunuz i\u00e7in g\u00fc\u00e7l\u00fc ve \u00e7ekici koruma<\/p>","protected":false},"featured_media":1106,"comment_status":"open","ping_status":"closed","template":"","meta":[],"product_brand":[],"product_cat":[41],"product_tag":[],"class_list":{"0":"post-1102","1":"product","2":"type-product","3":"status-publish","4":"has-post-thumbnail","6":"product_cat-equipment-cases","8":"first","9":"instock","10":"shipping-taxable","11":"product-type-simple"},"yoast_head":"<!-- This site is optimized with the Yoast SEO Premium plugin v27.1 (Yoast SEO v27.2) - https:\/\/yoast.com\/product\/yoast-seo-premium-wordpress\/ -->\n<title>Yamaha Mixer Case| Customizable &amp; Durable - https:\/\/sxflightcase.com \ud83d\udc97<\/title>\n<meta name=\"description\" content=\"Yamaha Mixer Case Factory: Specializing in direct sales and professional customization for premium equipment protection solutions.\" \/>\n<meta name=\"robots\" content=\"index, follow, max-snippet:-1, max-image-preview:large, max-video-preview:-1\" \/>\n<link rel=\"canonical\" href=\"https:\/\/sxflightcase.com\/tr\/termek\/yamaha-mixer-tok\/\" \/>\n<meta property=\"og:locale\" content=\"tr_TR\" \/>\n<meta property=\"og:type\" content=\"article\" \/>\n<meta property=\"og:title\" content=\"Yamaha Mixer Case| Customizable &amp; Durable\" \/>\n<meta property=\"og:description\" content=\"Yamaha Mixer Case Factory: Specializing in direct sales and professional customization for premium equipment protection solutions.\" \/>\n<meta property=\"og:url\" content=\"https:\/\/sxflightcase.com\/tr\/termek\/yamaha-mixer-tok\/\" \/>\n<meta property=\"og:site_name\" content=\"https:\/\/sxflightcase.com\" \/>\n<meta property=\"article:publisher\" content=\"https:\/\/www.facebook.com\/profile.php?id=61560407257971\" \/>\n<meta property=\"article:modified_time\" content=\"2025-02-20T07:31:10+00:00\" \/>\n<meta property=\"og:image\" content=\"https:\/\/sxflightcase.com\/wp-content\/uploads\/2024\/05\/yamaha-mixer-case59351388027.webp\" \/>\n\t<meta property=\"og:image:width\" content=\"730\" \/>\n\t<meta property=\"og:image:height\" content=\"730\" \/>\n\t<meta property=\"og:image:type\" content=\"image\/webp\" \/>\n<meta name=\"twitter:card\" content=\"summary_large_image\" \/>\n<meta name=\"twitter:label1\" content=\"Tahmini okuma s\u00fcresi\" \/>\n\t<meta name=\"twitter:data1\" content=\"4 dakika\" \/>\n<script type=\"application\/ld+json\" class=\"yoast-schema-graph\">{\"@context\":\"https:\/\/schema.org\",\"@graph\":[{\"@type\":\"WebPage\",\"@id\":\"https:\/\/sxflightcase.com\/hu\/termek\/yamaha-mixer-tok\/\",\"url\":\"https:\/\/sxflightcase.com\/hu\/termek\/yamaha-mixer-tok\/\",\"name\":\"Yamaha Mixer Case| Customizable & Durable - https:\/\/sxflightcase.com \ud83d\udc97\",\"isPartOf\":{\"@id\":\"https:\/\/sxflightcase.com\/th\/#website\"},\"primaryImageOfPage\":{\"@id\":\"https:\/\/sxflightcase.com\/hu\/termek\/yamaha-mixer-tok\/#primaryimage\"},\"image\":{\"@id\":\"https:\/\/sxflightcase.com\/hu\/termek\/yamaha-mixer-tok\/#primaryimage\"},\"thumbnailUrl\":\"https:\/\/sxflightcase.com\/wp-content\/uploads\/2024\/05\/yamaha-mixer-case59351388027.webp\",\"datePublished\":\"2024-05-07T05:44:03+00:00\",\"dateModified\":\"2025-02-20T07:31:10+00:00\",\"description\":\"Yamaha Mixer Case Factory: Specializing in direct sales and professional customization for premium equipment protection solutions.\",\"breadcrumb\":{\"@id\":\"https:\/\/sxflightcase.com\/hu\/termek\/yamaha-mixer-tok\/#breadcrumb\"},\"inLanguage\":\"tr\",\"potentialAction\":[{\"@type\":\"ReadAction\",\"target\":[\"https:\/\/sxflightcase.com\/hu\/termek\/yamaha-mixer-tok\/\"]}]},{\"@type\":\"ImageObject\",\"inLanguage\":\"tr\",\"@id\":\"https:\/\/sxflightcase.com\/hu\/termek\/yamaha-mixer-tok\/#primaryimage\",\"url\":\"https:\/\/sxflightcase.com\/wp-content\/uploads\/2024\/05\/yamaha-mixer-case59351388027.webp\",\"contentUrl\":\"https:\/\/sxflightcase.com\/wp-content\/uploads\/2024\/05\/yamaha-mixer-case59351388027.webp\",\"width\":730,\"height\":730,\"caption\":\"Yamaha Mixer Case\"},{\"@type\":\"BreadcrumbList\",\"@id\":\"https:\/\/sxflightcase.com\/hu\/termek\/yamaha-mixer-tok\/#breadcrumb\",\"itemListElement\":[{\"@type\":\"ListItem\",\"position\":1,\"name\":\"Home\",\"item\":\"https:\/\/sxflightcase.com\/\"},{\"@type\":\"ListItem\",\"position\":2,\"name\":\"\u0e2a\u0e34\u0e19\u0e04\u0e49\u0e32\",\"item\":\"https:\/\/sxflightcase.com\/th\/shop\/\"},{\"@type\":\"ListItem\",\"position\":3,\"name\":\"Yamaha Mixer Case| Customizable &#038; Durable\"}]},{\"@type\":\"WebSite\",\"@id\":\"https:\/\/sxflightcase.com\/th\/#website\",\"url\":\"https:\/\/sxflightcase.com\/th\/\",\"name\":\"sxpowercase.com\",\"description\":\"Flight Case Factory\",\"publisher\":{\"@id\":\"https:\/\/sxflightcase.com\/th\/#organization\"},\"potentialAction\":[{\"@type\":\"SearchAction\",\"target\":{\"@type\":\"EntryPoint\",\"urlTemplate\":\"https:\/\/sxflightcase.com\/th\/?s={search_term_string}\"},\"query-input\":{\"@type\":\"PropertyValueSpecification\",\"valueRequired\":true,\"valueName\":\"search_term_string\"}}],\"inLanguage\":\"tr\"},{\"@type\":\"Organization\",\"@id\":\"https:\/\/sxflightcase.com\/th\/#organization\",\"name\":\"sxpowercase.com\",\"url\":\"https:\/\/sxflightcase.com\/th\/\",\"logo\":{\"@type\":\"ImageObject\",\"inLanguage\":\"tr\",\"@id\":\"https:\/\/sxflightcase.com\/th\/#\/schema\/logo\/image\/\",\"url\":\"https:\/\/sxflightcase.com\/wp-content\/uploads\/2024\/04\/1713919036007.jpg\",\"contentUrl\":\"https:\/\/sxflightcase.com\/wp-content\/uploads\/2024\/04\/1713919036007.jpg\",\"width\":382,\"height\":388,\"caption\":\"sxpowercase.com\"},\"image\":{\"@id\":\"https:\/\/sxflightcase.com\/th\/#\/schema\/logo\/image\/\"},\"sameAs\":[\"https:\/\/www.facebook.com\/profile.php?id=61560407257971\"],\"numberOfEmployees\":{\"@type\":\"QuantitativeValue\",\"minValue\":\"11\",\"maxValue\":\"50\"}}]}<\/script>\n<!-- \/ Yoast SEO Premium plugin. -->","yoast_head_json":{"title":"Yamaha Mixer Case| Customizable & Durable - https:\/\/sxflightcase.com \ud83d\udc97","description":"Yamaha Mikser \u00c7antas\u0131 Fabrikas\u0131: Birinci s\u0131n\u0131f ekipman koruma \u00e7\u00f6z\u00fcmleri i\u00e7in do\u011frudan sat\u0131\u015f ve profesyonel \u00f6zelle\u015ftirme konusunda uzmanla\u015fm\u0131\u015ft\u0131r.","robots":{"index":"index","follow":"follow","max-snippet":"max-snippet:-1","max-image-preview":"max-image-preview:large","max-video-preview":"max-video-preview:-1"},"canonical":"https:\/\/sxflightcase.com\/tr\/termek\/yamaha-mixer-tok\/","og_locale":"tr_TR","og_type":"article","og_title":"Yamaha Mixer Case| Customizable & Durable","og_description":"Yamaha Mixer Case Factory: Specializing in direct sales and professional customization for premium equipment protection solutions.","og_url":"https:\/\/sxflightcase.com\/tr\/termek\/yamaha-mixer-tok\/","og_site_name":"https:\/\/sxflightcase.com","article_publisher":"https:\/\/www.facebook.com\/profile.php?id=61560407257971","article_modified_time":"2025-02-20T07:31:10+00:00","og_image":[{"width":730,"height":730,"url":"https:\/\/sxflightcase.com\/wp-content\/uploads\/2024\/05\/yamaha-mixer-case59351388027.webp","type":"image\/webp"}],"twitter_card":"summary_large_image","twitter_misc":{"Tahmini okuma s\u00fcresi":"4 dakika"},"schema":{"@context":"https:\/\/schema.org","@graph":[{"@type":"WebPage","@id":"https:\/\/sxflightcase.com\/hu\/termek\/yamaha-mixer-tok\/","url":"https:\/\/sxflightcase.com\/hu\/termek\/yamaha-mixer-tok\/","name":"Yamaha Mixer Case| Customizable & Durable - https:\/\/sxflightcase.com \ud83d\udc97","isPartOf":{"@id":"https:\/\/sxflightcase.com\/th\/#website"},"primaryImageOfPage":{"@id":"https:\/\/sxflightcase.com\/hu\/termek\/yamaha-mixer-tok\/#primaryimage"},"image":{"@id":"https:\/\/sxflightcase.com\/hu\/termek\/yamaha-mixer-tok\/#primaryimage"},"thumbnailUrl":"https:\/\/sxflightcase.com\/wp-content\/uploads\/2024\/05\/yamaha-mixer-case59351388027.webp","datePublished":"2024-05-07T05:44:03+00:00","dateModified":"2025-02-20T07:31:10+00:00","description":"Yamaha Mikser \u00c7antas\u0131 Fabrikas\u0131: Birinci s\u0131n\u0131f ekipman koruma \u00e7\u00f6z\u00fcmleri i\u00e7in do\u011frudan sat\u0131\u015f ve profesyonel \u00f6zelle\u015ftirme konusunda uzmanla\u015fm\u0131\u015ft\u0131r.","breadcrumb":{"@id":"https:\/\/sxflightcase.com\/hu\/termek\/yamaha-mixer-tok\/#breadcrumb"},"inLanguage":"tr","potentialAction":[{"@type":"ReadAction","target":["https:\/\/sxflightcase.com\/hu\/termek\/yamaha-mixer-tok\/"]}]},{"@type":"ImageObject","inLanguage":"tr","@id":"https:\/\/sxflightcase.com\/hu\/termek\/yamaha-mixer-tok\/#primaryimage","url":"https:\/\/sxflightcase.com\/wp-content\/uploads\/2024\/05\/yamaha-mixer-case59351388027.webp","contentUrl":"https:\/\/sxflightcase.com\/wp-content\/uploads\/2024\/05\/yamaha-mixer-case59351388027.webp","width":730,"height":730,"caption":"Yamaha Mixer Case"},{"@type":"BreadcrumbList","@id":"https:\/\/sxflightcase.com\/hu\/termek\/yamaha-mixer-tok\/#breadcrumb","itemListElement":[{"@type":"ListItem","position":1,"name":"Home","item":"https:\/\/sxflightcase.com\/"},{"@type":"ListItem","position":2,"name":"\u0e2a\u0e34\u0e19\u0e04\u0e49\u0e32","item":"https:\/\/sxflightcase.com\/th\/shop\/"},{"@type":"ListItem","position":3,"name":"Yamaha Mixer Case| Customizable &#038; Durable"}]},{"@type":"WebSite","@id":"https:\/\/sxflightcase.com\/th\/#website","url":"https:\/\/sxflightcase.com\/th\/","name":"sxpowercase.com","description":"U\u00e7u\u015f \u00c7antas\u0131 Fabrikas\u0131","publisher":{"@id":"https:\/\/sxflightcase.com\/th\/#organization"},"potentialAction":[{"@type":"SearchAction","target":{"@type":"EntryPoint","urlTemplate":"https:\/\/sxflightcase.com\/th\/?s={search_term_string}"},"query-input":{"@type":"PropertyValueSpecification","valueRequired":true,"valueName":"search_term_string"}}],"inLanguage":"tr"},{"@type":"Organization","@id":"https:\/\/sxflightcase.com\/th\/#organization","name":"sxpowercase.com","url":"https:\/\/sxflightcase.com\/th\/","logo":{"@type":"ImageObject","inLanguage":"tr","@id":"https:\/\/sxflightcase.com\/th\/#\/schema\/logo\/image\/","url":"https:\/\/sxflightcase.com\/wp-content\/uploads\/2024\/04\/1713919036007.jpg","contentUrl":"https:\/\/sxflightcase.com\/wp-content\/uploads\/2024\/04\/1713919036007.jpg","width":382,"height":388,"caption":"sxpowercase.com"},"image":{"@id":"https:\/\/sxflightcase.com\/th\/#\/schema\/logo\/image\/"},"sameAs":["https:\/\/www.facebook.com\/profile.php?id=61560407257971"],"numberOfEmployees":{"@type":"QuantitativeValue","minValue":"11","maxValue":"50"}}]}},"_links":{"self":[{"href":"https:\/\/sxflightcase.com\/tr\/wp-json\/wp\/v2\/product\/1102","targetHints":{"allow":["GET"]}}],"collection":[{"href":"https:\/\/sxflightcase.com\/tr\/wp-json\/wp\/v2\/product"}],"about":[{"href":"https:\/\/sxflightcase.com\/tr\/wp-json\/wp\/v2\/types\/product"}],"replies":[{"embeddable":true,"href":"https:\/\/sxflightcase.com\/tr\/wp-json\/wp\/v2\/comments?post=1102"}],"version-history":[{"count":0,"href":"https:\/\/sxflightcase.com\/tr\/wp-json\/wp\/v2\/product\/1102\/revisions"}],"wp:featuredmedia":[{"embeddable":true,"href":"https:\/\/sxflightcase.com\/tr\/wp-json\/wp\/v2\/media\/1106"}],"wp:attachment":[{"href":"https:\/\/sxflightcase.com\/tr\/wp-json\/wp\/v2\/media?parent=1102"}],"wp:term":[{"taxonomy":"product_brand","embeddable":true,"href":"https:\/\/sxflightcase.com\/tr\/wp-json\/wp\/v2\/product_brand?post=1102"},{"taxonomy":"product_cat","embeddable":true,"href":"https:\/\/sxflightcase.com\/tr\/wp-json\/wp\/v2\/product_cat?post=1102"},{"taxonomy":"product_tag","embeddable":true,"href":"https:\/\/sxflightcase.com\/tr\/wp-json\/wp\/v2\/product_tag?post=1102"}],"curies":[{"name":"wp","href":"https:\/\/api.w.org\/{rel}","templated":true}]}}