{"id":1107,"date":"2024-05-07T06:46:14","date_gmt":"2024-05-07T05:46:14","guid":{"rendered":"https:\/\/sxpowercase.com\/?post_type=product&#038;p=1107"},"modified":"2025-02-20T00:04:50","modified_gmt":"2025-02-20T08:04:50","slug":"mixer-hard-case","status":"publish","type":"product","link":"https:\/\/sxflightcase.com\/tr\/urun\/mikser-sert-kilifi-2\/","title":{"rendered":"Mikser Sert K\u0131l\u0131f"},"content":{"rendered":"<h3><strong>\u00dcr\u00fcne Genel Bak\u0131\u015f: Mikser Sert K\u0131l\u0131f\u0131<\/strong><\/h3>\n<p>The\u00a0<strong>SX Mikser Sert K\u0131l\u0131f<\/strong>\u00a0ses ekipman\u0131n\u0131z i\u00e7in en \u00fcst d\u00fczeyde koruma sa\u011flamak \u00fczere tasarlanm\u0131\u015ft\u0131r. \u0130ster DJ, ister ses m\u00fchendisi veya m\u00fczisyen olun, k\u0131l\u0131flar\u0131m\u0131z mikserinizin ta\u015f\u0131ma s\u0131ras\u0131nda \u00e7arpma, d\u00fc\u015fme ve di\u011fer tehlikelere kar\u015f\u0131 g\u00fcvende kalmas\u0131n\u0131 sa\u011flar.<\/p>\n<hr \/>\n<h3><strong>Temel \u00d6zellikler:<\/strong><\/h3>\n<ul>\n<li><strong>Malzeme:<\/strong>\u00a09mm kontrplak ile\u00a0<strong>kromajl\u0131\/\u00e7inko kaplamal\u0131 donan\u0131m<\/strong>\u00a0Ve\u00a0<strong>al\u00fcmi\u0307nyum ekstr\u00fczyon<\/strong>\u00a0maksimum dayan\u0131kl\u0131l\u0131k i\u00e7in<\/li>\n<li><strong>K\u00f6p\u00fck Astar:<\/strong>\u00a0Se\u00e7enekler \u015funlar\u0131 i\u00e7erir\u00a0<strong>inci k\u00f6p\u00fck<\/strong>,\u00a0<strong>EVA k\u00f6p\u00fck<\/strong>, veya\u00a0<strong>yumurta k\u00f6p\u00fc\u011f\u00fc<\/strong>\u00a0\u00fcst\u00fcn yast\u0131klama i\u00e7in<\/li>\n<li><strong>Renk Se\u00e7enekleri:<\/strong>\u00a0\u0130\u00e7inde mevcut\u00a0<strong>Siyah (varsay\u0131lan)<\/strong>K\u0131rm\u0131z\u0131, Mavi, Turuncu, Sar\u0131, Ye\u015fil ve daha fazlas\u0131<\/li>\n<li><strong>Kur\u015fun zaman\u0131:<\/strong>\u00a0\u00d6rnek sipari\u015f\u00a0<strong>3 g\u00fcn<\/strong>, normal d\u00fczende\u00a0<strong>7-15 g\u00fcn<\/strong><\/li>\n<li><strong>Boyutlar:<\/strong>\u00a0\u00d6zel ekipman\u0131n\u0131za uyacak \u015fekilde \u00f6zelle\u015ftirilebilir<\/li>\n<\/ul>\n<hr \/>\n<h3><strong>Neden SX Mikser Sert K\u0131l\u0131flar\u0131n\u0131 Se\u00e7melisiniz?<\/strong><\/h3>\n<ol start=\"1\">\n<li><strong>Rakipsiz De\u011fer i\u00e7in Fabrika Do\u011frudan Sat\u0131\u015flar\u0131<\/strong><br \/>\nArac\u0131lar\u0131 devre d\u0131\u015f\u0131 b\u0131rakarak \u015funlar\u0131 sunuyoruz\u00a0<strong>rekabet\u00e7i fiyatlarla y\u00fcksek kaliteli kasalar<\/strong>. Do\u011frudan fabrika modelimiz, kaliteden \u00f6d\u00fcn vermeden en iyi de\u011feri elde etmenizi sa\u011flar.<\/li>\n<li><strong>\u0130htiya\u00e7lar\u0131n\u0131za Uygun \u015eekilde \u00d6zelle\u015ftirilebilir<\/strong><br \/>\nHer profesyonelin kendine \u00f6zg\u00fc gereksinimleri vard\u0131r. Biz sunuyoruz\u00a0<strong>kapsaml\u0131 \u00f6zelle\u015ftirme se\u00e7enekleri<\/strong>Ekipman\u0131n\u0131za m\u00fckemmel \u015fekilde uyan bir \u00e7anta olu\u015fturmak i\u00e7in belirli boyutlar, k\u00f6p\u00fck t\u00fcrleri ve ek b\u00f6lmeler dahil olmak \u00fczere.<\/li>\n<li><strong>Dayan\u0131kl\u0131 ve G\u00fcvenilir<\/strong><br \/>\nEn zorlu ko\u015fullara dayanacak \u015fekilde \u00fcretilen Mikser Hard Case'lerimiz a\u015fa\u011f\u0131dakiler i\u00e7in tasarlanm\u0131\u015ft\u0131r\u00a0<strong>uzun \u00f6m\u00fcrl\u00fc koruma<\/strong>. \u0130ster yolda ister st\u00fcdyoda olun, ekipman\u0131n\u0131z g\u00fcvende ve emniyette kal\u0131r.<\/li>\n<li><strong>Geli\u015ftirilmi\u015f Mobilite<\/strong><br \/>\nSa\u011flam kulplar\u0131 ve iste\u011fe ba\u011fl\u0131 tekerlekleri ile \u00e7antalar\u0131m\u0131z mikserinizi mekanlar aras\u0131nda ta\u015f\u0131man\u0131z\u0131 kolayla\u015ft\u0131rarak zamandan ve emekten tasarruf etmenizi sa\u011flar.<\/li>\n<\/ol>\n<hr \/>\n<h3><strong>Uygulamalar:<\/strong><\/h3>\n<p>SX Mikser Sert K\u0131l\u0131f\u0131 a\u015fa\u011f\u0131dakiler i\u00e7in idealdir:<\/p>\n<ul>\n<li><strong>DJ'ler<\/strong><\/li>\n<li><strong>Ses M\u00fchendisleri<\/strong><\/li>\n<li><strong>M\u00fczisyenler<\/strong><\/li>\n<li><strong>Etkinlik Planlay\u0131c\u0131lar\u0131<\/strong><\/li>\n<li><strong>St\u00fcdyo Profesyonelleri<\/strong><\/li>\n<\/ul>\n<hr \/>\n<h3><strong>Paketleme ve Nakliye:<\/strong><\/h3>\n<ul>\n<li><strong>Nakliye S\u00fcresi:<\/strong>\n<ul>\n<li>Deniz yoluyla: 15-60 g\u00fcn<\/li>\n<li>Hava yolu ile: 4-9 g\u00fcn<\/li>\n<li>Ekspres ile: 4-9 g\u00fcn<\/li>\n<\/ul>\n<\/li>\n<li><strong>Teslimat S\u00fcresi:<\/strong>\u00a07-15 i\u015f g\u00fcn\u00fc veya ihtiya\u00e7lar\u0131n\u0131za g\u00f6re<\/li>\n<li><strong>Ambalajlama:<\/strong>\u00a0Karton veya \u00f6zelle\u015ftirilmi\u015f ambalaj mevcuttur<\/li>\n<\/ul>\n<hr \/>\n<h3><strong>Bizim Hizmetimiz:<\/strong><\/h3>\n<ul>\n<li><strong>Profesyonel Hizmet:<\/strong>\u00a0Y\u00fcksek kaliteli kasa \u00fcretimi ve ihracat\u0131 konusunda uzmanl\u0131k<\/li>\n<li><strong>\u00dcretimde M\u00fckemmellik:<\/strong>\u00a0Detaylara g\u00f6sterilen \u00f6zen ve \u00fcst\u00fcn i\u015f\u00e7ilik<\/li>\n<li><strong>Esnek \u00d6deme Se\u00e7enekleri:<\/strong>\u00a0T \/ T, Western Union ve daha fazlas\u0131<\/li>\n<\/ul>\n<hr \/>\n<h3><strong>Hakk\u0131m\u0131zda:<\/strong><\/h3>\n<p>SX, uzun y\u0131llara dayanan deneyimiyle\u00a0<strong>d\u00fcr\u00fcstl\u00fck, profesyonellik ve m\u00fckemmel fiyatland\u0131rma<\/strong>. \u00dcr\u00fcnlerimiz d\u00fcnya \u00e7ap\u0131ndaki m\u00fc\u015fterilerimiz taraf\u0131ndan g\u00fcvenilmektedir ve biz\u00a0<strong>kali\u0307te, de\u011fer ve m\u00fc\u015fteri\u0307 memnuni\u0307yeti\u0307<\/strong>.<\/p>\n<hr \/>\n<h3><strong>SSS:<\/strong><\/h3>\n<p><strong>S: Bir ticaret \u015firketi veya \u00fcretici misiniz?<\/strong><br \/>\nC: Biz bir\u00a0<strong>profesyonel \u00fcreti\u0307ci\u0307<\/strong>\u00a0Ses ekipmanlar\u0131 i\u00e7in y\u00fcksek kaliteli k\u0131l\u0131flar konusunda uzmanla\u015fm\u0131\u015ft\u0131r.<\/p>\n<p><strong>S: Kasa farkl\u0131 kontrol\u00f6r boyutlar\u0131 i\u00e7in ekstra k\u00f6p\u00fckle birlikte geliyor mu?<\/strong><br \/>\nC: Kasa, ta\u015f\u0131ma s\u0131ras\u0131nda mikseri sabitlemek i\u00e7in kayar platformun alt\u0131nda \u00e7\u0131kar\u0131labilir k\u00f6p\u00fck i\u00e7erir. Talep \u00fczerine ek k\u00f6p\u00fck \u00f6zelle\u015ftirilebilir.<\/p>\n<p><strong>S: Farkl\u0131 kullan\u0131mlar i\u00e7in k\u00f6p\u00fc\u011f\u00fc \u00e7\u0131karmak ne kadar kolay?<\/strong><br \/>\nC: K\u00f6p\u00fck kolayca \u00e7\u0131kar\u0131labilir veya farkl\u0131 ekipman boyutlar\u0131na uyacak \u015fekilde kesilebilir ve \u00e7e\u015fitli kullan\u0131mlar i\u00e7in esneklik sunar.<\/p>\n<p><strong>S: Toplu sipari\u015f verebilir miyim?<\/strong><br \/>\nC: Evet, toplu sipari\u015fleri kar\u015f\u0131layabiliriz. Fiyatland\u0131rma ve uygunluk i\u00e7in bizimle ileti\u015fime ge\u00e7in.<\/p>\n<hr \/>\n<h3><strong>Mikser Sert K\u0131l\u0131f\u0131n\u0131z\u0131 Bug\u00fcn Sipari\u015f Edin!<\/strong><\/h3>\n<p>Mikserinizi SX'in birinci s\u0131n\u0131f sert k\u0131l\u0131flar\u0131yla korumaya haz\u0131r m\u0131s\u0131n\u0131z? \u00d6zel \u00e7\u00f6z\u00fcm\u00fcn\u00fcz\u00fc tasarlamak i\u00e7in \u015fimdi bize ula\u015f\u0131n.<\/p>\n<p><strong>Hemen Eri\u015fim Sa\u011flay\u0131n:<\/strong>\u00a0<a href=\"https:\/\/sxpowercase.com\/contact-us\/\" target=\"_blank\" rel=\"noopener noreferrer\">https:\/\/sxpowercase.com\/contact-us\/<\/a><\/p>\n<p>S\u0131cak Etiketler: D\u00fc\u015f\u00fck fiyat, G\u00fc\u00e7 ve Sinyal Kablosu, 16 Gauge 4 \u0130letkenli Tel, Mikrofon Stand\u0131 K\u0131l\u0131f\u0131, D\u0131\u015f Mekan Led Ekran Kabini, Raf Montaj\u0131, elektrik da\u011f\u0131t\u0131m kutusu, \u00c7in, tedarik\u00e7iler, fabrika, \u00f6zelle\u015ftirilmi\u015f, toptan sat\u0131\u015f, <span style=\"color: #993366;\"><a style=\"color: #993366;\" href=\"https:\/\/sxflightcase.com\/tr\/product-category\/all-product\/power-distribution-boxes\/\">g\u00fc\u00e7 kutular\u0131<\/a>,\u00a0<a style=\"color: #993366;\" href=\"https:\/\/sxflightcase.com\/tr\/product-category\/all-product\/hoist-controllers\/\">g\u00fc\u00e7 kablolar\u0131<\/a>,\u00a0<a style=\"color: #993366;\" href=\"https:\/\/sxflightcase.com\/tr\/product-category\/all-product\/hoist-controllers\/\">vin\u00e7 kontrol\u00f6rleri<\/a>,\u00a0<a style=\"color: #993366;\" href=\"https:\/\/sxflightcase.com\/tr\/product-category\/all-product\/flight-case\/\">u\u00e7u\u015f vakalar\u0131.<\/a><\/span><\/p>","protected":false},"excerpt":{"rendered":"<h2 class=\"prodetails-name\">Mikser Sert K\u0131l\u0131f<\/h2>\n<p>\u015eirket i\u00e7i deneyimlerimiz, m\u00fc\u015fterilerimizin \u00e7antadan beklentilerini anlad\u0131\u011f\u0131m\u0131z ve ayn\u0131 zamanda ekipman\u0131n\u0131z\u0131 ta\u015f\u0131rken i\u015finizi kolayla\u015ft\u0131rmaya yard\u0131mc\u0131 olmak i\u00e7in \u00e7e\u015fitli \u00f6zelle\u015ftirme se\u00e7enekleri sunabildi\u011fimiz anlam\u0131na gelir. Mikser hard case, \u00e7ok y\u00f6nl\u00fcl\u00fc\u011f\u00fc nedeniyle piyasadaki en pop\u00fcler u\u00e7u\u015f \u00e7antalar\u0131ndan biridir.<\/p>\n<h2><strong>\u00dcretim tan\u0131t\u0131m\u0131<\/strong><\/h2>\n<p>Mikser sert k\u0131l\u0131f\u0131<\/p>\n<p>9 mm vinil lamine kontrplaktan, sa\u011flam al\u00fcminyum profillerden ve a\u011f\u0131r hizmet tipi kelebek mandallardan \u00fcretilen bu \u00fcr\u00fcn, g\u00fcvenli ta\u015f\u0131ma ve i\u015f istasyonunu bir arada sunar. Entegre kayar diz\u00fcst\u00fc bilgisayar platformu ve kullan\u0131\u015fl\u0131 kablo eri\u015fim portu sayesinde kurulum hi\u00e7 vakit kaybetmeden harekete ge\u00e7meye haz\u0131rd\u0131r.<\/p>","protected":false},"featured_media":1108,"comment_status":"open","ping_status":"closed","template":"","meta":[],"product_brand":[],"product_cat":[41],"product_tag":[],"class_list":{"0":"post-1107","1":"product","2":"type-product","3":"status-publish","4":"has-post-thumbnail","6":"product_cat-equipment-cases","8":"first","9":"instock","10":"shipping-taxable","11":"product-type-simple"},"yoast_head":"<!-- This site is optimized with the Yoast SEO Premium plugin v27.1 (Yoast SEO v27.2) - https:\/\/yoast.com\/product\/yoast-seo-premium-wordpress\/ -->\n<title>Mixer Hard Case - https:\/\/sxflightcase.com \ud83d\udc97<\/title>\n<meta name=\"description\" content=\"Mixer Hard Case Factory: Specializing in direct sales and professional customization for premium equipment protection solutions.\" \/>\n<meta name=\"robots\" content=\"index, follow, max-snippet:-1, max-image-preview:large, max-video-preview:-1\" \/>\n<link rel=\"canonical\" href=\"https:\/\/sxflightcase.com\/tr\/san-pham\/mixer-hard-case\/\" \/>\n<meta property=\"og:locale\" content=\"tr_TR\" \/>\n<meta property=\"og:type\" content=\"article\" \/>\n<meta property=\"og:title\" content=\"Mixer Hard Case\" \/>\n<meta property=\"og:description\" content=\"Mixer Hard Case Factory: Specializing in direct sales and professional customization for premium equipment protection solutions.\" \/>\n<meta property=\"og:url\" content=\"https:\/\/sxflightcase.com\/tr\/san-pham\/mixer-hard-case\/\" \/>\n<meta property=\"og:site_name\" content=\"https:\/\/sxflightcase.com\" \/>\n<meta property=\"article:publisher\" content=\"https:\/\/www.facebook.com\/profile.php?id=61560407257971\" \/>\n<meta property=\"article:modified_time\" content=\"2025-02-20T08:04:50+00:00\" \/>\n<meta property=\"og:image\" content=\"https:\/\/sxflightcase.com\/wp-content\/uploads\/2024\/05\/mixer-hard-case55546902954.webp\" \/>\n\t<meta property=\"og:image:width\" content=\"700\" \/>\n\t<meta property=\"og:image:height\" content=\"700\" \/>\n\t<meta property=\"og:image:type\" content=\"image\/webp\" \/>\n<meta name=\"twitter:card\" content=\"summary_large_image\" \/>\n<meta name=\"twitter:label1\" content=\"Tahmini okuma s\u00fcresi\" \/>\n\t<meta name=\"twitter:data1\" content=\"4 dakika\" \/>\n<script type=\"application\/ld+json\" class=\"yoast-schema-graph\">{\"@context\":\"https:\/\/schema.org\",\"@graph\":[{\"@type\":\"WebPage\",\"@id\":\"https:\/\/sxflightcase.com\/vi\/san-pham\/mixer-hard-case\/\",\"url\":\"https:\/\/sxflightcase.com\/vi\/san-pham\/mixer-hard-case\/\",\"name\":\"Mixer Hard Case - https:\/\/sxflightcase.com \ud83d\udc97\",\"isPartOf\":{\"@id\":\"https:\/\/sxflightcase.com\/th\/#website\"},\"primaryImageOfPage\":{\"@id\":\"https:\/\/sxflightcase.com\/vi\/san-pham\/mixer-hard-case\/#primaryimage\"},\"image\":{\"@id\":\"https:\/\/sxflightcase.com\/vi\/san-pham\/mixer-hard-case\/#primaryimage\"},\"thumbnailUrl\":\"https:\/\/sxflightcase.com\/wp-content\/uploads\/2024\/05\/mixer-hard-case55546902954.webp\",\"datePublished\":\"2024-05-07T05:46:14+00:00\",\"dateModified\":\"2025-02-20T08:04:50+00:00\",\"description\":\"Mixer Hard Case Factory: Specializing in direct sales and professional customization for premium equipment protection solutions.\",\"breadcrumb\":{\"@id\":\"https:\/\/sxflightcase.com\/vi\/san-pham\/mixer-hard-case\/#breadcrumb\"},\"inLanguage\":\"tr\",\"potentialAction\":[{\"@type\":\"ReadAction\",\"target\":[\"https:\/\/sxflightcase.com\/vi\/san-pham\/mixer-hard-case\/\"]}]},{\"@type\":\"ImageObject\",\"inLanguage\":\"tr\",\"@id\":\"https:\/\/sxflightcase.com\/vi\/san-pham\/mixer-hard-case\/#primaryimage\",\"url\":\"https:\/\/sxflightcase.com\/wp-content\/uploads\/2024\/05\/mixer-hard-case55546902954.webp\",\"contentUrl\":\"https:\/\/sxflightcase.com\/wp-content\/uploads\/2024\/05\/mixer-hard-case55546902954.webp\",\"width\":700,\"height\":700,\"caption\":\"Mixer Hard Case\"},{\"@type\":\"BreadcrumbList\",\"@id\":\"https:\/\/sxflightcase.com\/vi\/san-pham\/mixer-hard-case\/#breadcrumb\",\"itemListElement\":[{\"@type\":\"ListItem\",\"position\":1,\"name\":\"Home\",\"item\":\"https:\/\/sxflightcase.com\/\"},{\"@type\":\"ListItem\",\"position\":2,\"name\":\"\u0e2a\u0e34\u0e19\u0e04\u0e49\u0e32\",\"item\":\"https:\/\/sxflightcase.com\/th\/shop\/\"},{\"@type\":\"ListItem\",\"position\":3,\"name\":\"Mixer Hard Case\"}]},{\"@type\":\"WebSite\",\"@id\":\"https:\/\/sxflightcase.com\/th\/#website\",\"url\":\"https:\/\/sxflightcase.com\/th\/\",\"name\":\"sxpowercase.com\",\"description\":\"Flight Case Factory\",\"publisher\":{\"@id\":\"https:\/\/sxflightcase.com\/th\/#organization\"},\"potentialAction\":[{\"@type\":\"SearchAction\",\"target\":{\"@type\":\"EntryPoint\",\"urlTemplate\":\"https:\/\/sxflightcase.com\/th\/?s={search_term_string}\"},\"query-input\":{\"@type\":\"PropertyValueSpecification\",\"valueRequired\":true,\"valueName\":\"search_term_string\"}}],\"inLanguage\":\"tr\"},{\"@type\":\"Organization\",\"@id\":\"https:\/\/sxflightcase.com\/th\/#organization\",\"name\":\"sxpowercase.com\",\"url\":\"https:\/\/sxflightcase.com\/th\/\",\"logo\":{\"@type\":\"ImageObject\",\"inLanguage\":\"tr\",\"@id\":\"https:\/\/sxflightcase.com\/th\/#\/schema\/logo\/image\/\",\"url\":\"https:\/\/sxflightcase.com\/wp-content\/uploads\/2024\/04\/1713919036007.jpg\",\"contentUrl\":\"https:\/\/sxflightcase.com\/wp-content\/uploads\/2024\/04\/1713919036007.jpg\",\"width\":382,\"height\":388,\"caption\":\"sxpowercase.com\"},\"image\":{\"@id\":\"https:\/\/sxflightcase.com\/th\/#\/schema\/logo\/image\/\"},\"sameAs\":[\"https:\/\/www.facebook.com\/profile.php?id=61560407257971\"],\"numberOfEmployees\":{\"@type\":\"QuantitativeValue\",\"minValue\":\"11\",\"maxValue\":\"50\"}}]}<\/script>\n<!-- \/ Yoast SEO Premium plugin. -->","yoast_head_json":{"title":"Mixer Hard Case - https:\/\/sxflightcase.com \ud83d\udc97","description":"Mikser Sert K\u0131l\u0131f Fabrikas\u0131: Birinci s\u0131n\u0131f ekipman koruma \u00e7\u00f6z\u00fcmleri i\u00e7in do\u011frudan sat\u0131\u015f ve profesyonel \u00f6zelle\u015ftirme konusunda uzmanla\u015fm\u0131\u015ft\u0131r.","robots":{"index":"index","follow":"follow","max-snippet":"max-snippet:-1","max-image-preview":"max-image-preview:large","max-video-preview":"max-video-preview:-1"},"canonical":"https:\/\/sxflightcase.com\/tr\/san-pham\/mixer-hard-case\/","og_locale":"tr_TR","og_type":"article","og_title":"Mixer Hard Case","og_description":"Mixer Hard Case Factory: Specializing in direct sales and professional customization for premium equipment protection solutions.","og_url":"https:\/\/sxflightcase.com\/tr\/san-pham\/mixer-hard-case\/","og_site_name":"https:\/\/sxflightcase.com","article_publisher":"https:\/\/www.facebook.com\/profile.php?id=61560407257971","article_modified_time":"2025-02-20T08:04:50+00:00","og_image":[{"width":700,"height":700,"url":"https:\/\/sxflightcase.com\/wp-content\/uploads\/2024\/05\/mixer-hard-case55546902954.webp","type":"image\/webp"}],"twitter_card":"summary_large_image","twitter_misc":{"Tahmini okuma s\u00fcresi":"4 dakika"},"schema":{"@context":"https:\/\/schema.org","@graph":[{"@type":"WebPage","@id":"https:\/\/sxflightcase.com\/vi\/san-pham\/mixer-hard-case\/","url":"https:\/\/sxflightcase.com\/vi\/san-pham\/mixer-hard-case\/","name":"Mixer Hard Case - https:\/\/sxflightcase.com \ud83d\udc97","isPartOf":{"@id":"https:\/\/sxflightcase.com\/th\/#website"},"primaryImageOfPage":{"@id":"https:\/\/sxflightcase.com\/vi\/san-pham\/mixer-hard-case\/#primaryimage"},"image":{"@id":"https:\/\/sxflightcase.com\/vi\/san-pham\/mixer-hard-case\/#primaryimage"},"thumbnailUrl":"https:\/\/sxflightcase.com\/wp-content\/uploads\/2024\/05\/mixer-hard-case55546902954.webp","datePublished":"2024-05-07T05:46:14+00:00","dateModified":"2025-02-20T08:04:50+00:00","description":"Mikser Sert K\u0131l\u0131f Fabrikas\u0131: Birinci s\u0131n\u0131f ekipman koruma \u00e7\u00f6z\u00fcmleri i\u00e7in do\u011frudan sat\u0131\u015f ve profesyonel \u00f6zelle\u015ftirme konusunda uzmanla\u015fm\u0131\u015ft\u0131r.","breadcrumb":{"@id":"https:\/\/sxflightcase.com\/vi\/san-pham\/mixer-hard-case\/#breadcrumb"},"inLanguage":"tr","potentialAction":[{"@type":"ReadAction","target":["https:\/\/sxflightcase.com\/vi\/san-pham\/mixer-hard-case\/"]}]},{"@type":"ImageObject","inLanguage":"tr","@id":"https:\/\/sxflightcase.com\/vi\/san-pham\/mixer-hard-case\/#primaryimage","url":"https:\/\/sxflightcase.com\/wp-content\/uploads\/2024\/05\/mixer-hard-case55546902954.webp","contentUrl":"https:\/\/sxflightcase.com\/wp-content\/uploads\/2024\/05\/mixer-hard-case55546902954.webp","width":700,"height":700,"caption":"Mixer Hard Case"},{"@type":"BreadcrumbList","@id":"https:\/\/sxflightcase.com\/vi\/san-pham\/mixer-hard-case\/#breadcrumb","itemListElement":[{"@type":"ListItem","position":1,"name":"Home","item":"https:\/\/sxflightcase.com\/"},{"@type":"ListItem","position":2,"name":"\u0e2a\u0e34\u0e19\u0e04\u0e49\u0e32","item":"https:\/\/sxflightcase.com\/th\/shop\/"},{"@type":"ListItem","position":3,"name":"Mixer Hard Case"}]},{"@type":"WebSite","@id":"https:\/\/sxflightcase.com\/th\/#website","url":"https:\/\/sxflightcase.com\/th\/","name":"sxpowercase.com","description":"U\u00e7u\u015f \u00c7antas\u0131 Fabrikas\u0131","publisher":{"@id":"https:\/\/sxflightcase.com\/th\/#organization"},"potentialAction":[{"@type":"SearchAction","target":{"@type":"EntryPoint","urlTemplate":"https:\/\/sxflightcase.com\/th\/?s={search_term_string}"},"query-input":{"@type":"PropertyValueSpecification","valueRequired":true,"valueName":"search_term_string"}}],"inLanguage":"tr"},{"@type":"Organization","@id":"https:\/\/sxflightcase.com\/th\/#organization","name":"sxpowercase.com","url":"https:\/\/sxflightcase.com\/th\/","logo":{"@type":"ImageObject","inLanguage":"tr","@id":"https:\/\/sxflightcase.com\/th\/#\/schema\/logo\/image\/","url":"https:\/\/sxflightcase.com\/wp-content\/uploads\/2024\/04\/1713919036007.jpg","contentUrl":"https:\/\/sxflightcase.com\/wp-content\/uploads\/2024\/04\/1713919036007.jpg","width":382,"height":388,"caption":"sxpowercase.com"},"image":{"@id":"https:\/\/sxflightcase.com\/th\/#\/schema\/logo\/image\/"},"sameAs":["https:\/\/www.facebook.com\/profile.php?id=61560407257971"],"numberOfEmployees":{"@type":"QuantitativeValue","minValue":"11","maxValue":"50"}}]}},"_links":{"self":[{"href":"https:\/\/sxflightcase.com\/tr\/wp-json\/wp\/v2\/product\/1107","targetHints":{"allow":["GET"]}}],"collection":[{"href":"https:\/\/sxflightcase.com\/tr\/wp-json\/wp\/v2\/product"}],"about":[{"href":"https:\/\/sxflightcase.com\/tr\/wp-json\/wp\/v2\/types\/product"}],"replies":[{"embeddable":true,"href":"https:\/\/sxflightcase.com\/tr\/wp-json\/wp\/v2\/comments?post=1107"}],"version-history":[{"count":0,"href":"https:\/\/sxflightcase.com\/tr\/wp-json\/wp\/v2\/product\/1107\/revisions"}],"wp:featuredmedia":[{"embeddable":true,"href":"https:\/\/sxflightcase.com\/tr\/wp-json\/wp\/v2\/media\/1108"}],"wp:attachment":[{"href":"https:\/\/sxflightcase.com\/tr\/wp-json\/wp\/v2\/media?parent=1107"}],"wp:term":[{"taxonomy":"product_brand","embeddable":true,"href":"https:\/\/sxflightcase.com\/tr\/wp-json\/wp\/v2\/product_brand?post=1107"},{"taxonomy":"product_cat","embeddable":true,"href":"https:\/\/sxflightcase.com\/tr\/wp-json\/wp\/v2\/product_cat?post=1107"},{"taxonomy":"product_tag","embeddable":true,"href":"https:\/\/sxflightcase.com\/tr\/wp-json\/wp\/v2\/product_tag?post=1107"}],"curies":[{"name":"wp","href":"https:\/\/api.w.org\/{rel}","templated":true}]}}