{"id":1592,"date":"2024-05-10T02:03:41","date_gmt":"2024-05-10T01:03:41","guid":{"rendered":"https:\/\/sxpowercase.com\/?post_type=product&#038;p=1592"},"modified":"2024-10-18T09:33:09","modified_gmt":"2024-10-18T08:33:09","slug":"rack-mount-case","status":"publish","type":"product","link":"https:\/\/sxflightcase.com\/tr\/urun\/rafa-monte-kasa-2\/","title":{"rendered":"Raf Montaj \u00c7antas\u0131n\u0131 \u00d6zelle\u015ftirin"},"content":{"rendered":"<p><strong>\u00dcr\u00fcn parametresi(spesifikasyonu)<\/strong><\/p>\n<section class=\"table-wrap\">\n<table class=\"table\" width=\"100%\" cellspacing=\"0\" cellpadding=\"0\">\n<tbody>\n<tr class=\"firstRow\">\n<td width=\"134\">\u00dcr\u00fcn ad\u0131:<\/td>\n<td width=\"503\">Raf montajl\u0131 kasa<\/td>\n<\/tr>\n<tr>\n<td width=\"134\">Boyut<\/td>\n<td width=\"503\">\u00d6zel istek \u00fczerine<\/td>\n<\/tr>\n<tr>\n<td width=\"134\">Renk<\/td>\n<td width=\"503\">G\u00fcm\u00fc\u015f \/ siyah \/ k\u0131rm\u0131z\u0131 \/ mavi vb.<\/td>\n<\/tr>\n<tr>\n<td width=\"134\">Malzemeler<\/td>\n<td width=\"503\">Al\u00fcminyum + MDF panel<\/td>\n<\/tr>\n<tr>\n<td width=\"134\">Logo<\/td>\n<td width=\"503\">Serigrafi logo \/ kabartma logo \/ lazer logo i\u00e7in kullan\u0131labilir<\/td>\n<\/tr>\n<tr>\n<td width=\"134\">Fiyat ko\u015fullar\u0131<\/td>\n<td width=\"503\">Ex-work \/ FOB \/ CIF \/ DDU<\/td>\n<\/tr>\n<\/tbody>\n<\/table>\n<\/section>\n<h3>Kurulumunuzu SX Rack Mount Case ile Y\u00fckseltin<\/h3>\n<h4>Ekipman\u0131n\u0131z\u0131 SX Rack Mount Case ile G\u00fcvenceye Al\u0131n<\/h4>\n<p>The <a title=\"SX\" href=\"https:\/\/sxpowercase.com\/\" target=\"_blank\" rel=\"noopener\" data-wpil-monitor-id=\"500\">SX<\/a> Rack Mount Case, de\u011ferli ekipmanlar\u0131n\u0131z\u0131 korumak ve d\u00fczenlemek i\u00e7in nihai \u00e7\u00f6z\u00fcm\u00fcn\u00fczd\u00fcr. \u0130ster sunucular\u0131, ister ses ekipmanlar\u0131n\u0131 veya di\u011fer elektronik cihazlar\u0131 monte ediyor olun, bu \u00e7anta darbelere, titre\u015fimlere ve di\u011fer ta\u015f\u0131ma tehlikelerine kar\u015f\u0131 sa\u011flam koruma sa\u011flar. SX, i\u015finiz sizi nereye g\u00f6t\u00fcr\u00fcrse g\u00f6t\u00fcrs\u00fcn ekipman\u0131n\u0131z\u0131n g\u00fcvende ve \u00e7al\u0131\u015f\u0131r durumda kalmas\u0131n\u0131 sa\u011flar.<\/p>\n<h4>Fabrikadan Size Do\u011frudan<\/h4>\n<p>SX olarak, size ola\u011fan\u00fcst\u00fc kaliteyi do\u011frudan fabrikam\u0131zdan sunmak i\u00e7in arac\u0131lar\u0131 aradan \u00e7\u0131kar\u0131yoruz. Bu do\u011frudan sat\u0131\u015f yakla\u015f\u0131m\u0131 yaln\u0131zca uygun fiyat sa\u011flamakla kalmaz, ayn\u0131 zamanda en y\u00fcksek i\u015f\u00e7ilik standard\u0131n\u0131 elde etmenizi de garanti eder. Raf Tipi Kasam\u0131z profesyonel kullan\u0131m\u0131n gerekliliklerine dayanacak \u015fekilde \u00fcretilmi\u015ftir ve g\u00fcvenilir ekipman korumas\u0131 gerektiren t\u00fcm kurulumlar i\u00e7in m\u00fckemmel bir se\u00e7imdir.<\/p>\n<h4>\u0130htiya\u00e7lar\u0131n\u0131za \u00d6zel \u00c7\u00f6z\u00fcmler<\/h4>\n<p>Her kurulum benzersizdir ve \u00e7\u00f6z\u00fcmlerimiz de \u00f6yle. SX Rack Mount Case, ister \u00f6zel boyutlara, ister ek \u00f6zelliklere veya benzersiz yap\u0131land\u0131rmalara ihtiyac\u0131n\u0131z olsun, \u00f6zel gereksinimlerinize uyacak \u015fekilde \u00f6zelle\u015ftirilebilir. \u00d6zelle\u015ftirme se\u00e7eneklerimiz, ekipman\u0131n\u0131z\u0131n tam ve g\u00fcvenli bir \u015fekilde oturmas\u0131n\u0131 sa\u011flayarak hem korumay\u0131 hem de verimlili\u011fi en \u00fcst d\u00fczeye \u00e7\u0131kar\u0131r.<\/p>\n<hr \/>\n<h4>Neden SX Raf Tipi Kasa Se\u00e7melisiniz?<\/h4>\n<p>SX'i se\u00e7mek g\u00fcvenilirli\u011fi, dayan\u0131kl\u0131l\u0131\u011f\u0131 ve de\u011feri se\u00e7mek demektir. Raf Tipi Kasalar\u0131m\u0131z, s\u0131k kullan\u0131m ve nakliye zorluklar\u0131na dayanacak \u015fekilde tasarlanm\u0131\u015ft\u0131r ve ekipman\u0131n\u0131z\u0131n g\u00fcvenli ve \u00e7al\u0131\u015f\u0131r durumda kalmas\u0131n\u0131 sa\u011flar. Fabrikam\u0131zdan do\u011frudan sat\u0131\u015f ile kaliteden \u00f6d\u00fcn vermeden en iyi fiyat\u0131 elde edersiniz.<\/p>\n<hr \/>\n<h4>Yat\u0131r\u0131m\u0131n\u0131z\u0131 SX ile Koruyun<\/h4>\n<p>SX Raf Tipi Kasalara yat\u0131r\u0131m yap\u0131n ve ekipman\u0131n\u0131z\u0131n gitti\u011finiz her yerde korundu\u011fundan emin olun. Kalite ve m\u00fc\u015fteri memnuniyetine olan ba\u011fl\u0131l\u0131\u011f\u0131m\u0131z, t\u00fcm ekipman koruma ihtiya\u00e7lar\u0131n\u0131z i\u00e7in SX'e g\u00fcvenebilece\u011finiz anlam\u0131na gelir. Rafa Montaj Kasalar\u0131m\u0131z ve kurulumunuzu nas\u0131l geli\u015ftirebilece\u011fi hakk\u0131nda daha fazla bilgi edinmek i\u00e7in bug\u00fcn bize ula\u015f\u0131n.<\/p>\n<p><strong>SSS<\/strong><\/p>\n<p>S: Teslimat s\u00fcreniz ne kadard\u0131r?<\/p>\n<p>C: Genel teslimat s\u00fcresi, sipari\u015f onay\u0131n\u0131z\u0131 ald\u0131ktan sonra 15-20 g\u00fcnd\u00fcr. Ayr\u0131ca, stoklar\u0131m\u0131zda mal varsa, sadece 1-2 g\u00fcn s\u00fcrecektir.<\/p>\n<p>S: OEM ve ODM yapabilir misiniz?<\/p>\n<p>A: Evet, OEM ve ODM ikisi de kabul edilebilir. Malzeme, renk, stil \u00f6zelle\u015ftirilebilir, temel miktar\u0131 g\u00f6r\u00fc\u015ft\u00fckten sonra tavsiye edece\u011fiz.<\/p>\n<p>S: Kendi logomuzu kullanabilir miyiz?<\/p>\n<p>C: Evet, iste\u011finize g\u00f6re \u00f6zel logonuzu basabiliriz.<\/p>\n<p>S\u0131cak Etiketler: D\u00fc\u015f\u00fck fiyat, stokta, \u00fccretsiz numune, G\u00fc\u00e7 ve Sinyal Kablosu, 16 \u00d6l\u00e7\u00fc 4 \u0130letkenli Tel, Mikrofon Stand K\u0131l\u0131f\u0131, A\u00e7\u0131k Hava LED Ekran Kabini, Raf Montaj\u0131, 19\u201d Raf Montajl\u0131 Mikser U\u00e7u\u015f K\u0131l\u0131flar\u0131, elektrik da\u011f\u0131t\u0131m kutusu, \u00c7in, tedarik\u00e7iler, fabrika, \u00f6zelle\u015ftirilmi\u015f, toptan sat\u0131\u015f, <span style=\"color: #993366;\"><a style=\"color: #993366;\" href=\"https:\/\/sxflightcase.com\/tr\/product-category\/all-product\/power-distribution-boxes\/\">g\u00fc\u00e7 kutular\u0131<\/a>,\u00a0<a style=\"color: #993366;\" href=\"https:\/\/sxflightcase.com\/tr\/product-category\/all-product\/hoist-controllers\/\">g\u00fc\u00e7 kablolar\u0131<\/a>,\u00a0<a style=\"color: #993366;\" href=\"https:\/\/sxflightcase.com\/tr\/product-category\/all-product\/hoist-controllers\/\">vin\u00e7 kontrol\u00f6rleri<\/a>,\u00a0<a style=\"color: #993366;\" href=\"https:\/\/sxflightcase.com\/tr\/product-category\/all-product\/flight-case\/\">u\u00e7u\u015f vakalar\u0131.<\/a><\/span><\/p>","protected":false},"excerpt":{"rendered":"<h2 class=\"prodetails-name\">Rafa Monte Kasa<\/h2>\n<p>Kullan\u0131m, paketleme, depolama ve nakliye s\u0131ras\u0131nda pahal\u0131 di\u015fliler ve ekipmanlar i\u00e7in g\u00fcvenilir koruma sa\u011flamak i\u00e7in tekerlekli raf montaj kutusu tedarik ediyoruz. Kendimizi a\u015fa\u011f\u0131dakilere adad\u0131k <a>=\"wpil_keyword_link\" title=\"flight case\" href=\"https:\/\/sxpowercase.com\/product-category\/all-product\/flight-case\/\" target=\"_blank\" rel=\"noopener\" data-wpil-keyword-link=\"linked\" data-wpil-monitor-id=\"388\u2033&gt;u\u00e7u\u015f \u00e7antas\u0131<\/a> Uzun y\u0131llard\u0131r Amerika ve Asya pazar\u0131n\u0131n \u00e7o\u011funu kapsamaktad\u0131r. \u00c7in'deki uzun tak\u0131m orta\u011f\u0131n\u0131z olmay\u0131 bekliyoruz.<\/p>\n<h2><strong>\u00dcretim tan\u0131t\u0131m\u0131<\/strong><\/h2>\n<p>A\u011f\u0131r hizmet tipi yap\u0131<\/p>\n<p>500 mm derinli\u011finde orta b\u00f6l\u00fcm<\/p>\n<p>G\u00f6mme mandallar ve kulplar<\/p>\n<p>HD tekerlekler (2 frenli)<\/p>\n<p>Raf \u015feridi &ouml;n ve arka&lt;\/p&gt;<\/p>","protected":false},"featured_media":1595,"comment_status":"open","ping_status":"closed","template":"","meta":[],"product_brand":[],"product_cat":[35],"product_tag":[54],"class_list":{"0":"post-1592","1":"product","2":"type-product","3":"status-publish","4":"has-post-thumbnail","6":"product_cat-standard-rack-cases","7":"product_tag-customize","9":"first","10":"instock","11":"shipping-taxable","12":"product-type-simple"},"yoast_head":"<!-- This site is optimized with the Yoast SEO Premium plugin v27.1 (Yoast SEO v27.2) - https:\/\/yoast.com\/product\/yoast-seo-premium-wordpress\/ -->\n<title>Customize Rack Mount Case - https:\/\/sxflightcase.com \ud83d\udc97<\/title>\n<meta name=\"description\" content=\"Rack mount Case: Explore our factory-direct options for professional customization, ensuring your equipment stays protected and organized.&quot;\" \/>\n<meta name=\"robots\" content=\"index, follow, max-snippet:-1, max-image-preview:large, max-video-preview:-1\" \/>\n<link rel=\"canonical\" href=\"https:\/\/sxflightcase.com\/tr\/\u7522\u54c1\/\u6a5f\u67b6\u5b89\u88dd\u7bb1\/\" \/>\n<meta property=\"og:locale\" content=\"tr_TR\" \/>\n<meta property=\"og:type\" content=\"article\" \/>\n<meta property=\"og:title\" content=\"Customize Rack Mount Case\" \/>\n<meta property=\"og:description\" content=\"Rack mount Case: Explore our factory-direct options for professional customization, ensuring your equipment stays protected and organized.&quot;\" \/>\n<meta property=\"og:url\" content=\"https:\/\/sxflightcase.com\/tr\/\u7522\u54c1\/\u6a5f\u67b6\u5b89\u88dd\u7bb1\/\" \/>\n<meta property=\"og:site_name\" content=\"https:\/\/sxflightcase.com\" \/>\n<meta property=\"article:publisher\" content=\"https:\/\/www.facebook.com\/profile.php?id=61560407257971\" \/>\n<meta property=\"article:modified_time\" content=\"2024-10-18T08:33:09+00:00\" \/>\n<meta property=\"og:image\" content=\"https:\/\/sxflightcase.com\/wp-content\/uploads\/2024\/05\/rackmount-case12286554388.webp\" \/>\n\t<meta property=\"og:image:width\" content=\"700\" \/>\n\t<meta property=\"og:image:height\" content=\"700\" \/>\n\t<meta property=\"og:image:type\" content=\"image\/webp\" \/>\n<meta name=\"twitter:card\" content=\"summary_large_image\" \/>\n<meta name=\"twitter:label1\" content=\"Tahmini okuma s\u00fcresi\" \/>\n\t<meta name=\"twitter:data1\" content=\"3 dakika\" \/>\n<script type=\"application\/ld+json\" class=\"yoast-schema-graph\">{\"@context\":\"https:\/\/schema.org\",\"@graph\":[{\"@type\":\"WebPage\",\"@id\":\"https:\/\/sxflightcase.com\/zh_hk\/\u7522\u54c1\/\u6a5f\u67b6\u5b89\u88dd\u7bb1\/\",\"url\":\"https:\/\/sxflightcase.com\/zh_hk\/\u7522\u54c1\/\u6a5f\u67b6\u5b89\u88dd\u7bb1\/\",\"name\":\"Customize Rack Mount Case - https:\/\/sxflightcase.com \ud83d\udc97\",\"isPartOf\":{\"@id\":\"https:\/\/sxflightcase.com\/th\/#website\"},\"primaryImageOfPage\":{\"@id\":\"https:\/\/sxflightcase.com\/zh_hk\/\u7522\u54c1\/\u6a5f\u67b6\u5b89\u88dd\u7bb1\/#primaryimage\"},\"image\":{\"@id\":\"https:\/\/sxflightcase.com\/zh_hk\/\u7522\u54c1\/\u6a5f\u67b6\u5b89\u88dd\u7bb1\/#primaryimage\"},\"thumbnailUrl\":\"https:\/\/sxflightcase.com\/wp-content\/uploads\/2024\/05\/rackmount-case12286554388.webp\",\"datePublished\":\"2024-05-10T01:03:41+00:00\",\"dateModified\":\"2024-10-18T08:33:09+00:00\",\"description\":\"Rack mount Case: Explore our factory-direct options for professional customization, ensuring your equipment stays protected and organized.\\\"\",\"breadcrumb\":{\"@id\":\"https:\/\/sxflightcase.com\/zh_hk\/\u7522\u54c1\/\u6a5f\u67b6\u5b89\u88dd\u7bb1\/#breadcrumb\"},\"inLanguage\":\"tr\",\"potentialAction\":[{\"@type\":\"ReadAction\",\"target\":[\"https:\/\/sxflightcase.com\/zh_hk\/\u7522\u54c1\/\u6a5f\u67b6\u5b89\u88dd\u7bb1\/\"]}]},{\"@type\":\"ImageObject\",\"inLanguage\":\"tr\",\"@id\":\"https:\/\/sxflightcase.com\/zh_hk\/\u7522\u54c1\/\u6a5f\u67b6\u5b89\u88dd\u7bb1\/#primaryimage\",\"url\":\"https:\/\/sxflightcase.com\/wp-content\/uploads\/2024\/05\/rackmount-case12286554388.webp\",\"contentUrl\":\"https:\/\/sxflightcase.com\/wp-content\/uploads\/2024\/05\/rackmount-case12286554388.webp\",\"width\":700,\"height\":700,\"caption\":\"Rackmount Case\"},{\"@type\":\"BreadcrumbList\",\"@id\":\"https:\/\/sxflightcase.com\/zh_hk\/\u7522\u54c1\/\u6a5f\u67b6\u5b89\u88dd\u7bb1\/#breadcrumb\",\"itemListElement\":[{\"@type\":\"ListItem\",\"position\":1,\"name\":\"Home\",\"item\":\"https:\/\/sxflightcase.com\/\"},{\"@type\":\"ListItem\",\"position\":2,\"name\":\"\u0e2a\u0e34\u0e19\u0e04\u0e49\u0e32\",\"item\":\"https:\/\/sxflightcase.com\/th\/shop\/\"},{\"@type\":\"ListItem\",\"position\":3,\"name\":\"Customize Rack Mount Case\"}]},{\"@type\":\"WebSite\",\"@id\":\"https:\/\/sxflightcase.com\/th\/#website\",\"url\":\"https:\/\/sxflightcase.com\/th\/\",\"name\":\"sxpowercase.com\",\"description\":\"Flight Case Factory\",\"publisher\":{\"@id\":\"https:\/\/sxflightcase.com\/th\/#organization\"},\"potentialAction\":[{\"@type\":\"SearchAction\",\"target\":{\"@type\":\"EntryPoint\",\"urlTemplate\":\"https:\/\/sxflightcase.com\/th\/?s={search_term_string}\"},\"query-input\":{\"@type\":\"PropertyValueSpecification\",\"valueRequired\":true,\"valueName\":\"search_term_string\"}}],\"inLanguage\":\"tr\"},{\"@type\":\"Organization\",\"@id\":\"https:\/\/sxflightcase.com\/th\/#organization\",\"name\":\"sxpowercase.com\",\"url\":\"https:\/\/sxflightcase.com\/th\/\",\"logo\":{\"@type\":\"ImageObject\",\"inLanguage\":\"tr\",\"@id\":\"https:\/\/sxflightcase.com\/th\/#\/schema\/logo\/image\/\",\"url\":\"https:\/\/sxflightcase.com\/wp-content\/uploads\/2024\/04\/1713919036007.jpg\",\"contentUrl\":\"https:\/\/sxflightcase.com\/wp-content\/uploads\/2024\/04\/1713919036007.jpg\",\"width\":382,\"height\":388,\"caption\":\"sxpowercase.com\"},\"image\":{\"@id\":\"https:\/\/sxflightcase.com\/th\/#\/schema\/logo\/image\/\"},\"sameAs\":[\"https:\/\/www.facebook.com\/profile.php?id=61560407257971\"],\"numberOfEmployees\":{\"@type\":\"QuantitativeValue\",\"minValue\":\"11\",\"maxValue\":\"50\"}}]}<\/script>\n<!-- \/ Yoast SEO Premium plugin. -->","yoast_head_json":{"title":"Customize Rack Mount Case - https:\/\/sxflightcase.com \ud83d\udc97","description":"Rafa monte Kasa: Ekipman\u0131n\u0131z\u0131n korunmas\u0131n\u0131 ve d\u00fczenli kalmas\u0131n\u0131 sa\u011flayan profesyonel \u00f6zelle\u015ftirme i\u00e7in do\u011frudan fabrika se\u00e7eneklerimizi ke\u015ffedin.\"","robots":{"index":"index","follow":"follow","max-snippet":"max-snippet:-1","max-image-preview":"max-image-preview:large","max-video-preview":"max-video-preview:-1"},"canonical":"https:\/\/sxflightcase.com\/tr\/\u7522\u54c1\/\u6a5f\u67b6\u5b89\u88dd\u7bb1\/","og_locale":"tr_TR","og_type":"article","og_title":"Customize Rack Mount Case","og_description":"Rack mount Case: Explore our factory-direct options for professional customization, ensuring your equipment stays protected and organized.\"","og_url":"https:\/\/sxflightcase.com\/tr\/\u7522\u54c1\/\u6a5f\u67b6\u5b89\u88dd\u7bb1\/","og_site_name":"https:\/\/sxflightcase.com","article_publisher":"https:\/\/www.facebook.com\/profile.php?id=61560407257971","article_modified_time":"2024-10-18T08:33:09+00:00","og_image":[{"width":700,"height":700,"url":"https:\/\/sxflightcase.com\/wp-content\/uploads\/2024\/05\/rackmount-case12286554388.webp","type":"image\/webp"}],"twitter_card":"summary_large_image","twitter_misc":{"Tahmini okuma s\u00fcresi":"3 dakika"},"schema":{"@context":"https:\/\/schema.org","@graph":[{"@type":"WebPage","@id":"https:\/\/sxflightcase.com\/zh_hk\/\u7522\u54c1\/\u6a5f\u67b6\u5b89\u88dd\u7bb1\/","url":"https:\/\/sxflightcase.com\/zh_hk\/\u7522\u54c1\/\u6a5f\u67b6\u5b89\u88dd\u7bb1\/","name":"Customize Rack Mount Case - https:\/\/sxflightcase.com \ud83d\udc97","isPartOf":{"@id":"https:\/\/sxflightcase.com\/th\/#website"},"primaryImageOfPage":{"@id":"https:\/\/sxflightcase.com\/zh_hk\/\u7522\u54c1\/\u6a5f\u67b6\u5b89\u88dd\u7bb1\/#primaryimage"},"image":{"@id":"https:\/\/sxflightcase.com\/zh_hk\/\u7522\u54c1\/\u6a5f\u67b6\u5b89\u88dd\u7bb1\/#primaryimage"},"thumbnailUrl":"https:\/\/sxflightcase.com\/wp-content\/uploads\/2024\/05\/rackmount-case12286554388.webp","datePublished":"2024-05-10T01:03:41+00:00","dateModified":"2024-10-18T08:33:09+00:00","description":"Rafa monte Kasa: Ekipman\u0131n\u0131z\u0131n korunmas\u0131n\u0131 ve d\u00fczenli kalmas\u0131n\u0131 sa\u011flayan profesyonel \u00f6zelle\u015ftirme i\u00e7in do\u011frudan fabrika se\u00e7eneklerimizi ke\u015ffedin.\"","breadcrumb":{"@id":"https:\/\/sxflightcase.com\/zh_hk\/\u7522\u54c1\/\u6a5f\u67b6\u5b89\u88dd\u7bb1\/#breadcrumb"},"inLanguage":"tr","potentialAction":[{"@type":"ReadAction","target":["https:\/\/sxflightcase.com\/zh_hk\/\u7522\u54c1\/\u6a5f\u67b6\u5b89\u88dd\u7bb1\/"]}]},{"@type":"ImageObject","inLanguage":"tr","@id":"https:\/\/sxflightcase.com\/zh_hk\/\u7522\u54c1\/\u6a5f\u67b6\u5b89\u88dd\u7bb1\/#primaryimage","url":"https:\/\/sxflightcase.com\/wp-content\/uploads\/2024\/05\/rackmount-case12286554388.webp","contentUrl":"https:\/\/sxflightcase.com\/wp-content\/uploads\/2024\/05\/rackmount-case12286554388.webp","width":700,"height":700,"caption":"Rackmount Case"},{"@type":"BreadcrumbList","@id":"https:\/\/sxflightcase.com\/zh_hk\/\u7522\u54c1\/\u6a5f\u67b6\u5b89\u88dd\u7bb1\/#breadcrumb","itemListElement":[{"@type":"ListItem","position":1,"name":"Home","item":"https:\/\/sxflightcase.com\/"},{"@type":"ListItem","position":2,"name":"\u0e2a\u0e34\u0e19\u0e04\u0e49\u0e32","item":"https:\/\/sxflightcase.com\/th\/shop\/"},{"@type":"ListItem","position":3,"name":"Customize Rack Mount Case"}]},{"@type":"WebSite","@id":"https:\/\/sxflightcase.com\/th\/#website","url":"https:\/\/sxflightcase.com\/th\/","name":"sxpowercase.com","description":"U\u00e7u\u015f \u00c7antas\u0131 Fabrikas\u0131","publisher":{"@id":"https:\/\/sxflightcase.com\/th\/#organization"},"potentialAction":[{"@type":"SearchAction","target":{"@type":"EntryPoint","urlTemplate":"https:\/\/sxflightcase.com\/th\/?s={search_term_string}"},"query-input":{"@type":"PropertyValueSpecification","valueRequired":true,"valueName":"search_term_string"}}],"inLanguage":"tr"},{"@type":"Organization","@id":"https:\/\/sxflightcase.com\/th\/#organization","name":"sxpowercase.com","url":"https:\/\/sxflightcase.com\/th\/","logo":{"@type":"ImageObject","inLanguage":"tr","@id":"https:\/\/sxflightcase.com\/th\/#\/schema\/logo\/image\/","url":"https:\/\/sxflightcase.com\/wp-content\/uploads\/2024\/04\/1713919036007.jpg","contentUrl":"https:\/\/sxflightcase.com\/wp-content\/uploads\/2024\/04\/1713919036007.jpg","width":382,"height":388,"caption":"sxpowercase.com"},"image":{"@id":"https:\/\/sxflightcase.com\/th\/#\/schema\/logo\/image\/"},"sameAs":["https:\/\/www.facebook.com\/profile.php?id=61560407257971"],"numberOfEmployees":{"@type":"QuantitativeValue","minValue":"11","maxValue":"50"}}]}},"_links":{"self":[{"href":"https:\/\/sxflightcase.com\/tr\/wp-json\/wp\/v2\/product\/1592","targetHints":{"allow":["GET"]}}],"collection":[{"href":"https:\/\/sxflightcase.com\/tr\/wp-json\/wp\/v2\/product"}],"about":[{"href":"https:\/\/sxflightcase.com\/tr\/wp-json\/wp\/v2\/types\/product"}],"replies":[{"embeddable":true,"href":"https:\/\/sxflightcase.com\/tr\/wp-json\/wp\/v2\/comments?post=1592"}],"version-history":[{"count":0,"href":"https:\/\/sxflightcase.com\/tr\/wp-json\/wp\/v2\/product\/1592\/revisions"}],"wp:featuredmedia":[{"embeddable":true,"href":"https:\/\/sxflightcase.com\/tr\/wp-json\/wp\/v2\/media\/1595"}],"wp:attachment":[{"href":"https:\/\/sxflightcase.com\/tr\/wp-json\/wp\/v2\/media?parent=1592"}],"wp:term":[{"taxonomy":"product_brand","embeddable":true,"href":"https:\/\/sxflightcase.com\/tr\/wp-json\/wp\/v2\/product_brand?post=1592"},{"taxonomy":"product_cat","embeddable":true,"href":"https:\/\/sxflightcase.com\/tr\/wp-json\/wp\/v2\/product_cat?post=1592"},{"taxonomy":"product_tag","embeddable":true,"href":"https:\/\/sxflightcase.com\/tr\/wp-json\/wp\/v2\/product_tag?post=1592"}],"curies":[{"name":"wp","href":"https:\/\/api.w.org\/{rel}","templated":true}]}}