{"id":1596,"date":"2024-05-10T02:09:14","date_gmt":"2024-05-10T01:09:14","guid":{"rendered":"https:\/\/sxpowercase.com\/?post_type=product&#038;p=1596"},"modified":"2024-06-27T08:14:30","modified_gmt":"2024-06-27T07:14:30","slug":"19-inch-rack","status":"publish","type":"product","link":"https:\/\/sxflightcase.com\/tr\/urun\/19-inc-raf\/","title":{"rendered":"FP 19 \u0130n\u00e7 Raf"},"content":{"rendered":"<p><strong>\u00dcr\u00fcn parametresi(spesifikasyonu)<\/strong><\/p>\n<section class=\"table-wrap\">\n<table class=\"table\" width=\"100%\" cellspacing=\"0\" cellpadding=\"0\">\n<tbody>\n<tr class=\"firstRow\">\n<td width=\"134\">\u00dcr\u00fcn ad\u0131:<\/td>\n<td width=\"503\">19 in\u00e7 raf<\/td>\n<\/tr>\n<tr>\n<td width=\"134\">Malzeme:<\/td>\n<td width=\"503\">9mm Kontrplak + Krom\/\u00c7inko kaplama donan\u0131m + Al\u00fcminyum ekstr\u00fczyon<\/td>\n<\/tr>\n<tr>\n<td width=\"134\">K\u00f6p\u00fck astar:<\/td>\n<td width=\"503\">\u0130nci k\u00f6p\u00fck \/ EVA k\u00f6p\u00fck \/ Yumurta k\u00f6p\u00fc\u011f\u00fc vb... normal veya iste\u011fe g\u00f6re<\/td>\n<\/tr>\n<tr>\n<td width=\"134\">Renk:<\/td>\n<td width=\"503\">Siyah (varsay\u0131lan renk), K\u0131rm\u0131z\u0131, Mavi, Turuncu, Sar\u0131, Ye\u015fil, vb.<\/td>\n<\/tr>\n<tr>\n<td width=\"134\">Kur\u015fun zaman\u0131:<\/td>\n<td width=\"503\">\u00d6rnek sipari\u015f 3 g\u00fcn, Normal sipari\u015f 7-15 g\u00fcn<\/td>\n<\/tr>\n<tr>\n<td width=\"134\">Boyut:<\/td>\n<td width=\"503\">Ekipman boyutuna ba\u011fl\u0131d\u0131r<\/td>\n<\/tr>\n<\/tbody>\n<\/table>\n<\/section>\n<h3>SX 19 \u0130n\u00e7 Raf \u00c7\u00f6z\u00fcmleri ile Ekipmanlar\u0131n\u0131z\u0131 D\u00fczenleyin<\/h3>\n<h4>SX 19 \u0130n\u00e7 Raf: \u00c7al\u0131\u015fma Alan\u0131n\u0131z\u0131 Verimli Bir \u015eekilde D\u00fczenleyin<\/h4>\n<p>The <a href=\"https:\/\/sxpowercase.com\/\" target=\"_blank\"  rel=\"noopener\" title=\"SX\"  data-wpil-monitor-id=\"501\">SX<\/a> 19 \u0130n\u00e7 Raf, ekipmanlar\u0131n\u0131z\u0131 monte etmek ve d\u00fczenlemek i\u00e7in \u00e7ok y\u00f6nl\u00fc ve g\u00fcvenilir bir \u00e7\u00f6z\u00fcm sa\u011flayarak \u00e7al\u0131\u015fma alan\u0131n\u0131z\u0131 d\u00fczenlemek i\u00e7in tasarlanm\u0131\u015ft\u0131r. \u0130ster sunucular\u0131, ister ses donan\u0131m\u0131n\u0131 veya a\u011f ekipmanlar\u0131n\u0131 y\u00f6netiyor olun, raflar\u0131m\u0131z kolay eri\u015fim ve alan\u0131n verimli kullan\u0131lmas\u0131n\u0131 sa\u011flar.<\/p>\n<h4>Fabrikadan Do\u011frudan Kalite<\/h4>\n<p>SX olarak, 19 \u0130n\u00e7 Raf\u0131m\u0131z\u0131 do\u011frudan fabrikam\u0131zdan sunarak kaliteye ve uygun fiyata \u00f6ncelik veriyoruz. Arac\u0131lar\u0131 ortadan kald\u0131rarak, \u00fcretim standartlar\u0131 ve maliyetler \u00fczerindeki kontrol\u00fcm\u00fcz\u00fc s\u00fcrd\u00fcr\u00fcyor ve rekabet\u00e7i bir fiyata y\u00fcksek kaliteli bir \u00fcr\u00fcn alman\u0131z\u0131 sa\u011fl\u0131yoruz.<\/p>\n<h4>\u0130htiya\u00e7lar\u0131n\u0131za G\u00f6re Tasarlanm\u0131\u015f<\/h4>\n<p>Her kurulumun benzersiz oldu\u011funu biliyoruz. Bu nedenle 19 \u0130n\u00e7 Raf\u0131m\u0131z \u00f6zel gereksinimlerinizi kar\u015f\u0131layacak \u015fekilde \u00f6zelle\u015ftirilebilir. \u0130ster ek raflara, ister kablo y\u00f6netimi \u00e7\u00f6z\u00fcmlerine veya farkl\u0131 bir boyuta ihtiyac\u0131n\u0131z olsun, raflar\u0131m\u0131z ortam\u0131n\u0131za sorunsuz bir \u015fekilde uyacak \u015fekilde uyarlanabilir.<\/p>\n<hr \/>\n<h4>Neden SX 19 \u0130n\u00e7 Raf\u0131 Se\u00e7melisiniz?<\/h4>\n<p>SX'i se\u00e7mek dayan\u0131kl\u0131l\u0131\u011f\u0131, g\u00fcvenilirli\u011fi ve maliyet etkinli\u011fini se\u00e7mek demektir. Raflar\u0131m\u0131z uzun \u00f6m\u00fcrl\u00fc olacak \u015fekilde \u00fcretilmi\u015ftir ve her ortamda alan\u0131 ve organizasyonu optimize etmek i\u00e7in tasarlanm\u0131\u015ft\u0131r. Kolay kurulumu ve sa\u011flam yap\u0131s\u0131 ile her t\u00fcrl\u00fc profesyonel ortam i\u00e7in vazge\u00e7ilmez bir varl\u0131kt\u0131r.<\/p>\n<hr \/>\n<h4>\u00c7al\u0131\u015fma Alan\u0131n\u0131z\u0131 SX ile Geli\u015ftirin<\/h4>\n<p>Bug\u00fcn bir SX Inch Rack'e yat\u0131r\u0131m yap\u0131n ve organizasyon ve verimlilik fark\u0131n\u0131 ya\u015fay\u0131n. \u0130ster ev kullan\u0131m\u0131, ister st\u00fcdyo kurulumlar\u0131 veya profesyonel kurulumlar i\u00e7in olsun, SX raflar\u0131 e\u015fsiz kalite ve i\u015flevsellik sunar. \u0130n\u00e7 Raf se\u00e7eneklerimizi ke\u015ffetmek ve ihtiya\u00e7lar\u0131n\u0131z i\u00e7in m\u00fckemmel \u00e7\u00f6z\u00fcm\u00fc bulmak i\u00e7in hemen bizimle ileti\u015fime ge\u00e7in.<\/p>\n<p><strong>SSS<\/strong><\/p>\n<p>S: Teslimat s\u00fcreniz ne kadard\u0131r?<\/p>\n<p>C: Genel teslimat s\u00fcresi, sipari\u015f onay\u0131n\u0131z\u0131 ald\u0131ktan sonra 15-20 g\u00fcnd\u00fcr. Ayr\u0131ca, stoklar\u0131m\u0131zda mal varsa, sadece 1-2 g\u00fcn s\u00fcrecektir.<\/p>\n<p>S: OEM ve ODM yapabilir misiniz?<\/p>\n<p>A: Evet, OEM ve ODM ikisi de kabul edilebilir. Malzeme, renk, stil \u00f6zelle\u015ftirilebilir, temel miktar\u0131 g\u00f6r\u00fc\u015ft\u00fckten sonra tavsiye edece\u011fiz.<\/p>\n<p>S: Kendi logomuzu kullanabilir miyiz?<\/p>\n<p>C: Evet, iste\u011finize g\u00f6re \u00f6zel logonuzu basabiliriz.<\/p>\n<p>S\u0131cak Etiketler: D\u00fc\u015f\u00fck fiyat, stokta, \u00fccretsiz numune, G\u00fc\u00e7 ve Sinyal Kablosu, 16 \u00d6l\u00e7\u00fc 4 \u0130letkenli Tel, Mikrofon Stand K\u0131l\u0131f\u0131, A\u00e7\u0131k Hava LED Ekran Kabini, Raf Montaj\u0131, 19\u201d Raf Montajl\u0131 Mikser U\u00e7u\u015f K\u0131l\u0131flar\u0131, elektrik da\u011f\u0131t\u0131m kutusu, \u00c7in, tedarik\u00e7iler, fabrika, \u00f6zelle\u015ftirilmi\u015f, toptan sat\u0131\u015f, <span style=\"color: #993366;\"><a style=\"color: #993366;\" href=\"https:\/\/sxflightcase.com\/tr\/product-category\/all-product\/power-distribution-boxes\/\">g\u00fc\u00e7 kutular\u0131<\/a>,\u00a0<a style=\"color: #993366;\" href=\"https:\/\/sxflightcase.com\/tr\/product-category\/all-product\/hoist-controllers\/\">g\u00fc\u00e7 kablolar\u0131<\/a>,\u00a0<a style=\"color: #993366;\" href=\"https:\/\/sxflightcase.com\/tr\/product-category\/all-product\/hoist-controllers\/\">vin\u00e7 kontrol\u00f6rleri<\/a>,\u00a0<a style=\"color: #993366;\" href=\"https:\/\/sxflightcase.com\/tr\/product-category\/all-product\/flight-case\/\">u\u00e7u\u015f vakalar\u0131.<\/a><\/span><\/p>","protected":false},"excerpt":{"rendered":"<h2 class=\"prodetails-name\">19 \u0130n\u00e7 Raf<\/h2>\n<p>Kullan\u0131m, paketleme, depolama ve nakliye s\u0131ras\u0131nda pahal\u0131 di\u015fli ve ekipmanlara g\u00fcvenilir koruma sa\u011flamak i\u00e7in 19 in\u00e7 raf tedarik ediyoruz.<\/p>\n<h2><strong>\u00dcretim tan\u0131t\u0131m\u0131<\/strong>&lt;\/h2&gt;<\/h2>\n<p>A\u011f\u0131r<\/p>\n<h2>g\u00f6rev konstr\u00fcksiyonu<\/h2>\n<p>500 mm derinli\u011finde orta b\u00f6l\u00fcm<\/p>\n<p>G\u00f6mme mandallar ve kulplar<\/p>\n<p>HD tekerlekler (2 frenli)<\/p>\n<p>Raf \u015feridi \u00f6n ve arka<\/p>","protected":false},"featured_media":1597,"comment_status":"open","ping_status":"closed","template":"","meta":[],"product_brand":[],"product_cat":[35],"product_tag":[53],"class_list":{"0":"post-1596","1":"product","2":"type-product","3":"status-publish","4":"has-post-thumbnail","6":"product_cat-standard-rack-cases","7":"product_tag-fp","9":"first","10":"instock","11":"shipping-taxable","12":"product-type-simple"},"yoast_head":"<!-- This site is optimized with the Yoast SEO Premium plugin v27.1 (Yoast SEO v27.2) - https:\/\/yoast.com\/product\/yoast-seo-premium-wordpress\/ -->\n<title>FP 19 Inch Rack - https:\/\/sxflightcase.com \ud83d\udc97<\/title>\n<meta name=\"description\" content=\"19 Inch Rack: Discover our factory-direct options, offering professional customization for efficient organization and storage of your equipment\" \/>\n<meta name=\"robots\" content=\"index, follow, max-snippet:-1, max-image-preview:large, max-video-preview:-1\" \/>\n<link rel=\"canonical\" href=\"https:\/\/sxflightcase.com\/tr\/produk\/19-inch-rack\/\" \/>\n<meta property=\"og:locale\" content=\"tr_TR\" \/>\n<meta property=\"og:type\" content=\"article\" \/>\n<meta property=\"og:title\" content=\"FP 19 Inch Rack\" \/>\n<meta property=\"og:description\" content=\"19 Inch Rack: Discover our factory-direct options, offering professional customization for efficient organization and storage of your equipment\" \/>\n<meta property=\"og:url\" content=\"https:\/\/sxflightcase.com\/tr\/produk\/19-inch-rack\/\" \/>\n<meta property=\"og:site_name\" content=\"https:\/\/sxflightcase.com\" \/>\n<meta property=\"article:publisher\" content=\"https:\/\/www.facebook.com\/profile.php?id=61560407257971\" \/>\n<meta property=\"article:modified_time\" content=\"2024-06-27T07:14:30+00:00\" \/>\n<meta property=\"og:image\" content=\"https:\/\/sxflightcase.com\/wp-content\/uploads\/2024\/05\/19-inch09185401738.webp\" \/>\n\t<meta property=\"og:image:width\" content=\"750\" \/>\n\t<meta property=\"og:image:height\" content=\"750\" \/>\n\t<meta property=\"og:image:type\" content=\"image\/webp\" \/>\n<meta name=\"twitter:card\" content=\"summary_large_image\" \/>\n<meta name=\"twitter:label1\" content=\"Tahmini okuma s\u00fcresi\" \/>\n\t<meta name=\"twitter:data1\" content=\"3 dakika\" \/>\n<script type=\"application\/ld+json\" class=\"yoast-schema-graph\">{\"@context\":\"https:\/\/schema.org\",\"@graph\":[{\"@type\":\"WebPage\",\"@id\":\"https:\/\/sxflightcase.com\/af\/produk\/19-inch-rack\/\",\"url\":\"https:\/\/sxflightcase.com\/af\/produk\/19-inch-rack\/\",\"name\":\"FP 19 Inch Rack - https:\/\/sxflightcase.com \ud83d\udc97\",\"isPartOf\":{\"@id\":\"https:\/\/sxflightcase.com\/th\/#website\"},\"primaryImageOfPage\":{\"@id\":\"https:\/\/sxflightcase.com\/af\/produk\/19-inch-rack\/#primaryimage\"},\"image\":{\"@id\":\"https:\/\/sxflightcase.com\/af\/produk\/19-inch-rack\/#primaryimage\"},\"thumbnailUrl\":\"https:\/\/sxflightcase.com\/wp-content\/uploads\/2024\/05\/19-inch09185401738.webp\",\"datePublished\":\"2024-05-10T01:09:14+00:00\",\"dateModified\":\"2024-06-27T07:14:30+00:00\",\"description\":\"19 Inch Rack: Discover our factory-direct options, offering professional customization for efficient organization and storage of your equipment\",\"breadcrumb\":{\"@id\":\"https:\/\/sxflightcase.com\/af\/produk\/19-inch-rack\/#breadcrumb\"},\"inLanguage\":\"tr\",\"potentialAction\":[{\"@type\":\"ReadAction\",\"target\":[\"https:\/\/sxflightcase.com\/af\/produk\/19-inch-rack\/\"]}]},{\"@type\":\"ImageObject\",\"inLanguage\":\"tr\",\"@id\":\"https:\/\/sxflightcase.com\/af\/produk\/19-inch-rack\/#primaryimage\",\"url\":\"https:\/\/sxflightcase.com\/wp-content\/uploads\/2024\/05\/19-inch09185401738.webp\",\"contentUrl\":\"https:\/\/sxflightcase.com\/wp-content\/uploads\/2024\/05\/19-inch09185401738.webp\",\"width\":750,\"height\":750,\"caption\":\"19 Inch Rack\"},{\"@type\":\"BreadcrumbList\",\"@id\":\"https:\/\/sxflightcase.com\/af\/produk\/19-inch-rack\/#breadcrumb\",\"itemListElement\":[{\"@type\":\"ListItem\",\"position\":1,\"name\":\"Home\",\"item\":\"https:\/\/sxflightcase.com\/\"},{\"@type\":\"ListItem\",\"position\":2,\"name\":\"\u0e2a\u0e34\u0e19\u0e04\u0e49\u0e32\",\"item\":\"https:\/\/sxflightcase.com\/th\/shop\/\"},{\"@type\":\"ListItem\",\"position\":3,\"name\":\"FP 19 Inch Rack\"}]},{\"@type\":\"WebSite\",\"@id\":\"https:\/\/sxflightcase.com\/th\/#website\",\"url\":\"https:\/\/sxflightcase.com\/th\/\",\"name\":\"sxpowercase.com\",\"description\":\"Flight Case Factory\",\"publisher\":{\"@id\":\"https:\/\/sxflightcase.com\/th\/#organization\"},\"potentialAction\":[{\"@type\":\"SearchAction\",\"target\":{\"@type\":\"EntryPoint\",\"urlTemplate\":\"https:\/\/sxflightcase.com\/th\/?s={search_term_string}\"},\"query-input\":{\"@type\":\"PropertyValueSpecification\",\"valueRequired\":true,\"valueName\":\"search_term_string\"}}],\"inLanguage\":\"tr\"},{\"@type\":\"Organization\",\"@id\":\"https:\/\/sxflightcase.com\/th\/#organization\",\"name\":\"sxpowercase.com\",\"url\":\"https:\/\/sxflightcase.com\/th\/\",\"logo\":{\"@type\":\"ImageObject\",\"inLanguage\":\"tr\",\"@id\":\"https:\/\/sxflightcase.com\/th\/#\/schema\/logo\/image\/\",\"url\":\"https:\/\/sxflightcase.com\/wp-content\/uploads\/2024\/04\/1713919036007.jpg\",\"contentUrl\":\"https:\/\/sxflightcase.com\/wp-content\/uploads\/2024\/04\/1713919036007.jpg\",\"width\":382,\"height\":388,\"caption\":\"sxpowercase.com\"},\"image\":{\"@id\":\"https:\/\/sxflightcase.com\/th\/#\/schema\/logo\/image\/\"},\"sameAs\":[\"https:\/\/www.facebook.com\/profile.php?id=61560407257971\"],\"numberOfEmployees\":{\"@type\":\"QuantitativeValue\",\"minValue\":\"11\",\"maxValue\":\"50\"}}]}<\/script>\n<!-- \/ Yoast SEO Premium plugin. -->","yoast_head_json":{"title":"FP 19 Inch Rack - https:\/\/sxflightcase.com \ud83d\udc97","description":"19 \u0130n\u00e7 Raf: Ekipman\u0131n\u0131z\u0131n verimli bir \u015fekilde d\u00fczenlenmesi ve depolanmas\u0131 i\u00e7in profesyonel \u00f6zelle\u015ftirme sunan fabrika \u00e7\u0131k\u0131\u015fl\u0131 se\u00e7eneklerimizi ke\u015ffedin","robots":{"index":"index","follow":"follow","max-snippet":"max-snippet:-1","max-image-preview":"max-image-preview:large","max-video-preview":"max-video-preview:-1"},"canonical":"https:\/\/sxflightcase.com\/tr\/produk\/19-inch-rack\/","og_locale":"tr_TR","og_type":"article","og_title":"FP 19 Inch Rack","og_description":"19 Inch Rack: Discover our factory-direct options, offering professional customization for efficient organization and storage of your equipment","og_url":"https:\/\/sxflightcase.com\/tr\/produk\/19-inch-rack\/","og_site_name":"https:\/\/sxflightcase.com","article_publisher":"https:\/\/www.facebook.com\/profile.php?id=61560407257971","article_modified_time":"2024-06-27T07:14:30+00:00","og_image":[{"width":750,"height":750,"url":"https:\/\/sxflightcase.com\/wp-content\/uploads\/2024\/05\/19-inch09185401738.webp","type":"image\/webp"}],"twitter_card":"summary_large_image","twitter_misc":{"Tahmini okuma s\u00fcresi":"3 dakika"},"schema":{"@context":"https:\/\/schema.org","@graph":[{"@type":"WebPage","@id":"https:\/\/sxflightcase.com\/af\/produk\/19-inch-rack\/","url":"https:\/\/sxflightcase.com\/af\/produk\/19-inch-rack\/","name":"FP 19 Inch Rack - https:\/\/sxflightcase.com \ud83d\udc97","isPartOf":{"@id":"https:\/\/sxflightcase.com\/th\/#website"},"primaryImageOfPage":{"@id":"https:\/\/sxflightcase.com\/af\/produk\/19-inch-rack\/#primaryimage"},"image":{"@id":"https:\/\/sxflightcase.com\/af\/produk\/19-inch-rack\/#primaryimage"},"thumbnailUrl":"https:\/\/sxflightcase.com\/wp-content\/uploads\/2024\/05\/19-inch09185401738.webp","datePublished":"2024-05-10T01:09:14+00:00","dateModified":"2024-06-27T07:14:30+00:00","description":"19 \u0130n\u00e7 Raf: Ekipman\u0131n\u0131z\u0131n verimli bir \u015fekilde d\u00fczenlenmesi ve depolanmas\u0131 i\u00e7in profesyonel \u00f6zelle\u015ftirme sunan fabrika \u00e7\u0131k\u0131\u015fl\u0131 se\u00e7eneklerimizi ke\u015ffedin","breadcrumb":{"@id":"https:\/\/sxflightcase.com\/af\/produk\/19-inch-rack\/#breadcrumb"},"inLanguage":"tr","potentialAction":[{"@type":"ReadAction","target":["https:\/\/sxflightcase.com\/af\/produk\/19-inch-rack\/"]}]},{"@type":"ImageObject","inLanguage":"tr","@id":"https:\/\/sxflightcase.com\/af\/produk\/19-inch-rack\/#primaryimage","url":"https:\/\/sxflightcase.com\/wp-content\/uploads\/2024\/05\/19-inch09185401738.webp","contentUrl":"https:\/\/sxflightcase.com\/wp-content\/uploads\/2024\/05\/19-inch09185401738.webp","width":750,"height":750,"caption":"19 Inch Rack"},{"@type":"BreadcrumbList","@id":"https:\/\/sxflightcase.com\/af\/produk\/19-inch-rack\/#breadcrumb","itemListElement":[{"@type":"ListItem","position":1,"name":"Home","item":"https:\/\/sxflightcase.com\/"},{"@type":"ListItem","position":2,"name":"\u0e2a\u0e34\u0e19\u0e04\u0e49\u0e32","item":"https:\/\/sxflightcase.com\/th\/shop\/"},{"@type":"ListItem","position":3,"name":"FP 19 Inch Rack"}]},{"@type":"WebSite","@id":"https:\/\/sxflightcase.com\/th\/#website","url":"https:\/\/sxflightcase.com\/th\/","name":"sxpowercase.com","description":"U\u00e7u\u015f \u00c7antas\u0131 Fabrikas\u0131","publisher":{"@id":"https:\/\/sxflightcase.com\/th\/#organization"},"potentialAction":[{"@type":"SearchAction","target":{"@type":"EntryPoint","urlTemplate":"https:\/\/sxflightcase.com\/th\/?s={search_term_string}"},"query-input":{"@type":"PropertyValueSpecification","valueRequired":true,"valueName":"search_term_string"}}],"inLanguage":"tr"},{"@type":"Organization","@id":"https:\/\/sxflightcase.com\/th\/#organization","name":"sxpowercase.com","url":"https:\/\/sxflightcase.com\/th\/","logo":{"@type":"ImageObject","inLanguage":"tr","@id":"https:\/\/sxflightcase.com\/th\/#\/schema\/logo\/image\/","url":"https:\/\/sxflightcase.com\/wp-content\/uploads\/2024\/04\/1713919036007.jpg","contentUrl":"https:\/\/sxflightcase.com\/wp-content\/uploads\/2024\/04\/1713919036007.jpg","width":382,"height":388,"caption":"sxpowercase.com"},"image":{"@id":"https:\/\/sxflightcase.com\/th\/#\/schema\/logo\/image\/"},"sameAs":["https:\/\/www.facebook.com\/profile.php?id=61560407257971"],"numberOfEmployees":{"@type":"QuantitativeValue","minValue":"11","maxValue":"50"}}]}},"_links":{"self":[{"href":"https:\/\/sxflightcase.com\/tr\/wp-json\/wp\/v2\/product\/1596","targetHints":{"allow":["GET"]}}],"collection":[{"href":"https:\/\/sxflightcase.com\/tr\/wp-json\/wp\/v2\/product"}],"about":[{"href":"https:\/\/sxflightcase.com\/tr\/wp-json\/wp\/v2\/types\/product"}],"replies":[{"embeddable":true,"href":"https:\/\/sxflightcase.com\/tr\/wp-json\/wp\/v2\/comments?post=1596"}],"version-history":[{"count":0,"href":"https:\/\/sxflightcase.com\/tr\/wp-json\/wp\/v2\/product\/1596\/revisions"}],"wp:featuredmedia":[{"embeddable":true,"href":"https:\/\/sxflightcase.com\/tr\/wp-json\/wp\/v2\/media\/1597"}],"wp:attachment":[{"href":"https:\/\/sxflightcase.com\/tr\/wp-json\/wp\/v2\/media?parent=1596"}],"wp:term":[{"taxonomy":"product_brand","embeddable":true,"href":"https:\/\/sxflightcase.com\/tr\/wp-json\/wp\/v2\/product_brand?post=1596"},{"taxonomy":"product_cat","embeddable":true,"href":"https:\/\/sxflightcase.com\/tr\/wp-json\/wp\/v2\/product_cat?post=1596"},{"taxonomy":"product_tag","embeddable":true,"href":"https:\/\/sxflightcase.com\/tr\/wp-json\/wp\/v2\/product_tag?post=1596"}],"curies":[{"name":"wp","href":"https:\/\/api.w.org\/{rel}","templated":true}]}}