{"id":1602,"date":"2024-05-10T02:17:12","date_gmt":"2024-05-10T01:17:12","guid":{"rendered":"https:\/\/sxpowercase.com\/?post_type=product&#038;p=1602"},"modified":"2024-06-27T08:15:23","modified_gmt":"2024-06-27T07:15:23","slug":"19-inch-rack-2","status":"publish","type":"product","link":"https:\/\/sxflightcase.com\/tr\/urun\/19-inc-raf-2\/","title":{"rendered":"MP 19 \u0130n\u00e7 Raf"},"content":{"rendered":"<h3><strong>\u00dcretim tan\u0131t\u0131m\u0131<\/strong><\/h3>\n<p>19 in\u00e7 raf i\u00e7 geni\u015flik boyutu standart 19 in\u00e7tir. Raf derinli\u011fi (arka kapa\u011fa kadar) 20,25 in\u00e7tir. Kapak Derinli\u011fi: 3,75\", 4 yayl\u0131 tutamak, asma kilit u\u00e7lu 8 g\u00f6mme b\u00fck\u00fcml\u00fc mandal. Shengxiang serisi raf kasalar\u0131n\u0131n 2U, 4U, 6U, 8U, 10U, 12U, 14U ve 16U raf kasalar\u0131 da mevcuttur.<\/p>\n<h3><strong>\u00dcr\u00fcn parametresi(spesifikasyonu)<\/strong><\/h3>\n<section class=\"table-wrap\">\n<table class=\"table\" width=\"100%\" cellspacing=\"0\" cellpadding=\"0\">\n<tbody>\n<tr class=\"firstRow\">\n<td width=\"134\">\u00dcr\u00fcn ad\u0131<\/td>\n<td width=\"504\">19 in\u00e7 raf<\/td>\n<\/tr>\n<tr>\n<td width=\"134\">Malzemeler<\/td>\n<td width=\"504\">Ticari s\u0131n\u0131f kaplamal\u0131 donan\u0131m, a\u011f\u0131r hizmet tipi kulplar ve mandallar ve bilyal\u0131 k\u00f6\u015feler ile 9 mm lamine kontrplak konstr\u00fcksiyon<br \/>\nDahili yayl\u0131 g\u00f6mme \u00e7ekme kolu<br \/>\nDarbeye dayan\u0131kl\u0131 tip k\u0131l\u0131f yapmak i\u00e7in EVA k\u00f6p\u00fck i\u00e7 dolgu<\/td>\n<\/tr>\n<tr>\n<td width=\"134\">Renk<\/td>\n<td width=\"504\">Siyah, Mavi, K\u0131rm\u0131z\u0131 veya \u00d6zel<\/td>\n<\/tr>\n<tr>\n<td width=\"134\">Kullan\u0131m<\/td>\n<td width=\"504\">Ta\u015f\u0131ma Depolamay\u0131 Koruyun<\/td>\n<\/tr>\n<\/tbody>\n<\/table>\n<\/section>\n<h3>SX 19 \u0130n\u00e7 Raf \u00c7\u00f6z\u00fcmleri ile Ekipmanlar\u0131n\u0131z\u0131 D\u00fczenleyin<\/h3>\n<h4>SX 19 \u0130n\u00e7 Raf: \u00c7al\u0131\u015fma Alan\u0131n\u0131z\u0131 Verimli Bir \u015eekilde D\u00fczenleyin<\/h4>\n<p>The <a href=\"https:\/\/sxpowercase.com\/\" target=\"_blank\"  rel=\"noopener\" title=\"SX\"  data-wpil-monitor-id=\"502\">SX<\/a> 19 \u0130n\u00e7 Raf, ekipmanlar\u0131n\u0131z\u0131 monte etmek ve d\u00fczenlemek i\u00e7in \u00e7ok y\u00f6nl\u00fc ve g\u00fcvenilir bir \u00e7\u00f6z\u00fcm sa\u011flayarak \u00e7al\u0131\u015fma alan\u0131n\u0131z\u0131 d\u00fczenlemek i\u00e7in tasarlanm\u0131\u015ft\u0131r. \u0130ster sunucular\u0131, ister ses donan\u0131m\u0131n\u0131 veya a\u011f ekipmanlar\u0131n\u0131 y\u00f6netiyor olun, raflar\u0131m\u0131z kolay eri\u015fim ve alan\u0131n verimli kullan\u0131lmas\u0131n\u0131 sa\u011flar.<\/p>\n<h4>Fabrikadan Do\u011frudan Kalite<\/h4>\n<p>SX olarak, 19 \u0130n\u00e7 Raf\u0131m\u0131z\u0131 do\u011frudan fabrikam\u0131zdan sunarak kaliteye ve uygun fiyata \u00f6ncelik veriyoruz. Arac\u0131lar\u0131 ortadan kald\u0131rarak, \u00fcretim standartlar\u0131 ve maliyetler \u00fczerindeki kontrol\u00fcm\u00fcz\u00fc s\u00fcrd\u00fcr\u00fcyor ve rekabet\u00e7i bir fiyata y\u00fcksek kaliteli bir \u00fcr\u00fcn alman\u0131z\u0131 sa\u011fl\u0131yoruz.<\/p>\n<h4>\u0130htiya\u00e7lar\u0131n\u0131za G\u00f6re Tasarlanm\u0131\u015f<\/h4>\n<p>Her kurulumun benzersiz oldu\u011funu biliyoruz. Bu nedenle 19 \u0130n\u00e7 Raf\u0131m\u0131z \u00f6zel gereksinimlerinizi kar\u015f\u0131layacak \u015fekilde \u00f6zelle\u015ftirilebilir. \u0130ster ek raflara, ister kablo y\u00f6netimi \u00e7\u00f6z\u00fcmlerine veya farkl\u0131 bir boyuta ihtiyac\u0131n\u0131z olsun, raflar\u0131m\u0131z ortam\u0131n\u0131za sorunsuz bir \u015fekilde uyacak \u015fekilde uyarlanabilir.<\/p>\n<hr \/>\n<h4>Neden SX 19 \u0130n\u00e7 Raf\u0131 Se\u00e7melisiniz?<\/h4>\n<p>SX'i se\u00e7mek dayan\u0131kl\u0131l\u0131\u011f\u0131, g\u00fcvenilirli\u011fi ve maliyet etkinli\u011fini se\u00e7mek demektir. Raflar\u0131m\u0131z uzun \u00f6m\u00fcrl\u00fc olacak \u015fekilde \u00fcretilmi\u015ftir ve her ortamda alan\u0131 ve organizasyonu optimize etmek i\u00e7in tasarlanm\u0131\u015ft\u0131r. Kolay kurulumu ve sa\u011flam yap\u0131s\u0131 ile her t\u00fcrl\u00fc profesyonel ortam i\u00e7in vazge\u00e7ilmez bir varl\u0131kt\u0131r.<\/p>\n<hr \/>\n<h4>\u00c7al\u0131\u015fma Alan\u0131n\u0131z\u0131 SX ile Geli\u015ftirin<\/h4>\n<p>Bug\u00fcn bir SX 19 in\u00e7 Rack'e yat\u0131r\u0131m yap\u0131n ve organizasyon ve verimlilik fark\u0131n\u0131 ya\u015fay\u0131n. \u0130ster ev kullan\u0131m\u0131, ister st\u00fcdyo kurulumlar\u0131 veya profesyonel kurulumlar i\u00e7in olsun, SX raflar\u0131 e\u015fsiz kalite ve i\u015flevsellik sunar. 19-\u0130n\u00e7 Raf se\u00e7eneklerimizi ke\u015ffetmek ve ihtiya\u00e7lar\u0131n\u0131z i\u00e7in m\u00fckemmel \u00e7\u00f6z\u00fcm\u00fc bulmak i\u00e7in hemen bizimle ileti\u015fime ge\u00e7in.<\/p>\n<p><strong>SSS<\/strong><\/p>\n<p>S: Teslimat s\u00fcreniz nedir?<\/p>\n<p>A: Bizim s\u0131radan teslimat s\u00fcresi EXW Guangzhou oldu\u011funu. Ayr\u0131ca FOB, CFR, CIF, DDP, DDU vb. Size nakliye \u00fccretlerini sunaca\u011f\u0131z ve sizin i\u00e7in en uygun ve etkili olan\u0131 se\u00e7ebilirsiniz.<\/p>\n<p>S: Hangi \u00f6deme \u015feklini kabul edebilirsiniz?<\/p>\n<p>A: T \/ T, Western Union, vb. Herhangi bir uygun ve h\u0131zl\u0131 \u00f6deme ko\u015fulunu kabul ediyoruz.<\/p>\n<p>S: Fiyat\u0131 ne zaman \u00f6\u011frenebilirim?<\/p>\n<p>A: Genellikle talebinizi ald\u0131ktan sonra 8 saat i\u00e7inde fiyat teklifi veriyoruz.<\/p>\n<p>S: Kendi ambalaj\u0131m\u0131z\u0131 yapabilir misiniz?<\/p>\n<p>A: Evet, sadece paket tasar\u0131m\u0131n\u0131 sa\u011flay\u0131n ve biz istedi\u011finizi \u00fcretelim. Ayr\u0131ca profesyonel tasar\u0131mc\u0131m\u0131z paketleme tasar\u0131m\u0131n\u0131 yapman\u0131za yard\u0131mc\u0131 olabilir.<\/p>\n<p><strong>Kalite kontrol<\/strong><\/p>\n<p>\u00dcretim hatlar\u0131nda denetim yapmak i\u00e7in QC personelimiz var. T\u00fcm \u00fcr\u00fcnler teslimattan \u00f6nce incelenmi\u015f olmal\u0131d\u0131r. Hat i\u00e7i denetim ve son denetim yap\u0131yoruz.<\/p>\n<p>1. T\u00fcm hammaddeler fabrikam\u0131za ula\u015ft\u0131\u011f\u0131nda kontrol edilir.<\/p>\n<p>2. \u00dcretim s\u0131ras\u0131nda t\u00fcm par\u00e7alar ve logo ve t\u00fcm detaylar kontrol edilir.<\/p>\n<p>3. \u00dcretim s\u0131ras\u0131nda t\u00fcm paketleme detaylar\u0131 kontrol edilir.<\/p>\n<p>4. T\u00fcm \u00fcretim kalitesi ve paketleme bittikten sonra son muayenede kontrol edilir.<\/p>\n<p>S\u0131cak Etiketler: D\u00fc\u015f\u00fck fiyat, stokta, \u00fccretsiz numune, G\u00fc\u00e7 ve Sinyal Kablosu, 16 \u00d6l\u00e7\u00fc 4 \u0130letkenli Tel, Mikrofon Stand K\u0131l\u0131f\u0131, A\u00e7\u0131k Hava LED Ekran Kabini, Raf Montaj\u0131, 19\u201d Raf Montajl\u0131 Mikser U\u00e7u\u015f K\u0131l\u0131flar\u0131, elektrik da\u011f\u0131t\u0131m kutusu, \u00c7in, tedarik\u00e7iler, fabrika, \u00f6zelle\u015ftirilmi\u015f, toptan sat\u0131\u015f, <span style=\"color: #993366;\"><a style=\"color: #993366;\" href=\"https:\/\/sxflightcase.com\/tr\/product-category\/all-product\/power-distribution-boxes\/\">g\u00fc\u00e7 kutular\u0131<\/a>,\u00a0<a style=\"color: #993366;\" href=\"https:\/\/sxflightcase.com\/tr\/product-category\/all-product\/hoist-controllers\/\">g\u00fc\u00e7 kablolar\u0131<\/a>,\u00a0<a style=\"color: #993366;\" href=\"https:\/\/sxflightcase.com\/tr\/product-category\/all-product\/hoist-controllers\/\">vin\u00e7 kontrol\u00f6rleri<\/a>,\u00a0<a style=\"color: #993366;\" href=\"https:\/\/sxflightcase.com\/tr\/product-category\/all-product\/flight-case\/\">u\u00e7u\u015f vakalar\u0131.<\/a><\/span><\/p>","protected":false},"excerpt":{"rendered":"<h2 class=\"prodetails-name\">19 \u0130n\u00e7 Raf<\/h2>\n<p>\u00c7e\u015fitli se\u00e7eneklerle amplifikat\u00f6r ve i\u015flemci gibi \u00e7o\u011fu sahne ekipman\u0131na uyacak bir dizi 19 in\u00e7 raf sunuyoruz. Kasa \u00f6zel yap\u0131md\u0131r <a class=\"wpil_keyword_link\" title=\"u\u00e7u\u015f durumu\" href=\"https:\/\/sxpowercase.com\/product-category\/all-product\/flight-case\/\" target=\"_blank\" rel=\"noopener\" data-wpil-keyword-link=\"linked\" data-wpil-monitor-id=\"389\">u\u00e7u\u015f durumu<\/a> A\u011f\u0131r hizmet tipi ba\u011flant\u0131 par\u00e7alar\u0131 ve standart y\u00fczeyli siyah kontrplak kullan\u0131larak.<\/p>\n<h2><strong>\u00dcretim tan\u0131t\u0131m\u0131<\/strong><\/h2>\n<p>19 in\u00e7 raf i\u00e7 geni\u015flik boyutu standart 19 in\u00e7tir. Raf derinli\u011fi (arka kapa\u011fa kadar) 20,25 in\u00e7tir. Kapak Derinli\u011fi: 3,75\", 4 yayl\u0131 tutamak, asma kilit u\u00e7lu 8 g\u00f6mme b\u00fck\u00fcml\u00fc mandal. Shengxiang serisi raf kasalar\u0131n\u0131n 2U, 4U, 6U, 8U, 10U, 12U, 14U ve 16U raf kasalar\u0131 da mevcuttur.<\/p>","protected":false},"featured_media":1603,"comment_status":"open","ping_status":"closed","template":"","meta":[],"product_brand":[],"product_cat":[35],"product_tag":[50],"class_list":{"0":"post-1602","1":"product","2":"type-product","3":"status-publish","4":"has-post-thumbnail","6":"product_cat-standard-rack-cases","7":"product_tag-mp","9":"first","10":"instock","11":"shipping-taxable","12":"product-type-simple"},"yoast_head":"<!-- This site is optimized with the Yoast SEO Premium plugin v27.1 (Yoast SEO v27.2) - https:\/\/yoast.com\/product\/yoast-seo-premium-wordpress\/ -->\n<title>MP 19-Inch Rack - https:\/\/sxflightcase.com \ud83d\udc97<\/title>\n<meta name=\"description\" content=\"19-Inch Rack: Discover our factory-direct options, offering professional customization for efficient organization and storage of your equipment.\" \/>\n<meta name=\"robots\" content=\"index, follow, max-snippet:-1, max-image-preview:large, max-video-preview:-1\" \/>\n<link rel=\"canonical\" href=\"https:\/\/sxflightcase.com\/tr\/produkt\/19-tommer-rack-2\/\" \/>\n<meta property=\"og:locale\" content=\"tr_TR\" \/>\n<meta property=\"og:type\" content=\"article\" \/>\n<meta property=\"og:title\" content=\"MP 19-Inch Rack\" \/>\n<meta property=\"og:description\" content=\"19-Inch Rack: Discover our factory-direct options, offering professional customization for efficient organization and storage of your equipment.\" \/>\n<meta property=\"og:url\" content=\"https:\/\/sxflightcase.com\/tr\/produkt\/19-tommer-rack-2\/\" \/>\n<meta property=\"og:site_name\" content=\"https:\/\/sxflightcase.com\" \/>\n<meta property=\"article:publisher\" content=\"https:\/\/www.facebook.com\/profile.php?id=61560407257971\" \/>\n<meta property=\"article:modified_time\" content=\"2024-06-27T07:15:23+00:00\" \/>\n<meta property=\"og:image\" content=\"https:\/\/sxflightcase.com\/wp-content\/uploads\/2024\/05\/19-inch-rack03459619372.webp\" \/>\n\t<meta property=\"og:image:width\" content=\"750\" \/>\n\t<meta property=\"og:image:height\" content=\"750\" \/>\n\t<meta property=\"og:image:type\" content=\"image\/webp\" \/>\n<meta name=\"twitter:card\" content=\"summary_large_image\" \/>\n<meta name=\"twitter:label1\" content=\"Tahmini okuma s\u00fcresi\" \/>\n\t<meta name=\"twitter:data1\" content=\"4 dakika\" \/>\n<script type=\"application\/ld+json\" class=\"yoast-schema-graph\">{\"@context\":\"https:\/\/schema.org\",\"@graph\":[{\"@type\":\"WebPage\",\"@id\":\"https:\/\/sxflightcase.com\/da\/produkt\/19-tommer-rack-2\/\",\"url\":\"https:\/\/sxflightcase.com\/da\/produkt\/19-tommer-rack-2\/\",\"name\":\"MP 19-Inch Rack - https:\/\/sxflightcase.com \ud83d\udc97\",\"isPartOf\":{\"@id\":\"https:\/\/sxflightcase.com\/th\/#website\"},\"primaryImageOfPage\":{\"@id\":\"https:\/\/sxflightcase.com\/da\/produkt\/19-tommer-rack-2\/#primaryimage\"},\"image\":{\"@id\":\"https:\/\/sxflightcase.com\/da\/produkt\/19-tommer-rack-2\/#primaryimage\"},\"thumbnailUrl\":\"https:\/\/sxflightcase.com\/wp-content\/uploads\/2024\/05\/19-inch-rack03459619372.webp\",\"datePublished\":\"2024-05-10T01:17:12+00:00\",\"dateModified\":\"2024-06-27T07:15:23+00:00\",\"description\":\"19-Inch Rack: Discover our factory-direct options, offering professional customization for efficient organization and storage of your equipment.\",\"breadcrumb\":{\"@id\":\"https:\/\/sxflightcase.com\/da\/produkt\/19-tommer-rack-2\/#breadcrumb\"},\"inLanguage\":\"tr\",\"potentialAction\":[{\"@type\":\"ReadAction\",\"target\":[\"https:\/\/sxflightcase.com\/da\/produkt\/19-tommer-rack-2\/\"]}]},{\"@type\":\"ImageObject\",\"inLanguage\":\"tr\",\"@id\":\"https:\/\/sxflightcase.com\/da\/produkt\/19-tommer-rack-2\/#primaryimage\",\"url\":\"https:\/\/sxflightcase.com\/wp-content\/uploads\/2024\/05\/19-inch-rack03459619372.webp\",\"contentUrl\":\"https:\/\/sxflightcase.com\/wp-content\/uploads\/2024\/05\/19-inch-rack03459619372.webp\",\"width\":750,\"height\":750,\"caption\":\"19-Inch Rack\"},{\"@type\":\"BreadcrumbList\",\"@id\":\"https:\/\/sxflightcase.com\/da\/produkt\/19-tommer-rack-2\/#breadcrumb\",\"itemListElement\":[{\"@type\":\"ListItem\",\"position\":1,\"name\":\"Home\",\"item\":\"https:\/\/sxflightcase.com\/\"},{\"@type\":\"ListItem\",\"position\":2,\"name\":\"\u0e2a\u0e34\u0e19\u0e04\u0e49\u0e32\",\"item\":\"https:\/\/sxflightcase.com\/th\/shop\/\"},{\"@type\":\"ListItem\",\"position\":3,\"name\":\"MP 19-Inch Rack\"}]},{\"@type\":\"WebSite\",\"@id\":\"https:\/\/sxflightcase.com\/th\/#website\",\"url\":\"https:\/\/sxflightcase.com\/th\/\",\"name\":\"sxpowercase.com\",\"description\":\"Flight Case Factory\",\"publisher\":{\"@id\":\"https:\/\/sxflightcase.com\/th\/#organization\"},\"potentialAction\":[{\"@type\":\"SearchAction\",\"target\":{\"@type\":\"EntryPoint\",\"urlTemplate\":\"https:\/\/sxflightcase.com\/th\/?s={search_term_string}\"},\"query-input\":{\"@type\":\"PropertyValueSpecification\",\"valueRequired\":true,\"valueName\":\"search_term_string\"}}],\"inLanguage\":\"tr\"},{\"@type\":\"Organization\",\"@id\":\"https:\/\/sxflightcase.com\/th\/#organization\",\"name\":\"sxpowercase.com\",\"url\":\"https:\/\/sxflightcase.com\/th\/\",\"logo\":{\"@type\":\"ImageObject\",\"inLanguage\":\"tr\",\"@id\":\"https:\/\/sxflightcase.com\/th\/#\/schema\/logo\/image\/\",\"url\":\"https:\/\/sxflightcase.com\/wp-content\/uploads\/2024\/04\/1713919036007.jpg\",\"contentUrl\":\"https:\/\/sxflightcase.com\/wp-content\/uploads\/2024\/04\/1713919036007.jpg\",\"width\":382,\"height\":388,\"caption\":\"sxpowercase.com\"},\"image\":{\"@id\":\"https:\/\/sxflightcase.com\/th\/#\/schema\/logo\/image\/\"},\"sameAs\":[\"https:\/\/www.facebook.com\/profile.php?id=61560407257971\"],\"numberOfEmployees\":{\"@type\":\"QuantitativeValue\",\"minValue\":\"11\",\"maxValue\":\"50\"}}]}<\/script>\n<!-- \/ Yoast SEO Premium plugin. -->","yoast_head_json":{"title":"MP 19-Inch Rack - https:\/\/sxflightcase.com \ud83d\udc97","description":"19 \u0130n\u00e7 Raf: Ekipman\u0131n\u0131z\u0131n verimli bir \u015fekilde d\u00fczenlenmesi ve depolanmas\u0131 i\u00e7in profesyonel \u00f6zelle\u015ftirme sunan fabrika \u00e7\u0131k\u0131\u015fl\u0131 se\u00e7eneklerimizi ke\u015ffedin.","robots":{"index":"index","follow":"follow","max-snippet":"max-snippet:-1","max-image-preview":"max-image-preview:large","max-video-preview":"max-video-preview:-1"},"canonical":"https:\/\/sxflightcase.com\/tr\/produkt\/19-tommer-rack-2\/","og_locale":"tr_TR","og_type":"article","og_title":"MP 19-Inch Rack","og_description":"19-Inch Rack: Discover our factory-direct options, offering professional customization for efficient organization and storage of your equipment.","og_url":"https:\/\/sxflightcase.com\/tr\/produkt\/19-tommer-rack-2\/","og_site_name":"https:\/\/sxflightcase.com","article_publisher":"https:\/\/www.facebook.com\/profile.php?id=61560407257971","article_modified_time":"2024-06-27T07:15:23+00:00","og_image":[{"width":750,"height":750,"url":"https:\/\/sxflightcase.com\/wp-content\/uploads\/2024\/05\/19-inch-rack03459619372.webp","type":"image\/webp"}],"twitter_card":"summary_large_image","twitter_misc":{"Tahmini okuma s\u00fcresi":"4 dakika"},"schema":{"@context":"https:\/\/schema.org","@graph":[{"@type":"WebPage","@id":"https:\/\/sxflightcase.com\/da\/produkt\/19-tommer-rack-2\/","url":"https:\/\/sxflightcase.com\/da\/produkt\/19-tommer-rack-2\/","name":"MP 19-Inch Rack - https:\/\/sxflightcase.com \ud83d\udc97","isPartOf":{"@id":"https:\/\/sxflightcase.com\/th\/#website"},"primaryImageOfPage":{"@id":"https:\/\/sxflightcase.com\/da\/produkt\/19-tommer-rack-2\/#primaryimage"},"image":{"@id":"https:\/\/sxflightcase.com\/da\/produkt\/19-tommer-rack-2\/#primaryimage"},"thumbnailUrl":"https:\/\/sxflightcase.com\/wp-content\/uploads\/2024\/05\/19-inch-rack03459619372.webp","datePublished":"2024-05-10T01:17:12+00:00","dateModified":"2024-06-27T07:15:23+00:00","description":"19 \u0130n\u00e7 Raf: Ekipman\u0131n\u0131z\u0131n verimli bir \u015fekilde d\u00fczenlenmesi ve depolanmas\u0131 i\u00e7in profesyonel \u00f6zelle\u015ftirme sunan fabrika \u00e7\u0131k\u0131\u015fl\u0131 se\u00e7eneklerimizi ke\u015ffedin.","breadcrumb":{"@id":"https:\/\/sxflightcase.com\/da\/produkt\/19-tommer-rack-2\/#breadcrumb"},"inLanguage":"tr","potentialAction":[{"@type":"ReadAction","target":["https:\/\/sxflightcase.com\/da\/produkt\/19-tommer-rack-2\/"]}]},{"@type":"ImageObject","inLanguage":"tr","@id":"https:\/\/sxflightcase.com\/da\/produkt\/19-tommer-rack-2\/#primaryimage","url":"https:\/\/sxflightcase.com\/wp-content\/uploads\/2024\/05\/19-inch-rack03459619372.webp","contentUrl":"https:\/\/sxflightcase.com\/wp-content\/uploads\/2024\/05\/19-inch-rack03459619372.webp","width":750,"height":750,"caption":"19-Inch Rack"},{"@type":"BreadcrumbList","@id":"https:\/\/sxflightcase.com\/da\/produkt\/19-tommer-rack-2\/#breadcrumb","itemListElement":[{"@type":"ListItem","position":1,"name":"Home","item":"https:\/\/sxflightcase.com\/"},{"@type":"ListItem","position":2,"name":"\u0e2a\u0e34\u0e19\u0e04\u0e49\u0e32","item":"https:\/\/sxflightcase.com\/th\/shop\/"},{"@type":"ListItem","position":3,"name":"MP 19-Inch Rack"}]},{"@type":"WebSite","@id":"https:\/\/sxflightcase.com\/th\/#website","url":"https:\/\/sxflightcase.com\/th\/","name":"sxpowercase.com","description":"U\u00e7u\u015f \u00c7antas\u0131 Fabrikas\u0131","publisher":{"@id":"https:\/\/sxflightcase.com\/th\/#organization"},"potentialAction":[{"@type":"SearchAction","target":{"@type":"EntryPoint","urlTemplate":"https:\/\/sxflightcase.com\/th\/?s={search_term_string}"},"query-input":{"@type":"PropertyValueSpecification","valueRequired":true,"valueName":"search_term_string"}}],"inLanguage":"tr"},{"@type":"Organization","@id":"https:\/\/sxflightcase.com\/th\/#organization","name":"sxpowercase.com","url":"https:\/\/sxflightcase.com\/th\/","logo":{"@type":"ImageObject","inLanguage":"tr","@id":"https:\/\/sxflightcase.com\/th\/#\/schema\/logo\/image\/","url":"https:\/\/sxflightcase.com\/wp-content\/uploads\/2024\/04\/1713919036007.jpg","contentUrl":"https:\/\/sxflightcase.com\/wp-content\/uploads\/2024\/04\/1713919036007.jpg","width":382,"height":388,"caption":"sxpowercase.com"},"image":{"@id":"https:\/\/sxflightcase.com\/th\/#\/schema\/logo\/image\/"},"sameAs":["https:\/\/www.facebook.com\/profile.php?id=61560407257971"],"numberOfEmployees":{"@type":"QuantitativeValue","minValue":"11","maxValue":"50"}}]}},"_links":{"self":[{"href":"https:\/\/sxflightcase.com\/tr\/wp-json\/wp\/v2\/product\/1602","targetHints":{"allow":["GET"]}}],"collection":[{"href":"https:\/\/sxflightcase.com\/tr\/wp-json\/wp\/v2\/product"}],"about":[{"href":"https:\/\/sxflightcase.com\/tr\/wp-json\/wp\/v2\/types\/product"}],"replies":[{"embeddable":true,"href":"https:\/\/sxflightcase.com\/tr\/wp-json\/wp\/v2\/comments?post=1602"}],"version-history":[{"count":0,"href":"https:\/\/sxflightcase.com\/tr\/wp-json\/wp\/v2\/product\/1602\/revisions"}],"wp:featuredmedia":[{"embeddable":true,"href":"https:\/\/sxflightcase.com\/tr\/wp-json\/wp\/v2\/media\/1603"}],"wp:attachment":[{"href":"https:\/\/sxflightcase.com\/tr\/wp-json\/wp\/v2\/media?parent=1602"}],"wp:term":[{"taxonomy":"product_brand","embeddable":true,"href":"https:\/\/sxflightcase.com\/tr\/wp-json\/wp\/v2\/product_brand?post=1602"},{"taxonomy":"product_cat","embeddable":true,"href":"https:\/\/sxflightcase.com\/tr\/wp-json\/wp\/v2\/product_cat?post=1602"},{"taxonomy":"product_tag","embeddable":true,"href":"https:\/\/sxflightcase.com\/tr\/wp-json\/wp\/v2\/product_tag?post=1602"}],"curies":[{"name":"wp","href":"https:\/\/api.w.org\/{rel}","templated":true}]}}