{"id":1612,"date":"2024-05-10T02:37:34","date_gmt":"2024-05-10T01:37:34","guid":{"rendered":"https:\/\/sxpowercase.com\/?post_type=product&#038;p=1612"},"modified":"2024-06-27T08:16:57","modified_gmt":"2024-06-27T07:16:57","slug":"19-rack-flight-case","status":"publish","type":"product","link":"https:\/\/sxflightcase.com\/tr\/urun\/19-rafli-ucus-cantasi\/","title":{"rendered":"MP 19 Rack U\u00e7u\u015f \u00c7antas\u0131"},"content":{"rendered":"<p><strong>\u00dcr\u00fcn parametresi(spesifikasyonu)<\/strong><\/p>\n<section class=\"table-wrap\">\n<table class=\"table\" width=\"100%\" cellspacing=\"0\" cellpadding=\"0\">\n<tbody>\n<tr class=\"firstRow\">\n<td width=\"134\">\u00dcr\u00fcn ad\u0131:<\/td>\n<td width=\"503\">19 rafl\u0131 u\u00e7u\u015f \u00e7antas\u0131<\/td>\n<\/tr>\n<tr>\n<td width=\"134\">Malzeme ve aksesuar:<\/td>\n<td width=\"503\">9mm Kontrplak + Krom\/\u00c7inko kaplama donan\u0131m + Al\u00fcminyum ekstr\u00fczyon<br \/>\n\u00d6n ve Arka \u00c7\u0131kar\u0131labilir Kapaklar<\/td>\n<\/tr>\n<tr>\n<td width=\"134\">K\u00f6p\u00fck astar:<\/td>\n<td width=\"503\">\u0130nci k\u00f6p\u00fck \/ EVA k\u00f6p\u00fck \/ Yumurta k\u00f6p\u00fc\u011f\u00fc vb... normal veya iste\u011fe g\u00f6re<\/td>\n<\/tr>\n<tr>\n<td width=\"134\">Renk:<\/td>\n<td width=\"503\">Siyah (varsay\u0131lan renk), K\u0131rm\u0131z\u0131, Mavi, Turuncu, Sar\u0131, Ye\u015fil, vb.<\/td>\n<\/tr>\n<tr>\n<td width=\"134\">Kur\u015fun zaman\u0131:<\/td>\n<td width=\"503\">\u00d6rnek sipari\u015f 3 g\u00fcn, Normal sipari\u015f 7-15 g\u00fcn<\/td>\n<\/tr>\n<tr>\n<td width=\"134\">Boyut:<\/td>\n<td width=\"503\">Ekipman boyutuna ba\u011fl\u0131d\u0131r<\/td>\n<\/tr>\n<\/tbody>\n<\/table>\n<\/section>\n<h3>Ekipman\u0131n\u0131z\u0131 SX 19\u2033 Raf U\u00e7u\u015f K\u0131l\u0131flar\u0131 ile Koruyun<\/h3>\n<h4>SX 19\u2033 Raf U\u00e7u\u015f Kasalar\u0131: G\u00fcvenli, G\u00fcvenilir, \u00c7ok Y\u00f6nl\u00fc<\/h4>\n<p>SX 19\u2033 Raf U\u00e7u\u015f \u00c7antalar\u0131 ile ekipman\u0131n\u0131z\u0131n g\u00fcvenli\u011fini ve ta\u015f\u0131nabilirli\u011fini sa\u011flay\u0131n. Profesyonel kullan\u0131m i\u00e7in tasarlanan bu kasalar, ta\u015f\u0131ma ve kurulum kolayl\u0131\u011f\u0131 sa\u011flarken darbelere, \u00e7arpmalara ve \u00e7evresel fakt\u00f6rlere kar\u015f\u0131 sa\u011flam koruma sunar.<\/p>\n<h4>Dayan\u0131kl\u0131l\u0131k i\u00e7in \u00dcretildi<\/h4>\n<p>SX olarak dayan\u0131kl\u0131l\u0131k ve performansa \u00f6ncelik veriyoruz. 19\u2033 Raf U\u00e7u\u015f \u00c7antalar\u0131m\u0131z y\u00fcksek kaliteli malzemelerden \u00fcretilmi\u015ftir ve de\u011ferli ekipmanlar\u0131n\u0131z i\u00e7in uzun \u00f6m\u00fcrl\u00fc koruma sa\u011flar. \u0130ster konserler aras\u0131nda seyahat ediyor ister sabit bir yerde kurulum yap\u0131yor olun, kasalar\u0131m\u0131z ekipman\u0131n\u0131z\u0131 g\u00fcvende ve sa\u011flam tutar.<\/p>\n<h4>\u00d6zelle\u015ftirilebilir Se\u00e7enekler<\/h4>\n<p>Her kurulumun benzersiz oldu\u011funu biliyoruz. Bu nedenle 19\" Raf U\u00e7u\u015f Kasalar\u0131m\u0131z \u00f6zel ihtiya\u00e7lar\u0131n\u0131za uyacak \u015fekilde \u00f6zelle\u015ftirilebilir. \u0130\u00e7 dolgu ve \u015fok emiliminden d\u0131\u015f renklere ve marka se\u00e7eneklerine kadar, kasalar\u0131m\u0131z\u0131 gereksinimlerinizi m\u00fckemmel \u015fekilde kar\u015f\u0131layacak \u015fekilde uyarl\u0131yoruz.<\/p>\n<hr \/>\n<h4>Neden SX 19\u2033 Raf U\u00e7u\u015f Kasalar\u0131n\u0131 Se\u00e7melisiniz?<\/h4>\n<p>SX'i se\u00e7mek, g\u00fcvenilirli\u011fi ve g\u00f6n\u00fcl rahatl\u0131\u011f\u0131n\u0131 se\u00e7mek demektir. K\u0131l\u0131flar\u0131m\u0131z g\u00f6rsel-i\u015fitsel, BT ve telekom\u00fcnikasyon dahil olmak \u00fczere \u00e7e\u015fitli sekt\u00f6rlerdeki profesyoneller taraf\u0131ndan g\u00fcvenilmektedir. Sa\u011flam yap\u0131lar\u0131 ve \u00f6zenli tasar\u0131mlar\u0131yla ekipman\u0131n\u0131z\u0131n gitti\u011finiz her yerde korunmas\u0131n\u0131 sa\u011flarlar.<\/p>\n<hr \/>\n<h4>Te\u00e7hizat Koruman\u0131z\u0131 \u015eunlarla Y\u00fckseltin<\/h4>\n<p>Bug\u00fcn SX 19\u2033 Raf U\u00e7u\u015f Kasalar\u0131na yat\u0131r\u0131m yap\u0131n ve ekipman\u0131n\u0131z i\u00e7in geli\u015fmi\u015f g\u00fcvenlik ve rahatl\u0131\u011f\u0131 deneyimleyin. \u0130ster canl\u0131 performanslar, ister st\u00fcdyo kurulumlar\u0131 veya BT da\u011f\u0131t\u0131mlar\u0131 i\u00e7in olsun, SX kasalar\u0131 ihtiyac\u0131n\u0131z olan g\u00fcvenilirli\u011fi ve dayan\u0131kl\u0131l\u0131\u011f\u0131 sa\u011flar. \u00dcr\u00fcn yelpazemizi ke\u015ffetmek ve kurulumunuz i\u00e7in m\u00fckemmel \u00e7\u00f6z\u00fcm\u00fc bulmak i\u00e7in hemen bizimle ileti\u015fime ge\u00e7in.<\/p>\n<h3><strong>SSS<\/strong><\/h3>\n<ul>\n<li><strong>Da\u011f\u0131t\u0131m kutusu nas\u0131l \u00e7al\u0131\u015f\u0131r?<\/strong><br \/>\nDa\u011f\u0131t\u0131m kutular\u0131, bir bina i\u00e7indeki farkl\u0131 devrelere elektrik ak\u0131\u015f\u0131n\u0131 d\u00fczenleyerek g\u00fcvenli ve verimli g\u00fc\u00e7 da\u011f\u0131t\u0131m\u0131 sa\u011flar.<\/li>\n<li><strong>Elektrik g\u00fc\u00e7 da\u011f\u0131t\u0131m\u0131n\u0131n faydalar\u0131 nelerdir?<\/strong><br \/>\nEtkili g\u00fc\u00e7 da\u011f\u0131t\u0131m\u0131 g\u00fcvenilirli\u011fi, g\u00fcvenli\u011fi ve enerji verimlili\u011fini art\u0131rarak i\u015f \u00fcretkenli\u011fine ve gelir art\u0131\u015f\u0131na katk\u0131da bulunur.<\/li>\n<li><strong>Sahne etkinlikleri g\u00fc\u00e7 da\u011f\u0131t\u0131m stratejilerini nas\u0131l optimize edebilir?<\/strong><br \/>\nsahne etkinli\u011fi, modern ekipmanlara yat\u0131r\u0131m yaparak, d\u00fczenli bak\u0131m yaparak ve enerji tasarrufu \u00f6nlemleri uygulayarak g\u00fc\u00e7 da\u011f\u0131t\u0131m\u0131n\u0131 optimize edebilir.<\/li>\n<li><strong>Nas\u0131l bir rol\u00fc var? <a title=\"SX\" href=\"https:\/\/sxpowercase.com\/\" target=\"_blank\" rel=\"noopener\" data-wpil-monitor-id=\"111\">SX<\/a> g\u00fc\u00e7 da\u011f\u0131t\u0131m\u0131nda nas\u0131l bir rol oynar?<\/strong><br \/>\nSX, g\u00fc\u00e7 da\u011f\u0131t\u0131m\u0131n\u0131 optimize etmek i\u00e7in \u00e7\u00f6z\u00fcmler sunarak i\u015fletmelerin verimlili\u011fi, g\u00fcvenilirli\u011fi ve k\u00e2rl\u0131l\u0131\u011f\u0131 art\u0131rmas\u0131na yard\u0131mc\u0131 olur.<\/li>\n<li><strong>Optimize edilmi\u015f g\u00fc\u00e7 da\u011f\u0131t\u0131m\u0131 maliyet tasarrufu sa\u011flayabilir mi?<\/strong><br \/>\nEvet, enerji israf\u0131n\u0131 azaltarak ve kesinti s\u00fcresini en aza indirerek, optimize edilmi\u015f g\u00fc\u00e7 da\u011f\u0131t\u0131m\u0131 i\u015fletmeler i\u00e7in \u00f6nemli maliyet tasarruflar\u0131 sa\u011flayabilir.<\/li>\n<li><strong>G\u00fc\u00e7 da\u011f\u0131t\u0131m\u0131 i\u015flerin b\u00fcy\u00fcmesine nas\u0131l katk\u0131da bulunur?<\/strong><br \/>\nG\u00fcvenilir g\u00fc\u00e7 da\u011f\u0131t\u0131m\u0131, kesintisiz operasyonlar sa\u011flayarak \u00fcretkenli\u011fin, m\u00fc\u015fteri memnuniyetinin ve nihayetinde i\u015f b\u00fcy\u00fcmesinin artmas\u0131na yol a\u00e7ar.<\/li>\n<\/ul>\n<p>S\u0131cak Etiketler: D\u00fc\u015f\u00fck fiyat, stokta, \u00fccretsiz \u00f6rnek, G\u00fc\u00e7 ve Sinyal Kablosu, 16 Gauge 4 \u0130letken Tel, Mikrofon Stand\u0131 K\u0131l\u0131f\u0131, D\u0131\u015f Mekan Led Ekran Kabini, Raf Montaj\u0131, elektrik da\u011f\u0131t\u0131m kutusu, \u00c7in, tedarik\u00e7iler, fabrika, \u00f6zelle\u015ftirilmi\u015f, toptan sat\u0131\u015f, <span style=\"color: #993366;\"><a style=\"color: #993366;\" href=\"https:\/\/sxflightcase.com\/tr\/product-category\/all-product\/power-distribution-boxes\/\">g\u00fc\u00e7 kutular\u0131<\/a>,\u00a0<a style=\"color: #993366;\" href=\"https:\/\/sxflightcase.com\/tr\/product-category\/all-product\/hoist-controllers\/\">g\u00fc\u00e7 kablolar\u0131<\/a>,\u00a0<a style=\"color: #993366;\" href=\"https:\/\/sxflightcase.com\/tr\/product-category\/all-product\/hoist-controllers\/\">vin\u00e7 kontrol\u00f6rleri<\/a>,\u00a0<a style=\"color: #993366;\" href=\"https:\/\/sxflightcase.com\/tr\/product-category\/all-product\/flight-case\/\">u\u00e7u\u015f vakalar\u0131.<\/a><\/span><\/p>","protected":false},"excerpt":{"rendered":"<h2 class=\"prodetails-name\">19 Rafl\u0131 U\u00e7u\u015f \u00c7antas\u0131<\/h2>\n<p>2001 y\u0131l\u0131nda kurulan, 20,00 metrekarenin \u00fczerinde bir at\u00f6lye alan\u0131 ile her t\u00fcrl\u00fc raf montajl\u0131 u\u00e7u\u015f kasas\u0131 \u00fcretiminde uzman\u0131z. \u0130htiyac\u0131n\u0131za ba\u011fl\u0131 olarak 2u'dan 20u'ya kadar 19 rafl\u0131 u\u00e7u\u015f kasas\u0131 \u00fcretiyoruz.<\/p>\n<p>&lt;p&gt;&lt;h2&gt;<strong>\u00dcretim tan\u0131t\u0131m\u0131<\/strong><\/p>\n<p>Kolay Kilitlenebilir Al\u00fcminyum Dil ve Yivli 19 rafl\u0131 u\u00e7u\u015f \u00e7antas\u0131. \u00c7\u0131kar\u0131labilir Amblem Kapakl\u0131 Kablo Eri\u015fim Deli\u011fi ve End\u00fcstriyel G\u00f6mme Kelebek B\u00fck\u00fcml\u00fc Kilit Mandallar\u0131 - Asma Kilit Haz\u0131r.<\/p>","protected":false},"featured_media":1613,"comment_status":"open","ping_status":"closed","template":"","meta":[],"product_brand":[],"product_cat":[35],"product_tag":[50],"class_list":{"0":"post-1612","1":"product","2":"type-product","3":"status-publish","4":"has-post-thumbnail","6":"product_cat-standard-rack-cases","7":"product_tag-mp","9":"first","10":"instock","11":"shipping-taxable","12":"product-type-simple"},"yoast_head":"<!-- This site is optimized with the Yoast SEO Premium plugin v27.1 (Yoast SEO v27.2) - https:\/\/yoast.com\/product\/yoast-seo-premium-wordpress\/ -->\n<title>MP 19 Rack Flight Case - https:\/\/sxflightcase.com \ud83d\udc97<\/title>\n<meta name=\"description\" content=\"19 Rack Flight Case: Explore our factory-direct options for professional customization, ensuring optimal organization and protection of your equipment.\" \/>\n<meta name=\"robots\" content=\"index, follow, max-snippet:-1, max-image-preview:large, max-video-preview:-1\" \/>\n<link rel=\"canonical\" href=\"https:\/\/sxflightcase.com\/tr\/urun\/19-rafli-ucus-cantasi\/\" \/>\n<meta property=\"og:locale\" content=\"tr_TR\" \/>\n<meta property=\"og:type\" content=\"article\" \/>\n<meta property=\"og:title\" content=\"MP 19 Rack Flight Case\" \/>\n<meta property=\"og:description\" content=\"19 Rack Flight Case: Explore our factory-direct options for professional customization, ensuring optimal organization and protection of your equipment.\" \/>\n<meta property=\"og:url\" content=\"https:\/\/sxflightcase.com\/tr\/urun\/19-rafli-ucus-cantasi\/\" \/>\n<meta property=\"og:site_name\" content=\"https:\/\/sxflightcase.com\" \/>\n<meta property=\"article:publisher\" content=\"https:\/\/www.facebook.com\/profile.php?id=61560407257971\" \/>\n<meta property=\"article:modified_time\" content=\"2024-06-27T07:16:57+00:00\" \/>\n<meta property=\"og:image\" content=\"https:\/\/sxflightcase.com\/wp-content\/uploads\/2024\/05\/19-rack-flight-case42121776330.webp\" \/>\n\t<meta property=\"og:image:width\" content=\"750\" \/>\n\t<meta property=\"og:image:height\" content=\"750\" \/>\n\t<meta property=\"og:image:type\" content=\"image\/webp\" \/>\n<meta name=\"twitter:card\" content=\"summary_large_image\" \/>\n<meta name=\"twitter:label1\" content=\"Tahmini okuma s\u00fcresi\" \/>\n\t<meta name=\"twitter:data1\" content=\"3 dakika\" \/>\n<script type=\"application\/ld+json\" class=\"yoast-schema-graph\">{\"@context\":\"https:\/\/schema.org\",\"@graph\":[{\"@type\":\"WebPage\",\"@id\":\"https:\/\/sxflightcase.com\/product\/19-rack-flight-case\/\",\"url\":\"https:\/\/sxflightcase.com\/product\/19-rack-flight-case\/\",\"name\":\"MP 19 Rack Flight Case - https:\/\/sxflightcase.com \ud83d\udc97\",\"isPartOf\":{\"@id\":\"https:\/\/sxflightcase.com\/th\/#website\"},\"primaryImageOfPage\":{\"@id\":\"https:\/\/sxflightcase.com\/product\/19-rack-flight-case\/#primaryimage\"},\"image\":{\"@id\":\"https:\/\/sxflightcase.com\/product\/19-rack-flight-case\/#primaryimage\"},\"thumbnailUrl\":\"https:\/\/sxflightcase.com\/wp-content\/uploads\/2024\/05\/19-rack-flight-case42121776330.webp\",\"datePublished\":\"2024-05-10T01:37:34+00:00\",\"dateModified\":\"2024-06-27T07:16:57+00:00\",\"description\":\"19 Rack Flight Case: Explore our factory-direct options for professional customization, ensuring optimal organization and protection of your equipment.\",\"breadcrumb\":{\"@id\":\"https:\/\/sxflightcase.com\/product\/19-rack-flight-case\/#breadcrumb\"},\"inLanguage\":\"tr\",\"potentialAction\":[{\"@type\":\"ReadAction\",\"target\":[\"https:\/\/sxflightcase.com\/product\/19-rack-flight-case\/\"]}]},{\"@type\":\"ImageObject\",\"inLanguage\":\"tr\",\"@id\":\"https:\/\/sxflightcase.com\/product\/19-rack-flight-case\/#primaryimage\",\"url\":\"https:\/\/sxflightcase.com\/wp-content\/uploads\/2024\/05\/19-rack-flight-case42121776330.webp\",\"contentUrl\":\"https:\/\/sxflightcase.com\/wp-content\/uploads\/2024\/05\/19-rack-flight-case42121776330.webp\",\"width\":750,\"height\":750,\"caption\":\"19 Rack Flight Case\"},{\"@type\":\"BreadcrumbList\",\"@id\":\"https:\/\/sxflightcase.com\/product\/19-rack-flight-case\/#breadcrumb\",\"itemListElement\":[{\"@type\":\"ListItem\",\"position\":1,\"name\":\"Home\",\"item\":\"https:\/\/sxflightcase.com\/\"},{\"@type\":\"ListItem\",\"position\":2,\"name\":\"\u0e2a\u0e34\u0e19\u0e04\u0e49\u0e32\",\"item\":\"https:\/\/sxflightcase.com\/th\/shop\/\"},{\"@type\":\"ListItem\",\"position\":3,\"name\":\"MP 19 Rack Flight Case\"}]},{\"@type\":\"WebSite\",\"@id\":\"https:\/\/sxflightcase.com\/th\/#website\",\"url\":\"https:\/\/sxflightcase.com\/th\/\",\"name\":\"sxpowercase.com\",\"description\":\"Flight Case Factory\",\"publisher\":{\"@id\":\"https:\/\/sxflightcase.com\/th\/#organization\"},\"potentialAction\":[{\"@type\":\"SearchAction\",\"target\":{\"@type\":\"EntryPoint\",\"urlTemplate\":\"https:\/\/sxflightcase.com\/th\/?s={search_term_string}\"},\"query-input\":{\"@type\":\"PropertyValueSpecification\",\"valueRequired\":true,\"valueName\":\"search_term_string\"}}],\"inLanguage\":\"tr\"},{\"@type\":\"Organization\",\"@id\":\"https:\/\/sxflightcase.com\/th\/#organization\",\"name\":\"sxpowercase.com\",\"url\":\"https:\/\/sxflightcase.com\/th\/\",\"logo\":{\"@type\":\"ImageObject\",\"inLanguage\":\"tr\",\"@id\":\"https:\/\/sxflightcase.com\/th\/#\/schema\/logo\/image\/\",\"url\":\"https:\/\/sxflightcase.com\/wp-content\/uploads\/2024\/04\/1713919036007.jpg\",\"contentUrl\":\"https:\/\/sxflightcase.com\/wp-content\/uploads\/2024\/04\/1713919036007.jpg\",\"width\":382,\"height\":388,\"caption\":\"sxpowercase.com\"},\"image\":{\"@id\":\"https:\/\/sxflightcase.com\/th\/#\/schema\/logo\/image\/\"},\"sameAs\":[\"https:\/\/www.facebook.com\/profile.php?id=61560407257971\"],\"numberOfEmployees\":{\"@type\":\"QuantitativeValue\",\"minValue\":\"11\",\"maxValue\":\"50\"}}]}<\/script>\n<!-- \/ Yoast SEO Premium plugin. -->","yoast_head_json":{"title":"MP 19 Rack Flight Case - https:\/\/sxflightcase.com \ud83d\udc97","description":"19 Rafl\u0131 U\u00e7u\u015f \u00c7antas\u0131: Ekipman\u0131n\u0131z\u0131n en iyi \u015fekilde d\u00fczenlenmesini ve korunmas\u0131n\u0131 sa\u011flayan profesyonel \u00f6zelle\u015ftirme i\u00e7in do\u011frudan fabrika se\u00e7eneklerimizi ke\u015ffedin.","robots":{"index":"index","follow":"follow","max-snippet":"max-snippet:-1","max-image-preview":"max-image-preview:large","max-video-preview":"max-video-preview:-1"},"canonical":"https:\/\/sxflightcase.com\/tr\/urun\/19-rafli-ucus-cantasi\/","og_locale":"tr_TR","og_type":"article","og_title":"MP 19 Rack Flight Case","og_description":"19 Rack Flight Case: Explore our factory-direct options for professional customization, ensuring optimal organization and protection of your equipment.","og_url":"https:\/\/sxflightcase.com\/tr\/urun\/19-rafli-ucus-cantasi\/","og_site_name":"https:\/\/sxflightcase.com","article_publisher":"https:\/\/www.facebook.com\/profile.php?id=61560407257971","article_modified_time":"2024-06-27T07:16:57+00:00","og_image":[{"width":750,"height":750,"url":"https:\/\/sxflightcase.com\/wp-content\/uploads\/2024\/05\/19-rack-flight-case42121776330.webp","type":"image\/webp"}],"twitter_card":"summary_large_image","twitter_misc":{"Tahmini okuma s\u00fcresi":"3 dakika"},"schema":{"@context":"https:\/\/schema.org","@graph":[{"@type":"WebPage","@id":"https:\/\/sxflightcase.com\/product\/19-rack-flight-case\/","url":"https:\/\/sxflightcase.com\/product\/19-rack-flight-case\/","name":"MP 19 Rack Flight Case - https:\/\/sxflightcase.com \ud83d\udc97","isPartOf":{"@id":"https:\/\/sxflightcase.com\/th\/#website"},"primaryImageOfPage":{"@id":"https:\/\/sxflightcase.com\/product\/19-rack-flight-case\/#primaryimage"},"image":{"@id":"https:\/\/sxflightcase.com\/product\/19-rack-flight-case\/#primaryimage"},"thumbnailUrl":"https:\/\/sxflightcase.com\/wp-content\/uploads\/2024\/05\/19-rack-flight-case42121776330.webp","datePublished":"2024-05-10T01:37:34+00:00","dateModified":"2024-06-27T07:16:57+00:00","description":"19 Rafl\u0131 U\u00e7u\u015f \u00c7antas\u0131: Ekipman\u0131n\u0131z\u0131n en iyi \u015fekilde d\u00fczenlenmesini ve korunmas\u0131n\u0131 sa\u011flayan profesyonel \u00f6zelle\u015ftirme i\u00e7in do\u011frudan fabrika se\u00e7eneklerimizi ke\u015ffedin.","breadcrumb":{"@id":"https:\/\/sxflightcase.com\/product\/19-rack-flight-case\/#breadcrumb"},"inLanguage":"tr","potentialAction":[{"@type":"ReadAction","target":["https:\/\/sxflightcase.com\/product\/19-rack-flight-case\/"]}]},{"@type":"ImageObject","inLanguage":"tr","@id":"https:\/\/sxflightcase.com\/product\/19-rack-flight-case\/#primaryimage","url":"https:\/\/sxflightcase.com\/wp-content\/uploads\/2024\/05\/19-rack-flight-case42121776330.webp","contentUrl":"https:\/\/sxflightcase.com\/wp-content\/uploads\/2024\/05\/19-rack-flight-case42121776330.webp","width":750,"height":750,"caption":"19 Rack Flight Case"},{"@type":"BreadcrumbList","@id":"https:\/\/sxflightcase.com\/product\/19-rack-flight-case\/#breadcrumb","itemListElement":[{"@type":"ListItem","position":1,"name":"Home","item":"https:\/\/sxflightcase.com\/"},{"@type":"ListItem","position":2,"name":"\u0e2a\u0e34\u0e19\u0e04\u0e49\u0e32","item":"https:\/\/sxflightcase.com\/th\/shop\/"},{"@type":"ListItem","position":3,"name":"MP 19 Rack Flight Case"}]},{"@type":"WebSite","@id":"https:\/\/sxflightcase.com\/th\/#website","url":"https:\/\/sxflightcase.com\/th\/","name":"sxpowercase.com","description":"U\u00e7u\u015f \u00c7antas\u0131 Fabrikas\u0131","publisher":{"@id":"https:\/\/sxflightcase.com\/th\/#organization"},"potentialAction":[{"@type":"SearchAction","target":{"@type":"EntryPoint","urlTemplate":"https:\/\/sxflightcase.com\/th\/?s={search_term_string}"},"query-input":{"@type":"PropertyValueSpecification","valueRequired":true,"valueName":"search_term_string"}}],"inLanguage":"tr"},{"@type":"Organization","@id":"https:\/\/sxflightcase.com\/th\/#organization","name":"sxpowercase.com","url":"https:\/\/sxflightcase.com\/th\/","logo":{"@type":"ImageObject","inLanguage":"tr","@id":"https:\/\/sxflightcase.com\/th\/#\/schema\/logo\/image\/","url":"https:\/\/sxflightcase.com\/wp-content\/uploads\/2024\/04\/1713919036007.jpg","contentUrl":"https:\/\/sxflightcase.com\/wp-content\/uploads\/2024\/04\/1713919036007.jpg","width":382,"height":388,"caption":"sxpowercase.com"},"image":{"@id":"https:\/\/sxflightcase.com\/th\/#\/schema\/logo\/image\/"},"sameAs":["https:\/\/www.facebook.com\/profile.php?id=61560407257971"],"numberOfEmployees":{"@type":"QuantitativeValue","minValue":"11","maxValue":"50"}}]}},"_links":{"self":[{"href":"https:\/\/sxflightcase.com\/tr\/wp-json\/wp\/v2\/product\/1612","targetHints":{"allow":["GET"]}}],"collection":[{"href":"https:\/\/sxflightcase.com\/tr\/wp-json\/wp\/v2\/product"}],"about":[{"href":"https:\/\/sxflightcase.com\/tr\/wp-json\/wp\/v2\/types\/product"}],"replies":[{"embeddable":true,"href":"https:\/\/sxflightcase.com\/tr\/wp-json\/wp\/v2\/comments?post=1612"}],"version-history":[{"count":0,"href":"https:\/\/sxflightcase.com\/tr\/wp-json\/wp\/v2\/product\/1612\/revisions"}],"wp:featuredmedia":[{"embeddable":true,"href":"https:\/\/sxflightcase.com\/tr\/wp-json\/wp\/v2\/media\/1613"}],"wp:attachment":[{"href":"https:\/\/sxflightcase.com\/tr\/wp-json\/wp\/v2\/media?parent=1612"}],"wp:term":[{"taxonomy":"product_brand","embeddable":true,"href":"https:\/\/sxflightcase.com\/tr\/wp-json\/wp\/v2\/product_brand?post=1612"},{"taxonomy":"product_cat","embeddable":true,"href":"https:\/\/sxflightcase.com\/tr\/wp-json\/wp\/v2\/product_cat?post=1612"},{"taxonomy":"product_tag","embeddable":true,"href":"https:\/\/sxflightcase.com\/tr\/wp-json\/wp\/v2\/product_tag?post=1612"}],"curies":[{"name":"wp","href":"https:\/\/api.w.org\/{rel}","templated":true}]}}