{"id":1636,"date":"2024-05-10T03:14:38","date_gmt":"2024-05-10T02:14:38","guid":{"rendered":"https:\/\/sxpowercase.com\/?post_type=product&#038;p=1636"},"modified":"2024-06-26T10:15:57","modified_gmt":"2024-06-26T09:15:57","slug":"rack-mount","status":"publish","type":"product","link":"https:\/\/sxflightcase.com\/tr\/urun\/raf-montaji-2\/","title":{"rendered":"Kap\u0131s\u0131z Raf Montaj\u0131 19U"},"content":{"rendered":"<p><strong>\u00dcr\u00fcn parametresi(spesifikasyonu)<\/strong><\/p>\n<section class=\"table-wrap\">\n<table class=\"table\" width=\"100%\" cellspacing=\"0\" cellpadding=\"0\">\n<tbody>\n<tr class=\"firstRow\">\n<td width=\"134\">\u00dcr\u00fcn ad\u0131:<\/td>\n<td width=\"503\">Raf montaj\u0131<\/td>\n<\/tr>\n<tr>\n<td width=\"134\">Malzeme<\/td>\n<td width=\"503\">Al\u00fcminyum \u00e7er\u00e7eve + Yang\u0131na dayan\u0131kl\u0131 + 9mm Kontrplak<\/td>\n<\/tr>\n<tr>\n<td width=\"134\">\u0130\u00e7eri<\/td>\n<td width=\"503\">Y\u00fcksek yo\u011funluklu darbeye dayan\u0131kl\u0131 k\u00f6p\u00fck<\/td>\n<\/tr>\n<tr>\n<td width=\"134\">Boyut<\/td>\n<td width=\"503\">\u00d6zelle\u015ftirilebilir<\/td>\n<\/tr>\n<tr>\n<td width=\"134\">Aksesuarlar<\/td>\n<td width=\"503\">D\u00f6rt kelebek kilit, kolay ta\u015f\u0131ma i\u00e7in d\u00f6rt tekerlek, d\u00f6rt g\u00fc\u00e7l\u00fc tutamak<\/td>\n<\/tr>\n<tr>\n<td width=\"134\">Gelenek<\/td>\n<td width=\"503\">Al\u00fcminyum kasan\u0131n malzemesi, boyutu, i\u00e7 dolgular\u0131, kulplar\u0131, kilitleri ve benzeri gibi her t\u00fcrl\u00fc \u00f6zelle\u015ftirme memnuniyetle kar\u015f\u0131lanmaktad\u0131r.<\/td>\n<\/tr>\n<\/tbody>\n<\/table>\n<\/section>\n<h2>SX'in Raf Montaj \u00c7\u00f6z\u00fcmleri ile Ekipmanlar\u0131n\u0131z\u0131 Koruyun ve Optimize Edin<\/h2>\n<h3>E\u015fsiz Kalite ve Koruma<\/h3>\n<p>\u015eu anda <a href=\"https:\/\/sxpowercase.com\/\" target=\"_blank\"  rel=\"noopener\" title=\"SX\"  data-wpil-monitor-id=\"486\">SX<\/a>de\u011ferli ekipmanlar\u0131n\u0131z\u0131n g\u00fcvenli\u011fini sa\u011flaman\u0131n ve d\u00fczenlemenin \u00f6nemini anl\u0131yoruz. Rack Mount \u00e7\u00f6z\u00fcmlerimiz, t\u00fcm profesyonel ekipmanlar\u0131n\u0131z i\u00e7in \u00fcst\u00fcn koruma ve optimum organizasyon sa\u011flamak \u00fczere tasarlanm\u0131\u015ft\u0131r. Y\u00fcksek kaliteli malzemelerden \u00fcretilen SX Rack Mounts, ekipman\u0131n\u0131z\u0131n ister depolama ister ta\u015f\u0131ma s\u0131ras\u0131nda olsun hasara kar\u015f\u0131 g\u00fcvende kalmas\u0131n\u0131 sa\u011flar. \u0130\u015f operasyonlar\u0131n\u0131z i\u00e7in ihtiya\u00e7 duydu\u011funuz g\u00fcvenilirli\u011fi sa\u011flama konusunda SX'e g\u00fcvenin.<\/p>\n<h3>\u00dcst\u00fcn De\u011fer i\u00e7in Fabrika Do\u011frudan Sat\u0131\u015flar\u0131<\/h3>\n<p>SX, m\u00fc\u015fterilerimize en iyi de\u011feri sunmay\u0131 taahh\u00fct eder. Fabrika do\u011frudan sat\u0131\u015flar\u0131n\u0131 kullanarak, arac\u0131lar\u0131 ortadan kald\u0131r\u0131yor ve Raf Montaj \u00e7\u00f6z\u00fcmlerimizi rekabet\u00e7i fiyatlarla sunmam\u0131z\u0131 sa\u011fl\u0131yoruz. Bu yakla\u015f\u0131m, \u015fi\u015firilmi\u015f maliyetler olmadan y\u00fcksek kaliteli \u00fcr\u00fcnler alman\u0131z\u0131 sa\u011flar. SX'in fabrika do\u011frudan sat\u0131\u015f modeliyle paradan tasarruf edin ve en iyisini elde edin. SX'in uygun maliyetli ve g\u00fcvenilir \u00e7\u00f6z\u00fcmleriyle i\u015f verimlili\u011finizi art\u0131r\u0131n.<\/p>\n<h3>\u00d6zel \u0130htiya\u00e7lar\u0131n\u0131za Uygun \u00d6zelle\u015ftirme<\/h3>\n<p>Her profesyonel kurulumun kendine \u00f6zg\u00fc gereksinimleri vard\u0131r ve SX bunlar\u0131 kar\u015f\u0131lamak i\u00e7in buradad\u0131r. Rack Mount \u00e7\u00f6z\u00fcmlerimiz kapsaml\u0131 \u00f6zelle\u015ftirme se\u00e7enekleriyle birlikte gelir. \u0130ster belirli boyutlara, ister ek b\u00f6lmelere veya ki\u015fiselle\u015ftirilmi\u015f markalamaya ihtiyac\u0131n\u0131z olsun, SX \u00fcr\u00fcnlerimizi ihtiya\u00e7lar\u0131n\u0131za tam olarak uyacak \u015fekilde uyarlayabilir. \u00d6zel hizmetlerimiz, ekipman\u0131n\u0131z\u0131n yaln\u0131zca korunmas\u0131n\u0131 de\u011fil, ayn\u0131 zamanda m\u00fcmk\u00fcn olan en verimli \u015fekilde organize edilmesini de sa\u011flar.<\/p>\n<hr \/>\n<h3>Neden SX&#039;i Se\u00e7melisiniz?<\/h3>\n<p>SX'i se\u00e7mek, ekipman\u0131n\u0131z i\u00e7in en \u00fcst d\u00fczey koruma ve organizasyona yat\u0131r\u0131m yapmak anlam\u0131na gelir. Fabrika do\u011frudan sat\u0131\u015f modelimiz, y\u00fcksek kalite standartlar\u0131n\u0131 korurken en iyi fiyatlar\u0131 garanti eder. \u00d6zelle\u015ftirmeye olan ba\u011fl\u0131l\u0131\u011f\u0131m\u0131zla, SX Raf Montaj \u00e7\u00f6z\u00fcmleri \u00f6zel ihtiya\u00e7lar\u0131n\u0131z\u0131 kar\u015f\u0131layacak ve beklentilerinizi a\u015facakt\u0131r. \u00dcr\u00fcnlerimizin i\u015f operasyonlar\u0131n\u0131z\u0131 nas\u0131l y\u00fckseltebilece\u011fini ve de\u011ferli ekipmanlar\u0131n\u0131z\u0131 nas\u0131l etkili bir \u015fekilde koruyabilece\u011fini deneyimlemek i\u00e7in bug\u00fcn SX ile i\u015f ortakl\u0131\u011f\u0131 yap\u0131n.<\/p>\n<p><strong>Kalite Kontrol<\/strong><\/p>\n<p>\u00dcretim hatlar\u0131nda denetim yapmak i\u00e7in QC personelimiz var. T\u00fcm \u00fcr\u00fcnler teslimattan \u00f6nce incelenmi\u015f olmal\u0131d\u0131r. Hat i\u00e7i denetim ve son denetim yap\u0131yoruz.<\/p>\n<p>1. T\u00fcm hammaddeler fabrikam\u0131za ula\u015ft\u0131\u011f\u0131nda kontrol edilir.<\/p>\n<p>2. \u00dcretim s\u0131ras\u0131nda t\u00fcm par\u00e7alar ve logo ve t\u00fcm detaylar kontrol edilir.<\/p>\n<p>3. \u00dcretim s\u0131ras\u0131nda t\u00fcm paketleme detaylar\u0131 kontrol edilir.<\/p>\n<p>4. T\u00fcm \u00fcretim kalitesi ve paketleme bittikten sonra son muayenede kontrol edilir.<\/p>\n<p>S\u0131cak Etiketler: D\u00fc\u015f\u00fck fiyat, stokta, \u00fccretsiz numune, G\u00fc\u00e7 ve Sinyal Kablosu, 16 \u00d6l\u00e7\u00fc 4 \u0130letkenli Tel, Mikrofon Stand K\u0131l\u0131f\u0131, A\u00e7\u0131k Hava LED Ekran Kabini, Raf Montaj\u0131, 19\u201d Raf Montajl\u0131 Mikser U\u00e7u\u015f K\u0131l\u0131flar\u0131, elektrik da\u011f\u0131t\u0131m kutusu, \u00c7in, tedarik\u00e7iler, fabrika, \u00f6zelle\u015ftirilmi\u015f, toptan sat\u0131\u015f, <span style=\"color: #993366;\"><a style=\"color: #993366;\" href=\"https:\/\/sxflightcase.com\/tr\/product-category\/all-product\/power-distribution-boxes\/\">g\u00fc\u00e7 kutular\u0131<\/a>,\u00a0<a style=\"color: #993366;\" href=\"https:\/\/sxflightcase.com\/tr\/product-category\/all-product\/hoist-controllers\/\">g\u00fc\u00e7 kablolar\u0131<\/a>,\u00a0<a style=\"color: #993366;\" href=\"https:\/\/sxflightcase.com\/tr\/product-category\/all-product\/hoist-controllers\/\">vin\u00e7 kontrol\u00f6rleri<\/a>,\u00a0<a style=\"color: #993366;\" href=\"https:\/\/sxflightcase.com\/tr\/product-category\/all-product\/flight-case\/\">u\u00e7u\u015f vakalar\u0131.<\/a><\/span><\/p>","protected":false},"excerpt":{"rendered":"<h2 class=\"prodetails-name\">Raf Montaj\u0131<\/h2>\n<p>2001 y\u0131l\u0131nda kurulan firmam\u0131z, her t\u00fcrl\u00fc raf montaj\u0131 \u00fcretiminde uzmanla\u015fm\u0131\u015ft\u0131r. <a class=\"wpil_keyword_link\" title=\"u\u00e7u\u015f durumu\" href=\"https:\/\/sxpowercase.com\/product-category\/all-product\/flight-case\/\" target=\"_blank\" rel=\"noopener\" data-wpil-keyword-link=\"linked\" data-wpil-monitor-id=\"395\">u\u00e7u\u015f durumu<\/a> at\u00f6lye alan\u0131 20,00 metrekarenin \u00fczerindedir. Normalde 2u'dan 20u'ya kadar raf montaj\u0131 yap\u0131yoruz, ancak ihtiyac\u0131n\u0131za ba\u011fl\u0131 olarak farkl\u0131 boyutlar da yap\u0131yoruz.<\/p>\n<h2><strong>\u00dcretim tan\u0131t\u0131m\u0131<\/strong><\/h2>\n<p>Raf montaj aparat\u0131, koruma ve kolay istifleme i\u00e7in g\u00fc\u00e7lendirilmi\u015f \u00e7elik bilyeli k\u00f6\u015felerin yan\u0131 s\u0131ra ta\u015f\u0131ma s\u0131ras\u0131nda hasar g\u00f6rmelerini \u00f6nlemek i\u00e7in girintili kau\u00e7uk tutamakl\u0131 \u00e7elik tutamaklara ve kelebek b\u00fck\u00fcml\u00fc mandallara sahiptir.<\/p>","protected":false},"featured_media":1637,"comment_status":"open","ping_status":"closed","template":"","meta":[],"product_brand":[],"product_cat":[35],"product_tag":[51],"class_list":{"0":"post-1636","1":"product","2":"type-product","3":"status-publish","4":"has-post-thumbnail","6":"product_cat-standard-rack-cases","7":"product_tag-no-door","9":"first","10":"instock","11":"shipping-taxable","12":"product-type-simple"},"yoast_head":"<!-- This site is optimized with the Yoast SEO Premium plugin v27.1 (Yoast SEO v27.2) - https:\/\/yoast.com\/product\/yoast-seo-premium-wordpress\/ -->\n<title>No door Rack Mount 19U Manufacture- https:\/\/sxflightcase.com<\/title>\n<meta name=\"description\" content=\"Rack Mount Manufacture: Explore our factory-direct options for professional customization, ensuring optimal organization and protection of your equipment.\" \/>\n<meta name=\"robots\" content=\"index, follow, max-snippet:-1, max-image-preview:large, max-video-preview:-1\" \/>\n<link rel=\"canonical\" href=\"https:\/\/sxflightcase.com\/tr\/produkt\/gestellmontage-2\/\" \/>\n<meta property=\"og:locale\" content=\"tr_TR\" \/>\n<meta property=\"og:type\" content=\"article\" \/>\n<meta property=\"og:title\" content=\"No door Rack Mount 19U\" \/>\n<meta property=\"og:description\" content=\"Rack Mount Manufacture: Explore our factory-direct options for professional customization, ensuring optimal organization and protection of your equipment.\" \/>\n<meta property=\"og:url\" content=\"https:\/\/sxflightcase.com\/tr\/produkt\/gestellmontage-2\/\" \/>\n<meta property=\"og:site_name\" content=\"https:\/\/sxflightcase.com\" \/>\n<meta property=\"article:publisher\" content=\"https:\/\/www.facebook.com\/profile.php?id=61560407257971\" \/>\n<meta property=\"article:modified_time\" content=\"2024-06-26T09:15:57+00:00\" \/>\n<meta property=\"og:image\" content=\"https:\/\/sxflightcase.com\/wp-content\/uploads\/2024\/05\/rack-mount55514879495.webp\" \/>\n\t<meta property=\"og:image:width\" content=\"750\" \/>\n\t<meta property=\"og:image:height\" content=\"750\" \/>\n\t<meta property=\"og:image:type\" content=\"image\/webp\" \/>\n<meta name=\"twitter:card\" content=\"summary_large_image\" \/>\n<meta name=\"twitter:label1\" content=\"Tahmini okuma s\u00fcresi\" \/>\n\t<meta name=\"twitter:data1\" content=\"3 dakika\" \/>\n<script type=\"application\/ld+json\" class=\"yoast-schema-graph\">{\"@context\":\"https:\/\/schema.org\",\"@graph\":[{\"@type\":\"WebPage\",\"@id\":\"https:\/\/sxflightcase.com\/de\/produkt\/gestellmontage-2\/\",\"url\":\"https:\/\/sxflightcase.com\/de\/produkt\/gestellmontage-2\/\",\"name\":\"No door Rack Mount 19U Manufacture- https:\/\/sxflightcase.com\",\"isPartOf\":{\"@id\":\"https:\/\/sxflightcase.com\/th\/#website\"},\"primaryImageOfPage\":{\"@id\":\"https:\/\/sxflightcase.com\/de\/produkt\/gestellmontage-2\/#primaryimage\"},\"image\":{\"@id\":\"https:\/\/sxflightcase.com\/de\/produkt\/gestellmontage-2\/#primaryimage\"},\"thumbnailUrl\":\"https:\/\/sxflightcase.com\/wp-content\/uploads\/2024\/05\/rack-mount55514879495.webp\",\"datePublished\":\"2024-05-10T02:14:38+00:00\",\"dateModified\":\"2024-06-26T09:15:57+00:00\",\"description\":\"Rack Mount Manufacture: Explore our factory-direct options for professional customization, ensuring optimal organization and protection of your equipment.\",\"breadcrumb\":{\"@id\":\"https:\/\/sxflightcase.com\/de\/produkt\/gestellmontage-2\/#breadcrumb\"},\"inLanguage\":\"tr\",\"potentialAction\":[{\"@type\":\"ReadAction\",\"target\":[\"https:\/\/sxflightcase.com\/de\/produkt\/gestellmontage-2\/\"]}]},{\"@type\":\"ImageObject\",\"inLanguage\":\"tr\",\"@id\":\"https:\/\/sxflightcase.com\/de\/produkt\/gestellmontage-2\/#primaryimage\",\"url\":\"https:\/\/sxflightcase.com\/wp-content\/uploads\/2024\/05\/rack-mount55514879495.webp\",\"contentUrl\":\"https:\/\/sxflightcase.com\/wp-content\/uploads\/2024\/05\/rack-mount55514879495.webp\",\"width\":750,\"height\":750,\"caption\":\"Rack Mount\"},{\"@type\":\"BreadcrumbList\",\"@id\":\"https:\/\/sxflightcase.com\/de\/produkt\/gestellmontage-2\/#breadcrumb\",\"itemListElement\":[{\"@type\":\"ListItem\",\"position\":1,\"name\":\"Home\",\"item\":\"https:\/\/sxflightcase.com\/\"},{\"@type\":\"ListItem\",\"position\":2,\"name\":\"\u0e2a\u0e34\u0e19\u0e04\u0e49\u0e32\",\"item\":\"https:\/\/sxflightcase.com\/th\/shop\/\"},{\"@type\":\"ListItem\",\"position\":3,\"name\":\"No door Rack Mount 19U\"}]},{\"@type\":\"WebSite\",\"@id\":\"https:\/\/sxflightcase.com\/th\/#website\",\"url\":\"https:\/\/sxflightcase.com\/th\/\",\"name\":\"sxpowercase.com\",\"description\":\"Flight Case Factory\",\"publisher\":{\"@id\":\"https:\/\/sxflightcase.com\/th\/#organization\"},\"potentialAction\":[{\"@type\":\"SearchAction\",\"target\":{\"@type\":\"EntryPoint\",\"urlTemplate\":\"https:\/\/sxflightcase.com\/th\/?s={search_term_string}\"},\"query-input\":{\"@type\":\"PropertyValueSpecification\",\"valueRequired\":true,\"valueName\":\"search_term_string\"}}],\"inLanguage\":\"tr\"},{\"@type\":\"Organization\",\"@id\":\"https:\/\/sxflightcase.com\/th\/#organization\",\"name\":\"sxpowercase.com\",\"url\":\"https:\/\/sxflightcase.com\/th\/\",\"logo\":{\"@type\":\"ImageObject\",\"inLanguage\":\"tr\",\"@id\":\"https:\/\/sxflightcase.com\/th\/#\/schema\/logo\/image\/\",\"url\":\"https:\/\/sxflightcase.com\/wp-content\/uploads\/2024\/04\/1713919036007.jpg\",\"contentUrl\":\"https:\/\/sxflightcase.com\/wp-content\/uploads\/2024\/04\/1713919036007.jpg\",\"width\":382,\"height\":388,\"caption\":\"sxpowercase.com\"},\"image\":{\"@id\":\"https:\/\/sxflightcase.com\/th\/#\/schema\/logo\/image\/\"},\"sameAs\":[\"https:\/\/www.facebook.com\/profile.php?id=61560407257971\"],\"numberOfEmployees\":{\"@type\":\"QuantitativeValue\",\"minValue\":\"11\",\"maxValue\":\"50\"}}]}<\/script>\n<!-- \/ Yoast SEO Premium plugin. -->","yoast_head_json":{"title":"No door Rack Mount 19U Manufacture- https:\/\/sxflightcase.com","description":"Rafa Montaj \u00dcretimi: Ekipman\u0131n\u0131z\u0131n optimum \u015fekilde d\u00fczenlenmesini ve korunmas\u0131n\u0131 sa\u011flayan profesyonel \u00f6zelle\u015ftirme i\u00e7in do\u011frudan fabrika se\u00e7eneklerimizi ke\u015ffedin.","robots":{"index":"index","follow":"follow","max-snippet":"max-snippet:-1","max-image-preview":"max-image-preview:large","max-video-preview":"max-video-preview:-1"},"canonical":"https:\/\/sxflightcase.com\/tr\/produkt\/gestellmontage-2\/","og_locale":"tr_TR","og_type":"article","og_title":"No door Rack Mount 19U","og_description":"Rack Mount Manufacture: Explore our factory-direct options for professional customization, ensuring optimal organization and protection of your equipment.","og_url":"https:\/\/sxflightcase.com\/tr\/produkt\/gestellmontage-2\/","og_site_name":"https:\/\/sxflightcase.com","article_publisher":"https:\/\/www.facebook.com\/profile.php?id=61560407257971","article_modified_time":"2024-06-26T09:15:57+00:00","og_image":[{"width":750,"height":750,"url":"https:\/\/sxflightcase.com\/wp-content\/uploads\/2024\/05\/rack-mount55514879495.webp","type":"image\/webp"}],"twitter_card":"summary_large_image","twitter_misc":{"Tahmini okuma s\u00fcresi":"3 dakika"},"schema":{"@context":"https:\/\/schema.org","@graph":[{"@type":"WebPage","@id":"https:\/\/sxflightcase.com\/de\/produkt\/gestellmontage-2\/","url":"https:\/\/sxflightcase.com\/de\/produkt\/gestellmontage-2\/","name":"No door Rack Mount 19U Manufacture- https:\/\/sxflightcase.com","isPartOf":{"@id":"https:\/\/sxflightcase.com\/th\/#website"},"primaryImageOfPage":{"@id":"https:\/\/sxflightcase.com\/de\/produkt\/gestellmontage-2\/#primaryimage"},"image":{"@id":"https:\/\/sxflightcase.com\/de\/produkt\/gestellmontage-2\/#primaryimage"},"thumbnailUrl":"https:\/\/sxflightcase.com\/wp-content\/uploads\/2024\/05\/rack-mount55514879495.webp","datePublished":"2024-05-10T02:14:38+00:00","dateModified":"2024-06-26T09:15:57+00:00","description":"Rafa Montaj \u00dcretimi: Ekipman\u0131n\u0131z\u0131n optimum \u015fekilde d\u00fczenlenmesini ve korunmas\u0131n\u0131 sa\u011flayan profesyonel \u00f6zelle\u015ftirme i\u00e7in do\u011frudan fabrika se\u00e7eneklerimizi ke\u015ffedin.","breadcrumb":{"@id":"https:\/\/sxflightcase.com\/de\/produkt\/gestellmontage-2\/#breadcrumb"},"inLanguage":"tr","potentialAction":[{"@type":"ReadAction","target":["https:\/\/sxflightcase.com\/de\/produkt\/gestellmontage-2\/"]}]},{"@type":"ImageObject","inLanguage":"tr","@id":"https:\/\/sxflightcase.com\/de\/produkt\/gestellmontage-2\/#primaryimage","url":"https:\/\/sxflightcase.com\/wp-content\/uploads\/2024\/05\/rack-mount55514879495.webp","contentUrl":"https:\/\/sxflightcase.com\/wp-content\/uploads\/2024\/05\/rack-mount55514879495.webp","width":750,"height":750,"caption":"Rack Mount"},{"@type":"BreadcrumbList","@id":"https:\/\/sxflightcase.com\/de\/produkt\/gestellmontage-2\/#breadcrumb","itemListElement":[{"@type":"ListItem","position":1,"name":"Home","item":"https:\/\/sxflightcase.com\/"},{"@type":"ListItem","position":2,"name":"\u0e2a\u0e34\u0e19\u0e04\u0e49\u0e32","item":"https:\/\/sxflightcase.com\/th\/shop\/"},{"@type":"ListItem","position":3,"name":"No door Rack Mount 19U"}]},{"@type":"WebSite","@id":"https:\/\/sxflightcase.com\/th\/#website","url":"https:\/\/sxflightcase.com\/th\/","name":"sxpowercase.com","description":"U\u00e7u\u015f \u00c7antas\u0131 Fabrikas\u0131","publisher":{"@id":"https:\/\/sxflightcase.com\/th\/#organization"},"potentialAction":[{"@type":"SearchAction","target":{"@type":"EntryPoint","urlTemplate":"https:\/\/sxflightcase.com\/th\/?s={search_term_string}"},"query-input":{"@type":"PropertyValueSpecification","valueRequired":true,"valueName":"search_term_string"}}],"inLanguage":"tr"},{"@type":"Organization","@id":"https:\/\/sxflightcase.com\/th\/#organization","name":"sxpowercase.com","url":"https:\/\/sxflightcase.com\/th\/","logo":{"@type":"ImageObject","inLanguage":"tr","@id":"https:\/\/sxflightcase.com\/th\/#\/schema\/logo\/image\/","url":"https:\/\/sxflightcase.com\/wp-content\/uploads\/2024\/04\/1713919036007.jpg","contentUrl":"https:\/\/sxflightcase.com\/wp-content\/uploads\/2024\/04\/1713919036007.jpg","width":382,"height":388,"caption":"sxpowercase.com"},"image":{"@id":"https:\/\/sxflightcase.com\/th\/#\/schema\/logo\/image\/"},"sameAs":["https:\/\/www.facebook.com\/profile.php?id=61560407257971"],"numberOfEmployees":{"@type":"QuantitativeValue","minValue":"11","maxValue":"50"}}]}},"_links":{"self":[{"href":"https:\/\/sxflightcase.com\/tr\/wp-json\/wp\/v2\/product\/1636","targetHints":{"allow":["GET"]}}],"collection":[{"href":"https:\/\/sxflightcase.com\/tr\/wp-json\/wp\/v2\/product"}],"about":[{"href":"https:\/\/sxflightcase.com\/tr\/wp-json\/wp\/v2\/types\/product"}],"replies":[{"embeddable":true,"href":"https:\/\/sxflightcase.com\/tr\/wp-json\/wp\/v2\/comments?post=1636"}],"version-history":[{"count":0,"href":"https:\/\/sxflightcase.com\/tr\/wp-json\/wp\/v2\/product\/1636\/revisions"}],"wp:featuredmedia":[{"embeddable":true,"href":"https:\/\/sxflightcase.com\/tr\/wp-json\/wp\/v2\/media\/1637"}],"wp:attachment":[{"href":"https:\/\/sxflightcase.com\/tr\/wp-json\/wp\/v2\/media?parent=1636"}],"wp:term":[{"taxonomy":"product_brand","embeddable":true,"href":"https:\/\/sxflightcase.com\/tr\/wp-json\/wp\/v2\/product_brand?post=1636"},{"taxonomy":"product_cat","embeddable":true,"href":"https:\/\/sxflightcase.com\/tr\/wp-json\/wp\/v2\/product_cat?post=1636"},{"taxonomy":"product_tag","embeddable":true,"href":"https:\/\/sxflightcase.com\/tr\/wp-json\/wp\/v2\/product_tag?post=1636"}],"curies":[{"name":"wp","href":"https:\/\/api.w.org\/{rel}","templated":true}]}}