{"id":1647,"date":"2024-05-10T03:27:58","date_gmt":"2024-05-10T02:27:58","guid":{"rendered":"https:\/\/sxpowercase.com\/?post_type=product&#038;p=1647"},"modified":"2024-07-16T03:17:47","modified_gmt":"2024-07-16T02:17:47","slug":"6u-rack-flight-case","status":"publish","type":"product","link":"https:\/\/sxflightcase.com\/tr\/urun\/6u-raf-ucus-kasasi\/","title":{"rendered":"MC 6u Rack U\u00e7u\u015f \u00c7antas\u0131"},"content":{"rendered":"<h3><strong>\u00dcr\u00fcn parametresi(spesifikasyonu)<\/strong><\/h3>\n<section class=\"table-wrap\">\n<table class=\"table\" width=\"100%\" cellspacing=\"0\" cellpadding=\"0\">\n<tbody>\n<tr class=\"firstRow\">\n<td width=\"134\">\u00dcr\u00fcn ad\u0131:<\/td>\n<td width=\"503\">6u raf u\u00e7u\u015f kasas\u0131<\/td>\n<\/tr>\n<tr>\n<td width=\"134\">Malzeme<\/td>\n<td width=\"503\">Al\u00fcminyum \u00e7er\u00e7eve + Yang\u0131na dayan\u0131kl\u0131 + 9mm Kontrplak<\/td>\n<\/tr>\n<tr>\n<td width=\"134\">\u0130\u00e7eri<\/td>\n<td width=\"503\">Y\u00fcksek yo\u011funluklu darbeye dayan\u0131kl\u0131 k\u00f6p\u00fck<\/td>\n<\/tr>\n<tr>\n<td width=\"134\">Boyut<\/td>\n<td width=\"503\">\u00d6zelle\u015ftirilebilir<\/td>\n<\/tr>\n<tr>\n<td width=\"134\">Aksesuarlar<\/td>\n<td width=\"503\">Sekiz kelebek kilit, kolay ta\u015f\u0131ma i\u00e7in d\u00f6rt tekerlek, d\u00f6rt g\u00fc\u00e7l\u00fc tutamak<\/td>\n<\/tr>\n<tr>\n<td width=\"134\">Gelenek<\/td>\n<td width=\"503\">Al\u00fcminyum kasan\u0131n malzemesi, boyutu, i\u00e7 dolgular\u0131, kulplar\u0131, kilitleri ve benzeri gibi her t\u00fcrl\u00fc \u00f6zelle\u015ftirme memnuniyetle kar\u015f\u0131lanmaktad\u0131r.<\/td>\n<\/tr>\n<\/tbody>\n<\/table>\n<\/section>\n<h3>SX'in 6u Rack U\u00e7u\u015f \u00c7antas\u0131 ile \u00dcst\u00fcn Korumay\u0131 Ke\u015ffedin<\/h3>\n<h4>E\u015fsiz Dayan\u0131kl\u0131l\u0131k ve G\u00fcvenlik<\/h4>\n<p>De\u011ferli ekipmanlar\u0131n\u0131z\u0131 korumak s\u00f6z konusu oldu\u011funda, 6u Rack Flight Case <a title=\"SX\" href=\"https:\/\/sxpowercase.com\/\" target=\"_blank\" rel=\"noopener\" data-wpil-monitor-id=\"488\">SX<\/a> \u00fcst d\u00fczey bir se\u00e7im olarak \u00f6ne \u00e7\u0131k\u0131yor. Sa\u011flam malzemeler ve \u00fcst\u00fcn i\u015f\u00e7ilikle tasarlanan bu \u00e7anta, ekipman\u0131n\u0131z\u0131n ta\u015f\u0131ma s\u0131ras\u0131nda g\u00fcvende ve emniyette kalmas\u0131n\u0131 sa\u011flar. \u0130ster yolda olun ister ekipman\u0131n\u0131z\u0131 depolay\u0131n, 6u Rack Flight Case darbelere, d\u00fc\u015fmelere ve hava ko\u015fullar\u0131na kar\u015f\u0131 en \u00fcst d\u00fczeyde koruma sa\u011flar.<\/p>\n<h4>Fabrikam\u0131zdan Size Do\u011frudan<\/h4>\n<p>SX olarak, do\u011frudan fabrika sat\u0131\u015f modelimiz arac\u0131l\u0131\u011f\u0131yla ola\u011fan\u00fcst\u00fc de\u011fer sunmaya \u00f6ncelik veriyoruz. Arac\u0131lar\u0131 ortadan kald\u0131rarak size 6u Rack Flight Case'i en rekabet\u00e7i fiyatlarla sunuyoruz. Bu yakla\u015f\u0131m yaln\u0131zca maliyet tasarrufu sa\u011flamakla kalm\u0131yor, ayn\u0131 zamanda s\u0131k\u0131 kalite kontrol standartlar\u0131n\u0131 korumam\u0131za da olanak tan\u0131yor. \u0130\u015f operasyonlar\u0131n\u0131z\u0131 bankay\u0131 bozmayacak g\u00fcvenilir, y\u00fcksek kaliteli bir u\u00e7u\u015f kasas\u0131 ile geli\u015ftirin.<\/p>\n<h4>\u0130htiya\u00e7lar\u0131n\u0131za \u00d6zel \u00c7\u00f6z\u00fcmler<\/h4>\n<p>Her i\u015fletmenin kendine \u00f6zg\u00fc gereksinimleri oldu\u011funu biliyoruz. Bu nedenle SX, 6u Rack U\u00e7u\u015f \u00c7antam\u0131z i\u00e7in kapsaml\u0131 \u00f6zelle\u015ftirme se\u00e7enekleri sunar. \u00d6zel boyutlara m\u0131 ihtiyac\u0131n\u0131z var? Ek b\u00f6lmeler mi? Ki\u015fiselle\u015ftirilmi\u015f markalama m\u0131? Biz sizi teminat alt\u0131na ald\u0131k. \u00d6zel ekibimiz, ihtiya\u00e7lar\u0131n\u0131za m\u00fckemmel \u015fekilde uyan bir u\u00e7u\u015f kasas\u0131 tasarlamak i\u00e7in sizinle yak\u0131n bir \u015fekilde \u00e7al\u0131\u015farak ekipman\u0131n\u0131z i\u00e7in optimum i\u015flevsellik ve koruma sa\u011flar.<\/p>\n<hr \/>\n<h4>SX ile \u0130\u015finizi Y\u00fckseltin<\/h4>\n<p>SX'i se\u00e7mek g\u00fcvenilirlik, dayan\u0131kl\u0131l\u0131k ve \u00f6zel \u00e7\u00f6z\u00fcmlere yat\u0131r\u0131m yapmak anlam\u0131na gelir. 6u Rack Flight Case \u00fcr\u00fcn\u00fcm\u00fcz sadece bir depolama \u00e7\u00f6z\u00fcm\u00fc de\u011fil, ekipmanlar\u0131n\u0131z\u0131 en y\u00fcksek kalite standartlar\u0131yla koruma taahh\u00fcd\u00fcd\u00fcr. Fabrika do\u011frudan sat\u0131\u015f modelimizden yararlanarak, i\u015fletmenizin b\u00fcy\u00fcmesini destekleyen uygun maliyetli, birinci s\u0131n\u0131f \u00fcr\u00fcnlerden faydalan\u0131rs\u0131n\u0131z. Ekipmanlar\u0131n\u0131z\u0131n g\u00fcvenli\u011fini ve operasyonlar\u0131n\u0131z\u0131n sorunsuz \u00e7al\u0131\u015fmas\u0131n\u0131 sa\u011flayan \u00f6zelle\u015ftirilmi\u015f, y\u00fcksek performansl\u0131 u\u00e7u\u015f kasalar\u0131 sunma konusunda SX'e g\u00fcvenin.<\/p>\n<p><strong>SSS<\/strong><\/p>\n<p>S: Minimum Sipari\u015f Miktar\u0131n\u0131z (MOQ) nedir?<\/p>\n<p>A: E\u011fer \u00fcr\u00fcnler stoklar\u0131m\u0131zda varsa, MOQ olmayacakt\u0131r. E\u011fer \u00fcretmemiz gerekirse, m\u00fc\u015fterinin kesin durumuna g\u00f6re MOQ&#039;u g\u00f6r\u00fc\u015febiliriz.<\/p>\n<p>S: Nakliye hizmetiniz nedir?<\/p>\n<p>C: Gemi rezervasyonu, mal konsolidasyonu, g\u00fcmr\u00fck beyannamesi, nakliye belgelerinin haz\u0131rlanmas\u0131 ve nakliye liman\u0131nda toplu teslimat i\u00e7in hizmet sa\u011flayabiliriz.<\/p>\n<p>S: \u015eirketinizi ziyaret etmem durumunda \u015firketinize en yak\u0131n liman\u0131n hangisi oldu\u011funu \u00f6\u011frenebilir miyim?<\/p>\n<p>C: \u00d6nce Huangpu liman\u0131, sonra Shenzhen veya Nansha liman\u0131, bizi ziyaret etmenizi bekliyoruz.<\/p>\n<p><strong>Kalite kontrol<\/strong><\/p>\n<p>\u00dcretim hatlar\u0131nda denetim yapmak i\u00e7in QC personelimiz var, t\u00fcm \u00fcr\u00fcnler teslimattan \u00f6nce denetlenmi\u015f olmal\u0131d\u0131r. Hat i\u00e7i denetim ve son denetim yap\u0131yoruz.<\/p>\n<p>1. T\u00fcm hammaddeler fabrikam\u0131za ula\u015ft\u0131\u011f\u0131nda kontrol edilir.<\/p>\n<p>2. \u00dcretim s\u0131ras\u0131nda t\u00fcm par\u00e7alar ve logo ve t\u00fcm detaylar kontrol edilir.<\/p>\n<p>3. \u00dcretim s\u0131ras\u0131nda t\u00fcm paketleme detaylar\u0131 kontrol edilir.<\/p>\n<p>4. T\u00fcm \u00fcretim kalitesi ve paketleme bittikten sonra son muayenede kontrol edilir.<\/p>\n<p>S\u0131cak Etiketler: D\u00fc\u015f\u00fck fiyat, stokta, \u00fccretsiz numune, G\u00fc\u00e7 ve Sinyal Kablosu, 16 \u00d6l\u00e7\u00fc 4 \u0130letkenli Tel, Mikrofon Stand K\u0131l\u0131f\u0131, A\u00e7\u0131k Hava LED Ekran Kabini, Raf Montaj\u0131, 19\u201d Raf Montajl\u0131 Mikser U\u00e7u\u015f K\u0131l\u0131flar\u0131, elektrik da\u011f\u0131t\u0131m kutusu, \u00c7in, tedarik\u00e7iler, fabrika, \u00f6zelle\u015ftirilmi\u015f, toptan sat\u0131\u015f, <span style=\"color: #993366;\"><a style=\"color: #993366;\" href=\"https:\/\/sxflightcase.com\/tr\/product-category\/all-product\/power-distribution-boxes\/\">g\u00fc\u00e7 kutular\u0131<\/a>,\u00a0<a style=\"color: #993366;\" href=\"https:\/\/sxflightcase.com\/tr\/product-category\/all-product\/hoist-controllers\/\">g\u00fc\u00e7 kablolar\u0131<\/a>,\u00a0<a style=\"color: #993366;\" href=\"https:\/\/sxflightcase.com\/tr\/product-category\/all-product\/hoist-controllers\/\">vin\u00e7 kontrol\u00f6rleri<\/a>,\u00a0<a style=\"color: #993366;\" href=\"https:\/\/sxflightcase.com\/tr\/product-category\/all-product\/flight-case\/\">u\u00e7u\u015f vakalar\u0131.<\/a><\/span><\/p>","protected":false},"excerpt":{"rendered":"<h2 class=\"prodetails-name\">6u Rack U\u00e7u\u015f \u00c7antas\u0131<\/h2>\n<p>2001 y\u0131l\u0131nda kurulan firmam\u0131z, 20,00 metrekarenin \u00fczerinde bir at\u00f6lye alan\u0131 ile her t\u00fcrl\u00fc raf montajl\u0131 u\u00e7u\u015f kasas\u0131 \u00fcretiminde uzmanla\u015fm\u0131\u015ft\u0131r. Normalde 2u'dan 20u'ya kadar raf u\u00e7u\u015f kasas\u0131 yap\u0131yoruz, ancak ihtiyac\u0131n\u0131za g\u00f6re farkl\u0131 boyutlar da yap\u0131yoruz.<\/p>\n<h2><strong>\u00dcretim tan\u0131t\u0131m\u0131<\/strong><\/h2>\n<p>\u0130\u00e7indeki 6u rafl\u0131 u\u00e7u\u015f kasas\u0131, ekstra g\u00fcvenlik sa\u011flamak i\u00e7in darbeye dayan\u0131kl\u0131 k\u00f6p\u00fck pedlerle 1\/4 in\u00e7 tamamen astarlanm\u0131\u015ft\u0131r ve ekipman\u0131n\u0131z ta\u015f\u0131n\u0131rken ekipman\u0131n\u0131z\u0131n tek par\u00e7a halinde ula\u015faca\u011f\u0131n\u0131 bilerek size huzur verir. \u00dcst k\u0131s\u0131m 3 g\u00f6mme kelebek mandalla kapal\u0131 tutulur ve kasan\u0131n i\u00e7inde durmas\u0131 i\u00e7in iki kapak durdurucu ile arkaya mente\u015felenir.<\/p>","protected":false},"featured_media":1648,"comment_status":"open","ping_status":"closed","template":"","meta":[],"product_brand":[],"product_cat":[35],"product_tag":[49],"class_list":{"0":"post-1647","1":"product","2":"type-product","3":"status-publish","4":"has-post-thumbnail","6":"product_cat-standard-rack-cases","7":"product_tag-mc","9":"first","10":"instock","11":"shipping-taxable","12":"product-type-simple"},"yoast_head":"<!-- This site is optimized with the Yoast SEO Premium plugin v27.1 (Yoast SEO v27.2) - https:\/\/yoast.com\/product\/yoast-seo-premium-wordpress\/ -->\n<title>MC 6u Rack Flight Case - https:\/\/sxflightcase.com \ud83d\udc97<\/title>\n<meta name=\"description\" content=\"6u Rack Flight Case: Explore our factory-direct options for professional customization, ensuring optimal organization and protection of your equipment.\" \/>\n<meta name=\"robots\" content=\"index, follow, max-snippet:-1, max-image-preview:large, max-video-preview:-1\" \/>\n<link rel=\"canonical\" href=\"https:\/\/sxflightcase.com\/tr\/produkt\/6u-rack-flight-case\/\" \/>\n<meta property=\"og:locale\" content=\"tr_TR\" \/>\n<meta property=\"og:type\" content=\"article\" \/>\n<meta property=\"og:title\" content=\"MC 6u Rack Flight Case\" \/>\n<meta property=\"og:description\" content=\"6u Rack Flight Case: Explore our factory-direct options for professional customization, ensuring optimal organization and protection of your equipment.\" \/>\n<meta property=\"og:url\" content=\"https:\/\/sxflightcase.com\/tr\/produkt\/6u-rack-flight-case\/\" \/>\n<meta property=\"og:site_name\" content=\"https:\/\/sxflightcase.com\" \/>\n<meta property=\"article:publisher\" content=\"https:\/\/www.facebook.com\/profile.php?id=61560407257971\" \/>\n<meta property=\"article:modified_time\" content=\"2024-07-16T02:17:47+00:00\" \/>\n<meta property=\"og:image\" content=\"https:\/\/sxflightcase.com\/wp-content\/uploads\/2024\/05\/6u-rack-flight-case51081758129.webp\" \/>\n\t<meta property=\"og:image:width\" content=\"750\" \/>\n\t<meta property=\"og:image:height\" content=\"750\" \/>\n\t<meta property=\"og:image:type\" content=\"image\/webp\" \/>\n<meta name=\"twitter:card\" content=\"summary_large_image\" \/>\n<meta name=\"twitter:label1\" content=\"Tahmini okuma s\u00fcresi\" \/>\n\t<meta name=\"twitter:data1\" content=\"4 dakika\" \/>\n<script type=\"application\/ld+json\" class=\"yoast-schema-graph\">{\"@context\":\"https:\/\/schema.org\",\"@graph\":[{\"@type\":\"WebPage\",\"@id\":\"https:\/\/sxflightcase.com\/da\/produkt\/6u-rack-flight-case\/\",\"url\":\"https:\/\/sxflightcase.com\/da\/produkt\/6u-rack-flight-case\/\",\"name\":\"MC 6u Rack Flight Case - https:\/\/sxflightcase.com \ud83d\udc97\",\"isPartOf\":{\"@id\":\"https:\/\/sxflightcase.com\/th\/#website\"},\"primaryImageOfPage\":{\"@id\":\"https:\/\/sxflightcase.com\/da\/produkt\/6u-rack-flight-case\/#primaryimage\"},\"image\":{\"@id\":\"https:\/\/sxflightcase.com\/da\/produkt\/6u-rack-flight-case\/#primaryimage\"},\"thumbnailUrl\":\"https:\/\/sxflightcase.com\/wp-content\/uploads\/2024\/05\/6u-rack-flight-case51081758129.webp\",\"datePublished\":\"2024-05-10T02:27:58+00:00\",\"dateModified\":\"2024-07-16T02:17:47+00:00\",\"description\":\"6u Rack Flight Case: Explore our factory-direct options for professional customization, ensuring optimal organization and protection of your equipment.\",\"breadcrumb\":{\"@id\":\"https:\/\/sxflightcase.com\/da\/produkt\/6u-rack-flight-case\/#breadcrumb\"},\"inLanguage\":\"tr\",\"potentialAction\":[{\"@type\":\"ReadAction\",\"target\":[\"https:\/\/sxflightcase.com\/da\/produkt\/6u-rack-flight-case\/\"]}]},{\"@type\":\"ImageObject\",\"inLanguage\":\"tr\",\"@id\":\"https:\/\/sxflightcase.com\/da\/produkt\/6u-rack-flight-case\/#primaryimage\",\"url\":\"https:\/\/sxflightcase.com\/wp-content\/uploads\/2024\/05\/6u-rack-flight-case51081758129.webp\",\"contentUrl\":\"https:\/\/sxflightcase.com\/wp-content\/uploads\/2024\/05\/6u-rack-flight-case51081758129.webp\",\"width\":750,\"height\":750,\"caption\":\"6u Rack Flight Case\"},{\"@type\":\"BreadcrumbList\",\"@id\":\"https:\/\/sxflightcase.com\/da\/produkt\/6u-rack-flight-case\/#breadcrumb\",\"itemListElement\":[{\"@type\":\"ListItem\",\"position\":1,\"name\":\"Home\",\"item\":\"https:\/\/sxflightcase.com\/\"},{\"@type\":\"ListItem\",\"position\":2,\"name\":\"\u0e2a\u0e34\u0e19\u0e04\u0e49\u0e32\",\"item\":\"https:\/\/sxflightcase.com\/th\/shop\/\"},{\"@type\":\"ListItem\",\"position\":3,\"name\":\"MC 6u Rack Flight Case\"}]},{\"@type\":\"WebSite\",\"@id\":\"https:\/\/sxflightcase.com\/th\/#website\",\"url\":\"https:\/\/sxflightcase.com\/th\/\",\"name\":\"sxpowercase.com\",\"description\":\"Flight Case Factory\",\"publisher\":{\"@id\":\"https:\/\/sxflightcase.com\/th\/#organization\"},\"potentialAction\":[{\"@type\":\"SearchAction\",\"target\":{\"@type\":\"EntryPoint\",\"urlTemplate\":\"https:\/\/sxflightcase.com\/th\/?s={search_term_string}\"},\"query-input\":{\"@type\":\"PropertyValueSpecification\",\"valueRequired\":true,\"valueName\":\"search_term_string\"}}],\"inLanguage\":\"tr\"},{\"@type\":\"Organization\",\"@id\":\"https:\/\/sxflightcase.com\/th\/#organization\",\"name\":\"sxpowercase.com\",\"url\":\"https:\/\/sxflightcase.com\/th\/\",\"logo\":{\"@type\":\"ImageObject\",\"inLanguage\":\"tr\",\"@id\":\"https:\/\/sxflightcase.com\/th\/#\/schema\/logo\/image\/\",\"url\":\"https:\/\/sxflightcase.com\/wp-content\/uploads\/2024\/04\/1713919036007.jpg\",\"contentUrl\":\"https:\/\/sxflightcase.com\/wp-content\/uploads\/2024\/04\/1713919036007.jpg\",\"width\":382,\"height\":388,\"caption\":\"sxpowercase.com\"},\"image\":{\"@id\":\"https:\/\/sxflightcase.com\/th\/#\/schema\/logo\/image\/\"},\"sameAs\":[\"https:\/\/www.facebook.com\/profile.php?id=61560407257971\"],\"numberOfEmployees\":{\"@type\":\"QuantitativeValue\",\"minValue\":\"11\",\"maxValue\":\"50\"}}]}<\/script>\n<!-- \/ Yoast SEO Premium plugin. -->","yoast_head_json":{"title":"MC 6u Rack Flight Case - https:\/\/sxflightcase.com \ud83d\udc97","description":"6u Rack Flight Case: Profesyonel \u00f6zelle\u015ftirme i\u00e7in fabrikada do\u011frudan sunulan se\u00e7eneklerimizi ke\u015ffedin, ekipman\u0131n\u0131z\u0131n en iyi \u015fekilde d\u00fczenlenmesini ve korunmas\u0131n\u0131 sa\u011flay\u0131n.","robots":{"index":"index","follow":"follow","max-snippet":"max-snippet:-1","max-image-preview":"max-image-preview:large","max-video-preview":"max-video-preview:-1"},"canonical":"https:\/\/sxflightcase.com\/tr\/produkt\/6u-rack-flight-case\/","og_locale":"tr_TR","og_type":"article","og_title":"MC 6u Rack Flight Case","og_description":"6u Rack Flight Case: Explore our factory-direct options for professional customization, ensuring optimal organization and protection of your equipment.","og_url":"https:\/\/sxflightcase.com\/tr\/produkt\/6u-rack-flight-case\/","og_site_name":"https:\/\/sxflightcase.com","article_publisher":"https:\/\/www.facebook.com\/profile.php?id=61560407257971","article_modified_time":"2024-07-16T02:17:47+00:00","og_image":[{"width":750,"height":750,"url":"https:\/\/sxflightcase.com\/wp-content\/uploads\/2024\/05\/6u-rack-flight-case51081758129.webp","type":"image\/webp"}],"twitter_card":"summary_large_image","twitter_misc":{"Tahmini okuma s\u00fcresi":"4 dakika"},"schema":{"@context":"https:\/\/schema.org","@graph":[{"@type":"WebPage","@id":"https:\/\/sxflightcase.com\/da\/produkt\/6u-rack-flight-case\/","url":"https:\/\/sxflightcase.com\/da\/produkt\/6u-rack-flight-case\/","name":"MC 6u Rack Flight Case - https:\/\/sxflightcase.com \ud83d\udc97","isPartOf":{"@id":"https:\/\/sxflightcase.com\/th\/#website"},"primaryImageOfPage":{"@id":"https:\/\/sxflightcase.com\/da\/produkt\/6u-rack-flight-case\/#primaryimage"},"image":{"@id":"https:\/\/sxflightcase.com\/da\/produkt\/6u-rack-flight-case\/#primaryimage"},"thumbnailUrl":"https:\/\/sxflightcase.com\/wp-content\/uploads\/2024\/05\/6u-rack-flight-case51081758129.webp","datePublished":"2024-05-10T02:27:58+00:00","dateModified":"2024-07-16T02:17:47+00:00","description":"6u Rack Flight Case: Profesyonel \u00f6zelle\u015ftirme i\u00e7in fabrikada do\u011frudan sunulan se\u00e7eneklerimizi ke\u015ffedin, ekipman\u0131n\u0131z\u0131n en iyi \u015fekilde d\u00fczenlenmesini ve korunmas\u0131n\u0131 sa\u011flay\u0131n.","breadcrumb":{"@id":"https:\/\/sxflightcase.com\/da\/produkt\/6u-rack-flight-case\/#breadcrumb"},"inLanguage":"tr","potentialAction":[{"@type":"ReadAction","target":["https:\/\/sxflightcase.com\/da\/produkt\/6u-rack-flight-case\/"]}]},{"@type":"ImageObject","inLanguage":"tr","@id":"https:\/\/sxflightcase.com\/da\/produkt\/6u-rack-flight-case\/#primaryimage","url":"https:\/\/sxflightcase.com\/wp-content\/uploads\/2024\/05\/6u-rack-flight-case51081758129.webp","contentUrl":"https:\/\/sxflightcase.com\/wp-content\/uploads\/2024\/05\/6u-rack-flight-case51081758129.webp","width":750,"height":750,"caption":"6u Rack Flight Case"},{"@type":"BreadcrumbList","@id":"https:\/\/sxflightcase.com\/da\/produkt\/6u-rack-flight-case\/#breadcrumb","itemListElement":[{"@type":"ListItem","position":1,"name":"Home","item":"https:\/\/sxflightcase.com\/"},{"@type":"ListItem","position":2,"name":"\u0e2a\u0e34\u0e19\u0e04\u0e49\u0e32","item":"https:\/\/sxflightcase.com\/th\/shop\/"},{"@type":"ListItem","position":3,"name":"MC 6u Rack Flight Case"}]},{"@type":"WebSite","@id":"https:\/\/sxflightcase.com\/th\/#website","url":"https:\/\/sxflightcase.com\/th\/","name":"sxpowercase.com","description":"U\u00e7u\u015f \u00c7antas\u0131 Fabrikas\u0131","publisher":{"@id":"https:\/\/sxflightcase.com\/th\/#organization"},"potentialAction":[{"@type":"SearchAction","target":{"@type":"EntryPoint","urlTemplate":"https:\/\/sxflightcase.com\/th\/?s={search_term_string}"},"query-input":{"@type":"PropertyValueSpecification","valueRequired":true,"valueName":"search_term_string"}}],"inLanguage":"tr"},{"@type":"Organization","@id":"https:\/\/sxflightcase.com\/th\/#organization","name":"sxpowercase.com","url":"https:\/\/sxflightcase.com\/th\/","logo":{"@type":"ImageObject","inLanguage":"tr","@id":"https:\/\/sxflightcase.com\/th\/#\/schema\/logo\/image\/","url":"https:\/\/sxflightcase.com\/wp-content\/uploads\/2024\/04\/1713919036007.jpg","contentUrl":"https:\/\/sxflightcase.com\/wp-content\/uploads\/2024\/04\/1713919036007.jpg","width":382,"height":388,"caption":"sxpowercase.com"},"image":{"@id":"https:\/\/sxflightcase.com\/th\/#\/schema\/logo\/image\/"},"sameAs":["https:\/\/www.facebook.com\/profile.php?id=61560407257971"],"numberOfEmployees":{"@type":"QuantitativeValue","minValue":"11","maxValue":"50"}}]}},"_links":{"self":[{"href":"https:\/\/sxflightcase.com\/tr\/wp-json\/wp\/v2\/product\/1647","targetHints":{"allow":["GET"]}}],"collection":[{"href":"https:\/\/sxflightcase.com\/tr\/wp-json\/wp\/v2\/product"}],"about":[{"href":"https:\/\/sxflightcase.com\/tr\/wp-json\/wp\/v2\/types\/product"}],"replies":[{"embeddable":true,"href":"https:\/\/sxflightcase.com\/tr\/wp-json\/wp\/v2\/comments?post=1647"}],"version-history":[{"count":0,"href":"https:\/\/sxflightcase.com\/tr\/wp-json\/wp\/v2\/product\/1647\/revisions"}],"wp:featuredmedia":[{"embeddable":true,"href":"https:\/\/sxflightcase.com\/tr\/wp-json\/wp\/v2\/media\/1648"}],"wp:attachment":[{"href":"https:\/\/sxflightcase.com\/tr\/wp-json\/wp\/v2\/media?parent=1647"}],"wp:term":[{"taxonomy":"product_brand","embeddable":true,"href":"https:\/\/sxflightcase.com\/tr\/wp-json\/wp\/v2\/product_brand?post=1647"},{"taxonomy":"product_cat","embeddable":true,"href":"https:\/\/sxflightcase.com\/tr\/wp-json\/wp\/v2\/product_cat?post=1647"},{"taxonomy":"product_tag","embeddable":true,"href":"https:\/\/sxflightcase.com\/tr\/wp-json\/wp\/v2\/product_tag?post=1647"}],"curies":[{"name":"wp","href":"https:\/\/api.w.org\/{rel}","templated":true}]}}