{"id":1664,"date":"2024-05-10T03:42:43","date_gmt":"2024-05-10T02:42:43","guid":{"rendered":"https:\/\/sxpowercase.com\/?post_type=product&#038;p=1664"},"modified":"2024-06-25T10:07:51","modified_gmt":"2024-06-25T09:07:51","slug":"flight-case-2u","status":"publish","type":"product","link":"https:\/\/sxflightcase.com\/tr\/urun\/ucus-cantasi-2u-2\/","title":{"rendered":"FC U\u00e7u\u015f \u00c7antas\u0131 2u"},"content":{"rendered":"<h3><strong>\u00dcr\u00fcn parametresi(spesifikasyonu)<\/strong><\/h3>\n<section class=\"table-wrap\">\n<table class=\"table\" width=\"100%\" cellspacing=\"0\" cellpadding=\"0\">\n<tbody>\n<tr class=\"firstRow\">\n<td width=\"134\">\u00dcr\u00fcn ad\u0131:<\/td>\n<td width=\"503\">U\u00e7u\u015f \u00e7antas\u0131 2u<\/td>\n<\/tr>\n<tr>\n<td width=\"134\">Malzeme ve aksesuar:<\/td>\n<td width=\"503\">9mm Kontrplak + Krom\/\u00c7inko kaplama donan\u0131m + Al\u00fcminyum ekstr\u00fczyon<br \/>\n\u00d6n ve Arka \u00c7\u0131kar\u0131labilir Kapaklar<\/td>\n<\/tr>\n<tr>\n<td width=\"134\">K\u00f6p\u00fck astar:<\/td>\n<td width=\"503\">\u0130nci k\u00f6p\u00fck \/ EVA k\u00f6p\u00fck \/ Yumurta k\u00f6p\u00fc\u011f\u00fc vb... normal veya iste\u011fe g\u00f6re<\/td>\n<\/tr>\n<tr>\n<td width=\"134\">Renk:<\/td>\n<td width=\"503\">Siyah (varsay\u0131lan renk), K\u0131rm\u0131z\u0131, Mavi, Turuncu, Sar\u0131, Ye\u015fil, vb.<\/td>\n<\/tr>\n<tr>\n<td width=\"134\">Kur\u015fun zaman\u0131:<\/td>\n<td width=\"503\">\u00d6rnek sipari\u015f 3 g\u00fcn, Normal sipari\u015f 7-15 g\u00fcn<\/td>\n<\/tr>\n<tr>\n<td width=\"134\">Boyut:<\/td>\n<td width=\"503\">Ekipman boyutuna ba\u011fl\u0131d\u0131r<\/td>\n<\/tr>\n<\/tbody>\n<\/table>\n<\/section>\n<h2>SX U\u00e7u\u015f \u00c7antas\u0131 2U: Ekipman\u0131n\u0131z i\u00e7in Kompakt Koruma<\/h2>\n<h3>Kompakt ama Koruyucu<\/h3>\n<p><a href=\"https:\/\/sxpowercase.com\/\" target=\"_blank\"  rel=\"noopener\" title=\"SX\"  data-wpil-monitor-id=\"475\">SX<\/a> de\u011ferli ekipmanlar\u0131n\u0131z i\u00e7in kompakt ancak sa\u011flam koruma sa\u011flamak \u00fczere tasarlanan Flight Case 2U'yu sunar. M\u00fczisyenler, DJ'ler ve g\u00f6rsel-i\u015fitsel profesyoneller i\u00e7in ideal olan bu 2U u\u00e7u\u015f \u00e7antas\u0131, ekipman\u0131n\u0131z\u0131n ta\u015f\u0131ma ve depolama s\u0131ras\u0131nda g\u00fcvende kalmas\u0131n\u0131 sa\u011flar. Sa\u011flam yap\u0131s\u0131 ve dolgulu i\u00e7 k\u0131sm\u0131, darbelere ve \u015foklara kar\u015f\u0131 g\u00fcvenilir koruma sa\u011flayarak hassas elektronik cihazlar\u0131 ve enstr\u00fcmanlar\u0131 korur.<\/p>\n<h3>Do\u011frudan Fabrika Verimlili\u011fi<\/h3>\n<p>SX olarak, i\u015f verimlili\u011fini art\u0131rmak ve rekabet\u00e7i fiyatlar sunmak i\u00e7in do\u011frudan fabrika sat\u0131\u015flar\u0131na \u00f6ncelik veriyoruz. Arac\u0131lar\u0131 ortadan kald\u0131rarak, maliyet tasarruflar\u0131n\u0131 size aktar\u0131rken kalite \u00fczerindeki kontrol\u00fcm\u00fcz\u00fc s\u00fcrd\u00fcr\u00fcyoruz. Flight Case 2U, korumadan \u00f6d\u00fcn vermeden maksimum de\u011fer elde etmenizi sa\u011flayarak uygun fiyatlarla y\u00fcksek kaliteli u\u00e7u\u015f kasalar\u0131 sa\u011flama taahh\u00fcd\u00fcm\u00fcz\u00fc \u00f6rneklemektedir.<\/p>\n<h3>\u00d6zelle\u015ftirme Se\u00e7enekleri Mevcuttur<\/h3>\n<p>Her profesyonelin kendine \u00f6zg\u00fc gereksinimleri oldu\u011funu biliyoruz. Bu nedenle SX, U\u00e7u\u015f \u00c7antas\u0131 2U i\u00e7in \u00f6zelle\u015ftirme hizmetleri sunmaktad\u0131r. Ek b\u00f6lmelere, \u00f6zel boyutlara veya marka se\u00e7eneklerine ihtiya\u00e7 duydu\u011funuzda, ekibimiz u\u00e7u\u015f \u00e7antas\u0131n\u0131 \u00f6zel ihtiya\u00e7lar\u0131n\u0131z\u0131 kar\u015f\u0131layacak \u015fekilde uyarlayabilir. Tarz\u0131n\u0131z\u0131 ve i\u015flevsellik tercihlerinizi yans\u0131tan \u00f6zelle\u015ftirilmi\u015f bir \u00e7\u00f6z\u00fcmle profesyonel kurulumunuzu geli\u015ftirin.<\/p>\n<hr \/>\n<h2>Neden SX&#039;i Se\u00e7melisiniz?<\/h2>\n<p>U\u00e7u\u015f \u00c7antas\u0131 2U i\u00e7in SX'i se\u00e7in ve ihtiya\u00e7lar\u0131n\u0131za g\u00f6re uyarlanm\u0131\u015f \u00fcst\u00fcn koruma ve \u00f6zelle\u015ftirme se\u00e7eneklerini deneyimleyin. Do\u011frudan fabrika sat\u0131\u015f modelimiz \u015feffafl\u0131k ve maliyet etkinli\u011fi sa\u011flayarak b\u00fct\u00e7enizi a\u015fmadan beklentilerinizi kar\u015f\u0131layan bir u\u00e7u\u015f \u00e7antas\u0131na yat\u0131r\u0131m yapman\u0131za olanak tan\u0131r. U\u00e7u\u015f \u00e7antas\u0131 \u00e7\u00f6z\u00fcmlerimizi ke\u015ffetmek ve ekipman\u0131n\u0131z\u0131n seyahat ve depolama s\u0131ras\u0131ndaki korumas\u0131n\u0131 art\u0131rmak i\u00e7in bug\u00fcn SX ile ileti\u015fime ge\u00e7in.<\/p>\n<p><strong>SSS<\/strong><\/p>\n<p>S: \u00d6deme s\u00fcreniz nedir?<\/p>\n<p>C: \u00dcretimden \u00f6nce 30% pe\u015finat ve nakliye \u00f6ncesi 70% bakiye \u00f6demesi.<\/p>\n<p>S: Hangi \u00f6deme \u015feklini kabul edebilirsiniz?<\/p>\n<p>A: T \/ T, Western Union, vb. Herhangi bir uygun ve h\u0131zl\u0131 \u00f6deme ko\u015fulunu kabul ediyoruz.<\/p>\n<p>S: Fiyat\u0131 ne zaman \u00f6\u011frenebilirim?<\/p>\n<p>A: Genellikle talebinizi ald\u0131ktan sonra 8 saat i\u00e7inde fiyat teklifi veriyoruz.<\/p>\n<p>S: Minimum Sipari\u015f Miktar\u0131n\u0131z (MOQ) nedir?<\/p>\n<p>A: E\u011fer \u00fcr\u00fcnler stoklar\u0131m\u0131zda varsa, MOQ olmayacakt\u0131r. E\u011fer \u00fcretmemiz gerekirse, m\u00fc\u015fterinin kesin durumuna g\u00f6re MOQ&#039;u g\u00f6r\u00fc\u015febiliriz.<\/p>\n<p><strong>Hizmetimiz<\/strong><\/p>\n<p>1. Paketleme ve bask\u0131 \u00fcr\u00fcnleri ihracat alan\u0131nda daha profesyonel hizmet<\/p>\n<p>2.Daha iyi \u00fcretim yetene\u011fi<\/p>\n<p>3. \u00c7e\u015fitli \u00f6deme ko\u015fullar\u0131 se\u00e7ilebilir: T\/T, Western Union<\/p>\n<p>S\u0131cak Etiketler: D\u00fc\u015f\u00fck fiyat, stokta, \u00fccretsiz numune, G\u00fc\u00e7 ve Sinyal Kablosu, 16 \u00d6l\u00e7\u00fc 4 \u0130letkenli Tel, Mikrofon Stand K\u0131l\u0131f\u0131, A\u00e7\u0131k Hava LED Ekran Kabini, Raf Montaj\u0131, 19\u201d Raf Montajl\u0131 Mikser U\u00e7u\u015f K\u0131l\u0131flar\u0131, elektrik da\u011f\u0131t\u0131m kutusu, \u00c7in, tedarik\u00e7iler, fabrika, \u00f6zelle\u015ftirilmi\u015f, toptan sat\u0131\u015f, <span style=\"color: #993366;\"><a style=\"color: #993366;\" href=\"https:\/\/sxflightcase.com\/tr\/product-category\/all-product\/power-distribution-boxes\/\">g\u00fc\u00e7 kutular\u0131<\/a>,\u00a0<a style=\"color: #993366;\" href=\"https:\/\/sxflightcase.com\/tr\/product-category\/all-product\/hoist-controllers\/\">g\u00fc\u00e7 kablolar\u0131<\/a>,\u00a0<a style=\"color: #993366;\" href=\"https:\/\/sxflightcase.com\/tr\/product-category\/all-product\/hoist-controllers\/\">vin\u00e7 kontrol\u00f6rleri<\/a>,\u00a0<a style=\"color: #993366;\" href=\"https:\/\/sxflightcase.com\/tr\/product-category\/all-product\/flight-case\/\">u\u00e7u\u015f vakalar\u0131.<\/a><\/span><\/p>","protected":false},"excerpt":{"rendered":"<h2 class=\"prodetails-name\">U\u00e7u\u015f \u00c7antas\u0131 2u<\/h2>\n<p>Kullan\u0131m, paketleme, depolama ve nakliye s\u0131ras\u0131nda pahal\u0131 di\u015fliler ve ekipmanlar i\u00e7in g\u00fcvenilir koruma sa\u011flamak i\u00e7in u\u00e7u\u015f \u00e7antas\u0131 2u tedarik ediyoruz. Uzun y\u0131llard\u0131r kendimizi Amerika ve Asya pazar\u0131n\u0131n \u00e7o\u011funu kapsayan u\u00e7u\u015f \u00e7antas\u0131na adad\u0131k. \u00c7in'deki uzun tak\u0131m orta\u011f\u0131n\u0131z olmay\u0131 bekliyoruz.<\/p>\n<h2><strong>\u00dcretim tan\u0131t\u0131m\u0131<\/strong><\/h2>\n<p>Bu u\u00e7u\u015f \u00e7antas\u0131 2u, ABS plastik \/ kontrplak laminat, k\u00f6p\u00fck astar, al\u00fcminyum ekstr\u00fczyonlar ve kaliteli donan\u0131mdan yap\u0131lm\u0131\u015f y\u00fcksek kaliteli malzemeler kullan\u0131larak tasarlanm\u0131\u015ft\u0131r. Her t\u00fcrl\u00fc Ses, i\u015flemci vb. y\u00fcklemek i\u00e7in kullan\u0131l\u0131r.<\/p>","protected":false},"featured_media":1666,"comment_status":"open","ping_status":"closed","template":"","meta":[],"product_brand":[],"product_cat":[35],"product_tag":[52],"class_list":{"0":"post-1664","1":"product","2":"type-product","3":"status-publish","4":"has-post-thumbnail","6":"product_cat-standard-rack-cases","7":"product_tag-fc","9":"first","10":"instock","11":"shipping-taxable","12":"product-type-simple"},"yoast_head":"<!-- This site is optimized with the Yoast SEO Premium plugin v27.1 (Yoast SEO v27.2) - https:\/\/yoast.com\/product\/yoast-seo-premium-wordpress\/ -->\n<title>FC Flight Case 2u - https:\/\/sxflightcase.com \ud83d\udc97<\/title>\n<meta name=\"description\" content=\"Flight Case 2u: Discover our factory-direct options, offering professional customization for efficient organization and storage of your equipment.\" \/>\n<meta name=\"robots\" content=\"index, follow, max-snippet:-1, max-image-preview:large, max-video-preview:-1\" \/>\n<link rel=\"canonical\" href=\"https:\/\/sxflightcase.com\/tr\/produkt\/flight-case-2u-2\/\" \/>\n<meta property=\"og:locale\" content=\"tr_TR\" \/>\n<meta property=\"og:type\" content=\"article\" \/>\n<meta property=\"og:title\" content=\"FC Flight Case 2u\" \/>\n<meta property=\"og:description\" content=\"Flight Case 2u: Discover our factory-direct options, offering professional customization for efficient organization and storage of your equipment.\" \/>\n<meta property=\"og:url\" content=\"https:\/\/sxflightcase.com\/tr\/produkt\/flight-case-2u-2\/\" \/>\n<meta property=\"og:site_name\" content=\"https:\/\/sxflightcase.com\" \/>\n<meta property=\"article:publisher\" content=\"https:\/\/www.facebook.com\/profile.php?id=61560407257971\" \/>\n<meta property=\"article:modified_time\" content=\"2024-06-25T09:07:51+00:00\" \/>\n<meta property=\"og:image\" content=\"https:\/\/sxflightcase.com\/wp-content\/uploads\/2024\/05\/flight-case-2u57082760060.webp\" \/>\n\t<meta property=\"og:image:width\" content=\"750\" \/>\n\t<meta property=\"og:image:height\" content=\"750\" \/>\n\t<meta property=\"og:image:type\" content=\"image\/webp\" \/>\n<meta name=\"twitter:card\" content=\"summary_large_image\" \/>\n<meta name=\"twitter:label1\" content=\"Tahmini okuma s\u00fcresi\" \/>\n\t<meta name=\"twitter:data1\" content=\"3 dakika\" \/>\n<script type=\"application\/ld+json\" class=\"yoast-schema-graph\">{\"@context\":\"https:\/\/schema.org\",\"@graph\":[{\"@type\":\"WebPage\",\"@id\":\"https:\/\/sxflightcase.com\/da\/produkt\/flight-case-2u-2\/\",\"url\":\"https:\/\/sxflightcase.com\/da\/produkt\/flight-case-2u-2\/\",\"name\":\"FC Flight Case 2u - https:\/\/sxflightcase.com \ud83d\udc97\",\"isPartOf\":{\"@id\":\"https:\/\/sxflightcase.com\/th\/#website\"},\"primaryImageOfPage\":{\"@id\":\"https:\/\/sxflightcase.com\/da\/produkt\/flight-case-2u-2\/#primaryimage\"},\"image\":{\"@id\":\"https:\/\/sxflightcase.com\/da\/produkt\/flight-case-2u-2\/#primaryimage\"},\"thumbnailUrl\":\"https:\/\/sxflightcase.com\/wp-content\/uploads\/2024\/05\/flight-case-2u57082760060.webp\",\"datePublished\":\"2024-05-10T02:42:43+00:00\",\"dateModified\":\"2024-06-25T09:07:51+00:00\",\"description\":\"Flight Case 2u: Discover our factory-direct options, offering professional customization for efficient organization and storage of your equipment.\",\"breadcrumb\":{\"@id\":\"https:\/\/sxflightcase.com\/da\/produkt\/flight-case-2u-2\/#breadcrumb\"},\"inLanguage\":\"tr\",\"potentialAction\":[{\"@type\":\"ReadAction\",\"target\":[\"https:\/\/sxflightcase.com\/da\/produkt\/flight-case-2u-2\/\"]}]},{\"@type\":\"ImageObject\",\"inLanguage\":\"tr\",\"@id\":\"https:\/\/sxflightcase.com\/da\/produkt\/flight-case-2u-2\/#primaryimage\",\"url\":\"https:\/\/sxflightcase.com\/wp-content\/uploads\/2024\/05\/flight-case-2u57082760060.webp\",\"contentUrl\":\"https:\/\/sxflightcase.com\/wp-content\/uploads\/2024\/05\/flight-case-2u57082760060.webp\",\"width\":750,\"height\":750,\"caption\":\"Flight Case 2u\"},{\"@type\":\"BreadcrumbList\",\"@id\":\"https:\/\/sxflightcase.com\/da\/produkt\/flight-case-2u-2\/#breadcrumb\",\"itemListElement\":[{\"@type\":\"ListItem\",\"position\":1,\"name\":\"Home\",\"item\":\"https:\/\/sxflightcase.com\/\"},{\"@type\":\"ListItem\",\"position\":2,\"name\":\"\u0e2a\u0e34\u0e19\u0e04\u0e49\u0e32\",\"item\":\"https:\/\/sxflightcase.com\/th\/shop\/\"},{\"@type\":\"ListItem\",\"position\":3,\"name\":\"FC Flight Case 2u\"}]},{\"@type\":\"WebSite\",\"@id\":\"https:\/\/sxflightcase.com\/th\/#website\",\"url\":\"https:\/\/sxflightcase.com\/th\/\",\"name\":\"sxpowercase.com\",\"description\":\"Flight Case Factory\",\"publisher\":{\"@id\":\"https:\/\/sxflightcase.com\/th\/#organization\"},\"potentialAction\":[{\"@type\":\"SearchAction\",\"target\":{\"@type\":\"EntryPoint\",\"urlTemplate\":\"https:\/\/sxflightcase.com\/th\/?s={search_term_string}\"},\"query-input\":{\"@type\":\"PropertyValueSpecification\",\"valueRequired\":true,\"valueName\":\"search_term_string\"}}],\"inLanguage\":\"tr\"},{\"@type\":\"Organization\",\"@id\":\"https:\/\/sxflightcase.com\/th\/#organization\",\"name\":\"sxpowercase.com\",\"url\":\"https:\/\/sxflightcase.com\/th\/\",\"logo\":{\"@type\":\"ImageObject\",\"inLanguage\":\"tr\",\"@id\":\"https:\/\/sxflightcase.com\/th\/#\/schema\/logo\/image\/\",\"url\":\"https:\/\/sxflightcase.com\/wp-content\/uploads\/2024\/04\/1713919036007.jpg\",\"contentUrl\":\"https:\/\/sxflightcase.com\/wp-content\/uploads\/2024\/04\/1713919036007.jpg\",\"width\":382,\"height\":388,\"caption\":\"sxpowercase.com\"},\"image\":{\"@id\":\"https:\/\/sxflightcase.com\/th\/#\/schema\/logo\/image\/\"},\"sameAs\":[\"https:\/\/www.facebook.com\/profile.php?id=61560407257971\"],\"numberOfEmployees\":{\"@type\":\"QuantitativeValue\",\"minValue\":\"11\",\"maxValue\":\"50\"}}]}<\/script>\n<!-- \/ Yoast SEO Premium plugin. -->","yoast_head_json":{"title":"FC Flight Case 2u - https:\/\/sxflightcase.com \ud83d\udc97","description":"U\u00e7u\u015f \u00c7antas\u0131 2u: Ekipman\u0131n\u0131z\u0131n verimli bir \u015fekilde d\u00fczenlenmesi ve depolanmas\u0131 i\u00e7in profesyonel \u00f6zelle\u015ftirme sunan fabrika \u00e7\u0131k\u0131\u015fl\u0131 se\u00e7eneklerimizi ke\u015ffedin.","robots":{"index":"index","follow":"follow","max-snippet":"max-snippet:-1","max-image-preview":"max-image-preview:large","max-video-preview":"max-video-preview:-1"},"canonical":"https:\/\/sxflightcase.com\/tr\/produkt\/flight-case-2u-2\/","og_locale":"tr_TR","og_type":"article","og_title":"FC Flight Case 2u","og_description":"Flight Case 2u: Discover our factory-direct options, offering professional customization for efficient organization and storage of your equipment.","og_url":"https:\/\/sxflightcase.com\/tr\/produkt\/flight-case-2u-2\/","og_site_name":"https:\/\/sxflightcase.com","article_publisher":"https:\/\/www.facebook.com\/profile.php?id=61560407257971","article_modified_time":"2024-06-25T09:07:51+00:00","og_image":[{"width":750,"height":750,"url":"https:\/\/sxflightcase.com\/wp-content\/uploads\/2024\/05\/flight-case-2u57082760060.webp","type":"image\/webp"}],"twitter_card":"summary_large_image","twitter_misc":{"Tahmini okuma s\u00fcresi":"3 dakika"},"schema":{"@context":"https:\/\/schema.org","@graph":[{"@type":"WebPage","@id":"https:\/\/sxflightcase.com\/da\/produkt\/flight-case-2u-2\/","url":"https:\/\/sxflightcase.com\/da\/produkt\/flight-case-2u-2\/","name":"FC Flight Case 2u - https:\/\/sxflightcase.com \ud83d\udc97","isPartOf":{"@id":"https:\/\/sxflightcase.com\/th\/#website"},"primaryImageOfPage":{"@id":"https:\/\/sxflightcase.com\/da\/produkt\/flight-case-2u-2\/#primaryimage"},"image":{"@id":"https:\/\/sxflightcase.com\/da\/produkt\/flight-case-2u-2\/#primaryimage"},"thumbnailUrl":"https:\/\/sxflightcase.com\/wp-content\/uploads\/2024\/05\/flight-case-2u57082760060.webp","datePublished":"2024-05-10T02:42:43+00:00","dateModified":"2024-06-25T09:07:51+00:00","description":"U\u00e7u\u015f \u00c7antas\u0131 2u: Ekipman\u0131n\u0131z\u0131n verimli bir \u015fekilde d\u00fczenlenmesi ve depolanmas\u0131 i\u00e7in profesyonel \u00f6zelle\u015ftirme sunan fabrika \u00e7\u0131k\u0131\u015fl\u0131 se\u00e7eneklerimizi ke\u015ffedin.","breadcrumb":{"@id":"https:\/\/sxflightcase.com\/da\/produkt\/flight-case-2u-2\/#breadcrumb"},"inLanguage":"tr","potentialAction":[{"@type":"ReadAction","target":["https:\/\/sxflightcase.com\/da\/produkt\/flight-case-2u-2\/"]}]},{"@type":"ImageObject","inLanguage":"tr","@id":"https:\/\/sxflightcase.com\/da\/produkt\/flight-case-2u-2\/#primaryimage","url":"https:\/\/sxflightcase.com\/wp-content\/uploads\/2024\/05\/flight-case-2u57082760060.webp","contentUrl":"https:\/\/sxflightcase.com\/wp-content\/uploads\/2024\/05\/flight-case-2u57082760060.webp","width":750,"height":750,"caption":"Flight Case 2u"},{"@type":"BreadcrumbList","@id":"https:\/\/sxflightcase.com\/da\/produkt\/flight-case-2u-2\/#breadcrumb","itemListElement":[{"@type":"ListItem","position":1,"name":"Home","item":"https:\/\/sxflightcase.com\/"},{"@type":"ListItem","position":2,"name":"\u0e2a\u0e34\u0e19\u0e04\u0e49\u0e32","item":"https:\/\/sxflightcase.com\/th\/shop\/"},{"@type":"ListItem","position":3,"name":"FC Flight Case 2u"}]},{"@type":"WebSite","@id":"https:\/\/sxflightcase.com\/th\/#website","url":"https:\/\/sxflightcase.com\/th\/","name":"sxpowercase.com","description":"U\u00e7u\u015f \u00c7antas\u0131 Fabrikas\u0131","publisher":{"@id":"https:\/\/sxflightcase.com\/th\/#organization"},"potentialAction":[{"@type":"SearchAction","target":{"@type":"EntryPoint","urlTemplate":"https:\/\/sxflightcase.com\/th\/?s={search_term_string}"},"query-input":{"@type":"PropertyValueSpecification","valueRequired":true,"valueName":"search_term_string"}}],"inLanguage":"tr"},{"@type":"Organization","@id":"https:\/\/sxflightcase.com\/th\/#organization","name":"sxpowercase.com","url":"https:\/\/sxflightcase.com\/th\/","logo":{"@type":"ImageObject","inLanguage":"tr","@id":"https:\/\/sxflightcase.com\/th\/#\/schema\/logo\/image\/","url":"https:\/\/sxflightcase.com\/wp-content\/uploads\/2024\/04\/1713919036007.jpg","contentUrl":"https:\/\/sxflightcase.com\/wp-content\/uploads\/2024\/04\/1713919036007.jpg","width":382,"height":388,"caption":"sxpowercase.com"},"image":{"@id":"https:\/\/sxflightcase.com\/th\/#\/schema\/logo\/image\/"},"sameAs":["https:\/\/www.facebook.com\/profile.php?id=61560407257971"],"numberOfEmployees":{"@type":"QuantitativeValue","minValue":"11","maxValue":"50"}}]}},"_links":{"self":[{"href":"https:\/\/sxflightcase.com\/tr\/wp-json\/wp\/v2\/product\/1664","targetHints":{"allow":["GET"]}}],"collection":[{"href":"https:\/\/sxflightcase.com\/tr\/wp-json\/wp\/v2\/product"}],"about":[{"href":"https:\/\/sxflightcase.com\/tr\/wp-json\/wp\/v2\/types\/product"}],"replies":[{"embeddable":true,"href":"https:\/\/sxflightcase.com\/tr\/wp-json\/wp\/v2\/comments?post=1664"}],"version-history":[{"count":0,"href":"https:\/\/sxflightcase.com\/tr\/wp-json\/wp\/v2\/product\/1664\/revisions"}],"wp:featuredmedia":[{"embeddable":true,"href":"https:\/\/sxflightcase.com\/tr\/wp-json\/wp\/v2\/media\/1666"}],"wp:attachment":[{"href":"https:\/\/sxflightcase.com\/tr\/wp-json\/wp\/v2\/media?parent=1664"}],"wp:term":[{"taxonomy":"product_brand","embeddable":true,"href":"https:\/\/sxflightcase.com\/tr\/wp-json\/wp\/v2\/product_brand?post=1664"},{"taxonomy":"product_cat","embeddable":true,"href":"https:\/\/sxflightcase.com\/tr\/wp-json\/wp\/v2\/product_cat?post=1664"},{"taxonomy":"product_tag","embeddable":true,"href":"https:\/\/sxflightcase.com\/tr\/wp-json\/wp\/v2\/product_tag?post=1664"}],"curies":[{"name":"wp","href":"https:\/\/api.w.org\/{rel}","templated":true}]}}