{"id":1678,"date":"2024-05-10T03:52:10","date_gmt":"2024-05-10T02:52:10","guid":{"rendered":"https:\/\/sxpowercase.com\/?post_type=product&#038;p=1678"},"modified":"2024-07-16T02:59:52","modified_gmt":"2024-07-16T01:59:52","slug":"2u-flight-case","status":"publish","type":"product","link":"https:\/\/sxflightcase.com\/tr\/urun\/2u-ucus-kasasi\/","title":{"rendered":"FP 2u U\u00e7u\u015f Kasas\u0131"},"content":{"rendered":"<p><strong>\u00dcr\u00fcn parametresi(spesifikasyonu)<\/strong><\/p>\n<section class=\"table-wrap\">\n<table class=\"table\" width=\"100%\" cellspacing=\"0\" cellpadding=\"0\">\n<tbody>\n<tr class=\"firstRow\">\n<td width=\"134\">\u00dcr\u00fcn ad\u0131:<\/td>\n<td width=\"503\">2u u\u00e7u\u015f kasas\u0131<\/td>\n<\/tr>\n<tr>\n<td width=\"134\">Malzeme:<\/td>\n<td width=\"503\">9mm Kontrplak + Krom\/\u00c7inko kaplama donan\u0131m + Al\u00fcminyum ekstr\u00fczyon<\/td>\n<\/tr>\n<tr>\n<td width=\"134\">K\u00f6p\u00fck astar:<\/td>\n<td width=\"503\">\u0130nci k\u00f6p\u00fck \/ EVA k\u00f6p\u00fck \/ Yumurta k\u00f6p\u00fc\u011f\u00fc vb... normal veya iste\u011fe g\u00f6re<\/td>\n<\/tr>\n<tr>\n<td width=\"134\">Renk:<\/td>\n<td width=\"503\">Siyah (varsay\u0131lan renk), K\u0131rm\u0131z\u0131, Mavi, Turuncu, Sar\u0131, Ye\u015fil, vb.<\/td>\n<\/tr>\n<tr>\n<td width=\"134\">Kur\u015fun zaman\u0131:<\/td>\n<td width=\"503\">\u00d6rnek sipari\u015f 3 g\u00fcn, Normal sipari\u015f 7-15 g\u00fcn<\/td>\n<\/tr>\n<tr>\n<td width=\"134\">Boyut:<\/td>\n<td width=\"503\">Ekipman boyutuna ba\u011fl\u0131d\u0131r<\/td>\n<\/tr>\n<\/tbody>\n<\/table>\n<\/section>\n<h1>SX 2U U\u00e7u\u015f \u00c7antas\u0131: Ekipman\u0131n\u0131z i\u00e7in Kompakt Koruma<\/h1>\n<h2>G\u00fcvenilir ve Kompakt<\/h2>\n<p>De\u011ferli ekipman ta\u015f\u0131rken, \u00e7antan\u0131z\u0131n boyutu ve dayan\u0131kl\u0131l\u0131\u011f\u0131 \u00f6nemlidir. Bu <a href=\"https:\/\/sxpowercase.com\/\" target=\"_blank\" rel=\"noopener\" title=\"SX\" data-wpil-monitor-id=\"472\">SX<\/a> 2U U\u00e7u\u015f \u00c7antas\u0131, kompakt tasar\u0131m ve sa\u011flam koruma aras\u0131nda m\u00fckemmel bir denge sunar. M\u00fczisyenler, DJ'ler ve ses m\u00fchendisleri i\u00e7in ideal olan bu \u00e7anta, i\u015finiz sizi nereye g\u00f6t\u00fcr\u00fcrse g\u00f6t\u00fcrs\u00fcn ekipman\u0131n\u0131z\u0131n g\u00fcvende ve emniyette olmas\u0131n\u0131 sa\u011flar.<\/p>\n<h2>Maksimum Tasarruf i\u00e7in Fabrika Do\u011frudan Sat\u0131\u015flar\u0131<\/h2>\n<h3>E\u015fsiz De\u011fer<\/h3>\n<p>SX, birinci s\u0131n\u0131f \u00fcr\u00fcnleri rakipsiz fiyatlarla sunmaya inan\u0131r. Do\u011frudan fabrika sat\u0131\u015flar\u0131ndan yararlanarak arac\u0131lar\u0131 ortadan kald\u0131r\u0131yor ve 2U U\u00e7u\u015f \u00c7antas\u0131n\u0131 kaliteden \u00f6d\u00fcn vermeden uygun maliyetli bir fiyata sunuyoruz. Bu yakla\u015f\u0131m, yat\u0131r\u0131m\u0131n\u0131z i\u00e7in en iyi de\u011feri elde etmenizi sa\u011flar ve ekipman\u0131n\u0131z\u0131 g\u00fcvence alt\u0131na al\u0131rken b\u00fct\u00e7enizi koruman\u0131za yard\u0131mc\u0131 olur.<\/p>\n<h2>Benzersiz \u0130htiya\u00e7lar\u0131n\u0131z i\u00e7in \u00d6zelle\u015ftirme<\/h2>\n<h3>M\u00fckemmelli\u011fe Uyarland\u0131<\/h3>\n<p>Her profesyonel kurulum benzersizdir, bu nedenle SX, 2U U\u00e7u\u015f \u00c7antas\u0131 i\u00e7in kapsaml\u0131 \u00f6zelle\u015ftirme se\u00e7enekleri sunar. \u0130ster ek dolguya, ister \u00f6zel b\u00f6lmelere veya belirli boyutlara ihtiyac\u0131n\u0131z olsun, \u00f6zelle\u015ftirme hizmetlerimiz u\u00e7u\u015f \u00e7antan\u0131z\u0131n tam gereksinimlerinizi kar\u015f\u0131lamas\u0131n\u0131 sa\u011flar. Ekipman\u0131n\u0131z\u0131 sadece sizin i\u00e7in tasarlanm\u0131\u015f bir \u00e7anta ile koruyun.<\/p>\n<h2>Profesyonel \u0130maj\u0131n\u0131z\u0131 Geli\u015ftirin<\/h2>\n<h3>Dayan\u0131kl\u0131 ve \u015e\u0131k Tasar\u0131m<\/h3>\n<p>SX 2U U\u00e7u\u015f \u00c7antas\u0131 yaln\u0131zca m\u00fckemmel koruma sa\u011flamakla kalmaz, ayn\u0131 zamanda profesyonel imaj\u0131n\u0131z\u0131 da g\u00fc\u00e7lendirir. \u015e\u0131k ve dayan\u0131kl\u0131 tasar\u0131m\u0131, kalite ve g\u00fcvenilirli\u011fe olan ba\u011fl\u0131l\u0131\u011f\u0131n\u0131z\u0131 yans\u0131t\u0131r. M\u00fc\u015fterilerinizi ve i\u015f arkada\u015flar\u0131n\u0131z\u0131 performans\u0131 kadar iyi g\u00f6r\u00fcnen bir u\u00e7u\u015f \u00e7antas\u0131yla etkileyin ve ekipman\u0131n\u0131z\u0131n her zaman m\u00fcmk\u00fcn olan en iyi \u0131\u015f\u0131kta sunulmas\u0131n\u0131 sa\u011flay\u0131n.<\/p>\n<hr \/>\n<h2>Neden SX&#039;i Se\u00e7melisiniz?<\/h2>\n<p>SX 2U U\u00e7u\u015f \u00c7antas\u0131n\u0131 se\u00e7mek, \u00fcst\u00fcn koruma, \u00f6zelle\u015ftirme ve de\u011feri bir araya getiren bir \u00fcr\u00fcne yat\u0131r\u0131m yapmak anlam\u0131na gelir. Fabrika do\u011frudan sat\u0131\u015f modelimiz ve y\u00fcksek kaliteli malzemelere olan ba\u011fl\u0131l\u0131\u011f\u0131m\u0131z, ihtiya\u00e7lar\u0131n\u0131z\u0131 kar\u015f\u0131layan bir u\u00e7u\u015f \u00e7antas\u0131n\u0131 garanti eder. Profesyonelli\u011finizi sergilerken seyahatin zorluklar\u0131na dayan\u0131kl\u0131 bir u\u00e7u\u015f \u00e7antas\u0131 ile i\u015finizi y\u00fckseltin.<\/p>\n<p>2U U\u00e7u\u015f \u00c7antam\u0131z hakk\u0131nda daha fazla bilgi edinmek ve \u00f6zelle\u015ftirme se\u00e7eneklerimizin size nas\u0131l fayda sa\u011flayabilece\u011fini ke\u015ffetmek i\u00e7in bug\u00fcn bize ula\u015f\u0131n. T\u00fcm u\u00e7u\u015f kasas\u0131 ihtiya\u00e7lar\u0131n\u0131z i\u00e7in SX'e g\u00fcvenin ve kalite ile de\u011ferin yaratt\u0131\u011f\u0131 fark\u0131 deneyimleyin.<\/p>\n<p><strong>SSS<\/strong><\/p>\n<p>S: Ticaret \u015firketi veya \u00fcretici misiniz?<\/p>\n<p>A: Biz ortopedik ve spor \u00fcr\u00fcnleri konusunda uzmanla\u015fm\u0131\u015f profesyonel \u00fcreticiyiz. Ve \u00fcr\u00fcnlerimizi do\u011frudan m\u00fc\u015fterilerimizle ticaret yap\u0131yoruz.<\/p>\n<p>S: Ka\u00e7 tane ambalaj\u0131n\u0131z var?<\/p>\n<p>A: Biz karton kutu, kabarc\u0131k \u00e7anta, sarma shrink ka\u011f\u0131t ile ihracat karton dahil olmak \u00fczere \u00fc\u00e7 paket var.<\/p>\n<p>S: Kendi ambalaj\u0131m\u0131z\u0131 yapabilir misiniz?<\/p>\n<p>A: Evet, sadece paket tasar\u0131m\u0131n\u0131 sa\u011flay\u0131n ve biz istedi\u011finizi \u00fcretelim. Ayr\u0131ca profesyonel tasar\u0131mc\u0131m\u0131z paketleme tasar\u0131m\u0131n\u0131 yapman\u0131za yard\u0131mc\u0131 olabilir.<\/p>\n<p>S\u0131cak Etiketler: D\u00fc\u015f\u00fck fiyat, stokta, \u00fccretsiz numune, G\u00fc\u00e7 ve Sinyal Kablosu, 16 \u00d6l\u00e7\u00fc 4 \u0130letkenli Tel, Mikrofon Stand K\u0131l\u0131f\u0131, A\u00e7\u0131k Hava LED Ekran Kabini, Raf Montaj\u0131, 19\u201d Raf Montajl\u0131 Mikser U\u00e7u\u015f K\u0131l\u0131flar\u0131, elektrik da\u011f\u0131t\u0131m kutusu, \u00c7in, tedarik\u00e7iler, fabrika, \u00f6zelle\u015ftirilmi\u015f, toptan sat\u0131\u015f, <span style=\"color: #993366;\"><a style=\"color: #993366;\" href=\"https:\/\/sxflightcase.com\/tr\/product-category\/all-product\/power-distribution-boxes\/\">g\u00fc\u00e7 kutular\u0131<\/a>,\u00a0<a style=\"color: #993366;\" href=\"https:\/\/sxflightcase.com\/tr\/product-category\/all-product\/hoist-controllers\/\">g\u00fc\u00e7 kablolar\u0131<\/a>,\u00a0<a style=\"color: #993366;\" href=\"https:\/\/sxflightcase.com\/tr\/product-category\/all-product\/hoist-controllers\/\">vin\u00e7 kontrol\u00f6rleri<\/a>,\u00a0<a style=\"color: #993366;\" href=\"https:\/\/sxflightcase.com\/tr\/product-category\/all-product\/flight-case\/\">u\u00e7u\u015f vakalar\u0131.<\/a><\/span><\/p>","protected":false},"excerpt":{"rendered":"<h1 class=\"prodetails-name\">2u U\u00e7u\u015f \u00c7antas\u0131<\/h1>\n<p>Basit tasar\u0131ml\u0131, zarif g\u00f6r\u00fcn\u00fcml\u00fc, kullan\u0131\u015fl\u0131 ve kullan\u0131m\u0131 kolay 2u u\u00e7u\u015f \u00e7antas\u0131 tedarik ediyoruz.<\/p>\n<h2><strong>\u00dcretim tan\u0131t\u0131m\u0131<\/strong><\/h2>\n<p>Bu 2u u\u00e7u\u015f \u00e7antas\u0131, ekipman\u0131 bir u\u00e7u\u015fta check-in yaparken veya ba\u015fka bir \u015fekilde yola \u00e7\u0131kar\u0131rken m\u00fckemmel bir \u00e7\u00f6z\u00fcmd\u00fcr. Bu kutu ayn\u0131 zamanda Ses ekipmanlar\u0131, ticari fuarlar, \u00fcretim ekipmanlar\u0131 ve \u00e7ok daha fazlas\u0131 i\u00e7in de m\u00fckemmeldir. Standart 19 in\u00e7 boyut, ekipman\u0131n\u0131z\u0131 yerle\u015ftirebilece\u011finiz mutlak hacim sa\u011flar.<\/p>","protected":false},"featured_media":1679,"comment_status":"open","ping_status":"closed","template":"","meta":[],"product_brand":[],"product_cat":[35],"product_tag":[53],"class_list":{"0":"post-1678","1":"product","2":"type-product","3":"status-publish","4":"has-post-thumbnail","6":"product_cat-standard-rack-cases","7":"product_tag-fp","9":"first","10":"instock","11":"shipping-taxable","12":"product-type-simple"},"yoast_head":"<!-- This site is optimized with the Yoast SEO Premium plugin v27.1 (Yoast SEO v27.2) - https:\/\/yoast.com\/product\/yoast-seo-premium-wordpress\/ -->\n<title>FP 2u Flight Case - https:\/\/sxflightcase.com \ud83d\udc97<\/title>\n<meta name=\"description\" content=\"2u Flight Case: Explore our factory-direct options for professional customization, ensuring optimal organization and protection of your equipment.\" \/>\n<meta name=\"robots\" content=\"index, follow, max-snippet:-1, max-image-preview:large, max-video-preview:-1\" \/>\n<link rel=\"canonical\" href=\"https:\/\/sxflightcase.com\/tr\/produk\/2u-flight-case\/\" \/>\n<meta property=\"og:locale\" content=\"tr_TR\" \/>\n<meta property=\"og:type\" content=\"article\" \/>\n<meta property=\"og:title\" content=\"FP 2u Flight Case\" \/>\n<meta property=\"og:description\" content=\"2u Flight Case: Explore our factory-direct options for professional customization, ensuring optimal organization and protection of your equipment.\" \/>\n<meta property=\"og:url\" content=\"https:\/\/sxflightcase.com\/tr\/produk\/2u-flight-case\/\" \/>\n<meta property=\"og:site_name\" content=\"https:\/\/sxflightcase.com\" \/>\n<meta property=\"article:publisher\" content=\"https:\/\/www.facebook.com\/profile.php?id=61560407257971\" \/>\n<meta property=\"article:modified_time\" content=\"2024-07-16T01:59:52+00:00\" \/>\n<meta property=\"og:image\" content=\"https:\/\/sxflightcase.com\/wp-content\/uploads\/2024\/05\/2u-flight-case40424278055.webp\" \/>\n\t<meta property=\"og:image:width\" content=\"750\" \/>\n\t<meta property=\"og:image:height\" content=\"750\" \/>\n\t<meta property=\"og:image:type\" content=\"image\/webp\" \/>\n<meta name=\"twitter:card\" content=\"summary_large_image\" \/>\n<meta name=\"twitter:label1\" content=\"Tahmini okuma s\u00fcresi\" \/>\n\t<meta name=\"twitter:data1\" content=\"4 dakika\" \/>\n<script type=\"application\/ld+json\" class=\"yoast-schema-graph\">{\"@context\":\"https:\/\/schema.org\",\"@graph\":[{\"@type\":\"WebPage\",\"@id\":\"https:\/\/sxflightcase.com\/af\/produk\/2u-flight-case\/\",\"url\":\"https:\/\/sxflightcase.com\/af\/produk\/2u-flight-case\/\",\"name\":\"FP 2u Flight Case - https:\/\/sxflightcase.com \ud83d\udc97\",\"isPartOf\":{\"@id\":\"https:\/\/sxflightcase.com\/th\/#website\"},\"primaryImageOfPage\":{\"@id\":\"https:\/\/sxflightcase.com\/af\/produk\/2u-flight-case\/#primaryimage\"},\"image\":{\"@id\":\"https:\/\/sxflightcase.com\/af\/produk\/2u-flight-case\/#primaryimage\"},\"thumbnailUrl\":\"https:\/\/sxflightcase.com\/wp-content\/uploads\/2024\/05\/2u-flight-case40424278055.webp\",\"datePublished\":\"2024-05-10T02:52:10+00:00\",\"dateModified\":\"2024-07-16T01:59:52+00:00\",\"description\":\"2u Flight Case: Explore our factory-direct options for professional customization, ensuring optimal organization and protection of your equipment.\",\"breadcrumb\":{\"@id\":\"https:\/\/sxflightcase.com\/af\/produk\/2u-flight-case\/#breadcrumb\"},\"inLanguage\":\"tr\",\"potentialAction\":[{\"@type\":\"ReadAction\",\"target\":[\"https:\/\/sxflightcase.com\/af\/produk\/2u-flight-case\/\"]}]},{\"@type\":\"ImageObject\",\"inLanguage\":\"tr\",\"@id\":\"https:\/\/sxflightcase.com\/af\/produk\/2u-flight-case\/#primaryimage\",\"url\":\"https:\/\/sxflightcase.com\/wp-content\/uploads\/2024\/05\/2u-flight-case40424278055.webp\",\"contentUrl\":\"https:\/\/sxflightcase.com\/wp-content\/uploads\/2024\/05\/2u-flight-case40424278055.webp\",\"width\":750,\"height\":750,\"caption\":\"2u Flight Case\"},{\"@type\":\"BreadcrumbList\",\"@id\":\"https:\/\/sxflightcase.com\/af\/produk\/2u-flight-case\/#breadcrumb\",\"itemListElement\":[{\"@type\":\"ListItem\",\"position\":1,\"name\":\"Home\",\"item\":\"https:\/\/sxflightcase.com\/\"},{\"@type\":\"ListItem\",\"position\":2,\"name\":\"\u0e2a\u0e34\u0e19\u0e04\u0e49\u0e32\",\"item\":\"https:\/\/sxflightcase.com\/th\/shop\/\"},{\"@type\":\"ListItem\",\"position\":3,\"name\":\"FP 2u Flight Case\"}]},{\"@type\":\"WebSite\",\"@id\":\"https:\/\/sxflightcase.com\/th\/#website\",\"url\":\"https:\/\/sxflightcase.com\/th\/\",\"name\":\"sxpowercase.com\",\"description\":\"Flight Case Factory\",\"publisher\":{\"@id\":\"https:\/\/sxflightcase.com\/th\/#organization\"},\"potentialAction\":[{\"@type\":\"SearchAction\",\"target\":{\"@type\":\"EntryPoint\",\"urlTemplate\":\"https:\/\/sxflightcase.com\/th\/?s={search_term_string}\"},\"query-input\":{\"@type\":\"PropertyValueSpecification\",\"valueRequired\":true,\"valueName\":\"search_term_string\"}}],\"inLanguage\":\"tr\"},{\"@type\":\"Organization\",\"@id\":\"https:\/\/sxflightcase.com\/th\/#organization\",\"name\":\"sxpowercase.com\",\"url\":\"https:\/\/sxflightcase.com\/th\/\",\"logo\":{\"@type\":\"ImageObject\",\"inLanguage\":\"tr\",\"@id\":\"https:\/\/sxflightcase.com\/th\/#\/schema\/logo\/image\/\",\"url\":\"https:\/\/sxflightcase.com\/wp-content\/uploads\/2024\/04\/1713919036007.jpg\",\"contentUrl\":\"https:\/\/sxflightcase.com\/wp-content\/uploads\/2024\/04\/1713919036007.jpg\",\"width\":382,\"height\":388,\"caption\":\"sxpowercase.com\"},\"image\":{\"@id\":\"https:\/\/sxflightcase.com\/th\/#\/schema\/logo\/image\/\"},\"sameAs\":[\"https:\/\/www.facebook.com\/profile.php?id=61560407257971\"],\"numberOfEmployees\":{\"@type\":\"QuantitativeValue\",\"minValue\":\"11\",\"maxValue\":\"50\"}}]}<\/script>\n<!-- \/ Yoast SEO Premium plugin. -->","yoast_head_json":{"title":"FP 2u Flight Case - https:\/\/sxflightcase.com \ud83d\udc97","description":"2u U\u00e7u\u015f \u00c7antas\u0131: Ekipman\u0131n\u0131z\u0131n en iyi \u015fekilde d\u00fczenlenmesini ve korunmas\u0131n\u0131 sa\u011flayan profesyonel \u00f6zelle\u015ftirme i\u00e7in do\u011frudan fabrika se\u00e7eneklerimizi ke\u015ffedin.","robots":{"index":"index","follow":"follow","max-snippet":"max-snippet:-1","max-image-preview":"max-image-preview:large","max-video-preview":"max-video-preview:-1"},"canonical":"https:\/\/sxflightcase.com\/tr\/produk\/2u-flight-case\/","og_locale":"tr_TR","og_type":"article","og_title":"FP 2u Flight Case","og_description":"2u Flight Case: Explore our factory-direct options for professional customization, ensuring optimal organization and protection of your equipment.","og_url":"https:\/\/sxflightcase.com\/tr\/produk\/2u-flight-case\/","og_site_name":"https:\/\/sxflightcase.com","article_publisher":"https:\/\/www.facebook.com\/profile.php?id=61560407257971","article_modified_time":"2024-07-16T01:59:52+00:00","og_image":[{"width":750,"height":750,"url":"https:\/\/sxflightcase.com\/wp-content\/uploads\/2024\/05\/2u-flight-case40424278055.webp","type":"image\/webp"}],"twitter_card":"summary_large_image","twitter_misc":{"Tahmini okuma s\u00fcresi":"4 dakika"},"schema":{"@context":"https:\/\/schema.org","@graph":[{"@type":"WebPage","@id":"https:\/\/sxflightcase.com\/af\/produk\/2u-flight-case\/","url":"https:\/\/sxflightcase.com\/af\/produk\/2u-flight-case\/","name":"FP 2u Flight Case - https:\/\/sxflightcase.com \ud83d\udc97","isPartOf":{"@id":"https:\/\/sxflightcase.com\/th\/#website"},"primaryImageOfPage":{"@id":"https:\/\/sxflightcase.com\/af\/produk\/2u-flight-case\/#primaryimage"},"image":{"@id":"https:\/\/sxflightcase.com\/af\/produk\/2u-flight-case\/#primaryimage"},"thumbnailUrl":"https:\/\/sxflightcase.com\/wp-content\/uploads\/2024\/05\/2u-flight-case40424278055.webp","datePublished":"2024-05-10T02:52:10+00:00","dateModified":"2024-07-16T01:59:52+00:00","description":"2u U\u00e7u\u015f \u00c7antas\u0131: Ekipman\u0131n\u0131z\u0131n en iyi \u015fekilde d\u00fczenlenmesini ve korunmas\u0131n\u0131 sa\u011flayan profesyonel \u00f6zelle\u015ftirme i\u00e7in do\u011frudan fabrika se\u00e7eneklerimizi ke\u015ffedin.","breadcrumb":{"@id":"https:\/\/sxflightcase.com\/af\/produk\/2u-flight-case\/#breadcrumb"},"inLanguage":"tr","potentialAction":[{"@type":"ReadAction","target":["https:\/\/sxflightcase.com\/af\/produk\/2u-flight-case\/"]}]},{"@type":"ImageObject","inLanguage":"tr","@id":"https:\/\/sxflightcase.com\/af\/produk\/2u-flight-case\/#primaryimage","url":"https:\/\/sxflightcase.com\/wp-content\/uploads\/2024\/05\/2u-flight-case40424278055.webp","contentUrl":"https:\/\/sxflightcase.com\/wp-content\/uploads\/2024\/05\/2u-flight-case40424278055.webp","width":750,"height":750,"caption":"2u Flight Case"},{"@type":"BreadcrumbList","@id":"https:\/\/sxflightcase.com\/af\/produk\/2u-flight-case\/#breadcrumb","itemListElement":[{"@type":"ListItem","position":1,"name":"Home","item":"https:\/\/sxflightcase.com\/"},{"@type":"ListItem","position":2,"name":"\u0e2a\u0e34\u0e19\u0e04\u0e49\u0e32","item":"https:\/\/sxflightcase.com\/th\/shop\/"},{"@type":"ListItem","position":3,"name":"FP 2u Flight Case"}]},{"@type":"WebSite","@id":"https:\/\/sxflightcase.com\/th\/#website","url":"https:\/\/sxflightcase.com\/th\/","name":"sxpowercase.com","description":"U\u00e7u\u015f \u00c7antas\u0131 Fabrikas\u0131","publisher":{"@id":"https:\/\/sxflightcase.com\/th\/#organization"},"potentialAction":[{"@type":"SearchAction","target":{"@type":"EntryPoint","urlTemplate":"https:\/\/sxflightcase.com\/th\/?s={search_term_string}"},"query-input":{"@type":"PropertyValueSpecification","valueRequired":true,"valueName":"search_term_string"}}],"inLanguage":"tr"},{"@type":"Organization","@id":"https:\/\/sxflightcase.com\/th\/#organization","name":"sxpowercase.com","url":"https:\/\/sxflightcase.com\/th\/","logo":{"@type":"ImageObject","inLanguage":"tr","@id":"https:\/\/sxflightcase.com\/th\/#\/schema\/logo\/image\/","url":"https:\/\/sxflightcase.com\/wp-content\/uploads\/2024\/04\/1713919036007.jpg","contentUrl":"https:\/\/sxflightcase.com\/wp-content\/uploads\/2024\/04\/1713919036007.jpg","width":382,"height":388,"caption":"sxpowercase.com"},"image":{"@id":"https:\/\/sxflightcase.com\/th\/#\/schema\/logo\/image\/"},"sameAs":["https:\/\/www.facebook.com\/profile.php?id=61560407257971"],"numberOfEmployees":{"@type":"QuantitativeValue","minValue":"11","maxValue":"50"}}]}},"_links":{"self":[{"href":"https:\/\/sxflightcase.com\/tr\/wp-json\/wp\/v2\/product\/1678","targetHints":{"allow":["GET"]}}],"collection":[{"href":"https:\/\/sxflightcase.com\/tr\/wp-json\/wp\/v2\/product"}],"about":[{"href":"https:\/\/sxflightcase.com\/tr\/wp-json\/wp\/v2\/types\/product"}],"replies":[{"embeddable":true,"href":"https:\/\/sxflightcase.com\/tr\/wp-json\/wp\/v2\/comments?post=1678"}],"version-history":[{"count":0,"href":"https:\/\/sxflightcase.com\/tr\/wp-json\/wp\/v2\/product\/1678\/revisions"}],"wp:featuredmedia":[{"embeddable":true,"href":"https:\/\/sxflightcase.com\/tr\/wp-json\/wp\/v2\/media\/1679"}],"wp:attachment":[{"href":"https:\/\/sxflightcase.com\/tr\/wp-json\/wp\/v2\/media?parent=1678"}],"wp:term":[{"taxonomy":"product_brand","embeddable":true,"href":"https:\/\/sxflightcase.com\/tr\/wp-json\/wp\/v2\/product_brand?post=1678"},{"taxonomy":"product_cat","embeddable":true,"href":"https:\/\/sxflightcase.com\/tr\/wp-json\/wp\/v2\/product_cat?post=1678"},{"taxonomy":"product_tag","embeddable":true,"href":"https:\/\/sxflightcase.com\/tr\/wp-json\/wp\/v2\/product_tag?post=1678"}],"curies":[{"name":"wp","href":"https:\/\/api.w.org\/{rel}","templated":true}]}}