{"id":1683,"date":"2024-05-10T03:55:38","date_gmt":"2024-05-10T02:55:38","guid":{"rendered":"https:\/\/sxpowercase.com\/?post_type=product&#038;p=1683"},"modified":"2024-07-16T02:59:51","modified_gmt":"2024-07-16T01:59:51","slug":"4u-flight-case","status":"publish","type":"product","link":"https:\/\/sxflightcase.com\/tr\/urun\/4u-ucus-kasasi\/","title":{"rendered":"FP 4u U\u00e7u\u015f Kasas\u0131"},"content":{"rendered":"<p><strong>\u00dcr\u00fcn parametresi(spesifikasyonu)<\/strong><\/p>\n<section class=\"table-wrap\">\n<table class=\"table\" width=\"100%\" cellspacing=\"0\" cellpadding=\"0\">\n<tbody>\n<tr class=\"firstRow\">\n<td width=\"134\">\u00dcr\u00fcn ad\u0131:<\/td>\n<td width=\"503\">4u u\u00e7u\u015f kasas\u0131<\/td>\n<\/tr>\n<tr>\n<td width=\"134\">Malzeme:<\/td>\n<td width=\"503\">9mm Kontrplak + Krom\/\u00c7inko kaplama donan\u0131m + Al\u00fcminyum ekstr\u00fczyon<\/td>\n<\/tr>\n<tr>\n<td width=\"134\">K\u00f6p\u00fck astar:<\/td>\n<td width=\"503\">\u0130nci k\u00f6p\u00fck \/ EVA k\u00f6p\u00fck \/ Yumurta k\u00f6p\u00fc\u011f\u00fc vb... normal veya iste\u011fe g\u00f6re<\/td>\n<\/tr>\n<tr>\n<td width=\"134\">Renk:<\/td>\n<td width=\"503\">Siyah (varsay\u0131lan renk), K\u0131rm\u0131z\u0131, Mavi, Turuncu, Sar\u0131, Ye\u015fil, vb.<\/td>\n<\/tr>\n<tr>\n<td width=\"134\">Kur\u015fun zaman\u0131:<\/td>\n<td width=\"503\">\u00d6rnek sipari\u015f 3 g\u00fcn, Normal sipari\u015f 7-15 g\u00fcn<\/td>\n<\/tr>\n<tr>\n<td width=\"134\">Boyut:<\/td>\n<td width=\"503\">Ekipman boyutuna ba\u011fl\u0131d\u0131r<\/td>\n<\/tr>\n<\/tbody>\n<\/table>\n<\/section>\n<h1>SX 4U U\u00e7u\u015f \u00c7antas\u0131: En \u00dcst D\u00fczey Ekipman Koruman\u0131z<\/h1>\n<h2>Ekipmanlar\u0131n\u0131z i\u00e7in G\u00fcvenilir Koruma<\/h2>\n<p>S\u00f6z konusu de\u011ferli ekipmanlar\u0131n\u0131z\u0131 ta\u015f\u0131mak oldu\u011funda, g\u00fcvenilirlik \u00e7ok \u00f6nemlidir. Bu y\u00fczden <a title=\"SX\" href=\"https:\/\/sxpowercase.com\/\" target=\"_blank\" rel=\"noopener\" data-wpil-monitor-id=\"471\">SX<\/a> 4U U\u00e7u\u015f \u00c7antas\u0131 benzersiz bir koruma sunarak ekipman\u0131n\u0131z\u0131n ta\u015f\u0131ma s\u0131ras\u0131nda g\u00fcvende kalmas\u0131n\u0131 sa\u011flar. Dayan\u0131kl\u0131 malzemelerden \u00fcretilen bu u\u00e7u\u015f \u00e7antas\u0131, en zorlu ko\u015fullara dayanacak \u015fekilde tasarlanm\u0131\u015ft\u0131r ve m\u00fczisyenler, ses m\u00fchendisleri ve etkinlik profesyonelleri i\u00e7in g\u00f6n\u00fcl rahatl\u0131\u011f\u0131 sa\u011flar.<\/p>\n<h2>Rakipsiz De\u011fer i\u00e7in Fabrika Do\u011frudan Sat\u0131\u015flar\u0131<\/h2>\n<h3>Rekabet\u00e7i Fiyatlarla Kalite<\/h3>\n<p>SX olarak, y\u00fcksek kaliteli \u00fcr\u00fcnleri rekabet\u00e7i fiyatlarla sunmaktan gurur duyuyoruz. Fabrika do\u011frudan sat\u0131\u015flar\u0131n\u0131 kullanarak, arac\u0131lar\u0131 devre d\u0131\u015f\u0131 b\u0131rakt\u0131k ve 4U U\u00e7u\u015f \u00c7antas\u0131n\u0131 ola\u011fan\u00fcst\u00fc bir de\u011ferde sunmam\u0131z\u0131 sa\u011flad\u0131k. Bu yakla\u015f\u0131m yaln\u0131zca paradan tasarruf etmenizi sa\u011flamakla kalmaz, ayn\u0131 zamanda titiz kalite standartlar\u0131m\u0131z\u0131 kar\u015f\u0131layan bir \u00fcr\u00fcn alman\u0131z\u0131 da garanti eder.<\/p>\n<h2>\u0130htiya\u00e7lar\u0131n\u0131za Uygun \u00d6zelle\u015ftirme<\/h2>\n<h3>Her Profesyonel i\u00e7in \u00d6zel \u00c7\u00f6z\u00fcmler<\/h3>\n<p>Her profesyonel kurulum benzersizdir, bu nedenle SX, 4U U\u00e7u\u015f \u00c7antam\u0131z i\u00e7in kapsaml\u0131 \u00f6zelle\u015ftirme hizmetleri sunmaktad\u0131r. \u0130ster belirli boyutlara, ister ek dolguya veya \u00f6zel b\u00f6lmelere ihtiyac\u0131n\u0131z olsun, u\u00e7u\u015f \u00e7antalar\u0131m\u0131z\u0131 kesin gereksinimlerinizi kar\u015f\u0131layacak \u015fekilde uyarlayabiliriz. Amac\u0131m\u0131z, ekipman\u0131n\u0131za m\u00fckemmel \u015fekilde uyan, optimum koruma ve organizasyon sa\u011flayan bir \u00e7\u00f6z\u00fcm sunmakt\u0131r.<\/p>\n<h2>Profesyonel \u0130maj\u0131n\u0131z\u0131 G\u00fc\u00e7lendirin<\/h2>\n<h3>Dayan\u0131kl\u0131 ve \u015e\u0131k Tasar\u0131m<\/h3>\n<p>SX 4U U\u00e7u\u015f \u00c7antas\u0131n\u0131 kullanmak yaln\u0131zca ekipman\u0131n\u0131z\u0131 korumakla kalmaz, ayn\u0131 zamanda profesyonel imaj\u0131n\u0131z\u0131 da geli\u015ftirir. U\u00e7u\u015f \u00e7antalar\u0131m\u0131z\u0131n \u015f\u0131k ve sa\u011flam tasar\u0131m\u0131, kalite ve g\u00fcvenilirli\u011fe olan ba\u011fl\u0131l\u0131\u011f\u0131n\u0131z\u0131 g\u00f6sterir. M\u00fc\u015fterilerinizi ve i\u015f arkada\u015flar\u0131n\u0131z\u0131, en az performans\u0131 kadar iyi g\u00f6r\u00fcnen bir u\u00e7u\u015f \u00e7antas\u0131yla etkileyin ve ekipman\u0131n\u0131z\u0131n g\u00fcvenli ve \u015f\u0131k bir \u015fekilde ula\u015fmas\u0131n\u0131 sa\u011flay\u0131n.<\/p>\n<hr \/>\n<h2>Neden SX&#039;i Se\u00e7melisiniz?<\/h2>\n<p>SX 4U U\u00e7u\u015f \u00c7antas\u0131n\u0131 se\u00e7mek, \u00fcst\u00fcn koruma, \u00f6zelle\u015ftirme ve de\u011fer sunan bir \u00fcr\u00fcne yat\u0131r\u0131m yapmak anlam\u0131na gelir. Do\u011frudan fabrika sat\u0131\u015flar\u0131na ve y\u00fcksek kaliteli malzemelere olan ba\u011fl\u0131l\u0131\u011f\u0131m\u0131z, ihtiya\u00e7lar\u0131n\u0131z i\u00e7in en iyi \u00fcr\u00fcn\u00fc alman\u0131z\u0131 sa\u011flar. Seyahatin zorluklar\u0131na dayanan ve profesyonelli\u011finizi sergileyen bir u\u00e7u\u015f \u00e7antas\u0131 ile i\u015finizi y\u00fckseltin.<\/p>\n<p>4U U\u00e7u\u015f \u00c7antam\u0131z ve \u00f6zelle\u015ftirme se\u00e7eneklerimizin size nas\u0131l fayda sa\u011flayabilece\u011fi hakk\u0131nda daha fazla bilgi edinmek i\u00e7in bug\u00fcn bize ula\u015f\u0131n. T\u00fcm u\u00e7u\u015f \u00e7antas\u0131 ihtiya\u00e7lar\u0131n\u0131z i\u00e7in SX'e g\u00fcvenin ve kalite ile de\u011ferin yaratabilece\u011fi fark\u0131 deneyimleyin.<\/p>\n<p><strong>SSS<\/strong><\/p>\n<p>S: Ticaret \u015firketi veya \u00fcretici misiniz?<\/p>\n<p>C: Etkinlikler i\u00e7in u\u00e7u\u015f \u00e7antas\u0131 ve g\u00fc\u00e7 da\u011f\u0131t\u0131m \u00fcr\u00fcnleri konusunda uzmanla\u015fm\u0131\u015f profesyonel bir \u00fcreticiyiz. Ve \u00fcr\u00fcnlerimizi do\u011frudan m\u00fc\u015fterilerimizle takas ediyoruz.<\/p>\n<p>S: OEM ve ODM yapabilir misiniz?<\/p>\n<p>A: Evet, OEM ve ODM ikisi de kabul edilebilir. Malzeme, renk, stil \u00f6zelle\u015ftirilebilir, temel miktar\u0131 g\u00f6r\u00fc\u015ft\u00fckten sonra tavsiye edece\u011fiz.<\/p>\n<p>S: Kendi logomuzu kullanabilir miyiz?<\/p>\n<p>C: Evet, iste\u011finize g\u00f6re \u00f6zel logonuzu basabiliriz.<\/p>\n<p>S\u0131cak Etiketler: D\u00fc\u015f\u00fck fiyat, stokta, \u00fccretsiz numune, G\u00fc\u00e7 ve Sinyal Kablosu, 16 \u00d6l\u00e7\u00fc 4 \u0130letkenli Tel, Mikrofon Stand K\u0131l\u0131f\u0131, A\u00e7\u0131k Hava LED Ekran Kabini, Raf Montaj\u0131, 19\u201d Raf Montajl\u0131 Mikser U\u00e7u\u015f K\u0131l\u0131flar\u0131, elektrik da\u011f\u0131t\u0131m kutusu, \u00c7in, tedarik\u00e7iler, fabrika, \u00f6zelle\u015ftirilmi\u015f, toptan sat\u0131\u015f, <span style=\"color: #993366;\"><a style=\"color: #993366;\" href=\"https:\/\/sxflightcase.com\/tr\/product-category\/all-product\/power-distribution-boxes\/\">g\u00fc\u00e7 kutular\u0131<\/a>,\u00a0<a style=\"color: #993366;\" href=\"https:\/\/sxflightcase.com\/tr\/product-category\/all-product\/hoist-controllers\/\">g\u00fc\u00e7 kablolar\u0131<\/a>,\u00a0<a style=\"color: #993366;\" href=\"https:\/\/sxflightcase.com\/tr\/product-category\/all-product\/hoist-controllers\/\">vin\u00e7 kontrol\u00f6rleri<\/a>,\u00a0<a style=\"color: #993366;\" href=\"https:\/\/sxflightcase.com\/tr\/product-category\/all-product\/flight-case\/\">u\u00e7u\u015f vakalar\u0131.<\/a><\/span><\/p>","protected":false},"excerpt":{"rendered":"<h2 class=\"prodetails-name\">4u U\u00e7u\u015f \u00c7antas\u0131<\/h2>\n<p>Kullan\u0131m, paketleme, depolama ve nakliye s\u0131ras\u0131nda pahal\u0131 di\u015fli ve ekipmanlar i\u00e7in g\u00fcvenilir koruma sa\u011flamak i\u00e7in 4u u\u00e7u\u015f \u00e7antas\u0131 tedarik ediyoruz.<\/p>\n<h2><strong>\u00dcretim tan\u0131t\u0131m\u0131<\/strong><\/h2>\n<p>Bu 4u u\u00e7u\u015f kasas\u0131, y\u00fcksek kaliteli malzemeler, a\u011f\u0131r hizmet tipi \u00e7elik raf \u015feridi ve tekerlekler, k\u0131zaklar, etiket \u00e7ana\u011f\u0131 ve kapak derinlikleri gibi iste\u011fe ba\u011fl\u0131 \u00f6zellikler kullan\u0131larak tasarlanm\u0131\u015ft\u0131r ve PA amplifikat\u00f6rleri, i\u015flemciler, raf \u00e7ekmeceleri ve efekt makineleri gibi rafa monte ekipmanlarla y\u00fcklemek i\u00e7in m\u00fckemmeldir.<\/p>","protected":false},"featured_media":1684,"comment_status":"open","ping_status":"closed","template":"","meta":[],"product_brand":[],"product_cat":[35],"product_tag":[53],"class_list":{"0":"post-1683","1":"product","2":"type-product","3":"status-publish","4":"has-post-thumbnail","6":"product_cat-standard-rack-cases","7":"product_tag-fp","9":"first","10":"instock","11":"shipping-taxable","12":"product-type-simple"},"yoast_head":"<!-- This site is optimized with the Yoast SEO Premium plugin v27.1 (Yoast SEO v27.2) - https:\/\/yoast.com\/product\/yoast-seo-premium-wordpress\/ -->\n<title>FP 4u Flight Case Manufacture - https:\/\/sxflightcase.com<\/title>\n<meta name=\"description\" content=\"4u Flight Case Manufacture: Discover our factory-direct options for professional-grade equipment protection and organization.\" \/>\n<meta name=\"robots\" content=\"index, follow, max-snippet:-1, max-image-preview:large, max-video-preview:-1\" \/>\n<link rel=\"canonical\" href=\"https:\/\/sxflightcase.com\/tr\/produkt\/4u-flight-case\/\" \/>\n<meta property=\"og:locale\" content=\"tr_TR\" \/>\n<meta property=\"og:type\" content=\"article\" \/>\n<meta property=\"og:title\" content=\"FP 4u Flight Case\" \/>\n<meta property=\"og:description\" content=\"4u Flight Case Manufacture: Discover our factory-direct options for professional-grade equipment protection and organization.\" \/>\n<meta property=\"og:url\" content=\"https:\/\/sxflightcase.com\/tr\/produkt\/4u-flight-case\/\" \/>\n<meta property=\"og:site_name\" content=\"https:\/\/sxflightcase.com\" \/>\n<meta property=\"article:publisher\" content=\"https:\/\/www.facebook.com\/profile.php?id=61560407257971\" \/>\n<meta property=\"article:modified_time\" content=\"2024-07-16T01:59:51+00:00\" \/>\n<meta property=\"og:image\" content=\"https:\/\/sxflightcase.com\/wp-content\/uploads\/2024\/05\/4u-flight-case14545683226.webp\" \/>\n\t<meta property=\"og:image:width\" content=\"750\" \/>\n\t<meta property=\"og:image:height\" content=\"750\" \/>\n\t<meta property=\"og:image:type\" content=\"image\/webp\" \/>\n<meta name=\"twitter:card\" content=\"summary_large_image\" \/>\n<meta name=\"twitter:label1\" content=\"Tahmini okuma s\u00fcresi\" \/>\n\t<meta name=\"twitter:data1\" content=\"4 dakika\" \/>\n<script type=\"application\/ld+json\" class=\"yoast-schema-graph\">{\"@context\":\"https:\/\/schema.org\",\"@graph\":[{\"@type\":\"WebPage\",\"@id\":\"https:\/\/sxflightcase.com\/da\/produkt\/4u-flight-case\/\",\"url\":\"https:\/\/sxflightcase.com\/da\/produkt\/4u-flight-case\/\",\"name\":\"FP 4u Flight Case Manufacture - https:\/\/sxflightcase.com\",\"isPartOf\":{\"@id\":\"https:\/\/sxflightcase.com\/th\/#website\"},\"primaryImageOfPage\":{\"@id\":\"https:\/\/sxflightcase.com\/da\/produkt\/4u-flight-case\/#primaryimage\"},\"image\":{\"@id\":\"https:\/\/sxflightcase.com\/da\/produkt\/4u-flight-case\/#primaryimage\"},\"thumbnailUrl\":\"https:\/\/sxflightcase.com\/wp-content\/uploads\/2024\/05\/4u-flight-case14545683226.webp\",\"datePublished\":\"2024-05-10T02:55:38+00:00\",\"dateModified\":\"2024-07-16T01:59:51+00:00\",\"description\":\"4u Flight Case Manufacture: Discover our factory-direct options for professional-grade equipment protection and organization.\",\"breadcrumb\":{\"@id\":\"https:\/\/sxflightcase.com\/da\/produkt\/4u-flight-case\/#breadcrumb\"},\"inLanguage\":\"tr\",\"potentialAction\":[{\"@type\":\"ReadAction\",\"target\":[\"https:\/\/sxflightcase.com\/da\/produkt\/4u-flight-case\/\"]}]},{\"@type\":\"ImageObject\",\"inLanguage\":\"tr\",\"@id\":\"https:\/\/sxflightcase.com\/da\/produkt\/4u-flight-case\/#primaryimage\",\"url\":\"https:\/\/sxflightcase.com\/wp-content\/uploads\/2024\/05\/4u-flight-case14545683226.webp\",\"contentUrl\":\"https:\/\/sxflightcase.com\/wp-content\/uploads\/2024\/05\/4u-flight-case14545683226.webp\",\"width\":750,\"height\":750,\"caption\":\"4u Flight Case\"},{\"@type\":\"BreadcrumbList\",\"@id\":\"https:\/\/sxflightcase.com\/da\/produkt\/4u-flight-case\/#breadcrumb\",\"itemListElement\":[{\"@type\":\"ListItem\",\"position\":1,\"name\":\"Home\",\"item\":\"https:\/\/sxflightcase.com\/\"},{\"@type\":\"ListItem\",\"position\":2,\"name\":\"\u0e2a\u0e34\u0e19\u0e04\u0e49\u0e32\",\"item\":\"https:\/\/sxflightcase.com\/th\/shop\/\"},{\"@type\":\"ListItem\",\"position\":3,\"name\":\"FP 4u Flight Case\"}]},{\"@type\":\"WebSite\",\"@id\":\"https:\/\/sxflightcase.com\/th\/#website\",\"url\":\"https:\/\/sxflightcase.com\/th\/\",\"name\":\"sxpowercase.com\",\"description\":\"Flight Case Factory\",\"publisher\":{\"@id\":\"https:\/\/sxflightcase.com\/th\/#organization\"},\"potentialAction\":[{\"@type\":\"SearchAction\",\"target\":{\"@type\":\"EntryPoint\",\"urlTemplate\":\"https:\/\/sxflightcase.com\/th\/?s={search_term_string}\"},\"query-input\":{\"@type\":\"PropertyValueSpecification\",\"valueRequired\":true,\"valueName\":\"search_term_string\"}}],\"inLanguage\":\"tr\"},{\"@type\":\"Organization\",\"@id\":\"https:\/\/sxflightcase.com\/th\/#organization\",\"name\":\"sxpowercase.com\",\"url\":\"https:\/\/sxflightcase.com\/th\/\",\"logo\":{\"@type\":\"ImageObject\",\"inLanguage\":\"tr\",\"@id\":\"https:\/\/sxflightcase.com\/th\/#\/schema\/logo\/image\/\",\"url\":\"https:\/\/sxflightcase.com\/wp-content\/uploads\/2024\/04\/1713919036007.jpg\",\"contentUrl\":\"https:\/\/sxflightcase.com\/wp-content\/uploads\/2024\/04\/1713919036007.jpg\",\"width\":382,\"height\":388,\"caption\":\"sxpowercase.com\"},\"image\":{\"@id\":\"https:\/\/sxflightcase.com\/th\/#\/schema\/logo\/image\/\"},\"sameAs\":[\"https:\/\/www.facebook.com\/profile.php?id=61560407257971\"],\"numberOfEmployees\":{\"@type\":\"QuantitativeValue\",\"minValue\":\"11\",\"maxValue\":\"50\"}}]}<\/script>\n<!-- \/ Yoast SEO Premium plugin. -->","yoast_head_json":{"title":"FP 4u Flight Case Manufacture - https:\/\/sxflightcase.com","description":"4u U\u00e7u\u015f \u00c7antas\u0131 \u00dcretimi: Profesyonel d\u00fczeyde ekipman korumas\u0131 ve organizasyonu i\u00e7in fabrika \u00e7\u0131k\u0131\u015fl\u0131 se\u00e7eneklerimizi ke\u015ffedin.","robots":{"index":"index","follow":"follow","max-snippet":"max-snippet:-1","max-image-preview":"max-image-preview:large","max-video-preview":"max-video-preview:-1"},"canonical":"https:\/\/sxflightcase.com\/tr\/produkt\/4u-flight-case\/","og_locale":"tr_TR","og_type":"article","og_title":"FP 4u Flight Case","og_description":"4u Flight Case Manufacture: Discover our factory-direct options for professional-grade equipment protection and organization.","og_url":"https:\/\/sxflightcase.com\/tr\/produkt\/4u-flight-case\/","og_site_name":"https:\/\/sxflightcase.com","article_publisher":"https:\/\/www.facebook.com\/profile.php?id=61560407257971","article_modified_time":"2024-07-16T01:59:51+00:00","og_image":[{"width":750,"height":750,"url":"https:\/\/sxflightcase.com\/wp-content\/uploads\/2024\/05\/4u-flight-case14545683226.webp","type":"image\/webp"}],"twitter_card":"summary_large_image","twitter_misc":{"Tahmini okuma s\u00fcresi":"4 dakika"},"schema":{"@context":"https:\/\/schema.org","@graph":[{"@type":"WebPage","@id":"https:\/\/sxflightcase.com\/da\/produkt\/4u-flight-case\/","url":"https:\/\/sxflightcase.com\/da\/produkt\/4u-flight-case\/","name":"FP 4u Flight Case Manufacture - https:\/\/sxflightcase.com","isPartOf":{"@id":"https:\/\/sxflightcase.com\/th\/#website"},"primaryImageOfPage":{"@id":"https:\/\/sxflightcase.com\/da\/produkt\/4u-flight-case\/#primaryimage"},"image":{"@id":"https:\/\/sxflightcase.com\/da\/produkt\/4u-flight-case\/#primaryimage"},"thumbnailUrl":"https:\/\/sxflightcase.com\/wp-content\/uploads\/2024\/05\/4u-flight-case14545683226.webp","datePublished":"2024-05-10T02:55:38+00:00","dateModified":"2024-07-16T01:59:51+00:00","description":"4u U\u00e7u\u015f \u00c7antas\u0131 \u00dcretimi: Profesyonel d\u00fczeyde ekipman korumas\u0131 ve organizasyonu i\u00e7in fabrika \u00e7\u0131k\u0131\u015fl\u0131 se\u00e7eneklerimizi ke\u015ffedin.","breadcrumb":{"@id":"https:\/\/sxflightcase.com\/da\/produkt\/4u-flight-case\/#breadcrumb"},"inLanguage":"tr","potentialAction":[{"@type":"ReadAction","target":["https:\/\/sxflightcase.com\/da\/produkt\/4u-flight-case\/"]}]},{"@type":"ImageObject","inLanguage":"tr","@id":"https:\/\/sxflightcase.com\/da\/produkt\/4u-flight-case\/#primaryimage","url":"https:\/\/sxflightcase.com\/wp-content\/uploads\/2024\/05\/4u-flight-case14545683226.webp","contentUrl":"https:\/\/sxflightcase.com\/wp-content\/uploads\/2024\/05\/4u-flight-case14545683226.webp","width":750,"height":750,"caption":"4u Flight Case"},{"@type":"BreadcrumbList","@id":"https:\/\/sxflightcase.com\/da\/produkt\/4u-flight-case\/#breadcrumb","itemListElement":[{"@type":"ListItem","position":1,"name":"Home","item":"https:\/\/sxflightcase.com\/"},{"@type":"ListItem","position":2,"name":"\u0e2a\u0e34\u0e19\u0e04\u0e49\u0e32","item":"https:\/\/sxflightcase.com\/th\/shop\/"},{"@type":"ListItem","position":3,"name":"FP 4u Flight Case"}]},{"@type":"WebSite","@id":"https:\/\/sxflightcase.com\/th\/#website","url":"https:\/\/sxflightcase.com\/th\/","name":"sxpowercase.com","description":"U\u00e7u\u015f \u00c7antas\u0131 Fabrikas\u0131","publisher":{"@id":"https:\/\/sxflightcase.com\/th\/#organization"},"potentialAction":[{"@type":"SearchAction","target":{"@type":"EntryPoint","urlTemplate":"https:\/\/sxflightcase.com\/th\/?s={search_term_string}"},"query-input":{"@type":"PropertyValueSpecification","valueRequired":true,"valueName":"search_term_string"}}],"inLanguage":"tr"},{"@type":"Organization","@id":"https:\/\/sxflightcase.com\/th\/#organization","name":"sxpowercase.com","url":"https:\/\/sxflightcase.com\/th\/","logo":{"@type":"ImageObject","inLanguage":"tr","@id":"https:\/\/sxflightcase.com\/th\/#\/schema\/logo\/image\/","url":"https:\/\/sxflightcase.com\/wp-content\/uploads\/2024\/04\/1713919036007.jpg","contentUrl":"https:\/\/sxflightcase.com\/wp-content\/uploads\/2024\/04\/1713919036007.jpg","width":382,"height":388,"caption":"sxpowercase.com"},"image":{"@id":"https:\/\/sxflightcase.com\/th\/#\/schema\/logo\/image\/"},"sameAs":["https:\/\/www.facebook.com\/profile.php?id=61560407257971"],"numberOfEmployees":{"@type":"QuantitativeValue","minValue":"11","maxValue":"50"}}]}},"_links":{"self":[{"href":"https:\/\/sxflightcase.com\/tr\/wp-json\/wp\/v2\/product\/1683","targetHints":{"allow":["GET"]}}],"collection":[{"href":"https:\/\/sxflightcase.com\/tr\/wp-json\/wp\/v2\/product"}],"about":[{"href":"https:\/\/sxflightcase.com\/tr\/wp-json\/wp\/v2\/types\/product"}],"replies":[{"embeddable":true,"href":"https:\/\/sxflightcase.com\/tr\/wp-json\/wp\/v2\/comments?post=1683"}],"version-history":[{"count":0,"href":"https:\/\/sxflightcase.com\/tr\/wp-json\/wp\/v2\/product\/1683\/revisions"}],"wp:featuredmedia":[{"embeddable":true,"href":"https:\/\/sxflightcase.com\/tr\/wp-json\/wp\/v2\/media\/1684"}],"wp:attachment":[{"href":"https:\/\/sxflightcase.com\/tr\/wp-json\/wp\/v2\/media?parent=1683"}],"wp:term":[{"taxonomy":"product_brand","embeddable":true,"href":"https:\/\/sxflightcase.com\/tr\/wp-json\/wp\/v2\/product_brand?post=1683"},{"taxonomy":"product_cat","embeddable":true,"href":"https:\/\/sxflightcase.com\/tr\/wp-json\/wp\/v2\/product_cat?post=1683"},{"taxonomy":"product_tag","embeddable":true,"href":"https:\/\/sxflightcase.com\/tr\/wp-json\/wp\/v2\/product_tag?post=1683"}],"curies":[{"name":"wp","href":"https:\/\/api.w.org\/{rel}","templated":true}]}}