{"id":1686,"date":"2024-05-10T04:00:00","date_gmt":"2024-05-10T03:00:00","guid":{"rendered":"https:\/\/sxpowercase.com\/?post_type=product&#038;p=1686"},"modified":"2024-07-16T02:59:50","modified_gmt":"2024-07-16T01:59:50","slug":"19-flight-cases-plywood","status":"publish","type":"product","link":"https:\/\/sxflightcase.com\/tr\/urun\/19-ucus-kasasi-kontrplak\/","title":{"rendered":"FP 19\" U\u00e7u\u015f \u00c7antalar\u0131 Kontrplak"},"content":{"rendered":"<p><strong>\u00dcr\u00fcn parametresi(spesifikasyonu)<\/strong><\/p>\n<section class=\"table-wrap\">\n<table class=\"table\" width=\"100%\" cellspacing=\"0\" cellpadding=\"0\">\n<tbody>\n<tr class=\"firstRow\">\n<td width=\"134\">\u00dcr\u00fcn ad\u0131:<\/td>\n<td width=\"503\">19\u2033 U\u00e7u\u015f \u00c7antalar\u0131 Kontrplak<\/td>\n<\/tr>\n<tr>\n<td width=\"134\">Malzeme ve aksesuar:<\/td>\n<td width=\"503\">9mm Kontrplak + Krom\/\u00c7inko kaplama donan\u0131m + Al\u00fcminyum ekstr\u00fczyon<br \/>\n\u00d6n ve Arka \u00c7\u0131kar\u0131labilir Kapaklar<\/td>\n<\/tr>\n<tr>\n<td width=\"134\">K\u00f6p\u00fck astar:<\/td>\n<td width=\"503\">\u0130nci k\u00f6p\u00fck \/ EVA k\u00f6p\u00fck \/ Yumurta k\u00f6p\u00fc\u011f\u00fc vb... normal veya iste\u011fe g\u00f6re<\/td>\n<\/tr>\n<tr>\n<td width=\"134\">Renk:<\/td>\n<td width=\"503\">Siyah (varsay\u0131lan renk), K\u0131rm\u0131z\u0131, Mavi, Turuncu, Sar\u0131, Ye\u015fil, vb.<\/td>\n<\/tr>\n<tr>\n<td width=\"134\">Kur\u015fun zaman\u0131:<\/td>\n<td width=\"503\">\u00d6rnek sipari\u015f 3 g\u00fcn, Normal sipari\u015f 7-15 g\u00fcn<\/td>\n<\/tr>\n<tr>\n<td width=\"134\">Boyut:<\/td>\n<td width=\"503\">Ekipman boyutuna ba\u011fl\u0131d\u0131r<\/td>\n<\/tr>\n<\/tbody>\n<\/table>\n<\/section>\n<p><strong>Nakliye ve Teslimat<\/strong><\/p>\n<p>Nakliye: hava, deniz veya ekspres<\/p>\n<p>\u00d6rnek teslim s\u00fcresi: 5~7 g\u00fcn<\/p>\n<p>Teslim s\u00fcresi: sipari\u015f detaylar\u0131 ve \u00fcretim onayland\u0131ktan sonra yakla\u015f\u0131k 25 ~ 30 g\u00fcn.<\/p>\n<h1>SX U\u00e7u\u015f \u00c7antalar\u0131 Kontrplak: Dayan\u0131kl\u0131 ve \u00d6zelle\u015ftirilebilir \u00c7\u00f6z\u00fcmler<\/h1>\n<h2>\u00dcst\u00fcn Koruma ve Dayan\u0131kl\u0131l\u0131k<\/h2>\n<p>SX'in Kontrplak U\u00e7u\u015f \u00c7antalar\u0131 de\u011ferli ekipmanlar\u0131n\u0131z i\u00e7in e\u015fsiz bir koruma sunar. Y\u00fcksek kaliteli kontrplaktan \u00fcretilen bu u\u00e7u\u015f \u00e7antalar\u0131, seyahatin zorluklar\u0131na dayanacak ve ekipman\u0131n\u0131z\u0131n darbelere ve \u00e7evresel fakt\u00f6rlere kar\u015f\u0131 g\u00fcvende kalmas\u0131n\u0131 sa\u011flayacak \u015fekilde tasarlanm\u0131\u015ft\u0131r. G\u00fcvenilir depolama ve ta\u015f\u0131ma \u00e7\u00f6z\u00fcmlerine ihtiya\u00e7 duyan m\u00fczisyenler, etkinlik profesyonelleri ve teknisyenler i\u00e7in m\u00fckemmeldir.<\/p>\n<h2>Maksimum De\u011fer i\u00e7in Fabrika Do\u011frudan Sat\u0131\u015flar\u0131<\/h2>\n<h3>Uygun Fiyatl\u0131 ve \u00dcst\u00fcn Kalite<\/h3>\n<p>\u015eu anda <a href=\"https:\/\/sxpowercase.com\/\" target=\"_blank\" rel=\"noopener\" title=\"SX\" data-wpil-monitor-id=\"470\">SX<\/a>Fabrika do\u011frudan sat\u0131\u015f modelimiz arac\u0131l\u0131\u011f\u0131yla rekabet\u00e7i fiyatlarla \u00fcst\u00fcn kaliteli \u00fcr\u00fcnler sunmaya inan\u0131yoruz. Arac\u0131lar\u0131 ortadan kald\u0131rarak, en \u00fcst d\u00fczey U\u00e7u\u015f K\u0131l\u0131flar\u0131 Kontrplaklar\u0131n\u0131 maliyetinin \u00e7ok alt\u0131nda alman\u0131z\u0131 sa\u011fl\u0131yoruz. Bu yakla\u015f\u0131m, kaliteden \u00f6d\u00fcn vermeden ola\u011fan\u00fcst\u00fc de\u011fer sunmam\u0131z\u0131 sa\u011flayarak ekipman\u0131n\u0131z i\u00e7in en iyi korumay\u0131 elde etmenizi sa\u011flar.<\/p>\n<h2>\u0130htiya\u00e7lar\u0131n\u0131z\u0131 Kar\u015f\u0131lamak i\u00e7in \u00d6zelle\u015ftirilebilir<\/h2>\n<h3>Her Profesyonel i\u00e7in \u00d6zel Olarak Tasarland\u0131<\/h3>\n<p>Her profesyonel kurulumun kendine \u00f6zg\u00fc gereksinimleri oldu\u011funu anlayan SX, Kontrplak U\u00e7u\u015f \u00c7antalar\u0131m\u0131z i\u00e7in kapsaml\u0131 \u00f6zelle\u015ftirme hizmetleri sunmaktad\u0131r. \u0130ster belirli boyutlara, ister i\u00e7 dolguya veya ek b\u00f6lmelere ihtiyac\u0131n\u0131z olsun, u\u00e7u\u015f \u00e7antalar\u0131m\u0131z\u0131 tam spesifikasyonlar\u0131n\u0131z\u0131 kar\u015f\u0131layacak \u015fekilde de\u011fi\u015ftirebiliriz. Ismarlama \u00e7\u00f6z\u00fcmlerimiz, ekipman\u0131n\u0131z\u0131n tam da ihtiya\u00e7 duydu\u011funuz \u015fekilde korunmas\u0131n\u0131 ve organize edilmesini garanti eder.<\/p>\n<h2>Profesyonel \u0130maj\u0131n\u0131z\u0131 Geli\u015ftirin<\/h2>\n<h3>Profesyonel ve G\u00fcvenilir Tasar\u0131m<\/h3>\n<p>SX Flight Cases Plywood kullanmak yaln\u0131zca ekipman\u0131n\u0131z\u0131n g\u00fcvenli\u011fini sa\u011flamakla kalmaz, ayn\u0131 zamanda profesyonel imaj\u0131n\u0131z\u0131 da geli\u015ftirir. U\u00e7u\u015f \u00e7antalar\u0131m\u0131z\u0131n sa\u011flam ve \u015f\u0131k tasar\u0131m\u0131, kalite ve g\u00fcvenilirli\u011fe olan ba\u011fl\u0131l\u0131\u011f\u0131n\u0131z\u0131 yans\u0131t\u0131r. Hem i\u015flevsellik hem de g\u00f6r\u00fcn\u00fcm sunan u\u00e7u\u015f \u00e7antalar\u0131 ile m\u00fc\u015fterileriniz ve i\u015f arkada\u015flar\u0131n\u0131z \u00fczerinde g\u00fc\u00e7l\u00fc bir izlenim b\u0131rak\u0131n ve ekipman\u0131n\u0131z\u0131n her seferinde m\u00fckemmel durumda ula\u015fmas\u0131n\u0131 sa\u011flay\u0131n.<\/p>\n<hr \/>\n<p>\u00dcst\u00fcn koruma, dayan\u0131kl\u0131l\u0131k ve de\u011fer i\u00e7in SX'in U\u00e7u\u015f K\u0131l\u0131flar\u0131 Kontrplaklar\u0131n\u0131 se\u00e7in. Do\u011frudan fabrika sat\u0131\u015flar\u0131m\u0131z\u0131 ve \u00f6zelle\u015ftirme se\u00e7eneklerimizi ke\u015ffetmek i\u00e7in bug\u00fcn bize ula\u015f\u0131n. SX ile ekipman\u0131n\u0131z her zaman en iyi ellerde. Ola\u011fan\u00fcst\u00fc u\u00e7u\u015f \u00e7antalar\u0131m\u0131zla i\u015finizi y\u00fckseltmek ve ekipman\u0131n\u0131z\u0131 korumak i\u00e7in en iyisine yat\u0131r\u0131m yap\u0131n.<\/p>\n<p><strong>SSS<\/strong><\/p>\n<p>S: Nas\u0131l fiyat teklifi alabiliriz?<\/p>\n<p>A: \u015eartname ile bize ula\u015f\u0131n: malzeme, tasar\u0131m, boyut, \u015fekil, renk, miktar, y\u00fczey bitirme vb.<\/p>\n<p>S: \u00d6deme ko\u015fullar\u0131 nedir?<\/p>\n<p>A: T.T with 30% down payment, 70%before shipment or West Union also accept.<\/p>\n<p>S: Tasar\u0131m konusunda yard\u0131mc\u0131 olabilir misiniz?<\/p>\n<p>C: Evet, basit tasar\u0131m \u00fccretsiz, \u00f6zel tasar\u0131m\u0131n \u00f6denmesi gerekiyor.<\/p>\n<p><strong>Hizmetimiz<\/strong><\/p>\n<p>Kalite her zaman \u00f6nce gelir<\/p>\n<p>* Makul Fiyatlar<\/p>\n<p>* OEM hizmeti sa\u011flan\u0131r<\/p>\n<p>* Sorumlu sat\u0131\u015f sonras\u0131 hizmet<\/p>\n<p>* Deneme sipari\u015flerinden sonra 90% m\u00fc\u015fterisinden tekrar sipari\u015f almay\u0131 hedeflemek<\/p>\n<p>* M\u00fc\u015fterilerle birlikte ilerleme kaydetme<\/p>\n<p>S\u0131cak Etiketler: D\u00fc\u015f\u00fck fiyat, stokta, \u00fccretsiz numune, G\u00fc\u00e7 ve Sinyal Kablosu, 16 \u00d6l\u00e7\u00fc 4 \u0130letkenli Tel, Mikrofon Stand K\u0131l\u0131f\u0131, A\u00e7\u0131k Hava LED Ekran Kabini, Raf Montaj\u0131, 19\u201d Raf Montajl\u0131 Mikser U\u00e7u\u015f K\u0131l\u0131flar\u0131, elektrik da\u011f\u0131t\u0131m kutusu, \u00c7in, tedarik\u00e7iler, fabrika, \u00f6zelle\u015ftirilmi\u015f, toptan sat\u0131\u015f, <span style=\"color: #993366;\"><a style=\"color: #993366;\" href=\"https:\/\/sxflightcase.com\/tr\/product-category\/all-product\/power-distribution-boxes\/\">g\u00fc\u00e7 kutular\u0131<\/a>,\u00a0<a style=\"color: #993366;\" href=\"https:\/\/sxflightcase.com\/tr\/product-category\/all-product\/hoist-controllers\/\">g\u00fc\u00e7 kablolar\u0131<\/a>,\u00a0<a style=\"color: #993366;\" href=\"https:\/\/sxflightcase.com\/tr\/product-category\/all-product\/hoist-controllers\/\">vin\u00e7 kontrol\u00f6rleri<\/a>,\u00a0<a style=\"color: #993366;\" href=\"https:\/\/sxflightcase.com\/tr\/product-category\/all-product\/flight-case\/\">u\u00e7u\u015f vakalar\u0131.<\/a><\/span><\/p>","protected":false},"excerpt":{"rendered":"<h2 class=\"prodetails-name\">19\" U\u00e7u\u015f \u00c7antalar\u0131 Kontrplak<\/h2>\n<p>Kullan\u0131m, paketleme, depolama ve nakliye s\u0131ras\u0131nda pahal\u0131 di\u015fli ve ekipmanlara g\u00fcvenilir koruma sa\u011flamak i\u00e7in 19 \u2033 u\u00e7u\u015f k\u0131l\u0131flar\u0131 kontrplak tedarik ediyoruz. Kendimizi \u015funlara adad\u0131k <a class=\"wpil_keyword_link\" title=\"u\u00e7u\u015f durumu\" href=\"https:\/\/sxpowercase.com\/product-category\/all-product\/flight-case\/\" target=\"_blank\" rel=\"noopener\" data-wpil-keyword-link=\"linked\" data-wpil-monitor-id=\"404\">u\u00e7u\u015f durumu<\/a> Uzun y\u0131llard\u0131r Amerika ve Asya pazar\u0131n\u0131n \u00e7o\u011funu kapsamaktad\u0131r. \u00c7in'deki uzun tak\u0131m orta\u011f\u0131n\u0131z olmay\u0131 bekliyoruz.<\/p>\n<h2><strong>\u00dcretim tan\u0131t\u0131m\u0131<\/strong><\/h2>\n<p>Shengxiang 2001 y\u0131l\u0131ndan beri u\u00e7u\u015f kasalar\u0131 \u00fcretmektedir ve yat\u0131r\u0131m\u0131n\u0131z\u0131 korumak i\u00e7in tasarlanm\u0131\u015ft\u0131r. \u00c7\u0131kar\u0131labilir Kayar Diz\u00fcst\u00fc Bilgisayar Rafl\u0131 19\" u\u00e7u\u015f \u00e7antas\u0131 kontrplak. D\u00f6rt End\u00fcstriyel S\u0131n\u0131f Kau\u00e7uk Ayak<\/p>","protected":false},"featured_media":1687,"comment_status":"open","ping_status":"closed","template":"","meta":[],"product_brand":[],"product_cat":[35],"product_tag":[53],"class_list":{"0":"post-1686","1":"product","2":"type-product","3":"status-publish","4":"has-post-thumbnail","6":"product_cat-standard-rack-cases","7":"product_tag-fp","9":"first","10":"instock","11":"shipping-taxable","12":"product-type-simple"},"yoast_head":"<!-- This site is optimized with the Yoast SEO Premium plugin v27.1 (Yoast SEO v27.2) - https:\/\/yoast.com\/product\/yoast-seo-premium-wordpress\/ -->\n<title>FP 19&#039;&#039; Flight Cases Plywood - https:\/\/sxflightcase.com \ud83d\udc97<\/title>\n<meta name=\"description\" content=\"19&#039;&#039; Flight Cases Plywood: Discover our factory-direct options for professional-grade equipment protection and organization.\" \/>\n<meta name=\"robots\" content=\"index, follow, max-snippet:-1, max-image-preview:large, max-video-preview:-1\" \/>\n<link rel=\"canonical\" href=\"https:\/\/sxflightcase.com\/tr\/\uc81c\ud488\/19-\ube44\ud589-\ucf00\uc774\uc2a4-\ud569\ud310\/\" \/>\n<meta property=\"og:locale\" content=\"tr_TR\" \/>\n<meta property=\"og:type\" content=\"article\" \/>\n<meta property=\"og:title\" content=\"FP 19&#039;&#039; Flight Cases Plywood\" \/>\n<meta property=\"og:description\" content=\"19&#039;&#039; Flight Cases Plywood: Discover our factory-direct options for professional-grade equipment protection and organization.\" \/>\n<meta property=\"og:url\" content=\"https:\/\/sxflightcase.com\/tr\/\uc81c\ud488\/19-\ube44\ud589-\ucf00\uc774\uc2a4-\ud569\ud310\/\" \/>\n<meta property=\"og:site_name\" content=\"https:\/\/sxflightcase.com\" \/>\n<meta property=\"article:publisher\" content=\"https:\/\/www.facebook.com\/profile.php?id=61560407257971\" \/>\n<meta property=\"article:modified_time\" content=\"2024-07-16T01:59:50+00:00\" \/>\n<meta property=\"og:image\" content=\"https:\/\/sxflightcase.com\/wp-content\/uploads\/2024\/05\/19-flight-cases-plywood25576886879.webp\" \/>\n\t<meta property=\"og:image:width\" content=\"750\" \/>\n\t<meta property=\"og:image:height\" content=\"750\" \/>\n\t<meta property=\"og:image:type\" content=\"image\/webp\" \/>\n<meta name=\"twitter:card\" content=\"summary_large_image\" \/>\n<meta name=\"twitter:label1\" content=\"Tahmini okuma s\u00fcresi\" \/>\n\t<meta name=\"twitter:data1\" content=\"4 dakika\" \/>\n<script type=\"application\/ld+json\" class=\"yoast-schema-graph\">{\"@context\":\"https:\/\/schema.org\",\"@graph\":[{\"@type\":\"WebPage\",\"@id\":\"https:\/\/sxflightcase.com\/ko\/\uc81c\ud488\/19-\ube44\ud589-\ucf00\uc774\uc2a4-\ud569\ud310\/\",\"url\":\"https:\/\/sxflightcase.com\/ko\/\uc81c\ud488\/19-\ube44\ud589-\ucf00\uc774\uc2a4-\ud569\ud310\/\",\"name\":\"FP 19'' Flight Cases Plywood - https:\/\/sxflightcase.com \ud83d\udc97\",\"isPartOf\":{\"@id\":\"https:\/\/sxflightcase.com\/th\/#website\"},\"primaryImageOfPage\":{\"@id\":\"https:\/\/sxflightcase.com\/ko\/\uc81c\ud488\/19-\ube44\ud589-\ucf00\uc774\uc2a4-\ud569\ud310\/#primaryimage\"},\"image\":{\"@id\":\"https:\/\/sxflightcase.com\/ko\/\uc81c\ud488\/19-\ube44\ud589-\ucf00\uc774\uc2a4-\ud569\ud310\/#primaryimage\"},\"thumbnailUrl\":\"https:\/\/sxflightcase.com\/wp-content\/uploads\/2024\/05\/19-flight-cases-plywood25576886879.webp\",\"datePublished\":\"2024-05-10T03:00:00+00:00\",\"dateModified\":\"2024-07-16T01:59:50+00:00\",\"description\":\"19'' Flight Cases Plywood: Discover our factory-direct options for professional-grade equipment protection and organization.\",\"breadcrumb\":{\"@id\":\"https:\/\/sxflightcase.com\/ko\/\uc81c\ud488\/19-\ube44\ud589-\ucf00\uc774\uc2a4-\ud569\ud310\/#breadcrumb\"},\"inLanguage\":\"tr\",\"potentialAction\":[{\"@type\":\"ReadAction\",\"target\":[\"https:\/\/sxflightcase.com\/ko\/\uc81c\ud488\/19-\ube44\ud589-\ucf00\uc774\uc2a4-\ud569\ud310\/\"]}]},{\"@type\":\"ImageObject\",\"inLanguage\":\"tr\",\"@id\":\"https:\/\/sxflightcase.com\/ko\/\uc81c\ud488\/19-\ube44\ud589-\ucf00\uc774\uc2a4-\ud569\ud310\/#primaryimage\",\"url\":\"https:\/\/sxflightcase.com\/wp-content\/uploads\/2024\/05\/19-flight-cases-plywood25576886879.webp\",\"contentUrl\":\"https:\/\/sxflightcase.com\/wp-content\/uploads\/2024\/05\/19-flight-cases-plywood25576886879.webp\",\"width\":750,\"height\":750,\"caption\":\"19'' Flight Cases Plywood\"},{\"@type\":\"BreadcrumbList\",\"@id\":\"https:\/\/sxflightcase.com\/ko\/\uc81c\ud488\/19-\ube44\ud589-\ucf00\uc774\uc2a4-\ud569\ud310\/#breadcrumb\",\"itemListElement\":[{\"@type\":\"ListItem\",\"position\":1,\"name\":\"Home\",\"item\":\"https:\/\/sxflightcase.com\/\"},{\"@type\":\"ListItem\",\"position\":2,\"name\":\"\u0e2a\u0e34\u0e19\u0e04\u0e49\u0e32\",\"item\":\"https:\/\/sxflightcase.com\/th\/shop\/\"},{\"@type\":\"ListItem\",\"position\":3,\"name\":\"FP 19&#8221; Flight Cases Plywood\"}]},{\"@type\":\"WebSite\",\"@id\":\"https:\/\/sxflightcase.com\/th\/#website\",\"url\":\"https:\/\/sxflightcase.com\/th\/\",\"name\":\"sxpowercase.com\",\"description\":\"Flight Case Factory\",\"publisher\":{\"@id\":\"https:\/\/sxflightcase.com\/th\/#organization\"},\"potentialAction\":[{\"@type\":\"SearchAction\",\"target\":{\"@type\":\"EntryPoint\",\"urlTemplate\":\"https:\/\/sxflightcase.com\/th\/?s={search_term_string}\"},\"query-input\":{\"@type\":\"PropertyValueSpecification\",\"valueRequired\":true,\"valueName\":\"search_term_string\"}}],\"inLanguage\":\"tr\"},{\"@type\":\"Organization\",\"@id\":\"https:\/\/sxflightcase.com\/th\/#organization\",\"name\":\"sxpowercase.com\",\"url\":\"https:\/\/sxflightcase.com\/th\/\",\"logo\":{\"@type\":\"ImageObject\",\"inLanguage\":\"tr\",\"@id\":\"https:\/\/sxflightcase.com\/th\/#\/schema\/logo\/image\/\",\"url\":\"https:\/\/sxflightcase.com\/wp-content\/uploads\/2024\/04\/1713919036007.jpg\",\"contentUrl\":\"https:\/\/sxflightcase.com\/wp-content\/uploads\/2024\/04\/1713919036007.jpg\",\"width\":382,\"height\":388,\"caption\":\"sxpowercase.com\"},\"image\":{\"@id\":\"https:\/\/sxflightcase.com\/th\/#\/schema\/logo\/image\/\"},\"sameAs\":[\"https:\/\/www.facebook.com\/profile.php?id=61560407257971\"],\"numberOfEmployees\":{\"@type\":\"QuantitativeValue\",\"minValue\":\"11\",\"maxValue\":\"50\"}}]}<\/script>\n<!-- \/ Yoast SEO Premium plugin. -->","yoast_head_json":{"title":"FP 19'' Flight Cases Plywood - https:\/\/sxflightcase.com \ud83d\udc97","description":"19'' U\u00e7u\u015f \u00c7antalar\u0131 Kontrplak: Profesyonel d\u00fczeyde ekipman korumas\u0131 ve organizasyonu i\u00e7in fabrika \u00e7\u0131k\u0131\u015fl\u0131 se\u00e7eneklerimizi ke\u015ffedin.","robots":{"index":"index","follow":"follow","max-snippet":"max-snippet:-1","max-image-preview":"max-image-preview:large","max-video-preview":"max-video-preview:-1"},"canonical":"https:\/\/sxflightcase.com\/tr\/\uc81c\ud488\/19-\ube44\ud589-\ucf00\uc774\uc2a4-\ud569\ud310\/","og_locale":"tr_TR","og_type":"article","og_title":"FP 19'' Flight Cases Plywood","og_description":"19'' Flight Cases Plywood: Discover our factory-direct options for professional-grade equipment protection and organization.","og_url":"https:\/\/sxflightcase.com\/tr\/\uc81c\ud488\/19-\ube44\ud589-\ucf00\uc774\uc2a4-\ud569\ud310\/","og_site_name":"https:\/\/sxflightcase.com","article_publisher":"https:\/\/www.facebook.com\/profile.php?id=61560407257971","article_modified_time":"2024-07-16T01:59:50+00:00","og_image":[{"width":750,"height":750,"url":"https:\/\/sxflightcase.com\/wp-content\/uploads\/2024\/05\/19-flight-cases-plywood25576886879.webp","type":"image\/webp"}],"twitter_card":"summary_large_image","twitter_misc":{"Tahmini okuma s\u00fcresi":"4 dakika"},"schema":{"@context":"https:\/\/schema.org","@graph":[{"@type":"WebPage","@id":"https:\/\/sxflightcase.com\/ko\/\uc81c\ud488\/19-\ube44\ud589-\ucf00\uc774\uc2a4-\ud569\ud310\/","url":"https:\/\/sxflightcase.com\/ko\/\uc81c\ud488\/19-\ube44\ud589-\ucf00\uc774\uc2a4-\ud569\ud310\/","name":"FP 19'' Flight Cases Plywood - https:\/\/sxflightcase.com \ud83d\udc97","isPartOf":{"@id":"https:\/\/sxflightcase.com\/th\/#website"},"primaryImageOfPage":{"@id":"https:\/\/sxflightcase.com\/ko\/\uc81c\ud488\/19-\ube44\ud589-\ucf00\uc774\uc2a4-\ud569\ud310\/#primaryimage"},"image":{"@id":"https:\/\/sxflightcase.com\/ko\/\uc81c\ud488\/19-\ube44\ud589-\ucf00\uc774\uc2a4-\ud569\ud310\/#primaryimage"},"thumbnailUrl":"https:\/\/sxflightcase.com\/wp-content\/uploads\/2024\/05\/19-flight-cases-plywood25576886879.webp","datePublished":"2024-05-10T03:00:00+00:00","dateModified":"2024-07-16T01:59:50+00:00","description":"19'' U\u00e7u\u015f \u00c7antalar\u0131 Kontrplak: Profesyonel d\u00fczeyde ekipman korumas\u0131 ve organizasyonu i\u00e7in fabrika \u00e7\u0131k\u0131\u015fl\u0131 se\u00e7eneklerimizi ke\u015ffedin.","breadcrumb":{"@id":"https:\/\/sxflightcase.com\/ko\/\uc81c\ud488\/19-\ube44\ud589-\ucf00\uc774\uc2a4-\ud569\ud310\/#breadcrumb"},"inLanguage":"tr","potentialAction":[{"@type":"ReadAction","target":["https:\/\/sxflightcase.com\/ko\/\uc81c\ud488\/19-\ube44\ud589-\ucf00\uc774\uc2a4-\ud569\ud310\/"]}]},{"@type":"ImageObject","inLanguage":"tr","@id":"https:\/\/sxflightcase.com\/ko\/\uc81c\ud488\/19-\ube44\ud589-\ucf00\uc774\uc2a4-\ud569\ud310\/#primaryimage","url":"https:\/\/sxflightcase.com\/wp-content\/uploads\/2024\/05\/19-flight-cases-plywood25576886879.webp","contentUrl":"https:\/\/sxflightcase.com\/wp-content\/uploads\/2024\/05\/19-flight-cases-plywood25576886879.webp","width":750,"height":750,"caption":"19'' Flight Cases Plywood"},{"@type":"BreadcrumbList","@id":"https:\/\/sxflightcase.com\/ko\/\uc81c\ud488\/19-\ube44\ud589-\ucf00\uc774\uc2a4-\ud569\ud310\/#breadcrumb","itemListElement":[{"@type":"ListItem","position":1,"name":"Home","item":"https:\/\/sxflightcase.com\/"},{"@type":"ListItem","position":2,"name":"\u0e2a\u0e34\u0e19\u0e04\u0e49\u0e32","item":"https:\/\/sxflightcase.com\/th\/shop\/"},{"@type":"ListItem","position":3,"name":"FP 19&#8221; Flight Cases Plywood"}]},{"@type":"WebSite","@id":"https:\/\/sxflightcase.com\/th\/#website","url":"https:\/\/sxflightcase.com\/th\/","name":"sxpowercase.com","description":"U\u00e7u\u015f \u00c7antas\u0131 Fabrikas\u0131","publisher":{"@id":"https:\/\/sxflightcase.com\/th\/#organization"},"potentialAction":[{"@type":"SearchAction","target":{"@type":"EntryPoint","urlTemplate":"https:\/\/sxflightcase.com\/th\/?s={search_term_string}"},"query-input":{"@type":"PropertyValueSpecification","valueRequired":true,"valueName":"search_term_string"}}],"inLanguage":"tr"},{"@type":"Organization","@id":"https:\/\/sxflightcase.com\/th\/#organization","name":"sxpowercase.com","url":"https:\/\/sxflightcase.com\/th\/","logo":{"@type":"ImageObject","inLanguage":"tr","@id":"https:\/\/sxflightcase.com\/th\/#\/schema\/logo\/image\/","url":"https:\/\/sxflightcase.com\/wp-content\/uploads\/2024\/04\/1713919036007.jpg","contentUrl":"https:\/\/sxflightcase.com\/wp-content\/uploads\/2024\/04\/1713919036007.jpg","width":382,"height":388,"caption":"sxpowercase.com"},"image":{"@id":"https:\/\/sxflightcase.com\/th\/#\/schema\/logo\/image\/"},"sameAs":["https:\/\/www.facebook.com\/profile.php?id=61560407257971"],"numberOfEmployees":{"@type":"QuantitativeValue","minValue":"11","maxValue":"50"}}]}},"_links":{"self":[{"href":"https:\/\/sxflightcase.com\/tr\/wp-json\/wp\/v2\/product\/1686","targetHints":{"allow":["GET"]}}],"collection":[{"href":"https:\/\/sxflightcase.com\/tr\/wp-json\/wp\/v2\/product"}],"about":[{"href":"https:\/\/sxflightcase.com\/tr\/wp-json\/wp\/v2\/types\/product"}],"replies":[{"embeddable":true,"href":"https:\/\/sxflightcase.com\/tr\/wp-json\/wp\/v2\/comments?post=1686"}],"version-history":[{"count":0,"href":"https:\/\/sxflightcase.com\/tr\/wp-json\/wp\/v2\/product\/1686\/revisions"}],"wp:featuredmedia":[{"embeddable":true,"href":"https:\/\/sxflightcase.com\/tr\/wp-json\/wp\/v2\/media\/1687"}],"wp:attachment":[{"href":"https:\/\/sxflightcase.com\/tr\/wp-json\/wp\/v2\/media?parent=1686"}],"wp:term":[{"taxonomy":"product_brand","embeddable":true,"href":"https:\/\/sxflightcase.com\/tr\/wp-json\/wp\/v2\/product_brand?post=1686"},{"taxonomy":"product_cat","embeddable":true,"href":"https:\/\/sxflightcase.com\/tr\/wp-json\/wp\/v2\/product_cat?post=1686"},{"taxonomy":"product_tag","embeddable":true,"href":"https:\/\/sxflightcase.com\/tr\/wp-json\/wp\/v2\/product_tag?post=1686"}],"curies":[{"name":"wp","href":"https:\/\/api.w.org\/{rel}","templated":true}]}}