{"id":1689,"date":"2024-05-10T04:02:58","date_gmt":"2024-05-10T03:02:58","guid":{"rendered":"https:\/\/sxpowercase.com\/?post_type=product&#038;p=1689"},"modified":"2024-06-25T09:47:31","modified_gmt":"2024-06-25T08:47:31","slug":"19-inch-rack-abs-flight-case","status":"publish","type":"product","link":"https:\/\/sxflightcase.com\/tr\/urun\/19-inc-raf-abs-ucus-kasasi\/","title":{"rendered":"ABS 19 \u0130n\u00e7 Raf U\u00e7u\u015f Kasas\u0131"},"content":{"rendered":"<p><strong>\u00dcr\u00fcn parametresi(spesifikasyonu)<\/strong><\/p>\n<section class=\"table-wrap\">\n<table class=\"table\" width=\"100%\" cellspacing=\"0\" cellpadding=\"0\">\n<tbody>\n<tr class=\"firstRow\">\n<td width=\"134\">\u00dcr\u00fcn ad\u0131:<\/td>\n<td width=\"503\">ABS 19 in\u00e7 raf u\u00e7u\u015f kasas\u0131<\/td>\n<\/tr>\n<tr>\n<td width=\"134\">Malzeme:<\/td>\n<td width=\"503\">ABS panel + Krom\/\u00c7inko kaplamal\u0131 donan\u0131m + Al\u00fcminyum ekstr\u00fczyon<\/td>\n<\/tr>\n<tr>\n<td width=\"134\">K\u00f6p\u00fck astar:<\/td>\n<td width=\"503\">HAYIR<\/td>\n<\/tr>\n<tr>\n<td width=\"134\">Renk:<\/td>\n<td width=\"503\">Siyah(varsay\u0131lan renk)<\/td>\n<\/tr>\n<tr>\n<td width=\"134\">Kur\u015fun zaman\u0131:<\/td>\n<td width=\"503\">\u00d6rnek sipari\u015f 3 g\u00fcn, Normal sipari\u015f 7-15 g\u00fcn<\/td>\n<\/tr>\n<tr>\n<td width=\"134\">Boyut:<\/td>\n<td width=\"503\">Ekipman boyutuna ba\u011fl\u0131d\u0131r<\/td>\n<\/tr>\n<\/tbody>\n<\/table>\n<\/section>\n<p>Kur\u015fun zaman\u0131:<\/p>\n<section class=\"table-wrap\">\n<table class=\"table\" width=\"100%\" cellspacing=\"0\" cellpadding=\"0\">\n<tbody>\n<tr class=\"firstRow\">\n<td>Miktar(Birim)<\/td>\n<td>1 &#8211; 50<\/td>\n<td>&gt;50<\/td>\n<\/tr>\n<tr>\n<td>Tahmini S\u00fcre(g\u00fcn)<\/td>\n<td>5<\/td>\n<td>M\u00fczakere edilecek<\/td>\n<\/tr>\n<\/tbody>\n<\/table>\n<\/section>\n<h1>SX&#039;in ABS 19 \u0130n\u00e7 Raf U\u00e7u\u015f \u00c7antas\u0131 ile \u00dcst\u00fcn Koruma<\/h1>\n<h2>Sa\u011flam ve G\u00fcvenilir<\/h2>\n<p>SX&#039;in ABS 19 \u0130n\u00e7 Raf U\u00e7u\u015f \u00c7antas\u0131, de\u011ferli ekipmanlar\u0131n\u0131z i\u00e7in en \u00fcst d\u00fczey korumay\u0131 sa\u011flamak \u00fczere tasarlanm\u0131\u015ft\u0131r. Dayan\u0131kl\u0131 ABS plastik yap\u0131s\u0131, ekipman\u0131n\u0131z\u0131n ta\u015f\u0131ma s\u0131ras\u0131nda darbelerden, \u00e7izilmelerden ve di\u011fer hasarlardan g\u00fcvende kalmas\u0131n\u0131 sa\u011flar. Bu u\u00e7u\u015f \u00e7antas\u0131, m\u00fczisyenler, ses m\u00fchendisleri ve rafa monte edilmi\u015f ekipman\u0131 g\u00fcvenli bir \u015fekilde ta\u015f\u0131mas\u0131 gereken herkes i\u00e7in m\u00fckemmeldir.<\/p>\n<h2>Maksimum De\u011fer i\u00e7in Fabrika Do\u011frudan Sat\u0131\u015flar\u0131<\/h2>\n<h3>Uygun Fiyatl\u0131 M\u00fckemmellik<\/h3>\n<p>ABS 19 \u0130n\u00e7 Raf U\u00e7u\u015f Kasam\u0131z\u0131 do\u011frudan fabrika sat\u0131\u015flar\u0131 yoluyla sunarak, <a href=\"https:\/\/sxpowercase.com\/\" target=\"_blank\"  rel=\"noopener\" title=\"SX\"  data-wpil-monitor-id=\"469\">SX<\/a> yat\u0131r\u0131m\u0131n\u0131z i\u00e7in en iyi de\u011feri elde etmenizi garanti eder. Arac\u0131y\u0131 atlamak, ekipman\u0131n\u0131z i\u00e7in en y\u00fcksek kalitede korumay\u0131 al\u0131rken paradan tasarruf etmeniz anlam\u0131na gelir. Fabrika do\u011frudan sat\u0131\u015flar\u0131na olan ba\u011fl\u0131l\u0131\u011f\u0131m\u0131z, rekabet\u00e7i fiyatlarla birinci s\u0131n\u0131f kalitenin keyfini \u00e7\u0131karman\u0131z\u0131 sa\u011flar.<\/p>\n<h2>\u0130htiya\u00e7lar\u0131n\u0131za G\u00f6re \u00d6zelle\u015ftirilebilir<\/h2>\n<h3>Ki\u015fiye \u00d6zel \u00c7\u00f6z\u00fcmler<\/h3>\n<p>SX, her profesyonel kurulumun benzersiz oldu\u011funu anlar. Bu nedenle ABS 19 \u0130n\u00e7 Raf U\u00e7u\u015f Kasam\u0131z i\u00e7in \u00f6zelle\u015ftirme hizmetleri sunuyoruz. Belirli boyutlara, ek b\u00f6lmelere veya \u00f6zel \u00f6zelliklere ihtiyac\u0131n\u0131z olsun, kasay\u0131 tam gereksinimlerinizi kar\u015f\u0131layacak \u015fekilde uyarlayabiliriz. Sadece sizin i\u00e7in tasarlanm\u0131\u015f bir u\u00e7u\u015f kasas\u0131n\u0131n rahatl\u0131\u011f\u0131n\u0131 ve g\u00fcvenli\u011fini deneyimleyin.<\/p>\n<h2>Profesyonel \u0130maj\u0131n\u0131z\u0131 Geli\u015ftirin<\/h2>\n<h3>Profesyonel ve G\u00fcvenilir<\/h3>\n<p>SX&#039;in Rack Flight Case&#039;ini kullanmak yaln\u0131zca ekipman\u0131n\u0131z\u0131 korumakla kalmaz, ayn\u0131 zamanda profesyonel imaj\u0131n\u0131z\u0131 da geli\u015ftirir. \u015e\u0131k, sa\u011flam tasar\u0131m, kalite ve g\u00fcvenilirli\u011fe olan ba\u011fl\u0131l\u0131\u011f\u0131n\u0131z\u0131 yans\u0131t\u0131r. M\u00fc\u015fterilerinizi ve meslekta\u015flar\u0131n\u0131z\u0131 hem i\u015flevsellik hem de g\u00f6r\u00fcn\u00fcm a\u00e7\u0131s\u0131ndan beklentileri kar\u015f\u0131layan bir u\u00e7u\u015f \u00e7antas\u0131yla etkileyin ve ekipman\u0131n\u0131z\u0131n her seferinde m\u00fckemmel durumda gelmesini sa\u011flay\u0131n.<\/p>\n<hr \/>\n<p>Rakipsiz koruma, dayan\u0131kl\u0131l\u0131k ve de\u011fer i\u00e7in SX&#039;in ABS U\u00e7u\u015f Kasas\u0131n\u0131 se\u00e7in. Fabrika do\u011frudan sat\u0131\u015f ve \u00f6zelle\u015ftirme se\u00e7eneklerimizi ke\u015ffetmek i\u00e7in bug\u00fcn bizimle ileti\u015fime ge\u00e7in. SX ile ekipman\u0131n\u0131z her zaman en iyi ellerdedir. \u0130\u015finizi y\u00fckseltmek ve ola\u011fan\u00fcst\u00fc u\u00e7u\u015f kasalar\u0131m\u0131zla ekipman\u0131n\u0131z\u0131 korumak i\u00e7in en iyisine yat\u0131r\u0131m yap\u0131n.<\/p>\n<p><strong>SSS<\/strong><\/p>\n<p>1.Kaliteyi nas\u0131l garanti edebiliriz?<\/p>\n<p>Seri \u00fcretime ge\u00e7meden \u00f6nce mutlaka bir \u00f6n \u00fcretim numunesi;<\/p>\n<p>Sevkiyattan \u00f6nce her zaman son muayene;<\/p>\n<p>2.Bizden neler sat\u0131n alabilirsiniz?<\/p>\n<p>G\u00fcvenlik Koruyucu K\u0131l\u0131f, Plastik Su Ge\u00e7irmez Muhafaza, kontrplak Muhafaza<\/p>\n<p>3.Hangi hizmetleri sa\u011flayabiliyoruz?<\/p>\n<p>Kabul Edilen Teslimat \u015eartlar\u0131: FOB, CFR, CIF, EXW, FCA, DDP, DDU, Ekspres Teslimat\uff1b<\/p>\n<p>Kabul Edilen \u00d6deme Para Birimi:USD, EUR, CNY;<\/p>\n<p>Kabul Edilen \u00d6deme T\u00fcr\u00fc: T\/T, L\/C, Western Union;<\/p>\n<p>Konu\u015fulan Dil: \u0130ngilizce, \u00c7ince<\/p>\n<p><strong>Hizmetimiz<\/strong><\/p>\n<p>1. Paketleme ve bask\u0131 \u00fcr\u00fcnleri ihracat alan\u0131nda daha profesyonel hizmet<\/p>\n<p>2.Daha iyi \u00fcretim yetene\u011fi<\/p>\n<p>3. \u00c7e\u015fitli \u00f6deme ko\u015fullar\u0131 se\u00e7ilebilir: T\/T, Western Union<\/p>\n<p>S\u0131cak Etiketler: D\u00fc\u015f\u00fck fiyat, stokta, \u00fccretsiz numune, G\u00fc\u00e7 ve Sinyal Kablosu, 16 \u00d6l\u00e7\u00fc 4 \u0130letkenli Tel, Mikrofon Stand K\u0131l\u0131f\u0131, A\u00e7\u0131k Hava LED Ekran Kabini, Raf Montaj\u0131, 19\u201d Raf Montajl\u0131 Mikser U\u00e7u\u015f K\u0131l\u0131flar\u0131, elektrik da\u011f\u0131t\u0131m kutusu, \u00c7in, tedarik\u00e7iler, fabrika, \u00f6zelle\u015ftirilmi\u015f, toptan sat\u0131\u015f, <span style=\"color: #993366;\"><a style=\"color: #993366;\" href=\"https:\/\/sxflightcase.com\/tr\/product-category\/all-product\/power-distribution-boxes\/\">g\u00fc\u00e7 kutular\u0131<\/a>,\u00a0<a style=\"color: #993366;\" href=\"https:\/\/sxflightcase.com\/tr\/product-category\/all-product\/hoist-controllers\/\">g\u00fc\u00e7 kablolar\u0131<\/a>,\u00a0<a style=\"color: #993366;\" href=\"https:\/\/sxflightcase.com\/tr\/product-category\/all-product\/hoist-controllers\/\">vin\u00e7 kontrol\u00f6rleri<\/a>,\u00a0<a style=\"color: #993366;\" href=\"https:\/\/sxflightcase.com\/tr\/product-category\/all-product\/flight-case\/\">u\u00e7u\u015f vakalar\u0131.<\/a><\/span><\/p>","protected":false},"excerpt":{"rendered":"<h2 class=\"prodetails-name\">19 \u0130n\u00e7 Raf ABS U\u00e7u\u015f Kasas\u0131<\/h2>\n<p>19 in\u00e7 raf ABS u\u00e7u\u015f kasas\u0131, y\u00fcksek darbe direncine sahip, hafif, sa\u011flam ve dayan\u0131kl\u0131 m\u00fchendislik plastiklerinin enjeksiyon kal\u0131plamas\u0131yla yap\u0131l\u0131r. Kasan\u0131n mandal\u0131 y\u00fcksek mukavemetli bir enjeksiyon kal\u0131plama par\u00e7as\u0131d\u0131r ve nispeten b\u00fcy\u00fck bir darbe alsa bile k\u0131r\u0131lmaz olacakt\u0131r.<\/p>\n<h2><strong>\u00dcretim tan\u0131t\u0131m\u0131<\/strong><\/h2>\n<p>Bu 19 in\u00e7 raf ABS u\u00e7u\u015f \u00e7antas\u0131, ABS plastik\/kontrplak laminat, k\u00f6p\u00fck astar, al\u00fcminyum ekstr\u00fczyonlar ve kaliteli donan\u0131mdan yap\u0131lm\u0131\u015f y\u00fcksek kaliteli malzemeler kullan\u0131larak tasarlanm\u0131\u015ft\u0131r.<\/p>","protected":false},"featured_media":1691,"comment_status":"open","ping_status":"closed","template":"","meta":[],"product_brand":[],"product_cat":[35],"product_tag":[47],"class_list":{"0":"post-1689","1":"product","2":"type-product","3":"status-publish","4":"has-post-thumbnail","6":"product_cat-standard-rack-cases","7":"product_tag-abs","9":"first","10":"instock","11":"shipping-taxable","12":"product-type-simple"},"yoast_head":"<!-- This site is optimized with the Yoast SEO Premium plugin v27.1 (Yoast SEO v27.2) - https:\/\/yoast.com\/product\/yoast-seo-premium-wordpress\/ -->\n<title>ABS 19 Inch Rack Flight Case - https:\/\/sxflightcase.com \ud83d\udc97<\/title>\n<meta name=\"description\" content=\"19 Inch Rack ABS Flight Case: Discover our factory-direct options for professional-grade equipment protection and organization.\" \/>\n<meta name=\"robots\" content=\"index, follow, max-snippet:-1, max-image-preview:large, max-video-preview:-1\" \/>\n<link rel=\"canonical\" href=\"https:\/\/sxflightcase.com\/tr\/produkt\/19-tommer-rack-abs-flightcase\/\" \/>\n<meta property=\"og:locale\" content=\"tr_TR\" \/>\n<meta property=\"og:type\" content=\"article\" \/>\n<meta property=\"og:title\" content=\"ABS 19 Inch Rack Flight Case\" \/>\n<meta property=\"og:description\" content=\"19 Inch Rack ABS Flight Case: Discover our factory-direct options for professional-grade equipment protection and organization.\" \/>\n<meta property=\"og:url\" content=\"https:\/\/sxflightcase.com\/tr\/produkt\/19-tommer-rack-abs-flightcase\/\" \/>\n<meta property=\"og:site_name\" content=\"https:\/\/sxflightcase.com\" \/>\n<meta property=\"article:publisher\" content=\"https:\/\/www.facebook.com\/profile.php?id=61560407257971\" \/>\n<meta property=\"article:modified_time\" content=\"2024-06-25T08:47:31+00:00\" \/>\n<meta property=\"og:image\" content=\"https:\/\/sxflightcase.com\/wp-content\/uploads\/2024\/05\/19-inch-rack-abs-flight-case20596276911.webp\" \/>\n\t<meta property=\"og:image:width\" content=\"730\" \/>\n\t<meta property=\"og:image:height\" content=\"730\" \/>\n\t<meta property=\"og:image:type\" content=\"image\/webp\" \/>\n<meta name=\"twitter:card\" content=\"summary_large_image\" \/>\n<meta name=\"twitter:label1\" content=\"Tahmini okuma s\u00fcresi\" \/>\n\t<meta name=\"twitter:data1\" content=\"3 dakika\" \/>\n<script type=\"application\/ld+json\" class=\"yoast-schema-graph\">{\"@context\":\"https:\/\/schema.org\",\"@graph\":[{\"@type\":\"WebPage\",\"@id\":\"https:\/\/sxflightcase.com\/da\/produkt\/19-tommer-rack-abs-flightcase\/\",\"url\":\"https:\/\/sxflightcase.com\/da\/produkt\/19-tommer-rack-abs-flightcase\/\",\"name\":\"ABS 19 Inch Rack Flight Case - https:\/\/sxflightcase.com \ud83d\udc97\",\"isPartOf\":{\"@id\":\"https:\/\/sxflightcase.com\/th\/#website\"},\"primaryImageOfPage\":{\"@id\":\"https:\/\/sxflightcase.com\/da\/produkt\/19-tommer-rack-abs-flightcase\/#primaryimage\"},\"image\":{\"@id\":\"https:\/\/sxflightcase.com\/da\/produkt\/19-tommer-rack-abs-flightcase\/#primaryimage\"},\"thumbnailUrl\":\"https:\/\/sxflightcase.com\/wp-content\/uploads\/2024\/05\/19-inch-rack-abs-flight-case20596276911.webp\",\"datePublished\":\"2024-05-10T03:02:58+00:00\",\"dateModified\":\"2024-06-25T08:47:31+00:00\",\"description\":\"19 Inch Rack ABS Flight Case: Discover our factory-direct options for professional-grade equipment protection and organization.\",\"breadcrumb\":{\"@id\":\"https:\/\/sxflightcase.com\/da\/produkt\/19-tommer-rack-abs-flightcase\/#breadcrumb\"},\"inLanguage\":\"tr\",\"potentialAction\":[{\"@type\":\"ReadAction\",\"target\":[\"https:\/\/sxflightcase.com\/da\/produkt\/19-tommer-rack-abs-flightcase\/\"]}]},{\"@type\":\"ImageObject\",\"inLanguage\":\"tr\",\"@id\":\"https:\/\/sxflightcase.com\/da\/produkt\/19-tommer-rack-abs-flightcase\/#primaryimage\",\"url\":\"https:\/\/sxflightcase.com\/wp-content\/uploads\/2024\/05\/19-inch-rack-abs-flight-case20596276911.webp\",\"contentUrl\":\"https:\/\/sxflightcase.com\/wp-content\/uploads\/2024\/05\/19-inch-rack-abs-flight-case20596276911.webp\",\"width\":730,\"height\":730,\"caption\":\"19 Inch Rack ABS Flight Case\"},{\"@type\":\"BreadcrumbList\",\"@id\":\"https:\/\/sxflightcase.com\/da\/produkt\/19-tommer-rack-abs-flightcase\/#breadcrumb\",\"itemListElement\":[{\"@type\":\"ListItem\",\"position\":1,\"name\":\"Home\",\"item\":\"https:\/\/sxflightcase.com\/\"},{\"@type\":\"ListItem\",\"position\":2,\"name\":\"\u0e2a\u0e34\u0e19\u0e04\u0e49\u0e32\",\"item\":\"https:\/\/sxflightcase.com\/th\/shop\/\"},{\"@type\":\"ListItem\",\"position\":3,\"name\":\"ABS 19 Inch Rack Flight Case\"}]},{\"@type\":\"WebSite\",\"@id\":\"https:\/\/sxflightcase.com\/th\/#website\",\"url\":\"https:\/\/sxflightcase.com\/th\/\",\"name\":\"sxpowercase.com\",\"description\":\"Flight Case Factory\",\"publisher\":{\"@id\":\"https:\/\/sxflightcase.com\/th\/#organization\"},\"potentialAction\":[{\"@type\":\"SearchAction\",\"target\":{\"@type\":\"EntryPoint\",\"urlTemplate\":\"https:\/\/sxflightcase.com\/th\/?s={search_term_string}\"},\"query-input\":{\"@type\":\"PropertyValueSpecification\",\"valueRequired\":true,\"valueName\":\"search_term_string\"}}],\"inLanguage\":\"tr\"},{\"@type\":\"Organization\",\"@id\":\"https:\/\/sxflightcase.com\/th\/#organization\",\"name\":\"sxpowercase.com\",\"url\":\"https:\/\/sxflightcase.com\/th\/\",\"logo\":{\"@type\":\"ImageObject\",\"inLanguage\":\"tr\",\"@id\":\"https:\/\/sxflightcase.com\/th\/#\/schema\/logo\/image\/\",\"url\":\"https:\/\/sxflightcase.com\/wp-content\/uploads\/2024\/04\/1713919036007.jpg\",\"contentUrl\":\"https:\/\/sxflightcase.com\/wp-content\/uploads\/2024\/04\/1713919036007.jpg\",\"width\":382,\"height\":388,\"caption\":\"sxpowercase.com\"},\"image\":{\"@id\":\"https:\/\/sxflightcase.com\/th\/#\/schema\/logo\/image\/\"},\"sameAs\":[\"https:\/\/www.facebook.com\/profile.php?id=61560407257971\"],\"numberOfEmployees\":{\"@type\":\"QuantitativeValue\",\"minValue\":\"11\",\"maxValue\":\"50\"}}]}<\/script>\n<!-- \/ Yoast SEO Premium plugin. -->","yoast_head_json":{"title":"ABS 19 Inch Rack Flight Case - https:\/\/sxflightcase.com \ud83d\udc97","description":"19 \u0130n\u00e7 Raf ABS U\u00e7u\u015f \u00c7antas\u0131: Profesyonel d\u00fczeyde ekipman korumas\u0131 ve organizasyonu i\u00e7in fabrikadan do\u011frudan teslim se\u00e7eneklerimizi ke\u015ffedin.","robots":{"index":"index","follow":"follow","max-snippet":"max-snippet:-1","max-image-preview":"max-image-preview:large","max-video-preview":"max-video-preview:-1"},"canonical":"https:\/\/sxflightcase.com\/tr\/produkt\/19-tommer-rack-abs-flightcase\/","og_locale":"tr_TR","og_type":"article","og_title":"ABS 19 Inch Rack Flight Case","og_description":"19 Inch Rack ABS Flight Case: Discover our factory-direct options for professional-grade equipment protection and organization.","og_url":"https:\/\/sxflightcase.com\/tr\/produkt\/19-tommer-rack-abs-flightcase\/","og_site_name":"https:\/\/sxflightcase.com","article_publisher":"https:\/\/www.facebook.com\/profile.php?id=61560407257971","article_modified_time":"2024-06-25T08:47:31+00:00","og_image":[{"width":730,"height":730,"url":"https:\/\/sxflightcase.com\/wp-content\/uploads\/2024\/05\/19-inch-rack-abs-flight-case20596276911.webp","type":"image\/webp"}],"twitter_card":"summary_large_image","twitter_misc":{"Tahmini okuma s\u00fcresi":"3 dakika"},"schema":{"@context":"https:\/\/schema.org","@graph":[{"@type":"WebPage","@id":"https:\/\/sxflightcase.com\/da\/produkt\/19-tommer-rack-abs-flightcase\/","url":"https:\/\/sxflightcase.com\/da\/produkt\/19-tommer-rack-abs-flightcase\/","name":"ABS 19 Inch Rack Flight Case - https:\/\/sxflightcase.com \ud83d\udc97","isPartOf":{"@id":"https:\/\/sxflightcase.com\/th\/#website"},"primaryImageOfPage":{"@id":"https:\/\/sxflightcase.com\/da\/produkt\/19-tommer-rack-abs-flightcase\/#primaryimage"},"image":{"@id":"https:\/\/sxflightcase.com\/da\/produkt\/19-tommer-rack-abs-flightcase\/#primaryimage"},"thumbnailUrl":"https:\/\/sxflightcase.com\/wp-content\/uploads\/2024\/05\/19-inch-rack-abs-flight-case20596276911.webp","datePublished":"2024-05-10T03:02:58+00:00","dateModified":"2024-06-25T08:47:31+00:00","description":"19 \u0130n\u00e7 Raf ABS U\u00e7u\u015f \u00c7antas\u0131: Profesyonel d\u00fczeyde ekipman korumas\u0131 ve organizasyonu i\u00e7in fabrikadan do\u011frudan teslim se\u00e7eneklerimizi ke\u015ffedin.","breadcrumb":{"@id":"https:\/\/sxflightcase.com\/da\/produkt\/19-tommer-rack-abs-flightcase\/#breadcrumb"},"inLanguage":"tr","potentialAction":[{"@type":"ReadAction","target":["https:\/\/sxflightcase.com\/da\/produkt\/19-tommer-rack-abs-flightcase\/"]}]},{"@type":"ImageObject","inLanguage":"tr","@id":"https:\/\/sxflightcase.com\/da\/produkt\/19-tommer-rack-abs-flightcase\/#primaryimage","url":"https:\/\/sxflightcase.com\/wp-content\/uploads\/2024\/05\/19-inch-rack-abs-flight-case20596276911.webp","contentUrl":"https:\/\/sxflightcase.com\/wp-content\/uploads\/2024\/05\/19-inch-rack-abs-flight-case20596276911.webp","width":730,"height":730,"caption":"19 Inch Rack ABS Flight Case"},{"@type":"BreadcrumbList","@id":"https:\/\/sxflightcase.com\/da\/produkt\/19-tommer-rack-abs-flightcase\/#breadcrumb","itemListElement":[{"@type":"ListItem","position":1,"name":"Home","item":"https:\/\/sxflightcase.com\/"},{"@type":"ListItem","position":2,"name":"\u0e2a\u0e34\u0e19\u0e04\u0e49\u0e32","item":"https:\/\/sxflightcase.com\/th\/shop\/"},{"@type":"ListItem","position":3,"name":"ABS 19 Inch Rack Flight Case"}]},{"@type":"WebSite","@id":"https:\/\/sxflightcase.com\/th\/#website","url":"https:\/\/sxflightcase.com\/th\/","name":"sxpowercase.com","description":"U\u00e7u\u015f \u00c7antas\u0131 Fabrikas\u0131","publisher":{"@id":"https:\/\/sxflightcase.com\/th\/#organization"},"potentialAction":[{"@type":"SearchAction","target":{"@type":"EntryPoint","urlTemplate":"https:\/\/sxflightcase.com\/th\/?s={search_term_string}"},"query-input":{"@type":"PropertyValueSpecification","valueRequired":true,"valueName":"search_term_string"}}],"inLanguage":"tr"},{"@type":"Organization","@id":"https:\/\/sxflightcase.com\/th\/#organization","name":"sxpowercase.com","url":"https:\/\/sxflightcase.com\/th\/","logo":{"@type":"ImageObject","inLanguage":"tr","@id":"https:\/\/sxflightcase.com\/th\/#\/schema\/logo\/image\/","url":"https:\/\/sxflightcase.com\/wp-content\/uploads\/2024\/04\/1713919036007.jpg","contentUrl":"https:\/\/sxflightcase.com\/wp-content\/uploads\/2024\/04\/1713919036007.jpg","width":382,"height":388,"caption":"sxpowercase.com"},"image":{"@id":"https:\/\/sxflightcase.com\/th\/#\/schema\/logo\/image\/"},"sameAs":["https:\/\/www.facebook.com\/profile.php?id=61560407257971"],"numberOfEmployees":{"@type":"QuantitativeValue","minValue":"11","maxValue":"50"}}]}},"_links":{"self":[{"href":"https:\/\/sxflightcase.com\/tr\/wp-json\/wp\/v2\/product\/1689","targetHints":{"allow":["GET"]}}],"collection":[{"href":"https:\/\/sxflightcase.com\/tr\/wp-json\/wp\/v2\/product"}],"about":[{"href":"https:\/\/sxflightcase.com\/tr\/wp-json\/wp\/v2\/types\/product"}],"replies":[{"embeddable":true,"href":"https:\/\/sxflightcase.com\/tr\/wp-json\/wp\/v2\/comments?post=1689"}],"version-history":[{"count":0,"href":"https:\/\/sxflightcase.com\/tr\/wp-json\/wp\/v2\/product\/1689\/revisions"}],"wp:featuredmedia":[{"embeddable":true,"href":"https:\/\/sxflightcase.com\/tr\/wp-json\/wp\/v2\/media\/1691"}],"wp:attachment":[{"href":"https:\/\/sxflightcase.com\/tr\/wp-json\/wp\/v2\/media?parent=1689"}],"wp:term":[{"taxonomy":"product_brand","embeddable":true,"href":"https:\/\/sxflightcase.com\/tr\/wp-json\/wp\/v2\/product_brand?post=1689"},{"taxonomy":"product_cat","embeddable":true,"href":"https:\/\/sxflightcase.com\/tr\/wp-json\/wp\/v2\/product_cat?post=1689"},{"taxonomy":"product_tag","embeddable":true,"href":"https:\/\/sxflightcase.com\/tr\/wp-json\/wp\/v2\/product_tag?post=1689"}],"curies":[{"name":"wp","href":"https:\/\/api.w.org\/{rel}","templated":true}]}}