{"id":1693,"date":"2024-05-10T04:05:31","date_gmt":"2024-05-10T03:05:31","guid":{"rendered":"https:\/\/sxpowercase.com\/?post_type=product&#038;p=1693"},"modified":"2024-06-27T07:27:48","modified_gmt":"2024-06-27T06:27:48","slug":"abs-flight-case","status":"publish","type":"product","link":"https:\/\/sxflightcase.com\/tr\/urun\/abs-ucus-cantasi-2\/","title":{"rendered":"Abs U\u00e7u\u015f K\u0131l\u0131f\u0131"},"content":{"rendered":"<h3><strong>\u00dcr\u00fcn parametresi(spesifikasyonu)<\/strong><\/h3>\n<section class=\"table-wrap\">\n<table class=\"table\" width=\"100%\" cellspacing=\"0\" cellpadding=\"0\">\n<tbody>\n<tr class=\"firstRow\">\n<td width=\"134\">\u00dcr\u00fcn ad\u0131:<\/td>\n<td width=\"503\">Abs u\u00e7u\u015f \u00e7antas\u0131<\/td>\n<\/tr>\n<tr>\n<td width=\"134\">Malzeme:<\/td>\n<td width=\"503\">ABS panel + Krom\/\u00c7inko kaplamal\u0131 donan\u0131m + Al\u00fcminyum ekstr\u00fczyon<\/td>\n<\/tr>\n<tr>\n<td width=\"134\">K\u00f6p\u00fck astar:<\/td>\n<td width=\"503\">HAYIR<\/td>\n<\/tr>\n<tr>\n<td width=\"134\">Renk:<\/td>\n<td width=\"503\">Siyah(varsay\u0131lan renk)<\/td>\n<\/tr>\n<tr>\n<td width=\"134\">Kur\u015fun zaman\u0131:<\/td>\n<td width=\"503\">\u00d6rnek sipari\u015f 3 g\u00fcn, Normal sipari\u015f 7-15 g\u00fcn<\/td>\n<\/tr>\n<tr>\n<td width=\"134\">Boyut:<\/td>\n<td width=\"503\">Ekipman boyutuna ba\u011fl\u0131d\u0131r<\/td>\n<\/tr>\n<\/tbody>\n<\/table>\n<\/section>\n<p>Kur\u015fun zaman\u0131:<\/p>\n<section class=\"table-wrap\">\n<table class=\"table\" width=\"100%\" cellspacing=\"0\" cellpadding=\"0\">\n<tbody>\n<tr class=\"firstRow\">\n<td>Miktar(Birim)<\/td>\n<td>1 &#8211; 50<\/td>\n<td>&gt;50<\/td>\n<\/tr>\n<tr>\n<td>Tahmini S\u00fcre(g\u00fcn)<\/td>\n<td>5<\/td>\n<td>M\u00fczakere edilecek<\/td>\n<\/tr>\n<\/tbody>\n<\/table>\n<\/section>\n<h1>Ekipman\u0131n\u0131z\u0131 SX'in ABS U\u00e7u\u015f \u00c7antas\u0131 ile Koruyun<\/h1>\n<h2>Ekipman\u0131n\u0131z i\u00e7in \u00dcst\u00fcn Koruma<\/h2>\n<p>The <a href=\"https:\/\/sxpowercase.com\/\" target=\"_blank\" rel=\"noopener\" title=\"SX\" data-wpil-monitor-id=\"466\">SX<\/a> ABS U\u00e7u\u015f \u00c7antas\u0131 de\u011ferli ekipmanlar\u0131n\u0131z i\u00e7in benzersiz koruma sa\u011flar. Sa\u011flam ABS plastik ile tasarlanan bu \u00e7anta, ekipman\u0131n\u0131z\u0131n ta\u015f\u0131ma s\u0131ras\u0131nda g\u00fcvende kalmas\u0131n\u0131 sa\u011flar. \u0130ster m\u00fczisyen, ister foto\u011fraf\u00e7\u0131 veya teknisyen olun, SX ABS U\u00e7u\u015f \u00c7antas\u0131 ideal seyahat arkada\u015f\u0131n\u0131zd\u0131r.<\/p>\n<h2>Sa\u011flam ve G\u00fcvenilir<\/h2>\n<h3>Dayan\u0131kl\u0131l\u0131k i\u00e7in \u00dcretildi<\/h3>\n<p>SX'in ABS U\u00e7u\u015f \u00c7antas\u0131 en zorlu ko\u015fullara dayanacak \u015fekilde \u00fcretilmi\u015ftir. Sa\u011flam ABS kabuk darbelere kar\u015f\u0131 diren\u00e7 g\u00f6sterirken, g\u00fc\u00e7lendirilmi\u015f k\u00f6\u015feler ve sa\u011flam kulplar ekstra dayan\u0131kl\u0131l\u0131k sa\u011flar. Bu \u00e7anta, seyahat ko\u015fullar\u0131 ne olursa olsun ekipmanlar\u0131 i\u00e7in g\u00fcvenilir korumaya ihtiya\u00e7 duyan profesyoneller i\u00e7in m\u00fckemmeldir.<\/p>\n<h2>Fabrika Do\u011frudan Sat\u0131\u015f<\/h2>\n<h3>Rakipsiz De\u011fer<\/h3>\n<p>SX olarak ABS U\u00e7u\u015f \u00c7antam\u0131z\u0131 do\u011frudan fabrika sat\u0131\u015f\u0131yla sunuyoruz. Bu, en \u00fcst d\u00fczey kaliteyi rakipsiz bir fiyata alaca\u011f\u0131n\u0131z anlam\u0131na gelir. Arac\u0131lar\u0131 devre d\u0131\u015f\u0131 b\u0131rakarak, en iyi de\u011feri elde etmenizi sa\u011fl\u0131yoruz ve bankay\u0131 bozmadan y\u00fcksek kaliteli korumaya yat\u0131r\u0131m yapman\u0131za olanak tan\u0131yoruz.<\/p>\n<h2>\u00d6zelle\u015ftirme Hizmetleri<\/h2>\n<h3>\u0130htiya\u00e7lar\u0131n\u0131za G\u00f6re Tasarlanm\u0131\u015f<\/h3>\n<p>Her ekipman par\u00e7as\u0131n\u0131n benzersiz oldu\u011funu biliyoruz. Bu nedenle SX, ABS U\u00e7u\u015f \u00c7antam\u0131z i\u00e7in \u00f6zelle\u015ftirme hizmetleri sunmaktad\u0131r. \u0130ster belirli boyutlara, ister i\u00e7 dolguya veya ek b\u00f6lmelere ihtiyac\u0131n\u0131z olsun, \u00e7antay\u0131 tam gereksinimlerinize uyacak \u015fekilde uyarlayabiliriz. \u0130htiya\u00e7lar\u0131n\u0131z\u0131 m\u00fckemmel \u015fekilde kar\u015f\u0131layan bir u\u00e7u\u015f \u00e7antas\u0131n\u0131n keyfini \u00e7\u0131kar\u0131n.<\/p>\n<h2>\u0130\u015finizi Y\u00fckseltin<\/h2>\n<h3>Profesyonel S\u0131n\u0131f<\/h3>\n<p>SX'i Kullanma <a href=\"https:\/\/sxpowercase.com\/flight-case\/\" target=\"_blank\" rel=\"noopener\" data-wpil-monitor-id=\"494\">U\u00e7u\u015f Davas\u0131<\/a> ekipman\u0131n\u0131z\u0131n her zaman g\u00fcvenli ve m\u00fckemmel durumda ula\u015fmas\u0131n\u0131 sa\u011flayarak i\u015finizi geli\u015ftirmenize yard\u0131mc\u0131 olabilir. Profesyonel standartlar\u0131 kar\u015f\u0131layacak \u015fekilde tasarlanan k\u0131l\u0131flar\u0131m\u0131z, her ciddi profesyonel i\u00e7in vazge\u00e7ilmez bir ara\u00e7t\u0131r. Birinci s\u0131n\u0131f k\u0131l\u0131flar\u0131m\u0131zla ekipmanlar\u0131n\u0131z\u0131 koruyun, m\u00fc\u015fterilerinizi etkileyin ve i\u015f operasyonlar\u0131n\u0131z\u0131 geli\u015ftirin.<\/p>\n<hr \/>\n<p>E\u015fsiz koruma, g\u00fcvenilirlik ve de\u011fer i\u00e7in SX'in U\u00e7u\u015f \u00c7antas\u0131n\u0131 se\u00e7in. Do\u011frudan fabrika sat\u0131\u015flar\u0131m\u0131z ve \u00f6zelle\u015ftirme se\u00e7eneklerimiz hakk\u0131nda daha fazla bilgi edinmek i\u00e7in bug\u00fcn bize ula\u015f\u0131n. SX ile ekipman\u0131n\u0131z\u0131n emin ellerde oldu\u011funa g\u00fcvenebilirsiniz. \u00dcst\u00fcn kalite ve ki\u015fiselle\u015ftirilmi\u015f hizmetin i\u015fletmeniz i\u00e7in yaratabilece\u011fi fark\u0131 deneyimleyin.<\/p>\n<p><strong>Hizmetimiz<\/strong><\/p>\n<p>1. Paketleme ve bask\u0131 \u00fcr\u00fcnleri ihracat alan\u0131nda daha profesyonel hizmet<\/p>\n<p>2.Daha iyi \u00fcretim yetene\u011fi<\/p>\n<p>3. \u00c7e\u015fitli \u00f6deme ko\u015fullar\u0131 se\u00e7ilebilir: T\/T, Western Union<\/p>\n<p>S\u0131cak Etiketler: D\u00fc\u015f\u00fck fiyat, stokta, \u00fccretsiz numune, G\u00fc\u00e7 ve Sinyal Kablosu, 16 \u00d6l\u00e7\u00fc 4 \u0130letkenli Tel, Mikrofon Stand K\u0131l\u0131f\u0131, A\u00e7\u0131k Hava LED Ekran Kabini, Raf Montaj\u0131, 19\u201d Raf Montajl\u0131 Mikser U\u00e7u\u015f K\u0131l\u0131flar\u0131, elektrik da\u011f\u0131t\u0131m kutusu, \u00c7in, tedarik\u00e7iler, fabrika, \u00f6zelle\u015ftirilmi\u015f, toptan sat\u0131\u015f, <span style=\"color: #993366;\"><a style=\"color: #993366;\" href=\"https:\/\/sxflightcase.com\/tr\/product-category\/all-product\/power-distribution-boxes\/\">g\u00fc\u00e7 kutular\u0131<\/a>,\u00a0<a style=\"color: #993366;\" href=\"https:\/\/sxflightcase.com\/tr\/product-category\/all-product\/hoist-controllers\/\">g\u00fc\u00e7 kablolar\u0131<\/a>,\u00a0<a style=\"color: #993366;\" href=\"https:\/\/sxflightcase.com\/tr\/product-category\/all-product\/hoist-controllers\/\">vin\u00e7 kontrol\u00f6rleri<\/a>,\u00a0<a style=\"color: #993366;\" href=\"https:\/\/sxflightcase.com\/tr\/product-category\/all-product\/flight-case\/\">u\u00e7u\u015f vakalar\u0131.<\/a><\/span><\/p>","protected":false},"excerpt":{"rendered":"<h2 class=\"prodetails-name\">Abs U\u00e7u\u015f K\u0131l\u0131f\u0131<\/h2>\n<p>Her t\u00fcrl\u00fc u\u00e7u\u015f \u00e7antas\u0131n\u0131n toptanc\u0131s\u0131y\u0131z, asma kilitlenebilir mandall\u0131 abs u\u00e7u\u015f \u00e7antas\u0131n\u0131 tedarik ediyoruz, g\u00f6n\u00fcl rahatl\u0131\u011f\u0131 i\u00e7in g\u00fcvenlik sa\u011fl\u0131yoruz, ak\u0131ll\u0131 istiflenebilir k\u00f6\u015feler, birden fazla kasay\u0131 b\u00fcy\u00fck bir denge ile \u00fcst \u00fcste koyman\u0131za izin veriyor ve g\u00f6mme tutamaklar\u0131n ta\u015f\u0131nmas\u0131 rahat.<\/p>\n<h2><strong>\u00dcretim tan\u0131t\u0131m\u0131<\/strong><\/h2>\n<p>Bu abs u\u00e7u\u015f \u00e7antas\u0131, ABS plastik \/ kontrplak laminat, k\u00f6p\u00fck astar, al\u00fcminyum ekstr\u00fczyonlar ve kaliteli donan\u0131mdan yap\u0131lm\u0131\u015f y\u00fcksek kaliteli malzemeler kullan\u0131larak tasarlanm\u0131\u015ft\u0131r.<\/p>","protected":false},"featured_media":1694,"comment_status":"open","ping_status":"closed","template":"","meta":[],"product_brand":[],"product_cat":[35],"product_tag":[47],"class_list":{"0":"post-1693","1":"product","2":"type-product","3":"status-publish","4":"has-post-thumbnail","6":"product_cat-standard-rack-cases","7":"product_tag-abs","9":"first","10":"instock","11":"shipping-taxable","12":"product-type-simple"},"yoast_head":"<!-- This site is optimized with the Yoast SEO Premium plugin v27.1 (Yoast SEO v27.2) - https:\/\/yoast.com\/product\/yoast-seo-premium-wordpress\/ -->\n<title>Abs Flight Case - https:\/\/sxflightcase.com \ud83d\udc97<\/title>\n<meta name=\"description\" content=\"Abs Flight Case: Discover our factory-direct options, offering professional customization for efficient organization and storage of your equipment.\" \/>\n<meta name=\"robots\" content=\"index, follow, max-snippet:-1, max-image-preview:large, max-video-preview:-1\" \/>\n<link rel=\"canonical\" href=\"https:\/\/sxflightcase.com\/tr\/produit\/flight-case-en-abs-2\/\" \/>\n<meta property=\"og:locale\" content=\"tr_TR\" \/>\n<meta property=\"og:type\" content=\"article\" \/>\n<meta property=\"og:title\" content=\"Abs Flight Case\" \/>\n<meta property=\"og:description\" content=\"Abs Flight Case: Discover our factory-direct options, offering professional customization for efficient organization and storage of your equipment.\" \/>\n<meta property=\"og:url\" content=\"https:\/\/sxflightcase.com\/tr\/produit\/flight-case-en-abs-2\/\" \/>\n<meta property=\"og:site_name\" content=\"https:\/\/sxflightcase.com\" \/>\n<meta property=\"article:publisher\" content=\"https:\/\/www.facebook.com\/profile.php?id=61560407257971\" \/>\n<meta property=\"article:modified_time\" content=\"2024-06-27T06:27:48+00:00\" \/>\n<meta property=\"og:image\" content=\"https:\/\/sxflightcase.com\/wp-content\/uploads\/2024\/05\/abs-flight-case03384556144.webp\" \/>\n\t<meta property=\"og:image:width\" content=\"750\" \/>\n\t<meta property=\"og:image:height\" content=\"750\" \/>\n\t<meta property=\"og:image:type\" content=\"image\/webp\" \/>\n<meta name=\"twitter:card\" content=\"summary_large_image\" \/>\n<meta name=\"twitter:label1\" content=\"Tahmini okuma s\u00fcresi\" \/>\n\t<meta name=\"twitter:data1\" content=\"3 dakika\" \/>\n<script type=\"application\/ld+json\" class=\"yoast-schema-graph\">{\"@context\":\"https:\/\/schema.org\",\"@graph\":[{\"@type\":\"WebPage\",\"@id\":\"https:\/\/sxflightcase.com\/fr\/produit\/flight-case-en-abs-2\/\",\"url\":\"https:\/\/sxflightcase.com\/fr\/produit\/flight-case-en-abs-2\/\",\"name\":\"Abs Flight Case - https:\/\/sxflightcase.com \ud83d\udc97\",\"isPartOf\":{\"@id\":\"https:\/\/sxflightcase.com\/th\/#website\"},\"primaryImageOfPage\":{\"@id\":\"https:\/\/sxflightcase.com\/fr\/produit\/flight-case-en-abs-2\/#primaryimage\"},\"image\":{\"@id\":\"https:\/\/sxflightcase.com\/fr\/produit\/flight-case-en-abs-2\/#primaryimage\"},\"thumbnailUrl\":\"https:\/\/sxflightcase.com\/wp-content\/uploads\/2024\/05\/abs-flight-case03384556144.webp\",\"datePublished\":\"2024-05-10T03:05:31+00:00\",\"dateModified\":\"2024-06-27T06:27:48+00:00\",\"description\":\"Abs Flight Case: Discover our factory-direct options, offering professional customization for efficient organization and storage of your equipment.\",\"breadcrumb\":{\"@id\":\"https:\/\/sxflightcase.com\/fr\/produit\/flight-case-en-abs-2\/#breadcrumb\"},\"inLanguage\":\"tr\",\"potentialAction\":[{\"@type\":\"ReadAction\",\"target\":[\"https:\/\/sxflightcase.com\/fr\/produit\/flight-case-en-abs-2\/\"]}]},{\"@type\":\"ImageObject\",\"inLanguage\":\"tr\",\"@id\":\"https:\/\/sxflightcase.com\/fr\/produit\/flight-case-en-abs-2\/#primaryimage\",\"url\":\"https:\/\/sxflightcase.com\/wp-content\/uploads\/2024\/05\/abs-flight-case03384556144.webp\",\"contentUrl\":\"https:\/\/sxflightcase.com\/wp-content\/uploads\/2024\/05\/abs-flight-case03384556144.webp\",\"width\":750,\"height\":750,\"caption\":\"Abs Flight Case\"},{\"@type\":\"BreadcrumbList\",\"@id\":\"https:\/\/sxflightcase.com\/fr\/produit\/flight-case-en-abs-2\/#breadcrumb\",\"itemListElement\":[{\"@type\":\"ListItem\",\"position\":1,\"name\":\"Home\",\"item\":\"https:\/\/sxflightcase.com\/\"},{\"@type\":\"ListItem\",\"position\":2,\"name\":\"\u0e2a\u0e34\u0e19\u0e04\u0e49\u0e32\",\"item\":\"https:\/\/sxflightcase.com\/th\/shop\/\"},{\"@type\":\"ListItem\",\"position\":3,\"name\":\"Abs Flight Case\"}]},{\"@type\":\"WebSite\",\"@id\":\"https:\/\/sxflightcase.com\/th\/#website\",\"url\":\"https:\/\/sxflightcase.com\/th\/\",\"name\":\"sxpowercase.com\",\"description\":\"Flight Case Factory\",\"publisher\":{\"@id\":\"https:\/\/sxflightcase.com\/th\/#organization\"},\"potentialAction\":[{\"@type\":\"SearchAction\",\"target\":{\"@type\":\"EntryPoint\",\"urlTemplate\":\"https:\/\/sxflightcase.com\/th\/?s={search_term_string}\"},\"query-input\":{\"@type\":\"PropertyValueSpecification\",\"valueRequired\":true,\"valueName\":\"search_term_string\"}}],\"inLanguage\":\"tr\"},{\"@type\":\"Organization\",\"@id\":\"https:\/\/sxflightcase.com\/th\/#organization\",\"name\":\"sxpowercase.com\",\"url\":\"https:\/\/sxflightcase.com\/th\/\",\"logo\":{\"@type\":\"ImageObject\",\"inLanguage\":\"tr\",\"@id\":\"https:\/\/sxflightcase.com\/th\/#\/schema\/logo\/image\/\",\"url\":\"https:\/\/sxflightcase.com\/wp-content\/uploads\/2024\/04\/1713919036007.jpg\",\"contentUrl\":\"https:\/\/sxflightcase.com\/wp-content\/uploads\/2024\/04\/1713919036007.jpg\",\"width\":382,\"height\":388,\"caption\":\"sxpowercase.com\"},\"image\":{\"@id\":\"https:\/\/sxflightcase.com\/th\/#\/schema\/logo\/image\/\"},\"sameAs\":[\"https:\/\/www.facebook.com\/profile.php?id=61560407257971\"],\"numberOfEmployees\":{\"@type\":\"QuantitativeValue\",\"minValue\":\"11\",\"maxValue\":\"50\"}}]}<\/script>\n<!-- \/ Yoast SEO Premium plugin. -->","yoast_head_json":{"title":"Abs Flight Case - https:\/\/sxflightcase.com \ud83d\udc97","description":"Abs U\u00e7u\u015f \u00c7antas\u0131: Ekipman\u0131n\u0131z\u0131n verimli bir \u015fekilde d\u00fczenlenmesi ve depolanmas\u0131 i\u00e7in profesyonel \u00f6zelle\u015ftirme sunan fabrika \u00e7\u0131k\u0131\u015fl\u0131 se\u00e7eneklerimizi ke\u015ffedin.","robots":{"index":"index","follow":"follow","max-snippet":"max-snippet:-1","max-image-preview":"max-image-preview:large","max-video-preview":"max-video-preview:-1"},"canonical":"https:\/\/sxflightcase.com\/tr\/produit\/flight-case-en-abs-2\/","og_locale":"tr_TR","og_type":"article","og_title":"Abs Flight Case","og_description":"Abs Flight Case: Discover our factory-direct options, offering professional customization for efficient organization and storage of your equipment.","og_url":"https:\/\/sxflightcase.com\/tr\/produit\/flight-case-en-abs-2\/","og_site_name":"https:\/\/sxflightcase.com","article_publisher":"https:\/\/www.facebook.com\/profile.php?id=61560407257971","article_modified_time":"2024-06-27T06:27:48+00:00","og_image":[{"width":750,"height":750,"url":"https:\/\/sxflightcase.com\/wp-content\/uploads\/2024\/05\/abs-flight-case03384556144.webp","type":"image\/webp"}],"twitter_card":"summary_large_image","twitter_misc":{"Tahmini okuma s\u00fcresi":"3 dakika"},"schema":{"@context":"https:\/\/schema.org","@graph":[{"@type":"WebPage","@id":"https:\/\/sxflightcase.com\/fr\/produit\/flight-case-en-abs-2\/","url":"https:\/\/sxflightcase.com\/fr\/produit\/flight-case-en-abs-2\/","name":"Abs Flight Case - https:\/\/sxflightcase.com \ud83d\udc97","isPartOf":{"@id":"https:\/\/sxflightcase.com\/th\/#website"},"primaryImageOfPage":{"@id":"https:\/\/sxflightcase.com\/fr\/produit\/flight-case-en-abs-2\/#primaryimage"},"image":{"@id":"https:\/\/sxflightcase.com\/fr\/produit\/flight-case-en-abs-2\/#primaryimage"},"thumbnailUrl":"https:\/\/sxflightcase.com\/wp-content\/uploads\/2024\/05\/abs-flight-case03384556144.webp","datePublished":"2024-05-10T03:05:31+00:00","dateModified":"2024-06-27T06:27:48+00:00","description":"Abs U\u00e7u\u015f \u00c7antas\u0131: Ekipman\u0131n\u0131z\u0131n verimli bir \u015fekilde d\u00fczenlenmesi ve depolanmas\u0131 i\u00e7in profesyonel \u00f6zelle\u015ftirme sunan fabrika \u00e7\u0131k\u0131\u015fl\u0131 se\u00e7eneklerimizi ke\u015ffedin.","breadcrumb":{"@id":"https:\/\/sxflightcase.com\/fr\/produit\/flight-case-en-abs-2\/#breadcrumb"},"inLanguage":"tr","potentialAction":[{"@type":"ReadAction","target":["https:\/\/sxflightcase.com\/fr\/produit\/flight-case-en-abs-2\/"]}]},{"@type":"ImageObject","inLanguage":"tr","@id":"https:\/\/sxflightcase.com\/fr\/produit\/flight-case-en-abs-2\/#primaryimage","url":"https:\/\/sxflightcase.com\/wp-content\/uploads\/2024\/05\/abs-flight-case03384556144.webp","contentUrl":"https:\/\/sxflightcase.com\/wp-content\/uploads\/2024\/05\/abs-flight-case03384556144.webp","width":750,"height":750,"caption":"Abs Flight Case"},{"@type":"BreadcrumbList","@id":"https:\/\/sxflightcase.com\/fr\/produit\/flight-case-en-abs-2\/#breadcrumb","itemListElement":[{"@type":"ListItem","position":1,"name":"Home","item":"https:\/\/sxflightcase.com\/"},{"@type":"ListItem","position":2,"name":"\u0e2a\u0e34\u0e19\u0e04\u0e49\u0e32","item":"https:\/\/sxflightcase.com\/th\/shop\/"},{"@type":"ListItem","position":3,"name":"Abs Flight Case"}]},{"@type":"WebSite","@id":"https:\/\/sxflightcase.com\/th\/#website","url":"https:\/\/sxflightcase.com\/th\/","name":"sxpowercase.com","description":"U\u00e7u\u015f \u00c7antas\u0131 Fabrikas\u0131","publisher":{"@id":"https:\/\/sxflightcase.com\/th\/#organization"},"potentialAction":[{"@type":"SearchAction","target":{"@type":"EntryPoint","urlTemplate":"https:\/\/sxflightcase.com\/th\/?s={search_term_string}"},"query-input":{"@type":"PropertyValueSpecification","valueRequired":true,"valueName":"search_term_string"}}],"inLanguage":"tr"},{"@type":"Organization","@id":"https:\/\/sxflightcase.com\/th\/#organization","name":"sxpowercase.com","url":"https:\/\/sxflightcase.com\/th\/","logo":{"@type":"ImageObject","inLanguage":"tr","@id":"https:\/\/sxflightcase.com\/th\/#\/schema\/logo\/image\/","url":"https:\/\/sxflightcase.com\/wp-content\/uploads\/2024\/04\/1713919036007.jpg","contentUrl":"https:\/\/sxflightcase.com\/wp-content\/uploads\/2024\/04\/1713919036007.jpg","width":382,"height":388,"caption":"sxpowercase.com"},"image":{"@id":"https:\/\/sxflightcase.com\/th\/#\/schema\/logo\/image\/"},"sameAs":["https:\/\/www.facebook.com\/profile.php?id=61560407257971"],"numberOfEmployees":{"@type":"QuantitativeValue","minValue":"11","maxValue":"50"}}]}},"_links":{"self":[{"href":"https:\/\/sxflightcase.com\/tr\/wp-json\/wp\/v2\/product\/1693","targetHints":{"allow":["GET"]}}],"collection":[{"href":"https:\/\/sxflightcase.com\/tr\/wp-json\/wp\/v2\/product"}],"about":[{"href":"https:\/\/sxflightcase.com\/tr\/wp-json\/wp\/v2\/types\/product"}],"replies":[{"embeddable":true,"href":"https:\/\/sxflightcase.com\/tr\/wp-json\/wp\/v2\/comments?post=1693"}],"version-history":[{"count":0,"href":"https:\/\/sxflightcase.com\/tr\/wp-json\/wp\/v2\/product\/1693\/revisions"}],"wp:featuredmedia":[{"embeddable":true,"href":"https:\/\/sxflightcase.com\/tr\/wp-json\/wp\/v2\/media\/1694"}],"wp:attachment":[{"href":"https:\/\/sxflightcase.com\/tr\/wp-json\/wp\/v2\/media?parent=1693"}],"wp:term":[{"taxonomy":"product_brand","embeddable":true,"href":"https:\/\/sxflightcase.com\/tr\/wp-json\/wp\/v2\/product_brand?post=1693"},{"taxonomy":"product_cat","embeddable":true,"href":"https:\/\/sxflightcase.com\/tr\/wp-json\/wp\/v2\/product_cat?post=1693"},{"taxonomy":"product_tag","embeddable":true,"href":"https:\/\/sxflightcase.com\/tr\/wp-json\/wp\/v2\/product_tag?post=1693"}],"curies":[{"name":"wp","href":"https:\/\/api.w.org\/{rel}","templated":true}]}}