{"id":1702,"date":"2024-05-10T04:27:09","date_gmt":"2024-05-10T03:27:09","guid":{"rendered":"https:\/\/sxpowercase.com\/?post_type=product&#038;p=1702"},"modified":"2024-06-14T08:03:45","modified_gmt":"2024-06-14T07:03:45","slug":"lighting-rack-case","status":"publish","type":"product","link":"https:\/\/sxflightcase.com\/tr\/urun\/aydinlatma-rafi-cantasi-2\/","title":{"rendered":"Ayd\u0131nlatma Raf\u0131 \u00c7antas\u0131"},"content":{"rendered":"<h3><strong>\u00dcr\u00fcn parametresi(spesifikasyonu)<\/strong><\/h3>\n<section class=\"table-wrap\">\n<table class=\"table\" width=\"100%\" cellspacing=\"0\" cellpadding=\"0\">\n<tbody>\n<tr class=\"firstRow\">\n<td>\u00dcr\u00fcn ad\u0131<\/td>\n<td>Ayd\u0131nlatma raf\u0131 kutusu<\/td>\n<\/tr>\n<tr>\n<td>Malzeme<\/td>\n<td>Al\u00fcminyum \u00e7er\u00e7eve + Yang\u0131na dayan\u0131kl\u0131 + 12mm Kontrplak<\/td>\n<\/tr>\n<tr>\n<td>\u0130\u00e7eri<\/td>\n<td>Y\u00fcksek yo\u011funluklu darbeye dayan\u0131kl\u0131 k\u00f6p\u00fck<\/td>\n<\/tr>\n<tr>\n<td>Boyut<\/td>\n<td>\u00d6zelle\u015ftirilebilir<\/td>\n<\/tr>\n<tr>\n<td>Aksesuarlar<\/td>\n<td>D\u00f6rt kelebek kilit, kolay ta\u015f\u0131ma i\u00e7in d\u00f6rt tekerlek, d\u00f6rt g\u00fc\u00e7l\u00fc tutamak<\/td>\n<\/tr>\n<tr>\n<td>Gelenek<\/td>\n<td>Al\u00fcminyum kasan\u0131n malzemesi, boyutu, i\u00e7 dolgular\u0131, kulplar\u0131, kilitleri ve benzeri gibi her t\u00fcrl\u00fc \u00f6zelle\u015ftirme memnuniyetle kar\u015f\u0131lanmaktad\u0131r.<\/td>\n<\/tr>\n<tr>\n<td>\u00d6rnekleme zaman\u0131<\/td>\n<td>Yakla\u015f\u0131k 3-5 i\u015f g\u00fcn\u00fc<\/td>\n<\/tr>\n<tr>\n<td>Resmi sipari\u015f s\u00fcresi<\/td>\n<td>yakla\u015f\u0131k 15-20 g\u00fcn<\/td>\n<\/tr>\n<tr>\n<td>Paketleme<\/td>\n<td>Kabarc\u0131kl\u0131 torba +karton<\/td>\n<\/tr>\n<\/tbody>\n<\/table>\n<\/section>\n<p><strong>\u00dcr\u00fcn \u00f6zelli\u011fi ve uygulama<\/strong><\/p>\n<p>\u0130ster sahne g\u00f6sterileri ve tiyatro, ister film ve TV veya mimari i\u00e7in olsun, ayd\u0131nlatma a\u011f\u0131r, hassas, depolanmas\u0131 zor ve de\u011fi\u015ftirilmesi pahal\u0131 olabilir. <a class=\"wpil_keyword_link\" href=\"https:\/\/sxpowercase.com\/product-category\/all-product\/flight-case\/\" target=\"_blank\" rel=\"noopener\" title=\"u\u00e7u\u015f durumu\" data-wpil-keyword-link=\"linked\" data-wpil-monitor-id=\"408\">u\u00e7u\u015f durumu<\/a> t\u00fcm bu sorunlar\u0131 \u00e7\u00f6zecektir.<\/p>\n<p><img decoding=\"async\" title=\"1\" src=\"https:\/\/www.sxprocase.com\/Content\/uploads\/2021794209\/20210624112420da3df5ad56c64e14aa51e8d7a74b14aa.jpg\" alt=\"1\" \/><\/p>\n<p><strong>\u00dcretim detaylar\u0131<\/strong><\/p>\n<p><img decoding=\"async\" title=\"_MG_6743\" src=\"https:\/\/www.sxprocase.com\/Content\/uploads\/2021794209\/2021062411241239305641545f4d76940a059b0763885b.jpg\" \/><\/p>\n<p><img decoding=\"async\" title=\"144264-015\" src=\"https:\/\/www.sxprocase.com\/Content\/uploads\/2021794209\/20210624112412ad80be4ea75f447b99a3e9e724d4f174.jpg\" \/><\/p>\n<p><img decoding=\"async\" title=\"ayd\u0131nlatma u\u00e7u\u015f \u00e7antas\u0131\" src=\"https:\/\/www.sxprocase.com\/Content\/uploads\/2021794209\/202106241124130d9ed75d0f314ba389a2f0bee14bbf47.jpg\" \/><\/p>\n<p><strong>Paketleme ve g\u00f6nderim<\/strong><\/p>\n<section class=\"table-wrap\">\n<table class=\"table\" width=\"100%\" cellspacing=\"0\" cellpadding=\"0\">\n<tbody>\n<tr class=\"firstRow\">\n<td colspan=\"3\" width=\"100%\">Paketleme ve Kargolama<\/td>\n<\/tr>\n<tr>\n<td rowspan=\"3\" width=\"33%\">Kargo S\u00fcresi<\/td>\n<td width=\"33%\">Deniz yoluyla<\/td>\n<td width=\"33%\">15-60 g\u00fcn<\/td>\n<\/tr>\n<tr>\n<td width=\"33%\">Hava yoluyla<\/td>\n<td width=\"33%\">4-9 g\u00fcn<\/td>\n<\/tr>\n<tr>\n<td width=\"33%\">Ekspres ile<\/td>\n<td width=\"33%\">4-9 g\u00fcn<\/td>\n<\/tr>\n<tr>\n<td width=\"33%\">Teslimat s\u00fcresi<\/td>\n<td colspan=\"2\" width=\"66%\">7-15 \u00e7al\u0131\u015fma veya ihtiya\u00e7lar\u0131n\u0131za g\u00f6re<\/td>\n<\/tr>\n<tr>\n<td width=\"33%\">Ambalajlama<\/td>\n<td colspan=\"2\" width=\"66%\">Karton veya iste\u011finize g\u00f6re<\/td>\n<\/tr>\n<\/tbody>\n<\/table>\n<\/section>\n<p><strong>Hakk\u0131m\u0131zda daha fazlas\u0131<\/strong><\/p>\n<p>D\u00fcr\u00fcstl\u00fck, profesyonellik, m\u00fc\u015fterilerin g\u00fcvenini kazanmak i\u00e7in m\u00fckemmel fiyat felsefesi ile y\u0131llar boyunca, \u00fcr\u00fcnler t\u00fcm \u00fclkede ve yurtd\u0131\u015f\u0131nda sat\u0131lmaktad\u0131r, biz hala t\u00fcm m\u00fc\u015fterilere \"profesyonel d\u00f6k\u00fcm kalitesi, b\u00fct\u00fcnl\u00fck ba\u015far\u0131 de\u011feri\" do\u011frultusunda.<\/p>\n<p><strong>\u00dcretim ak\u0131\u015f\u0131<\/strong><\/p>\n<p><img decoding=\"async\" title=\"2\" src=\"https:\/\/www.sxprocase.com\/Content\/uploads\/2021794209\/20210624112358acdb1995a8b84c9381b95906f4f15bd4.jpg\" alt=\"2\" \/><\/p>\n<p><strong>SSS<\/strong><\/p>\n<p>S: \u015eirketiniz ka\u00e7 farkl\u0131 t\u00fcrde \u00fcr\u00fcn \u00fcretiyor?<\/p>\n<p>C: \u015eimdi 1.000'den fazla \u00fcr\u00fcn\u00fcm\u00fcz var. OEM'in g\u00fc\u00e7l\u00fc bir avantaj\u0131na sahibiz, sadece bize ger\u00e7ek \u00fcr\u00fcnleri veya istedi\u011finiz fikrinizi verin, sizin i\u00e7in \u00fcretece\u011fiz.<\/p>\n<p>S: Minimum Sipari\u015f Miktar\u0131n\u0131z (MOQ) nedir?<\/p>\n<p>A: E\u011fer \u00fcr\u00fcnler stoklar\u0131m\u0131zda varsa, MOQ olmayacakt\u0131r. E\u011fer \u00fcretmemiz gerekirse, m\u00fc\u015fterinin kesin durumuna g\u00f6re MOQ&#039;u g\u00f6r\u00fc\u015febiliriz.<\/p>\n<p>S: Teslimat s\u00fcreniz ne kadard\u0131r?<\/p>\n<p>C: Genel teslimat s\u00fcresi, sipari\u015f onay\u0131n\u0131z\u0131 ald\u0131ktan sonra 15-20 g\u00fcnd\u00fcr. Ayr\u0131ca, stoklar\u0131m\u0131zda mal varsa, sadece 1-2 g\u00fcn s\u00fcrecektir.<\/p>\n<p>S\u0131cak Etiketler: D\u00fc\u015f\u00fck fiyat, stokta, \u00fccretsiz numune, G\u00fc\u00e7 ve Sinyal Kablosu, 16 \u00d6l\u00e7\u00fc 4 \u0130letkenli Tel, Mikrofon Stand K\u0131l\u0131f\u0131, A\u00e7\u0131k Hava LED Ekran Kabini, Raf Montaj\u0131, 19\u201d Raf Montajl\u0131 Mikser U\u00e7u\u015f K\u0131l\u0131flar\u0131, elektrik da\u011f\u0131t\u0131m kutusu, \u00c7in, tedarik\u00e7iler, fabrika, \u00f6zelle\u015ftirilmi\u015f, toptan sat\u0131\u015f, <span style=\"color: #993366;\"><a style=\"color: #993366;\" href=\"https:\/\/sxflightcase.com\/tr\/product-category\/all-product\/power-distribution-boxes\/\">g\u00fc\u00e7 kutular\u0131<\/a>,\u00a0<a style=\"color: #993366;\" href=\"https:\/\/sxflightcase.com\/tr\/product-category\/all-product\/hoist-controllers\/\">g\u00fc\u00e7 kablolar\u0131<\/a>,\u00a0<a style=\"color: #993366;\" href=\"https:\/\/sxflightcase.com\/tr\/product-category\/all-product\/hoist-controllers\/\">vin\u00e7 kontrol\u00f6rleri<\/a>,\u00a0<a style=\"color: #993366;\" href=\"https:\/\/sxflightcase.com\/tr\/product-category\/all-product\/flight-case\/\">u\u00e7u\u015f vakalar\u0131.<\/a><\/span><\/p>","protected":false},"excerpt":{"rendered":"<h2 class=\"prodetails-name\">Ayd\u0131nlatma Raf\u0131 \u00c7antas\u0131<\/h2>\n<p>Sekt\u00f6rdeki profesyonellerin hareketli kafalar\u0131n\u0131 veya benzerlerini g\u00fcvenli bir \u015fekilde ta\u015f\u0131malar\u0131 ve saklamalar\u0131 i\u00e7in bir dizi sa\u011flam seyahat \u00e7\u00f6z\u00fcm\u00fc sunmaktan mutluluk duyuyoruz. Y\u0131llar boyunca, sevdi\u011finiz \u0131\u015f\u0131klar\u0131n\u0131z\u0131 herhangi bir hasar korkusu olmadan ta\u015f\u0131mak i\u00e7in m\u00fckemmel \u00e7\u00f6z\u00fcm\u00fc tasarlamak i\u00e7in saatler harcad\u0131k.<\/p>\n<h2><strong>\u00dcretim tan\u0131t\u0131m\u0131<\/strong><\/h2>\n<p>Ayd\u0131nlatma raf\u0131 kutusu<\/p>\n<p>- G\u00fc\u00e7l\u00fc u\u00e7u\u015f yol \u00e7antas\u0131 kolay kilitlenen ge\u00e7me ve dil<\/p>\n<p>- 9\/12mm yanmaz lamine kontrplak<\/p>\n<p>- \u00c7ift ankraj per\u00e7inleri Y\u00fcksek yo\u011funluklu k\u00f6p\u00fck i\u00e7 destek ve muhafaza<\/p>\n<p>- G\u00f6mme yayl\u0131 kollar her iki tarafta a\u011f\u0131r ve g\u00fc\u00e7l\u00fc \u00e7elik bilyal\u0131 k\u00f6\u015feler<\/p>","protected":false},"featured_media":1703,"comment_status":"open","ping_status":"closed","template":"","meta":[],"product_brand":[],"product_cat":[41],"product_tag":[],"class_list":{"0":"post-1702","1":"product","2":"type-product","3":"status-publish","4":"has-post-thumbnail","6":"product_cat-equipment-cases","8":"first","9":"instock","10":"shipping-taxable","11":"product-type-simple"},"yoast_head":"<!-- This site is optimized with the Yoast SEO Premium plugin v27.1 (Yoast SEO v27.2) - https:\/\/yoast.com\/product\/yoast-seo-premium-wordpress\/ -->\n<title>Lighting Rack Case - https:\/\/sxflightcase.com \ud83d\udc97<\/title>\n<meta name=\"description\" content=\"Lighting Rack Case: Explore factory-direct sales and professional customization options for organizing and protecting your lighting equipment efficiently\" \/>\n<meta name=\"robots\" content=\"index, follow, max-snippet:-1, max-image-preview:large, max-video-preview:-1\" \/>\n<link rel=\"canonical\" href=\"https:\/\/sxflightcase.com\/tr\/produto\/caixa-de-iluminacao\/\" \/>\n<meta property=\"og:locale\" content=\"tr_TR\" \/>\n<meta property=\"og:type\" content=\"article\" \/>\n<meta property=\"og:title\" content=\"Lighting Rack Case\" \/>\n<meta property=\"og:description\" content=\"Lighting Rack Case: Explore factory-direct sales and professional customization options for organizing and protecting your lighting equipment efficiently\" \/>\n<meta property=\"og:url\" content=\"https:\/\/sxflightcase.com\/tr\/produto\/caixa-de-iluminacao\/\" \/>\n<meta property=\"og:site_name\" content=\"https:\/\/sxflightcase.com\" \/>\n<meta property=\"article:publisher\" content=\"https:\/\/www.facebook.com\/profile.php?id=61560407257971\" \/>\n<meta property=\"article:modified_time\" content=\"2024-06-14T07:03:45+00:00\" \/>\n<meta property=\"og:image\" content=\"https:\/\/sxflightcase.com\/wp-content\/uploads\/2024\/05\/lighting-rack-case24311635813.webp\" \/>\n\t<meta property=\"og:image:width\" content=\"750\" \/>\n\t<meta property=\"og:image:height\" content=\"750\" \/>\n\t<meta property=\"og:image:type\" content=\"image\/webp\" \/>\n<meta name=\"twitter:card\" content=\"summary_large_image\" \/>\n<meta name=\"twitter:label1\" content=\"Tahmini okuma s\u00fcresi\" \/>\n\t<meta name=\"twitter:data1\" content=\"4 dakika\" \/>\n<script type=\"application\/ld+json\" class=\"yoast-schema-graph\">{\"@context\":\"https:\/\/schema.org\",\"@graph\":[{\"@type\":\"WebPage\",\"@id\":\"https:\/\/sxflightcase.com\/pt\/produto\/caixa-de-iluminacao\/\",\"url\":\"https:\/\/sxflightcase.com\/pt\/produto\/caixa-de-iluminacao\/\",\"name\":\"Lighting Rack Case - https:\/\/sxflightcase.com \ud83d\udc97\",\"isPartOf\":{\"@id\":\"https:\/\/sxflightcase.com\/th\/#website\"},\"primaryImageOfPage\":{\"@id\":\"https:\/\/sxflightcase.com\/pt\/produto\/caixa-de-iluminacao\/#primaryimage\"},\"image\":{\"@id\":\"https:\/\/sxflightcase.com\/pt\/produto\/caixa-de-iluminacao\/#primaryimage\"},\"thumbnailUrl\":\"https:\/\/sxflightcase.com\/wp-content\/uploads\/2024\/05\/lighting-rack-case24311635813.webp\",\"datePublished\":\"2024-05-10T03:27:09+00:00\",\"dateModified\":\"2024-06-14T07:03:45+00:00\",\"description\":\"Lighting Rack Case: Explore factory-direct sales and professional customization options for organizing and protecting your lighting equipment efficiently\",\"breadcrumb\":{\"@id\":\"https:\/\/sxflightcase.com\/pt\/produto\/caixa-de-iluminacao\/#breadcrumb\"},\"inLanguage\":\"tr\",\"potentialAction\":[{\"@type\":\"ReadAction\",\"target\":[\"https:\/\/sxflightcase.com\/pt\/produto\/caixa-de-iluminacao\/\"]}]},{\"@type\":\"ImageObject\",\"inLanguage\":\"tr\",\"@id\":\"https:\/\/sxflightcase.com\/pt\/produto\/caixa-de-iluminacao\/#primaryimage\",\"url\":\"https:\/\/sxflightcase.com\/wp-content\/uploads\/2024\/05\/lighting-rack-case24311635813.webp\",\"contentUrl\":\"https:\/\/sxflightcase.com\/wp-content\/uploads\/2024\/05\/lighting-rack-case24311635813.webp\",\"width\":750,\"height\":750,\"caption\":\"Lighting Rack Case\"},{\"@type\":\"BreadcrumbList\",\"@id\":\"https:\/\/sxflightcase.com\/pt\/produto\/caixa-de-iluminacao\/#breadcrumb\",\"itemListElement\":[{\"@type\":\"ListItem\",\"position\":1,\"name\":\"Home\",\"item\":\"https:\/\/sxflightcase.com\/\"},{\"@type\":\"ListItem\",\"position\":2,\"name\":\"\u0e2a\u0e34\u0e19\u0e04\u0e49\u0e32\",\"item\":\"https:\/\/sxflightcase.com\/th\/shop\/\"},{\"@type\":\"ListItem\",\"position\":3,\"name\":\"Lighting Rack Case\"}]},{\"@type\":\"WebSite\",\"@id\":\"https:\/\/sxflightcase.com\/th\/#website\",\"url\":\"https:\/\/sxflightcase.com\/th\/\",\"name\":\"sxpowercase.com\",\"description\":\"Flight Case Factory\",\"publisher\":{\"@id\":\"https:\/\/sxflightcase.com\/th\/#organization\"},\"potentialAction\":[{\"@type\":\"SearchAction\",\"target\":{\"@type\":\"EntryPoint\",\"urlTemplate\":\"https:\/\/sxflightcase.com\/th\/?s={search_term_string}\"},\"query-input\":{\"@type\":\"PropertyValueSpecification\",\"valueRequired\":true,\"valueName\":\"search_term_string\"}}],\"inLanguage\":\"tr\"},{\"@type\":\"Organization\",\"@id\":\"https:\/\/sxflightcase.com\/th\/#organization\",\"name\":\"sxpowercase.com\",\"url\":\"https:\/\/sxflightcase.com\/th\/\",\"logo\":{\"@type\":\"ImageObject\",\"inLanguage\":\"tr\",\"@id\":\"https:\/\/sxflightcase.com\/th\/#\/schema\/logo\/image\/\",\"url\":\"https:\/\/sxflightcase.com\/wp-content\/uploads\/2024\/04\/1713919036007.jpg\",\"contentUrl\":\"https:\/\/sxflightcase.com\/wp-content\/uploads\/2024\/04\/1713919036007.jpg\",\"width\":382,\"height\":388,\"caption\":\"sxpowercase.com\"},\"image\":{\"@id\":\"https:\/\/sxflightcase.com\/th\/#\/schema\/logo\/image\/\"},\"sameAs\":[\"https:\/\/www.facebook.com\/profile.php?id=61560407257971\"],\"numberOfEmployees\":{\"@type\":\"QuantitativeValue\",\"minValue\":\"11\",\"maxValue\":\"50\"}}]}<\/script>\n<!-- \/ Yoast SEO Premium plugin. -->","yoast_head_json":{"title":"Lighting Rack Case - https:\/\/sxflightcase.com \ud83d\udc97","description":"Ayd\u0131nlatma Raf\u0131 \u00c7antas\u0131: Ayd\u0131nlatma ekipman\u0131n\u0131z\u0131 verimli bir \u015fekilde d\u00fczenlemek ve korumak i\u00e7in fabrikadan do\u011frudan sat\u0131\u015f ve profesyonel \u00f6zelle\u015ftirme se\u00e7eneklerini ke\u015ffedin","robots":{"index":"index","follow":"follow","max-snippet":"max-snippet:-1","max-image-preview":"max-image-preview:large","max-video-preview":"max-video-preview:-1"},"canonical":"https:\/\/sxflightcase.com\/tr\/produto\/caixa-de-iluminacao\/","og_locale":"tr_TR","og_type":"article","og_title":"Lighting Rack Case","og_description":"Lighting Rack Case: Explore factory-direct sales and professional customization options for organizing and protecting your lighting equipment efficiently","og_url":"https:\/\/sxflightcase.com\/tr\/produto\/caixa-de-iluminacao\/","og_site_name":"https:\/\/sxflightcase.com","article_publisher":"https:\/\/www.facebook.com\/profile.php?id=61560407257971","article_modified_time":"2024-06-14T07:03:45+00:00","og_image":[{"width":750,"height":750,"url":"https:\/\/sxflightcase.com\/wp-content\/uploads\/2024\/05\/lighting-rack-case24311635813.webp","type":"image\/webp"}],"twitter_card":"summary_large_image","twitter_misc":{"Tahmini okuma s\u00fcresi":"4 dakika"},"schema":{"@context":"https:\/\/schema.org","@graph":[{"@type":"WebPage","@id":"https:\/\/sxflightcase.com\/pt\/produto\/caixa-de-iluminacao\/","url":"https:\/\/sxflightcase.com\/pt\/produto\/caixa-de-iluminacao\/","name":"Lighting Rack Case - https:\/\/sxflightcase.com \ud83d\udc97","isPartOf":{"@id":"https:\/\/sxflightcase.com\/th\/#website"},"primaryImageOfPage":{"@id":"https:\/\/sxflightcase.com\/pt\/produto\/caixa-de-iluminacao\/#primaryimage"},"image":{"@id":"https:\/\/sxflightcase.com\/pt\/produto\/caixa-de-iluminacao\/#primaryimage"},"thumbnailUrl":"https:\/\/sxflightcase.com\/wp-content\/uploads\/2024\/05\/lighting-rack-case24311635813.webp","datePublished":"2024-05-10T03:27:09+00:00","dateModified":"2024-06-14T07:03:45+00:00","description":"Ayd\u0131nlatma Raf\u0131 \u00c7antas\u0131: Ayd\u0131nlatma ekipman\u0131n\u0131z\u0131 verimli bir \u015fekilde d\u00fczenlemek ve korumak i\u00e7in fabrikadan do\u011frudan sat\u0131\u015f ve profesyonel \u00f6zelle\u015ftirme se\u00e7eneklerini ke\u015ffedin","breadcrumb":{"@id":"https:\/\/sxflightcase.com\/pt\/produto\/caixa-de-iluminacao\/#breadcrumb"},"inLanguage":"tr","potentialAction":[{"@type":"ReadAction","target":["https:\/\/sxflightcase.com\/pt\/produto\/caixa-de-iluminacao\/"]}]},{"@type":"ImageObject","inLanguage":"tr","@id":"https:\/\/sxflightcase.com\/pt\/produto\/caixa-de-iluminacao\/#primaryimage","url":"https:\/\/sxflightcase.com\/wp-content\/uploads\/2024\/05\/lighting-rack-case24311635813.webp","contentUrl":"https:\/\/sxflightcase.com\/wp-content\/uploads\/2024\/05\/lighting-rack-case24311635813.webp","width":750,"height":750,"caption":"Lighting Rack Case"},{"@type":"BreadcrumbList","@id":"https:\/\/sxflightcase.com\/pt\/produto\/caixa-de-iluminacao\/#breadcrumb","itemListElement":[{"@type":"ListItem","position":1,"name":"Home","item":"https:\/\/sxflightcase.com\/"},{"@type":"ListItem","position":2,"name":"\u0e2a\u0e34\u0e19\u0e04\u0e49\u0e32","item":"https:\/\/sxflightcase.com\/th\/shop\/"},{"@type":"ListItem","position":3,"name":"Lighting Rack Case"}]},{"@type":"WebSite","@id":"https:\/\/sxflightcase.com\/th\/#website","url":"https:\/\/sxflightcase.com\/th\/","name":"sxpowercase.com","description":"U\u00e7u\u015f \u00c7antas\u0131 Fabrikas\u0131","publisher":{"@id":"https:\/\/sxflightcase.com\/th\/#organization"},"potentialAction":[{"@type":"SearchAction","target":{"@type":"EntryPoint","urlTemplate":"https:\/\/sxflightcase.com\/th\/?s={search_term_string}"},"query-input":{"@type":"PropertyValueSpecification","valueRequired":true,"valueName":"search_term_string"}}],"inLanguage":"tr"},{"@type":"Organization","@id":"https:\/\/sxflightcase.com\/th\/#organization","name":"sxpowercase.com","url":"https:\/\/sxflightcase.com\/th\/","logo":{"@type":"ImageObject","inLanguage":"tr","@id":"https:\/\/sxflightcase.com\/th\/#\/schema\/logo\/image\/","url":"https:\/\/sxflightcase.com\/wp-content\/uploads\/2024\/04\/1713919036007.jpg","contentUrl":"https:\/\/sxflightcase.com\/wp-content\/uploads\/2024\/04\/1713919036007.jpg","width":382,"height":388,"caption":"sxpowercase.com"},"image":{"@id":"https:\/\/sxflightcase.com\/th\/#\/schema\/logo\/image\/"},"sameAs":["https:\/\/www.facebook.com\/profile.php?id=61560407257971"],"numberOfEmployees":{"@type":"QuantitativeValue","minValue":"11","maxValue":"50"}}]}},"_links":{"self":[{"href":"https:\/\/sxflightcase.com\/tr\/wp-json\/wp\/v2\/product\/1702","targetHints":{"allow":["GET"]}}],"collection":[{"href":"https:\/\/sxflightcase.com\/tr\/wp-json\/wp\/v2\/product"}],"about":[{"href":"https:\/\/sxflightcase.com\/tr\/wp-json\/wp\/v2\/types\/product"}],"replies":[{"embeddable":true,"href":"https:\/\/sxflightcase.com\/tr\/wp-json\/wp\/v2\/comments?post=1702"}],"version-history":[{"count":0,"href":"https:\/\/sxflightcase.com\/tr\/wp-json\/wp\/v2\/product\/1702\/revisions"}],"wp:featuredmedia":[{"embeddable":true,"href":"https:\/\/sxflightcase.com\/tr\/wp-json\/wp\/v2\/media\/1703"}],"wp:attachment":[{"href":"https:\/\/sxflightcase.com\/tr\/wp-json\/wp\/v2\/media?parent=1702"}],"wp:term":[{"taxonomy":"product_brand","embeddable":true,"href":"https:\/\/sxflightcase.com\/tr\/wp-json\/wp\/v2\/product_brand?post=1702"},{"taxonomy":"product_cat","embeddable":true,"href":"https:\/\/sxflightcase.com\/tr\/wp-json\/wp\/v2\/product_cat?post=1702"},{"taxonomy":"product_tag","embeddable":true,"href":"https:\/\/sxflightcase.com\/tr\/wp-json\/wp\/v2\/product_tag?post=1702"}],"curies":[{"name":"wp","href":"https:\/\/api.w.org\/{rel}","templated":true}]}}