{"id":1706,"date":"2024-05-10T04:32:41","date_gmt":"2024-05-10T03:32:41","guid":{"rendered":"https:\/\/sxpowercase.com\/?post_type=product&#038;p=1706"},"modified":"2024-06-27T07:27:47","modified_gmt":"2024-06-27T06:27:47","slug":"moving-head-flight-case","status":"publish","type":"product","link":"https:\/\/sxflightcase.com\/tr\/urun\/hareketli-kafa-ucus-cantasi-2\/","title":{"rendered":"Hareketli Kafa U\u00e7u\u015f \u00c7antas\u0131"},"content":{"rendered":"<p><strong>\u00dcr\u00fcn parametresi(spesifikasyonu)<\/strong><\/p>\n<section class=\"table-wrap\">\n<table class=\"table\" width=\"100%\" cellspacing=\"0\" cellpadding=\"0\">\n<tbody>\n<tr class=\"firstRow\">\n<td>\u00dcr\u00fcn ad\u0131<\/td>\n<td>Hareketli kafa <a class=\"wpil_keyword_link\" title=\"u\u00e7u\u015f durumu\" href=\"https:\/\/sxpowercase.com\/product-category\/all-product\/flight-case\/\" target=\"_blank\" rel=\"noopener\" data-wpil-keyword-link=\"linked\" data-wpil-monitor-id=\"409\">u\u00e7u\u015f durumu<\/a><\/td>\n<\/tr>\n<tr>\n<td>Malzeme<\/td>\n<td>Al\u00fcminyum \u00e7er\u00e7eve + Yang\u0131na dayan\u0131kl\u0131 + 12mm Kontrplak<\/td>\n<\/tr>\n<tr>\n<td>\u0130\u00e7eri<\/td>\n<td>Y\u00fcksek yo\u011funluklu darbeye dayan\u0131kl\u0131 k\u00f6p\u00fck<\/td>\n<\/tr>\n<tr>\n<td>Boyut<\/td>\n<td>\u00d6zelle\u015ftirilebilir<\/td>\n<\/tr>\n<tr>\n<td>Aksesuarlar<\/td>\n<td>D\u00f6rt kelebek kilit, kolay ta\u015f\u0131ma i\u00e7in d\u00f6rt tekerlek, d\u00f6rt g\u00fc\u00e7l\u00fc tutamak<\/td>\n<\/tr>\n<tr>\n<td>Gelenek<\/td>\n<td>Al\u00fcminyum kasan\u0131n malzemesi, boyutu, i\u00e7 dolgular\u0131, kulplar\u0131, kilitleri ve benzeri gibi her t\u00fcrl\u00fc \u00f6zelle\u015ftirme memnuniyetle kar\u015f\u0131lanmaktad\u0131r.<\/td>\n<\/tr>\n<tr>\n<td>\u00d6rnekleme zaman\u0131<\/td>\n<td>Yakla\u015f\u0131k 3-5 i\u015f g\u00fcn\u00fc<\/td>\n<\/tr>\n<tr>\n<td>Resmi sipari\u015f s\u00fcresi<\/td>\n<td>yakla\u015f\u0131k 15-20 g\u00fcn<\/td>\n<\/tr>\n<tr>\n<td>Paketleme<\/td>\n<td>Kabarc\u0131kl\u0131 torba +karton<\/td>\n<\/tr>\n<\/tbody>\n<\/table>\n<\/section>\n<p><strong>Paketleme ve g\u00f6nderim<\/strong><\/p>\n<section class=\"table-wrap\">\n<table class=\"table\" width=\"100%\" cellspacing=\"0\" cellpadding=\"0\">\n<tbody>\n<tr class=\"firstRow\">\n<td colspan=\"3\" width=\"100%\">Paketleme ve Kargolama<\/td>\n<\/tr>\n<tr>\n<td rowspan=\"3\" width=\"33%\">Kargo S\u00fcresi<\/td>\n<td width=\"33%\">Deniz yoluyla<\/td>\n<td width=\"33%\">15-60 g\u00fcn<\/td>\n<\/tr>\n<tr>\n<td width=\"33%\">Hava yoluyla<\/td>\n<td width=\"33%\">4-9 g\u00fcn<\/td>\n<\/tr>\n<tr>\n<td width=\"33%\">Ekspres ile<\/td>\n<td width=\"33%\">4-9 g\u00fcn<\/td>\n<\/tr>\n<tr>\n<td width=\"33%\">Teslimat s\u00fcresi<\/td>\n<td colspan=\"2\" width=\"66%\">7-15 \u00e7al\u0131\u015fma veya ihtiya\u00e7lar\u0131n\u0131za g\u00f6re<\/td>\n<\/tr>\n<tr>\n<td width=\"33%\">Ambalajlama<\/td>\n<td colspan=\"2\" width=\"66%\">Karton veya iste\u011finize g\u00f6re<\/td>\n<\/tr>\n<\/tbody>\n<\/table>\n<\/section>\n<h1>Ayd\u0131nlatma Ekipman\u0131n\u0131z\u0131 SX'in Hareketli Kafa U\u00e7u\u015f \u00c7antas\u0131 ile Koruyun<\/h1>\n<h2>Hareketli Farlar\u0131n\u0131z i\u00e7in \u00dcst\u00fcn Koruma<\/h2>\n<p>The <a href=\"https:\/\/sxpowercase.com\/\" target=\"_blank\" rel=\"noopener\" title=\"SX\" data-wpil-monitor-id=\"468\">SX<\/a> Hareketli Kafa U\u00e7u\u015f \u00c7antas\u0131, de\u011ferli hareketli kafa lambalar\u0131n\u0131z i\u00e7in benzersiz koruma sa\u011flar. Y\u00fcksek kaliteli malzemelerle \u00fcretilen bu <a href=\"https:\/\/sxpowercase.com\/flight-case\/\" target=\"_blank\" rel=\"noopener\" data-wpil-monitor-id=\"493\">u\u00e7u\u015f \u00e7antas\u0131 ekipman\u0131n\u0131z\u0131n g\u00fcvende kalmas\u0131n\u0131 sa\u011flar<\/a> ve ta\u015f\u0131ma s\u0131ras\u0131nda g\u00fcvenlidir. \u0130ster profesyonel bir DJ, ister turne yapan bir m\u00fczisyen ya da sahne teknisyeni olun, SX Hareketli Kafa U\u00e7u\u015f \u00c7antas\u0131 ayd\u0131nlatma ekipman\u0131n\u0131z\u0131 korumak i\u00e7in m\u00fckemmel bir \u00e7\u00f6z\u00fcmd\u00fcr.<\/p>\n<h2>Dayan\u0131kl\u0131 ve G\u00fcvenilir<\/h2>\n<h3>Zorluklara Dayanacak \u015eekilde \u00dcretildi<\/h3>\n<p>SX'in Hareketli Kafa U\u00e7u\u015f \u00c7antas\u0131 uzun \u00f6m\u00fcrl\u00fc olacak \u015fekilde \u00fcretilmi\u015ftir. Sa\u011flam yap\u0131s\u0131, maksimum dayan\u0131kl\u0131l\u0131k sa\u011flayan g\u00fc\u00e7lendirilmi\u015f k\u00f6\u015feler ve a\u011f\u0131r hizmet mandallar\u0131 i\u00e7erir. Sa\u011flam d\u0131\u015f y\u00fczey ekipman\u0131n\u0131z\u0131 darbelere kar\u015f\u0131 korurken, \u00f6zel k\u00f6p\u00fck i\u00e7 k\u0131s\u0131m \u0131\u015f\u0131klar\u0131n\u0131z\u0131 g\u00fcvende ve yast\u0131kl\u0131 tutar. Bu u\u00e7u\u015f \u00e7antas\u0131, s\u0131k seyahat etmenin zorluklar\u0131na dayanacak \u015fekilde tasarlanm\u0131\u015ft\u0131r ve ekipman\u0131n\u0131z\u0131n her zaman korunmas\u0131n\u0131 sa\u011flar.<\/p>\n<h2>Ola\u011fan\u00fcst\u00fc De\u011fer i\u00e7in Fabrika Do\u011frudan Sat\u0131\u015flar\u0131<\/h2>\n<h3>Uygun Fiyatl\u0131 Kalite<\/h3>\n<p>SX olarak, Hareketli Kafa U\u00e7u\u015f \u00c7antam\u0131z\u0131 do\u011frudan fabrika sat\u0131\u015flar\u0131 yoluyla sunarak ola\u011fan\u00fcst\u00fc bir de\u011fer elde etmenizi sa\u011fl\u0131yoruz. Arac\u0131lar\u0131 ortadan kald\u0131rarak, tasarruflar\u0131 do\u011frudan size aktar\u0131yoruz. Bu sayede ayd\u0131nlatma ekipman\u0131n\u0131z i\u00e7in rekabet\u00e7i bir fiyatla birinci s\u0131n\u0131f korumaya yat\u0131r\u0131m yapabilir, kaliteden \u00f6d\u00fcn vermeden b\u00fct\u00e7enizi en \u00fcst d\u00fczeye \u00e7\u0131karabilirsiniz.<\/p>\n<h2>\u0130htiya\u00e7lar\u0131n\u0131za Uygun \u00d6zelle\u015ftirme Hizmetleri<\/h2>\n<h3>Ki\u015fiye \u00d6zel \u00c7\u00f6z\u00fcmler<\/h3>\n<p>Her sahne kurulumu benzersizdir ve ihtiya\u00e7lar\u0131n\u0131z da \u00f6yle. SX, Hareketli Kafa U\u00e7u\u015f \u00c7antam\u0131z i\u00e7in \u00f6zelle\u015ftirme hizmetleri sunarak \u00e7antay\u0131 \u00f6zel gereksinimlerinize g\u00f6re uyarlaman\u0131za olanak tan\u0131r. \u00d6zel boyutlardan \u00f6zel b\u00f6lmelere kadar, u\u00e7u\u015f \u00e7antan\u0131z\u0131n ekipman\u0131n\u0131za m\u00fckemmel \u015fekilde uymas\u0131n\u0131 sa\u011fl\u0131yoruz. Sadece sizin i\u00e7in tasarlanm\u0131\u015f \u00f6zel yap\u0131m bir \u00e7antan\u0131n rahatl\u0131\u011f\u0131n\u0131 ve g\u00fcvenli\u011fini ya\u015fay\u0131n.<\/p>\n<h2>Profesyonel \u0130maj\u0131n\u0131z\u0131 Geli\u015ftirin<\/h2>\n<h3>Profesyonellik ve G\u00fcvenilirlik<\/h3>\n<p>SX'in Hareketli Kafa U\u00e7u\u015f \u00c7antas\u0131n\u0131 kullanmak yaln\u0131zca ekipman\u0131n\u0131z\u0131 korumakla kalmaz, ayn\u0131 zamanda profesyonel imaj\u0131n\u0131z\u0131 da geli\u015ftirir. G\u00fcvenilir ve \u015f\u0131k u\u00e7u\u015f \u00e7antam\u0131z, ekipman\u0131n\u0131z\u0131n bozulmam\u0131\u015f durumda ula\u015fmas\u0131n\u0131 sa\u011flayarak hem m\u00fc\u015fterileri hem de izleyicileri etkiler. \u0130\u015finizin kalitesini ve markan\u0131z\u0131n profesyonelli\u011fini yans\u0131tan bir \u00e7anta ile i\u015f operasyonlar\u0131n\u0131z\u0131 y\u00fckseltin.<\/p>\n<hr \/>\n<p>\u00dcst\u00fcn koruma, dayan\u0131kl\u0131l\u0131k ve de\u011fer i\u00e7in SX'in U\u00e7u\u015f \u00c7antas\u0131n\u0131 se\u00e7in. Do\u011frudan fabrika sat\u0131\u015flar\u0131m\u0131z ve \u00f6zelle\u015ftirme se\u00e7eneklerimiz hakk\u0131nda daha fazla bilgi edinmek i\u00e7in bug\u00fcn bize ula\u015f\u0131n. SX ile, hareketli farlar\u0131n\u0131z\u0131n m\u00fcmk\u00fcn olan en iyi ellerde oldu\u011funa g\u00fcvenebilirsiniz. \u00dcst\u00fcn korumaya yat\u0131r\u0131m yap\u0131n ve birinci s\u0131n\u0131f u\u00e7u\u015f \u00e7antalar\u0131m\u0131zla i\u015finizi y\u00fckseltin.<\/p>\n<p><strong>SSS<\/strong><\/p>\n<p>S: \u015eirketiniz ka\u00e7 farkl\u0131 t\u00fcrde \u00fcr\u00fcn \u00fcretiyor?<\/p>\n<p>C: \u015eimdi 1.000'den fazla \u00fcr\u00fcn\u00fcm\u00fcz var. OEM'in g\u00fc\u00e7l\u00fc bir avantaj\u0131na sahibiz, sadece bize ger\u00e7ek \u00fcr\u00fcnleri veya istedi\u011finiz fikrinizi verin, sizin i\u00e7in \u00fcretece\u011fiz.<\/p>\n<p>S: Kendi ambalaj\u0131m\u0131z\u0131 yapabilir misiniz?<\/p>\n<p>A: Evet, sadece paket tasar\u0131m\u0131n\u0131 sa\u011flay\u0131n ve biz istedi\u011finizi \u00fcretelim. Ayr\u0131ca profesyonel tasar\u0131mc\u0131m\u0131z paketleme tasar\u0131m\u0131n\u0131 yapman\u0131za yard\u0131mc\u0131 olabilir.<\/p>\n<p>S: Hangi \u00f6deme \u015feklini kabul edebilirsiniz?<\/p>\n<p>A: T \/ T, Western Union, vb. Herhangi bir uygun ve h\u0131zl\u0131 \u00f6deme ko\u015fulunu kabul ediyoruz.<\/p>\n<p>S\u0131cak Etiketler: D\u00fc\u015f\u00fck fiyat, stokta, \u00fccretsiz numune, G\u00fc\u00e7 ve Sinyal Kablosu, 16 Gauge 4 \u0130letken Tel, Mikrofon Stand\u0131 \u00c7antas\u0131, D\u0131\u015f Mekan Led Ekran Kabini, Raf Montaj\u0131, 19 \"Rafa Monte Mikser U\u00e7u\u015f Kutular\u0131 \uff0c elektrik da\u011f\u0131t\u0131m kutusu, \u00c7in, tedarik\u00e7iler, fabrika, \u00f6zelle\u015ftirilmi\u015f, toptan sat\u0131\u015f, Hareketli Kafa U\u00e7u\u015f \u00c7antas\u0131,<span style=\"color: #993366;\"><a style=\"color: #993366;\" href=\"https:\/\/sxflightcase.com\/tr\/product-category\/all-product\/power-distribution-boxes\/\">g\u00fc\u00e7<\/a><\/span> kutular,\u00a0<a style=\"color: #993366;\" href=\"https:\/\/sxflightcase.com\/tr\/product-category\/all-product\/hoist-controllers\/\">g\u00fc\u00e7 kablolar\u0131<\/a>,\u00a0<a style=\"color: #993366;\" href=\"https:\/\/sxflightcase.com\/tr\/product-category\/all-product\/hoist-controllers\/\">vin\u00e7 kontrol\u00f6rleri<\/a>,<\/p>","protected":false},"excerpt":{"rendered":"<h2 class=\"prodetails-name\">Hareketli Kafa U\u00e7u\u015f \u00c7antas\u0131<\/h2>\n<p>Sekt\u00f6rdeki profesyonellerin hareketli kafalar\u0131n\u0131 veya benzerlerini g\u00fcvenli bir \u015fekilde ta\u015f\u0131malar\u0131 ve saklamalar\u0131 i\u00e7in bir dizi sa\u011flam seyahat \u00e7\u00f6z\u00fcm\u00fc sunmaktan mutluluk duyuyoruz. Y\u0131llar boyunca, sevdi\u011finiz \u0131\u015f\u0131klar\u0131n\u0131z\u0131 herhangi bir hasar korkusu olmadan ta\u015f\u0131mak i\u00e7in m\u00fckemmel \u00e7\u00f6z\u00fcm\u00fc tasarlamak i\u00e7in saatler harcad\u0131k.<\/p>\n<h2><strong>\u00dcretim tan\u0131t\u0131m\u0131<\/strong><\/h2>\n<p>Hareketli kafa <a class=\"wpil_keyword_link\" title=\"u\u00e7u\u015f durumu\" href=\"https:\/\/sxpowercase.com\/product-category\/all-product\/flight-case\/\" target=\"_blank\" rel=\"noopener\" data-wpil-keyword-link=\"linked\" data-wpil-monitor-id=\"410\">u\u00e7u\u015f durumu<\/a><\/p>\n<p>- Tip Mente\u015feli Kapak<\/p>\n<p>- Malzeme: 9mm siyah yanmaz lamine tahta. Di\u011fer renkler mevcuttur (g\u00f6rmek i\u00e7in sepete ekleyin)<\/p>\n<p>- \u0130\u00e7 Boyutlar: Hareketli kafan\u0131za uyacak \u015fekilde \u00f6zel olarak \u00fcretilmi\u015ftir<\/p>\n<p>- D\u0131\u015f Boyutlar: Hareketli kafan\u0131za uyacak \u015fekilde \u00f6zel olarak \u00fcretilmi\u015ftir<\/p>\n<p>- K\u00f6p\u00fck: 20mm y\u00fcksek yo\u011funluklu k\u00f6p\u00fck ile kaplanm\u0131\u015f k\u00f6p\u00fck<\/p>\n<p>- A\u011f\u0131r hizmet tipi Penn Elcom veya kendi ba\u011flant\u0131 par\u00e7alar\u0131<\/p>\n<p>- 100mm'lik bir b\u00f6lme ile donat\u0131lm\u0131\u015f merkezi b\u00f6lme<\/p>\n<p>- Tekerlekler: 100mm Tekerlekler tak\u0131l\u0131 (x2 frenli)<\/p>","protected":false},"featured_media":1707,"comment_status":"open","ping_status":"closed","template":"","meta":[],"product_brand":[],"product_cat":[41],"product_tag":[],"class_list":{"0":"post-1706","1":"product","2":"type-product","3":"status-publish","4":"has-post-thumbnail","6":"product_cat-equipment-cases","8":"first","9":"instock","10":"shipping-taxable","11":"product-type-simple"},"yoast_head":"<!-- This site is optimized with the Yoast SEO Premium plugin v27.1 (Yoast SEO v27.2) - https:\/\/yoast.com\/product\/yoast-seo-premium-wordpress\/ -->\n<title>Moving Head Flight Case - https:\/\/sxflightcase.com \ud83d\udc97<\/title>\n<meta name=\"description\" content=\"Moving Head Flight Case: Explore factory-direct sales and professional customization options for organizing and protecting your lighting equipment efficiently.\" \/>\n<meta name=\"robots\" content=\"index, follow, max-snippet:-1, max-image-preview:large, max-video-preview:-1\" \/>\n<link rel=\"canonical\" href=\"https:\/\/sxflightcase.com\/tr\/\u88fd\u54c1\/\u30e0\u30fc\u30d3\u30f3\u30b0\u30d8\u30c3\u30c9\u30fb\u30d5\u30e9\u30a4\u30c8\u30b1\u30fc\u30b9\/\" \/>\n<meta property=\"og:locale\" content=\"tr_TR\" \/>\n<meta property=\"og:type\" content=\"article\" \/>\n<meta property=\"og:title\" content=\"Moving Head Flight Case\" \/>\n<meta property=\"og:description\" content=\"Moving Head Flight Case: Explore factory-direct sales and professional customization options for organizing and protecting your lighting equipment efficiently.\" \/>\n<meta property=\"og:url\" content=\"https:\/\/sxflightcase.com\/tr\/\u88fd\u54c1\/\u30e0\u30fc\u30d3\u30f3\u30b0\u30d8\u30c3\u30c9\u30fb\u30d5\u30e9\u30a4\u30c8\u30b1\u30fc\u30b9\/\" \/>\n<meta property=\"og:site_name\" content=\"https:\/\/sxflightcase.com\" \/>\n<meta property=\"article:publisher\" content=\"https:\/\/www.facebook.com\/profile.php?id=61560407257971\" \/>\n<meta property=\"article:modified_time\" content=\"2024-06-27T06:27:47+00:00\" \/>\n<meta property=\"og:image\" content=\"https:\/\/sxflightcase.com\/wp-content\/uploads\/2024\/05\/moving-head-flight-case21176673442.jpg\" \/>\n\t<meta property=\"og:image:width\" content=\"700\" \/>\n\t<meta property=\"og:image:height\" content=\"700\" \/>\n\t<meta property=\"og:image:type\" content=\"image\/jpeg\" \/>\n<meta name=\"twitter:card\" content=\"summary_large_image\" \/>\n<meta name=\"twitter:label1\" content=\"Tahmini okuma s\u00fcresi\" \/>\n\t<meta name=\"twitter:data1\" content=\"4 dakika\" \/>\n<script type=\"application\/ld+json\" class=\"yoast-schema-graph\">{\"@context\":\"https:\/\/schema.org\",\"@graph\":[{\"@type\":\"WebPage\",\"@id\":\"https:\/\/sxflightcase.com\/ja\/\u88fd\u54c1\/\u30e0\u30fc\u30d3\u30f3\u30b0\u30d8\u30c3\u30c9\u30fb\u30d5\u30e9\u30a4\u30c8\u30b1\u30fc\u30b9\/\",\"url\":\"https:\/\/sxflightcase.com\/ja\/\u88fd\u54c1\/\u30e0\u30fc\u30d3\u30f3\u30b0\u30d8\u30c3\u30c9\u30fb\u30d5\u30e9\u30a4\u30c8\u30b1\u30fc\u30b9\/\",\"name\":\"Moving Head Flight Case - https:\/\/sxflightcase.com \ud83d\udc97\",\"isPartOf\":{\"@id\":\"https:\/\/sxflightcase.com\/th\/#website\"},\"primaryImageOfPage\":{\"@id\":\"https:\/\/sxflightcase.com\/ja\/\u88fd\u54c1\/\u30e0\u30fc\u30d3\u30f3\u30b0\u30d8\u30c3\u30c9\u30fb\u30d5\u30e9\u30a4\u30c8\u30b1\u30fc\u30b9\/#primaryimage\"},\"image\":{\"@id\":\"https:\/\/sxflightcase.com\/ja\/\u88fd\u54c1\/\u30e0\u30fc\u30d3\u30f3\u30b0\u30d8\u30c3\u30c9\u30fb\u30d5\u30e9\u30a4\u30c8\u30b1\u30fc\u30b9\/#primaryimage\"},\"thumbnailUrl\":\"https:\/\/sxflightcase.com\/wp-content\/uploads\/2024\/05\/moving-head-flight-case21176673442.jpg\",\"datePublished\":\"2024-05-10T03:32:41+00:00\",\"dateModified\":\"2024-06-27T06:27:47+00:00\",\"description\":\"Moving Head Flight Case: Explore factory-direct sales and professional customization options for organizing and protecting your lighting equipment efficiently.\",\"breadcrumb\":{\"@id\":\"https:\/\/sxflightcase.com\/ja\/\u88fd\u54c1\/\u30e0\u30fc\u30d3\u30f3\u30b0\u30d8\u30c3\u30c9\u30fb\u30d5\u30e9\u30a4\u30c8\u30b1\u30fc\u30b9\/#breadcrumb\"},\"inLanguage\":\"tr\",\"potentialAction\":[{\"@type\":\"ReadAction\",\"target\":[\"https:\/\/sxflightcase.com\/ja\/\u88fd\u54c1\/\u30e0\u30fc\u30d3\u30f3\u30b0\u30d8\u30c3\u30c9\u30fb\u30d5\u30e9\u30a4\u30c8\u30b1\u30fc\u30b9\/\"]}]},{\"@type\":\"ImageObject\",\"inLanguage\":\"tr\",\"@id\":\"https:\/\/sxflightcase.com\/ja\/\u88fd\u54c1\/\u30e0\u30fc\u30d3\u30f3\u30b0\u30d8\u30c3\u30c9\u30fb\u30d5\u30e9\u30a4\u30c8\u30b1\u30fc\u30b9\/#primaryimage\",\"url\":\"https:\/\/sxflightcase.com\/wp-content\/uploads\/2024\/05\/moving-head-flight-case21176673442.jpg\",\"contentUrl\":\"https:\/\/sxflightcase.com\/wp-content\/uploads\/2024\/05\/moving-head-flight-case21176673442.jpg\",\"width\":700,\"height\":700,\"caption\":\"Moving Head Flight Case\"},{\"@type\":\"BreadcrumbList\",\"@id\":\"https:\/\/sxflightcase.com\/ja\/\u88fd\u54c1\/\u30e0\u30fc\u30d3\u30f3\u30b0\u30d8\u30c3\u30c9\u30fb\u30d5\u30e9\u30a4\u30c8\u30b1\u30fc\u30b9\/#breadcrumb\",\"itemListElement\":[{\"@type\":\"ListItem\",\"position\":1,\"name\":\"Home\",\"item\":\"https:\/\/sxflightcase.com\/\"},{\"@type\":\"ListItem\",\"position\":2,\"name\":\"\u0e2a\u0e34\u0e19\u0e04\u0e49\u0e32\",\"item\":\"https:\/\/sxflightcase.com\/th\/shop\/\"},{\"@type\":\"ListItem\",\"position\":3,\"name\":\"Moving Head Flight Case\"}]},{\"@type\":\"WebSite\",\"@id\":\"https:\/\/sxflightcase.com\/th\/#website\",\"url\":\"https:\/\/sxflightcase.com\/th\/\",\"name\":\"sxpowercase.com\",\"description\":\"Flight Case Factory\",\"publisher\":{\"@id\":\"https:\/\/sxflightcase.com\/th\/#organization\"},\"potentialAction\":[{\"@type\":\"SearchAction\",\"target\":{\"@type\":\"EntryPoint\",\"urlTemplate\":\"https:\/\/sxflightcase.com\/th\/?s={search_term_string}\"},\"query-input\":{\"@type\":\"PropertyValueSpecification\",\"valueRequired\":true,\"valueName\":\"search_term_string\"}}],\"inLanguage\":\"tr\"},{\"@type\":\"Organization\",\"@id\":\"https:\/\/sxflightcase.com\/th\/#organization\",\"name\":\"sxpowercase.com\",\"url\":\"https:\/\/sxflightcase.com\/th\/\",\"logo\":{\"@type\":\"ImageObject\",\"inLanguage\":\"tr\",\"@id\":\"https:\/\/sxflightcase.com\/th\/#\/schema\/logo\/image\/\",\"url\":\"https:\/\/sxflightcase.com\/wp-content\/uploads\/2024\/04\/1713919036007.jpg\",\"contentUrl\":\"https:\/\/sxflightcase.com\/wp-content\/uploads\/2024\/04\/1713919036007.jpg\",\"width\":382,\"height\":388,\"caption\":\"sxpowercase.com\"},\"image\":{\"@id\":\"https:\/\/sxflightcase.com\/th\/#\/schema\/logo\/image\/\"},\"sameAs\":[\"https:\/\/www.facebook.com\/profile.php?id=61560407257971\"],\"numberOfEmployees\":{\"@type\":\"QuantitativeValue\",\"minValue\":\"11\",\"maxValue\":\"50\"}}]}<\/script>\n<!-- \/ Yoast SEO Premium plugin. -->","yoast_head_json":{"title":"Moving Head Flight Case - https:\/\/sxflightcase.com \ud83d\udc97","description":"Hareketli Kafa U\u00e7u\u015f \u00c7antas\u0131: Ayd\u0131nlatma ekipman\u0131n\u0131z\u0131 verimli bir \u015fekilde d\u00fczenlemek ve korumak i\u00e7in fabrikadan do\u011frudan sat\u0131\u015f ve profesyonel \u00f6zelle\u015ftirme se\u00e7eneklerini ke\u015ffedin.","robots":{"index":"index","follow":"follow","max-snippet":"max-snippet:-1","max-image-preview":"max-image-preview:large","max-video-preview":"max-video-preview:-1"},"canonical":"https:\/\/sxflightcase.com\/tr\/\u88fd\u54c1\/\u30e0\u30fc\u30d3\u30f3\u30b0\u30d8\u30c3\u30c9\u30fb\u30d5\u30e9\u30a4\u30c8\u30b1\u30fc\u30b9\/","og_locale":"tr_TR","og_type":"article","og_title":"Moving Head Flight Case","og_description":"Moving Head Flight Case: Explore factory-direct sales and professional customization options for organizing and protecting your lighting equipment efficiently.","og_url":"https:\/\/sxflightcase.com\/tr\/\u88fd\u54c1\/\u30e0\u30fc\u30d3\u30f3\u30b0\u30d8\u30c3\u30c9\u30fb\u30d5\u30e9\u30a4\u30c8\u30b1\u30fc\u30b9\/","og_site_name":"https:\/\/sxflightcase.com","article_publisher":"https:\/\/www.facebook.com\/profile.php?id=61560407257971","article_modified_time":"2024-06-27T06:27:47+00:00","og_image":[{"width":700,"height":700,"url":"https:\/\/sxflightcase.com\/wp-content\/uploads\/2024\/05\/moving-head-flight-case21176673442.jpg","type":"image\/jpeg"}],"twitter_card":"summary_large_image","twitter_misc":{"Tahmini okuma s\u00fcresi":"4 dakika"},"schema":{"@context":"https:\/\/schema.org","@graph":[{"@type":"WebPage","@id":"https:\/\/sxflightcase.com\/ja\/\u88fd\u54c1\/\u30e0\u30fc\u30d3\u30f3\u30b0\u30d8\u30c3\u30c9\u30fb\u30d5\u30e9\u30a4\u30c8\u30b1\u30fc\u30b9\/","url":"https:\/\/sxflightcase.com\/ja\/\u88fd\u54c1\/\u30e0\u30fc\u30d3\u30f3\u30b0\u30d8\u30c3\u30c9\u30fb\u30d5\u30e9\u30a4\u30c8\u30b1\u30fc\u30b9\/","name":"Moving Head Flight Case - https:\/\/sxflightcase.com \ud83d\udc97","isPartOf":{"@id":"https:\/\/sxflightcase.com\/th\/#website"},"primaryImageOfPage":{"@id":"https:\/\/sxflightcase.com\/ja\/\u88fd\u54c1\/\u30e0\u30fc\u30d3\u30f3\u30b0\u30d8\u30c3\u30c9\u30fb\u30d5\u30e9\u30a4\u30c8\u30b1\u30fc\u30b9\/#primaryimage"},"image":{"@id":"https:\/\/sxflightcase.com\/ja\/\u88fd\u54c1\/\u30e0\u30fc\u30d3\u30f3\u30b0\u30d8\u30c3\u30c9\u30fb\u30d5\u30e9\u30a4\u30c8\u30b1\u30fc\u30b9\/#primaryimage"},"thumbnailUrl":"https:\/\/sxflightcase.com\/wp-content\/uploads\/2024\/05\/moving-head-flight-case21176673442.jpg","datePublished":"2024-05-10T03:32:41+00:00","dateModified":"2024-06-27T06:27:47+00:00","description":"Hareketli Kafa U\u00e7u\u015f \u00c7antas\u0131: Ayd\u0131nlatma ekipman\u0131n\u0131z\u0131 verimli bir \u015fekilde d\u00fczenlemek ve korumak i\u00e7in fabrikadan do\u011frudan sat\u0131\u015f ve profesyonel \u00f6zelle\u015ftirme se\u00e7eneklerini ke\u015ffedin.","breadcrumb":{"@id":"https:\/\/sxflightcase.com\/ja\/\u88fd\u54c1\/\u30e0\u30fc\u30d3\u30f3\u30b0\u30d8\u30c3\u30c9\u30fb\u30d5\u30e9\u30a4\u30c8\u30b1\u30fc\u30b9\/#breadcrumb"},"inLanguage":"tr","potentialAction":[{"@type":"ReadAction","target":["https:\/\/sxflightcase.com\/ja\/\u88fd\u54c1\/\u30e0\u30fc\u30d3\u30f3\u30b0\u30d8\u30c3\u30c9\u30fb\u30d5\u30e9\u30a4\u30c8\u30b1\u30fc\u30b9\/"]}]},{"@type":"ImageObject","inLanguage":"tr","@id":"https:\/\/sxflightcase.com\/ja\/\u88fd\u54c1\/\u30e0\u30fc\u30d3\u30f3\u30b0\u30d8\u30c3\u30c9\u30fb\u30d5\u30e9\u30a4\u30c8\u30b1\u30fc\u30b9\/#primaryimage","url":"https:\/\/sxflightcase.com\/wp-content\/uploads\/2024\/05\/moving-head-flight-case21176673442.jpg","contentUrl":"https:\/\/sxflightcase.com\/wp-content\/uploads\/2024\/05\/moving-head-flight-case21176673442.jpg","width":700,"height":700,"caption":"Moving Head Flight Case"},{"@type":"BreadcrumbList","@id":"https:\/\/sxflightcase.com\/ja\/\u88fd\u54c1\/\u30e0\u30fc\u30d3\u30f3\u30b0\u30d8\u30c3\u30c9\u30fb\u30d5\u30e9\u30a4\u30c8\u30b1\u30fc\u30b9\/#breadcrumb","itemListElement":[{"@type":"ListItem","position":1,"name":"Home","item":"https:\/\/sxflightcase.com\/"},{"@type":"ListItem","position":2,"name":"\u0e2a\u0e34\u0e19\u0e04\u0e49\u0e32","item":"https:\/\/sxflightcase.com\/th\/shop\/"},{"@type":"ListItem","position":3,"name":"Moving Head Flight Case"}]},{"@type":"WebSite","@id":"https:\/\/sxflightcase.com\/th\/#website","url":"https:\/\/sxflightcase.com\/th\/","name":"sxpowercase.com","description":"U\u00e7u\u015f \u00c7antas\u0131 Fabrikas\u0131","publisher":{"@id":"https:\/\/sxflightcase.com\/th\/#organization"},"potentialAction":[{"@type":"SearchAction","target":{"@type":"EntryPoint","urlTemplate":"https:\/\/sxflightcase.com\/th\/?s={search_term_string}"},"query-input":{"@type":"PropertyValueSpecification","valueRequired":true,"valueName":"search_term_string"}}],"inLanguage":"tr"},{"@type":"Organization","@id":"https:\/\/sxflightcase.com\/th\/#organization","name":"sxpowercase.com","url":"https:\/\/sxflightcase.com\/th\/","logo":{"@type":"ImageObject","inLanguage":"tr","@id":"https:\/\/sxflightcase.com\/th\/#\/schema\/logo\/image\/","url":"https:\/\/sxflightcase.com\/wp-content\/uploads\/2024\/04\/1713919036007.jpg","contentUrl":"https:\/\/sxflightcase.com\/wp-content\/uploads\/2024\/04\/1713919036007.jpg","width":382,"height":388,"caption":"sxpowercase.com"},"image":{"@id":"https:\/\/sxflightcase.com\/th\/#\/schema\/logo\/image\/"},"sameAs":["https:\/\/www.facebook.com\/profile.php?id=61560407257971"],"numberOfEmployees":{"@type":"QuantitativeValue","minValue":"11","maxValue":"50"}}]}},"_links":{"self":[{"href":"https:\/\/sxflightcase.com\/tr\/wp-json\/wp\/v2\/product\/1706","targetHints":{"allow":["GET"]}}],"collection":[{"href":"https:\/\/sxflightcase.com\/tr\/wp-json\/wp\/v2\/product"}],"about":[{"href":"https:\/\/sxflightcase.com\/tr\/wp-json\/wp\/v2\/types\/product"}],"replies":[{"embeddable":true,"href":"https:\/\/sxflightcase.com\/tr\/wp-json\/wp\/v2\/comments?post=1706"}],"version-history":[{"count":0,"href":"https:\/\/sxflightcase.com\/tr\/wp-json\/wp\/v2\/product\/1706\/revisions"}],"wp:featuredmedia":[{"embeddable":true,"href":"https:\/\/sxflightcase.com\/tr\/wp-json\/wp\/v2\/media\/1707"}],"wp:attachment":[{"href":"https:\/\/sxflightcase.com\/tr\/wp-json\/wp\/v2\/media?parent=1706"}],"wp:term":[{"taxonomy":"product_brand","embeddable":true,"href":"https:\/\/sxflightcase.com\/tr\/wp-json\/wp\/v2\/product_brand?post=1706"},{"taxonomy":"product_cat","embeddable":true,"href":"https:\/\/sxflightcase.com\/tr\/wp-json\/wp\/v2\/product_cat?post=1706"},{"taxonomy":"product_tag","embeddable":true,"href":"https:\/\/sxflightcase.com\/tr\/wp-json\/wp\/v2\/product_tag?post=1706"}],"curies":[{"name":"wp","href":"https:\/\/api.w.org\/{rel}","templated":true}]}}