{"id":1711,"date":"2024-05-10T04:35:24","date_gmt":"2024-05-10T03:35:24","guid":{"rendered":"https:\/\/sxpowercase.com\/?post_type=product&#038;p=1711"},"modified":"2024-06-25T09:35:17","modified_gmt":"2024-06-25T08:35:17","slug":"stage-light-box","status":"publish","type":"product","link":"https:\/\/sxflightcase.com\/tr\/urun\/sahne-isik-kutusu\/","title":{"rendered":"Sahne I\u015f\u0131k Kutusu"},"content":{"rendered":"<h1>SX'in Sahne I\u015f\u0131k Kutusu ile Etkinliklerinizi Ayd\u0131nlat\u0131n<\/h1>\n<h2>Ola\u011fan\u00fcst\u00fc Ayd\u0131nlatma \u00c7\u00f6z\u00fcmleri<\/h2>\n<p>SX Sahne I\u015f\u0131k Kutusu, ola\u011fan\u00fcst\u00fc sahne ayd\u0131nlatmas\u0131 i\u00e7in ba\u015fvuraca\u011f\u0131n\u0131z \u00e7\u00f6z\u00fcmd\u00fcr. Her performans\u0131 geli\u015ftirmek i\u00e7in tasarlanan bu \u00fcr\u00fcn, izleyicileri b\u00fcy\u00fcleyen parlak, dinamik ayd\u0131nlatma efektleri sunar. SX ile etkinlikleriniz her zamankinden daha parlak ve canl\u0131 olacak.<\/p>\n<h2>E\u015fsiz Dayan\u0131kl\u0131l\u0131k<\/h2>\n<h3>Uzun \u00d6m\u00fcrl\u00fc Olmak \u0130\u00e7in \u00dcretildi<\/h3>\n<p>SX'in Sahne I\u015f\u0131k Kutusu, s\u0131k kullan\u0131m ve ta\u015f\u0131ma taleplerine dayanmas\u0131n\u0131 sa\u011flamak i\u00e7in en kaliteli malzemelerden \u00fcretilmi\u015ftir. Sa\u011flam yap\u0131s\u0131 g\u00fcvenilirli\u011fi garanti eder ve dayan\u0131kl\u0131 ve g\u00fcvenilir ayd\u0131nlatma \u00e7\u00f6z\u00fcmlerine ihtiya\u00e7 duyan tur \u015firketleri, etkinlik planlay\u0131c\u0131lar\u0131 ve performans mekanlar\u0131 i\u00e7in ideal bir se\u00e7imdir.<\/p>\n<h2>Fabrika Do\u011frudan Sat\u0131\u015f<\/h2>\n<h3>Uygun Fiyatl\u0131 M\u00fckemmellik<\/h3>\n<p><a href=\"https:\/\/sxpowercase.com\/\" target=\"_blank\" rel=\"noopener\" title=\"SX\" data-wpil-monitor-id=\"465\">SX<\/a> do\u011frudan fabrika sat\u0131\u015f modelimiz arac\u0131l\u0131\u011f\u0131yla Sahne I\u015f\u0131k Kutusunu sunarak size rekabet\u00e7i fiyatlarla y\u00fcksek kaliteli ayd\u0131nlatma sa\u011flar. Arac\u0131lar\u0131 ortadan kald\u0131rarak, yat\u0131r\u0131m\u0131n\u0131z i\u00e7in en iyi de\u011feri elde etmenizi sa\u011fl\u0131yor, b\u00fct\u00e7enizi daha etkili bir \u015fekilde tahsis etmenize ve a\u015f\u0131r\u0131 harcama yapmadan etkinliklerinizi geli\u015ftirmenize olanak tan\u0131yoruz.<\/p>\n<h2>\u00d6zelle\u015ftirme Hizmetleri<\/h2>\n<h3>\u0130htiya\u00e7lar\u0131n\u0131za G\u00f6re Tasarlanm\u0131\u015f<\/h3>\n<p>SX olarak her etkinli\u011fin benzersiz oldu\u011funu biliyoruz. Bu nedenle Sahne I\u015f\u0131k Kutumuz i\u00e7in \u00f6zelle\u015ftirme se\u00e7enekleri sunuyoruz. \u0130ster belirli boyutlara, ister renk se\u00e7eneklerine veya ek \u00f6zelliklere ihtiyac\u0131n\u0131z olsun, \u0131\u015f\u0131k kutusunu tam gereksinimlerinizi kar\u015f\u0131layacak \u015fekilde uyarlayabiliriz. Etkinli\u011finizin ihtiya\u00e7lar\u0131na m\u00fckemmel \u015fekilde uyan bir ayd\u0131nlatma \u00e7\u00f6z\u00fcm\u00fcn\u00fcn keyfini \u00e7\u0131kar\u0131n.<\/p>\n<h2>Etkinlik Deneyiminizi Y\u00fckseltin<\/h2>\n<h3>B\u00fcy\u00fcleyici Etkiler<\/h3>\n<p>SX Sahne I\u015f\u0131k Kutusu, her t\u00fcrl\u00fc etkinli\u011fi y\u00fckselten \u00e7arp\u0131c\u0131 ayd\u0131nlatma efektleri sa\u011flar. Konserler ve tiyatro prod\u00fcksiyonlar\u0131ndan kurumsal etkinliklere ve d\u00fc\u011f\u00fcnlere kadar, \u0131\u015f\u0131k kutumuz m\u00fckemmel ambiyans\u0131 sunar. Etkinli\u011finizin havas\u0131n\u0131 ve atmosferini geli\u015ftiren canl\u0131, dinamik ayd\u0131nlatma ile unutulmaz anlar yarat\u0131n.<\/p>\n<hr \/>\n<p>Etkinlik ayd\u0131nlatman\u0131z\u0131 SX I\u015f\u0131k Kutusu ile y\u00fckseltin. Do\u011frudan fabrika sat\u0131\u015flar\u0131m\u0131z ve \u00f6zelle\u015ftirme hizmetlerimiz hakk\u0131nda daha fazla bilgi edinmek i\u00e7in bug\u00fcn bize ula\u015f\u0131n. SX ile kalite, dayan\u0131kl\u0131l\u0131k ve de\u011ferin m\u00fckemmel birle\u015fimini elde ederek etkinliklerinizin her zaman \u00f6ne \u00e7\u0131kmas\u0131n\u0131 sa\u011flars\u0131n\u0131z. SX ile fark\u0131 ya\u015fay\u0131n ve sahnenizi daha \u00f6nce hi\u00e7 olmad\u0131\u011f\u0131 gibi ayd\u0131nlat\u0131n.<\/p>\n<p>S\u0131cak Etiketler: D\u00fc\u015f\u00fck fiyat, stokta, \u00fccretsiz numune, G\u00fc\u00e7 ve Sinyal Kablosu, 16 \u00d6l\u00e7\u00fc 4 \u0130letkenli Tel, Mikrofon Stand K\u0131l\u0131f\u0131, A\u00e7\u0131k Hava LED Ekran Kabini, Raf Montaj\u0131, 19\u201d Raf Montajl\u0131 Mikser U\u00e7u\u015f K\u0131l\u0131flar\u0131, elektrik da\u011f\u0131t\u0131m kutusu, \u00c7in, tedarik\u00e7iler, fabrika, \u00f6zelle\u015ftirilmi\u015f, toptan sat\u0131\u015f, <span style=\"color: #993366;\"><a style=\"color: #993366;\" href=\"https:\/\/sxflightcase.com\/tr\/product-category\/all-product\/power-distribution-boxes\/\">g\u00fc\u00e7 kutular\u0131<\/a>,\u00a0<a style=\"color: #993366;\" href=\"https:\/\/sxflightcase.com\/tr\/product-category\/all-product\/hoist-controllers\/\">g\u00fc\u00e7 kablolar\u0131<\/a>,\u00a0<a style=\"color: #993366;\" href=\"https:\/\/sxflightcase.com\/tr\/product-category\/all-product\/hoist-controllers\/\">vin\u00e7 kontrol\u00f6rleri<\/a>,\u00a0<a style=\"color: #993366;\" href=\"https:\/\/sxflightcase.com\/tr\/product-category\/all-product\/flight-case\/\">u\u00e7u\u015f vakalar\u0131.<\/a><\/span><\/p>","protected":false},"excerpt":{"rendered":"<h2 class=\"prodetails-name\"><span class=\"yoast-text-mark\">le=\"vertical-align: inherit;\"&gt;<span style=\"vertical-align: inherit;\">\u821e\u53f0\u706f\u7bb1<\/span>&lt;\/span&gt;<\/span><\/h2>\n<p><span style=\"vertical-align: inherit;\"><span style=\"vertical-align: inherit;\">\u6211\u4eec\u5f88\u9ad8\u5174\u4e3a\u4e1a\u5185\u4e13\u4e1a\u4eba\u58eb\u63d0\u4f9b\u4e00\u7cfb\u5217\u575a\u56fa\u7684\u65c5\u884c\u89e3\u51b3\u65b9\u6848\uff0c\u4ee5\u4fbf\u5b89\u5168\u5730\u8fd0\u8f93\u548c\u50a8\u5b58\u4ed6\u4eec\u7684\u6447\u5934\u706f\u6216\u7c7b\u4f3c\u4ea7\u54c1\u3002\u591a\u5e74\u6765\uff0c\u6211\u4eec\u82b1\u4e86\u5f88\u591a\u65f6\u95f4\u8bbe\u8ba1\u7f8e\u7684\u89e3\u51b3\u65b9\u6848\uff0c\u8ba9\u60a8\u65e0\u9700\u62c5\u5fc3\u635f\u574f\u5373\u53ef\u8fd0\u8f93\u60a8\u5fc3\u7231\u7684\u706f\u5177\u3002<\/span><\/span><\/p>\n<h2><strong><span style=\"vertical-align: inherit;\"><span style=\"vertical-align: inherit;\">\u751f\u4ea7\u4ecb\u7ecd<\/span><\/span>&lt;\/strong&gt;<\/strong><\/h2>\n<p><span style=\"vertical-align: inherit;\"><span style=\"vertical-align: inherit;\">\u821e\u53f0\u706f\u7bb1<\/span><\/span><\/p>\n<p><span style=\"vertical-align: inherit;\"><span style=\"vertical-align: inherit;\">\u9ad8\u54c1\u8d28\u9632\u706b\u677f\uff1b<\/span><\/span><\/p>\n<p><span style=\"vertical-align: inherit;\"><span style=\"vertical-align: inherit;\">\u6709\u591a\u79cd\u989c\u8272\u53ef\u9009\uff0c\u5e38\u7528\u9ed1\u8272\uff0c\u4e5f\u53ef\u9009\u62e9\u84dd\u8272\u3001\u9ec4\u8272\u3001\u7ea2\u8272\u3001\u7eff\u8272\u7b49\u989c\u8272\uff1b<\/span><\/span><\/p>\n<p><span style=\"vertical-align: inherit;\"><span style=\"vertical-align: inherit;\">\u7bb1\u4f53\u5177\u6709\u811a\u8f6e\u53ca\u9501\u5b9a\u529f\u80fd\uff1b<\/span><\/span><\/p>\n<p><span style=\"vertical-align: inherit;\"><span style=\"vertical-align: inherit;\">\u6709\u76d6\u5b50\u7684\u9501\uff1b<\/span><\/span><\/p>\n<p><span style=\"vertical-align: inherit;\"><span style=\"vertical-align: inherit;\">\u628a\u5de2\u7b51\u6210\u51e0\u5c42\u9ad8\uff1b<\/span><\/span><\/p>\n<p><span style=\"vertical-align: inherit;\"><span style=\"vertical-align: inherit;\">\u6709\u4e0d\u540c\u7684\u5c3a\u5bf8\u53ef\u4f9b\u9009\u62e9\u3002<\/span><\/span><\/p>","protected":false},"featured_media":1712,"comment_status":"open","ping_status":"closed","template":"","meta":[],"product_brand":[],"product_cat":[41],"product_tag":[],"class_list":{"0":"post-1711","1":"product","2":"type-product","3":"status-publish","4":"has-post-thumbnail","6":"product_cat-equipment-cases","8":"first","9":"instock","10":"shipping-taxable","11":"product-type-simple"},"yoast_head":"<!-- This site is optimized with the Yoast SEO Premium plugin v27.1 (Yoast SEO v27.2) - https:\/\/yoast.com\/product\/yoast-seo-premium-wordpress\/ -->\n<title>Stage Light Box - https:\/\/sxflightcase.com \ud83d\udc97<\/title>\n<meta name=\"description\" content=\"Stage Light Box: Get factory-direct sales and professional customization for optimal protection and organization of your lighting equipment\" \/>\n<meta name=\"robots\" content=\"index, follow, max-snippet:-1, max-image-preview:large, max-video-preview:-1\" \/>\n<link rel=\"canonical\" href=\"https:\/\/sxflightcase.com\/tr\/\u0645\u0646\u062a\u062c\/\u0635\u0646\u062f\u0648\u0642-\u0625\u0636\u0627\u0621\u0629-\u0627\u0644\u0645\u0633\u0631\u062d\/\" \/>\n<meta property=\"og:locale\" content=\"tr_TR\" \/>\n<meta property=\"og:type\" content=\"article\" \/>\n<meta property=\"og:title\" content=\"Stage Light Box\" \/>\n<meta property=\"og:description\" content=\"Stage Light Box: Get factory-direct sales and professional customization for optimal protection and organization of your lighting equipment\" \/>\n<meta property=\"og:url\" content=\"https:\/\/sxflightcase.com\/tr\/\u0645\u0646\u062a\u062c\/\u0635\u0646\u062f\u0648\u0642-\u0625\u0636\u0627\u0621\u0629-\u0627\u0644\u0645\u0633\u0631\u062d\/\" \/>\n<meta property=\"og:site_name\" content=\"https:\/\/sxflightcase.com\" \/>\n<meta property=\"article:publisher\" content=\"https:\/\/www.facebook.com\/profile.php?id=61560407257971\" \/>\n<meta property=\"article:modified_time\" content=\"2024-06-25T08:35:17+00:00\" \/>\n<meta property=\"og:image\" content=\"https:\/\/sxflightcase.com\/wp-content\/uploads\/2024\/05\/stage-light-box33136330726.webp\" \/>\n\t<meta property=\"og:image:width\" content=\"750\" \/>\n\t<meta property=\"og:image:height\" content=\"750\" \/>\n\t<meta property=\"og:image:type\" content=\"image\/webp\" \/>\n<meta name=\"twitter:card\" content=\"summary_large_image\" \/>\n<meta name=\"twitter:label1\" content=\"Tahmini okuma s\u00fcresi\" \/>\n\t<meta name=\"twitter:data1\" content=\"3 dakika\" \/>\n<script type=\"application\/ld+json\" class=\"yoast-schema-graph\">{\"@context\":\"https:\/\/schema.org\",\"@graph\":[{\"@type\":\"WebPage\",\"@id\":\"https:\/\/sxflightcase.com\/ar\/\u0645\u0646\u062a\u062c\/\u0635\u0646\u062f\u0648\u0642-\u0625\u0636\u0627\u0621\u0629-\u0627\u0644\u0645\u0633\u0631\u062d\/\",\"url\":\"https:\/\/sxflightcase.com\/ar\/\u0645\u0646\u062a\u062c\/\u0635\u0646\u062f\u0648\u0642-\u0625\u0636\u0627\u0621\u0629-\u0627\u0644\u0645\u0633\u0631\u062d\/\",\"name\":\"Stage Light Box - https:\/\/sxflightcase.com \ud83d\udc97\",\"isPartOf\":{\"@id\":\"https:\/\/sxflightcase.com\/th\/#website\"},\"primaryImageOfPage\":{\"@id\":\"https:\/\/sxflightcase.com\/ar\/\u0645\u0646\u062a\u062c\/\u0635\u0646\u062f\u0648\u0642-\u0625\u0636\u0627\u0621\u0629-\u0627\u0644\u0645\u0633\u0631\u062d\/#primaryimage\"},\"image\":{\"@id\":\"https:\/\/sxflightcase.com\/ar\/\u0645\u0646\u062a\u062c\/\u0635\u0646\u062f\u0648\u0642-\u0625\u0636\u0627\u0621\u0629-\u0627\u0644\u0645\u0633\u0631\u062d\/#primaryimage\"},\"thumbnailUrl\":\"https:\/\/sxflightcase.com\/wp-content\/uploads\/2024\/05\/stage-light-box33136330726.webp\",\"datePublished\":\"2024-05-10T03:35:24+00:00\",\"dateModified\":\"2024-06-25T08:35:17+00:00\",\"description\":\"Stage Light Box: Get factory-direct sales and professional customization for optimal protection and organization of your lighting equipment\",\"breadcrumb\":{\"@id\":\"https:\/\/sxflightcase.com\/ar\/\u0645\u0646\u062a\u062c\/\u0635\u0646\u062f\u0648\u0642-\u0625\u0636\u0627\u0621\u0629-\u0627\u0644\u0645\u0633\u0631\u062d\/#breadcrumb\"},\"inLanguage\":\"tr\",\"potentialAction\":[{\"@type\":\"ReadAction\",\"target\":[\"https:\/\/sxflightcase.com\/ar\/\u0645\u0646\u062a\u062c\/\u0635\u0646\u062f\u0648\u0642-\u0625\u0636\u0627\u0621\u0629-\u0627\u0644\u0645\u0633\u0631\u062d\/\"]}]},{\"@type\":\"ImageObject\",\"inLanguage\":\"tr\",\"@id\":\"https:\/\/sxflightcase.com\/ar\/\u0645\u0646\u062a\u062c\/\u0635\u0646\u062f\u0648\u0642-\u0625\u0636\u0627\u0621\u0629-\u0627\u0644\u0645\u0633\u0631\u062d\/#primaryimage\",\"url\":\"https:\/\/sxflightcase.com\/wp-content\/uploads\/2024\/05\/stage-light-box33136330726.webp\",\"contentUrl\":\"https:\/\/sxflightcase.com\/wp-content\/uploads\/2024\/05\/stage-light-box33136330726.webp\",\"width\":750,\"height\":750,\"caption\":\"Stage Light Box\"},{\"@type\":\"BreadcrumbList\",\"@id\":\"https:\/\/sxflightcase.com\/ar\/\u0645\u0646\u062a\u062c\/\u0635\u0646\u062f\u0648\u0642-\u0625\u0636\u0627\u0621\u0629-\u0627\u0644\u0645\u0633\u0631\u062d\/#breadcrumb\",\"itemListElement\":[{\"@type\":\"ListItem\",\"position\":1,\"name\":\"Home\",\"item\":\"https:\/\/sxflightcase.com\/\"},{\"@type\":\"ListItem\",\"position\":2,\"name\":\"\u0e2a\u0e34\u0e19\u0e04\u0e49\u0e32\",\"item\":\"https:\/\/sxflightcase.com\/th\/shop\/\"},{\"@type\":\"ListItem\",\"position\":3,\"name\":\"Stage Light Box\"}]},{\"@type\":\"WebSite\",\"@id\":\"https:\/\/sxflightcase.com\/th\/#website\",\"url\":\"https:\/\/sxflightcase.com\/th\/\",\"name\":\"sxpowercase.com\",\"description\":\"Flight Case Factory\",\"publisher\":{\"@id\":\"https:\/\/sxflightcase.com\/th\/#organization\"},\"potentialAction\":[{\"@type\":\"SearchAction\",\"target\":{\"@type\":\"EntryPoint\",\"urlTemplate\":\"https:\/\/sxflightcase.com\/th\/?s={search_term_string}\"},\"query-input\":{\"@type\":\"PropertyValueSpecification\",\"valueRequired\":true,\"valueName\":\"search_term_string\"}}],\"inLanguage\":\"tr\"},{\"@type\":\"Organization\",\"@id\":\"https:\/\/sxflightcase.com\/th\/#organization\",\"name\":\"sxpowercase.com\",\"url\":\"https:\/\/sxflightcase.com\/th\/\",\"logo\":{\"@type\":\"ImageObject\",\"inLanguage\":\"tr\",\"@id\":\"https:\/\/sxflightcase.com\/th\/#\/schema\/logo\/image\/\",\"url\":\"https:\/\/sxflightcase.com\/wp-content\/uploads\/2024\/04\/1713919036007.jpg\",\"contentUrl\":\"https:\/\/sxflightcase.com\/wp-content\/uploads\/2024\/04\/1713919036007.jpg\",\"width\":382,\"height\":388,\"caption\":\"sxpowercase.com\"},\"image\":{\"@id\":\"https:\/\/sxflightcase.com\/th\/#\/schema\/logo\/image\/\"},\"sameAs\":[\"https:\/\/www.facebook.com\/profile.php?id=61560407257971\"],\"numberOfEmployees\":{\"@type\":\"QuantitativeValue\",\"minValue\":\"11\",\"maxValue\":\"50\"}}]}<\/script>\n<!-- \/ Yoast SEO Premium plugin. -->","yoast_head_json":{"title":"Stage Light Box - https:\/\/sxflightcase.com \ud83d\udc97","description":"Sahne I\u015f\u0131k Kutusu: Ayd\u0131nlatma ekipman\u0131n\u0131z\u0131n en iyi \u015fekilde korunmas\u0131 ve d\u00fczenlenmesi i\u00e7in fabrikadan do\u011frudan sat\u0131\u015f ve profesyonel \u00f6zelle\u015ftirme elde edin","robots":{"index":"index","follow":"follow","max-snippet":"max-snippet:-1","max-image-preview":"max-image-preview:large","max-video-preview":"max-video-preview:-1"},"canonical":"https:\/\/sxflightcase.com\/tr\/\u0645\u0646\u062a\u062c\/\u0635\u0646\u062f\u0648\u0642-\u0625\u0636\u0627\u0621\u0629-\u0627\u0644\u0645\u0633\u0631\u062d\/","og_locale":"tr_TR","og_type":"article","og_title":"Stage Light Box","og_description":"Stage Light Box: Get factory-direct sales and professional customization for optimal protection and organization of your lighting equipment","og_url":"https:\/\/sxflightcase.com\/tr\/\u0645\u0646\u062a\u062c\/\u0635\u0646\u062f\u0648\u0642-\u0625\u0636\u0627\u0621\u0629-\u0627\u0644\u0645\u0633\u0631\u062d\/","og_site_name":"https:\/\/sxflightcase.com","article_publisher":"https:\/\/www.facebook.com\/profile.php?id=61560407257971","article_modified_time":"2024-06-25T08:35:17+00:00","og_image":[{"width":750,"height":750,"url":"https:\/\/sxflightcase.com\/wp-content\/uploads\/2024\/05\/stage-light-box33136330726.webp","type":"image\/webp"}],"twitter_card":"summary_large_image","twitter_misc":{"Tahmini okuma s\u00fcresi":"3 dakika"},"schema":{"@context":"https:\/\/schema.org","@graph":[{"@type":"WebPage","@id":"https:\/\/sxflightcase.com\/ar\/\u0645\u0646\u062a\u062c\/\u0635\u0646\u062f\u0648\u0642-\u0625\u0636\u0627\u0621\u0629-\u0627\u0644\u0645\u0633\u0631\u062d\/","url":"https:\/\/sxflightcase.com\/ar\/\u0645\u0646\u062a\u062c\/\u0635\u0646\u062f\u0648\u0642-\u0625\u0636\u0627\u0621\u0629-\u0627\u0644\u0645\u0633\u0631\u062d\/","name":"Stage Light Box - https:\/\/sxflightcase.com \ud83d\udc97","isPartOf":{"@id":"https:\/\/sxflightcase.com\/th\/#website"},"primaryImageOfPage":{"@id":"https:\/\/sxflightcase.com\/ar\/\u0645\u0646\u062a\u062c\/\u0635\u0646\u062f\u0648\u0642-\u0625\u0636\u0627\u0621\u0629-\u0627\u0644\u0645\u0633\u0631\u062d\/#primaryimage"},"image":{"@id":"https:\/\/sxflightcase.com\/ar\/\u0645\u0646\u062a\u062c\/\u0635\u0646\u062f\u0648\u0642-\u0625\u0636\u0627\u0621\u0629-\u0627\u0644\u0645\u0633\u0631\u062d\/#primaryimage"},"thumbnailUrl":"https:\/\/sxflightcase.com\/wp-content\/uploads\/2024\/05\/stage-light-box33136330726.webp","datePublished":"2024-05-10T03:35:24+00:00","dateModified":"2024-06-25T08:35:17+00:00","description":"Sahne I\u015f\u0131k Kutusu: Ayd\u0131nlatma ekipman\u0131n\u0131z\u0131n en iyi \u015fekilde korunmas\u0131 ve d\u00fczenlenmesi i\u00e7in fabrikadan do\u011frudan sat\u0131\u015f ve profesyonel \u00f6zelle\u015ftirme elde edin","breadcrumb":{"@id":"https:\/\/sxflightcase.com\/ar\/\u0645\u0646\u062a\u062c\/\u0635\u0646\u062f\u0648\u0642-\u0625\u0636\u0627\u0621\u0629-\u0627\u0644\u0645\u0633\u0631\u062d\/#breadcrumb"},"inLanguage":"tr","potentialAction":[{"@type":"ReadAction","target":["https:\/\/sxflightcase.com\/ar\/\u0645\u0646\u062a\u062c\/\u0635\u0646\u062f\u0648\u0642-\u0625\u0636\u0627\u0621\u0629-\u0627\u0644\u0645\u0633\u0631\u062d\/"]}]},{"@type":"ImageObject","inLanguage":"tr","@id":"https:\/\/sxflightcase.com\/ar\/\u0645\u0646\u062a\u062c\/\u0635\u0646\u062f\u0648\u0642-\u0625\u0636\u0627\u0621\u0629-\u0627\u0644\u0645\u0633\u0631\u062d\/#primaryimage","url":"https:\/\/sxflightcase.com\/wp-content\/uploads\/2024\/05\/stage-light-box33136330726.webp","contentUrl":"https:\/\/sxflightcase.com\/wp-content\/uploads\/2024\/05\/stage-light-box33136330726.webp","width":750,"height":750,"caption":"Stage Light Box"},{"@type":"BreadcrumbList","@id":"https:\/\/sxflightcase.com\/ar\/\u0645\u0646\u062a\u062c\/\u0635\u0646\u062f\u0648\u0642-\u0625\u0636\u0627\u0621\u0629-\u0627\u0644\u0645\u0633\u0631\u062d\/#breadcrumb","itemListElement":[{"@type":"ListItem","position":1,"name":"Home","item":"https:\/\/sxflightcase.com\/"},{"@type":"ListItem","position":2,"name":"\u0e2a\u0e34\u0e19\u0e04\u0e49\u0e32","item":"https:\/\/sxflightcase.com\/th\/shop\/"},{"@type":"ListItem","position":3,"name":"Stage Light Box"}]},{"@type":"WebSite","@id":"https:\/\/sxflightcase.com\/th\/#website","url":"https:\/\/sxflightcase.com\/th\/","name":"sxpowercase.com","description":"U\u00e7u\u015f \u00c7antas\u0131 Fabrikas\u0131","publisher":{"@id":"https:\/\/sxflightcase.com\/th\/#organization"},"potentialAction":[{"@type":"SearchAction","target":{"@type":"EntryPoint","urlTemplate":"https:\/\/sxflightcase.com\/th\/?s={search_term_string}"},"query-input":{"@type":"PropertyValueSpecification","valueRequired":true,"valueName":"search_term_string"}}],"inLanguage":"tr"},{"@type":"Organization","@id":"https:\/\/sxflightcase.com\/th\/#organization","name":"sxpowercase.com","url":"https:\/\/sxflightcase.com\/th\/","logo":{"@type":"ImageObject","inLanguage":"tr","@id":"https:\/\/sxflightcase.com\/th\/#\/schema\/logo\/image\/","url":"https:\/\/sxflightcase.com\/wp-content\/uploads\/2024\/04\/1713919036007.jpg","contentUrl":"https:\/\/sxflightcase.com\/wp-content\/uploads\/2024\/04\/1713919036007.jpg","width":382,"height":388,"caption":"sxpowercase.com"},"image":{"@id":"https:\/\/sxflightcase.com\/th\/#\/schema\/logo\/image\/"},"sameAs":["https:\/\/www.facebook.com\/profile.php?id=61560407257971"],"numberOfEmployees":{"@type":"QuantitativeValue","minValue":"11","maxValue":"50"}}]}},"_links":{"self":[{"href":"https:\/\/sxflightcase.com\/tr\/wp-json\/wp\/v2\/product\/1711","targetHints":{"allow":["GET"]}}],"collection":[{"href":"https:\/\/sxflightcase.com\/tr\/wp-json\/wp\/v2\/product"}],"about":[{"href":"https:\/\/sxflightcase.com\/tr\/wp-json\/wp\/v2\/types\/product"}],"replies":[{"embeddable":true,"href":"https:\/\/sxflightcase.com\/tr\/wp-json\/wp\/v2\/comments?post=1711"}],"version-history":[{"count":0,"href":"https:\/\/sxflightcase.com\/tr\/wp-json\/wp\/v2\/product\/1711\/revisions"}],"wp:featuredmedia":[{"embeddable":true,"href":"https:\/\/sxflightcase.com\/tr\/wp-json\/wp\/v2\/media\/1712"}],"wp:attachment":[{"href":"https:\/\/sxflightcase.com\/tr\/wp-json\/wp\/v2\/media?parent=1711"}],"wp:term":[{"taxonomy":"product_brand","embeddable":true,"href":"https:\/\/sxflightcase.com\/tr\/wp-json\/wp\/v2\/product_brand?post=1711"},{"taxonomy":"product_cat","embeddable":true,"href":"https:\/\/sxflightcase.com\/tr\/wp-json\/wp\/v2\/product_cat?post=1711"},{"taxonomy":"product_tag","embeddable":true,"href":"https:\/\/sxflightcase.com\/tr\/wp-json\/wp\/v2\/product_tag?post=1711"}],"curies":[{"name":"wp","href":"https:\/\/api.w.org\/{rel}","templated":true}]}}