{"id":1713,"date":"2024-05-10T04:46:14","date_gmt":"2024-05-10T03:46:14","guid":{"rendered":"https:\/\/sxpowercase.com\/?post_type=product&#038;p=1713"},"modified":"2024-06-14T08:03:45","modified_gmt":"2024-06-14T07:03:45","slug":"led-cabinet-lighting","status":"publish","type":"product","link":"https:\/\/sxflightcase.com\/tr\/urun\/led-dolap-aydinlatmasi-2\/","title":{"rendered":"LED Kabin Ayd\u0131nlatmas\u0131"},"content":{"rendered":"<p><strong>\u00dcr\u00fcn parametresi(spesifikasyonu)<\/strong><\/p>\n<section class=\"table-wrap\">\n<table class=\"table\" width=\"100%\" cellspacing=\"0\" cellpadding=\"0\">\n<tbody>\n<tr class=\"firstRow\">\n<td>\u00dcr\u00fcn ad\u0131<\/td>\n<td>LED kabin ayd\u0131nlatmas\u0131<\/td>\n<\/tr>\n<tr>\n<td>Malzeme<\/td>\n<td>Al\u00fcminyum \u00e7er\u00e7eve + Yang\u0131na dayan\u0131kl\u0131 + 9mm Kontrplak<\/td>\n<\/tr>\n<tr>\n<td>\u0130\u00e7eri<\/td>\n<td>Y\u00fcksek yo\u011funluklu darbeye dayan\u0131kl\u0131 k\u00f6p\u00fck<\/td>\n<\/tr>\n<tr>\n<td>Boyut<\/td>\n<td>\u00d6zelle\u015ftirilebilir<\/td>\n<\/tr>\n<tr>\n<td>Aksesuarlar<\/td>\n<td>D\u00f6rt kelebek kilit, kolay ta\u015f\u0131ma i\u00e7in d\u00f6rt tekerlek, d\u00f6rt g\u00fc\u00e7l\u00fc tutamak<\/td>\n<\/tr>\n<tr>\n<td>Gelenek<\/td>\n<td>Al\u00fcminyum kasan\u0131n malzemesi, boyutu, i\u00e7 dolgular\u0131, kulplar\u0131, kilitleri ve benzeri gibi her t\u00fcrl\u00fc \u00f6zelle\u015ftirme memnuniyetle kar\u015f\u0131lanmaktad\u0131r.<\/td>\n<\/tr>\n<tr>\n<td>\u00d6rnekleme zaman\u0131<\/td>\n<td>Yakla\u015f\u0131k 3-5 i\u015f g\u00fcn\u00fc<\/td>\n<\/tr>\n<tr>\n<td>Resmi sipari\u015f s\u00fcresi<\/td>\n<td>yakla\u015f\u0131k 15-20 g\u00fcn<\/td>\n<\/tr>\n<tr>\n<td>Paketleme<\/td>\n<td>Kabarc\u0131kl\u0131 torba +karton<\/td>\n<\/tr>\n<\/tbody>\n<\/table>\n<\/section>\n<p><strong>\u00dcr\u00fcn \u00f6zelli\u011fi ve uygulama<\/strong><\/p>\n<p>Sahne \u015fovlar\u0131 ve tiyatro, film ve TV veya mimari i\u00e7in olsun, ayd\u0131nlatma a\u011f\u0131r, hassas, saklamas\u0131 zor ve de\u011fi\u015ftirilmesi pahal\u0131 olabilir, sahne ayd\u0131nlatmas\u0131nda korunmalar\u0131 <a class=\"wpil_keyword_link\" href=\"https:\/\/sxpowercase.com\/product-category\/all-product\/flight-case\/\" target=\"_blank\" rel=\"noopener\" title=\"u\u00e7u\u015f durumu\" data-wpil-keyword-link=\"linked\" data-wpil-monitor-id=\"411\">u\u00e7u\u015f durumu<\/a> t\u00fcm bu sorunlar\u0131 \u00e7\u00f6zecektir.<\/p>\n<p><img decoding=\"async\" title=\"1\" src=\"https:\/\/www.sxprocase.com\/Content\/uploads\/2021794209\/202106241129483581a96df57549f69f19f110b60b6bbd.jpg\" alt=\"1\" \/><\/p>\n<p><strong>\u00dcretim detaylar\u0131<\/strong><\/p>\n<p><img decoding=\"async\" title=\"18\" src=\"https:\/\/www.sxprocase.com\/Content\/uploads\/2021794209\/2021062411300523c9e1eb65cf4fd09415214e841925a3.jpg\" \/><\/p>\n<p><img decoding=\"async\" title=\"IMG_2796\" src=\"https:\/\/www.sxprocase.com\/Content\/uploads\/2021794209\/202106241130064dd448773fae4643a2a1e6276c0bf3d1.jpg\" \/><\/p>\n<p><img decoding=\"async\" title=\"ayd\u0131nlatma u\u00e7u\u015f \u00e7antas\u0131\" src=\"https:\/\/www.sxprocase.com\/Content\/uploads\/2021794209\/202106241130068057f80464894f25ad1a2884c2fb4b2a.jpg\" \/><\/p>\n<p><strong>Hakk\u0131m\u0131zda daha fazlas\u0131<\/strong><\/p>\n<p>Temel \u015eirket Bilgileri:<\/p>\n<p>* 10 y\u0131l\u0131 a\u015fk\u0131n bir ge\u00e7mi\u015fe sahip<\/p>\n<p>* 10 y\u0131ll\u0131k ihracat deneyimi<\/p>\n<p>* 50'den fazla \u00fclkeye g\u00f6nderim<\/p>\n<p>* \u00c7al\u0131\u015fanlar: 30'dan fazla<\/p>\n<p>* Fabrika Alan\u0131: 3.000 metrekare<\/p>\n<p><strong>\u00dcretim ak\u0131\u015f\u0131<\/strong><\/p>\n<p><img decoding=\"async\" title=\"2\" src=\"https:\/\/www.sxprocase.com\/Content\/uploads\/2021794209\/2021062411294314f667fb72f4416db29fdec9e6baae08.jpg\" alt=\"2\" \/><\/p>\n<p><strong>Bizim hizmetimiz<\/strong><\/p>\n<p>1. \u00dcr\u00fcnlerimiz veya fiyatlar\u0131m\u0131zla ilgili sorunuz 24 saat i\u00e7inde cevapland\u0131r\u0131lacakt\u0131r.<\/p>\n<p>2. T\u00fcm sorular\u0131n\u0131z\u0131 ak\u0131c\u0131 \u0130ngilizce ile cevaplamak i\u00e7in iyi ticaret yapan ve deneyimli personel<\/p>\n<p>3.OEM ve ODM, herhangi bir \u00f6zelle\u015ftirilmi\u015f ayd\u0131nlatman\u0131z, tasarlaman\u0131za ve \u00fcr\u00fcne koyman\u0131za yard\u0131mc\u0131 olabiliriz.<\/p>\n<p>4. Benzersiz tasar\u0131m\u0131n\u0131z ve baz\u0131 mevcut modellerimiz i\u00e7in distrib\u00fct\u00f6r gemisi sunulmaktad\u0131r<\/p>\n<p>5. Sat\u0131\u015f alan\u0131n\u0131z\u0131n, tasar\u0131m fikirlerinizin ve t\u00fcm \u00f6zel bilgilerinizin korunmas\u0131<\/p>\n<p>S\u0131cak Etiketler: D\u00fc\u015f\u00fck fiyat, stokta, \u00fccretsiz numune, G\u00fc\u00e7 ve Sinyal Kablosu, 16 \u00d6l\u00e7\u00fc 4 \u0130letkenli Tel, Mikrofon Stand K\u0131l\u0131f\u0131, A\u00e7\u0131k Hava LED Ekran Kabini, Raf Montaj\u0131, 19\u201d Raf Montajl\u0131 Mikser U\u00e7u\u015f K\u0131l\u0131flar\u0131, elektrik da\u011f\u0131t\u0131m kutusu, \u00c7in, tedarik\u00e7iler, fabrika, \u00f6zelle\u015ftirilmi\u015f, toptan sat\u0131\u015f, <span style=\"color: #993366;\"><a style=\"color: #993366;\" href=\"https:\/\/sxflightcase.com\/tr\/product-category\/all-product\/power-distribution-boxes\/\">g\u00fc\u00e7 kutular\u0131<\/a>,\u00a0<a style=\"color: #993366;\" href=\"https:\/\/sxflightcase.com\/tr\/product-category\/all-product\/hoist-controllers\/\">g\u00fc\u00e7 kablolar\u0131<\/a>,\u00a0<a style=\"color: #993366;\" href=\"https:\/\/sxflightcase.com\/tr\/product-category\/all-product\/hoist-controllers\/\">vin\u00e7 kontrol\u00f6rleri<\/a>,\u00a0<a style=\"color: #993366;\" href=\"https:\/\/sxflightcase.com\/tr\/product-category\/all-product\/flight-case\/\">u\u00e7u\u015f vakalar\u0131.<\/a><\/span><\/p>","protected":false},"excerpt":{"rendered":"<h2 class=\"prodetails-name\">LED Kabin Ayd\u0131nlatmas\u0131<\/h2>\n<p>Sekt\u00f6rdeki profesyonellerin hareketli kafalar\u0131n\u0131 veya benzerlerini g\u00fcvenli bir \u015fekilde ta\u015f\u0131malar\u0131 ve saklamalar\u0131 i\u00e7in bir dizi sa\u011flam seyahat \u00e7\u00f6z\u00fcm\u00fc sunmaktan mutluluk duyuyoruz. Y\u0131llar boyunca, sevdi\u011finiz \u0131\u015f\u0131klar\u0131n\u0131z\u0131 herhangi bir hasar korkusu olmadan ta\u015f\u0131mak i\u00e7in m\u00fckemmel \u00e7\u00f6z\u00fcm\u00fc tasarlamak i\u00e7in saatler harcad\u0131k.<\/p>\n<h2><strong>\u00dcretim tan\u0131t\u0131m\u0131<\/strong><\/h2>\n<p>Sahne ayd\u0131nlatmas\u0131 u\u00e7u\u015f \u00e7antas\u0131<\/p>\n<p>1 - 1 \/ 2 \/ 4 \/ 6 \/ 8 \/ 10 adet tek kasa i\u00e7inde iste\u011fe g\u00f6re dizayn edilir.<\/p>\n<p>2 - Arma \u00fczerine kolay montaj i\u00e7in farkl\u0131 tipte armat\u00fcrler i\u00e7in \u00fcstten y\u00fckleme veya ba\u015f a\u015fa\u011f\u0131 y\u00fckleme.<\/p>\n<p>3 - M\u00fc\u015fterilerin iste\u011fine g\u00f6re kelep\u00e7eler, kablolar ve di\u011fer di\u015fliler i\u00e7in bo\u015f alanlar.<\/p>\n<p>4 - Ta\u015f\u0131ma ve kurulum i\u00e7in kolay olan y\u00fcksek kaliteli ve hafif al\u00fcminyumdan \u00fcretilmi\u015ftir<\/p>\n<p>5 - Mobil g\u00f6stericiler, prod\u00fcksiyonlar, gece kul\u00fcpleri ve perakende ma\u011fazalar\u0131 i\u00e7in bir\u00e7ok uzunlukta mevcuttur<\/p>","protected":false},"featured_media":1715,"comment_status":"open","ping_status":"closed","template":"","meta":[],"product_brand":[],"product_cat":[41],"product_tag":[],"class_list":{"0":"post-1713","1":"product","2":"type-product","3":"status-publish","4":"has-post-thumbnail","6":"product_cat-equipment-cases","8":"first","9":"instock","10":"shipping-taxable","11":"product-type-simple"},"yoast_head":"<!-- This site is optimized with the Yoast SEO Premium plugin v27.1 (Yoast SEO v27.2) - https:\/\/yoast.com\/product\/yoast-seo-premium-wordpress\/ -->\n<title>LED Cabinet Lighting - https:\/\/sxflightcase.com \ud83d\udc97<\/title>\n<meta name=\"description\" content=\"LED Cabinet Lighting: Get factory-direct sales and professional customization for optimal protection and organization of your lighting equipment\" \/>\n<meta name=\"robots\" content=\"index, follow, max-snippet:-1, max-image-preview:large, max-video-preview:-1\" \/>\n<link rel=\"canonical\" href=\"https:\/\/sxflightcase.com\/tr\/urun\/led-dolap-aydinlatmasi-2\/\" \/>\n<meta property=\"og:locale\" content=\"tr_TR\" \/>\n<meta property=\"og:type\" content=\"article\" \/>\n<meta property=\"og:title\" content=\"LED Cabinet Lighting\" \/>\n<meta property=\"og:description\" content=\"LED Cabinet Lighting: Get factory-direct sales and professional customization for optimal protection and organization of your lighting equipment\" \/>\n<meta property=\"og:url\" content=\"https:\/\/sxflightcase.com\/tr\/urun\/led-dolap-aydinlatmasi-2\/\" \/>\n<meta property=\"og:site_name\" content=\"https:\/\/sxflightcase.com\" \/>\n<meta property=\"article:publisher\" content=\"https:\/\/www.facebook.com\/profile.php?id=61560407257971\" \/>\n<meta property=\"article:modified_time\" content=\"2024-06-14T07:03:45+00:00\" \/>\n<meta property=\"og:image\" content=\"https:\/\/sxflightcase.com\/wp-content\/uploads\/2024\/05\/led-cabinet-lighting30325432296.webp\" \/>\n\t<meta property=\"og:image:width\" content=\"730\" \/>\n\t<meta property=\"og:image:height\" content=\"730\" \/>\n\t<meta property=\"og:image:type\" content=\"image\/webp\" \/>\n<meta name=\"twitter:card\" content=\"summary_large_image\" \/>\n<meta name=\"twitter:label1\" content=\"Tahmini okuma s\u00fcresi\" \/>\n\t<meta name=\"twitter:data1\" content=\"3 dakika\" \/>\n<script type=\"application\/ld+json\" class=\"yoast-schema-graph\">{\"@context\":\"https:\/\/schema.org\",\"@graph\":[{\"@type\":\"WebPage\",\"@id\":\"https:\/\/sxflightcase.com\/tr\/urun\/led-dolap-aydinlatmasi-2\/\",\"url\":\"https:\/\/sxflightcase.com\/tr\/urun\/led-dolap-aydinlatmasi-2\/\",\"name\":\"LED Cabinet Lighting - https:\/\/sxflightcase.com \ud83d\udc97\",\"isPartOf\":{\"@id\":\"https:\/\/sxflightcase.com\/th\/#website\"},\"primaryImageOfPage\":{\"@id\":\"https:\/\/sxflightcase.com\/tr\/urun\/led-dolap-aydinlatmasi-2\/#primaryimage\"},\"image\":{\"@id\":\"https:\/\/sxflightcase.com\/tr\/urun\/led-dolap-aydinlatmasi-2\/#primaryimage\"},\"thumbnailUrl\":\"https:\/\/sxflightcase.com\/wp-content\/uploads\/2024\/05\/led-cabinet-lighting30325432296.webp\",\"datePublished\":\"2024-05-10T03:46:14+00:00\",\"dateModified\":\"2024-06-14T07:03:45+00:00\",\"description\":\"LED Cabinet Lighting: Get factory-direct sales and professional customization for optimal protection and organization of your lighting equipment\",\"breadcrumb\":{\"@id\":\"https:\/\/sxflightcase.com\/tr\/urun\/led-dolap-aydinlatmasi-2\/#breadcrumb\"},\"inLanguage\":\"tr\",\"potentialAction\":[{\"@type\":\"ReadAction\",\"target\":[\"https:\/\/sxflightcase.com\/tr\/urun\/led-dolap-aydinlatmasi-2\/\"]}]},{\"@type\":\"ImageObject\",\"inLanguage\":\"tr\",\"@id\":\"https:\/\/sxflightcase.com\/tr\/urun\/led-dolap-aydinlatmasi-2\/#primaryimage\",\"url\":\"https:\/\/sxflightcase.com\/wp-content\/uploads\/2024\/05\/led-cabinet-lighting30325432296.webp\",\"contentUrl\":\"https:\/\/sxflightcase.com\/wp-content\/uploads\/2024\/05\/led-cabinet-lighting30325432296.webp\",\"width\":730,\"height\":730,\"caption\":\"LED Cabinet Lighting\"},{\"@type\":\"BreadcrumbList\",\"@id\":\"https:\/\/sxflightcase.com\/tr\/urun\/led-dolap-aydinlatmasi-2\/#breadcrumb\",\"itemListElement\":[{\"@type\":\"ListItem\",\"position\":1,\"name\":\"Home\",\"item\":\"https:\/\/sxflightcase.com\/\"},{\"@type\":\"ListItem\",\"position\":2,\"name\":\"\u0e2a\u0e34\u0e19\u0e04\u0e49\u0e32\",\"item\":\"https:\/\/sxflightcase.com\/th\/shop\/\"},{\"@type\":\"ListItem\",\"position\":3,\"name\":\"LED Cabinet Lighting\"}]},{\"@type\":\"WebSite\",\"@id\":\"https:\/\/sxflightcase.com\/th\/#website\",\"url\":\"https:\/\/sxflightcase.com\/th\/\",\"name\":\"sxpowercase.com\",\"description\":\"Flight Case Factory\",\"publisher\":{\"@id\":\"https:\/\/sxflightcase.com\/th\/#organization\"},\"potentialAction\":[{\"@type\":\"SearchAction\",\"target\":{\"@type\":\"EntryPoint\",\"urlTemplate\":\"https:\/\/sxflightcase.com\/th\/?s={search_term_string}\"},\"query-input\":{\"@type\":\"PropertyValueSpecification\",\"valueRequired\":true,\"valueName\":\"search_term_string\"}}],\"inLanguage\":\"tr\"},{\"@type\":\"Organization\",\"@id\":\"https:\/\/sxflightcase.com\/th\/#organization\",\"name\":\"sxpowercase.com\",\"url\":\"https:\/\/sxflightcase.com\/th\/\",\"logo\":{\"@type\":\"ImageObject\",\"inLanguage\":\"tr\",\"@id\":\"https:\/\/sxflightcase.com\/th\/#\/schema\/logo\/image\/\",\"url\":\"https:\/\/sxflightcase.com\/wp-content\/uploads\/2024\/04\/1713919036007.jpg\",\"contentUrl\":\"https:\/\/sxflightcase.com\/wp-content\/uploads\/2024\/04\/1713919036007.jpg\",\"width\":382,\"height\":388,\"caption\":\"sxpowercase.com\"},\"image\":{\"@id\":\"https:\/\/sxflightcase.com\/th\/#\/schema\/logo\/image\/\"},\"sameAs\":[\"https:\/\/www.facebook.com\/profile.php?id=61560407257971\"],\"numberOfEmployees\":{\"@type\":\"QuantitativeValue\",\"minValue\":\"11\",\"maxValue\":\"50\"}}]}<\/script>\n<!-- \/ Yoast SEO Premium plugin. -->","yoast_head_json":{"title":"LED Cabinet Lighting - https:\/\/sxflightcase.com \ud83d\udc97","description":"LED Kabin Ayd\u0131nlatmas\u0131: Ayd\u0131nlatma ekipman\u0131n\u0131z\u0131n optimum korunmas\u0131 ve organizasyonu i\u00e7in fabrikadan do\u011frudan sat\u0131\u015f ve profesyonel \u00f6zelle\u015ftirme elde edin","robots":{"index":"index","follow":"follow","max-snippet":"max-snippet:-1","max-image-preview":"max-image-preview:large","max-video-preview":"max-video-preview:-1"},"canonical":"https:\/\/sxflightcase.com\/tr\/urun\/led-dolap-aydinlatmasi-2\/","og_locale":"tr_TR","og_type":"article","og_title":"LED Cabinet Lighting","og_description":"LED Cabinet Lighting: Get factory-direct sales and professional customization for optimal protection and organization of your lighting equipment","og_url":"https:\/\/sxflightcase.com\/tr\/urun\/led-dolap-aydinlatmasi-2\/","og_site_name":"https:\/\/sxflightcase.com","article_publisher":"https:\/\/www.facebook.com\/profile.php?id=61560407257971","article_modified_time":"2024-06-14T07:03:45+00:00","og_image":[{"width":730,"height":730,"url":"https:\/\/sxflightcase.com\/wp-content\/uploads\/2024\/05\/led-cabinet-lighting30325432296.webp","type":"image\/webp"}],"twitter_card":"summary_large_image","twitter_misc":{"Tahmini okuma s\u00fcresi":"3 dakika"},"schema":{"@context":"https:\/\/schema.org","@graph":[{"@type":"WebPage","@id":"https:\/\/sxflightcase.com\/tr\/urun\/led-dolap-aydinlatmasi-2\/","url":"https:\/\/sxflightcase.com\/tr\/urun\/led-dolap-aydinlatmasi-2\/","name":"LED Cabinet Lighting - https:\/\/sxflightcase.com \ud83d\udc97","isPartOf":{"@id":"https:\/\/sxflightcase.com\/th\/#website"},"primaryImageOfPage":{"@id":"https:\/\/sxflightcase.com\/tr\/urun\/led-dolap-aydinlatmasi-2\/#primaryimage"},"image":{"@id":"https:\/\/sxflightcase.com\/tr\/urun\/led-dolap-aydinlatmasi-2\/#primaryimage"},"thumbnailUrl":"https:\/\/sxflightcase.com\/wp-content\/uploads\/2024\/05\/led-cabinet-lighting30325432296.webp","datePublished":"2024-05-10T03:46:14+00:00","dateModified":"2024-06-14T07:03:45+00:00","description":"LED Kabin Ayd\u0131nlatmas\u0131: Ayd\u0131nlatma ekipman\u0131n\u0131z\u0131n optimum korunmas\u0131 ve organizasyonu i\u00e7in fabrikadan do\u011frudan sat\u0131\u015f ve profesyonel \u00f6zelle\u015ftirme elde edin","breadcrumb":{"@id":"https:\/\/sxflightcase.com\/tr\/urun\/led-dolap-aydinlatmasi-2\/#breadcrumb"},"inLanguage":"tr","potentialAction":[{"@type":"ReadAction","target":["https:\/\/sxflightcase.com\/tr\/urun\/led-dolap-aydinlatmasi-2\/"]}]},{"@type":"ImageObject","inLanguage":"tr","@id":"https:\/\/sxflightcase.com\/tr\/urun\/led-dolap-aydinlatmasi-2\/#primaryimage","url":"https:\/\/sxflightcase.com\/wp-content\/uploads\/2024\/05\/led-cabinet-lighting30325432296.webp","contentUrl":"https:\/\/sxflightcase.com\/wp-content\/uploads\/2024\/05\/led-cabinet-lighting30325432296.webp","width":730,"height":730,"caption":"LED Cabinet Lighting"},{"@type":"BreadcrumbList","@id":"https:\/\/sxflightcase.com\/tr\/urun\/led-dolap-aydinlatmasi-2\/#breadcrumb","itemListElement":[{"@type":"ListItem","position":1,"name":"Home","item":"https:\/\/sxflightcase.com\/"},{"@type":"ListItem","position":2,"name":"\u0e2a\u0e34\u0e19\u0e04\u0e49\u0e32","item":"https:\/\/sxflightcase.com\/th\/shop\/"},{"@type":"ListItem","position":3,"name":"LED Cabinet Lighting"}]},{"@type":"WebSite","@id":"https:\/\/sxflightcase.com\/th\/#website","url":"https:\/\/sxflightcase.com\/th\/","name":"sxpowercase.com","description":"U\u00e7u\u015f \u00c7antas\u0131 Fabrikas\u0131","publisher":{"@id":"https:\/\/sxflightcase.com\/th\/#organization"},"potentialAction":[{"@type":"SearchAction","target":{"@type":"EntryPoint","urlTemplate":"https:\/\/sxflightcase.com\/th\/?s={search_term_string}"},"query-input":{"@type":"PropertyValueSpecification","valueRequired":true,"valueName":"search_term_string"}}],"inLanguage":"tr"},{"@type":"Organization","@id":"https:\/\/sxflightcase.com\/th\/#organization","name":"sxpowercase.com","url":"https:\/\/sxflightcase.com\/th\/","logo":{"@type":"ImageObject","inLanguage":"tr","@id":"https:\/\/sxflightcase.com\/th\/#\/schema\/logo\/image\/","url":"https:\/\/sxflightcase.com\/wp-content\/uploads\/2024\/04\/1713919036007.jpg","contentUrl":"https:\/\/sxflightcase.com\/wp-content\/uploads\/2024\/04\/1713919036007.jpg","width":382,"height":388,"caption":"sxpowercase.com"},"image":{"@id":"https:\/\/sxflightcase.com\/th\/#\/schema\/logo\/image\/"},"sameAs":["https:\/\/www.facebook.com\/profile.php?id=61560407257971"],"numberOfEmployees":{"@type":"QuantitativeValue","minValue":"11","maxValue":"50"}}]}},"_links":{"self":[{"href":"https:\/\/sxflightcase.com\/tr\/wp-json\/wp\/v2\/product\/1713","targetHints":{"allow":["GET"]}}],"collection":[{"href":"https:\/\/sxflightcase.com\/tr\/wp-json\/wp\/v2\/product"}],"about":[{"href":"https:\/\/sxflightcase.com\/tr\/wp-json\/wp\/v2\/types\/product"}],"replies":[{"embeddable":true,"href":"https:\/\/sxflightcase.com\/tr\/wp-json\/wp\/v2\/comments?post=1713"}],"version-history":[{"count":0,"href":"https:\/\/sxflightcase.com\/tr\/wp-json\/wp\/v2\/product\/1713\/revisions"}],"wp:featuredmedia":[{"embeddable":true,"href":"https:\/\/sxflightcase.com\/tr\/wp-json\/wp\/v2\/media\/1715"}],"wp:attachment":[{"href":"https:\/\/sxflightcase.com\/tr\/wp-json\/wp\/v2\/media?parent=1713"}],"wp:term":[{"taxonomy":"product_brand","embeddable":true,"href":"https:\/\/sxflightcase.com\/tr\/wp-json\/wp\/v2\/product_brand?post=1713"},{"taxonomy":"product_cat","embeddable":true,"href":"https:\/\/sxflightcase.com\/tr\/wp-json\/wp\/v2\/product_cat?post=1713"},{"taxonomy":"product_tag","embeddable":true,"href":"https:\/\/sxflightcase.com\/tr\/wp-json\/wp\/v2\/product_tag?post=1713"}],"curies":[{"name":"wp","href":"https:\/\/api.w.org\/{rel}","templated":true}]}}