{"id":1718,"date":"2024-05-10T04:53:18","date_gmt":"2024-05-10T03:53:18","guid":{"rendered":"https:\/\/sxpowercase.com\/?post_type=product&#038;p=1718"},"modified":"2024-06-25T09:32:02","modified_gmt":"2024-06-25T08:32:02","slug":"18-inch-subwoofer-box","status":"publish","type":"product","link":"https:\/\/sxflightcase.com\/tr\/urun\/18-inc-subwoofer-kutusu\/","title":{"rendered":"18 \u0130n\u00e7 Subwoofer Kutusu"},"content":{"rendered":"<p><strong>\u00dcr\u00fcn parametresi(spesifikasyonu)<\/strong><\/p>\n<section class=\"table-wrap\">\n<table class=\"table\" width=\"100%\" cellspacing=\"0\" cellpadding=\"0\">\n<tbody>\n<tr class=\"firstRow\">\n<td width=\"134\">\u00dcr\u00fcn ad\u0131<\/td>\n<td width=\"504\">18 in\u00e7 subwoofer kutusu<\/td>\n<\/tr>\n<tr>\n<td width=\"134\">Malzemeler<\/td>\n<td width=\"504\">Al\u00fcminyum \u00c7er\u00e7eve + 9mm Kontrplak<br \/>\n4 x Asma kilide uymas\u0131 i\u00e7in halkal\u0131 kelebek tutucu (asma kilit dahil de\u011fildir)<br \/>\nTamamen plastazote k\u00f6p\u00fckle kapl\u0131 k\u00f6p\u00fck<br \/>\n15 mm Birchply tekerlek tahtas\u0131 arac\u0131l\u0131\u011f\u0131yla kasaya c\u0131vatalanm\u0131\u015f 4x 100 mm kau\u00e7uk tekerlek (2&#039;sinde tam kilitleme freni vard\u0131r) maliyet se\u00e7ene\u011fi<\/td>\n<\/tr>\n<tr>\n<td width=\"134\">Renk<\/td>\n<td width=\"504\">Siyah, Mavi, K\u0131rm\u0131z\u0131 veya \u00d6zel<\/td>\n<\/tr>\n<tr>\n<td width=\"134\">Kullan\u0131m<\/td>\n<td width=\"504\">Ta\u015f\u0131ma Depolamay\u0131 Koruyun<\/td>\n<\/tr>\n<\/tbody>\n<\/table>\n<\/section>\n<h1>SX'in 18 \u0130n\u00e7 Subwoofer Kutusu ile E\u015fsiz Ses Deneyimini Ya\u015fay\u0131n<\/h1>\n<h2>G\u00fc\u00e7l\u00fc Ses, M\u00fckemmel Tasar\u0131m<\/h2>\n<p>The <a href=\"https:\/\/sxpowercase.com\/\" target=\"_blank\"  rel=\"noopener\" title=\"SX\"  data-wpil-monitor-id=\"463\">SX<\/a> 18 in\u00e7 Subwoofer Kutusu e\u015fsiz bir ses deneyimi sunar. Ses sisteminizi geli\u015ftirmek i\u00e7in tasarlanan bu \u00fcr\u00fcn, her alan\u0131 d\u00f6n\u00fc\u015ft\u00fcren derin ve g\u00fc\u00e7l\u00fc baslar sa\u011flar. \u015e\u0131k tasar\u0131m\u0131, kurulumunuza sorunsuz bir \u015fekilde entegre olarak hem estetik \u00e7ekicilik hem de \u00fcst\u00fcn performans sunar.<\/p>\n<h2>\u00dcst\u00fcn \u0130\u015f\u00e7ilik<\/h2>\n<h3>Dayan\u0131kl\u0131l\u0131k i\u00e7in \u00dcretildi<\/h3>\n<p>SX olarak kaliteye inan\u0131yoruz. 18 in\u00e7 Subwoofer Kutumuz, uzun \u00f6m\u00fcrl\u00fc dayan\u0131kl\u0131l\u0131k ve performans sa\u011flayan y\u00fcksek kaliteli malzemelerden \u00fcretilmi\u015ftir. Sa\u011flam yap\u0131s\u0131, ta\u015f\u0131ma ve kullan\u0131m zorluklar\u0131na dayan\u0131r ve ses ekipman\u0131n\u0131za g\u00fcvenilir bir katk\u0131 sa\u011flar.<\/p>\n<h2>Fabrika Do\u011frudan Sat\u0131\u015f<\/h2>\n<h3>En \u0130yi De\u011fer Garantili<\/h3>\n<p>SX'in fabrika do\u011frudan sat\u0131\u015f modeli, yat\u0131r\u0131m\u0131n\u0131z i\u00e7in en iyi de\u011feri alman\u0131z\u0131 sa\u011flar. Arac\u0131lar\u0131 ortadan kald\u0131rarak, y\u00fcksek kaliteli \u00fcr\u00fcnleri rekabet\u00e7i fiyatlarla sunuyoruz. 18 in\u00e7 Subwoofer Kutusu, bankay\u0131 bozmadan birinci s\u0131n\u0131f ses arayan odyofiller i\u00e7in uygun maliyetli bir \u00e7\u00f6z\u00fcmd\u00fcr.<\/p>\n<h2>\u00d6zelle\u015ftirme Hizmetleri<\/h2>\n<h3>\u0130htiya\u00e7lar\u0131n\u0131za G\u00f6re Tasarlanm\u0131\u015f<\/h3>\n<p>SX, her ses sisteminin benzersiz oldu\u011funun fark\u0131ndad\u0131r. Bu nedenle 18 in\u00e7 Subwoofer Kutumuz i\u00e7in \u00f6zelle\u015ftirme se\u00e7enekleri sunuyoruz. \u0130ster belirli boyutlara, kaplamalara veya ek \u00f6zelliklere ihtiyac\u0131n\u0131z olsun, subwoofer kutusunu ihtiya\u00e7lar\u0131n\u0131za tam olarak uyacak \u015fekilde \u00f6zelle\u015ftirebiliriz. Tercihlerinize g\u00f6re uyarlanm\u0131\u015f bir \u00fcr\u00fcn\u00fcn keyfini \u00e7\u0131kar\u0131n.<\/p>\n<h2>Ses Deneyiminizi Y\u00fckseltin<\/h2>\n<h3>Derin Bas, Net Ses<\/h3>\n<p>SX'in 18 in\u00e7 Subwoofer Kutusu, ses kurulumunuzu derin, zengin bas ve net ses kalitesiyle geli\u015ftirir. M\u00fczik tutkunlar\u0131, ev sinemalar\u0131 ve profesyonel kurulumlar i\u00e7in m\u00fckemmel olan bu \u00fcr\u00fcn, dinleme deneyiminizi y\u00fckseltir. En sevdi\u011finiz par\u00e7alar\u0131 ve filmleri hayata ge\u00e7iren s\u00fcr\u00fckleyici sesin keyfini \u00e7\u0131kar\u0131n.<\/p>\n<hr \/>\n<p>Ses sisteminizi SX 18 in\u00e7 Subwoofer Kutusu ile y\u00fckseltin. Do\u011frudan fabrika sat\u0131\u015flar\u0131m\u0131z ve \u00f6zelle\u015ftirme hizmetlerimiz hakk\u0131nda daha fazla bilgi edinmek i\u00e7in bug\u00fcn bize ula\u015f\u0131n. SX ile g\u00fc\u00e7, dayan\u0131kl\u0131l\u0131k ve de\u011ferin m\u00fckemmel kar\u0131\u015f\u0131m\u0131n\u0131 deneyimleyin ve ses sisteminizi bir \u00fcst seviyeye ta\u015f\u0131y\u0131n.<\/p>\n<p><strong>SSS<\/strong><\/p>\n<p>S: Kendi ambalaj\u0131m\u0131z\u0131 yapabilir misiniz?<\/p>\n<p>A: Evet, sadece paket tasar\u0131m\u0131n\u0131 sa\u011flay\u0131n ve biz istedi\u011finizi \u00fcretelim. Ayr\u0131ca profesyonel tasar\u0131mc\u0131m\u0131z paketleme tasar\u0131m\u0131n\u0131 yapman\u0131za yard\u0131mc\u0131 olabilir.<\/p>\n<p>Q. \u00d6rnek sa\u011fl\u0131yor musunuz?<\/p>\n<p>A. Evet, numune sa\u011fl\u0131yoruz ve b\u00fcy\u00fck sipari\u015fi onaylad\u0131\u011f\u0131n\u0131zda numune maliyeti size geri d\u00f6necektir.<\/p>\n<p>Q. \u00dcr\u00fcnleriniz nelerdir?<\/p>\n<p>A. <a class=\"wpil_keyword_link\" title=\"U\u00e7u\u015f \u00e7antas\u0131\" href=\"https:\/\/sxpowercase.com\/product-category\/all-product\/flight-case\/\" target=\"_blank\" rel=\"noopener\" data-wpil-keyword-link=\"linked\" data-wpil-monitor-id=\"412\">U\u00e7u\u015f \u00e7antas\u0131<\/a> raf \u00e7antas\u0131, bagaj \u00e7antas\u0131, mikser \u00e7antas\u0131, TV \u00e7antas\u0131 vb. gibi.<\/p>\n<p>S\u0131cak Etiketler: D\u00fc\u015f\u00fck fiyat, stokta, \u00fccretsiz numune, G\u00fc\u00e7 ve Sinyal Kablosu, 16 Gauge 4 \u0130letken Tel, Mikrofon Stand\u0131 K\u0131l\u0131f\u0131, D\u0131\u015f Mekan Led Ekran Kabini, Raf Montaj\u0131, 19 \"Rafa Monte Mikser U\u00e7u\u015f K\u0131l\u0131flar\u0131 \uff0c elektrik da\u011f\u0131t\u0131m kutusu, \u00c7in, tedarik\u00e7iler, fabrika, \u00f6zelle\u015ftirilmi\u015f, toptan sat\u0131\u015f, 18 in\u00e7 Subwoofer Kutusu,<span style=\"color: #993366;\"><a style=\"color: #993366;\" href=\"https:\/\/sxflightcase.com\/tr\/product-category\/all-product\/power-distribution-boxes\/\">g\u00fc\u00e7 kutular\u0131<\/a>,\u00a0<a style=\"color: #993366;\" href=\"https:\/\/sxflightcase.com\/tr\/product-category\/all-product\/hoist-controllers\/\">g\u00fc\u00e7 kablolar\u0131<\/a>,\u00a0<a style=\"color: #993366;\" href=\"https:\/\/sxflightcase.com\/tr\/product-category\/all-product\/hoist-controllers\/\">vin\u00e7 kontrol\u00f6rleri<\/a>,\u00a0<a style=\"color: #993366;\" href=\"https:\/\/sxflightcase.com\/tr\/product-category\/all-product\/flight-case\/\">u\u00e7u\u015f vakalar\u0131.<\/a><\/span><\/p>","protected":false},"excerpt":{"rendered":"<h2 class=\"prodetails-name\">18 \u0130n\u00e7 Subwoofer Kutusu<\/h2>\n<p>\u015eirket i\u00e7i deneyimlerimiz, m\u00fc\u015fterilerimizin kasadan beklentilerini anlad\u0131\u011f\u0131m\u0131z ve ayn\u0131 zamanda ekipman\u0131n\u0131z\u0131 ta\u015f\u0131rken i\u015finizi kolayla\u015ft\u0131rmaya yard\u0131mc\u0131 olmak i\u00e7in \u00e7e\u015fitli \u00f6zelle\u015ftirme se\u00e7enekleri sunabildi\u011fimiz anlam\u0131na gelir. 18 in\u00e7 subwoofer kutusu, \u00e7ok y\u00f6nl\u00fcl\u00fc\u011f\u00fc nedeniyle piyasadaki en pop\u00fcler u\u00e7u\u015f kasalar\u0131ndan biridir.<\/p>\n<h2><strong>\u00dcretim tan\u0131t\u0131m\u0131<\/strong><\/h2>\n<p>18 in\u00e7 subwoofer kutusu<\/p>\n<p>* Etli, \u0130stiflenebilir Top K\u00f6\u015feleri<\/p>\n<p>* \u00c7ift Ankrajl\u0131 End\u00fcstriyel Per\u00e7inler<\/p>\n<p>* G\u00f6mme, End\u00fcstriyel S\u0131n\u0131f Mandallar<\/p>\n<p>* G\u00f6mme, End\u00fcstriyel S\u0131n\u0131f Kulp<\/p>\n<p>* End\u00fcstriyel S\u0131n\u0131f Kau\u00e7uk Ayaklar<\/p>\n<p>* Premium 3\/8 in\u00e7 Vinil Lamine Kontrplak<\/p>\n<p>* Dil ve Oluk Kilitleme Ge\u00e7mesi<\/p>\n<p>* Ayarlanabilir Mikser\/CD \u00c7alar geni\u015flik \u015feritleri i\u00e7erir<\/p>\n<p>* Raf S\u0131n\u0131rl\u0131 \u00d6m\u00fcr Boyu Garanti<\/p>\n<p>* ATA 300 Derecelendirmesi<\/p>","protected":false},"featured_media":1719,"comment_status":"open","ping_status":"closed","template":"","meta":[],"product_brand":[],"product_cat":[41],"product_tag":[],"class_list":{"0":"post-1718","1":"product","2":"type-product","3":"status-publish","4":"has-post-thumbnail","6":"product_cat-equipment-cases","8":"first","9":"instock","10":"shipping-taxable","11":"product-type-simple"},"yoast_head":"<!-- This site is optimized with the Yoast SEO Premium plugin v27.1 (Yoast SEO v27.2) - https:\/\/yoast.com\/product\/yoast-seo-premium-wordpress\/ -->\n<title>18 Inch Subwoofer Box - https:\/\/sxflightcase.com \ud83d\udc97<\/title>\n<meta name=\"description\" content=\"18 Inch Subwoofer Box: Get factory-direct sales and professional customization for optimal protection and organization of your lighting equipment\" \/>\n<meta name=\"robots\" content=\"index, follow, max-snippet:-1, max-image-preview:large, max-video-preview:-1\" \/>\n<link rel=\"canonical\" href=\"https:\/\/sxflightcase.com\/tr\/\u88fd\u54c1\/18\u30a4\u30f3\u30c1\u30fb\u30b5\u30d6\u30a6\u30fc\u30d5\u30a1\u30fc\u30dc\u30c3\u30af\u30b9\/\" \/>\n<meta property=\"og:locale\" content=\"tr_TR\" \/>\n<meta property=\"og:type\" content=\"article\" \/>\n<meta property=\"og:title\" content=\"18 Inch Subwoofer Box\" \/>\n<meta property=\"og:description\" content=\"18 Inch Subwoofer Box: Get factory-direct sales and professional customization for optimal protection and organization of your lighting equipment\" \/>\n<meta property=\"og:url\" content=\"https:\/\/sxflightcase.com\/tr\/\u88fd\u54c1\/18\u30a4\u30f3\u30c1\u30fb\u30b5\u30d6\u30a6\u30fc\u30d5\u30a1\u30fc\u30dc\u30c3\u30af\u30b9\/\" \/>\n<meta property=\"og:site_name\" content=\"https:\/\/sxflightcase.com\" \/>\n<meta property=\"article:publisher\" content=\"https:\/\/www.facebook.com\/profile.php?id=61560407257971\" \/>\n<meta property=\"article:modified_time\" content=\"2024-06-25T08:32:02+00:00\" \/>\n<meta property=\"og:image\" content=\"https:\/\/sxflightcase.com\/wp-content\/uploads\/2024\/05\/18-inch-subwoofer-box05049421198.jpg\" \/>\n\t<meta property=\"og:image:width\" content=\"350\" \/>\n\t<meta property=\"og:image:height\" content=\"350\" \/>\n\t<meta property=\"og:image:type\" content=\"image\/jpeg\" \/>\n<meta name=\"twitter:card\" content=\"summary_large_image\" \/>\n<meta name=\"twitter:label1\" content=\"Tahmini okuma s\u00fcresi\" \/>\n\t<meta name=\"twitter:data1\" content=\"3 dakika\" \/>\n<script type=\"application\/ld+json\" class=\"yoast-schema-graph\">{\"@context\":\"https:\/\/schema.org\",\"@graph\":[{\"@type\":\"WebPage\",\"@id\":\"https:\/\/sxflightcase.com\/ja\/\u88fd\u54c1\/18\u30a4\u30f3\u30c1\u30fb\u30b5\u30d6\u30a6\u30fc\u30d5\u30a1\u30fc\u30dc\u30c3\u30af\u30b9\/\",\"url\":\"https:\/\/sxflightcase.com\/ja\/\u88fd\u54c1\/18\u30a4\u30f3\u30c1\u30fb\u30b5\u30d6\u30a6\u30fc\u30d5\u30a1\u30fc\u30dc\u30c3\u30af\u30b9\/\",\"name\":\"18 Inch Subwoofer Box - https:\/\/sxflightcase.com \ud83d\udc97\",\"isPartOf\":{\"@id\":\"https:\/\/sxflightcase.com\/th\/#website\"},\"primaryImageOfPage\":{\"@id\":\"https:\/\/sxflightcase.com\/ja\/\u88fd\u54c1\/18\u30a4\u30f3\u30c1\u30fb\u30b5\u30d6\u30a6\u30fc\u30d5\u30a1\u30fc\u30dc\u30c3\u30af\u30b9\/#primaryimage\"},\"image\":{\"@id\":\"https:\/\/sxflightcase.com\/ja\/\u88fd\u54c1\/18\u30a4\u30f3\u30c1\u30fb\u30b5\u30d6\u30a6\u30fc\u30d5\u30a1\u30fc\u30dc\u30c3\u30af\u30b9\/#primaryimage\"},\"thumbnailUrl\":\"https:\/\/sxflightcase.com\/wp-content\/uploads\/2024\/05\/18-inch-subwoofer-box05049421198.jpg\",\"datePublished\":\"2024-05-10T03:53:18+00:00\",\"dateModified\":\"2024-06-25T08:32:02+00:00\",\"description\":\"18 Inch Subwoofer Box: Get factory-direct sales and professional customization for optimal protection and organization of your lighting equipment\",\"breadcrumb\":{\"@id\":\"https:\/\/sxflightcase.com\/ja\/\u88fd\u54c1\/18\u30a4\u30f3\u30c1\u30fb\u30b5\u30d6\u30a6\u30fc\u30d5\u30a1\u30fc\u30dc\u30c3\u30af\u30b9\/#breadcrumb\"},\"inLanguage\":\"tr\",\"potentialAction\":[{\"@type\":\"ReadAction\",\"target\":[\"https:\/\/sxflightcase.com\/ja\/\u88fd\u54c1\/18\u30a4\u30f3\u30c1\u30fb\u30b5\u30d6\u30a6\u30fc\u30d5\u30a1\u30fc\u30dc\u30c3\u30af\u30b9\/\"]}]},{\"@type\":\"ImageObject\",\"inLanguage\":\"tr\",\"@id\":\"https:\/\/sxflightcase.com\/ja\/\u88fd\u54c1\/18\u30a4\u30f3\u30c1\u30fb\u30b5\u30d6\u30a6\u30fc\u30d5\u30a1\u30fc\u30dc\u30c3\u30af\u30b9\/#primaryimage\",\"url\":\"https:\/\/sxflightcase.com\/wp-content\/uploads\/2024\/05\/18-inch-subwoofer-box05049421198.jpg\",\"contentUrl\":\"https:\/\/sxflightcase.com\/wp-content\/uploads\/2024\/05\/18-inch-subwoofer-box05049421198.jpg\",\"width\":350,\"height\":350,\"caption\":\"18 Inch Subwoofer Box\"},{\"@type\":\"BreadcrumbList\",\"@id\":\"https:\/\/sxflightcase.com\/ja\/\u88fd\u54c1\/18\u30a4\u30f3\u30c1\u30fb\u30b5\u30d6\u30a6\u30fc\u30d5\u30a1\u30fc\u30dc\u30c3\u30af\u30b9\/#breadcrumb\",\"itemListElement\":[{\"@type\":\"ListItem\",\"position\":1,\"name\":\"Home\",\"item\":\"https:\/\/sxflightcase.com\/\"},{\"@type\":\"ListItem\",\"position\":2,\"name\":\"\u0e2a\u0e34\u0e19\u0e04\u0e49\u0e32\",\"item\":\"https:\/\/sxflightcase.com\/th\/shop\/\"},{\"@type\":\"ListItem\",\"position\":3,\"name\":\"18 Inch Subwoofer Box\"}]},{\"@type\":\"WebSite\",\"@id\":\"https:\/\/sxflightcase.com\/th\/#website\",\"url\":\"https:\/\/sxflightcase.com\/th\/\",\"name\":\"sxpowercase.com\",\"description\":\"Flight Case Factory\",\"publisher\":{\"@id\":\"https:\/\/sxflightcase.com\/th\/#organization\"},\"potentialAction\":[{\"@type\":\"SearchAction\",\"target\":{\"@type\":\"EntryPoint\",\"urlTemplate\":\"https:\/\/sxflightcase.com\/th\/?s={search_term_string}\"},\"query-input\":{\"@type\":\"PropertyValueSpecification\",\"valueRequired\":true,\"valueName\":\"search_term_string\"}}],\"inLanguage\":\"tr\"},{\"@type\":\"Organization\",\"@id\":\"https:\/\/sxflightcase.com\/th\/#organization\",\"name\":\"sxpowercase.com\",\"url\":\"https:\/\/sxflightcase.com\/th\/\",\"logo\":{\"@type\":\"ImageObject\",\"inLanguage\":\"tr\",\"@id\":\"https:\/\/sxflightcase.com\/th\/#\/schema\/logo\/image\/\",\"url\":\"https:\/\/sxflightcase.com\/wp-content\/uploads\/2024\/04\/1713919036007.jpg\",\"contentUrl\":\"https:\/\/sxflightcase.com\/wp-content\/uploads\/2024\/04\/1713919036007.jpg\",\"width\":382,\"height\":388,\"caption\":\"sxpowercase.com\"},\"image\":{\"@id\":\"https:\/\/sxflightcase.com\/th\/#\/schema\/logo\/image\/\"},\"sameAs\":[\"https:\/\/www.facebook.com\/profile.php?id=61560407257971\"],\"numberOfEmployees\":{\"@type\":\"QuantitativeValue\",\"minValue\":\"11\",\"maxValue\":\"50\"}}]}<\/script>\n<!-- \/ Yoast SEO Premium plugin. -->","yoast_head_json":{"title":"18 Inch Subwoofer Box - https:\/\/sxflightcase.com \ud83d\udc97","description":"18 in\u00e7 Subwoofer Kutusu: Ayd\u0131nlatma ekipman\u0131n\u0131z\u0131n optimum korunmas\u0131 ve organizasyonu i\u00e7in fabrikadan do\u011frudan sat\u0131\u015f ve profesyonel \u00f6zelle\u015ftirme elde edin","robots":{"index":"index","follow":"follow","max-snippet":"max-snippet:-1","max-image-preview":"max-image-preview:large","max-video-preview":"max-video-preview:-1"},"canonical":"https:\/\/sxflightcase.com\/tr\/\u88fd\u54c1\/18\u30a4\u30f3\u30c1\u30fb\u30b5\u30d6\u30a6\u30fc\u30d5\u30a1\u30fc\u30dc\u30c3\u30af\u30b9\/","og_locale":"tr_TR","og_type":"article","og_title":"18 Inch Subwoofer Box","og_description":"18 Inch Subwoofer Box: Get factory-direct sales and professional customization for optimal protection and organization of your lighting equipment","og_url":"https:\/\/sxflightcase.com\/tr\/\u88fd\u54c1\/18\u30a4\u30f3\u30c1\u30fb\u30b5\u30d6\u30a6\u30fc\u30d5\u30a1\u30fc\u30dc\u30c3\u30af\u30b9\/","og_site_name":"https:\/\/sxflightcase.com","article_publisher":"https:\/\/www.facebook.com\/profile.php?id=61560407257971","article_modified_time":"2024-06-25T08:32:02+00:00","og_image":[{"width":350,"height":350,"url":"https:\/\/sxflightcase.com\/wp-content\/uploads\/2024\/05\/18-inch-subwoofer-box05049421198.jpg","type":"image\/jpeg"}],"twitter_card":"summary_large_image","twitter_misc":{"Tahmini okuma s\u00fcresi":"3 dakika"},"schema":{"@context":"https:\/\/schema.org","@graph":[{"@type":"WebPage","@id":"https:\/\/sxflightcase.com\/ja\/\u88fd\u54c1\/18\u30a4\u30f3\u30c1\u30fb\u30b5\u30d6\u30a6\u30fc\u30d5\u30a1\u30fc\u30dc\u30c3\u30af\u30b9\/","url":"https:\/\/sxflightcase.com\/ja\/\u88fd\u54c1\/18\u30a4\u30f3\u30c1\u30fb\u30b5\u30d6\u30a6\u30fc\u30d5\u30a1\u30fc\u30dc\u30c3\u30af\u30b9\/","name":"18 Inch Subwoofer Box - https:\/\/sxflightcase.com \ud83d\udc97","isPartOf":{"@id":"https:\/\/sxflightcase.com\/th\/#website"},"primaryImageOfPage":{"@id":"https:\/\/sxflightcase.com\/ja\/\u88fd\u54c1\/18\u30a4\u30f3\u30c1\u30fb\u30b5\u30d6\u30a6\u30fc\u30d5\u30a1\u30fc\u30dc\u30c3\u30af\u30b9\/#primaryimage"},"image":{"@id":"https:\/\/sxflightcase.com\/ja\/\u88fd\u54c1\/18\u30a4\u30f3\u30c1\u30fb\u30b5\u30d6\u30a6\u30fc\u30d5\u30a1\u30fc\u30dc\u30c3\u30af\u30b9\/#primaryimage"},"thumbnailUrl":"https:\/\/sxflightcase.com\/wp-content\/uploads\/2024\/05\/18-inch-subwoofer-box05049421198.jpg","datePublished":"2024-05-10T03:53:18+00:00","dateModified":"2024-06-25T08:32:02+00:00","description":"18 in\u00e7 Subwoofer Kutusu: Ayd\u0131nlatma ekipman\u0131n\u0131z\u0131n optimum korunmas\u0131 ve organizasyonu i\u00e7in fabrikadan do\u011frudan sat\u0131\u015f ve profesyonel \u00f6zelle\u015ftirme elde edin","breadcrumb":{"@id":"https:\/\/sxflightcase.com\/ja\/\u88fd\u54c1\/18\u30a4\u30f3\u30c1\u30fb\u30b5\u30d6\u30a6\u30fc\u30d5\u30a1\u30fc\u30dc\u30c3\u30af\u30b9\/#breadcrumb"},"inLanguage":"tr","potentialAction":[{"@type":"ReadAction","target":["https:\/\/sxflightcase.com\/ja\/\u88fd\u54c1\/18\u30a4\u30f3\u30c1\u30fb\u30b5\u30d6\u30a6\u30fc\u30d5\u30a1\u30fc\u30dc\u30c3\u30af\u30b9\/"]}]},{"@type":"ImageObject","inLanguage":"tr","@id":"https:\/\/sxflightcase.com\/ja\/\u88fd\u54c1\/18\u30a4\u30f3\u30c1\u30fb\u30b5\u30d6\u30a6\u30fc\u30d5\u30a1\u30fc\u30dc\u30c3\u30af\u30b9\/#primaryimage","url":"https:\/\/sxflightcase.com\/wp-content\/uploads\/2024\/05\/18-inch-subwoofer-box05049421198.jpg","contentUrl":"https:\/\/sxflightcase.com\/wp-content\/uploads\/2024\/05\/18-inch-subwoofer-box05049421198.jpg","width":350,"height":350,"caption":"18 Inch Subwoofer Box"},{"@type":"BreadcrumbList","@id":"https:\/\/sxflightcase.com\/ja\/\u88fd\u54c1\/18\u30a4\u30f3\u30c1\u30fb\u30b5\u30d6\u30a6\u30fc\u30d5\u30a1\u30fc\u30dc\u30c3\u30af\u30b9\/#breadcrumb","itemListElement":[{"@type":"ListItem","position":1,"name":"Home","item":"https:\/\/sxflightcase.com\/"},{"@type":"ListItem","position":2,"name":"\u0e2a\u0e34\u0e19\u0e04\u0e49\u0e32","item":"https:\/\/sxflightcase.com\/th\/shop\/"},{"@type":"ListItem","position":3,"name":"18 Inch Subwoofer Box"}]},{"@type":"WebSite","@id":"https:\/\/sxflightcase.com\/th\/#website","url":"https:\/\/sxflightcase.com\/th\/","name":"sxpowercase.com","description":"U\u00e7u\u015f \u00c7antas\u0131 Fabrikas\u0131","publisher":{"@id":"https:\/\/sxflightcase.com\/th\/#organization"},"potentialAction":[{"@type":"SearchAction","target":{"@type":"EntryPoint","urlTemplate":"https:\/\/sxflightcase.com\/th\/?s={search_term_string}"},"query-input":{"@type":"PropertyValueSpecification","valueRequired":true,"valueName":"search_term_string"}}],"inLanguage":"tr"},{"@type":"Organization","@id":"https:\/\/sxflightcase.com\/th\/#organization","name":"sxpowercase.com","url":"https:\/\/sxflightcase.com\/th\/","logo":{"@type":"ImageObject","inLanguage":"tr","@id":"https:\/\/sxflightcase.com\/th\/#\/schema\/logo\/image\/","url":"https:\/\/sxflightcase.com\/wp-content\/uploads\/2024\/04\/1713919036007.jpg","contentUrl":"https:\/\/sxflightcase.com\/wp-content\/uploads\/2024\/04\/1713919036007.jpg","width":382,"height":388,"caption":"sxpowercase.com"},"image":{"@id":"https:\/\/sxflightcase.com\/th\/#\/schema\/logo\/image\/"},"sameAs":["https:\/\/www.facebook.com\/profile.php?id=61560407257971"],"numberOfEmployees":{"@type":"QuantitativeValue","minValue":"11","maxValue":"50"}}]}},"_links":{"self":[{"href":"https:\/\/sxflightcase.com\/tr\/wp-json\/wp\/v2\/product\/1718","targetHints":{"allow":["GET"]}}],"collection":[{"href":"https:\/\/sxflightcase.com\/tr\/wp-json\/wp\/v2\/product"}],"about":[{"href":"https:\/\/sxflightcase.com\/tr\/wp-json\/wp\/v2\/types\/product"}],"replies":[{"embeddable":true,"href":"https:\/\/sxflightcase.com\/tr\/wp-json\/wp\/v2\/comments?post=1718"}],"version-history":[{"count":0,"href":"https:\/\/sxflightcase.com\/tr\/wp-json\/wp\/v2\/product\/1718\/revisions"}],"wp:featuredmedia":[{"embeddable":true,"href":"https:\/\/sxflightcase.com\/tr\/wp-json\/wp\/v2\/media\/1719"}],"wp:attachment":[{"href":"https:\/\/sxflightcase.com\/tr\/wp-json\/wp\/v2\/media?parent=1718"}],"wp:term":[{"taxonomy":"product_brand","embeddable":true,"href":"https:\/\/sxflightcase.com\/tr\/wp-json\/wp\/v2\/product_brand?post=1718"},{"taxonomy":"product_cat","embeddable":true,"href":"https:\/\/sxflightcase.com\/tr\/wp-json\/wp\/v2\/product_cat?post=1718"},{"taxonomy":"product_tag","embeddable":true,"href":"https:\/\/sxflightcase.com\/tr\/wp-json\/wp\/v2\/product_tag?post=1718"}],"curies":[{"name":"wp","href":"https:\/\/api.w.org\/{rel}","templated":true}]}}