{"id":1721,"date":"2024-05-10T04:57:40","date_gmt":"2024-05-10T03:57:40","guid":{"rendered":"https:\/\/sxpowercase.com\/?post_type=product&#038;p=1721"},"modified":"2024-06-21T02:32:51","modified_gmt":"2024-06-21T01:32:51","slug":"dual-15-inch-subwoofer-box","status":"publish","type":"product","link":"https:\/\/sxflightcase.com\/tr\/urun\/cift-15-inc-subwoofer-kutusu\/","title":{"rendered":"\u00c7ift 15 \u0130n\u00e7 Subwoofer Kutusu"},"content":{"rendered":"<h3><strong>\u00dcr\u00fcn parametresi(spesifikasyonu)<\/strong><\/h3>\n<section class=\"table-wrap\">\n<table class=\"table\" width=\"100%\" cellspacing=\"0\" cellpadding=\"0\">\n<tbody>\n<tr class=\"firstRow\">\n<td width=\"148\">\u00dcr\u00fcn ad\u0131:<\/td>\n<td width=\"569\">\u00c7ift 15 in\u00e7 subwoofer kutusu<\/td>\n<\/tr>\n<tr>\n<td width=\"148\">Boyut:<\/td>\n<td width=\"569\">Ger\u00e7ek ekipman boyutuna ba\u011fl\u0131d\u0131r<\/td>\n<\/tr>\n<tr>\n<td width=\"148\">Renk:<\/td>\n<td width=\"569\">siyah \/ k\u0131rm\u0131z\u0131 \/ mavi vb.<\/td>\n<\/tr>\n<tr>\n<td width=\"148\">Malzemeler :<\/td>\n<td width=\"569\">Al\u00fcminyum + Kontrplak + ABS panel+Donan\u0131m+K\u00f6p\u00fck<\/td>\n<\/tr>\n<tr>\n<td width=\"148\">Logo :<\/td>\n<td width=\"569\">Serigrafi logo \/ kabartma logo \/ lazer logo i\u00e7in kullan\u0131labilir<\/td>\n<\/tr>\n<tr>\n<td width=\"148\">ADEDI:<\/td>\n<td width=\"569\">10 adet<\/td>\n<\/tr>\n<tr>\n<td width=\"148\">\u00d6rnekleme zaman\u0131 :<\/td>\n<td width=\"569\">5-7 g\u00fcn<\/td>\n<\/tr>\n<tr>\n<td width=\"148\">\u00dcretim s\u00fcresi :<\/td>\n<td width=\"569\">Sipari\u015f onayland\u0131ktan 4 hafta sonra<\/td>\n<\/tr>\n<tr>\n<td width=\"148\">Sevkiyat liman\u0131:<\/td>\n<td width=\"569\">Shenzhen, Guangzhou, Hongkong<\/td>\n<\/tr>\n<tr>\n<td width=\"148\">Ticaret \u015fartlar\u0131:<\/td>\n<td width=\"569\">Ex-work \/ FOB \/ CIF \/ DDU<\/td>\n<\/tr>\n<tr>\n<td width=\"148\">\u00d6deme S\u00fcresi:<\/td>\n<td width=\"569\">T \/ T 30% depozito ve sevkiyat \u00f6ncesi 70%, g\u00f6r\u00fcn\u00fcrde L \/ C, Western Union vb.<\/td>\n<\/tr>\n<tr>\n<td width=\"148\">\u00d6zellik:<\/td>\n<td width=\"569\">1) \u015e\u0131k, dayan\u0131kl\u0131 ve ekonomik tasar\u0131m<br \/>\n2) \u0130nce i\u015f\u00e7ilik ve \u00f6zel tasar\u0131m<br \/>\n3) Herhangi bir tasar\u0131m, logo bas\u0131labilir veya nak\u0131\u015f yap\u0131labilir<br \/>\n4) \u00d6zel boyutlar, logolar ve tasar\u0131mlar kabul edilir<\/td>\n<\/tr>\n<\/tbody>\n<\/table>\n<\/section>\n<section class=\"table-wrap\">\n<table class=\"table\" width=\"100%\" cellspacing=\"0\" cellpadding=\"0\">\n<tbody>\n<tr class=\"firstRow\">\n<td colspan=\"3\" width=\"100%\">Paketleme ve Kargolama<\/td>\n<\/tr>\n<tr>\n<td rowspan=\"3\" width=\"33%\">Kargo S\u00fcresi<\/td>\n<td width=\"33%\">Deniz yoluyla<\/td>\n<td width=\"33%\">15-60 g\u00fcn<\/td>\n<\/tr>\n<tr>\n<td width=\"33%\">Hava yoluyla<\/td>\n<td width=\"33%\">4-9 g\u00fcn<\/td>\n<\/tr>\n<tr>\n<td width=\"33%\">Ekspres ile<\/td>\n<td width=\"33%\">4-9 g\u00fcn<\/td>\n<\/tr>\n<tr>\n<td width=\"33%\">Teslimat s\u00fcresi<\/td>\n<td colspan=\"2\" width=\"66%\">7-15 \u00e7al\u0131\u015fma veya ihtiya\u00e7lar\u0131n\u0131za g\u00f6re<\/td>\n<\/tr>\n<tr>\n<td width=\"33%\">Ambalajlama<\/td>\n<td colspan=\"2\" width=\"66%\">Karton veya iste\u011finize g\u00f6re<\/td>\n<\/tr>\n<\/tbody>\n<\/table>\n<\/section>\n<h1><strong>SX Dual 15 in\u00e7 Subwoofer Kutusu ile G\u00fc\u00e7l\u00fc Bas Deneyimini Ya\u015fay\u0131n<\/strong><\/h1>\n<h2>E\u015fsiz Ses Kalitesi<\/h2>\n<p>ile ses deneyiminizi y\u00fckseltin <strong>\u00c7ift 15 \u0130n\u00e7 Subwoofer Kutusu<\/strong> itibaren <a href=\"https:\/\/sxpowercase.com\/\" target=\"_blank\" rel=\"noopener\" title=\"SX\" data-wpil-monitor-id=\"112\">SX<\/a>. Derin ve zengin baslar sunmak i\u00e7in tasarlanan bu subwoofer kutusu, m\u00fczik ve film m\u00fcziklerinizi d\u00f6n\u00fc\u015ft\u00fcrerek s\u00fcr\u00fckleyici bir dinleme deneyimi yarat\u0131r.<\/p>\n<h2>Her Alan \u0130\u00e7in M\u00fckemmel<\/h2>\n<h3>\u00c7ok Y\u00f6nl\u00fc ve Kompakt<\/h3>\n<p>SX <strong>\u00c7ift 15 \u0130n\u00e7 Subwoofer Kutusu<\/strong> her t\u00fcrl\u00fc kuruluma sorunsuzca uyum sa\u011flar. Kompakt tasar\u0131m\u0131 g\u00fc\u00e7ten \u00f6d\u00fcn vermez, bu da onu hem ev hem de araba ses sistemleri i\u00e7in ideal hale getirir. Alandan \u00f6d\u00fcn vermeden y\u00fcksek kaliteli sesin keyfini \u00e7\u0131kar\u0131n.<\/p>\n<h2>\u00dcreticiden Do\u011frudan<\/h2>\n<h3>Fabrika Do\u011frudan Sat\u0131\u015f<\/h3>\n<p>SX'i se\u00e7ti\u011finizde, do\u011frudan fabrika sat\u0131\u015flar\u0131ndan faydalan\u0131rs\u0131n\u0131z. Bu, rakipsiz fiyatlarla en kaliteli \u00fcr\u00fcnleri alaca\u011f\u0131n\u0131z anlam\u0131na gelir. M\u00fckemmellik taahh\u00fcd\u00fcm\u00fcz, a\u015fa\u011f\u0131daki \u00f6zelliklere sahip olman\u0131z\u0131 sa\u011flar <strong>\u00c7ift 15 \u0130n\u00e7 Subwoofer Kutusu<\/strong> en y\u00fcksek performans ve dayan\u0131kl\u0131l\u0131k standartlar\u0131n\u0131 kar\u015f\u0131lar.<\/p>\n<h2>\u00d6zelle\u015ftirilebilir Se\u00e7enekler<\/h2>\n<h3>\u0130htiya\u00e7lar\u0131n\u0131za G\u00f6re Tasarlanm\u0131\u015f<\/h3>\n<p>SX, \u00f6zel gereksinimlerinize uyacak \u015fekilde \u00f6zelle\u015ftirilebilir se\u00e7enekler sunar. Belirli bir kaplamaya, boyuta veya ek \u00f6zelliklere ihtiyac\u0131n\u0131z olup olmad\u0131\u011f\u0131na bak\u0131lmaks\u0131z\u0131n, ekibimiz a\u015fa\u011f\u0131dakileri sa\u011flamaya haz\u0131rd\u0131r <strong>15 \u0130n\u00e7 Subwoofer Kutusu<\/strong> ihtiya\u00e7lar\u0131n\u0131za m\u00fckemmel \u015fekilde uyan.<\/p>\n<h2>Ses Deneyiminizi Geli\u015ftirin<\/h2>\n<h3>Profesyonel Ses<\/h3>\n<p>Ses kurulumunuzu profesyonel d\u00fczeyde ses ile d\u00f6n\u00fc\u015ft\u00fcr\u00fcn. SX <strong>15 \u0130n\u00e7 Subwoofer Kutusu<\/strong> her ritmi g\u00fc\u00e7lendiren net, g\u00fc\u00e7l\u00fc bas \u00fcretmek \u00fczere tasarlanm\u0131\u015ft\u0131r ve hem ses merakl\u0131lar\u0131 hem de profesyoneller i\u00e7in sahip olunmas\u0131 gereken bir \u00fcr\u00fcnd\u00fcr.<\/p>\n<hr \/>\n<p>Ses sisteminizi SX ile y\u00fckseltin <strong>15 \u0130n\u00e7 Subwoofer Kutusu<\/strong>. Do\u011frudan fabrika sat\u0131\u015flar\u0131m\u0131z ve \u00f6zelle\u015ftirilebilir se\u00e7eneklerimiz hakk\u0131nda daha fazla bilgi edinmek i\u00e7in bug\u00fcn bize ula\u015f\u0131n. SX ile ses deneyiminizi y\u00fckseltin.<\/p>\n<p><strong>SSS<\/strong><\/p>\n<p>S: Kendi ambalaj\u0131m\u0131z\u0131 yapabilir misiniz?<\/p>\n<p>A: Evet, sadece paket tasar\u0131m\u0131n\u0131 sa\u011flay\u0131n ve biz istedi\u011finizi \u00fcretelim. Ayr\u0131ca profesyonel tasar\u0131mc\u0131m\u0131z paketleme tasar\u0131m\u0131n\u0131 yapman\u0131za yard\u0131mc\u0131 olabilir.<\/p>\n<p>Q. Kendi logomuzu basabilir miyiz?<\/p>\n<p>A. Evet, OEM hizmeti sunuyoruz.<\/p>\n<p>S: Mallar\u0131 nas\u0131l g\u00f6nderiyorsunuz ve ula\u015fmas\u0131 ne kadar s\u00fcr\u00fcyor?<\/p>\n<p>A: Normalde deniz yoluyla gemi, biz CIF fiyat veya eski i\u015f fiyat yapmak yard\u0131mc\u0131 olabilir.<\/p>\n<p>S\u0131cak Etiketler: D\u00fc\u015f\u00fck fiyat, stokta, \u00fccretsiz numune, G\u00fc\u00e7 ve Sinyal Kablosu, 16 \u00d6l\u00e7\u00fc 4 \u0130letkenli Tel, Mikrofon Stand K\u0131l\u0131f\u0131, A\u00e7\u0131k Hava LED Ekran Kabini, Raf Montaj\u0131, 19\u201d Raf Montajl\u0131 Mikser U\u00e7u\u015f K\u0131l\u0131flar\u0131, elektrik da\u011f\u0131t\u0131m kutusu, \u00c7in, tedarik\u00e7iler, fabrika, \u00f6zelle\u015ftirilmi\u015f, toptan sat\u0131\u015f, <span style=\"color: #993366;\"><a style=\"color: #993366;\" href=\"https:\/\/sxflightcase.com\/tr\/product-category\/all-product\/power-distribution-boxes\/\">g\u00fc\u00e7 kutular\u0131<\/a>,\u00a0<a style=\"color: #993366;\" href=\"https:\/\/sxflightcase.com\/tr\/product-category\/all-product\/hoist-controllers\/\">g\u00fc\u00e7 kablolar\u0131<\/a>,\u00a0<a style=\"color: #993366;\" href=\"https:\/\/sxflightcase.com\/tr\/product-category\/all-product\/hoist-controllers\/\">vin\u00e7 kontrol\u00f6rleri<\/a>,\u00a0<a style=\"color: #993366;\" href=\"https:\/\/sxflightcase.com\/tr\/product-category\/all-product\/flight-case\/\">u\u00e7u\u015f vakalar\u0131.<\/a><\/span><\/p>","protected":false},"excerpt":{"rendered":"<h2 class=\"prodetails-name\">\u00c7ift 15 \u0130n\u00e7 Subwoofer Kutusu<\/h2>\n<p>A noktas\u0131ndan B noktas\u0131na gitmek her zaman g\u00f6r\u00fcnd\u00fc\u011f\u00fc kadar kolay de\u011fildir. Bu nedenle, a\u011f\u0131r hizmet tipi bir yol bagaj\u0131 ile ta\u015f\u0131d\u0131\u011f\u0131n\u0131z ekipman\u0131n g\u00fcvenli\u011fini garanti alt\u0131na al\u0131n. \u00e7ift 15 in\u00e7 subwoofer kutusu, \u00e7ok y\u00f6nl\u00fcl\u00fc\u011f\u00fc nedeniyle piyasadaki en pop\u00fcler u\u00e7u\u015f \u00e7antalar\u0131ndan biridir.<\/p>\n<h2><strong>\u00dcretim tan\u0131t\u0131m\u0131<\/strong><\/h2>\n<p>\u00c7ift 15 in\u00e7 subwoofer kutusu<\/p>\n<p>Asma kilitli mandallara sahip bu \u00e7ift 15 in\u00e7 subwoofer kutusu, g\u00f6n\u00fcl rahatl\u0131\u011f\u0131 i\u00e7in g\u00fcvenlik sa\u011flar, ak\u0131ll\u0131 istiflenebilir k\u00f6\u015feler, birden fazla kasay\u0131 b\u00fcy\u00fck bir denge ile \u00fcst \u00fcste koyman\u0131za olanak tan\u0131r ve g\u00f6mme tutamaklar ta\u015f\u0131mas\u0131 rahatt\u0131r. ABS plastik \/ kontrplak laminat, k\u00f6p\u00fck astar, al\u00fcminyum ekstr\u00fczyonlar ve kaliteli donan\u0131mdan yap\u0131lm\u0131\u015ft\u0131r.<\/p>","protected":false},"featured_media":1722,"comment_status":"open","ping_status":"closed","template":"","meta":[],"product_brand":[],"product_cat":[41],"product_tag":[],"class_list":{"0":"post-1721","1":"product","2":"type-product","3":"status-publish","4":"has-post-thumbnail","6":"product_cat-equipment-cases","8":"first","9":"instock","10":"shipping-taxable","11":"product-type-simple"},"yoast_head":"<!-- This site is optimized with the Yoast SEO Premium plugin v27.1 (Yoast SEO v27.2) - https:\/\/yoast.com\/product\/yoast-seo-premium-wordpress\/ -->\n<title>Dual 15 Inch Subwoofer Box - https:\/\/sxflightcase.com \ud83d\udc97<\/title>\n<meta name=\"description\" content=\"Dual 15 Inch Subwoofer Box: Get factory-direct sales and professional customization for optimal protection and organization of your lighting equipment\" \/>\n<meta name=\"robots\" content=\"index, follow, max-snippet:-1, max-image-preview:large, max-video-preview:-1\" \/>\n<link rel=\"canonical\" href=\"https:\/\/sxflightcase.com\/tr\/\u0e1c\u0e25\u0e34\u0e15\u0e20\u0e31\u0e13\u0e11\u0e4c\/dual-15-inch-subwoofer-box\/\" \/>\n<meta property=\"og:locale\" content=\"tr_TR\" \/>\n<meta property=\"og:type\" content=\"article\" \/>\n<meta property=\"og:title\" content=\"Dual 15 Inch Subwoofer Box\" \/>\n<meta property=\"og:description\" content=\"Dual 15 Inch Subwoofer Box: Get factory-direct sales and professional customization for optimal protection and organization of your lighting equipment\" \/>\n<meta property=\"og:url\" content=\"https:\/\/sxflightcase.com\/tr\/\u0e1c\u0e25\u0e34\u0e15\u0e20\u0e31\u0e13\u0e11\u0e4c\/dual-15-inch-subwoofer-box\/\" \/>\n<meta property=\"og:site_name\" content=\"https:\/\/sxflightcase.com\" \/>\n<meta property=\"article:publisher\" content=\"https:\/\/www.facebook.com\/profile.php?id=61560407257971\" \/>\n<meta property=\"article:modified_time\" content=\"2024-06-21T01:32:51+00:00\" \/>\n<meta property=\"og:image\" content=\"https:\/\/sxflightcase.com\/wp-content\/uploads\/2024\/05\/dual-15-inch-subwoofer-box34149732810.webp\" \/>\n\t<meta property=\"og:image:width\" content=\"700\" \/>\n\t<meta property=\"og:image:height\" content=\"700\" \/>\n\t<meta property=\"og:image:type\" content=\"image\/webp\" \/>\n<meta name=\"twitter:card\" content=\"summary_large_image\" \/>\n<meta name=\"twitter:label1\" content=\"Tahmini okuma s\u00fcresi\" \/>\n\t<meta name=\"twitter:data1\" content=\"4 dakika\" \/>\n<script type=\"application\/ld+json\" class=\"yoast-schema-graph\">{\"@context\":\"https:\/\/schema.org\",\"@graph\":[{\"@type\":\"WebPage\",\"@id\":\"https:\/\/sxflightcase.com\/th\/\u0e1c\u0e25\u0e34\u0e15\u0e20\u0e31\u0e13\u0e11\u0e4c\/dual-15-inch-subwoofer-box\/\",\"url\":\"https:\/\/sxflightcase.com\/th\/\u0e1c\u0e25\u0e34\u0e15\u0e20\u0e31\u0e13\u0e11\u0e4c\/dual-15-inch-subwoofer-box\/\",\"name\":\"Dual 15 Inch Subwoofer Box - https:\/\/sxflightcase.com \ud83d\udc97\",\"isPartOf\":{\"@id\":\"https:\/\/sxflightcase.com\/th\/#website\"},\"primaryImageOfPage\":{\"@id\":\"https:\/\/sxflightcase.com\/th\/\u0e1c\u0e25\u0e34\u0e15\u0e20\u0e31\u0e13\u0e11\u0e4c\/dual-15-inch-subwoofer-box\/#primaryimage\"},\"image\":{\"@id\":\"https:\/\/sxflightcase.com\/th\/\u0e1c\u0e25\u0e34\u0e15\u0e20\u0e31\u0e13\u0e11\u0e4c\/dual-15-inch-subwoofer-box\/#primaryimage\"},\"thumbnailUrl\":\"https:\/\/sxflightcase.com\/wp-content\/uploads\/2024\/05\/dual-15-inch-subwoofer-box34149732810.webp\",\"datePublished\":\"2024-05-10T03:57:40+00:00\",\"dateModified\":\"2024-06-21T01:32:51+00:00\",\"description\":\"Dual 15 Inch Subwoofer Box: Get factory-direct sales and professional customization for optimal protection and organization of your lighting equipment\",\"breadcrumb\":{\"@id\":\"https:\/\/sxflightcase.com\/th\/\u0e1c\u0e25\u0e34\u0e15\u0e20\u0e31\u0e13\u0e11\u0e4c\/dual-15-inch-subwoofer-box\/#breadcrumb\"},\"inLanguage\":\"tr\",\"potentialAction\":[{\"@type\":\"ReadAction\",\"target\":[\"https:\/\/sxflightcase.com\/th\/\u0e1c\u0e25\u0e34\u0e15\u0e20\u0e31\u0e13\u0e11\u0e4c\/dual-15-inch-subwoofer-box\/\"]}]},{\"@type\":\"ImageObject\",\"inLanguage\":\"tr\",\"@id\":\"https:\/\/sxflightcase.com\/th\/\u0e1c\u0e25\u0e34\u0e15\u0e20\u0e31\u0e13\u0e11\u0e4c\/dual-15-inch-subwoofer-box\/#primaryimage\",\"url\":\"https:\/\/sxflightcase.com\/wp-content\/uploads\/2024\/05\/dual-15-inch-subwoofer-box34149732810.webp\",\"contentUrl\":\"https:\/\/sxflightcase.com\/wp-content\/uploads\/2024\/05\/dual-15-inch-subwoofer-box34149732810.webp\",\"width\":700,\"height\":700,\"caption\":\"Dual 15 Inch Subwoofer Box\"},{\"@type\":\"BreadcrumbList\",\"@id\":\"https:\/\/sxflightcase.com\/th\/\u0e1c\u0e25\u0e34\u0e15\u0e20\u0e31\u0e13\u0e11\u0e4c\/dual-15-inch-subwoofer-box\/#breadcrumb\",\"itemListElement\":[{\"@type\":\"ListItem\",\"position\":1,\"name\":\"Home\",\"item\":\"https:\/\/sxflightcase.com\/\"},{\"@type\":\"ListItem\",\"position\":2,\"name\":\"\u0e2a\u0e34\u0e19\u0e04\u0e49\u0e32\",\"item\":\"https:\/\/sxflightcase.com\/th\/shop\/\"},{\"@type\":\"ListItem\",\"position\":3,\"name\":\"Dual 15 Inch Subwoofer Box\"}]},{\"@type\":\"WebSite\",\"@id\":\"https:\/\/sxflightcase.com\/th\/#website\",\"url\":\"https:\/\/sxflightcase.com\/th\/\",\"name\":\"sxpowercase.com\",\"description\":\"Flight Case Factory\",\"publisher\":{\"@id\":\"https:\/\/sxflightcase.com\/th\/#organization\"},\"potentialAction\":[{\"@type\":\"SearchAction\",\"target\":{\"@type\":\"EntryPoint\",\"urlTemplate\":\"https:\/\/sxflightcase.com\/th\/?s={search_term_string}\"},\"query-input\":{\"@type\":\"PropertyValueSpecification\",\"valueRequired\":true,\"valueName\":\"search_term_string\"}}],\"inLanguage\":\"tr\"},{\"@type\":\"Organization\",\"@id\":\"https:\/\/sxflightcase.com\/th\/#organization\",\"name\":\"sxpowercase.com\",\"url\":\"https:\/\/sxflightcase.com\/th\/\",\"logo\":{\"@type\":\"ImageObject\",\"inLanguage\":\"tr\",\"@id\":\"https:\/\/sxflightcase.com\/th\/#\/schema\/logo\/image\/\",\"url\":\"https:\/\/sxflightcase.com\/wp-content\/uploads\/2024\/04\/1713919036007.jpg\",\"contentUrl\":\"https:\/\/sxflightcase.com\/wp-content\/uploads\/2024\/04\/1713919036007.jpg\",\"width\":382,\"height\":388,\"caption\":\"sxpowercase.com\"},\"image\":{\"@id\":\"https:\/\/sxflightcase.com\/th\/#\/schema\/logo\/image\/\"},\"sameAs\":[\"https:\/\/www.facebook.com\/profile.php?id=61560407257971\"],\"numberOfEmployees\":{\"@type\":\"QuantitativeValue\",\"minValue\":\"11\",\"maxValue\":\"50\"}}]}<\/script>\n<!-- \/ Yoast SEO Premium plugin. -->","yoast_head_json":{"title":"Dual 15 Inch Subwoofer Box - https:\/\/sxflightcase.com \ud83d\udc97","description":"\u00c7ift 15 \u0130n\u00e7 Subwoofer Kutusu: Ayd\u0131nlatma ekipman\u0131n\u0131z\u0131n optimum korunmas\u0131 ve organizasyonu i\u00e7in fabrikadan do\u011frudan sat\u0131\u015f ve profesyonel \u00f6zelle\u015ftirme elde edin","robots":{"index":"index","follow":"follow","max-snippet":"max-snippet:-1","max-image-preview":"max-image-preview:large","max-video-preview":"max-video-preview:-1"},"canonical":"https:\/\/sxflightcase.com\/tr\/\u0e1c\u0e25\u0e34\u0e15\u0e20\u0e31\u0e13\u0e11\u0e4c\/dual-15-inch-subwoofer-box\/","og_locale":"tr_TR","og_type":"article","og_title":"Dual 15 Inch Subwoofer Box","og_description":"Dual 15 Inch Subwoofer Box: Get factory-direct sales and professional customization for optimal protection and organization of your lighting equipment","og_url":"https:\/\/sxflightcase.com\/tr\/\u0e1c\u0e25\u0e34\u0e15\u0e20\u0e31\u0e13\u0e11\u0e4c\/dual-15-inch-subwoofer-box\/","og_site_name":"https:\/\/sxflightcase.com","article_publisher":"https:\/\/www.facebook.com\/profile.php?id=61560407257971","article_modified_time":"2024-06-21T01:32:51+00:00","og_image":[{"width":700,"height":700,"url":"https:\/\/sxflightcase.com\/wp-content\/uploads\/2024\/05\/dual-15-inch-subwoofer-box34149732810.webp","type":"image\/webp"}],"twitter_card":"summary_large_image","twitter_misc":{"Tahmini okuma s\u00fcresi":"4 dakika"},"schema":{"@context":"https:\/\/schema.org","@graph":[{"@type":"WebPage","@id":"https:\/\/sxflightcase.com\/th\/\u0e1c\u0e25\u0e34\u0e15\u0e20\u0e31\u0e13\u0e11\u0e4c\/dual-15-inch-subwoofer-box\/","url":"https:\/\/sxflightcase.com\/th\/\u0e1c\u0e25\u0e34\u0e15\u0e20\u0e31\u0e13\u0e11\u0e4c\/dual-15-inch-subwoofer-box\/","name":"Dual 15 Inch Subwoofer Box - https:\/\/sxflightcase.com \ud83d\udc97","isPartOf":{"@id":"https:\/\/sxflightcase.com\/th\/#website"},"primaryImageOfPage":{"@id":"https:\/\/sxflightcase.com\/th\/\u0e1c\u0e25\u0e34\u0e15\u0e20\u0e31\u0e13\u0e11\u0e4c\/dual-15-inch-subwoofer-box\/#primaryimage"},"image":{"@id":"https:\/\/sxflightcase.com\/th\/\u0e1c\u0e25\u0e34\u0e15\u0e20\u0e31\u0e13\u0e11\u0e4c\/dual-15-inch-subwoofer-box\/#primaryimage"},"thumbnailUrl":"https:\/\/sxflightcase.com\/wp-content\/uploads\/2024\/05\/dual-15-inch-subwoofer-box34149732810.webp","datePublished":"2024-05-10T03:57:40+00:00","dateModified":"2024-06-21T01:32:51+00:00","description":"\u00c7ift 15 \u0130n\u00e7 Subwoofer Kutusu: Ayd\u0131nlatma ekipman\u0131n\u0131z\u0131n optimum korunmas\u0131 ve organizasyonu i\u00e7in fabrikadan do\u011frudan sat\u0131\u015f ve profesyonel \u00f6zelle\u015ftirme elde edin","breadcrumb":{"@id":"https:\/\/sxflightcase.com\/th\/\u0e1c\u0e25\u0e34\u0e15\u0e20\u0e31\u0e13\u0e11\u0e4c\/dual-15-inch-subwoofer-box\/#breadcrumb"},"inLanguage":"tr","potentialAction":[{"@type":"ReadAction","target":["https:\/\/sxflightcase.com\/th\/\u0e1c\u0e25\u0e34\u0e15\u0e20\u0e31\u0e13\u0e11\u0e4c\/dual-15-inch-subwoofer-box\/"]}]},{"@type":"ImageObject","inLanguage":"tr","@id":"https:\/\/sxflightcase.com\/th\/\u0e1c\u0e25\u0e34\u0e15\u0e20\u0e31\u0e13\u0e11\u0e4c\/dual-15-inch-subwoofer-box\/#primaryimage","url":"https:\/\/sxflightcase.com\/wp-content\/uploads\/2024\/05\/dual-15-inch-subwoofer-box34149732810.webp","contentUrl":"https:\/\/sxflightcase.com\/wp-content\/uploads\/2024\/05\/dual-15-inch-subwoofer-box34149732810.webp","width":700,"height":700,"caption":"Dual 15 Inch Subwoofer Box"},{"@type":"BreadcrumbList","@id":"https:\/\/sxflightcase.com\/th\/\u0e1c\u0e25\u0e34\u0e15\u0e20\u0e31\u0e13\u0e11\u0e4c\/dual-15-inch-subwoofer-box\/#breadcrumb","itemListElement":[{"@type":"ListItem","position":1,"name":"Home","item":"https:\/\/sxflightcase.com\/"},{"@type":"ListItem","position":2,"name":"\u0e2a\u0e34\u0e19\u0e04\u0e49\u0e32","item":"https:\/\/sxflightcase.com\/th\/shop\/"},{"@type":"ListItem","position":3,"name":"Dual 15 Inch Subwoofer Box"}]},{"@type":"WebSite","@id":"https:\/\/sxflightcase.com\/th\/#website","url":"https:\/\/sxflightcase.com\/th\/","name":"sxpowercase.com","description":"U\u00e7u\u015f \u00c7antas\u0131 Fabrikas\u0131","publisher":{"@id":"https:\/\/sxflightcase.com\/th\/#organization"},"potentialAction":[{"@type":"SearchAction","target":{"@type":"EntryPoint","urlTemplate":"https:\/\/sxflightcase.com\/th\/?s={search_term_string}"},"query-input":{"@type":"PropertyValueSpecification","valueRequired":true,"valueName":"search_term_string"}}],"inLanguage":"tr"},{"@type":"Organization","@id":"https:\/\/sxflightcase.com\/th\/#organization","name":"sxpowercase.com","url":"https:\/\/sxflightcase.com\/th\/","logo":{"@type":"ImageObject","inLanguage":"tr","@id":"https:\/\/sxflightcase.com\/th\/#\/schema\/logo\/image\/","url":"https:\/\/sxflightcase.com\/wp-content\/uploads\/2024\/04\/1713919036007.jpg","contentUrl":"https:\/\/sxflightcase.com\/wp-content\/uploads\/2024\/04\/1713919036007.jpg","width":382,"height":388,"caption":"sxpowercase.com"},"image":{"@id":"https:\/\/sxflightcase.com\/th\/#\/schema\/logo\/image\/"},"sameAs":["https:\/\/www.facebook.com\/profile.php?id=61560407257971"],"numberOfEmployees":{"@type":"QuantitativeValue","minValue":"11","maxValue":"50"}}]}},"_links":{"self":[{"href":"https:\/\/sxflightcase.com\/tr\/wp-json\/wp\/v2\/product\/1721","targetHints":{"allow":["GET"]}}],"collection":[{"href":"https:\/\/sxflightcase.com\/tr\/wp-json\/wp\/v2\/product"}],"about":[{"href":"https:\/\/sxflightcase.com\/tr\/wp-json\/wp\/v2\/types\/product"}],"replies":[{"embeddable":true,"href":"https:\/\/sxflightcase.com\/tr\/wp-json\/wp\/v2\/comments?post=1721"}],"version-history":[{"count":0,"href":"https:\/\/sxflightcase.com\/tr\/wp-json\/wp\/v2\/product\/1721\/revisions"}],"wp:featuredmedia":[{"embeddable":true,"href":"https:\/\/sxflightcase.com\/tr\/wp-json\/wp\/v2\/media\/1722"}],"wp:attachment":[{"href":"https:\/\/sxflightcase.com\/tr\/wp-json\/wp\/v2\/media?parent=1721"}],"wp:term":[{"taxonomy":"product_brand","embeddable":true,"href":"https:\/\/sxflightcase.com\/tr\/wp-json\/wp\/v2\/product_brand?post=1721"},{"taxonomy":"product_cat","embeddable":true,"href":"https:\/\/sxflightcase.com\/tr\/wp-json\/wp\/v2\/product_cat?post=1721"},{"taxonomy":"product_tag","embeddable":true,"href":"https:\/\/sxflightcase.com\/tr\/wp-json\/wp\/v2\/product_tag?post=1721"}],"curies":[{"name":"wp","href":"https:\/\/api.w.org\/{rel}","templated":true}]}}