{"id":1756,"date":"2024-05-10T07:10:35","date_gmt":"2024-05-10T06:10:35","guid":{"rendered":"https:\/\/sxpowercase.com\/?post_type=product&#038;p=1756"},"modified":"2024-06-21T03:14:52","modified_gmt":"2024-06-21T02:14:52","slug":"led-screen-cabinet","status":"publish","type":"product","link":"https:\/\/sxflightcase.com\/tr\/urun\/led-ekran-dolabi\/","title":{"rendered":"LED Ekran Kabini"},"content":{"rendered":"<h3><strong>\u00dcr\u00fcn parametresi(spesifikasyonu)<\/strong><\/h3>\n<section class=\"table-wrap\">\n<table class=\"table\" width=\"100%\" cellspacing=\"0\" cellpadding=\"0\">\n<tbody>\n<tr class=\"firstRow\">\n<td width=\"134\">Kapak<\/td>\n<td width=\"504\">\u00c7\u0131kar\u0131labilir<\/td>\n<\/tr>\n<tr>\n<td width=\"134\">Tekerlekler<\/td>\n<td width=\"504\">\u00c7ift frenli tekerlekler - hareket ettirmek ve durdurmak i\u00e7in uygun<\/td>\n<\/tr>\n<tr>\n<td width=\"134\">Renk<\/td>\n<td width=\"504\">Siyah, beyaz, mavi, k\u0131rm\u0131z\u0131, turuncu, ye\u015fil, sar\u0131, mor<\/td>\n<\/tr>\n<tr>\n<td width=\"134\">\u00c7al\u0131\u015fma s\u00fcresi<\/td>\n<td width=\"504\">5~7 g\u00fcn<\/td>\n<\/tr>\n<\/tbody>\n<\/table>\n<\/section>\n<p><strong>Paketleme ve g\u00f6nderim<\/strong><\/p>\n<section class=\"table-wrap\">\n<table class=\"table\" width=\"100%\" cellspacing=\"0\" cellpadding=\"0\">\n<tbody>\n<tr class=\"firstRow\">\n<td colspan=\"3\" width=\"100%\">Paketleme ve Kargolama<\/td>\n<\/tr>\n<tr>\n<td rowspan=\"3\" width=\"31%\">Kargo s\u00fcresi<\/td>\n<td width=\"34%\">Deniz yoluyla<\/td>\n<td width=\"33%\">15-60 g\u00fcn<\/td>\n<\/tr>\n<tr>\n<td width=\"34%\">Hava yoluyla<\/td>\n<td width=\"33%\">5-7 g\u00fcn<\/td>\n<\/tr>\n<tr>\n<td width=\"34%\">Ekspres ile<\/td>\n<td width=\"33%\">5-7 g\u00fcn<\/td>\n<\/tr>\n<tr>\n<td width=\"31%\">Teslimat s\u00fcresi<\/td>\n<td colspan=\"2\" width=\"68%\">7-10 \u00e7al\u0131\u015fma veya ihtiya\u00e7lar\u0131n\u0131za g\u00f6re<\/td>\n<\/tr>\n<tr>\n<td width=\"31%\">Ambalajlama<\/td>\n<td colspan=\"2\" width=\"68%\">Karton veya istedi\u011finiz \u015fekilde<\/td>\n<\/tr>\n<\/tbody>\n<\/table>\n<\/section>\n<h1>SX'in LED Ekran Kabini ile Ekran\u0131n\u0131z\u0131 Geli\u015ftirin<\/h1>\n<h2>\u00dcst\u00fcn Koruma ve Ekran<\/h2>\n<p>LED Ekran Kabini ile dijital ekran kurulumunuzu d\u00f6n\u00fc\u015ft\u00fcr\u00fcn <a href=\"https:\/\/sxpowercase.com\/\" target=\"_blank\" rel=\"noopener\" title=\"SX\" data-wpil-monitor-id=\"119\">SX<\/a>. \u00dcst\u00fcn koruma ve geli\u015fmi\u015f bir ekran deneyimi sunmak i\u00e7in tasarlanan bu kabin, LED ekranlar\u0131n\u0131z\u0131n g\u00fcvenli bir \u015fekilde muhafaza edilmesini sa\u011flarken optimum g\u00f6r\u00fcn\u00fcrl\u00fc\u011f\u00fc de korur. \u0130ster ticari ister ki\u015fisel kullan\u0131m i\u00e7in olsun, bu kabin her t\u00fcrl\u00fc kuruluma profesyonel bir dokunu\u015f katar.<\/p>\n<h2>Y\u00fcksek Kaliteli \u0130\u015f\u00e7ilik<\/h2>\n<h3>Dayan\u0131kl\u0131l\u0131k i\u00e7in \u00dcretildi<\/h3>\n<p>SX, en y\u00fcksek kalitede \u00fcr\u00fcnler sunmaktan gurur duyar. LED Ekran Kabinimiz birinci s\u0131n\u0131f malzemelerden \u00fcretilmi\u015ftir ve zaman\u0131n testine dayanmas\u0131n\u0131 sa\u011flar. Sa\u011flam tasar\u0131m, LED ekranlar\u0131n\u0131z\u0131 harici hasarlardan korur ve t\u00fcm ekran ihtiya\u00e7lar\u0131n\u0131z i\u00e7in g\u00fcvenilir ve uzun \u00f6m\u00fcrl\u00fc bir \u00e7\u00f6z\u00fcm sunar.<\/p>\n<h2>Fabrika Do\u011frudan Sat\u0131\u015f<\/h2>\n<h3>E\u015fsiz De\u011fer<\/h3>\n<p>SX, do\u011frudan fabrika sat\u0131\u015flar\u0131 sunarak yat\u0131r\u0131m\u0131n\u0131z i\u00e7in en iyi de\u011feri garanti eder. Arac\u0131lar\u0131 devre d\u0131\u015f\u0131 b\u0131rakmam\u0131z, en \u00fcst d\u00fczey \u00fcr\u00fcnleri rekabet\u00e7i fiyatlarla sunmam\u0131z\u0131 sa\u011fl\u0131yor. LED Ekran Kabini, ola\u011fan\u00fcst\u00fc dayan\u0131kl\u0131l\u0131\u011f\u0131 uygun fiyatla birle\u015ftirerek hem i\u015fletmeler hem de bireyler i\u00e7in ak\u0131ll\u0131 bir se\u00e7imdir.<\/p>\n<h2>\u00d6zelle\u015ftirme Se\u00e7enekleri<\/h2>\n<h3>Ki\u015fiye \u00d6zel \u00c7\u00f6z\u00fcmler<\/h3>\n<p>Her ekran kurulumu benzersizdir ve SX \u00f6zelle\u015ftirmenin \u00f6neminin fark\u0131ndad\u0131r. LED Ekran Kabinimiz, \u00f6zel ihtiya\u00e7lar\u0131n\u0131za uygun \u00e7e\u015fitli \u00f6zelle\u015ftirme se\u00e7enekleriyle birlikte gelir. \u0130ster belirli boyutlara, kaplamalara veya ek \u00f6zelliklere ihtiyac\u0131n\u0131z olsun, kabini tam gereksinimlerinizi kar\u015f\u0131layacak \u015fekilde uyarlayabiliriz. Ekran ortam\u0131n\u0131za m\u00fckemmel \u015fekilde uyan bir \u00e7\u00f6z\u00fcm\u00fcn keyfini \u00e7\u0131kar\u0131n.<\/p>\n<h2>\u015e\u0131k ve Modern Tasar\u0131m<\/h2>\n<h3>G\u00f6rsel \u00c7ekicili\u011finizi Art\u0131r\u0131n<\/h3>\n<p>SX'in LED Ekran Dolab\u0131 yaln\u0131zca ekranlar\u0131n\u0131z\u0131 korumakla kalmaz, ayn\u0131 zamanda kurulumunuzun genel g\u00f6rsel \u00e7ekicili\u011fini de art\u0131r\u0131r. \u015e\u0131k ve modern bir tasar\u0131ma sahip olan bu kabin, her ortama sorunsuz bir \u015fekilde entegre olur ve sofistike bir dokunu\u015f katar. \u00d6zenli tasar\u0131m\u0131, LED ekranlar\u0131n\u0131za kolay eri\u015fim ve bak\u0131m sa\u011flar.<\/p>\n<hr \/>\n<p>SX LED Ekran Kabini ile ekran deneyiminizi y\u00fckseltin. Do\u011frudan fabrika sat\u0131\u015flar\u0131m\u0131z ve \u00f6zelle\u015ftirme se\u00e7eneklerimiz hakk\u0131nda daha fazla bilgi edinmek i\u00e7in bug\u00fcn bize ula\u015f\u0131n. SX ile koruma, i\u015flevsellik ve stilin m\u00fckemmel kar\u0131\u015f\u0131m\u0131n\u0131 ke\u015ffedin ve iyi korunan ve g\u00f6rsel olarak \u00e7ekici bir ekran kurulumunun keyfini \u00e7\u0131kar\u0131n.<\/p>\n<p><strong>SSS<\/strong><\/p>\n<p>\u00d6deme: T \/ T, Western union.etc ile \u00f6deme kabul edebiliriz. Banka havalesi (T \/ T) b\u00fcy\u00fck sipari\u015fler i\u00e7in uygun oldu\u011fundan, k\u00fc\u00e7\u00fck sipari\u015fler i\u00e7in kolay, h\u0131zl\u0131 ve g\u00fcvenli olan western union ile \u00f6deme yapman\u0131z daha iyi olur.<\/p>\n<p>Nakliye: M\u00fc\u015fterilerimiz i\u00e7in bir\u00e7ok nakliye se\u00e7ene\u011fi sunuyoruz, APL, Cosco, CMA ve benzeri gibi do\u011frudan nakliye \u015firketi ile iyi ili\u015fkilerimiz var, nakliye maliyetinden tasarruf etmenize yard\u0131mc\u0131 olabiliriz<\/p>\n<p>\u0130thalat vergileri: Fiyat\u0131 daha d\u00fc\u015f\u00fck beyan ederek ithalat vergilerini azaltman\u0131za ve \u00f6nlemenize yard\u0131mc\u0131 olabiliriz, herhangi bir sorunuz varsa, l\u00fctfen istedi\u011finiz zaman bizimle ileti\u015fime ge\u00e7in, sizinle uzun bir i\u015fbirli\u011fi yapmay\u0131 d\u00f6rt g\u00f6zle bekliyoruz.<\/p>\n<p>Ambalaj: M\u00fc\u015fterilerimiz i\u00e7in bir\u00e7ok ambalaj se\u00e7ene\u011fi sunuyoruz, \u00f6rne\u011fin <a class=\"wpil_keyword_link\" href=\"https:\/\/sxpowercase.com\/product-category\/all-product\/flight-case\/\" target=\"_blank\" rel=\"noopener\" title=\"u\u00e7u\u015f durumu\" data-wpil-keyword-link=\"linked\" data-wpil-monitor-id=\"415\">u\u00e7u\u015f durumu<\/a> ve el arabas\u0131 ve karton kutu ve ta\u015f\u0131ma \u00e7antas\u0131 ve Kabarc\u0131k \u00c7anta vb. Ayr\u0131ca di\u011fer \u00f6zelle\u015ftirilmi\u015f paketleme se\u00e7enekleri mevcuttur<\/p>\n<p>S\u0131cak Etiketler: D\u00fc\u015f\u00fck fiyat, stokta, \u00fccretsiz numune, G\u00fc\u00e7 ve Sinyal Kablosu, 16 Gauge 4 \u0130letken Tel, Mikrofon Stand\u0131 K\u0131l\u0131f\u0131, D\u0131\u015f Mekan Led Ekran Kabini, Raf Montaj\u0131, 19 \"Rafa Monte Mikser U\u00e7u\u015f K\u0131l\u0131flar\u0131 \uff0c elektrik da\u011f\u0131t\u0131m kutusu, \u00c7in, tedarik\u00e7iler, fabrika, \u00f6zelle\u015ftirilmi\u015f, toptan sat\u0131\u015f, LED Ekran Kabini,<span style=\"color: #993366;\"><a style=\"color: #993366;\" href=\"https:\/\/sxflightcase.com\/tr\/product-category\/all-product\/power-distribution-boxes\/\">g\u00fc\u00e7 kutular\u0131<\/a>,\u00a0<a style=\"color: #993366;\" href=\"https:\/\/sxflightcase.com\/tr\/product-category\/all-product\/hoist-controllers\/\">g\u00fc\u00e7 kablolar\u0131<\/a>,\u00a0<a style=\"color: #993366;\" href=\"https:\/\/sxflightcase.com\/tr\/product-category\/all-product\/hoist-controllers\/\">vin\u00e7 kontrol\u00f6rleri<\/a>,\u00a0<a style=\"color: #993366;\" href=\"https:\/\/sxflightcase.com\/tr\/product-category\/all-product\/flight-case\/\">u\u00e7u\u015f vakalar\u0131.<\/a><\/span><\/p>","protected":false},"excerpt":{"rendered":"<h2 class=\"prodetails-name\">LED Ekran Kabini<\/h2>\n<p>U\u00e7u\u015f kasas\u0131 konfig\u00fcrat\u00f6r\u00fcm\u00fcz kendi ki\u015fiselle\u015ftirilmi\u015f kasan\u0131z\u0131 planlaman\u0131za yard\u0131mc\u0131 olabilir. Tasar\u0131m s\u00fcrecinde yapt\u0131\u011f\u0131n\u0131z t\u00fcm de\u011fi\u015fiklikler 3D \u00f6nizlemede ger\u00e7ek zamanl\u0131 olarak \u00f6n\u00fcn\u00fczde yap\u0131l\u0131r. Fiyatland\u0131rma da an\u0131nda mevcuttur - teklif istemenize veya yan\u0131t beklemenize gerek kalmadan. Boyutlar, malzemeler ve kasa renkleri gibi temel \u00f6zelliklerin yan\u0131 s\u0131ra, kulplar\u0131, astar\u0131, ek par\u00e7alar\u0131 serbest\u00e7e se\u00e7ebilir ve tekerlekler, tekerlek girintileri, tur etiketi tabaklar\u0131 vb. gibi \u00e7ok say\u0131da ekstra ekleyebilirsiniz.<\/p>\n<h2><strong>\u00dcretim tan\u0131t\u0131m\u0131<\/strong><\/h2>\n<p>LED ekran dolab\u0131<\/p>\n<p>1. 9mm\/12mm y\u00fcksek yo\u011funluklu kat\u0131 kontrplak kullan\u0131n.<\/p>\n<p>2. 50mm y\u00fcksek yo\u011funluklu k\u00f6p\u00fck darbeye dayan\u0131kl\u0131 sistem sa\u011flar.<\/p>\n<p>3. Ultra-DUR EVA i\u00e7 koruma<\/p>\n<p>4. Kolayca ayarlanabilen i\u00e7 k\u0131s\u0131m<\/p>\n<p>5. \u00c7ift a\u00e7\u0131l\u0131 al\u00fcminyum ekstr\u00fczyon, al\u00fcminyum diller ve oluklar<\/p>\n<p>6. 3,5 in\u00e7 veya 4 in\u00e7 A\u011f\u0131r Hizmet Tekerleri (2 kilitli 2 kilitsiz)<\/p>\n<p>7. 8mm inci levha k\u00f6p\u00fck ile 50mm tutturulmu\u015f \u00e7\u0131kar\u0131labilir kapaklar.<\/p>\n<p>8. Standart \u00f6n arka raf raylar\u0131<\/p>","protected":false},"featured_media":1757,"comment_status":"open","ping_status":"closed","template":"","meta":[],"product_brand":[],"product_cat":[41],"product_tag":[],"class_list":{"0":"post-1756","1":"product","2":"type-product","3":"status-publish","4":"has-post-thumbnail","6":"product_cat-equipment-cases","8":"first","9":"instock","10":"shipping-taxable","11":"product-type-simple"},"yoast_head":"<!-- This site is optimized with the Yoast SEO Premium plugin v27.1 (Yoast SEO v27.2) - https:\/\/yoast.com\/product\/yoast-seo-premium-wordpress\/ -->\n<title>LED Screen Cabinet - https:\/\/sxflightcase.com \ud83d\udc97<\/title>\n<meta name=\"description\" content=\"LED Screen Cabinet: Explore our factory-direct options for professional customization, perfect for organizing and displaying your television and media equipment.\" \/>\n<meta name=\"robots\" content=\"index, follow, max-snippet:-1, max-image-preview:large, max-video-preview:-1\" \/>\n<link rel=\"canonical\" href=\"https:\/\/sxflightcase.com\/tr\/produk\/led-screen-cabinet\/\" \/>\n<meta property=\"og:locale\" content=\"tr_TR\" \/>\n<meta property=\"og:type\" content=\"article\" \/>\n<meta property=\"og:title\" content=\"LED Screen Cabinet\" \/>\n<meta property=\"og:description\" content=\"LED Screen Cabinet: Explore our factory-direct options for professional customization, perfect for organizing and displaying your television and media equipment.\" \/>\n<meta property=\"og:url\" content=\"https:\/\/sxflightcase.com\/tr\/produk\/led-screen-cabinet\/\" \/>\n<meta property=\"og:site_name\" content=\"https:\/\/sxflightcase.com\" \/>\n<meta property=\"article:publisher\" content=\"https:\/\/www.facebook.com\/profile.php?id=61560407257971\" \/>\n<meta property=\"article:modified_time\" content=\"2024-06-21T02:14:52+00:00\" \/>\n<meta property=\"og:image\" content=\"https:\/\/sxflightcase.com\/wp-content\/uploads\/2024\/05\/led-screen-cabinet25295279606.webp\" \/>\n\t<meta property=\"og:image:width\" content=\"700\" \/>\n\t<meta property=\"og:image:height\" content=\"700\" \/>\n\t<meta property=\"og:image:type\" content=\"image\/webp\" \/>\n<meta name=\"twitter:card\" content=\"summary_large_image\" \/>\n<meta name=\"twitter:label1\" content=\"Tahmini okuma s\u00fcresi\" \/>\n\t<meta name=\"twitter:data1\" content=\"4 dakika\" \/>\n<script type=\"application\/ld+json\" class=\"yoast-schema-graph\">{\"@context\":\"https:\/\/schema.org\",\"@graph\":[{\"@type\":\"WebPage\",\"@id\":\"https:\/\/sxflightcase.com\/af\/produk\/led-screen-cabinet\/\",\"url\":\"https:\/\/sxflightcase.com\/af\/produk\/led-screen-cabinet\/\",\"name\":\"LED Screen Cabinet - https:\/\/sxflightcase.com \ud83d\udc97\",\"isPartOf\":{\"@id\":\"https:\/\/sxflightcase.com\/th\/#website\"},\"primaryImageOfPage\":{\"@id\":\"https:\/\/sxflightcase.com\/af\/produk\/led-screen-cabinet\/#primaryimage\"},\"image\":{\"@id\":\"https:\/\/sxflightcase.com\/af\/produk\/led-screen-cabinet\/#primaryimage\"},\"thumbnailUrl\":\"https:\/\/sxflightcase.com\/wp-content\/uploads\/2024\/05\/led-screen-cabinet25295279606.webp\",\"datePublished\":\"2024-05-10T06:10:35+00:00\",\"dateModified\":\"2024-06-21T02:14:52+00:00\",\"description\":\"LED Screen Cabinet: Explore our factory-direct options for professional customization, perfect for organizing and displaying your television and media equipment.\",\"breadcrumb\":{\"@id\":\"https:\/\/sxflightcase.com\/af\/produk\/led-screen-cabinet\/#breadcrumb\"},\"inLanguage\":\"tr\",\"potentialAction\":[{\"@type\":\"ReadAction\",\"target\":[\"https:\/\/sxflightcase.com\/af\/produk\/led-screen-cabinet\/\"]}]},{\"@type\":\"ImageObject\",\"inLanguage\":\"tr\",\"@id\":\"https:\/\/sxflightcase.com\/af\/produk\/led-screen-cabinet\/#primaryimage\",\"url\":\"https:\/\/sxflightcase.com\/wp-content\/uploads\/2024\/05\/led-screen-cabinet25295279606.webp\",\"contentUrl\":\"https:\/\/sxflightcase.com\/wp-content\/uploads\/2024\/05\/led-screen-cabinet25295279606.webp\",\"width\":700,\"height\":700,\"caption\":\"LED Screen Cabinet\"},{\"@type\":\"BreadcrumbList\",\"@id\":\"https:\/\/sxflightcase.com\/af\/produk\/led-screen-cabinet\/#breadcrumb\",\"itemListElement\":[{\"@type\":\"ListItem\",\"position\":1,\"name\":\"Home\",\"item\":\"https:\/\/sxflightcase.com\/\"},{\"@type\":\"ListItem\",\"position\":2,\"name\":\"\u0e2a\u0e34\u0e19\u0e04\u0e49\u0e32\",\"item\":\"https:\/\/sxflightcase.com\/th\/shop\/\"},{\"@type\":\"ListItem\",\"position\":3,\"name\":\"LED Screen Cabinet\"}]},{\"@type\":\"WebSite\",\"@id\":\"https:\/\/sxflightcase.com\/th\/#website\",\"url\":\"https:\/\/sxflightcase.com\/th\/\",\"name\":\"sxpowercase.com\",\"description\":\"Flight Case Factory\",\"publisher\":{\"@id\":\"https:\/\/sxflightcase.com\/th\/#organization\"},\"potentialAction\":[{\"@type\":\"SearchAction\",\"target\":{\"@type\":\"EntryPoint\",\"urlTemplate\":\"https:\/\/sxflightcase.com\/th\/?s={search_term_string}\"},\"query-input\":{\"@type\":\"PropertyValueSpecification\",\"valueRequired\":true,\"valueName\":\"search_term_string\"}}],\"inLanguage\":\"tr\"},{\"@type\":\"Organization\",\"@id\":\"https:\/\/sxflightcase.com\/th\/#organization\",\"name\":\"sxpowercase.com\",\"url\":\"https:\/\/sxflightcase.com\/th\/\",\"logo\":{\"@type\":\"ImageObject\",\"inLanguage\":\"tr\",\"@id\":\"https:\/\/sxflightcase.com\/th\/#\/schema\/logo\/image\/\",\"url\":\"https:\/\/sxflightcase.com\/wp-content\/uploads\/2024\/04\/1713919036007.jpg\",\"contentUrl\":\"https:\/\/sxflightcase.com\/wp-content\/uploads\/2024\/04\/1713919036007.jpg\",\"width\":382,\"height\":388,\"caption\":\"sxpowercase.com\"},\"image\":{\"@id\":\"https:\/\/sxflightcase.com\/th\/#\/schema\/logo\/image\/\"},\"sameAs\":[\"https:\/\/www.facebook.com\/profile.php?id=61560407257971\"],\"numberOfEmployees\":{\"@type\":\"QuantitativeValue\",\"minValue\":\"11\",\"maxValue\":\"50\"}}]}<\/script>\n<!-- \/ Yoast SEO Premium plugin. -->","yoast_head_json":{"title":"LED Screen Cabinet - https:\/\/sxflightcase.com \ud83d\udc97","description":"LED Ekran Dolab\u0131: Televizyon ve medya ekipmanlar\u0131n\u0131z\u0131 d\u00fczenlemek ve sergilemek i\u00e7in m\u00fckemmel olan profesyonel \u00f6zelle\u015ftirme i\u00e7in fabrikada do\u011frudan se\u00e7eneklerimizi ke\u015ffedin.","robots":{"index":"index","follow":"follow","max-snippet":"max-snippet:-1","max-image-preview":"max-image-preview:large","max-video-preview":"max-video-preview:-1"},"canonical":"https:\/\/sxflightcase.com\/tr\/produk\/led-screen-cabinet\/","og_locale":"tr_TR","og_type":"article","og_title":"LED Screen Cabinet","og_description":"LED Screen Cabinet: Explore our factory-direct options for professional customization, perfect for organizing and displaying your television and media equipment.","og_url":"https:\/\/sxflightcase.com\/tr\/produk\/led-screen-cabinet\/","og_site_name":"https:\/\/sxflightcase.com","article_publisher":"https:\/\/www.facebook.com\/profile.php?id=61560407257971","article_modified_time":"2024-06-21T02:14:52+00:00","og_image":[{"width":700,"height":700,"url":"https:\/\/sxflightcase.com\/wp-content\/uploads\/2024\/05\/led-screen-cabinet25295279606.webp","type":"image\/webp"}],"twitter_card":"summary_large_image","twitter_misc":{"Tahmini okuma s\u00fcresi":"4 dakika"},"schema":{"@context":"https:\/\/schema.org","@graph":[{"@type":"WebPage","@id":"https:\/\/sxflightcase.com\/af\/produk\/led-screen-cabinet\/","url":"https:\/\/sxflightcase.com\/af\/produk\/led-screen-cabinet\/","name":"LED Screen Cabinet - https:\/\/sxflightcase.com \ud83d\udc97","isPartOf":{"@id":"https:\/\/sxflightcase.com\/th\/#website"},"primaryImageOfPage":{"@id":"https:\/\/sxflightcase.com\/af\/produk\/led-screen-cabinet\/#primaryimage"},"image":{"@id":"https:\/\/sxflightcase.com\/af\/produk\/led-screen-cabinet\/#primaryimage"},"thumbnailUrl":"https:\/\/sxflightcase.com\/wp-content\/uploads\/2024\/05\/led-screen-cabinet25295279606.webp","datePublished":"2024-05-10T06:10:35+00:00","dateModified":"2024-06-21T02:14:52+00:00","description":"LED Ekran Dolab\u0131: Televizyon ve medya ekipmanlar\u0131n\u0131z\u0131 d\u00fczenlemek ve sergilemek i\u00e7in m\u00fckemmel olan profesyonel \u00f6zelle\u015ftirme i\u00e7in fabrikada do\u011frudan se\u00e7eneklerimizi ke\u015ffedin.","breadcrumb":{"@id":"https:\/\/sxflightcase.com\/af\/produk\/led-screen-cabinet\/#breadcrumb"},"inLanguage":"tr","potentialAction":[{"@type":"ReadAction","target":["https:\/\/sxflightcase.com\/af\/produk\/led-screen-cabinet\/"]}]},{"@type":"ImageObject","inLanguage":"tr","@id":"https:\/\/sxflightcase.com\/af\/produk\/led-screen-cabinet\/#primaryimage","url":"https:\/\/sxflightcase.com\/wp-content\/uploads\/2024\/05\/led-screen-cabinet25295279606.webp","contentUrl":"https:\/\/sxflightcase.com\/wp-content\/uploads\/2024\/05\/led-screen-cabinet25295279606.webp","width":700,"height":700,"caption":"LED Screen Cabinet"},{"@type":"BreadcrumbList","@id":"https:\/\/sxflightcase.com\/af\/produk\/led-screen-cabinet\/#breadcrumb","itemListElement":[{"@type":"ListItem","position":1,"name":"Home","item":"https:\/\/sxflightcase.com\/"},{"@type":"ListItem","position":2,"name":"\u0e2a\u0e34\u0e19\u0e04\u0e49\u0e32","item":"https:\/\/sxflightcase.com\/th\/shop\/"},{"@type":"ListItem","position":3,"name":"LED Screen Cabinet"}]},{"@type":"WebSite","@id":"https:\/\/sxflightcase.com\/th\/#website","url":"https:\/\/sxflightcase.com\/th\/","name":"sxpowercase.com","description":"U\u00e7u\u015f \u00c7antas\u0131 Fabrikas\u0131","publisher":{"@id":"https:\/\/sxflightcase.com\/th\/#organization"},"potentialAction":[{"@type":"SearchAction","target":{"@type":"EntryPoint","urlTemplate":"https:\/\/sxflightcase.com\/th\/?s={search_term_string}"},"query-input":{"@type":"PropertyValueSpecification","valueRequired":true,"valueName":"search_term_string"}}],"inLanguage":"tr"},{"@type":"Organization","@id":"https:\/\/sxflightcase.com\/th\/#organization","name":"sxpowercase.com","url":"https:\/\/sxflightcase.com\/th\/","logo":{"@type":"ImageObject","inLanguage":"tr","@id":"https:\/\/sxflightcase.com\/th\/#\/schema\/logo\/image\/","url":"https:\/\/sxflightcase.com\/wp-content\/uploads\/2024\/04\/1713919036007.jpg","contentUrl":"https:\/\/sxflightcase.com\/wp-content\/uploads\/2024\/04\/1713919036007.jpg","width":382,"height":388,"caption":"sxpowercase.com"},"image":{"@id":"https:\/\/sxflightcase.com\/th\/#\/schema\/logo\/image\/"},"sameAs":["https:\/\/www.facebook.com\/profile.php?id=61560407257971"],"numberOfEmployees":{"@type":"QuantitativeValue","minValue":"11","maxValue":"50"}}]}},"_links":{"self":[{"href":"https:\/\/sxflightcase.com\/tr\/wp-json\/wp\/v2\/product\/1756","targetHints":{"allow":["GET"]}}],"collection":[{"href":"https:\/\/sxflightcase.com\/tr\/wp-json\/wp\/v2\/product"}],"about":[{"href":"https:\/\/sxflightcase.com\/tr\/wp-json\/wp\/v2\/types\/product"}],"replies":[{"embeddable":true,"href":"https:\/\/sxflightcase.com\/tr\/wp-json\/wp\/v2\/comments?post=1756"}],"version-history":[{"count":0,"href":"https:\/\/sxflightcase.com\/tr\/wp-json\/wp\/v2\/product\/1756\/revisions"}],"wp:featuredmedia":[{"embeddable":true,"href":"https:\/\/sxflightcase.com\/tr\/wp-json\/wp\/v2\/media\/1757"}],"wp:attachment":[{"href":"https:\/\/sxflightcase.com\/tr\/wp-json\/wp\/v2\/media?parent=1756"}],"wp:term":[{"taxonomy":"product_brand","embeddable":true,"href":"https:\/\/sxflightcase.com\/tr\/wp-json\/wp\/v2\/product_brand?post=1756"},{"taxonomy":"product_cat","embeddable":true,"href":"https:\/\/sxflightcase.com\/tr\/wp-json\/wp\/v2\/product_cat?post=1756"},{"taxonomy":"product_tag","embeddable":true,"href":"https:\/\/sxflightcase.com\/tr\/wp-json\/wp\/v2\/product_tag?post=1756"}],"curies":[{"name":"wp","href":"https:\/\/api.w.org\/{rel}","templated":true}]}}