{"id":1764,"date":"2024-05-10T07:19:39","date_gmt":"2024-05-10T06:19:39","guid":{"rendered":"https:\/\/sxpowercase.com\/?post_type=product&#038;p=1764"},"modified":"2024-06-21T02:29:53","modified_gmt":"2024-06-21T01:29:53","slug":"cable-packer","status":"publish","type":"product","link":"https:\/\/sxflightcase.com\/tr\/urun\/kablo-paketleyi\u0307ci\u0307-2\/","title":{"rendered":"Kablo Paketleyici"},"content":{"rendered":"<h3><strong>\u00dcr\u00fcn parametresi(spesifikasyonu)<\/strong><\/h3>\n<section class=\"table-wrap\">\n<table class=\"table\" width=\"100%\" cellspacing=\"0\" cellpadding=\"0\">\n<tbody>\n<tr class=\"firstRow\">\n<td width=\"148\">\u00dcr\u00fcn ad\u0131:<\/td>\n<td width=\"569\">Kablo paketleyici<\/td>\n<\/tr>\n<tr>\n<td width=\"148\">Boyut:<\/td>\n<td width=\"569\">Her zaman 1000x500x500mm, 1200x600x600mm veya \u00f6zel yap\u0131yoruz<\/td>\n<\/tr>\n<tr>\n<td width=\"148\">Renk:<\/td>\n<td width=\"569\">siyah \/ k\u0131rm\u0131z\u0131 \/ mavi vb. veya istedi\u011finiz herhangi bir renk<\/td>\n<\/tr>\n<tr>\n<td width=\"148\">Malzemeler :<\/td>\n<td width=\"569\">Al\u00fcminyum + PLYWOOD + ABS panel+Donan\u0131m+K\u00f6p\u00fck<\/td>\n<\/tr>\n<tr>\n<td width=\"148\">Ticaret \u015fartlar\u0131:<\/td>\n<td width=\"569\">Ex-work \/ FOB \/ CIF \/ DDU<\/td>\n<\/tr>\n<tr>\n<td width=\"148\">\u00d6deme S\u00fcresi:<\/td>\n<td width=\"569\">T \/ T 30% depozito ve sevkiyat \u00f6ncesi 70%, Western Union vb.<\/td>\n<\/tr>\n<tr>\n<td width=\"148\">\u00d6zellik:<\/td>\n<td width=\"569\">1) \u015e\u0131k, dayan\u0131kl\u0131 ve ekonomik tasar\u0131m<br \/>\n2) \u0130nce i\u015f\u00e7ilik ve \u00f6zel tasar\u0131m<br \/>\n3) Herhangi bir tasar\u0131m, logo bas\u0131labilir veya nak\u0131\u015f yap\u0131labilir<br \/>\n4) \u00d6zel boyutlar, logolar ve tasar\u0131mlar kabul edilir<\/td>\n<\/tr>\n<tr>\n<td width=\"148\">Di\u011fer:<\/td>\n<td width=\"569\">Tek noktadan hizmet, tasar\u0131m, \u00fcretim ve paketleme sa\u011fl\u0131yoruz<br \/>\nEn iyi kalite, \u00fcretim fiyat\u0131 ve iyi hizmet<br \/>\nOEM ve LOGO sunulmaktad\u0131r<\/td>\n<\/tr>\n<\/tbody>\n<\/table>\n<\/section>\n<p><strong>Paketleme ve g\u00f6nderim<\/strong><\/p>\n<section class=\"table-wrap\">\n<table class=\"table\" width=\"100%\" cellspacing=\"0\" cellpadding=\"0\">\n<tbody>\n<tr class=\"firstRow\">\n<td colspan=\"3\" width=\"100%\">Paketleme ve Kargolama<\/td>\n<\/tr>\n<tr>\n<td rowspan=\"3\" width=\"33%\">Kargo S\u00fcresi<\/td>\n<td width=\"33%\">Deniz yoluyla<\/td>\n<td width=\"33%\">15-60 g\u00fcn<\/td>\n<\/tr>\n<tr>\n<td width=\"33%\">Hava yoluyla<\/td>\n<td width=\"33%\">4-9 g\u00fcn<\/td>\n<\/tr>\n<tr>\n<td width=\"33%\">Ekspres ile<\/td>\n<td width=\"33%\">4-9 g\u00fcn<\/td>\n<\/tr>\n<tr>\n<td width=\"33%\">Teslimat s\u00fcresi<\/td>\n<td colspan=\"2\" width=\"66%\">7-15 \u00e7al\u0131\u015fma veya ihtiya\u00e7lar\u0131n\u0131za g\u00f6re<\/td>\n<\/tr>\n<tr>\n<td width=\"33%\">Ambalajlama<\/td>\n<td colspan=\"2\" width=\"66%\">Karton veya iste\u011finize g\u00f6re<\/td>\n<\/tr>\n<\/tbody>\n<\/table>\n<\/section>\n<h1>SX Kablo Paketleyici ile Kablolar\u0131n\u0131z\u0131 D\u00fczenli Tutun<\/h1>\n<h2>\u00dcst\u00fcn Kablo Y\u00f6netimi \u00c7\u00f6z\u00fcm\u00fc<\/h2>\n<p>Kar\u0131\u015f\u0131k kablolar art\u0131k ge\u00e7mi\u015fte kald\u0131 <strong>Kablo Paketleyici<\/strong> taraf\u0131ndan <a href=\"https:\/\/sxpowercase.com\/\" target=\"_blank\" rel=\"noopener\" title=\"SX\" data-wpil-monitor-id=\"121\">SX<\/a>. Profesyoneller ve teknoloji merakl\u0131lar\u0131 i\u00e7in tasarlanan bu yenilik\u00e7i \u00fcr\u00fcn, kablolar\u0131n\u0131z\u0131 d\u00fczenli bir \u015fekilde tutarak hasar g\u00f6rmesini \u00f6nler ve size zaman kazand\u0131r\u0131r.<\/p>\n<h2>\u0130htiya\u00e7lar\u0131n\u0131z i\u00e7in \u00d6zelle\u015ftirilmi\u015f<\/h2>\n<h3>\u00c7ok Y\u00f6nl\u00fc Tasar\u0131m<\/h3>\n<p>SX \u015funlar\u0131 sunar <strong>Kablo Paketleyici<\/strong> Farkl\u0131 kablo t\u00fcrlerini bar\u0131nd\u0131rmak i\u00e7in \u00e7e\u015fitli boyutlarda ve konfig\u00fcrasyonlarda. Depolaman\u0131z gerekip gerekmedi\u011fi <a href=\"https:\/\/sxpowercase.com\/product-category\/all-product\/power-cables\/\" target=\"_blank\" rel=\"noopener\" title=\"g\u00fc\u00e7 kablolar\u0131\" data-wpil-monitor-id=\"261\">g\u00fc\u00e7 kablolar\u0131<\/a>ses kablolar\u0131 veya veri kablolar\u0131, \u00f6zelle\u015ftirilebilir se\u00e7eneklerimiz m\u00fckemmel uyumu bulman\u0131z\u0131 sa\u011flar.<\/p>\n<h2>\u00dcreticiden Do\u011frudan<\/h2>\n<h3>Fabrika Do\u011frudan Sat\u0131\u015f<\/h3>\n<p>Do\u011frudan SX'ten sat\u0131n alarak, rekabet\u00e7i fiyatlarla y\u00fcksek kaliteli \u00fcr\u00fcnler alman\u0131z\u0131 sa\u011flayan fabrika do\u011frudan sat\u0131\u015flar\u0131ndan faydalan\u0131rs\u0131n\u0131z. M\u00fckemmelli\u011fe olan ba\u011fl\u0131l\u0131\u011f\u0131m\u0131z, g\u00fcnl\u00fck kullan\u0131ma dayan\u0131kl\u0131, g\u00fcvenilir bir Kablo Paketleyici alaca\u011f\u0131n\u0131z anlam\u0131na gelir.<\/p>\n<h2>Dayan\u0131kl\u0131l\u0131k i\u00e7in \u00dcretildi<\/h2>\n<h3>Sa\u011flam ve G\u00fcvenilir<\/h3>\n<p>Dayan\u0131kl\u0131 malzemelerden \u00fcretilmi\u015ftir. <strong>Kablo Paketleyici<\/strong> uzun s\u00fcre dayanacak \u015fekilde \u00fcretilmi\u015ftir. Kablolar\u0131n\u0131z\u0131 a\u015f\u0131nma ve y\u0131pranmaya kar\u015f\u0131 korur, bu da onu s\u0131k s\u0131k kablo ta\u015f\u0131yan veya kullanan herkes i\u00e7in vazge\u00e7ilmez bir ara\u00e7 haline getirir.<\/p>\n<h2>\u00c7al\u0131\u015fma Alan\u0131n\u0131z\u0131 \u0130yile\u015ftirin<\/h2>\n<h3>Profesyonel Organizasyon<\/h3>\n<p>\u0130yi d\u00fczenlenmi\u015f bir \u00e7al\u0131\u015fma alan\u0131 \u00fcretkenli\u011fi art\u0131r\u0131r. SX ile <strong>Kablo Paketleyici<\/strong>d\u00fczenli ve verimli bir kurulum sa\u011flayabilir, detaylara g\u00f6sterdi\u011finiz \u00f6zen ve profesyonelli\u011finizle hem m\u00fc\u015fterileri hem de i\u015f arkada\u015flar\u0131n\u0131z\u0131 etkileyebilirsiniz.<\/p>\n<hr \/>\n<p>SX ile kablo karma\u015fas\u0131na veda edin ve modern organizasyona merhaba deyin <strong>Kablo Paketleyici<\/strong>. \u00d6zelle\u015ftirilebilir se\u00e7eneklerimiz hakk\u0131nda daha fazla bilgi edinmek ve sipari\u015finizi do\u011frudan \u00fcreticiden vermek i\u00e7in bug\u00fcn bize ula\u015f\u0131n.<\/p>\n<p><strong>SSS<\/strong><\/p>\n<p>S: Nas\u0131l numune alabilirim?<\/p>\n<p>A: Genellikle bizim \u00f6rnek tahsil edilecektir. ama biz iade edece\u011fiz Sipari\u015f verdi\u011finizde, \u00f6rnek DHL, TNT, FEDEX, EMS vb gibi ekspres taraf\u0131ndan teslim edilecektir.<\/p>\n<p>S: \u00d6zel kasa yap\u0131yor musunuz?<\/p>\n<p>C: Evet. Yakla\u015f\u0131k 10 Y\u0131ll\u0131k OEM \/ ODM tecr\u00fcbemizle, tasar\u0131m yapman\u0131za yard\u0131mc\u0131 olabiliriz<\/p>\n<p>profesyonel bilgimiz ile ihtiyac\u0131n\u0131za g\u00f6re davay\u0131 \u00e7\u00f6z\u00fcyoruz.<\/p>\n<p>S: Hangi \u00f6deme \u015feklini kabul edebilirsiniz?<\/p>\n<p>A: T \/ T, Western Union, vb. Herhangi bir uygun ve h\u0131zl\u0131 \u00f6deme ko\u015fulunu kabul ediyoruz.<\/p>\n<p>S\u0131cak Etiketler: D\u00fc\u015f\u00fck fiyat, stokta, \u00fccretsiz numune, G\u00fc\u00e7 ve Sinyal Kablosu, 16 \u00d6l\u00e7\u00fc 4 \u0130letkenli Tel, Mikrofon Stand K\u0131l\u0131f\u0131, A\u00e7\u0131k Hava LED Ekran Kabini, Raf Montaj\u0131, 19\u201d Raf Montajl\u0131 Mikser U\u00e7u\u015f K\u0131l\u0131flar\u0131, elektrik da\u011f\u0131t\u0131m kutusu, \u00c7in, tedarik\u00e7iler, fabrika, \u00f6zelle\u015ftirilmi\u015f, toptan sat\u0131\u015f, <span style=\"color: #993366;\"><a style=\"color: #993366;\" href=\"https:\/\/sxflightcase.com\/tr\/product-category\/all-product\/power-distribution-boxes\/\">g\u00fc\u00e7 kutular\u0131<\/a>,\u00a0<a style=\"color: #993366;\" href=\"https:\/\/sxflightcase.com\/tr\/product-category\/all-product\/hoist-controllers\/\">g\u00fc\u00e7 kablolar\u0131<\/a>,\u00a0<a style=\"color: #993366;\" href=\"https:\/\/sxflightcase.com\/tr\/product-category\/all-product\/hoist-controllers\/\">vin\u00e7 kontrol\u00f6rleri<\/a>,\u00a0<a style=\"color: #993366;\" href=\"https:\/\/sxflightcase.com\/tr\/product-category\/all-product\/flight-case\/\">u\u00e7u\u015f vakalar\u0131.<\/a><\/span><\/p>","protected":false},"excerpt":{"rendered":"<h2 class=\"prodetails-name\">Kablo Paketleyici<\/h2>\n<p>Bu kablo paketleyici, kaliteli korumaya ve zahmetsizce sorunsuz ta\u015f\u0131maya ihtiya\u00e7 duyan kablo ve \u00f6nemli ekipmanlar i\u00e7in m\u00fckemmeldir. A\u011f\u0131r hizmet tipi kau\u00e7uk tekerlekler hareket etmenizi sa\u011flar, ancak a\u011f\u0131r hizmet tipi bilyeli k\u00f6\u015feler ve kelebek mandallar gibi dayan\u0131kl\u0131l\u0131k odakl\u0131 \u00f6zellikler sayesinde ekipman\u0131n\u0131z\u0131n b\u00fct\u00fcnl\u00fc\u011f\u00fc konusunda endi\u015felenmezsiniz. Bu esnek \u00e7anta, her t\u00fcrl\u00fc ekipman\u0131 veya aksesuar\u0131 bankay\u0131 veya belinizi k\u0131rmadan ta\u015f\u0131yabilir!<\/p>\n<h2><strong>\u00dcretim tan\u0131t\u0131m\u0131<\/strong><\/h2>\n<p>A\u011f\u0131r hizmet tipi yap\u0131, 3 Ayarlanabilir B\u00f6lme ve \u00e7\u0131kar\u0131labilir tepsi<\/p>\n<p>G\u00f6mme mandallar ve kulplar<\/p>\n<p>Mente\u015feli kapak, kau\u00e7uk tekerlekler (2 frenli)<\/p>\n<p>\u00dcr\u00fcn A\u011f\u0131rl\u0131\u011f\u0131 30 Kg<\/p>\n<p>\u00c7e\u015fitli stillerde modern tasar\u0131m.<\/p>\n<p>Tamamen al\u00fcminyum kenarl\u0131k, metal halka ba\u011flant\u0131 eleman\u0131, geli\u015fmi\u015f kuma\u015f, kompozit b\u00f6lme ve serbest s\u00fcnger.<\/p>\n<p>Rahat sap, esnek ve ta\u015f\u0131mas\u0131 kolay.<\/p>","protected":false},"featured_media":1765,"comment_status":"open","ping_status":"closed","template":"","meta":[],"product_brand":[],"product_cat":[36],"product_tag":[],"class_list":{"0":"post-1764","1":"product","2":"type-product","3":"status-publish","4":"has-post-thumbnail","6":"product_cat-cables-cases","8":"first","9":"instock","10":"shipping-taxable","11":"product-type-simple"},"yoast_head":"<!-- This site is optimized with the Yoast SEO Premium plugin v27.1 (Yoast SEO v27.2) - https:\/\/yoast.com\/product\/yoast-seo-premium-wordpress\/ -->\n<title>Cable Packer - https:\/\/sxflightcase.com \ud83d\udc97<\/title>\n<meta name=\"description\" content=\"Cable Packer: Discover our factory-direct options for professional customization, perfect for organizing and managing cables efficiently.\" \/>\n<meta name=\"robots\" content=\"index, follow, max-snippet:-1, max-image-preview:large, max-video-preview:-1\" \/>\n<link rel=\"canonical\" href=\"https:\/\/sxflightcase.com\/tr\/urun\/kablo-paketleyi\u0307ci\u0307-2\/\" \/>\n<meta property=\"og:locale\" content=\"tr_TR\" \/>\n<meta property=\"og:type\" content=\"article\" \/>\n<meta property=\"og:title\" content=\"Cable Packer\" \/>\n<meta property=\"og:description\" content=\"Cable Packer: Discover our factory-direct options for professional customization, perfect for organizing and managing cables efficiently.\" \/>\n<meta property=\"og:url\" content=\"https:\/\/sxflightcase.com\/tr\/urun\/kablo-paketleyi\u0307ci\u0307-2\/\" \/>\n<meta property=\"og:site_name\" content=\"https:\/\/sxflightcase.com\" \/>\n<meta property=\"article:publisher\" content=\"https:\/\/www.facebook.com\/profile.php?id=61560407257971\" \/>\n<meta property=\"article:modified_time\" content=\"2024-06-21T01:29:53+00:00\" \/>\n<meta property=\"og:image\" content=\"https:\/\/sxflightcase.com\/wp-content\/uploads\/2024\/05\/cable-packer49022167594.webp\" \/>\n\t<meta property=\"og:image:width\" content=\"750\" \/>\n\t<meta property=\"og:image:height\" content=\"750\" \/>\n\t<meta property=\"og:image:type\" content=\"image\/webp\" \/>\n<meta name=\"twitter:card\" content=\"summary_large_image\" \/>\n<meta name=\"twitter:label1\" content=\"Tahmini okuma s\u00fcresi\" \/>\n\t<meta name=\"twitter:data1\" content=\"3 dakika\" \/>\n<script type=\"application\/ld+json\" class=\"yoast-schema-graph\">{\"@context\":\"https:\/\/schema.org\",\"@graph\":[{\"@type\":\"WebPage\",\"@id\":\"https:\/\/sxflightcase.com\/product\/cable-packer\/\",\"url\":\"https:\/\/sxflightcase.com\/product\/cable-packer\/\",\"name\":\"Cable Packer - https:\/\/sxflightcase.com \ud83d\udc97\",\"isPartOf\":{\"@id\":\"https:\/\/sxflightcase.com\/th\/#website\"},\"primaryImageOfPage\":{\"@id\":\"https:\/\/sxflightcase.com\/product\/cable-packer\/#primaryimage\"},\"image\":{\"@id\":\"https:\/\/sxflightcase.com\/product\/cable-packer\/#primaryimage\"},\"thumbnailUrl\":\"https:\/\/sxflightcase.com\/wp-content\/uploads\/2024\/05\/cable-packer49022167594.webp\",\"datePublished\":\"2024-05-10T06:19:39+00:00\",\"dateModified\":\"2024-06-21T01:29:53+00:00\",\"description\":\"Cable Packer: Discover our factory-direct options for professional customization, perfect for organizing and managing cables efficiently.\",\"breadcrumb\":{\"@id\":\"https:\/\/sxflightcase.com\/product\/cable-packer\/#breadcrumb\"},\"inLanguage\":\"tr\",\"potentialAction\":[{\"@type\":\"ReadAction\",\"target\":[\"https:\/\/sxflightcase.com\/product\/cable-packer\/\"]}]},{\"@type\":\"ImageObject\",\"inLanguage\":\"tr\",\"@id\":\"https:\/\/sxflightcase.com\/product\/cable-packer\/#primaryimage\",\"url\":\"https:\/\/sxflightcase.com\/wp-content\/uploads\/2024\/05\/cable-packer49022167594.webp\",\"contentUrl\":\"https:\/\/sxflightcase.com\/wp-content\/uploads\/2024\/05\/cable-packer49022167594.webp\",\"width\":750,\"height\":750,\"caption\":\"Cable Packer\"},{\"@type\":\"BreadcrumbList\",\"@id\":\"https:\/\/sxflightcase.com\/product\/cable-packer\/#breadcrumb\",\"itemListElement\":[{\"@type\":\"ListItem\",\"position\":1,\"name\":\"Home\",\"item\":\"https:\/\/sxflightcase.com\/\"},{\"@type\":\"ListItem\",\"position\":2,\"name\":\"\u0e2a\u0e34\u0e19\u0e04\u0e49\u0e32\",\"item\":\"https:\/\/sxflightcase.com\/th\/shop\/\"},{\"@type\":\"ListItem\",\"position\":3,\"name\":\"Cable Packer\"}]},{\"@type\":\"WebSite\",\"@id\":\"https:\/\/sxflightcase.com\/th\/#website\",\"url\":\"https:\/\/sxflightcase.com\/th\/\",\"name\":\"sxpowercase.com\",\"description\":\"Flight Case Factory\",\"publisher\":{\"@id\":\"https:\/\/sxflightcase.com\/th\/#organization\"},\"potentialAction\":[{\"@type\":\"SearchAction\",\"target\":{\"@type\":\"EntryPoint\",\"urlTemplate\":\"https:\/\/sxflightcase.com\/th\/?s={search_term_string}\"},\"query-input\":{\"@type\":\"PropertyValueSpecification\",\"valueRequired\":true,\"valueName\":\"search_term_string\"}}],\"inLanguage\":\"tr\"},{\"@type\":\"Organization\",\"@id\":\"https:\/\/sxflightcase.com\/th\/#organization\",\"name\":\"sxpowercase.com\",\"url\":\"https:\/\/sxflightcase.com\/th\/\",\"logo\":{\"@type\":\"ImageObject\",\"inLanguage\":\"tr\",\"@id\":\"https:\/\/sxflightcase.com\/th\/#\/schema\/logo\/image\/\",\"url\":\"https:\/\/sxflightcase.com\/wp-content\/uploads\/2024\/04\/1713919036007.jpg\",\"contentUrl\":\"https:\/\/sxflightcase.com\/wp-content\/uploads\/2024\/04\/1713919036007.jpg\",\"width\":382,\"height\":388,\"caption\":\"sxpowercase.com\"},\"image\":{\"@id\":\"https:\/\/sxflightcase.com\/th\/#\/schema\/logo\/image\/\"},\"sameAs\":[\"https:\/\/www.facebook.com\/profile.php?id=61560407257971\"],\"numberOfEmployees\":{\"@type\":\"QuantitativeValue\",\"minValue\":\"11\",\"maxValue\":\"50\"}}]}<\/script>\n<!-- \/ Yoast SEO Premium plugin. -->","yoast_head_json":{"title":"Cable Packer - https:\/\/sxflightcase.com \ud83d\udc97","description":"Kablo Paketleyici: Kablolar\u0131 verimli bir \u015fekilde d\u00fczenlemek ve y\u00f6netmek i\u00e7in m\u00fckemmel olan profesyonel \u00f6zelle\u015ftirme i\u00e7in fabrikadan do\u011frudan se\u00e7eneklerimizi ke\u015ffedin.","robots":{"index":"index","follow":"follow","max-snippet":"max-snippet:-1","max-image-preview":"max-image-preview:large","max-video-preview":"max-video-preview:-1"},"canonical":"https:\/\/sxflightcase.com\/tr\/urun\/kablo-paketleyi\u0307ci\u0307-2\/","og_locale":"tr_TR","og_type":"article","og_title":"Cable Packer","og_description":"Cable Packer: Discover our factory-direct options for professional customization, perfect for organizing and managing cables efficiently.","og_url":"https:\/\/sxflightcase.com\/tr\/urun\/kablo-paketleyi\u0307ci\u0307-2\/","og_site_name":"https:\/\/sxflightcase.com","article_publisher":"https:\/\/www.facebook.com\/profile.php?id=61560407257971","article_modified_time":"2024-06-21T01:29:53+00:00","og_image":[{"width":750,"height":750,"url":"https:\/\/sxflightcase.com\/wp-content\/uploads\/2024\/05\/cable-packer49022167594.webp","type":"image\/webp"}],"twitter_card":"summary_large_image","twitter_misc":{"Tahmini okuma s\u00fcresi":"3 dakika"},"schema":{"@context":"https:\/\/schema.org","@graph":[{"@type":"WebPage","@id":"https:\/\/sxflightcase.com\/product\/cable-packer\/","url":"https:\/\/sxflightcase.com\/product\/cable-packer\/","name":"Cable Packer - https:\/\/sxflightcase.com \ud83d\udc97","isPartOf":{"@id":"https:\/\/sxflightcase.com\/th\/#website"},"primaryImageOfPage":{"@id":"https:\/\/sxflightcase.com\/product\/cable-packer\/#primaryimage"},"image":{"@id":"https:\/\/sxflightcase.com\/product\/cable-packer\/#primaryimage"},"thumbnailUrl":"https:\/\/sxflightcase.com\/wp-content\/uploads\/2024\/05\/cable-packer49022167594.webp","datePublished":"2024-05-10T06:19:39+00:00","dateModified":"2024-06-21T01:29:53+00:00","description":"Kablo Paketleyici: Kablolar\u0131 verimli bir \u015fekilde d\u00fczenlemek ve y\u00f6netmek i\u00e7in m\u00fckemmel olan profesyonel \u00f6zelle\u015ftirme i\u00e7in fabrikadan do\u011frudan se\u00e7eneklerimizi ke\u015ffedin.","breadcrumb":{"@id":"https:\/\/sxflightcase.com\/product\/cable-packer\/#breadcrumb"},"inLanguage":"tr","potentialAction":[{"@type":"ReadAction","target":["https:\/\/sxflightcase.com\/product\/cable-packer\/"]}]},{"@type":"ImageObject","inLanguage":"tr","@id":"https:\/\/sxflightcase.com\/product\/cable-packer\/#primaryimage","url":"https:\/\/sxflightcase.com\/wp-content\/uploads\/2024\/05\/cable-packer49022167594.webp","contentUrl":"https:\/\/sxflightcase.com\/wp-content\/uploads\/2024\/05\/cable-packer49022167594.webp","width":750,"height":750,"caption":"Cable Packer"},{"@type":"BreadcrumbList","@id":"https:\/\/sxflightcase.com\/product\/cable-packer\/#breadcrumb","itemListElement":[{"@type":"ListItem","position":1,"name":"Home","item":"https:\/\/sxflightcase.com\/"},{"@type":"ListItem","position":2,"name":"\u0e2a\u0e34\u0e19\u0e04\u0e49\u0e32","item":"https:\/\/sxflightcase.com\/th\/shop\/"},{"@type":"ListItem","position":3,"name":"Cable Packer"}]},{"@type":"WebSite","@id":"https:\/\/sxflightcase.com\/th\/#website","url":"https:\/\/sxflightcase.com\/th\/","name":"sxpowercase.com","description":"U\u00e7u\u015f \u00c7antas\u0131 Fabrikas\u0131","publisher":{"@id":"https:\/\/sxflightcase.com\/th\/#organization"},"potentialAction":[{"@type":"SearchAction","target":{"@type":"EntryPoint","urlTemplate":"https:\/\/sxflightcase.com\/th\/?s={search_term_string}"},"query-input":{"@type":"PropertyValueSpecification","valueRequired":true,"valueName":"search_term_string"}}],"inLanguage":"tr"},{"@type":"Organization","@id":"https:\/\/sxflightcase.com\/th\/#organization","name":"sxpowercase.com","url":"https:\/\/sxflightcase.com\/th\/","logo":{"@type":"ImageObject","inLanguage":"tr","@id":"https:\/\/sxflightcase.com\/th\/#\/schema\/logo\/image\/","url":"https:\/\/sxflightcase.com\/wp-content\/uploads\/2024\/04\/1713919036007.jpg","contentUrl":"https:\/\/sxflightcase.com\/wp-content\/uploads\/2024\/04\/1713919036007.jpg","width":382,"height":388,"caption":"sxpowercase.com"},"image":{"@id":"https:\/\/sxflightcase.com\/th\/#\/schema\/logo\/image\/"},"sameAs":["https:\/\/www.facebook.com\/profile.php?id=61560407257971"],"numberOfEmployees":{"@type":"QuantitativeValue","minValue":"11","maxValue":"50"}}]}},"_links":{"self":[{"href":"https:\/\/sxflightcase.com\/tr\/wp-json\/wp\/v2\/product\/1764","targetHints":{"allow":["GET"]}}],"collection":[{"href":"https:\/\/sxflightcase.com\/tr\/wp-json\/wp\/v2\/product"}],"about":[{"href":"https:\/\/sxflightcase.com\/tr\/wp-json\/wp\/v2\/types\/product"}],"replies":[{"embeddable":true,"href":"https:\/\/sxflightcase.com\/tr\/wp-json\/wp\/v2\/comments?post=1764"}],"version-history":[{"count":0,"href":"https:\/\/sxflightcase.com\/tr\/wp-json\/wp\/v2\/product\/1764\/revisions"}],"wp:featuredmedia":[{"embeddable":true,"href":"https:\/\/sxflightcase.com\/tr\/wp-json\/wp\/v2\/media\/1765"}],"wp:attachment":[{"href":"https:\/\/sxflightcase.com\/tr\/wp-json\/wp\/v2\/media?parent=1764"}],"wp:term":[{"taxonomy":"product_brand","embeddable":true,"href":"https:\/\/sxflightcase.com\/tr\/wp-json\/wp\/v2\/product_brand?post=1764"},{"taxonomy":"product_cat","embeddable":true,"href":"https:\/\/sxflightcase.com\/tr\/wp-json\/wp\/v2\/product_cat?post=1764"},{"taxonomy":"product_tag","embeddable":true,"href":"https:\/\/sxflightcase.com\/tr\/wp-json\/wp\/v2\/product_tag?post=1764"}],"curies":[{"name":"wp","href":"https:\/\/api.w.org\/{rel}","templated":true}]}}