{"id":1769,"date":"2024-05-10T07:23:30","date_gmt":"2024-05-10T06:23:30","guid":{"rendered":"https:\/\/sxpowercase.com\/?post_type=product&#038;p=1769"},"modified":"2024-06-20T03:25:20","modified_gmt":"2024-06-20T02:25:20","slug":"cable-storage-case","status":"publish","type":"product","link":"https:\/\/sxflightcase.com\/tr\/urun\/kablo-saklama-kutusu-2\/","title":{"rendered":"Kablo Saklama Kutusu"},"content":{"rendered":"<p><strong>\u00dcr\u00fcn parametresi(spesifikasyonu)<\/strong><\/p>\n<section class=\"table-wrap\">\n<table class=\"table\" width=\"100%\" cellspacing=\"0\" cellpadding=\"0\">\n<tbody>\n<tr class=\"firstRow\">\n<td width=\"148\">\u00dcr\u00fcn ad\u0131:<\/td>\n<td width=\"569\">Kablo saklama kutusu<\/td>\n<\/tr>\n<tr>\n<td width=\"148\">Boyut:<\/td>\n<td width=\"569\">Her zaman 1000x500x500mm, 1200x600x600mm veya \u00f6zel yap\u0131yoruz<\/td>\n<\/tr>\n<tr>\n<td width=\"148\">Renk:<\/td>\n<td width=\"569\">siyah \/ k\u0131rm\u0131z\u0131 \/ mavi vb. veya istedi\u011finiz herhangi bir renk<\/td>\n<\/tr>\n<tr>\n<td width=\"148\">Malzemeler :<\/td>\n<td width=\"569\">Al\u00fcminyum + PLYWOOD + ABS panel+Donan\u0131m+K\u00f6p\u00fck<\/td>\n<\/tr>\n<tr>\n<td width=\"148\">Logo :<\/td>\n<td width=\"569\">Serigrafi logo \/ kabartma logo \/ lazer logo i\u00e7in kullan\u0131labilir<\/td>\n<\/tr>\n<tr>\n<td width=\"148\">ADEDI:<\/td>\n<td width=\"569\">10 adet<\/td>\n<\/tr>\n<tr>\n<td width=\"148\">\u00d6rnekleme zaman\u0131 :<\/td>\n<td width=\"569\">5-7 g\u00fcn<\/td>\n<\/tr>\n<tr>\n<td width=\"148\">\u00dcretim s\u00fcresi :<\/td>\n<td width=\"569\">Sipari\u015f onayland\u0131ktan 4 hafta sonra<\/td>\n<\/tr>\n<tr>\n<td width=\"148\">Sevkiyat liman\u0131:<\/td>\n<td width=\"569\">Shenzhen, Guangzhou, Hongkong<\/td>\n<\/tr>\n<tr>\n<td width=\"148\">Ticaret \u015fartlar\u0131:<\/td>\n<td width=\"569\">Ex-work \/ FOB \/ CIF \/ DDU<\/td>\n<\/tr>\n<tr>\n<td width=\"148\">Di\u011fer:<\/td>\n<td width=\"569\">Tek noktadan hizmet, tasar\u0131m, \u00fcretim ve paketleme sa\u011fl\u0131yoruz<br \/>\nEn iyi kalite, \u00fcretim fiyat\u0131 ve iyi hizmet<br \/>\nOEM ve LOGO sunulmaktad\u0131r<\/td>\n<\/tr>\n<\/tbody>\n<\/table>\n<\/section>\n<h1>SX Kablo Saklama Kutusu ile Kablolar\u0131n\u0131z\u0131 D\u00fczenli Tutun<\/h1>\n<h2>Kurulumunuzu Basitle\u015ftirin<\/h2>\n<p>\u00d6zellikle birden fazla cihaz\u0131n\u0131z ve aksesuar\u0131n\u0131z varsa, kablolar\u0131 y\u00f6netmek zor olabilir. Bu nedenle <a href=\"https:\/\/sxpowercase.com\/\" target=\"_blank\" rel=\"noopener\" title=\"SX\" data-wpil-monitor-id=\"122\">SX<\/a> Kablo Saklama Kutusu, t\u00fcm kablolar\u0131n\u0131z\u0131 d\u00fczenli ve kolay eri\u015filebilir tutarak kurulumunuzu basitle\u015ftirmek i\u00e7in tasarlanm\u0131\u015ft\u0131r. Kar\u0131\u015f\u0131k kablolara elveda deyin ve modern, profesyonel bir \u00e7al\u0131\u015fma alan\u0131na merhaba deyin.<\/p>\n<h2>Dayan\u0131kl\u0131 ve Kompakt Tasar\u0131m<\/h2>\n<p>SX Kablo Saklama Kutusu, uzun \u00f6m\u00fcrl\u00fc kullan\u0131m sa\u011flayan y\u00fcksek kaliteli, dayan\u0131kl\u0131 malzemelerden \u00fcretilmi\u015ftir. Kompakt tasar\u0131m\u0131, evde, ofiste veya hareket halindeyken ta\u015f\u0131may\u0131 ve saklamay\u0131 kolayla\u015ft\u0131r\u0131r. Kablo y\u00f6netimi ihtiya\u00e7lar\u0131n\u0131z i\u00e7in g\u00fcvenilir bir \u00e7\u00f6z\u00fcm sa\u011flama konusunda SX'e g\u00fcvenin.<\/p>\n<h2>\u00d6zelle\u015ftirilebilir B\u00f6lmeler<\/h2>\n<h3>T\u00fcm Kablolar\u0131n\u0131z i\u00e7in M\u00fckemmel Uyum<\/h3>\n<p>SX Kablo Saklama \u00c7antas\u0131n\u0131n i\u00e7indeki \u00f6zelle\u015ftirilebilir b\u00f6lmeler, kablolar\u0131n\u0131z\u0131 m\u00fckemmel bir \u015fekilde yerle\u015ftirmenize olanak tan\u0131r. \u0130ster USB kablolar\u0131n\u0131z, ister \u015farj kablolar\u0131n\u0131z veya ses kablolar\u0131n\u0131z olsun, bu \u00e7anta \u00f6zel gereksinimlerinizi kar\u015f\u0131layacak \u015fekilde uyarlanabilir.<\/p>\n<h3>Yat\u0131r\u0131m\u0131n\u0131z\u0131 Koruyun<\/h3>\n<p>Kablolar, teknoloji kurulumunuzun \u00f6nemli bir par\u00e7as\u0131d\u0131r. SX Kablo Saklama \u00c7antas\u0131, hasar\u0131 \u00f6nleyerek ve kablolar\u0131n\u0131z\u0131n en iyi durumda kalmas\u0131n\u0131 sa\u011flayarak yat\u0131r\u0131m\u0131n\u0131z\u0131 korur. \u00d6zel k\u00f6p\u00fck ekler ve yast\u0131kl\u0131 b\u00f6l\u00fcc\u00fcler ek koruma ve g\u00fcvenlik sa\u011flar.<\/p>\n<h2>Rakipsiz De\u011fer i\u00e7in Fabrika Do\u011frudan Sat\u0131\u015flar\u0131<\/h2>\n<h3>Uygun Fiyatland\u0131rma<\/h3>\n<p>Do\u011frudan fabrikam\u0131zdan sat\u0131\u015f yaparak, SX arac\u0131y\u0131 ortadan kald\u0131r\u0131r ve Kablo Saklama Kutumuzu rakipsiz fiyatlarla sunmam\u0131z\u0131 sa\u011flar. Y\u00fcksek fiyat etiketi olmadan y\u00fcksek kaliteli \u00fcr\u00fcnlerin keyfini \u00e7\u0131kar\u0131n ve paran\u0131z\u0131n kar\u015f\u0131l\u0131\u011f\u0131n\u0131 en iyi \u015fekilde al\u0131n.<\/p>\n<h3>\u0130htiya\u00e7lar\u0131n\u0131za G\u00f6re Tasarlanm\u0131\u015f<\/h3>\n<p>SX, Kablo Saklama Kutunuzun ihtiya\u00e7lar\u0131n\u0131z\u0131 tam olarak kar\u015f\u0131lamas\u0131n\u0131 sa\u011flamak i\u00e7in \u00f6zel hizmetler sunar. Ek b\u00f6lmelerden ki\u015fiselle\u015ftirilmi\u015f markalamaya kadar, kablolar\u0131n\u0131z i\u00e7in m\u00fckemmel \u00e7antay\u0131 olu\u015fturabiliriz. Ismarlama \u00e7\u00f6z\u00fcmlerimizle i\u015finizi geli\u015ftirin.<\/p>\n<h2>SX ile \u0130\u015fletmenizi Geli\u015ftirin<\/h2>\n<h3>Verimlili\u011fi Art\u0131r\u0131n<\/h3>\n<p>SX Kablo Saklama Kutusu ile kablolar\u0131 \u00e7\u00f6zmek i\u00e7in daha az, i\u015finize odaklanmak i\u00e7in daha \u00e7ok zaman harcayacaks\u0131n\u0131z. Kablolar\u0131n\u0131z\u0131 d\u00fczenli ve kullan\u0131ma haz\u0131r tutarak verimlili\u011finizi ve \u00fcretkenli\u011finizi art\u0131r\u0131n.<\/p>\n<h3>Profesyonel G\u00f6r\u00fcn\u00fcm<\/h3>\n<p>Da\u011f\u0131n\u0131k olmayan bir \u00e7al\u0131\u015fma alan\u0131 daha profesyonel g\u00f6r\u00fcn\u00fcr ve m\u00fc\u015fterileri ve i\u015f arkada\u015flar\u0131n\u0131 etkileyebilir. SX Kablo Saklama Kutusu'nun \u015f\u0131k tasar\u0131m\u0131, kurulumunuza profesyonellik katarak harika bir izlenim b\u0131rakman\u0131za yard\u0131mc\u0131 olur.<\/p>\n<h2>Kolay Sipari\u015f ve H\u0131zl\u0131 Teslimat<\/h2>\n<p>SX Kablo Saklama Kutular\u0131n\u0131 sipari\u015f etmek basit ve kullan\u0131\u015fl\u0131d\u0131r. \u0130htiya\u00e7lar\u0131n\u0131z\u0131 g\u00f6r\u00fc\u015fmek i\u00e7in sat\u0131\u015f ekibimizle ileti\u015fime ge\u00e7in, gerisini biz hallederiz. Etkin teslimat sistemimiz, k\u0131l\u0131f\u0131n\u0131z\u0131n h\u0131zl\u0131 bir \u015fekilde kullan\u0131ma haz\u0131r hale gelmesini sa\u011flar.<\/p>\n<h2>Neden SX&#039;i Se\u00e7melisiniz?<\/h2>\n<h3>Kalite Taahh\u00fcd\u00fc<\/h3>\n<p>SX, en y\u00fcksek kalite ve dayan\u0131kl\u0131l\u0131k standartlar\u0131n\u0131 kar\u015f\u0131layan \u00fcr\u00fcnler sunmaya kendini adam\u0131\u015ft\u0131r. G\u00fcvenilir koruma ve \u015f\u0131k tasar\u0131m sunan Kablo Saklama \u00c7antam\u0131z bu taahh\u00fcd\u00fcn bir kan\u0131t\u0131d\u0131r.<\/p>\n<h3>Memnun M\u00fc\u015fteriler<\/h3>\n<p>M\u00fc\u015fterilerimiz SX Kablo Saklama Kutular\u0131n\u0131 \u00e7ok seviyor. Bir teknoloji merakl\u0131s\u0131 olan Mike, \"Her teknoloji kurulumu i\u00e7in vazge\u00e7ilmez bir \u00fcr\u00fcn\" diyor. \"\u00c7al\u0131\u015fma alan\u0131m\u0131 temiz ve d\u00fczenli tutuyor,\" diye ekliyor grafik tasar\u0131mc\u0131s\u0131 Laura. Kablo y\u00f6netimi ihtiya\u00e7lar\u0131 i\u00e7in SX'e g\u00fcvenen memnun m\u00fc\u015fterilere siz de kat\u0131l\u0131n.<\/p>\n<h2>\u00c7\u00f6z\u00fcm<\/h2>\n<p>SX Kablo Saklama K\u0131l\u0131flar\u0131, kablolar\u0131n\u0131z\u0131 d\u00fczenli ve korumal\u0131 tutmak i\u00e7in nihai \u00e7\u00f6z\u00fcmd\u00fcr. Dayan\u0131kl\u0131 yap\u0131s\u0131, \u00f6zelle\u015ftirilebilir b\u00f6lmeleri ve profesyonel tasar\u0131m\u0131 ile benzersiz bir rahatl\u0131k ve stil sunar. Sizi hayal k\u0131r\u0131kl\u0131\u011f\u0131na u\u011fratmayacak bir Kablo Saklama Kutusu i\u00e7in SX'i se\u00e7in.<\/p>\n<h2>SX Kablo Saklama Kutular\u0131n\u0131z\u0131 Bug\u00fcn Sipari\u015f Edin<\/h2>\n<p>Kar\u0131\u015f\u0131k kablolar\u0131n sizi yava\u015flatmas\u0131na izin vermeyin. SX Kablo Saklama Kutunuzu bug\u00fcn sipari\u015f edin ve iyi d\u00fczenlenmi\u015f bir \u00e7al\u0131\u015fma alan\u0131n\u0131n avantajlar\u0131n\u0131 ya\u015fay\u0131n. Sipari\u015finizi vermek i\u00e7in hemen bizimle ileti\u015fime ge\u00e7in ve kablolar\u0131n\u0131z\u0131n g\u00fcvende ve emniyette oldu\u011funu bilmenin verdi\u011fi huzurun tad\u0131n\u0131 \u00e7\u0131kar\u0131n. B\u0131rak\u0131n SX kablolar\u0131n\u0131z\u0131 m\u00fckemmel d\u00fczende ve her t\u00fcrl\u00fc g\u00f6reve haz\u0131r tutman\u0131za yard\u0131mc\u0131 olsun.<\/p>\n<p><strong>SSS<\/strong><\/p>\n<p>S: Nas\u0131l numune alabilirim?<\/p>\n<p>A: Genellikle bizim \u00f6rnek tahsil edilecektir. ama biz iade edece\u011fiz Sipari\u015f verdi\u011finizde, \u00f6rnek DHL, TNT, FEDEX, EMS vb gibi ekspres taraf\u0131ndan teslim edilecektir.<\/p>\n<p>S: Seri \u00fcretim i\u00e7in teslim s\u00fcresi ne olacak?<\/p>\n<p>C: Teslimat 25 g\u00fcn (baz\u0131 acele sipari\u015fler i\u00e7in 20 g\u00fcn i\u00e7inde bitirilebilir).<\/p>\n<p>S: Kasa \u00fczerine logomuzu yapabilir miyiz?<\/p>\n<p>C: Evet, ipek bask\u0131, i\u015flemeli ve metal logo se\u00e7eneklerimiz mevcuttur.<\/p>","protected":false},"excerpt":{"rendered":"<h2 class=\"prodetails-name\">Kablo Saklama Kutusu<\/h2>\n<p>E\u015fsiz bir g\u00f6r\u00fcn\u00fcm sa\u011flayan petekli siyah lamine kontrplakl\u0131 kablo saklama kutusu, ekipman\u0131n\u0131z i\u00e7in en \u00fcst d\u00fczeyde g\u00fcvenlik sa\u011flamak \u00fczere en kaliteli malzemeler ve i\u015f\u00e7ilik kullan\u0131larak \u00fcretilmi\u015ftir.<\/p>\n<h2><strong>\u00dcretim tan\u0131t\u0131m\u0131<\/strong><\/h2>\n<p>M\u00fcmk\u00fcn olan her yerde, elementlere kar\u015f\u0131 korozif diren\u00e7 i\u00e7in krom kaplamal\u0131 g\u00f6mme donan\u0131m kullan\u0131yoruz. Ba\u015ftan sona y\u00fcksek kalitenin korunmas\u0131n\u0131 sa\u011flamak i\u00e7in Penn Elcom veya kendi markam\u0131z olan donan\u0131m kullan\u0131lmaktad\u0131r.<\/p>\n<p>\u0130\u00e7 \u00f6l\u00e7\u00fcler, tedarik edildi\u011fi belirtilmi\u015fse her zaman k\u00f6p\u00fck astar i\u00e7inde belirtilir.<\/p>\n<p>Yang\u0131n tahtas\u0131, al\u00fcminyum kaplama ve taklit. kutu daha dayan\u0131kl\u0131, dayan\u0131kl\u0131 titre\u015fim \u00f6nleyicidir. G\u00fc\u00e7l\u00fc bir kale olarak.<\/p>\n<p>Tamamen al\u00fcminyum kenarl\u0131k, metal halka ba\u011flant\u0131 eleman\u0131, geli\u015fmi\u015f kuma\u015f, kompozit b\u00f6lme ve serbest s\u00fcnger.<\/p>\n<p>Rahat sap, esnek ve ta\u015f\u0131mas\u0131 kolay.<\/p>","protected":false},"featured_media":1770,"comment_status":"open","ping_status":"closed","template":"","meta":[],"product_brand":[],"product_cat":[36],"product_tag":[],"class_list":{"0":"post-1769","1":"product","2":"type-product","3":"status-publish","4":"has-post-thumbnail","6":"product_cat-cables-cases","8":"first","9":"instock","10":"shipping-taxable","11":"product-type-simple"},"yoast_head":"<!-- This site is optimized with the Yoast SEO Premium plugin v27.1 (Yoast SEO v27.2) - https:\/\/yoast.com\/product\/yoast-seo-premium-wordpress\/ -->\n<title>Cable Storage Case Manufacture- https:\/\/sxflightcase.com<\/title>\n<meta name=\"description\" content=\"Cable Storage Case: Discover our factory-direct options for professional customization, perfect for organizing and managing cables efficiently.\" \/>\n<meta name=\"robots\" content=\"index, follow, max-snippet:-1, max-image-preview:large, max-video-preview:-1\" \/>\n<link rel=\"canonical\" href=\"https:\/\/sxflightcase.com\/tr\/urun\/kablo-saklama-kutusu-2\/\" \/>\n<meta property=\"og:locale\" content=\"tr_TR\" \/>\n<meta property=\"og:type\" content=\"article\" \/>\n<meta property=\"og:title\" content=\"Cable Storage Case\" \/>\n<meta property=\"og:description\" content=\"Cable Storage Case: Discover our factory-direct options for professional customization, perfect for organizing and managing cables efficiently.\" \/>\n<meta property=\"og:url\" content=\"https:\/\/sxflightcase.com\/tr\/urun\/kablo-saklama-kutusu-2\/\" \/>\n<meta property=\"og:site_name\" content=\"https:\/\/sxflightcase.com\" \/>\n<meta property=\"article:publisher\" content=\"https:\/\/www.facebook.com\/profile.php?id=61560407257971\" \/>\n<meta property=\"article:modified_time\" content=\"2024-06-20T02:25:20+00:00\" \/>\n<meta property=\"og:image\" content=\"https:\/\/sxflightcase.com\/wp-content\/uploads\/2024\/05\/cable-storage-case51570937455.webp\" \/>\n\t<meta property=\"og:image:width\" content=\"700\" \/>\n\t<meta property=\"og:image:height\" content=\"700\" \/>\n\t<meta property=\"og:image:type\" content=\"image\/webp\" \/>\n<meta name=\"twitter:card\" content=\"summary_large_image\" \/>\n<meta name=\"twitter:label1\" content=\"Tahmini okuma s\u00fcresi\" \/>\n\t<meta name=\"twitter:data1\" content=\"5 dakika\" \/>\n<script type=\"application\/ld+json\" class=\"yoast-schema-graph\">{\"@context\":\"https:\/\/schema.org\",\"@graph\":[{\"@type\":\"WebPage\",\"@id\":\"https:\/\/sxflightcase.com\/tr\/urun\/kablo-saklama-kutusu-2\/\",\"url\":\"https:\/\/sxflightcase.com\/tr\/urun\/kablo-saklama-kutusu-2\/\",\"name\":\"Cable Storage Case Manufacture- https:\/\/sxflightcase.com\",\"isPartOf\":{\"@id\":\"https:\/\/sxflightcase.com\/th\/#website\"},\"primaryImageOfPage\":{\"@id\":\"https:\/\/sxflightcase.com\/tr\/urun\/kablo-saklama-kutusu-2\/#primaryimage\"},\"image\":{\"@id\":\"https:\/\/sxflightcase.com\/tr\/urun\/kablo-saklama-kutusu-2\/#primaryimage\"},\"thumbnailUrl\":\"https:\/\/sxflightcase.com\/wp-content\/uploads\/2024\/05\/cable-storage-case51570937455.webp\",\"datePublished\":\"2024-05-10T06:23:30+00:00\",\"dateModified\":\"2024-06-20T02:25:20+00:00\",\"description\":\"Cable Storage Case: Discover our factory-direct options for professional customization, perfect for organizing and managing cables efficiently.\",\"breadcrumb\":{\"@id\":\"https:\/\/sxflightcase.com\/tr\/urun\/kablo-saklama-kutusu-2\/#breadcrumb\"},\"inLanguage\":\"tr\",\"potentialAction\":[{\"@type\":\"ReadAction\",\"target\":[\"https:\/\/sxflightcase.com\/tr\/urun\/kablo-saklama-kutusu-2\/\"]}]},{\"@type\":\"ImageObject\",\"inLanguage\":\"tr\",\"@id\":\"https:\/\/sxflightcase.com\/tr\/urun\/kablo-saklama-kutusu-2\/#primaryimage\",\"url\":\"https:\/\/sxflightcase.com\/wp-content\/uploads\/2024\/05\/cable-storage-case51570937455.webp\",\"contentUrl\":\"https:\/\/sxflightcase.com\/wp-content\/uploads\/2024\/05\/cable-storage-case51570937455.webp\",\"width\":700,\"height\":700,\"caption\":\"Cable Storage Case\"},{\"@type\":\"BreadcrumbList\",\"@id\":\"https:\/\/sxflightcase.com\/tr\/urun\/kablo-saklama-kutusu-2\/#breadcrumb\",\"itemListElement\":[{\"@type\":\"ListItem\",\"position\":1,\"name\":\"Home\",\"item\":\"https:\/\/sxflightcase.com\/\"},{\"@type\":\"ListItem\",\"position\":2,\"name\":\"\u0e2a\u0e34\u0e19\u0e04\u0e49\u0e32\",\"item\":\"https:\/\/sxflightcase.com\/th\/shop\/\"},{\"@type\":\"ListItem\",\"position\":3,\"name\":\"Cable Storage Case\"}]},{\"@type\":\"WebSite\",\"@id\":\"https:\/\/sxflightcase.com\/th\/#website\",\"url\":\"https:\/\/sxflightcase.com\/th\/\",\"name\":\"sxpowercase.com\",\"description\":\"Flight Case Factory\",\"publisher\":{\"@id\":\"https:\/\/sxflightcase.com\/th\/#organization\"},\"potentialAction\":[{\"@type\":\"SearchAction\",\"target\":{\"@type\":\"EntryPoint\",\"urlTemplate\":\"https:\/\/sxflightcase.com\/th\/?s={search_term_string}\"},\"query-input\":{\"@type\":\"PropertyValueSpecification\",\"valueRequired\":true,\"valueName\":\"search_term_string\"}}],\"inLanguage\":\"tr\"},{\"@type\":\"Organization\",\"@id\":\"https:\/\/sxflightcase.com\/th\/#organization\",\"name\":\"sxpowercase.com\",\"url\":\"https:\/\/sxflightcase.com\/th\/\",\"logo\":{\"@type\":\"ImageObject\",\"inLanguage\":\"tr\",\"@id\":\"https:\/\/sxflightcase.com\/th\/#\/schema\/logo\/image\/\",\"url\":\"https:\/\/sxflightcase.com\/wp-content\/uploads\/2024\/04\/1713919036007.jpg\",\"contentUrl\":\"https:\/\/sxflightcase.com\/wp-content\/uploads\/2024\/04\/1713919036007.jpg\",\"width\":382,\"height\":388,\"caption\":\"sxpowercase.com\"},\"image\":{\"@id\":\"https:\/\/sxflightcase.com\/th\/#\/schema\/logo\/image\/\"},\"sameAs\":[\"https:\/\/www.facebook.com\/profile.php?id=61560407257971\"],\"numberOfEmployees\":{\"@type\":\"QuantitativeValue\",\"minValue\":\"11\",\"maxValue\":\"50\"}}]}<\/script>\n<!-- \/ Yoast SEO Premium plugin. -->","yoast_head_json":{"title":"Cable Storage Case Manufacture- https:\/\/sxflightcase.com","description":"Kablo Saklama Kutusu: Kablolar\u0131 verimli bir \u015fekilde d\u00fczenlemek ve y\u00f6netmek i\u00e7in m\u00fckemmel olan profesyonel \u00f6zelle\u015ftirme i\u00e7in fabrikada do\u011frudan se\u00e7eneklerimizi ke\u015ffedin.","robots":{"index":"index","follow":"follow","max-snippet":"max-snippet:-1","max-image-preview":"max-image-preview:large","max-video-preview":"max-video-preview:-1"},"canonical":"https:\/\/sxflightcase.com\/tr\/urun\/kablo-saklama-kutusu-2\/","og_locale":"tr_TR","og_type":"article","og_title":"Cable Storage Case","og_description":"Cable Storage Case: Discover our factory-direct options for professional customization, perfect for organizing and managing cables efficiently.","og_url":"https:\/\/sxflightcase.com\/tr\/urun\/kablo-saklama-kutusu-2\/","og_site_name":"https:\/\/sxflightcase.com","article_publisher":"https:\/\/www.facebook.com\/profile.php?id=61560407257971","article_modified_time":"2024-06-20T02:25:20+00:00","og_image":[{"width":700,"height":700,"url":"https:\/\/sxflightcase.com\/wp-content\/uploads\/2024\/05\/cable-storage-case51570937455.webp","type":"image\/webp"}],"twitter_card":"summary_large_image","twitter_misc":{"Tahmini okuma s\u00fcresi":"5 dakika"},"schema":{"@context":"https:\/\/schema.org","@graph":[{"@type":"WebPage","@id":"https:\/\/sxflightcase.com\/tr\/urun\/kablo-saklama-kutusu-2\/","url":"https:\/\/sxflightcase.com\/tr\/urun\/kablo-saklama-kutusu-2\/","name":"Cable Storage Case Manufacture- https:\/\/sxflightcase.com","isPartOf":{"@id":"https:\/\/sxflightcase.com\/th\/#website"},"primaryImageOfPage":{"@id":"https:\/\/sxflightcase.com\/tr\/urun\/kablo-saklama-kutusu-2\/#primaryimage"},"image":{"@id":"https:\/\/sxflightcase.com\/tr\/urun\/kablo-saklama-kutusu-2\/#primaryimage"},"thumbnailUrl":"https:\/\/sxflightcase.com\/wp-content\/uploads\/2024\/05\/cable-storage-case51570937455.webp","datePublished":"2024-05-10T06:23:30+00:00","dateModified":"2024-06-20T02:25:20+00:00","description":"Kablo Saklama Kutusu: Kablolar\u0131 verimli bir \u015fekilde d\u00fczenlemek ve y\u00f6netmek i\u00e7in m\u00fckemmel olan profesyonel \u00f6zelle\u015ftirme i\u00e7in fabrikada do\u011frudan se\u00e7eneklerimizi ke\u015ffedin.","breadcrumb":{"@id":"https:\/\/sxflightcase.com\/tr\/urun\/kablo-saklama-kutusu-2\/#breadcrumb"},"inLanguage":"tr","potentialAction":[{"@type":"ReadAction","target":["https:\/\/sxflightcase.com\/tr\/urun\/kablo-saklama-kutusu-2\/"]}]},{"@type":"ImageObject","inLanguage":"tr","@id":"https:\/\/sxflightcase.com\/tr\/urun\/kablo-saklama-kutusu-2\/#primaryimage","url":"https:\/\/sxflightcase.com\/wp-content\/uploads\/2024\/05\/cable-storage-case51570937455.webp","contentUrl":"https:\/\/sxflightcase.com\/wp-content\/uploads\/2024\/05\/cable-storage-case51570937455.webp","width":700,"height":700,"caption":"Cable Storage Case"},{"@type":"BreadcrumbList","@id":"https:\/\/sxflightcase.com\/tr\/urun\/kablo-saklama-kutusu-2\/#breadcrumb","itemListElement":[{"@type":"ListItem","position":1,"name":"Home","item":"https:\/\/sxflightcase.com\/"},{"@type":"ListItem","position":2,"name":"\u0e2a\u0e34\u0e19\u0e04\u0e49\u0e32","item":"https:\/\/sxflightcase.com\/th\/shop\/"},{"@type":"ListItem","position":3,"name":"Cable Storage Case"}]},{"@type":"WebSite","@id":"https:\/\/sxflightcase.com\/th\/#website","url":"https:\/\/sxflightcase.com\/th\/","name":"sxpowercase.com","description":"U\u00e7u\u015f \u00c7antas\u0131 Fabrikas\u0131","publisher":{"@id":"https:\/\/sxflightcase.com\/th\/#organization"},"potentialAction":[{"@type":"SearchAction","target":{"@type":"EntryPoint","urlTemplate":"https:\/\/sxflightcase.com\/th\/?s={search_term_string}"},"query-input":{"@type":"PropertyValueSpecification","valueRequired":true,"valueName":"search_term_string"}}],"inLanguage":"tr"},{"@type":"Organization","@id":"https:\/\/sxflightcase.com\/th\/#organization","name":"sxpowercase.com","url":"https:\/\/sxflightcase.com\/th\/","logo":{"@type":"ImageObject","inLanguage":"tr","@id":"https:\/\/sxflightcase.com\/th\/#\/schema\/logo\/image\/","url":"https:\/\/sxflightcase.com\/wp-content\/uploads\/2024\/04\/1713919036007.jpg","contentUrl":"https:\/\/sxflightcase.com\/wp-content\/uploads\/2024\/04\/1713919036007.jpg","width":382,"height":388,"caption":"sxpowercase.com"},"image":{"@id":"https:\/\/sxflightcase.com\/th\/#\/schema\/logo\/image\/"},"sameAs":["https:\/\/www.facebook.com\/profile.php?id=61560407257971"],"numberOfEmployees":{"@type":"QuantitativeValue","minValue":"11","maxValue":"50"}}]}},"_links":{"self":[{"href":"https:\/\/sxflightcase.com\/tr\/wp-json\/wp\/v2\/product\/1769","targetHints":{"allow":["GET"]}}],"collection":[{"href":"https:\/\/sxflightcase.com\/tr\/wp-json\/wp\/v2\/product"}],"about":[{"href":"https:\/\/sxflightcase.com\/tr\/wp-json\/wp\/v2\/types\/product"}],"replies":[{"embeddable":true,"href":"https:\/\/sxflightcase.com\/tr\/wp-json\/wp\/v2\/comments?post=1769"}],"version-history":[{"count":0,"href":"https:\/\/sxflightcase.com\/tr\/wp-json\/wp\/v2\/product\/1769\/revisions"}],"wp:featuredmedia":[{"embeddable":true,"href":"https:\/\/sxflightcase.com\/tr\/wp-json\/wp\/v2\/media\/1770"}],"wp:attachment":[{"href":"https:\/\/sxflightcase.com\/tr\/wp-json\/wp\/v2\/media?parent=1769"}],"wp:term":[{"taxonomy":"product_brand","embeddable":true,"href":"https:\/\/sxflightcase.com\/tr\/wp-json\/wp\/v2\/product_brand?post=1769"},{"taxonomy":"product_cat","embeddable":true,"href":"https:\/\/sxflightcase.com\/tr\/wp-json\/wp\/v2\/product_cat?post=1769"},{"taxonomy":"product_tag","embeddable":true,"href":"https:\/\/sxflightcase.com\/tr\/wp-json\/wp\/v2\/product_tag?post=1769"}],"curies":[{"name":"wp","href":"https:\/\/api.w.org\/{rel}","templated":true}]}}