{"id":1774,"date":"2024-05-10T07:28:50","date_gmt":"2024-05-10T06:28:50","guid":{"rendered":"https:\/\/sxpowercase.com\/?post_type=product&#038;p=1774"},"modified":"2024-06-20T03:28:08","modified_gmt":"2024-06-20T02:28:08","slug":"cable-case","status":"publish","type":"product","link":"https:\/\/sxflightcase.com\/tr\/urun\/kablo-kutusu\/","title":{"rendered":"Kablo Kasas\u0131 \u00dcretimi"},"content":{"rendered":"<h3><strong>\u00dcr\u00fcn parametresi(spesifikasyonu)<\/strong><\/h3>\n<section class=\"table-wrap\">\n<table class=\"table\" width=\"100%\" cellspacing=\"0\" cellpadding=\"0\">\n<tbody>\n<tr class=\"firstRow\">\n<td width=\"147\">\u00dcr\u00fcn ad\u0131:<\/td>\n<td width=\"566\">Kablo k\u0131l\u0131f\u0131<\/td>\n<\/tr>\n<tr>\n<td width=\"147\">Boyut:<\/td>\n<td width=\"566\">Her zaman 1000x500x500mm, 1200x600x600mm veya \u00f6zel yap\u0131yoruz<\/td>\n<\/tr>\n<tr>\n<td width=\"147\">Renk:<\/td>\n<td width=\"566\">siyah \/ k\u0131rm\u0131z\u0131 \/ mavi vb. veya istedi\u011finiz herhangi bir renk<\/td>\n<\/tr>\n<tr>\n<td width=\"147\">Malzemeler :<\/td>\n<td width=\"566\">Al\u00fcminyum + PLYWOOD + ABS panel+Donan\u0131m+K\u00f6p\u00fck<\/td>\n<\/tr>\n<tr>\n<td width=\"147\">Logo :<\/td>\n<td width=\"566\">Serigrafi logo \/ kabartma logo \/ lazer logo i\u00e7in kullan\u0131labilir<\/td>\n<\/tr>\n<tr>\n<td width=\"147\">ADEDI:<\/td>\n<td width=\"566\">10 adet<\/td>\n<\/tr>\n<tr>\n<td width=\"147\">\u00d6rnekleme zaman\u0131 :<\/td>\n<td width=\"566\">5-7 g\u00fcn<\/td>\n<\/tr>\n<tr>\n<td width=\"147\">\u00dcretim s\u00fcresi :<\/td>\n<td width=\"566\">Sipari\u015f onayland\u0131ktan 4 hafta sonra<\/td>\n<\/tr>\n<tr>\n<td width=\"147\">Sevkiyat liman\u0131:<\/td>\n<td width=\"566\">Shenzhen, Guangzhou, Hongkong<\/td>\n<\/tr>\n<tr>\n<td width=\"147\">Ticaret \u015fartlar\u0131:<\/td>\n<td width=\"566\">Ex-work \/ FOB \/ CIF \/ DDU<\/td>\n<\/tr>\n<tr>\n<td width=\"147\">\u00d6deme S\u00fcresi:<\/td>\n<td width=\"566\">T \/ T 30% depozito ve sevkiyat \u00f6ncesi 70%, Western Union vb.<\/td>\n<\/tr>\n<tr>\n<td width=\"147\">\u00d6zellik:<\/td>\n<td width=\"566\">1) \u015e\u0131k, dayan\u0131kl\u0131 ve ekonomik tasar\u0131m<br \/>\n2) \u0130nce i\u015f\u00e7ilik ve \u00f6zel tasar\u0131m<br \/>\n3) Herhangi bir tasar\u0131m, logo bas\u0131labilir veya nak\u0131\u015f yap\u0131labilir<br \/>\n4) \u00d6zel boyutlar, logolar ve tasar\u0131mlar kabul edilir<\/td>\n<\/tr>\n<tr>\n<td width=\"147\">Di\u011fer:<\/td>\n<td width=\"566\">Tek noktadan hizmet, tasar\u0131m, \u00fcretim ve paketleme sa\u011fl\u0131yoruz<br \/>\nEn iyi kalite, \u00fcretim fiyat\u0131 ve iyi hizmet<br \/>\nOEM ve LOGO sunulmaktad\u0131r<\/td>\n<\/tr>\n<\/tbody>\n<\/table>\n<\/section>\n<h1>SX ile Kablo K\u0131l\u0131f\u0131 \u00dcretiminde \u00d6nc\u00fc<\/h1>\n<h2>\u00dcst\u00fcn Kalite ve Tasar\u0131m<\/h2>\n<p>\u015eu anda <a href=\"https:\/\/sxpowercase.com\/\" target=\"_blank\" rel=\"noopener\" title=\"SX\" data-wpil-monitor-id=\"123\">SX<\/a>kablo kutusu \u00fcretiminde uzmanla\u015farak t\u00fcm kablo y\u00f6netimi ihtiya\u00e7lar\u0131n\u0131z i\u00e7in birinci s\u0131n\u0131f depolama \u00e7\u00f6z\u00fcmleri sunuyoruz. K\u0131l\u0131flar\u0131m\u0131z, dayan\u0131kl\u0131l\u0131k ve uzun \u00f6m\u00fcrl\u00fc performans sa\u011flayan y\u00fcksek kaliteli malzemelerden \u00fcretilmi\u015ftir. SX, \u00fcst\u00fcn kaliteyi yenilik\u00e7i tasar\u0131mla birle\u015ftirerek kablo k\u0131l\u0131flar\u0131m\u0131z\u0131 hem profesyoneller hem de g\u00fcnl\u00fck kullan\u0131c\u0131lar i\u00e7in en iyi se\u00e7enek haline getiriyor.<\/p>\n<h2>Her \u0130htiyaca \u00d6zel \u00c7\u00f6z\u00fcmler<\/h2>\n<h3>Spesifikasyonlar\u0131n\u0131za G\u00f6re Uyarland\u0131<\/h3>\n<p>SX, her m\u00fc\u015fterinin kendine \u00f6zg\u00fc gereksinimleri oldu\u011funun fark\u0131ndad\u0131r. Bu nedenle kablo kutusu \u00fcretim s\u00fcrecimizde \u00f6zel hizmetler sunuyoruz. \u0130ster belirli boyutlara, ister ek b\u00f6lmelere veya ki\u015fiselle\u015ftirilmi\u015f markalamaya ihtiyac\u0131n\u0131z olsun, SX \u00fcr\u00fcnlerimizi tam ihtiya\u00e7lar\u0131n\u0131z\u0131 kar\u015f\u0131layacak \u015fekilde uyarlayabilir. Kablo y\u00f6netimini daha verimli ve etkili hale getirmek i\u00e7in tasarlanm\u0131\u015f \u0131smarlama \u00e7\u00f6z\u00fcmlerimizle i\u015finizi geli\u015ftirin.<\/p>\n<h3>Profesyonel G\u00f6r\u00fcn\u00fcm<\/h3>\n<p>Da\u011f\u0131n\u0131k olmayan bir \u00e7al\u0131\u015fma alan\u0131 daha profesyonel g\u00f6r\u00fcn\u00fcr ve m\u00fc\u015fterileri ve i\u015f arkada\u015flar\u0131n\u0131 etkileyebilir. SX kablo kutular\u0131n\u0131n \u015f\u0131k tasar\u0131m\u0131, kurulumunuza profesyonellik katarak harika bir izlenim b\u0131rakman\u0131za yard\u0131mc\u0131 olur. \u0130\u015flevselli\u011fi stil ile birle\u015ftiren bir kablo k\u0131l\u0131f\u0131 i\u00e7in SX'i se\u00e7in.<\/p>\n<h2>Rakipsiz De\u011fer i\u00e7in Fabrika Do\u011frudan Sat\u0131\u015flar\u0131<\/h2>\n<h3>Rekabet\u00e7i Fiyatland\u0131rma<\/h3>\n<p>Do\u011frudan fabrikam\u0131zdan sat\u0131\u015f yaparak, SX arac\u0131y\u0131 ortadan kald\u0131r\u0131r ve kablo k\u0131l\u0131flar\u0131m\u0131z\u0131 rakipsiz fiyatlarla sunmam\u0131z\u0131 sa\u011flar. Y\u00fcksek fiyat etiketi olmadan y\u00fcksek kaliteli \u00fcr\u00fcnlerin keyfini \u00e7\u0131kar\u0131n. Do\u011frudan fabrika sat\u0131\u015f modelimiz, paran\u0131z\u0131n kar\u015f\u0131l\u0131\u011f\u0131n\u0131 en iyi \u015fekilde alman\u0131z\u0131 sa\u011flayarak SX'i kablo y\u00f6netimi ihtiya\u00e7lar\u0131n\u0131z i\u00e7in ak\u0131ll\u0131 bir se\u00e7im haline getirir.<\/p>\n<h3>\u0130\u015finizi G\u00fc\u00e7lendirin<\/h3>\n<p>SX'in kaliteli kablo k\u0131l\u0131flar\u0131na yat\u0131r\u0131m yapmak i\u015f operasyonlar\u0131n\u0131z\u0131 \u00f6nemli \u00f6l\u00e7\u00fcde geli\u015ftirebilir. Kablolar\u0131n\u0131z\u0131 d\u00fczenli ve kolay eri\u015filebilir tutarak verimlili\u011fi ve \u00fcretkenli\u011fi art\u0131rabilirsiniz. Dayan\u0131kl\u0131 ve \u00f6zelle\u015ftirilebilir k\u0131l\u0131flar\u0131m\u0131z, kablolar\u0131n\u0131z\u0131n her zaman korunmas\u0131n\u0131 ve kullan\u0131ma haz\u0131r olmas\u0131n\u0131 sa\u011flar.<\/p>\n<h2>Verimli ve G\u00fcvenilir Hizmet<\/h2>\n<h3>H\u0131zl\u0131 Teslimat<\/h3>\n<p>SX, verimli ve g\u00fcvenilir hizmet sunmay\u0131 taahh\u00fct eder. Sipari\u015finizi verdi\u011finiz andan itibaren ekibimiz h\u0131zl\u0131 \u00fcretim ve h\u0131zl\u0131 teslimat sa\u011flamak i\u00e7in \u00f6zenle \u00e7al\u0131\u015f\u0131r. \u00d6zel kablo k\u0131l\u0131flar\u0131n\u0131z\u0131 derhal teslim etmesi i\u00e7in SX'e g\u00fcvenebilirsiniz, b\u00f6ylece y\u00fcksek kaliteli depolama \u00e7\u00f6z\u00fcmlerimizden hemen yararlanmaya ba\u015flayabilirsiniz.<\/p>\n<h3>Memnun M\u00fc\u015fteriler<\/h3>\n<p>Kaliteye ve m\u00fc\u015fteri memnuniyetine olan ba\u011fl\u0131l\u0131\u011f\u0131m\u0131z bize sad\u0131k bir m\u00fc\u015fteri taban\u0131 kazand\u0131rd\u0131. Bir teknoloji giri\u015fimcisi olan James, \"SX kablo k\u0131l\u0131flar\u0131 oyunun kurallar\u0131n\u0131 de\u011fi\u015ftiriyor\" diyor. Bir BT uzman\u0131 olan Sarah ise \"\u00d6zel \u00f6zellikleri ve dayan\u0131kl\u0131l\u0131\u011f\u0131 sayesinde i\u015f ihtiya\u00e7lar\u0131m i\u00e7in m\u00fckemmel\" diye ekliyor. Kablo k\u0131l\u0131f\u0131 \u00fcretimi i\u00e7in SX'e g\u00fcvenen bir\u00e7ok memnun m\u00fc\u015fteriye siz de kat\u0131l\u0131n.<\/p>\n<h2>M\u00fckemmellik Taahh\u00fcd\u00fc<\/h2>\n<h3>Yenilik\u00e7i Tasar\u0131m<\/h3>\n<p>SX her zaman yenilik\u00e7ili\u011fin \u00f6n saflar\u0131nda yer al\u0131r. Kablo kutusu tasar\u0131mlar\u0131m\u0131z, optimum i\u015flevsellik ve stil sa\u011flamak i\u00e7in en son trendleri ve teknolojileri i\u00e7erir. SX'i se\u00e7ti\u011finizde, modern tasar\u0131m ve m\u00fchendislikte en iyiyi yans\u0131tan bir \u00fcr\u00fcne yat\u0131r\u0131m yapm\u0131\u015f olursunuz.<\/p>\n<h3>Kalite G\u00fcvencesi<\/h3>\n<p>Fabrikam\u0131zdan \u00e7\u0131kan her kablo kutusu, y\u00fcksek standartlar\u0131m\u0131z\u0131 kar\u015f\u0131lad\u0131\u011f\u0131ndan emin olmak i\u00e7in titiz kalite kontrollerinden ge\u00e7er. SX'te kalite g\u00fcvencesi en \u00f6nemli \u00f6nceliktir ve beklentilerinizi a\u015fan \u00fcr\u00fcnler sunmak i\u00e7in \u00e7al\u0131\u015f\u0131yoruz.<\/p>\n<h2>\u00d6zel Kablo K\u0131l\u0131f\u0131n\u0131z\u0131 Bug\u00fcn Sipari\u015f Edin<\/h2>\n<p>Da\u011f\u0131n\u0131k kablolar\u0131n i\u015f ak\u0131\u015f\u0131n\u0131z\u0131 bozmas\u0131na izin vermeyin. \u00d6zel kablo kutunuzu bug\u00fcn SX'ten sipari\u015f edin ve \u00fcst\u00fcn kablo y\u00f6netiminin avantajlar\u0131n\u0131 deneyimleyin. Gereksinimlerinizi g\u00f6r\u00fc\u015fmek i\u00e7in sat\u0131\u015f ekibimizle ileti\u015fime ge\u00e7in, gerisini biz hallederiz. T\u00fcm kablo kutusu \u00fcretim ihtiya\u00e7lar\u0131n\u0131z i\u00e7in SX'e g\u00fcvenin ve kablolar\u0131n\u0131z\u0131n g\u00fcvenli bir \u015fekilde sakland\u0131\u011f\u0131n\u0131 ve kullan\u0131ma haz\u0131r oldu\u011funu bilmenin getirdi\u011fi i\u00e7 huzurunun tad\u0131n\u0131 \u00e7\u0131kar\u0131n.<\/p>\n<p>SX'i se\u00e7in ve birinci s\u0131n\u0131f, \u00f6zelle\u015ftirilebilir kablo k\u0131l\u0131flar\u0131m\u0131zla kablo y\u00f6netimi \u00e7\u00f6z\u00fcmlerinizi y\u00fckseltin.<\/p>\n<p><strong>Paketleme ve g\u00f6nderim<\/strong><\/p>\n<section class=\"table-wrap\">\n<table class=\"table\" width=\"100%\" cellspacing=\"0\" cellpadding=\"0\">\n<tbody>\n<tr class=\"firstRow\">\n<td colspan=\"3\" width=\"100%\">Paketleme ve Kargolama<\/td>\n<\/tr>\n<tr>\n<td rowspan=\"3\" width=\"33%\">Kargo S\u00fcresi<\/td>\n<td width=\"33%\">Deniz yoluyla<\/td>\n<td width=\"33%\">15-60 g\u00fcn<\/td>\n<\/tr>\n<tr>\n<td width=\"33%\">Hava yoluyla<\/td>\n<td width=\"33%\">4-9 g\u00fcn<\/td>\n<\/tr>\n<tr>\n<td width=\"33%\">Ekspres ile<\/td>\n<td width=\"33%\">4-9 g\u00fcn<\/td>\n<\/tr>\n<tr>\n<td width=\"33%\">Teslimat s\u00fcresi<\/td>\n<td colspan=\"2\" width=\"66%\">7-15 \u00e7al\u0131\u015fma veya ihtiya\u00e7lar\u0131n\u0131za g\u00f6re<\/td>\n<\/tr>\n<tr>\n<td width=\"33%\">Ambalajlama<\/td>\n<td colspan=\"2\" width=\"66%\">Karton veya iste\u011finize g\u00f6re<\/td>\n<\/tr>\n<\/tbody>\n<\/table>\n<\/section>\n<p><strong>SSS<\/strong><\/p>\n<p>S: Bu ne kadar a\u011f\u0131rl\u0131k ta\u015f\u0131yabilir?<\/p>\n<p>C: 200 kg i\u00e7in test ettik. daha fazla s\u00fcrebilir<\/p>\n<p>S: Boyutlar nedir?<\/p>\n<p>C: Ekipman\u0131 tutmak i\u00e7in m\u00fc\u015fterinin ihtiyac\u0131na g\u00f6re farkl\u0131 boyutlar yapabiliriz.<\/p>\n<p>S: Hangi \u00f6deme \u015feklini kabul edebilirsiniz?<\/p>\n<p>A: T \/ T, Western Union, vb. Herhangi bir uygun ve h\u0131zl\u0131 \u00f6deme ko\u015fulunu kabul ediyoruz.<\/p>\n<p>S\u0131cak Etiketler: D\u00fc\u015f\u00fck fiyat, stokta, \u00fccretsiz numune, G\u00fc\u00e7 ve Sinyal Kablosu, 16 \u00d6l\u00e7\u00fc 4 \u0130letkenli Tel, Mikrofon Stand K\u0131l\u0131f\u0131, A\u00e7\u0131k Hava LED Ekran Kabini, Raf Montaj\u0131, 19\u201d Raf Montajl\u0131 Mikser U\u00e7u\u015f K\u0131l\u0131flar\u0131, elektrik da\u011f\u0131t\u0131m kutusu, \u00c7in, tedarik\u00e7iler, fabrika, \u00f6zelle\u015ftirilmi\u015f, toptan sat\u0131\u015f, <span style=\"color: #993366;\"><a style=\"color: #993366;\" href=\"https:\/\/sxflightcase.com\/tr\/product-category\/all-product\/power-distribution-boxes\/\">g\u00fc\u00e7 kutular\u0131<\/a>,\u00a0<a style=\"color: #993366;\" href=\"https:\/\/sxflightcase.com\/tr\/product-category\/all-product\/hoist-controllers\/\">g\u00fc\u00e7 kablolar\u0131<\/a>,\u00a0<a style=\"color: #993366;\" href=\"https:\/\/sxflightcase.com\/tr\/product-category\/all-product\/hoist-controllers\/\">vin\u00e7 kontrol\u00f6rleri<\/a>,\u00a0<a style=\"color: #993366;\" href=\"https:\/\/sxflightcase.com\/tr\/product-category\/all-product\/flight-case\/\">u\u00e7u\u015f vakalar\u0131.<\/a><\/span><\/p>","protected":false},"excerpt":{"rendered":"<h2 class=\"prodetails-name\">Kablo K\u0131l\u0131f\u0131<\/h2>\n<p>Bu kablo \u00e7antas\u0131, kaliteli korumaya ve zahmetsizce sorunsuz ta\u015f\u0131maya ihtiya\u00e7 duyan kablo ve \u00f6nemli ekipmanlar i\u00e7in m\u00fckemmeldir. A\u011f\u0131r hizmet tipi kau\u00e7uk tekerlekler hareket etmenizi sa\u011flar, ancak a\u011f\u0131r hizmet tipi bilyeli k\u00f6\u015feler ve kelebek mandallar gibi dayan\u0131kl\u0131l\u0131k odakl\u0131 \u00f6zellikler sayesinde ekipman\u0131n\u0131z\u0131n b\u00fct\u00fcnl\u00fc\u011f\u00fc konusunda endi\u015felenmezsiniz. Bu esnek \u00e7anta, her t\u00fcrl\u00fc ekipman\u0131 veya aksesuar\u0131 bankay\u0131 veya belinizi k\u0131rmadan ta\u015f\u0131yabilir!<\/p>\n<h2><strong>\u00dcretim tan\u0131t\u0131m\u0131<\/strong><\/h2>\n<p>- Tip Mente\u015feli kapak<\/p>\n<p>- Malzeme 12mm Siyah laminat kontrplak<\/p>\n<p>- D\u0131\u015f boyutlar: w1200mm x d600mm x h600mm<\/p>\n<p>- K\u00f6p\u00fck: Sert EVA k\u00f6p\u00fck<\/p>\n<p>- A\u011f\u0131r hizmet <a class=\"wpil_keyword_link\" href=\"https:\/\/sxpowercase.com\/product-category\/all-product\/flight-case\/\" target=\"_blank\" rel=\"noopener\" title=\"u\u00e7u\u015f durumu\" data-wpil-keyword-link=\"linked\" data-wpil-monitor-id=\"417\">u\u00e7u\u015f durumu<\/a> ba\u011flant\u0131 par\u00e7alar\u0131<\/p>\n<p>- Tekerlekler: 4\u2033 kau\u00e7uk 100mm Tekerlekler tak\u0131l\u0131 (x2 frenli)<\/p>","protected":false},"featured_media":1778,"comment_status":"open","ping_status":"closed","template":"","meta":[],"product_brand":[],"product_cat":[36],"product_tag":[],"class_list":{"0":"post-1774","1":"product","2":"type-product","3":"status-publish","4":"has-post-thumbnail","6":"product_cat-cables-cases","8":"first","9":"instock","10":"shipping-taxable","11":"product-type-simple"},"yoast_head":"<!-- This site is optimized with the Yoast SEO Premium plugin v27.1 (Yoast SEO v27.2) - https:\/\/yoast.com\/product\/yoast-seo-premium-wordpress\/ -->\n<title>Cable Case Manufacture Manufacture- https:\/\/sxflightcase.com<\/title>\n<meta name=\"description\" content=\"Cable Case Manufacture: Discover our factory-direct options for professional customization, perfect for organizing and managing cables efficiently.\" \/>\n<meta name=\"robots\" content=\"index, follow, max-snippet:-1, max-image-preview:large, max-video-preview:-1\" \/>\n<link rel=\"canonical\" href=\"https:\/\/sxflightcase.com\/tr\/\u0645\u0646\u062a\u062c\/\u0639\u0644\u0628\u0629-\u0627\u0644\u0643\u0627\u0628\u0644\/\" \/>\n<meta property=\"og:locale\" content=\"tr_TR\" \/>\n<meta property=\"og:type\" content=\"article\" \/>\n<meta property=\"og:title\" content=\"Cable Case Manufacture\" \/>\n<meta property=\"og:description\" content=\"Cable Case Manufacture: Discover our factory-direct options for professional customization, perfect for organizing and managing cables efficiently.\" \/>\n<meta property=\"og:url\" content=\"https:\/\/sxflightcase.com\/tr\/\u0645\u0646\u062a\u062c\/\u0639\u0644\u0628\u0629-\u0627\u0644\u0643\u0627\u0628\u0644\/\" \/>\n<meta property=\"og:site_name\" content=\"https:\/\/sxflightcase.com\" \/>\n<meta property=\"article:publisher\" content=\"https:\/\/www.facebook.com\/profile.php?id=61560407257971\" \/>\n<meta property=\"article:modified_time\" content=\"2024-06-20T02:28:08+00:00\" \/>\n<meta property=\"og:image\" content=\"https:\/\/sxflightcase.com\/wp-content\/uploads\/2024\/05\/cable-case46234394331.webp\" \/>\n\t<meta property=\"og:image:width\" content=\"730\" \/>\n\t<meta property=\"og:image:height\" content=\"730\" \/>\n\t<meta property=\"og:image:type\" content=\"image\/webp\" \/>\n<meta name=\"twitter:card\" content=\"summary_large_image\" \/>\n<meta name=\"twitter:label1\" content=\"Tahmini okuma s\u00fcresi\" \/>\n\t<meta name=\"twitter:data1\" content=\"5 dakika\" \/>\n<script type=\"application\/ld+json\" class=\"yoast-schema-graph\">{\"@context\":\"https:\/\/schema.org\",\"@graph\":[{\"@type\":\"WebPage\",\"@id\":\"https:\/\/sxflightcase.com\/ary\/\u0645\u0646\u062a\u062c\/\u0639\u0644\u0628\u0629-\u0627\u0644\u0643\u0627\u0628\u0644\/\",\"url\":\"https:\/\/sxflightcase.com\/ary\/\u0645\u0646\u062a\u062c\/\u0639\u0644\u0628\u0629-\u0627\u0644\u0643\u0627\u0628\u0644\/\",\"name\":\"Cable Case Manufacture Manufacture- https:\/\/sxflightcase.com\",\"isPartOf\":{\"@id\":\"https:\/\/sxflightcase.com\/th\/#website\"},\"primaryImageOfPage\":{\"@id\":\"https:\/\/sxflightcase.com\/ary\/\u0645\u0646\u062a\u062c\/\u0639\u0644\u0628\u0629-\u0627\u0644\u0643\u0627\u0628\u0644\/#primaryimage\"},\"image\":{\"@id\":\"https:\/\/sxflightcase.com\/ary\/\u0645\u0646\u062a\u062c\/\u0639\u0644\u0628\u0629-\u0627\u0644\u0643\u0627\u0628\u0644\/#primaryimage\"},\"thumbnailUrl\":\"https:\/\/sxflightcase.com\/wp-content\/uploads\/2024\/05\/cable-case46234394331.webp\",\"datePublished\":\"2024-05-10T06:28:50+00:00\",\"dateModified\":\"2024-06-20T02:28:08+00:00\",\"description\":\"Cable Case Manufacture: Discover our factory-direct options for professional customization, perfect for organizing and managing cables efficiently.\",\"breadcrumb\":{\"@id\":\"https:\/\/sxflightcase.com\/ary\/\u0645\u0646\u062a\u062c\/\u0639\u0644\u0628\u0629-\u0627\u0644\u0643\u0627\u0628\u0644\/#breadcrumb\"},\"inLanguage\":\"tr\",\"potentialAction\":[{\"@type\":\"ReadAction\",\"target\":[\"https:\/\/sxflightcase.com\/ary\/\u0645\u0646\u062a\u062c\/\u0639\u0644\u0628\u0629-\u0627\u0644\u0643\u0627\u0628\u0644\/\"]}]},{\"@type\":\"ImageObject\",\"inLanguage\":\"tr\",\"@id\":\"https:\/\/sxflightcase.com\/ary\/\u0645\u0646\u062a\u062c\/\u0639\u0644\u0628\u0629-\u0627\u0644\u0643\u0627\u0628\u0644\/#primaryimage\",\"url\":\"https:\/\/sxflightcase.com\/wp-content\/uploads\/2024\/05\/cable-case46234394331.webp\",\"contentUrl\":\"https:\/\/sxflightcase.com\/wp-content\/uploads\/2024\/05\/cable-case46234394331.webp\",\"width\":730,\"height\":730,\"caption\":\"Cable Case Manufacture\"},{\"@type\":\"BreadcrumbList\",\"@id\":\"https:\/\/sxflightcase.com\/ary\/\u0645\u0646\u062a\u062c\/\u0639\u0644\u0628\u0629-\u0627\u0644\u0643\u0627\u0628\u0644\/#breadcrumb\",\"itemListElement\":[{\"@type\":\"ListItem\",\"position\":1,\"name\":\"Home\",\"item\":\"https:\/\/sxflightcase.com\/\"},{\"@type\":\"ListItem\",\"position\":2,\"name\":\"\u0e2a\u0e34\u0e19\u0e04\u0e49\u0e32\",\"item\":\"https:\/\/sxflightcase.com\/th\/shop\/\"},{\"@type\":\"ListItem\",\"position\":3,\"name\":\"Cable Case Manufacture\"}]},{\"@type\":\"WebSite\",\"@id\":\"https:\/\/sxflightcase.com\/th\/#website\",\"url\":\"https:\/\/sxflightcase.com\/th\/\",\"name\":\"sxpowercase.com\",\"description\":\"Flight Case Factory\",\"publisher\":{\"@id\":\"https:\/\/sxflightcase.com\/th\/#organization\"},\"potentialAction\":[{\"@type\":\"SearchAction\",\"target\":{\"@type\":\"EntryPoint\",\"urlTemplate\":\"https:\/\/sxflightcase.com\/th\/?s={search_term_string}\"},\"query-input\":{\"@type\":\"PropertyValueSpecification\",\"valueRequired\":true,\"valueName\":\"search_term_string\"}}],\"inLanguage\":\"tr\"},{\"@type\":\"Organization\",\"@id\":\"https:\/\/sxflightcase.com\/th\/#organization\",\"name\":\"sxpowercase.com\",\"url\":\"https:\/\/sxflightcase.com\/th\/\",\"logo\":{\"@type\":\"ImageObject\",\"inLanguage\":\"tr\",\"@id\":\"https:\/\/sxflightcase.com\/th\/#\/schema\/logo\/image\/\",\"url\":\"https:\/\/sxflightcase.com\/wp-content\/uploads\/2024\/04\/1713919036007.jpg\",\"contentUrl\":\"https:\/\/sxflightcase.com\/wp-content\/uploads\/2024\/04\/1713919036007.jpg\",\"width\":382,\"height\":388,\"caption\":\"sxpowercase.com\"},\"image\":{\"@id\":\"https:\/\/sxflightcase.com\/th\/#\/schema\/logo\/image\/\"},\"sameAs\":[\"https:\/\/www.facebook.com\/profile.php?id=61560407257971\"],\"numberOfEmployees\":{\"@type\":\"QuantitativeValue\",\"minValue\":\"11\",\"maxValue\":\"50\"}}]}<\/script>\n<!-- \/ Yoast SEO Premium plugin. -->","yoast_head_json":{"title":"Cable Case Manufacture Manufacture- https:\/\/sxflightcase.com","description":"Kablo \u00c7antas\u0131 \u00dcretimi: Kablolar\u0131 verimli bir \u015fekilde d\u00fczenlemek ve y\u00f6netmek i\u00e7in m\u00fckemmel olan profesyonel \u00f6zelle\u015ftirme i\u00e7in fabrikadan do\u011frudan se\u00e7eneklerimizi ke\u015ffedin.","robots":{"index":"index","follow":"follow","max-snippet":"max-snippet:-1","max-image-preview":"max-image-preview:large","max-video-preview":"max-video-preview:-1"},"canonical":"https:\/\/sxflightcase.com\/tr\/\u0645\u0646\u062a\u062c\/\u0639\u0644\u0628\u0629-\u0627\u0644\u0643\u0627\u0628\u0644\/","og_locale":"tr_TR","og_type":"article","og_title":"Cable Case Manufacture","og_description":"Cable Case Manufacture: Discover our factory-direct options for professional customization, perfect for organizing and managing cables efficiently.","og_url":"https:\/\/sxflightcase.com\/tr\/\u0645\u0646\u062a\u062c\/\u0639\u0644\u0628\u0629-\u0627\u0644\u0643\u0627\u0628\u0644\/","og_site_name":"https:\/\/sxflightcase.com","article_publisher":"https:\/\/www.facebook.com\/profile.php?id=61560407257971","article_modified_time":"2024-06-20T02:28:08+00:00","og_image":[{"width":730,"height":730,"url":"https:\/\/sxflightcase.com\/wp-content\/uploads\/2024\/05\/cable-case46234394331.webp","type":"image\/webp"}],"twitter_card":"summary_large_image","twitter_misc":{"Tahmini okuma s\u00fcresi":"5 dakika"},"schema":{"@context":"https:\/\/schema.org","@graph":[{"@type":"WebPage","@id":"https:\/\/sxflightcase.com\/ary\/\u0645\u0646\u062a\u062c\/\u0639\u0644\u0628\u0629-\u0627\u0644\u0643\u0627\u0628\u0644\/","url":"https:\/\/sxflightcase.com\/ary\/\u0645\u0646\u062a\u062c\/\u0639\u0644\u0628\u0629-\u0627\u0644\u0643\u0627\u0628\u0644\/","name":"Cable Case Manufacture Manufacture- https:\/\/sxflightcase.com","isPartOf":{"@id":"https:\/\/sxflightcase.com\/th\/#website"},"primaryImageOfPage":{"@id":"https:\/\/sxflightcase.com\/ary\/\u0645\u0646\u062a\u062c\/\u0639\u0644\u0628\u0629-\u0627\u0644\u0643\u0627\u0628\u0644\/#primaryimage"},"image":{"@id":"https:\/\/sxflightcase.com\/ary\/\u0645\u0646\u062a\u062c\/\u0639\u0644\u0628\u0629-\u0627\u0644\u0643\u0627\u0628\u0644\/#primaryimage"},"thumbnailUrl":"https:\/\/sxflightcase.com\/wp-content\/uploads\/2024\/05\/cable-case46234394331.webp","datePublished":"2024-05-10T06:28:50+00:00","dateModified":"2024-06-20T02:28:08+00:00","description":"Kablo \u00c7antas\u0131 \u00dcretimi: Kablolar\u0131 verimli bir \u015fekilde d\u00fczenlemek ve y\u00f6netmek i\u00e7in m\u00fckemmel olan profesyonel \u00f6zelle\u015ftirme i\u00e7in fabrikadan do\u011frudan se\u00e7eneklerimizi ke\u015ffedin.","breadcrumb":{"@id":"https:\/\/sxflightcase.com\/ary\/\u0645\u0646\u062a\u062c\/\u0639\u0644\u0628\u0629-\u0627\u0644\u0643\u0627\u0628\u0644\/#breadcrumb"},"inLanguage":"tr","potentialAction":[{"@type":"ReadAction","target":["https:\/\/sxflightcase.com\/ary\/\u0645\u0646\u062a\u062c\/\u0639\u0644\u0628\u0629-\u0627\u0644\u0643\u0627\u0628\u0644\/"]}]},{"@type":"ImageObject","inLanguage":"tr","@id":"https:\/\/sxflightcase.com\/ary\/\u0645\u0646\u062a\u062c\/\u0639\u0644\u0628\u0629-\u0627\u0644\u0643\u0627\u0628\u0644\/#primaryimage","url":"https:\/\/sxflightcase.com\/wp-content\/uploads\/2024\/05\/cable-case46234394331.webp","contentUrl":"https:\/\/sxflightcase.com\/wp-content\/uploads\/2024\/05\/cable-case46234394331.webp","width":730,"height":730,"caption":"Cable Case Manufacture"},{"@type":"BreadcrumbList","@id":"https:\/\/sxflightcase.com\/ary\/\u0645\u0646\u062a\u062c\/\u0639\u0644\u0628\u0629-\u0627\u0644\u0643\u0627\u0628\u0644\/#breadcrumb","itemListElement":[{"@type":"ListItem","position":1,"name":"Home","item":"https:\/\/sxflightcase.com\/"},{"@type":"ListItem","position":2,"name":"\u0e2a\u0e34\u0e19\u0e04\u0e49\u0e32","item":"https:\/\/sxflightcase.com\/th\/shop\/"},{"@type":"ListItem","position":3,"name":"Cable Case Manufacture"}]},{"@type":"WebSite","@id":"https:\/\/sxflightcase.com\/th\/#website","url":"https:\/\/sxflightcase.com\/th\/","name":"sxpowercase.com","description":"U\u00e7u\u015f \u00c7antas\u0131 Fabrikas\u0131","publisher":{"@id":"https:\/\/sxflightcase.com\/th\/#organization"},"potentialAction":[{"@type":"SearchAction","target":{"@type":"EntryPoint","urlTemplate":"https:\/\/sxflightcase.com\/th\/?s={search_term_string}"},"query-input":{"@type":"PropertyValueSpecification","valueRequired":true,"valueName":"search_term_string"}}],"inLanguage":"tr"},{"@type":"Organization","@id":"https:\/\/sxflightcase.com\/th\/#organization","name":"sxpowercase.com","url":"https:\/\/sxflightcase.com\/th\/","logo":{"@type":"ImageObject","inLanguage":"tr","@id":"https:\/\/sxflightcase.com\/th\/#\/schema\/logo\/image\/","url":"https:\/\/sxflightcase.com\/wp-content\/uploads\/2024\/04\/1713919036007.jpg","contentUrl":"https:\/\/sxflightcase.com\/wp-content\/uploads\/2024\/04\/1713919036007.jpg","width":382,"height":388,"caption":"sxpowercase.com"},"image":{"@id":"https:\/\/sxflightcase.com\/th\/#\/schema\/logo\/image\/"},"sameAs":["https:\/\/www.facebook.com\/profile.php?id=61560407257971"],"numberOfEmployees":{"@type":"QuantitativeValue","minValue":"11","maxValue":"50"}}]}},"_links":{"self":[{"href":"https:\/\/sxflightcase.com\/tr\/wp-json\/wp\/v2\/product\/1774","targetHints":{"allow":["GET"]}}],"collection":[{"href":"https:\/\/sxflightcase.com\/tr\/wp-json\/wp\/v2\/product"}],"about":[{"href":"https:\/\/sxflightcase.com\/tr\/wp-json\/wp\/v2\/types\/product"}],"replies":[{"embeddable":true,"href":"https:\/\/sxflightcase.com\/tr\/wp-json\/wp\/v2\/comments?post=1774"}],"version-history":[{"count":0,"href":"https:\/\/sxflightcase.com\/tr\/wp-json\/wp\/v2\/product\/1774\/revisions"}],"wp:featuredmedia":[{"embeddable":true,"href":"https:\/\/sxflightcase.com\/tr\/wp-json\/wp\/v2\/media\/1778"}],"wp:attachment":[{"href":"https:\/\/sxflightcase.com\/tr\/wp-json\/wp\/v2\/media?parent=1774"}],"wp:term":[{"taxonomy":"product_brand","embeddable":true,"href":"https:\/\/sxflightcase.com\/tr\/wp-json\/wp\/v2\/product_brand?post=1774"},{"taxonomy":"product_cat","embeddable":true,"href":"https:\/\/sxflightcase.com\/tr\/wp-json\/wp\/v2\/product_cat?post=1774"},{"taxonomy":"product_tag","embeddable":true,"href":"https:\/\/sxflightcase.com\/tr\/wp-json\/wp\/v2\/product_tag?post=1774"}],"curies":[{"name":"wp","href":"https:\/\/api.w.org\/{rel}","templated":true}]}}