{"id":1782,"date":"2024-05-10T07:41:07","date_gmt":"2024-05-10T06:41:07","guid":{"rendered":"https:\/\/sxpowercase.com\/?post_type=product&#038;p=1782"},"modified":"2024-06-20T03:31:21","modified_gmt":"2024-06-20T02:31:21","slug":"display-flight-case","status":"publish","type":"product","link":"https:\/\/sxflightcase.com\/tr\/urun\/teshir-ucus-cantasi-2\/","title":{"rendered":"Te\u015fhir U\u00e7u\u015f \u00c7antas\u0131"},"content":{"rendered":"<p><strong>\u00dcr\u00fcn parametresi(spesifikasyonu)<\/strong><\/p>\n<section class=\"table-wrap\">\n<table class=\"table\" width=\"100%\" cellspacing=\"0\" cellpadding=\"0\">\n<tbody>\n<tr class=\"firstRow\">\n<td width=\"134\">\u00dcr\u00fcn ad\u0131:<\/td>\n<td width=\"503\">U\u00e7u\u015f \u00e7antas\u0131n\u0131 sergileyin<\/td>\n<\/tr>\n<tr>\n<td width=\"134\">Malzeme:<\/td>\n<td width=\"503\">Kontrplak + Krom\/\u00c7inko kaplama donan\u0131m + Al\u00fcminyum ekstr\u00fczyon<\/td>\n<\/tr>\n<tr>\n<td width=\"134\">K\u00f6p\u00fck astar:<\/td>\n<td width=\"503\">\u0130nci k\u00f6p\u00fck \/ EVA k\u00f6p\u00fck \/ Yumurta k\u00f6p\u00fc\u011f\u00fc vb... normal veya iste\u011fe g\u00f6re<\/td>\n<\/tr>\n<tr>\n<td width=\"134\">Renk:<\/td>\n<td width=\"503\">Siyah, K\u0131rm\u0131z\u0131, Mavi, Turuncu, Sar\u0131, Ye\u015fil, vb.<\/td>\n<\/tr>\n<tr>\n<td width=\"134\">Kur\u015fun zaman\u0131:<\/td>\n<td width=\"503\">\u00d6rnek sipari\u015f 5 g\u00fcn, Normal sipari\u015f 7-15 g\u00fcn<\/td>\n<\/tr>\n<tr>\n<td width=\"134\">Boyut:<\/td>\n<td width=\"503\">Ekipman boyutuna ba\u011fl\u0131d\u0131r<\/td>\n<\/tr>\n<\/tbody>\n<\/table>\n<\/section>\n<h1>SX'in Te\u015fhir U\u00e7u\u015f \u00c7antas\u0131 ile Ekipman\u0131n\u0131z\u0131 Y\u00fckseltin<\/h1>\n<h2>G\u00fcvenli ve \u015e\u0131k Depolama \u00c7\u00f6z\u00fcm\u00fc<\/h2>\n<p>SX'in en son yenili\u011fi ile tan\u0131\u015f\u0131n <strong>Ekran <a class=\"wpil_keyword_link\" href=\"https:\/\/sxpowercase.com\/product-category\/all-product\/flight-case\/\" target=\"_blank\" rel=\"noopener\" title=\"U\u00e7u\u015f Davas\u0131\" data-wpil-keyword-link=\"linked\" data-wpil-monitor-id=\"418\">U\u00e7u\u015f Davas\u0131<\/a><\/strong>. Hem profesyoneller hem de merakl\u0131lar i\u00e7in tasarlanan bu \u00e7anta, de\u011ferli ekipman\u0131n\u0131z\u0131 ta\u015f\u0131ma ve sergileme s\u0131ras\u0131nda korumak i\u00e7in sa\u011flam g\u00fcvenli\u011fi \u015f\u0131k estetikle birle\u015ftirir.<\/p>\n<h2>\u0130htiya\u00e7lar\u0131n\u0131za G\u00f6re \u00d6zelle\u015ftirildi<\/h2>\n<h3>\u00d6zelle\u015ftirilebilir Tasar\u0131m Se\u00e7enekleri<\/h3>\n<p>\u015eu anda <a href=\"https:\/\/sxpowercase.com\/\" target=\"_blank\" rel=\"noopener\" title=\"SX\" data-wpil-monitor-id=\"125\">SX<\/a>Her m\u00fc\u015fterinin kendine \u00f6zg\u00fc gereksinimleri oldu\u011funu biliyoruz. Te\u015fhir U\u00e7u\u015f \u00c7antalar\u0131m\u0131z tamamen \u00f6zelle\u015ftirilebilir olup, \u00e7e\u015fitli boyutlar, malzemeler ve i\u00e7 konfig\u00fcrasyonlar aras\u0131ndan se\u00e7im yapman\u0131za olanak tan\u0131r. \u0130ster hassas enstr\u00fcmanlar\u0131 ta\u015f\u0131yor olun, ister etkinliklerde \u00fcr\u00fcn sergiliyor olun, SX \u00e7antan\u0131z\u0131n t\u00fcm spesifikasyonlar\u0131n\u0131z\u0131 kar\u015f\u0131lamas\u0131n\u0131 sa\u011flar.<\/p>\n<h2>Fabrikam\u0131zdan Size Do\u011frudan<\/h2>\n<h3>Fabrika Do\u011frudan Sat\u0131\u015f Avantaj\u0131<\/h3>\n<p>Do\u011frudan SX'ten sat\u0131n alarak rekabet\u00e7i fiyatland\u0131rma ve \u00fcst\u00fcn kaliteden faydalan\u0131rs\u0131n\u0131z. Fabrikada do\u011frudan sat\u0131\u015f modelimiz gereksiz maliyetleri ortadan kald\u0131rarak premium fiyat etiketi olmadan premium bir Te\u015fhir U\u00e7u\u015f \u00c7antas\u0131 alman\u0131z\u0131 sa\u011flar. Ekipman\u0131n\u0131z\u0131 koruyan ve profesyonel imaj\u0131n\u0131z\u0131 geli\u015ftiren bir \u00e7antaya yat\u0131r\u0131m yap\u0131n.<\/p>\n<h2>\u0130\u015f\u00e7ilik ve Dayan\u0131kl\u0131l\u0131k<\/h2>\n<h3>Uzun \u00d6m\u00fcrl\u00fc Olmak \u0130\u00e7in \u00dcretildi<\/h3>\n<p>SX Display U\u00e7u\u015f \u00c7antalar\u0131, seyahat ve g\u00fcnl\u00fck kullan\u0131m\u0131n zorluklar\u0131na dayanabilen dayan\u0131kl\u0131 malzemeler kullan\u0131larak hassasiyetle \u00fcretilmi\u015ftir. Kaliteli i\u015f\u00e7ili\u011fe olan ba\u011fl\u0131l\u0131\u011f\u0131m\u0131z, yolculu\u011funuz sizi nereye g\u00f6t\u00fcr\u00fcrse g\u00f6t\u00fcrs\u00fcn ekipman\u0131n\u0131z\u0131n g\u00fcvende ve emniyette kalmas\u0131n\u0131 sa\u011flar.<\/p>\n<h2>Marka \u0130maj\u0131n\u0131z\u0131 Geli\u015ftirin<\/h2>\n<h3>Profesyonel Sunum<\/h3>\n<p>\u0130ster m\u00fczisyen, ister foto\u011fraf\u00e7\u0131, ister fuar kat\u0131l\u0131mc\u0131s\u0131 olun, ekipman\u0131n\u0131z\u0131 bir SX Display U\u00e7u\u015f \u00c7antas\u0131 i\u00e7inde sunmak profesyonellik ve g\u00fcvenilirli\u011fi yans\u0131t\u0131r. De\u011ferli ekipman\u0131n\u0131z\u0131 sadece korumakla kalmay\u0131p ayn\u0131 zamanda sunumunu da geli\u015ftiren bir \u00e7anta ile m\u00fc\u015fterilerinizi ve i\u015f arkada\u015flar\u0131n\u0131z\u0131 etkileyin.<\/p>\n<hr \/>\n<p>SX'in Te\u015fhir U\u00e7u\u015f \u00c7antas\u0131 ile ekipman\u0131n\u0131z\u0131 y\u00fckseltin ve imaj\u0131n\u0131z\u0131 y\u00fckseltin. \u00d6zelle\u015ftirme se\u00e7eneklerini ke\u015ffetmek ve ekipman\u0131n\u0131z\u0131 ta\u015f\u0131mak ve sergilemek i\u00e7in m\u00fckemmel \u00e7antan\u0131z\u0131 g\u00fcvence alt\u0131na almak i\u00e7in bug\u00fcn bize ula\u015f\u0131n.<\/p>\n<p><strong>SSS<\/strong><\/p>\n<p>S: Nas\u0131l numune alabilirim?<\/p>\n<p>C: Genellikle numunemiz \u00fccretlendirilecektir. ancak b\u00fcy\u00fck miktarda sipari\u015f verdi\u011finizde iade edece\u011fiz, numune DHL, TNT, FEDEX, EMS vb. gibi ekspres ile teslim edilecektir.<\/p>\n<p>S: \u00d6zel kasa yap\u0131yor musunuz?<\/p>\n<p>C: Evet. Yakla\u015f\u0131k 10 Y\u0131ll\u0131k OEM \/ ODM tecr\u00fcbemizle, tasar\u0131m yapman\u0131za yard\u0131mc\u0131 olabiliriz<\/p>\n<p>profesyonel bilgimiz ile ihtiyac\u0131n\u0131za g\u00f6re davay\u0131 \u00e7\u00f6z\u00fcyoruz.<\/p>\n<p>S: Hangi \u00f6deme \u015feklini kabul edebilirsiniz?<\/p>\n<p>A: T \/ T, Western Union, vb. Herhangi bir uygun ve h\u0131zl\u0131 \u00f6deme ko\u015fulunu kabul ediyoruz.<\/p>\n<p>S\u0131cak Etiketler: D\u00fc\u015f\u00fck fiyat, stokta, \u00fccretsiz numune, G\u00fc\u00e7 ve Sinyal Kablosu, 16 \u00d6l\u00e7\u00fc 4 \u0130letkenli Tel, Mikrofon Stand K\u0131l\u0131f\u0131, A\u00e7\u0131k Hava LED Ekran Kabini, Raf Montaj\u0131, 19\u201d Raf Montajl\u0131 Mikser U\u00e7u\u015f K\u0131l\u0131flar\u0131, elektrik da\u011f\u0131t\u0131m kutusu, \u00c7in, tedarik\u00e7iler, fabrika, \u00f6zelle\u015ftirilmi\u015f, toptan sat\u0131\u015f, <span style=\"color: #993366;\"><a style=\"color: #993366;\" href=\"https:\/\/sxflightcase.com\/tr\/product-category\/all-product\/power-distribution-boxes\/\">g\u00fc\u00e7 kutular\u0131<\/a>,\u00a0<a style=\"color: #993366;\" href=\"https:\/\/sxflightcase.com\/tr\/product-category\/all-product\/hoist-controllers\/\">g\u00fc\u00e7 kablolar\u0131<\/a>,\u00a0<a style=\"color: #993366;\" href=\"https:\/\/sxflightcase.com\/tr\/product-category\/all-product\/hoist-controllers\/\">vin\u00e7 kontrol\u00f6rleri<\/a>,\u00a0<a style=\"color: #993366;\" href=\"https:\/\/sxflightcase.com\/tr\/product-category\/all-product\/flight-case\/\">u\u00e7u\u015f vakalar\u0131.<\/a><\/span><\/p>","protected":false},"excerpt":{"rendered":"<h2 class=\"prodetails-name\">Te\u015fhir U\u00e7u\u015f \u00c7antas\u0131<\/h2>\n<p>Bu vitrin, m\u00fccevher, sanat eseri, elbise vb. gibi her t\u00fcrl\u00fc numuneyi reklam, te\u015fhir, sergi, karo tan\u0131t\u0131m\u0131 i\u00e7in sergilemek i\u00e7in m\u00fckemmeldir.<\/p>\n<h2><strong>\u00dcretim tan\u0131t\u0131m\u0131<\/strong><\/h2>\n<p>- M\u00fc\u015fterinin iste\u011fine g\u00f6re t\u00fcm k\u00fc\u00e7\u00fck numuneler i\u00e7in uygundur<\/p>\n<p>- 12mm yanmaz lamine kontrplak<\/p>\n<p>- 35x35x3mm per\u00e7inli al\u00fcminyum ekstr\u00fczyonlar<\/p>\n<p>- B\u00fcy\u00fck top k\u00f6\u015feleri, kademeli<\/p>\n<p>- 6 Delikli L K\u00f6\u015feler<\/p>\n<p>- Kapa\u011f\u0131n g\u00fcvenli konumland\u0131r\u0131lmas\u0131 ve kapat\u0131lmas\u0131 i\u00e7in ekstr\u00fczyonlar, erkek\/di\u015fi 12mm<\/p>","protected":false},"featured_media":1783,"comment_status":"open","ping_status":"closed","template":"","meta":[],"product_brand":[],"product_cat":[41],"product_tag":[],"class_list":{"0":"post-1782","1":"product","2":"type-product","3":"status-publish","4":"has-post-thumbnail","6":"product_cat-equipment-cases","8":"first","9":"instock","10":"shipping-taxable","11":"product-type-simple"},"yoast_head":"<!-- This site is optimized with the Yoast SEO Premium plugin v27.1 (Yoast SEO v27.2) - https:\/\/yoast.com\/product\/yoast-seo-premium-wordpress\/ -->\n<title>Display Flight Case - https:\/\/sxflightcase.com \ud83d\udc97<\/title>\n<meta name=\"description\" content=\"Display Flight Case: Discover our factory-direct options for professional customization, perfect for protecting and showcasing your valuable display items with style and reliability.\" \/>\n<meta name=\"robots\" content=\"index, follow, max-snippet:-1, max-image-preview:large, max-video-preview:-1\" \/>\n<link rel=\"canonical\" href=\"https:\/\/sxflightcase.com\/tr\/san-pham\/display-flight-case\/\" \/>\n<meta property=\"og:locale\" content=\"tr_TR\" \/>\n<meta property=\"og:type\" content=\"article\" \/>\n<meta property=\"og:title\" content=\"Display Flight Case\" \/>\n<meta property=\"og:description\" content=\"Display Flight Case: Discover our factory-direct options for professional customization, perfect for protecting and showcasing your valuable display items with style and reliability.\" \/>\n<meta property=\"og:url\" content=\"https:\/\/sxflightcase.com\/tr\/san-pham\/display-flight-case\/\" \/>\n<meta property=\"og:site_name\" content=\"https:\/\/sxflightcase.com\" \/>\n<meta property=\"article:publisher\" content=\"https:\/\/www.facebook.com\/profile.php?id=61560407257971\" \/>\n<meta property=\"article:modified_time\" content=\"2024-06-20T02:31:21+00:00\" \/>\n<meta property=\"og:image\" content=\"https:\/\/sxflightcase.com\/wp-content\/uploads\/2024\/05\/display-flight-case57542103130.webp\" \/>\n\t<meta property=\"og:image:width\" content=\"700\" \/>\n\t<meta property=\"og:image:height\" content=\"700\" \/>\n\t<meta property=\"og:image:type\" content=\"image\/webp\" \/>\n<meta name=\"twitter:card\" content=\"summary_large_image\" \/>\n<meta name=\"twitter:label1\" content=\"Tahmini okuma s\u00fcresi\" \/>\n\t<meta name=\"twitter:data1\" content=\"3 dakika\" \/>\n<script type=\"application\/ld+json\" class=\"yoast-schema-graph\">{\"@context\":\"https:\/\/schema.org\",\"@graph\":[{\"@type\":\"WebPage\",\"@id\":\"https:\/\/sxflightcase.com\/vi\/san-pham\/display-flight-case\/\",\"url\":\"https:\/\/sxflightcase.com\/vi\/san-pham\/display-flight-case\/\",\"name\":\"Display Flight Case - https:\/\/sxflightcase.com \ud83d\udc97\",\"isPartOf\":{\"@id\":\"https:\/\/sxflightcase.com\/th\/#website\"},\"primaryImageOfPage\":{\"@id\":\"https:\/\/sxflightcase.com\/vi\/san-pham\/display-flight-case\/#primaryimage\"},\"image\":{\"@id\":\"https:\/\/sxflightcase.com\/vi\/san-pham\/display-flight-case\/#primaryimage\"},\"thumbnailUrl\":\"https:\/\/sxflightcase.com\/wp-content\/uploads\/2024\/05\/display-flight-case57542103130.webp\",\"datePublished\":\"2024-05-10T06:41:07+00:00\",\"dateModified\":\"2024-06-20T02:31:21+00:00\",\"description\":\"Display Flight Case: Discover our factory-direct options for professional customization, perfect for protecting and showcasing your valuable display items with style and reliability.\",\"breadcrumb\":{\"@id\":\"https:\/\/sxflightcase.com\/vi\/san-pham\/display-flight-case\/#breadcrumb\"},\"inLanguage\":\"tr\",\"potentialAction\":[{\"@type\":\"ReadAction\",\"target\":[\"https:\/\/sxflightcase.com\/vi\/san-pham\/display-flight-case\/\"]}]},{\"@type\":\"ImageObject\",\"inLanguage\":\"tr\",\"@id\":\"https:\/\/sxflightcase.com\/vi\/san-pham\/display-flight-case\/#primaryimage\",\"url\":\"https:\/\/sxflightcase.com\/wp-content\/uploads\/2024\/05\/display-flight-case57542103130.webp\",\"contentUrl\":\"https:\/\/sxflightcase.com\/wp-content\/uploads\/2024\/05\/display-flight-case57542103130.webp\",\"width\":700,\"height\":700,\"caption\":\"Display Flight Case\"},{\"@type\":\"BreadcrumbList\",\"@id\":\"https:\/\/sxflightcase.com\/vi\/san-pham\/display-flight-case\/#breadcrumb\",\"itemListElement\":[{\"@type\":\"ListItem\",\"position\":1,\"name\":\"Home\",\"item\":\"https:\/\/sxflightcase.com\/\"},{\"@type\":\"ListItem\",\"position\":2,\"name\":\"\u0e2a\u0e34\u0e19\u0e04\u0e49\u0e32\",\"item\":\"https:\/\/sxflightcase.com\/th\/shop\/\"},{\"@type\":\"ListItem\",\"position\":3,\"name\":\"Display Flight Case\"}]},{\"@type\":\"WebSite\",\"@id\":\"https:\/\/sxflightcase.com\/th\/#website\",\"url\":\"https:\/\/sxflightcase.com\/th\/\",\"name\":\"sxpowercase.com\",\"description\":\"Flight Case Factory\",\"publisher\":{\"@id\":\"https:\/\/sxflightcase.com\/th\/#organization\"},\"potentialAction\":[{\"@type\":\"SearchAction\",\"target\":{\"@type\":\"EntryPoint\",\"urlTemplate\":\"https:\/\/sxflightcase.com\/th\/?s={search_term_string}\"},\"query-input\":{\"@type\":\"PropertyValueSpecification\",\"valueRequired\":true,\"valueName\":\"search_term_string\"}}],\"inLanguage\":\"tr\"},{\"@type\":\"Organization\",\"@id\":\"https:\/\/sxflightcase.com\/th\/#organization\",\"name\":\"sxpowercase.com\",\"url\":\"https:\/\/sxflightcase.com\/th\/\",\"logo\":{\"@type\":\"ImageObject\",\"inLanguage\":\"tr\",\"@id\":\"https:\/\/sxflightcase.com\/th\/#\/schema\/logo\/image\/\",\"url\":\"https:\/\/sxflightcase.com\/wp-content\/uploads\/2024\/04\/1713919036007.jpg\",\"contentUrl\":\"https:\/\/sxflightcase.com\/wp-content\/uploads\/2024\/04\/1713919036007.jpg\",\"width\":382,\"height\":388,\"caption\":\"sxpowercase.com\"},\"image\":{\"@id\":\"https:\/\/sxflightcase.com\/th\/#\/schema\/logo\/image\/\"},\"sameAs\":[\"https:\/\/www.facebook.com\/profile.php?id=61560407257971\"],\"numberOfEmployees\":{\"@type\":\"QuantitativeValue\",\"minValue\":\"11\",\"maxValue\":\"50\"}}]}<\/script>\n<!-- \/ Yoast SEO Premium plugin. -->","yoast_head_json":{"title":"Display Flight Case - https:\/\/sxflightcase.com \ud83d\udc97","description":"Te\u015fhir U\u00e7u\u015f \u00c7antas\u0131: De\u011ferli te\u015fhir \u00fcr\u00fcnlerinizi stil ve g\u00fcvenilirlikle korumak ve sergilemek i\u00e7in m\u00fckemmel olan profesyonel \u00f6zelle\u015ftirme i\u00e7in fabrikada do\u011frudan se\u00e7eneklerimizi ke\u015ffedin.","robots":{"index":"index","follow":"follow","max-snippet":"max-snippet:-1","max-image-preview":"max-image-preview:large","max-video-preview":"max-video-preview:-1"},"canonical":"https:\/\/sxflightcase.com\/tr\/san-pham\/display-flight-case\/","og_locale":"tr_TR","og_type":"article","og_title":"Display Flight Case","og_description":"Display Flight Case: Discover our factory-direct options for professional customization, perfect for protecting and showcasing your valuable display items with style and reliability.","og_url":"https:\/\/sxflightcase.com\/tr\/san-pham\/display-flight-case\/","og_site_name":"https:\/\/sxflightcase.com","article_publisher":"https:\/\/www.facebook.com\/profile.php?id=61560407257971","article_modified_time":"2024-06-20T02:31:21+00:00","og_image":[{"width":700,"height":700,"url":"https:\/\/sxflightcase.com\/wp-content\/uploads\/2024\/05\/display-flight-case57542103130.webp","type":"image\/webp"}],"twitter_card":"summary_large_image","twitter_misc":{"Tahmini okuma s\u00fcresi":"3 dakika"},"schema":{"@context":"https:\/\/schema.org","@graph":[{"@type":"WebPage","@id":"https:\/\/sxflightcase.com\/vi\/san-pham\/display-flight-case\/","url":"https:\/\/sxflightcase.com\/vi\/san-pham\/display-flight-case\/","name":"Display Flight Case - https:\/\/sxflightcase.com \ud83d\udc97","isPartOf":{"@id":"https:\/\/sxflightcase.com\/th\/#website"},"primaryImageOfPage":{"@id":"https:\/\/sxflightcase.com\/vi\/san-pham\/display-flight-case\/#primaryimage"},"image":{"@id":"https:\/\/sxflightcase.com\/vi\/san-pham\/display-flight-case\/#primaryimage"},"thumbnailUrl":"https:\/\/sxflightcase.com\/wp-content\/uploads\/2024\/05\/display-flight-case57542103130.webp","datePublished":"2024-05-10T06:41:07+00:00","dateModified":"2024-06-20T02:31:21+00:00","description":"Te\u015fhir U\u00e7u\u015f \u00c7antas\u0131: De\u011ferli te\u015fhir \u00fcr\u00fcnlerinizi stil ve g\u00fcvenilirlikle korumak ve sergilemek i\u00e7in m\u00fckemmel olan profesyonel \u00f6zelle\u015ftirme i\u00e7in fabrikada do\u011frudan se\u00e7eneklerimizi ke\u015ffedin.","breadcrumb":{"@id":"https:\/\/sxflightcase.com\/vi\/san-pham\/display-flight-case\/#breadcrumb"},"inLanguage":"tr","potentialAction":[{"@type":"ReadAction","target":["https:\/\/sxflightcase.com\/vi\/san-pham\/display-flight-case\/"]}]},{"@type":"ImageObject","inLanguage":"tr","@id":"https:\/\/sxflightcase.com\/vi\/san-pham\/display-flight-case\/#primaryimage","url":"https:\/\/sxflightcase.com\/wp-content\/uploads\/2024\/05\/display-flight-case57542103130.webp","contentUrl":"https:\/\/sxflightcase.com\/wp-content\/uploads\/2024\/05\/display-flight-case57542103130.webp","width":700,"height":700,"caption":"Display Flight Case"},{"@type":"BreadcrumbList","@id":"https:\/\/sxflightcase.com\/vi\/san-pham\/display-flight-case\/#breadcrumb","itemListElement":[{"@type":"ListItem","position":1,"name":"Home","item":"https:\/\/sxflightcase.com\/"},{"@type":"ListItem","position":2,"name":"\u0e2a\u0e34\u0e19\u0e04\u0e49\u0e32","item":"https:\/\/sxflightcase.com\/th\/shop\/"},{"@type":"ListItem","position":3,"name":"Display Flight Case"}]},{"@type":"WebSite","@id":"https:\/\/sxflightcase.com\/th\/#website","url":"https:\/\/sxflightcase.com\/th\/","name":"sxpowercase.com","description":"U\u00e7u\u015f \u00c7antas\u0131 Fabrikas\u0131","publisher":{"@id":"https:\/\/sxflightcase.com\/th\/#organization"},"potentialAction":[{"@type":"SearchAction","target":{"@type":"EntryPoint","urlTemplate":"https:\/\/sxflightcase.com\/th\/?s={search_term_string}"},"query-input":{"@type":"PropertyValueSpecification","valueRequired":true,"valueName":"search_term_string"}}],"inLanguage":"tr"},{"@type":"Organization","@id":"https:\/\/sxflightcase.com\/th\/#organization","name":"sxpowercase.com","url":"https:\/\/sxflightcase.com\/th\/","logo":{"@type":"ImageObject","inLanguage":"tr","@id":"https:\/\/sxflightcase.com\/th\/#\/schema\/logo\/image\/","url":"https:\/\/sxflightcase.com\/wp-content\/uploads\/2024\/04\/1713919036007.jpg","contentUrl":"https:\/\/sxflightcase.com\/wp-content\/uploads\/2024\/04\/1713919036007.jpg","width":382,"height":388,"caption":"sxpowercase.com"},"image":{"@id":"https:\/\/sxflightcase.com\/th\/#\/schema\/logo\/image\/"},"sameAs":["https:\/\/www.facebook.com\/profile.php?id=61560407257971"],"numberOfEmployees":{"@type":"QuantitativeValue","minValue":"11","maxValue":"50"}}]}},"_links":{"self":[{"href":"https:\/\/sxflightcase.com\/tr\/wp-json\/wp\/v2\/product\/1782","targetHints":{"allow":["GET"]}}],"collection":[{"href":"https:\/\/sxflightcase.com\/tr\/wp-json\/wp\/v2\/product"}],"about":[{"href":"https:\/\/sxflightcase.com\/tr\/wp-json\/wp\/v2\/types\/product"}],"replies":[{"embeddable":true,"href":"https:\/\/sxflightcase.com\/tr\/wp-json\/wp\/v2\/comments?post=1782"}],"version-history":[{"count":0,"href":"https:\/\/sxflightcase.com\/tr\/wp-json\/wp\/v2\/product\/1782\/revisions"}],"wp:featuredmedia":[{"embeddable":true,"href":"https:\/\/sxflightcase.com\/tr\/wp-json\/wp\/v2\/media\/1783"}],"wp:attachment":[{"href":"https:\/\/sxflightcase.com\/tr\/wp-json\/wp\/v2\/media?parent=1782"}],"wp:term":[{"taxonomy":"product_brand","embeddable":true,"href":"https:\/\/sxflightcase.com\/tr\/wp-json\/wp\/v2\/product_brand?post=1782"},{"taxonomy":"product_cat","embeddable":true,"href":"https:\/\/sxflightcase.com\/tr\/wp-json\/wp\/v2\/product_cat?post=1782"},{"taxonomy":"product_tag","embeddable":true,"href":"https:\/\/sxflightcase.com\/tr\/wp-json\/wp\/v2\/product_tag?post=1782"}],"curies":[{"name":"wp","href":"https:\/\/api.w.org\/{rel}","templated":true}]}}