{"id":1802,"date":"2024-05-10T08:05:04","date_gmt":"2024-05-10T07:05:04","guid":{"rendered":"https:\/\/sxpowercase.com\/?post_type=product&#038;p=1802"},"modified":"2024-06-20T03:13:19","modified_gmt":"2024-06-20T02:13:19","slug":"shure-microphone-case","status":"publish","type":"product","link":"https:\/\/sxflightcase.com\/tr\/urun\/shure-mikrofon-kilifi-2\/","title":{"rendered":"Shure Mikrofon K\u0131l\u0131f\u0131"},"content":{"rendered":"<h3><strong>\u00dcr\u00fcn parametresi(spesifikasyonu)<\/strong><\/h3>\n<section class=\"table-wrap\">\n<table class=\"table\" width=\"100%\" cellspacing=\"0\" cellpadding=\"0\">\n<tbody>\n<tr class=\"firstRow\">\n<td width=\"134\">\u00dcr\u00fcn ad\u0131<\/td>\n<td width=\"504\">Shure mikrofon k\u0131l\u0131f\u0131<\/td>\n<\/tr>\n<tr>\n<td width=\"134\">Malzemeler<\/td>\n<td width=\"504\">Ticari s\u0131n\u0131f kaplamal\u0131 donan\u0131m, a\u011f\u0131r hizmet tipi kulplar ve mandallar ve bilyal\u0131 k\u00f6\u015feler ile 9 mm lamine kontrplak konstr\u00fcksiyon<br \/>\nDahili yayl\u0131 g\u00f6mme \u00e7ekme kolu<br \/>\nUltra-Dur EVA k\u00f6p\u00fck i\u00e7 dolgusu ve bloklar\u0131, tahtan\u0131n alt k\u0131sm\u0131nda fan havaland\u0131rmas\u0131 i\u00e7in yer sa\u011flar<\/td>\n<\/tr>\n<tr>\n<td width=\"134\">Renk<\/td>\n<td width=\"504\">Siyah, Mavi, K\u0131rm\u0131z\u0131 veya \u00d6zel<\/td>\n<\/tr>\n<tr>\n<td width=\"134\">Kullan\u0131m<\/td>\n<td width=\"504\">Ta\u015f\u0131ma Depolamay\u0131 Koruyun<\/td>\n<\/tr>\n<\/tbody>\n<\/table>\n<\/section>\n<p><strong>Paketleme ve g\u00f6nderim<\/strong><\/p>\n<section class=\"table-wrap\">\n<table class=\"table\" width=\"100%\" cellspacing=\"0\" cellpadding=\"0\">\n<tbody>\n<tr class=\"firstRow\">\n<td colspan=\"3\" width=\"100%\">Paketleme ve Kargolama<\/td>\n<\/tr>\n<tr>\n<td rowspan=\"3\" width=\"33%\">Kargo S\u00fcresi<\/td>\n<td width=\"33%\">Deniz yoluyla<\/td>\n<td width=\"33%\">15-60 g\u00fcn<\/td>\n<\/tr>\n<tr>\n<td width=\"33%\">Hava yoluyla<\/td>\n<td width=\"33%\">4-9 g\u00fcn<\/td>\n<\/tr>\n<tr>\n<td width=\"33%\">Ekspres ile<\/td>\n<td width=\"33%\">4-9 g\u00fcn<\/td>\n<\/tr>\n<tr>\n<td width=\"33%\">Teslimat s\u00fcresi<\/td>\n<td colspan=\"2\" width=\"66%\">7-15 \u00e7al\u0131\u015fma veya ihtiya\u00e7lar\u0131n\u0131za g\u00f6re<\/td>\n<\/tr>\n<tr>\n<td width=\"33%\">Ambalajlama<\/td>\n<td colspan=\"2\" width=\"66%\">Karton veya iste\u011finize g\u00f6re<\/td>\n<\/tr>\n<\/tbody>\n<\/table>\n<\/section>\n<h1>Ekipman\u0131n\u0131z\u0131 SX Shure Mikrofon K\u0131l\u0131f\u0131 ile Koruyun<\/h1>\n<h2>Shure Mikrofonlar\u0131n\u0131z i\u00e7in \u00dcst\u00fcn Koruma<\/h2>\n<p>Shure mikrofonlar\u0131n\u0131z\u0131n ta\u015f\u0131ma s\u0131ras\u0131nda hasar g\u00f6rmesinden endi\u015fe etmekten b\u0131kt\u0131n\u0131z m\u0131? Bu <a href=\"https:\/\/sxpowercase.com\/\" target=\"_blank\" rel=\"noopener\" title=\"SX\" data-wpil-monitor-id=\"129\">SX<\/a> Shure Mikrofon K\u0131l\u0131f\u0131, de\u011ferli ekipman\u0131n\u0131z\u0131n g\u00fcvende ve sa\u011flam kalmas\u0131n\u0131 sa\u011flamak i\u00e7in birinci s\u0131n\u0131f koruma sunmak \u00fczere tasarlanm\u0131\u015ft\u0131r.<\/p>\n<h3>Dayan\u0131kl\u0131l\u0131k i\u00e7in Tasarland\u0131<\/h3>\n<p>SX Shure Mikrofon K\u0131l\u0131f\u0131, darbelere, d\u00fc\u015fmelere ve di\u011fer potansiyel tehlikelere kar\u015f\u0131 sa\u011flam koruma sa\u011flayan y\u00fcksek kaliteli malzemelerden \u00fcretilmi\u015ftir. \u0130ster konserlere seyahat ediyor ister mikrofonlar\u0131n\u0131z\u0131 evde sakl\u0131yor olun, bu k\u0131l\u0131f ekipman\u0131n\u0131z\u0131n g\u00fcvende olmas\u0131n\u0131 sa\u011flar.<\/p>\n<h3>Shure Mikrofonlar i\u00e7in \u00d6zel Uyum<\/h3>\n<p>K\u0131l\u0131f\u0131m\u0131z Shure mikrofonlara m\u00fckemmel \u015fekilde uyacak \u015fekilde \u00f6zel olarak tasarlanm\u0131\u015ft\u0131r. \u0130\u00e7 k\u0131s\u0131mda mikrofonlar\u0131n\u0131z\u0131 s\u0131k\u0131ca yerinde tutan ve hasara yol a\u00e7abilecek herhangi bir hareketi \u00f6nleyen \u00f6zel k\u00f6p\u00fck dolgu bulunur. SX, ekipman\u0131n\u0131z\u0131 bozulmam\u0131\u015f durumda tutman\u0131n \u00f6neminin fark\u0131ndad\u0131r.<\/p>\n<h2>Maliyet Verimlili\u011fi i\u00e7in Fabrika Do\u011frudan Sat\u0131\u015flar\u0131<\/h2>\n<p>SX'te, bankay\u0131 zorlamadan kaliteyi sunmaya inan\u0131yoruz. Fabrika do\u011frudan sat\u0131\u015f modelimiz arac\u0131lar\u0131 ortadan kald\u0131rarak Shure Mikrofon K\u0131l\u0131f\u0131n\u0131 rakipsiz fiyatlarla sunmam\u0131z\u0131 sa\u011fl\u0131yor. Bu, maliyetin \u00e7ok alt\u0131nda birinci s\u0131n\u0131f koruma elde edece\u011finiz anlam\u0131na gelir.<\/p>\n<h2>\u00d6zelle\u015ftirilmi\u015f \u00c7\u00f6z\u00fcmlerle \u0130\u015finizi Geli\u015ftirin<\/h2>\n<h3>\u0130htiya\u00e7lar\u0131n\u0131za G\u00f6re \u00d6zelle\u015ftirildi<\/h3>\n<p>SX, \u00f6zel gereksinimlerinizi kar\u015f\u0131lamak i\u00e7in \u00f6zelle\u015ftirme se\u00e7enekleri sunar. Aksesuarlar i\u00e7in ek b\u00f6lmelere mi ihtiyac\u0131n\u0131z var? Benzersiz ihtiya\u00e7lar\u0131n\u0131za uygun bir k\u0131l\u0131f tasarlayabiliriz. \u00d6zelle\u015ftirme, SX Shure Mikrofon K\u0131l\u0131f\u0131n\u0131z\u0131n yaln\u0131zca bir sat\u0131n alma de\u011fil, ayn\u0131 zamanda kolayl\u0131k ve verimlilik i\u00e7in bir yat\u0131r\u0131m olmas\u0131n\u0131 sa\u011flar.<\/p>\n<h3>\u0130\u015f Verimlili\u011finin Art\u0131r\u0131lmas\u0131<\/h3>\n<p>Mikrofonlar\u0131n\u0131z\u0131 korumak, daha az de\u011fi\u015ftirme ve onar\u0131m anlam\u0131na gelir. Bu sadece para tasarrufu sa\u011flamakla kalmaz, ayn\u0131 zamanda her zaman kullan\u0131ma haz\u0131r g\u00fcvenilir ekipmanlara sahip olman\u0131z\u0131 sa\u011flar. SX ile, ekipman\u0131n\u0131z hakk\u0131nda endi\u015felenmeden en \u00f6nemli \u015feye, yani harika ses vermeye odaklanabilirsiniz.<\/p>\n<h2>Pratik ve \u015e\u0131k Tasar\u0131m<\/h2>\n<h3>\u015e\u0131k ve Profesyonel<\/h3>\n<p>SX Shure Mikrofon K\u0131l\u0131f\u0131, yolda veya st\u00fcdyoda harika g\u00f6r\u00fcnen \u015f\u0131k ve profesyonel bir tasar\u0131ma sahiptir. \u0130\u015flevselli\u011fi estetikle birle\u015ftirerek size pratik oldu\u011fu kadar \u015f\u0131k da bir k\u0131l\u0131f sunar. M\u00fc\u015fterilerinizi ve i\u015f arkada\u015flar\u0131n\u0131z\u0131 performans\u0131 kadar iyi g\u00f6r\u00fcnen bir ekipmanla etkileyin.<\/p>\n<h3>Neden SX&#039;i Se\u00e7melisiniz?<\/h3>\n<p>SX kendini kaliteye ve m\u00fc\u015fteri memnuniyetine adam\u0131\u015ft\u0131r. Shure Mikrofon K\u0131l\u0131f\u0131m\u0131z, en y\u00fcksek standartlar\u0131 kar\u015f\u0131layan \u00fcr\u00fcnler sunmaya olan ba\u011fl\u0131l\u0131\u011f\u0131m\u0131z\u0131n bir kan\u0131t\u0131d\u0131r. Fabrika do\u011frudan sat\u0131\u015flar\u0131m\u0131z ve \u00f6zelle\u015ftirme se\u00e7eneklerimizle SX, ses profesyonelleri i\u00e7in koruyucu donan\u0131mda lider olarak \u00f6ne \u00e7\u0131k\u0131yor.<\/p>\n<h2>Basit Sipari\u015f ve H\u0131zl\u0131 Teslimat<\/h2>\n<p>SX Shure Mikrofon K\u0131l\u0131f\u0131n\u0131z\u0131 sipari\u015f etmek \u00e7ok kolay. \u0130htiya\u00e7lar\u0131n\u0131z\u0131 g\u00f6r\u00fc\u015fmek i\u00e7in sat\u0131\u015f ekibimizle ileti\u015fime ge\u00e7in, gerisini biz hallederiz. Etkin teslimat sistemimiz, k\u0131l\u0131f\u0131n\u0131z\u0131n h\u0131zl\u0131 ve m\u00fckemmel durumda, de\u011ferli mikrofonlar\u0131n\u0131z\u0131 korumaya haz\u0131r bir \u015fekilde ula\u015fmas\u0131n\u0131 sa\u011flar.<\/p>\n<h2>Memnun M\u00fc\u015fterilerimizin G\u00f6r\u00fc\u015fleri<\/h2>\n<p>M\u00fc\u015fterilerimiz SX Shure Mikrofon \u00c7antas\u0131 hakk\u0131nda \u00f6vg\u00fcler ya\u011fd\u0131r\u0131yor. Turne m\u00fczisyeni John, \"Ekipman\u0131m i\u00e7in en iyi yat\u0131r\u0131m\" diyor. Profesyonel bir ses m\u00fchendisi olan Sarah ise \"Dayan\u0131kl\u0131 ve \u015f\u0131k\" diyor. Mikrofon koruma ihtiya\u00e7lar\u0131 i\u00e7in SX'e g\u00fcvenen bir\u00e7ok memnun m\u00fc\u015fteriye siz de kat\u0131l\u0131n.<\/p>\n<h2>\u00c7\u00f6z\u00fcm<\/h2>\n<p>SX Shure Mikrofon K\u0131l\u0131f\u0131, de\u011ferli Shure mikrofonlar\u0131n\u0131z\u0131 korumak i\u00e7in m\u00fckemmel bir \u00e7\u00f6z\u00fcmd\u00fcr. Dayan\u0131kl\u0131 yap\u0131s\u0131, \u00f6zel uyumu ve zarif tasar\u0131m\u0131 ile e\u015fsiz koruma ve stil sunar. Sizi yar\u0131 yolda b\u0131rakmayacak g\u00fcvenilir ekipman korumas\u0131 i\u00e7in SX'i se\u00e7in.<\/p>\n<h2>SX Shure Mikrofon K\u0131l\u0131f\u0131n\u0131z\u0131 Bug\u00fcn Sipari\u015f Edin<\/h2>\n<p>\u00c7ok ge\u00e7 olana kadar beklemeyin. Shure mikrofonlar\u0131n\u0131z\u0131 SX Shure Mikrofon K\u0131l\u0131f\u0131 ile koruyun. Sipari\u015finizi vermek i\u00e7in hemen bizimle ileti\u015fime ge\u00e7in ve ekipman\u0131n\u0131z\u0131n g\u00fcvende oldu\u011funu bilmenin verdi\u011fi huzuru ya\u015fay\u0131n. SX'in mikrofonlar\u0131n\u0131z\u0131 en iyi durumda tutman\u0131za, her t\u00fcrl\u00fc performansa veya kay\u0131t oturumuna haz\u0131r olman\u0131za yard\u0131mc\u0131 olmas\u0131na izin verin.<\/p>\n<h3><strong>SSS<\/strong><\/h3>\n<p>S: Nakliye hizmetiniz nedir?<\/p>\n<p>C: Gemi rezervasyonu, mal konsolidasyonu, g\u00fcmr\u00fck beyannamesi, nakliye belgelerinin haz\u0131rlanmas\u0131 ve nakliye liman\u0131nda toplu teslimat i\u00e7in hizmet sa\u011flayabiliriz.<\/p>\n<p>S: Teslimat s\u00fcreniz nedir?<\/p>\n<p>A: Bizim s\u0131radan teslimat s\u00fcresi EXW Guangzhou oldu\u011funu. Ayr\u0131ca FOB, CFR, CIF, DDP, DDU vb. Size nakliye \u00fccretlerini sunaca\u011f\u0131z ve sizin i\u00e7in en uygun ve etkili olan\u0131 se\u00e7ebilirsiniz.<\/p>\n<p>S: Hangi \u00f6deme \u015feklini kabul edebilirsiniz?<\/p>\n<p>A: T \/ T, Western Union, vb. Herhangi bir uygun ve h\u0131zl\u0131 \u00f6deme ko\u015fulunu kabul ediyoruz.<\/p>\n<p>S\u0131cak Etiketler: D\u00fc\u015f\u00fck fiyat, stokta, \u00fccretsiz numune, G\u00fc\u00e7 ve Sinyal Kablosu, 16 \u00d6l\u00e7\u00fc 4 \u0130letkenli Tel, Mikrofon Stand K\u0131l\u0131f\u0131, A\u00e7\u0131k Hava LED Ekran Kabini, Raf Montaj\u0131, 19\u201d Raf Montajl\u0131 Mikser U\u00e7u\u015f K\u0131l\u0131flar\u0131, elektrik da\u011f\u0131t\u0131m kutusu, \u00c7in, tedarik\u00e7iler, fabrika, \u00f6zelle\u015ftirilmi\u015f, toptan sat\u0131\u015f, <span style=\"color: #993366;\"><a style=\"color: #993366;\" href=\"https:\/\/sxflightcase.com\/tr\/product-category\/all-product\/power-distribution-boxes\/\">g\u00fc\u00e7 kutular\u0131<\/a>,\u00a0<a style=\"color: #993366;\" href=\"https:\/\/sxflightcase.com\/tr\/product-category\/all-product\/hoist-controllers\/\">g\u00fc\u00e7 kablolar\u0131<\/a>,\u00a0<a style=\"color: #993366;\" href=\"https:\/\/sxflightcase.com\/tr\/product-category\/all-product\/hoist-controllers\/\">vin\u00e7 kontrol\u00f6rleri<\/a>,\u00a0<a style=\"color: #993366;\" href=\"https:\/\/sxflightcase.com\/tr\/product-category\/all-product\/flight-case\/\">u\u00e7u\u015f vakalar\u0131.<\/a><\/span><\/p>","protected":false},"excerpt":{"rendered":"<h2 class=\"prodetails-name\">Shure Mikrofon K\u0131l\u0131f\u0131<\/h2>\n<p>Shure mikrofon \u00e7antas\u0131n\u0131 piyasadaki en iyi de\u011fer olacak \u015fekilde tasarlad\u0131k, daha uzun \u00f6m\u00fcr ve daha g\u00fc\u00e7l\u00fc tutu\u015f i\u00e7in a\u011f\u0131r hizmet tipi mandallar, a\u011f\u0131r hizmet tipi 30 mm al\u00fcminyum kenar, yap\u0131y\u0131 ultra g\u00fc\u00e7l\u00fc hale getirir, y\u00fcksek y\u00fck derecesine sahip kau\u00e7uk ayaklar, raflar ve ekipman i\u00e7in b\u00f6lme.<\/p>\n<h2><strong>\u00dcretim tan\u0131t\u0131m\u0131<\/strong><\/h2>\n<p>- Tip: Mikrofon saklama kapakl\u0131 19\u2033 raf<\/p>\n<p>- Malzeme: 9mm Siyah yanmaz levha. Di\u011fer renkler mevcuttur<\/p>\n<p>- \u0130\u00e7 Boyutlar: Mikrofon kurulumunuza uyacak \u015fekilde \u00f6zel olarak \u00fcretilmi\u015ftir<\/p>\n<p>- D\u0131\u015f Boyutlar: Mikrofon kurulumunuza uyacak \u015fekilde \u00f6zel olarak \u00fcretilmi\u015ftir<\/p>\n<p>- K\u00f6p\u00fck: Ekipman\u0131n\u0131za uygun tam CNC u\u00e7lu 20 mm y\u00fcksek yo\u011funluklu k\u00f6p\u00fck kapl\u0131 k\u00f6p\u00fck<\/p>\n<p>- A\u011f\u0131r hizmet tipi Krom ba\u011flant\u0131 par\u00e7alar\u0131<\/p>\n<p>- Tekerlekler: Tak\u0131l\u0131 De\u011fil<\/p>\n<p>- Kablolar ve aksesuarlar i\u00e7in yedek b\u00f6lme mevcuttur<\/p>","protected":false},"featured_media":1803,"comment_status":"open","ping_status":"closed","template":"","meta":[],"product_brand":[],"product_cat":[41],"product_tag":[],"class_list":{"0":"post-1802","1":"product","2":"type-product","3":"status-publish","4":"has-post-thumbnail","6":"product_cat-equipment-cases","8":"first","9":"instock","10":"shipping-taxable","11":"product-type-simple"},"yoast_head":"<!-- This site is optimized with the Yoast SEO Premium plugin v27.1 (Yoast SEO v27.2) - https:\/\/yoast.com\/product\/yoast-seo-premium-wordpress\/ -->\n<title>Shure Microphone Case - https:\/\/sxflightcase.com \ud83d\udc97<\/title>\n<meta name=\"description\" content=\"Shure Microphone Case: Get factory-direct, professionally customized cases for your Shure microphones, ensuring top-notch protection and portability.\" \/>\n<meta name=\"robots\" content=\"index, follow, max-snippet:-1, max-image-preview:large, max-video-preview:-1\" \/>\n<link rel=\"canonical\" href=\"https:\/\/sxflightcase.com\/tr\/\uc81c\ud488\/\uc288\uc5b4-\ub9c8\uc774\ud06c-\ucf00\uc774\uc2a4-2\/\" \/>\n<meta property=\"og:locale\" content=\"tr_TR\" \/>\n<meta property=\"og:type\" content=\"article\" \/>\n<meta property=\"og:title\" content=\"Shure Microphone Case\" \/>\n<meta property=\"og:description\" content=\"Shure Microphone Case: Get factory-direct, professionally customized cases for your Shure microphones, ensuring top-notch protection and portability.\" \/>\n<meta property=\"og:url\" content=\"https:\/\/sxflightcase.com\/tr\/\uc81c\ud488\/\uc288\uc5b4-\ub9c8\uc774\ud06c-\ucf00\uc774\uc2a4-2\/\" \/>\n<meta property=\"og:site_name\" content=\"https:\/\/sxflightcase.com\" \/>\n<meta property=\"article:publisher\" content=\"https:\/\/www.facebook.com\/profile.php?id=61560407257971\" \/>\n<meta property=\"article:modified_time\" content=\"2024-06-20T02:13:19+00:00\" \/>\n<meta property=\"og:image\" content=\"https:\/\/sxflightcase.com\/wp-content\/uploads\/2024\/05\/shure-microphone-case29044233616.webp\" \/>\n\t<meta property=\"og:image:width\" content=\"750\" \/>\n\t<meta property=\"og:image:height\" content=\"750\" \/>\n\t<meta property=\"og:image:type\" content=\"image\/webp\" \/>\n<meta name=\"twitter:card\" content=\"summary_large_image\" \/>\n<meta name=\"twitter:label1\" content=\"Tahmini okuma s\u00fcresi\" \/>\n\t<meta name=\"twitter:data1\" content=\"5 dakika\" \/>\n<script type=\"application\/ld+json\" class=\"yoast-schema-graph\">{\"@context\":\"https:\/\/schema.org\",\"@graph\":[{\"@type\":\"WebPage\",\"@id\":\"https:\/\/sxflightcase.com\/ko\/\uc81c\ud488\/\uc288\uc5b4-\ub9c8\uc774\ud06c-\ucf00\uc774\uc2a4-2\/\",\"url\":\"https:\/\/sxflightcase.com\/ko\/\uc81c\ud488\/\uc288\uc5b4-\ub9c8\uc774\ud06c-\ucf00\uc774\uc2a4-2\/\",\"name\":\"Shure Microphone Case - https:\/\/sxflightcase.com \ud83d\udc97\",\"isPartOf\":{\"@id\":\"https:\/\/sxflightcase.com\/th\/#website\"},\"primaryImageOfPage\":{\"@id\":\"https:\/\/sxflightcase.com\/ko\/\uc81c\ud488\/\uc288\uc5b4-\ub9c8\uc774\ud06c-\ucf00\uc774\uc2a4-2\/#primaryimage\"},\"image\":{\"@id\":\"https:\/\/sxflightcase.com\/ko\/\uc81c\ud488\/\uc288\uc5b4-\ub9c8\uc774\ud06c-\ucf00\uc774\uc2a4-2\/#primaryimage\"},\"thumbnailUrl\":\"https:\/\/sxflightcase.com\/wp-content\/uploads\/2024\/05\/shure-microphone-case29044233616.webp\",\"datePublished\":\"2024-05-10T07:05:04+00:00\",\"dateModified\":\"2024-06-20T02:13:19+00:00\",\"description\":\"Shure Microphone Case: Get factory-direct, professionally customized cases for your Shure microphones, ensuring top-notch protection and portability.\",\"breadcrumb\":{\"@id\":\"https:\/\/sxflightcase.com\/ko\/\uc81c\ud488\/\uc288\uc5b4-\ub9c8\uc774\ud06c-\ucf00\uc774\uc2a4-2\/#breadcrumb\"},\"inLanguage\":\"tr\",\"potentialAction\":[{\"@type\":\"ReadAction\",\"target\":[\"https:\/\/sxflightcase.com\/ko\/\uc81c\ud488\/\uc288\uc5b4-\ub9c8\uc774\ud06c-\ucf00\uc774\uc2a4-2\/\"]}]},{\"@type\":\"ImageObject\",\"inLanguage\":\"tr\",\"@id\":\"https:\/\/sxflightcase.com\/ko\/\uc81c\ud488\/\uc288\uc5b4-\ub9c8\uc774\ud06c-\ucf00\uc774\uc2a4-2\/#primaryimage\",\"url\":\"https:\/\/sxflightcase.com\/wp-content\/uploads\/2024\/05\/shure-microphone-case29044233616.webp\",\"contentUrl\":\"https:\/\/sxflightcase.com\/wp-content\/uploads\/2024\/05\/shure-microphone-case29044233616.webp\",\"width\":750,\"height\":750,\"caption\":\"Shure Microphone Case\"},{\"@type\":\"BreadcrumbList\",\"@id\":\"https:\/\/sxflightcase.com\/ko\/\uc81c\ud488\/\uc288\uc5b4-\ub9c8\uc774\ud06c-\ucf00\uc774\uc2a4-2\/#breadcrumb\",\"itemListElement\":[{\"@type\":\"ListItem\",\"position\":1,\"name\":\"Home\",\"item\":\"https:\/\/sxflightcase.com\/\"},{\"@type\":\"ListItem\",\"position\":2,\"name\":\"\u0e2a\u0e34\u0e19\u0e04\u0e49\u0e32\",\"item\":\"https:\/\/sxflightcase.com\/th\/shop\/\"},{\"@type\":\"ListItem\",\"position\":3,\"name\":\"Shure Microphone Case\"}]},{\"@type\":\"WebSite\",\"@id\":\"https:\/\/sxflightcase.com\/th\/#website\",\"url\":\"https:\/\/sxflightcase.com\/th\/\",\"name\":\"sxpowercase.com\",\"description\":\"Flight Case Factory\",\"publisher\":{\"@id\":\"https:\/\/sxflightcase.com\/th\/#organization\"},\"potentialAction\":[{\"@type\":\"SearchAction\",\"target\":{\"@type\":\"EntryPoint\",\"urlTemplate\":\"https:\/\/sxflightcase.com\/th\/?s={search_term_string}\"},\"query-input\":{\"@type\":\"PropertyValueSpecification\",\"valueRequired\":true,\"valueName\":\"search_term_string\"}}],\"inLanguage\":\"tr\"},{\"@type\":\"Organization\",\"@id\":\"https:\/\/sxflightcase.com\/th\/#organization\",\"name\":\"sxpowercase.com\",\"url\":\"https:\/\/sxflightcase.com\/th\/\",\"logo\":{\"@type\":\"ImageObject\",\"inLanguage\":\"tr\",\"@id\":\"https:\/\/sxflightcase.com\/th\/#\/schema\/logo\/image\/\",\"url\":\"https:\/\/sxflightcase.com\/wp-content\/uploads\/2024\/04\/1713919036007.jpg\",\"contentUrl\":\"https:\/\/sxflightcase.com\/wp-content\/uploads\/2024\/04\/1713919036007.jpg\",\"width\":382,\"height\":388,\"caption\":\"sxpowercase.com\"},\"image\":{\"@id\":\"https:\/\/sxflightcase.com\/th\/#\/schema\/logo\/image\/\"},\"sameAs\":[\"https:\/\/www.facebook.com\/profile.php?id=61560407257971\"],\"numberOfEmployees\":{\"@type\":\"QuantitativeValue\",\"minValue\":\"11\",\"maxValue\":\"50\"}}]}<\/script>\n<!-- \/ Yoast SEO Premium plugin. -->","yoast_head_json":{"title":"Shure Microphone Case - https:\/\/sxflightcase.com \ud83d\udc97","description":"Shure Mikrofon K\u0131l\u0131f\u0131: Shure mikrofonlar\u0131n\u0131z i\u00e7in fabrikadan do\u011frudan, profesyonel olarak \u00f6zelle\u015ftirilmi\u015f k\u0131l\u0131flar al\u0131n, birinci s\u0131n\u0131f koruma ve ta\u015f\u0131nabilirlik sa\u011flay\u0131n.","robots":{"index":"index","follow":"follow","max-snippet":"max-snippet:-1","max-image-preview":"max-image-preview:large","max-video-preview":"max-video-preview:-1"},"canonical":"https:\/\/sxflightcase.com\/tr\/\uc81c\ud488\/\uc288\uc5b4-\ub9c8\uc774\ud06c-\ucf00\uc774\uc2a4-2\/","og_locale":"tr_TR","og_type":"article","og_title":"Shure Microphone Case","og_description":"Shure Microphone Case: Get factory-direct, professionally customized cases for your Shure microphones, ensuring top-notch protection and portability.","og_url":"https:\/\/sxflightcase.com\/tr\/\uc81c\ud488\/\uc288\uc5b4-\ub9c8\uc774\ud06c-\ucf00\uc774\uc2a4-2\/","og_site_name":"https:\/\/sxflightcase.com","article_publisher":"https:\/\/www.facebook.com\/profile.php?id=61560407257971","article_modified_time":"2024-06-20T02:13:19+00:00","og_image":[{"width":750,"height":750,"url":"https:\/\/sxflightcase.com\/wp-content\/uploads\/2024\/05\/shure-microphone-case29044233616.webp","type":"image\/webp"}],"twitter_card":"summary_large_image","twitter_misc":{"Tahmini okuma s\u00fcresi":"5 dakika"},"schema":{"@context":"https:\/\/schema.org","@graph":[{"@type":"WebPage","@id":"https:\/\/sxflightcase.com\/ko\/\uc81c\ud488\/\uc288\uc5b4-\ub9c8\uc774\ud06c-\ucf00\uc774\uc2a4-2\/","url":"https:\/\/sxflightcase.com\/ko\/\uc81c\ud488\/\uc288\uc5b4-\ub9c8\uc774\ud06c-\ucf00\uc774\uc2a4-2\/","name":"Shure Microphone Case - https:\/\/sxflightcase.com \ud83d\udc97","isPartOf":{"@id":"https:\/\/sxflightcase.com\/th\/#website"},"primaryImageOfPage":{"@id":"https:\/\/sxflightcase.com\/ko\/\uc81c\ud488\/\uc288\uc5b4-\ub9c8\uc774\ud06c-\ucf00\uc774\uc2a4-2\/#primaryimage"},"image":{"@id":"https:\/\/sxflightcase.com\/ko\/\uc81c\ud488\/\uc288\uc5b4-\ub9c8\uc774\ud06c-\ucf00\uc774\uc2a4-2\/#primaryimage"},"thumbnailUrl":"https:\/\/sxflightcase.com\/wp-content\/uploads\/2024\/05\/shure-microphone-case29044233616.webp","datePublished":"2024-05-10T07:05:04+00:00","dateModified":"2024-06-20T02:13:19+00:00","description":"Shure Mikrofon K\u0131l\u0131f\u0131: Shure mikrofonlar\u0131n\u0131z i\u00e7in fabrikadan do\u011frudan, profesyonel olarak \u00f6zelle\u015ftirilmi\u015f k\u0131l\u0131flar al\u0131n, birinci s\u0131n\u0131f koruma ve ta\u015f\u0131nabilirlik sa\u011flay\u0131n.","breadcrumb":{"@id":"https:\/\/sxflightcase.com\/ko\/\uc81c\ud488\/\uc288\uc5b4-\ub9c8\uc774\ud06c-\ucf00\uc774\uc2a4-2\/#breadcrumb"},"inLanguage":"tr","potentialAction":[{"@type":"ReadAction","target":["https:\/\/sxflightcase.com\/ko\/\uc81c\ud488\/\uc288\uc5b4-\ub9c8\uc774\ud06c-\ucf00\uc774\uc2a4-2\/"]}]},{"@type":"ImageObject","inLanguage":"tr","@id":"https:\/\/sxflightcase.com\/ko\/\uc81c\ud488\/\uc288\uc5b4-\ub9c8\uc774\ud06c-\ucf00\uc774\uc2a4-2\/#primaryimage","url":"https:\/\/sxflightcase.com\/wp-content\/uploads\/2024\/05\/shure-microphone-case29044233616.webp","contentUrl":"https:\/\/sxflightcase.com\/wp-content\/uploads\/2024\/05\/shure-microphone-case29044233616.webp","width":750,"height":750,"caption":"Shure Microphone Case"},{"@type":"BreadcrumbList","@id":"https:\/\/sxflightcase.com\/ko\/\uc81c\ud488\/\uc288\uc5b4-\ub9c8\uc774\ud06c-\ucf00\uc774\uc2a4-2\/#breadcrumb","itemListElement":[{"@type":"ListItem","position":1,"name":"Home","item":"https:\/\/sxflightcase.com\/"},{"@type":"ListItem","position":2,"name":"\u0e2a\u0e34\u0e19\u0e04\u0e49\u0e32","item":"https:\/\/sxflightcase.com\/th\/shop\/"},{"@type":"ListItem","position":3,"name":"Shure Microphone Case"}]},{"@type":"WebSite","@id":"https:\/\/sxflightcase.com\/th\/#website","url":"https:\/\/sxflightcase.com\/th\/","name":"sxpowercase.com","description":"U\u00e7u\u015f \u00c7antas\u0131 Fabrikas\u0131","publisher":{"@id":"https:\/\/sxflightcase.com\/th\/#organization"},"potentialAction":[{"@type":"SearchAction","target":{"@type":"EntryPoint","urlTemplate":"https:\/\/sxflightcase.com\/th\/?s={search_term_string}"},"query-input":{"@type":"PropertyValueSpecification","valueRequired":true,"valueName":"search_term_string"}}],"inLanguage":"tr"},{"@type":"Organization","@id":"https:\/\/sxflightcase.com\/th\/#organization","name":"sxpowercase.com","url":"https:\/\/sxflightcase.com\/th\/","logo":{"@type":"ImageObject","inLanguage":"tr","@id":"https:\/\/sxflightcase.com\/th\/#\/schema\/logo\/image\/","url":"https:\/\/sxflightcase.com\/wp-content\/uploads\/2024\/04\/1713919036007.jpg","contentUrl":"https:\/\/sxflightcase.com\/wp-content\/uploads\/2024\/04\/1713919036007.jpg","width":382,"height":388,"caption":"sxpowercase.com"},"image":{"@id":"https:\/\/sxflightcase.com\/th\/#\/schema\/logo\/image\/"},"sameAs":["https:\/\/www.facebook.com\/profile.php?id=61560407257971"],"numberOfEmployees":{"@type":"QuantitativeValue","minValue":"11","maxValue":"50"}}]}},"_links":{"self":[{"href":"https:\/\/sxflightcase.com\/tr\/wp-json\/wp\/v2\/product\/1802","targetHints":{"allow":["GET"]}}],"collection":[{"href":"https:\/\/sxflightcase.com\/tr\/wp-json\/wp\/v2\/product"}],"about":[{"href":"https:\/\/sxflightcase.com\/tr\/wp-json\/wp\/v2\/types\/product"}],"replies":[{"embeddable":true,"href":"https:\/\/sxflightcase.com\/tr\/wp-json\/wp\/v2\/comments?post=1802"}],"version-history":[{"count":0,"href":"https:\/\/sxflightcase.com\/tr\/wp-json\/wp\/v2\/product\/1802\/revisions"}],"wp:featuredmedia":[{"embeddable":true,"href":"https:\/\/sxflightcase.com\/tr\/wp-json\/wp\/v2\/media\/1803"}],"wp:attachment":[{"href":"https:\/\/sxflightcase.com\/tr\/wp-json\/wp\/v2\/media?parent=1802"}],"wp:term":[{"taxonomy":"product_brand","embeddable":true,"href":"https:\/\/sxflightcase.com\/tr\/wp-json\/wp\/v2\/product_brand?post=1802"},{"taxonomy":"product_cat","embeddable":true,"href":"https:\/\/sxflightcase.com\/tr\/wp-json\/wp\/v2\/product_cat?post=1802"},{"taxonomy":"product_tag","embeddable":true,"href":"https:\/\/sxflightcase.com\/tr\/wp-json\/wp\/v2\/product_tag?post=1802"}],"curies":[{"name":"wp","href":"https:\/\/api.w.org\/{rel}","templated":true}]}}