{"id":1810,"date":"2024-05-10T08:26:33","date_gmt":"2024-05-10T07:26:33","guid":{"rendered":"https:\/\/sxpowercase.com\/?post_type=product&#038;p=1810"},"modified":"2024-06-20T03:10:17","modified_gmt":"2024-06-20T02:10:17","slug":"drawer-storage-cabinet","status":"publish","type":"product","link":"https:\/\/sxflightcase.com\/tr\/urun\/cekmeceli-saklama-dolabi\/","title":{"rendered":"\u00c7ekmeceli Depolama Dolab\u0131"},"content":{"rendered":"<p><strong>\u00dcr\u00fcn parametresi(spesifikasyonu)<\/strong><\/p>\n<section class=\"table-wrap\">\n<table class=\"table\" width=\"100%\" cellspacing=\"0\" cellpadding=\"0\">\n<tbody>\n<tr class=\"firstRow\">\n<td width=\"134\">\u00dcr\u00fcn ad\u0131<\/td>\n<td width=\"504\">\u00c7ekmeceli saklama dolab\u0131<\/td>\n<\/tr>\n<tr>\n<td width=\"134\">Malzemeler<\/td>\n<td width=\"504\">Ticari s\u0131n\u0131f kaplamal\u0131 donan\u0131m, a\u011f\u0131r hizmet tipi kulplar ve mandallar ve bilyal\u0131 k\u00f6\u015feler ile 9 mm lamine kontrplak konstr\u00fcksiyon<br \/>\nYayl\u0131 g\u00f6mme \u00e7ekme kolu ve tekerlekler yerle\u015fiktir<br \/>\nUltra-Dur EVA k\u00f6p\u00fck i\u00e7 dolgusu ve bloklar\u0131, tahtan\u0131n alt k\u0131sm\u0131nda fan havaland\u0131rmas\u0131 i\u00e7in yer sa\u011flar<\/td>\n<\/tr>\n<tr>\n<td width=\"134\">Renk<\/td>\n<td width=\"504\">Siyah, Mavi, K\u0131rm\u0131z\u0131 veya \u00d6zel<\/td>\n<\/tr>\n<tr>\n<td width=\"134\">Kullan\u0131m<\/td>\n<td width=\"504\">Ta\u015f\u0131ma Depolamay\u0131 Koruyun<\/td>\n<\/tr>\n<\/tbody>\n<\/table>\n<\/section>\n<p><strong>Paketleme ve g\u00f6nderim<\/strong><\/p>\n<section class=\"table-wrap\">\n<table class=\"table\" width=\"100%\" cellspacing=\"0\" cellpadding=\"0\">\n<tbody>\n<tr class=\"firstRow\">\n<td colspan=\"3\" width=\"100%\">Paketleme ve Kargolama<\/td>\n<\/tr>\n<tr>\n<td rowspan=\"3\" width=\"33%\">Kargo S\u00fcresi<\/td>\n<td width=\"33%\">Deniz yoluyla<\/td>\n<td width=\"33%\">15-60 g\u00fcn<\/td>\n<\/tr>\n<tr>\n<td width=\"33%\">Hava yoluyla<\/td>\n<td width=\"33%\">4-9 g\u00fcn<\/td>\n<\/tr>\n<tr>\n<td width=\"33%\">Ekspres ile<\/td>\n<td width=\"33%\">4-9 g\u00fcn<\/td>\n<\/tr>\n<tr>\n<td width=\"33%\">Teslimat s\u00fcresi<\/td>\n<td colspan=\"2\" width=\"66%\">7-15 \u00e7al\u0131\u015fma veya ihtiya\u00e7lar\u0131n\u0131za g\u00f6re<\/td>\n<\/tr>\n<tr>\n<td width=\"33%\">Ambalajlama<\/td>\n<td colspan=\"2\" width=\"66%\">Karton veya iste\u011finize g\u00f6re<\/td>\n<\/tr>\n<\/tbody>\n<\/table>\n<\/section>\n<h1>SX \u00c7ekmeceli Saklama Dolab\u0131 ile Alan\u0131n\u0131z\u0131 D\u00f6n\u00fc\u015ft\u00fcr\u00fcn<\/h1>\n<h2>Neden SX \u00c7ekmeceli Saklama Dolab\u0131n\u0131 Se\u00e7melisiniz?<\/h2>\n<p>Da\u011f\u0131n\u0131k alanlardan ve da\u011f\u0131n\u0131k e\u015fyalardan s\u0131k\u0131ld\u0131n\u0131z m\u0131? Bu <a href=\"https:\/\/sxpowercase.com\/\" target=\"_blank\" rel=\"noopener\" title=\"SX\" data-wpil-monitor-id=\"131\">SX<\/a> \u00c7ekmeceli Saklama Dolab\u0131, verimli ve \u015f\u0131k depolama i\u00e7in nihai \u00e7\u00f6z\u00fcm\u00fcn\u00fczd\u00fcr. Evler, ofisler ve at\u00f6lyeler i\u00e7in m\u00fckemmel olan bu dolap, e\u015fyalar\u0131n\u0131z\u0131 d\u00fczenli bir \u015fekilde tutmak i\u00e7in geni\u015f alan sa\u011flar.<\/p>\n<h3>\u00c7ok Y\u00f6nl\u00fcl\u00fck ve Dayan\u0131kl\u0131l\u0131k<\/h3>\n<p>SX \u00c7ekmeceli Depolama Dolab\u0131 \u00e7ok y\u00f6nl\u00fcl\u00fck ve dayan\u0131kl\u0131l\u0131k i\u00e7in tasarlanm\u0131\u015ft\u0131r. Aletleri, belgeleri ve malzemeleri saklamak i\u00e7in m\u00fckemmeldir. Her \u00e7ekmece sorunsuzca kayarak e\u015fyalar\u0131n\u0131za h\u0131zl\u0131ca eri\u015fmenizi kolayla\u015ft\u0131r\u0131r. Y\u00fcksek kaliteli malzemelerle \u00fcretilen dolap, uzun \u00f6m\u00fcrl\u00fc performans sa\u011flar.<\/p>\n<h3>\u0130htiya\u00e7lar\u0131n\u0131za Uygun \u015eekilde \u00d6zelle\u015ftirilebilir<\/h3>\n<p>SX olarak, her alan\u0131n benzersiz oldu\u011funu biliyoruz. Bu nedenle \u00c7ekmeceli Depolama Dolab\u0131m\u0131z \u00f6zel gereksinimlerinize uyacak \u015fekilde \u00f6zelle\u015ftirilebilir. M\u00fckemmel depolama \u00e7\u00f6z\u00fcm\u00fcn\u00fc olu\u015fturmak i\u00e7in \u00e7ekmece say\u0131s\u0131n\u0131, boyutlar\u0131n\u0131 ve i\u00e7 konfig\u00fcrasyonlar\u0131n\u0131 se\u00e7in. \u00d6zelle\u015ftirme, verimlili\u011fi ve organizasyonu en \u00fcst d\u00fczeye \u00e7\u0131karman\u0131za yard\u0131mc\u0131 olur.<\/p>\n<h2>Maliyet Tasarrufu i\u00e7in Fabrika Do\u011frudan Sat\u0131\u015flar\u0131<\/h2>\n<p>Do\u011frudan SX'ten sat\u0131n almak paradan tasarruf etmeniz anlam\u0131na gelir. Fabrika do\u011frudan sat\u0131\u015f yakla\u015f\u0131m\u0131m\u0131z arac\u0131lar\u0131 ortadan kald\u0131rarak y\u00fcksek kaliteli \u00c7ekmeceli Depolama Dolaplar\u0131n\u0131 rakipsiz fiyatlarla sunmam\u0131z\u0131 sa\u011flar. Bu, yat\u0131r\u0131m\u0131n\u0131z i\u00e7in en iyi de\u011feri elde etmenizi sa\u011flar ve depolama ihtiya\u00e7lar\u0131n\u0131z i\u00e7in uygun maliyetli bir se\u00e7im haline getirir.<\/p>\n<h2>\u0130\u015f Verimlili\u011finizi Art\u0131r\u0131n<\/h2>\n<h3>\u00dcretkenli\u011fi Art\u0131r\u0131n<\/h3>\n<p>\u0130yi organize edilmi\u015f bir \u00e7al\u0131\u015fma alan\u0131 i\u015f verimlili\u011finizi \u00f6nemli \u00f6l\u00e7\u00fcde art\u0131rabilir. SX \u00c7ekmeceli Saklama Dolab\u0131, alet ve malzemelerinizi d\u00fczenli tutman\u0131za yard\u0131mc\u0131 olarak e\u015fya aramak i\u00e7in harcanan zaman\u0131 azalt\u0131r ve \u00fcretkenli\u011fi art\u0131r\u0131r. D\u00fczenli bir alan, m\u00fc\u015fterileriniz \u00fczerinde de olumlu bir izlenim b\u0131rak\u0131r.<\/p>\n<h3>\u00c7e\u015fitli Uygulamalar i\u00e7in \u00c7ok Y\u00f6nl\u00fc Depolama<\/h3>\n<p>SX \u00c7ekmeceli Saklama Dolab\u0131 \u00e7e\u015fitli ortamlar i\u00e7in m\u00fckemmeldir. Ofislerde belgelerin, k\u0131rtasiye malzemelerinin ve dosyalar\u0131n d\u00fczg\u00fcn bir \u015fekilde saklanmas\u0131na yard\u0131mc\u0131 olur. At\u00f6lyeler d\u00fczenli aletlerden ve par\u00e7alardan yararlan\u0131rken, perakende alanlar\u0131 envanteri verimli bir \u015fekilde y\u00f6netebilir. \u00c7ok y\u00f6nl\u00fcl\u00fc\u011f\u00fc onu her ortama de\u011ferli bir katk\u0131 haline getirir.<\/p>\n<h2>Dayan\u0131kl\u0131 ve \u015e\u0131k Tasar\u0131m<\/h2>\n<h3>Y\u00fcksek Kaliteli Malzemeler<\/h3>\n<p>\u00c7ekmeceli Saklama Dolab\u0131m\u0131z sadece i\u015flevsel de\u011fil ayn\u0131 zamanda \u015f\u0131kt\u0131r. Sa\u011flam malzemelerden \u00fcretilmi\u015ftir, \u015f\u0131k g\u00f6r\u00fcn\u00fcm\u00fcn\u00fc korurken g\u00fcnl\u00fck kullan\u0131ma dayan\u0131r. SX dolab\u0131n\u0131n modern tasar\u0131m\u0131, mekan\u0131n\u0131z\u0131n estetik \u00e7ekicili\u011fini art\u0131rarak onu hem pratik hem de \u00e7ekici hale getirir.<\/p>\n<h3>SX Neden \u00d6ne \u00c7\u0131k\u0131yor?<\/h3>\n<p>SX kendini m\u00fckemmelli\u011fe adam\u0131\u015ft\u0131r. \u00dcr\u00fcnlerimiz en y\u00fcksek kalite ve i\u015flevsellik standartlar\u0131n\u0131 kar\u015f\u0131lamak \u00fczere titizlikle \u00fcretilmektedir. Do\u011frudan fabrika sat\u0131\u015flar\u0131 ve \u00f6zelle\u015ftirme se\u00e7enekleriyle, \u00f6zel ihtiya\u00e7lar\u0131n\u0131za hitap eden \u00fcst\u00fcn \u00fcr\u00fcnler sunuyoruz. M\u00fc\u015fteri memnuniyetine olan ba\u011fl\u0131l\u0131\u011f\u0131m\u0131z bizi rakiplerimizden ay\u0131r\u0131yor.<\/p>\n<h2>Basit Sipari\u015f ve H\u0131zl\u0131 Teslimat<\/h2>\n<p>SX \u00c7ekmeceli Depolama Dolab\u0131n\u0131z\u0131 sipari\u015f etmek \u00e7ok kolay. \u0130htiya\u00e7lar\u0131n\u0131z\u0131 g\u00f6r\u00fc\u015fmek i\u00e7in sat\u0131\u015f ekibimizle ileti\u015fime ge\u00e7meniz yeterlidir, gerisini biz hallederiz. Etkin teslimat sistemimiz, dolab\u0131n\u0131z\u0131n zaman\u0131nda ve m\u00fckemmel durumda, alan\u0131n\u0131z\u0131 d\u00f6n\u00fc\u015ft\u00fcrmeye haz\u0131r bir \u015fekilde ula\u015fmas\u0131n\u0131 sa\u011flar.<\/p>\n<h2>M\u00fc\u015fteri G\u00f6r\u00fc\u015fleri<\/h2>\n<p>M\u00fc\u015fterilerimiz SX \u00c7ekmeceli Saklama Dolab\u0131n\u0131 \u00e7ok seviyor. Memnun bir m\u00fc\u015fteri olan John, \"At\u00f6lyem i\u00e7in ezber bozan bir \u00fcr\u00fcn\" diyor. Ofis y\u00f6neticisi Lisa ise \"Y\u00fcksek kaliteli ve \u015f\u0131k\" diyor. Siz de mekanlar\u0131n\u0131 SX ile g\u00fczelle\u015ftiren bir\u00e7ok mutlu m\u00fc\u015fteriye kat\u0131l\u0131n.<\/p>\n<h2>\u00c7\u00f6z\u00fcm<\/h2>\n<p>SX \u00c7ekmeceli Saklama Dolab\u0131, organizasyonel verimlili\u011fini art\u0131rmak isteyen herkes i\u00e7in ideal bir \u00e7\u00f6z\u00fcmd\u00fcr. Dayan\u0131kl\u0131 yap\u0131s\u0131, \u00f6zelle\u015ftirilebilir se\u00e7enekleri ve rekabet\u00e7i fiyat\u0131 ile hem evler hem de i\u015fletmeler i\u00e7in en iyi se\u00e7imdir. Alan\u0131n\u0131z\u0131 SX ile zenginle\u015ftirin ve iyi organize edilmi\u015f bir ortam\u0131n avantajlar\u0131n\u0131 ya\u015fay\u0131n.<\/p>\n<h2>SX \u00c7ekmeceli Saklama Dolab\u0131n\u0131z\u0131 Bug\u00fcn Sipari\u015f Edin<\/h2>\n<p>Da\u011f\u0131n\u0131kl\u0131\u011f\u0131n \u00fcretkenli\u011finizi bozmas\u0131na izin vermeyin. \u00c7ekmeceli Depolama Dolab\u0131n\u0131z\u0131 sipari\u015f etmek i\u00e7in \u015fimdi SX ile ileti\u015fime ge\u00e7in ve kalite ile \u00f6zelle\u015ftirmenin yaratabilece\u011fi fark\u0131 ke\u015ffedin. Depolama \u00e7\u00f6z\u00fcmlerinizi d\u00fczene sokman\u0131za ve organizasyonel standartlar\u0131n\u0131z\u0131 y\u00fckseltmenize yard\u0131mc\u0131 olal\u0131m.<\/p>\n<p><strong>SSS<\/strong><\/p>\n<p>S: Minimum Sipari\u015f Miktar\u0131n\u0131z (MOQ) nedir?<\/p>\n<p>A: E\u011fer \u00fcr\u00fcnler stoklar\u0131m\u0131zda varsa, MOQ olmayacakt\u0131r. E\u011fer \u00fcretmemiz gerekirse, m\u00fc\u015fterinin kesin durumuna g\u00f6re MOQ&#039;u g\u00f6r\u00fc\u015febiliriz.<\/p>\n<p>S: Fiyat\u0131 ne zaman \u00f6\u011frenebilirim?<\/p>\n<p>A: Genellikle talebinizi ald\u0131ktan sonra 8 saat i\u00e7inde fiyat teklifi veriyoruz.<\/p>\n<p>S: Hangi \u00f6deme \u015feklini kabul edebilirsiniz?<\/p>\n<p>A: T \/ T, Western Union, vb. Herhangi bir uygun ve h\u0131zl\u0131 \u00f6deme ko\u015fulunu kabul ediyoruz.<\/p>\n<p>S\u0131cak Etiketler: D\u00fc\u015f\u00fck fiyat, stokta, \u00fccretsiz numune, G\u00fc\u00e7 ve Sinyal Kablosu, 16 \u00d6l\u00e7\u00fc 4 \u0130letkenli Tel, Mikrofon Stand K\u0131l\u0131f\u0131, A\u00e7\u0131k Hava LED Ekran Kabini, Raf Montaj\u0131, 19\u201d Raf Montajl\u0131 Mikser U\u00e7u\u015f K\u0131l\u0131flar\u0131, elektrik da\u011f\u0131t\u0131m kutusu, \u00c7in, tedarik\u00e7iler, fabrika, \u00f6zelle\u015ftirilmi\u015f, toptan sat\u0131\u015f, <span style=\"color: #993366;\"><a style=\"color: #993366;\" href=\"https:\/\/sxflightcase.com\/tr\/product-category\/all-product\/power-distribution-boxes\/\">g\u00fc\u00e7 kutular\u0131<\/a>,\u00a0<a style=\"color: #993366;\" href=\"https:\/\/sxflightcase.com\/tr\/product-category\/all-product\/hoist-controllers\/\">g\u00fc\u00e7 kablolar\u0131<\/a>,\u00a0<a style=\"color: #993366;\" href=\"https:\/\/sxflightcase.com\/tr\/product-category\/all-product\/hoist-controllers\/\">vin\u00e7 kontrol\u00f6rleri<\/a>,\u00a0<a style=\"color: #993366;\" href=\"https:\/\/sxflightcase.com\/tr\/product-category\/all-product\/flight-case\/\">u\u00e7u\u015f vakalar\u0131.<\/a><\/span><\/p>","protected":false},"excerpt":{"rendered":"<h2 class=\"prodetails-name\">\u00c7ekmeceli Depolama Dolab\u0131<\/h2>\n<p>Bu \u00e7antay\u0131 piyasadaki en iyi de\u011fer olacak \u015fekilde tasarlad\u0131k, daha uzun \u00f6m\u00fcr ve daha g\u00fc\u00e7l\u00fc tutu\u015f i\u00e7in a\u011f\u0131r hizmet tipi mandallar, a\u011f\u0131r hizmet tipi 30 mm al\u00fcminyum kenar, yap\u0131y\u0131 ultra g\u00fc\u00e7l\u00fc hale getirir, y\u00fcksek y\u00fck derecesine sahip kau\u00e7uk tekerlekler, raflar ve ekipman i\u00e7in b\u00f6lme.<\/p>\n<h2><strong>\u00dcretim tan\u0131t\u0131m\u0131<\/strong><\/h2>\n<p>Bu \u00e7ekmeceli saklama dolab\u0131, AV end\u00fcstrisi, Motor sporlar\u0131 End\u00fcstrisi ve Canl\u0131 Ses gibi \u00e7e\u015fitli profesyoneller i\u00e7in ideal bir i\u015f istasyonudur. Bu dolap 8 saklama \u00e7ekmecesi, aksesuarlar\u0131n\u0131z i\u00e7in bir \u00e7ekmece raf\u0131 ve ekipmanlar i\u00e7in k\u00f6p\u00fck kapl\u0131 bir b\u00f6lme ile birlikte gelir.<\/p>\n<p>\u00c7ekmece boyutu ve miktar\u0131 ve renkli y\u00fczeyler gibi talep \u00fczerine \u00f6zel se\u00e7enekler mevcuttur.<\/p>","protected":false},"featured_media":1811,"comment_status":"open","ping_status":"closed","template":"","meta":[],"product_brand":[],"product_cat":[41],"product_tag":[],"class_list":{"0":"post-1810","1":"product","2":"type-product","3":"status-publish","4":"has-post-thumbnail","6":"product_cat-equipment-cases","8":"first","9":"instock","10":"shipping-taxable","11":"product-type-simple"},"yoast_head":"<!-- This site is optimized with the Yoast SEO Premium plugin v27.1 (Yoast SEO v27.2) - https:\/\/yoast.com\/product\/yoast-seo-premium-wordpress\/ -->\n<title>Drawer Storage Cabinet - https:\/\/sxflightcase.com \ud83d\udc97<\/title>\n<meta name=\"description\" content=\"Drawer Storage Cabinet: Explore factory-direct options for professional customization, perfect for efficient organization and storage solutions tailored to your needs.\" \/>\n<meta name=\"robots\" content=\"index, follow, max-snippet:-1, max-image-preview:large, max-video-preview:-1\" \/>\n<link rel=\"canonical\" href=\"https:\/\/sxflightcase.com\/tr\/urun\/cekmeceli-saklama-dolabi\/\" \/>\n<meta property=\"og:locale\" content=\"tr_TR\" \/>\n<meta property=\"og:type\" content=\"article\" \/>\n<meta property=\"og:title\" content=\"Drawer Storage Cabinet\" \/>\n<meta property=\"og:description\" content=\"Drawer Storage Cabinet: Explore factory-direct options for professional customization, perfect for efficient organization and storage solutions tailored to your needs.\" \/>\n<meta property=\"og:url\" content=\"https:\/\/sxflightcase.com\/tr\/urun\/cekmeceli-saklama-dolabi\/\" \/>\n<meta property=\"og:site_name\" content=\"https:\/\/sxflightcase.com\" \/>\n<meta property=\"article:publisher\" content=\"https:\/\/www.facebook.com\/profile.php?id=61560407257971\" \/>\n<meta property=\"article:modified_time\" content=\"2024-06-20T02:10:17+00:00\" \/>\n<meta property=\"og:image\" content=\"https:\/\/sxflightcase.com\/wp-content\/uploads\/2024\/05\/drawer-storage-cabinet21238125372.webp\" \/>\n\t<meta property=\"og:image:width\" content=\"750\" \/>\n\t<meta property=\"og:image:height\" content=\"750\" \/>\n\t<meta property=\"og:image:type\" content=\"image\/webp\" \/>\n<meta name=\"twitter:card\" content=\"summary_large_image\" \/>\n<meta name=\"twitter:label1\" content=\"Tahmini okuma s\u00fcresi\" \/>\n\t<meta name=\"twitter:data1\" content=\"5 dakika\" \/>\n<script type=\"application\/ld+json\" class=\"yoast-schema-graph\">{\"@context\":\"https:\/\/schema.org\",\"@graph\":[{\"@type\":\"WebPage\",\"@id\":\"https:\/\/sxflightcase.com\/product\/drawer-storage-cabinet\/\",\"url\":\"https:\/\/sxflightcase.com\/product\/drawer-storage-cabinet\/\",\"name\":\"Drawer Storage Cabinet - https:\/\/sxflightcase.com \ud83d\udc97\",\"isPartOf\":{\"@id\":\"https:\/\/sxflightcase.com\/th\/#website\"},\"primaryImageOfPage\":{\"@id\":\"https:\/\/sxflightcase.com\/product\/drawer-storage-cabinet\/#primaryimage\"},\"image\":{\"@id\":\"https:\/\/sxflightcase.com\/product\/drawer-storage-cabinet\/#primaryimage\"},\"thumbnailUrl\":\"https:\/\/sxflightcase.com\/wp-content\/uploads\/2024\/05\/drawer-storage-cabinet21238125372.webp\",\"datePublished\":\"2024-05-10T07:26:33+00:00\",\"dateModified\":\"2024-06-20T02:10:17+00:00\",\"description\":\"Drawer Storage Cabinet: Explore factory-direct options for professional customization, perfect for efficient organization and storage solutions tailored to your needs.\",\"breadcrumb\":{\"@id\":\"https:\/\/sxflightcase.com\/product\/drawer-storage-cabinet\/#breadcrumb\"},\"inLanguage\":\"tr\",\"potentialAction\":[{\"@type\":\"ReadAction\",\"target\":[\"https:\/\/sxflightcase.com\/product\/drawer-storage-cabinet\/\"]}]},{\"@type\":\"ImageObject\",\"inLanguage\":\"tr\",\"@id\":\"https:\/\/sxflightcase.com\/product\/drawer-storage-cabinet\/#primaryimage\",\"url\":\"https:\/\/sxflightcase.com\/wp-content\/uploads\/2024\/05\/drawer-storage-cabinet21238125372.webp\",\"contentUrl\":\"https:\/\/sxflightcase.com\/wp-content\/uploads\/2024\/05\/drawer-storage-cabinet21238125372.webp\",\"width\":750,\"height\":750,\"caption\":\"Drawer Storage Cabinet\"},{\"@type\":\"BreadcrumbList\",\"@id\":\"https:\/\/sxflightcase.com\/product\/drawer-storage-cabinet\/#breadcrumb\",\"itemListElement\":[{\"@type\":\"ListItem\",\"position\":1,\"name\":\"Home\",\"item\":\"https:\/\/sxflightcase.com\/\"},{\"@type\":\"ListItem\",\"position\":2,\"name\":\"\u0e2a\u0e34\u0e19\u0e04\u0e49\u0e32\",\"item\":\"https:\/\/sxflightcase.com\/th\/shop\/\"},{\"@type\":\"ListItem\",\"position\":3,\"name\":\"Drawer Storage Cabinet\"}]},{\"@type\":\"WebSite\",\"@id\":\"https:\/\/sxflightcase.com\/th\/#website\",\"url\":\"https:\/\/sxflightcase.com\/th\/\",\"name\":\"sxpowercase.com\",\"description\":\"Flight Case Factory\",\"publisher\":{\"@id\":\"https:\/\/sxflightcase.com\/th\/#organization\"},\"potentialAction\":[{\"@type\":\"SearchAction\",\"target\":{\"@type\":\"EntryPoint\",\"urlTemplate\":\"https:\/\/sxflightcase.com\/th\/?s={search_term_string}\"},\"query-input\":{\"@type\":\"PropertyValueSpecification\",\"valueRequired\":true,\"valueName\":\"search_term_string\"}}],\"inLanguage\":\"tr\"},{\"@type\":\"Organization\",\"@id\":\"https:\/\/sxflightcase.com\/th\/#organization\",\"name\":\"sxpowercase.com\",\"url\":\"https:\/\/sxflightcase.com\/th\/\",\"logo\":{\"@type\":\"ImageObject\",\"inLanguage\":\"tr\",\"@id\":\"https:\/\/sxflightcase.com\/th\/#\/schema\/logo\/image\/\",\"url\":\"https:\/\/sxflightcase.com\/wp-content\/uploads\/2024\/04\/1713919036007.jpg\",\"contentUrl\":\"https:\/\/sxflightcase.com\/wp-content\/uploads\/2024\/04\/1713919036007.jpg\",\"width\":382,\"height\":388,\"caption\":\"sxpowercase.com\"},\"image\":{\"@id\":\"https:\/\/sxflightcase.com\/th\/#\/schema\/logo\/image\/\"},\"sameAs\":[\"https:\/\/www.facebook.com\/profile.php?id=61560407257971\"],\"numberOfEmployees\":{\"@type\":\"QuantitativeValue\",\"minValue\":\"11\",\"maxValue\":\"50\"}}]}<\/script>\n<!-- \/ Yoast SEO Premium plugin. -->","yoast_head_json":{"title":"Drawer Storage Cabinet - https:\/\/sxflightcase.com \ud83d\udc97","description":"\u00c7ekmeceli Saklama Dolab\u0131: \u0130htiya\u00e7lar\u0131n\u0131za g\u00f6re uyarlanm\u0131\u015f verimli organizasyon ve depolama \u00e7\u00f6z\u00fcmleri i\u00e7in m\u00fckemmel olan profesyonel \u00f6zelle\u015ftirme i\u00e7in fabrikada do\u011frudan se\u00e7enekleri ke\u015ffedin.","robots":{"index":"index","follow":"follow","max-snippet":"max-snippet:-1","max-image-preview":"max-image-preview:large","max-video-preview":"max-video-preview:-1"},"canonical":"https:\/\/sxflightcase.com\/tr\/urun\/cekmeceli-saklama-dolabi\/","og_locale":"tr_TR","og_type":"article","og_title":"Drawer Storage Cabinet","og_description":"Drawer Storage Cabinet: Explore factory-direct options for professional customization, perfect for efficient organization and storage solutions tailored to your needs.","og_url":"https:\/\/sxflightcase.com\/tr\/urun\/cekmeceli-saklama-dolabi\/","og_site_name":"https:\/\/sxflightcase.com","article_publisher":"https:\/\/www.facebook.com\/profile.php?id=61560407257971","article_modified_time":"2024-06-20T02:10:17+00:00","og_image":[{"width":750,"height":750,"url":"https:\/\/sxflightcase.com\/wp-content\/uploads\/2024\/05\/drawer-storage-cabinet21238125372.webp","type":"image\/webp"}],"twitter_card":"summary_large_image","twitter_misc":{"Tahmini okuma s\u00fcresi":"5 dakika"},"schema":{"@context":"https:\/\/schema.org","@graph":[{"@type":"WebPage","@id":"https:\/\/sxflightcase.com\/product\/drawer-storage-cabinet\/","url":"https:\/\/sxflightcase.com\/product\/drawer-storage-cabinet\/","name":"Drawer Storage Cabinet - https:\/\/sxflightcase.com \ud83d\udc97","isPartOf":{"@id":"https:\/\/sxflightcase.com\/th\/#website"},"primaryImageOfPage":{"@id":"https:\/\/sxflightcase.com\/product\/drawer-storage-cabinet\/#primaryimage"},"image":{"@id":"https:\/\/sxflightcase.com\/product\/drawer-storage-cabinet\/#primaryimage"},"thumbnailUrl":"https:\/\/sxflightcase.com\/wp-content\/uploads\/2024\/05\/drawer-storage-cabinet21238125372.webp","datePublished":"2024-05-10T07:26:33+00:00","dateModified":"2024-06-20T02:10:17+00:00","description":"\u00c7ekmeceli Saklama Dolab\u0131: \u0130htiya\u00e7lar\u0131n\u0131za g\u00f6re uyarlanm\u0131\u015f verimli organizasyon ve depolama \u00e7\u00f6z\u00fcmleri i\u00e7in m\u00fckemmel olan profesyonel \u00f6zelle\u015ftirme i\u00e7in fabrikada do\u011frudan se\u00e7enekleri ke\u015ffedin.","breadcrumb":{"@id":"https:\/\/sxflightcase.com\/product\/drawer-storage-cabinet\/#breadcrumb"},"inLanguage":"tr","potentialAction":[{"@type":"ReadAction","target":["https:\/\/sxflightcase.com\/product\/drawer-storage-cabinet\/"]}]},{"@type":"ImageObject","inLanguage":"tr","@id":"https:\/\/sxflightcase.com\/product\/drawer-storage-cabinet\/#primaryimage","url":"https:\/\/sxflightcase.com\/wp-content\/uploads\/2024\/05\/drawer-storage-cabinet21238125372.webp","contentUrl":"https:\/\/sxflightcase.com\/wp-content\/uploads\/2024\/05\/drawer-storage-cabinet21238125372.webp","width":750,"height":750,"caption":"Drawer Storage Cabinet"},{"@type":"BreadcrumbList","@id":"https:\/\/sxflightcase.com\/product\/drawer-storage-cabinet\/#breadcrumb","itemListElement":[{"@type":"ListItem","position":1,"name":"Home","item":"https:\/\/sxflightcase.com\/"},{"@type":"ListItem","position":2,"name":"\u0e2a\u0e34\u0e19\u0e04\u0e49\u0e32","item":"https:\/\/sxflightcase.com\/th\/shop\/"},{"@type":"ListItem","position":3,"name":"Drawer Storage Cabinet"}]},{"@type":"WebSite","@id":"https:\/\/sxflightcase.com\/th\/#website","url":"https:\/\/sxflightcase.com\/th\/","name":"sxpowercase.com","description":"U\u00e7u\u015f \u00c7antas\u0131 Fabrikas\u0131","publisher":{"@id":"https:\/\/sxflightcase.com\/th\/#organization"},"potentialAction":[{"@type":"SearchAction","target":{"@type":"EntryPoint","urlTemplate":"https:\/\/sxflightcase.com\/th\/?s={search_term_string}"},"query-input":{"@type":"PropertyValueSpecification","valueRequired":true,"valueName":"search_term_string"}}],"inLanguage":"tr"},{"@type":"Organization","@id":"https:\/\/sxflightcase.com\/th\/#organization","name":"sxpowercase.com","url":"https:\/\/sxflightcase.com\/th\/","logo":{"@type":"ImageObject","inLanguage":"tr","@id":"https:\/\/sxflightcase.com\/th\/#\/schema\/logo\/image\/","url":"https:\/\/sxflightcase.com\/wp-content\/uploads\/2024\/04\/1713919036007.jpg","contentUrl":"https:\/\/sxflightcase.com\/wp-content\/uploads\/2024\/04\/1713919036007.jpg","width":382,"height":388,"caption":"sxpowercase.com"},"image":{"@id":"https:\/\/sxflightcase.com\/th\/#\/schema\/logo\/image\/"},"sameAs":["https:\/\/www.facebook.com\/profile.php?id=61560407257971"],"numberOfEmployees":{"@type":"QuantitativeValue","minValue":"11","maxValue":"50"}}]}},"_links":{"self":[{"href":"https:\/\/sxflightcase.com\/tr\/wp-json\/wp\/v2\/product\/1810","targetHints":{"allow":["GET"]}}],"collection":[{"href":"https:\/\/sxflightcase.com\/tr\/wp-json\/wp\/v2\/product"}],"about":[{"href":"https:\/\/sxflightcase.com\/tr\/wp-json\/wp\/v2\/types\/product"}],"replies":[{"embeddable":true,"href":"https:\/\/sxflightcase.com\/tr\/wp-json\/wp\/v2\/comments?post=1810"}],"version-history":[{"count":0,"href":"https:\/\/sxflightcase.com\/tr\/wp-json\/wp\/v2\/product\/1810\/revisions"}],"wp:featuredmedia":[{"embeddable":true,"href":"https:\/\/sxflightcase.com\/tr\/wp-json\/wp\/v2\/media\/1811"}],"wp:attachment":[{"href":"https:\/\/sxflightcase.com\/tr\/wp-json\/wp\/v2\/media?parent=1810"}],"wp:term":[{"taxonomy":"product_brand","embeddable":true,"href":"https:\/\/sxflightcase.com\/tr\/wp-json\/wp\/v2\/product_brand?post=1810"},{"taxonomy":"product_cat","embeddable":true,"href":"https:\/\/sxflightcase.com\/tr\/wp-json\/wp\/v2\/product_cat?post=1810"},{"taxonomy":"product_tag","embeddable":true,"href":"https:\/\/sxflightcase.com\/tr\/wp-json\/wp\/v2\/product_tag?post=1810"}],"curies":[{"name":"wp","href":"https:\/\/api.w.org\/{rel}","templated":true}]}}